{"id":386,"date":"2023-04-05T15:44:31","date_gmt":"2023-04-05T08:44:31","guid":{"rendered":"https:\/\/mauweb.tamnguyen.vn\/thucphamchucnang6\/?post_type=product&#038;p=386"},"modified":"2023-04-05T16:31:02","modified_gmt":"2023-04-05T09:31:02","slug":"thai-doc-yo-detox","status":"publish","type":"product","link":"https:\/\/mauweb.tamnguyen.vn\/thucphamchucnang6\/thai-doc-yo-detox\/","title":{"rendered":"Th\u1ea3i \u0111\u1ed9c Yo Detox"},"content":{"rendered":"<p><strong>Song song v\u1edbi s\u1ef1 ph\u00e1t tri\u1ec3n v\u01b0\u1ee3t b\u1eadc c\u1ee7a x\u00e3 h\u1ed9i, l\u00e0 h\u00e0ng lo\u1ea1t nh\u1eefng b\u1ec7nh t\u1eadt nguy hi\u1ec3m lu\u00f4n r\u00ecnh r\u1eadp v\u00e0 \u0111e do\u1ea1 cu\u1ed9c s\u1ed1ng c\u1ee7a ch\u00fang ta. B\u1ea1n c\u00f3 bi\u1ebft r\u1eb1ng, b\u1ec7nh t\u1eadt kh\u00f4ng ph\u1ea3i t\u1ef1 d\u01b0ng n\u1ea3y sinh v\u00e0o m\u1ed9t ng\u00e0y n\u00e0o \u0111\u00f3, m\u00e0 ch\u00ednh l\u00e0 k\u1ebft qu\u1ea3 c\u1ee7a c\u1ea3 m\u1ed9t qu\u00e1 tr\u00ecnh t\u00edch t\u1ee5 ch\u1ea5t \u0111\u1ed9c l\u00e2u d\u00e0i tr\u01b0\u1edbc \u0111\u00f3 r\u1ed3i hay kh\u00f4ng?<\/strong><\/p>\n<p>C\u01a1 th\u1ec3 con ng\u01b0\u1eddi gi\u1ed1ng nh\u01b0 m\u1ed9t \u0111\u01b0\u1eddng \u1ed1ng n\u01b0\u1edbc th\u00f4ng su\u1ed1t v\u00e0 v\u1eadn h\u00e0nh kh\u00f4ng ng\u1eebng ngh\u1ec9. Th\u1ebf nh\u01b0ng, c\u00e1c c\u1eb7n b\u1ea9n c\u1ee9 m\u1eafc k\u1eb9t m\u1ed7i ng\u00e0y m\u1ed9t \u00edt trong \u0111\u00f3, l\u00e2u d\u1ea7n khi\u1ebfn c\u1ea3 m\u1ed9t h\u1ec7 th\u1ed1ng ph\u1ea3i d\u1eebng l\u1ea1i v\u00ec nh\u1eefng t\u1eafc ngh\u1ebdn kh\u00f4ng th\u1ec3 v\u01b0\u1ee3t qua. \u0110\u1ec3 ng\u0103n ng\u1eeba t\u00ecnh tr\u1ea1ng n\u00e0y di\u1ec5n ra, h\u00e3y y\u00eau c\u01a1 th\u1ec3 m\u00ecnh ngay t\u1eeb khi n\u00f3 c\u00f2n kho\u1ebb m\u1ea1nh. B\u1eb1ng c\u00e1ch lo\u1ea1i b\u1ecf nh\u1eefng ch\u1ea5t b\u1ea9n tr\u01b0\u1edbc khi n\u00f3 k\u1ecbp t\u00edch t\u1ee5 g\u00e2y ra nh\u1eefng h\u1eadu qu\u1ea3 \u0111\u00e3 n\u1eb7ng n\u1ec1.<\/p>\n<p><strong>Vi\u00ean th\u1ea3i \u0111\u1ed9c Yo Detox<\/strong>\u00a0c\u1ee7a B.O.T ch\u00ednh l\u00e0 gi\u1ea3i ph\u00e1p t\u1ed1i \u01b0u h\u00e0ng \u0111\u1ea7u trong vi\u1ec7c lo\u1ea1i b\u1ecf nh\u1eefng \u0111\u1ed9c t\u1ed1. Tr\u1ea3 l\u1ea1i cho b\u1ea1n m\u1ed9t c\u01a1 th\u1ec3 kho\u1ebb m\u1ea1nh, sung m\u00e3n, \u0111\u1ec3 t\u1ef1 tin t\u1eadn h\u01b0\u1edfng m\u1ed9t cu\u1ed9c \u0111\u1eddi nh\u01b0 m\u01a1.<\/p>\n<p><img loading=\"lazy\" decoding=\"async\" class=\"aligncenter wp-image-387 size-full\" src=\"https:\/\/mauweb.tamnguyen.vn\/thucphamchucnang6\/wp-content\/uploads\/2023\/04\/yo-detox-2.jpeg\" alt=\"\" width=\"850\" height=\"470\" srcset=\"https:\/\/mauweb.tamnguyen.vn\/thucphamchucnang6\/wp-content\/uploads\/2023\/04\/yo-detox-2.jpeg 850w, https:\/\/mauweb.tamnguyen.vn\/thucphamchucnang6\/wp-content\/uploads\/2023\/04\/yo-detox-2-300x166.jpeg 300w, https:\/\/mauweb.tamnguyen.vn\/thucphamchucnang6\/wp-content\/uploads\/2023\/04\/yo-detox-2-768x425.jpeg 768w, https:\/\/mauweb.tamnguyen.vn\/thucphamchucnang6\/wp-content\/uploads\/2023\/04\/yo-detox-2-600x332.jpeg 600w\" sizes=\"auto, (max-width: 850px) 100vw, 850px\" \/><\/p>\n<h2 id=\"ftoc-heading-1\" class=\"ftwp-heading\">Th\u1ea3i \u0111\u1ed9c t\u1ed1 Yo Detox \u2013 Cho m\u1ed9t c\u01a1 th\u1ec3 tinh khi\u1ebft<\/h2>\n<p>\u0110\u1ed1i v\u1edbi c\u01a1 th\u1ec3 c\u1ee7a ng\u01b0\u1eddi tr\u01b0\u1edfng th\u00e0nh chi\u1ebfm t\u1edbi 70% l\u00e0 n\u01b0\u1edbc v\u00e0 khi ch\u1ec9 s\u1ed1 n\u00e0y xu\u1ed1ng d\u01b0\u1edbi m\u1ee9c 50% th\u00ec c\u01a1 th\u1ec3 kh\u00f4ng c\u00f2n kh\u1ea3 n\u0103ng duy tr\u00ec s\u1ef1 s\u1ed1ng. V\u1eady th\u00ec n\u01b0\u1edbc l\u00e0 g\u00ec m\u00e0 l\u1ea1i quan tr\u1ecdng \u0111\u1ebfn th\u1ebf?<\/p>\n<p>N\u01b0\u1edbc b\u00ean trong c\u01a1 th\u1ec3 ch\u00ednh l\u00e0 to\u00e0n b\u1ed9 m\u00e1u, h\u1ec7 th\u1ed1ng m\u1ea1ch m\u00e1u, h\u1ec7 b\u1ea1ch huy\u1ebft c\u00f3 ch\u1ee9c n\u0103ng v\u1eadn chuy\u1ec3n oxy, hormone, ch\u1ea5t dinh d\u01b0\u1ee1ng v\u00e0o c\u00e1c c\u01a1 quan kh\u00e1c. Gi\u00fap c\u01a1 th\u1ec3 v\u1eadn h\u00e0nh v\u00e0 \u1ed5n \u0111\u1ecbnh tr\u1ea1ng th\u00e1i s\u1ee9c kho\u1ebb sung m\u00e3n.<\/p>\n<p>C\u01a1 th\u1ec3 m\u1ed7i ng\u01b0\u1eddi c\u00f3 t\u1edbi 6 b\u1ed9 ph\u00e2n \u0111\u1ea3m nhi\u1ec7m ch\u1ee9c n\u0103ng th\u1ea3i \u0111\u1ed9c: Gan, th\u1eadn, ph\u1ed5i, da, t\u00fai m\u1eadt, \u0111\u01b0\u1eddng ru\u1ed9t v\u1eady nh\u01b0ng d\u01b0\u1edbi t\u00e1c \u0111\u1ed9ng c\u1ee7a m\u00f4i tr\u01b0\u1eddng b\u1ecb \u00f4 nhi\u1ec5m. Ch\u1ebf \u0111\u1ed9 dinh d\u01b0\u1ee1ng sai l\u1ec7ch, s\u1ee9c kho\u1ebb tinh th\u1ea7n suy y\u1ebfu, l\u1ed1i sinh ho\u1ea1t kh\u00f4ng khoa h\u1ecdc \u0111\u00e3 \u1ea3nh h\u01b0\u1edfng \u0111\u1ebfn \u0111\u1ed9 s\u1ea1ch c\u1ee7a h\u1ec7 th\u1ed1ng n\u01b0\u1edbc trong c\u01a1 th\u1ec3. D\u1eabn \u0111\u1ebfn t\u00ecnh tr\u1ea1ng thi\u1ebfu h\u1ee5t vi ch\u1ea5t nghi\u00eam tr\u1ecdng, \u0111\u00e2y ch\u00ednh l\u00e0 nguy\u00ean nh\u00e2n d\u1eabn \u0111\u1ebfn c\u00e1c b\u1ec7nh l\u00fd m\u1ea1n t\u00ednh kh\u00f4ng l\u00e2y lan v\u00e0 t\u0103ng t\u1ef7 l\u1ec7 t\u1eed vong do b\u1ec7nh t\u1eadt.<\/p>\n<p><strong>Th\u1ea3i \u0111\u1ed9c t\u1ed1 Yo Detox<\/strong>\u00a0mang \u0111\u1ebfn ph\u01b0\u01a1ng ph\u00e1p ch\u0103m s\u00f3c t\u1eadn s\u00e2u t\u1eebng t\u1ebf b\u00e0o trong c\u01a1 th\u1ec3. S\u1eed d\u1ee5ng\u00a0<strong>c\u00f4ng ngh\u1ec7 Pure Origin<\/strong>\u00a0\u0111\u01b0a c\u00e1c d\u01b0\u1ee1ng ch\u1ea5t t\u1eeb t\u1ef1 nhi\u00ean v\u00e0o \u0111\u01b0\u1eddng m\u00e1u, l\u00e0m s\u1ea1ch to\u00e0n b\u1ed9 h\u1ec7 th\u1ed1ng n\u01b0\u1edbc trong c\u01a1 th\u1ec3. V\u00e0 gi\u1ea3m thi\u1ec3u t\u1ed1i \u0111a s\u1ef1 \u1ee9 \u0111\u1ecdng \u00e1ch t\u1eafc \u0111\u1ea3m b\u1ea3o cho h\u1ec7 h\u00f4 h\u1ea5p \u2013 h\u1ec7 ti\u00eau ho\u00e1 \u2013 h\u1ec7 b\u00e0i ti\u1ebft \u2013 h\u1ec7 n\u1ed9i ti\u1ebft \u0111\u01b0\u1ee3c ho\u1ea1t \u0111\u1ed9ng tr\u01a1n tru v\u00e0 hi\u1ec7u qu\u1ea3. \u0110\u1ea3m b\u1ea3o s\u1ee9c kho\u1ebb tinh khi\u1ebft \u0111\u1ea7y sung m\u00e3n.<\/p>\n<h2 id=\"ftoc-heading-2\" class=\"ftwp-heading\">Th\u00e0nh ph\u1ea7n v\u00e0 l\u1ee3i \u00edch tuy\u1ec7t v\u1eddi c\u1ee7a Yo Detox<\/h2>\n<p>B.O.T \u0111\u00e3 cho ra m\u1eaft s\u1ea3n ph\u1ea9m Yo Detox v\u1edbi chi\u1ebft xu\u1ea5t 100%\u00a0 t\u1eeb thi\u00ean nhi\u00ean, v\u1edbi nh\u1eefng th\u00e0nh ph\u1ea7n l\u00e0nh t\u00ednh t\u1eeb c\u00e2y linh l\u0103ng, rau bina, l\u00faa m\u00ec..<\/p>\n<p><strong>C\u1ecf linh l\u0103ng\u00a0<\/strong><\/p>\n<p>C\u00e1c saponin c\u00f3 trong c\u1ecf linh l\u0103ng l\u00e0m gi\u1ea3m n\u1ed3ng \u0111\u1ed9 cholesterol trong huy\u1ebft t\u01b0\u01a1ng. Gi\u1ea3m kh\u1ea3 n\u0103ng h\u1ea5p th\u1ee5 cholesterol trong \u0111\u01b0\u1eddng ru\u1ed9t, t\u0103ng b\u00e0i ti\u1ebft steroid ng\u0103n ng\u1eeba nguy c\u01a1 ch\u1ee9ng x\u01a1 v\u1eefa \u0111\u1ed9ng m\u1ea1ch. B\u00ean c\u1ea1nh \u0111\u00f3 n\u1ed3ng \u0111\u1ed9 saponin t\u1eeb c\u1ecf linh l\u0103ng c\u00f2n c\u00f3 t\u00e1c d\u1ee5ng ch\u1ed1ng l\u1ea1i c\u00e1c lo\u1ea1i vi khu\u1ea9n v\u00e0 n\u1ea5m. Gi\u1ea3m thi\u1ec3u t\u00ecnh tr\u1ea1ng vi\u00eam nhi\u1ec5m \u0111\u00e1ng k\u1ec3, l\u00e0m l\u00e0nh nhanh ch\u00f3ng c\u00e1c v\u1ebft th\u01b0\u01a1ng h\u1edf.<\/p>\n<h4 id=\"ftoc-heading-3\" class=\"ftwp-heading\"><strong>Rau bina\u00a0<\/strong><\/h4>\n<p>Trong lo\u1ea1i rau bina c\u00f3 ngu\u1ed3n g\u1ed1c t\u1eeb Ba T\u01b0 s\u1edf h\u1eefu l\u00e0m l\u01b0\u1ee3ng vitamin C, vitamin E v\u00e0 ch\u1ea5t carotenoid r\u1ea5t cao c\u00f3 kh\u1ea3 n\u0103ng ch\u1ed1ng oxy h\u00f3a m\u1ea1nh. Kh\u1ed1ng ch\u1ebf c\u00e1c t\u1ebf b\u00e0o ung th\u01b0 \u00e1c t\u00ednh v\u00e0 ng\u0103n ch\u1eb7n s\u1ef1 ph\u00e1t tri\u1ec3n c\u1ee7a c\u00e1c kh\u1ed1i u. Kh\u1ea3 n\u0103ng l\u00e0m s\u1ea1ch h\u1ec7 ti\u00eau ho\u00e1 t\u1eeb h\u00e0m l\u01b0\u1ee3ng ch\u1ea5t x\u01a1 c\u00f3 trong rau bina. Duy tr\u00ec l\u01b0\u1ee3ng ki\u1ec1m trong m\u00e1u v\u00e0 l\u00e0m s\u1ea1ch nhi\u1ec1u m\u00f4 trong c\u01a1 th\u1ec3 \u0111\u00e3 \u0111\u01b0\u1ee3c nghi\u00ean c\u1ee9u nhi\u1ec1u t\u1eeb lo\u1ea1i rau n\u00e0y. B\u00ean c\u1ea1nh \u0111\u00f3 trong rau bina c\u00f3 ch\u1ee9a nhi\u1ec1u ch\u1ea5t c\u00f3 vai tr\u00f2 h\u00ecnh th\u00e0nh insulin, t\u1eeb \u0111\u00f3 gi\u00e1n ti\u1ebfp \u0111i\u1ec1u h\u00f2a l\u01b0\u1ee3ng \u0111\u01b0\u1eddng trong m\u00e1u, h\u1ed7 tr\u1ee3 \u0111\u00e0o th\u1ea3i \u0111\u1ed9c t\u1ed1 ra kh\u1ecfi c\u01a1 th\u1ec3 hi\u1ec7u qu\u1ea3.<\/p>\n<h4 id=\"ftoc-heading-4\" class=\"ftwp-heading\"><strong>C\u1ecf l\u00faa m\u00ec<\/strong><\/h4>\n<p>C\u1ecf l\u00faa m\u00ec \u0111\u01b0\u1ee3c c\u00f4ng nh\u1eadn l\u00e0 lo\u1ea1i th\u1ef1c ph\u1ea9m ph\u00f2ng ch\u1ed1ng ung th\u01b0 tuy\u1ec7t v\u1eddi khi ch\u1ee9a c\u00e1c enzyme P4D1, acid Abscisic l\u00e0m t\u0103ng s\u1ee9c \u0111\u1ec1 kh\u00e1ng, ch\u1ed1ng ung th\u01b0 v\u00e0 ph\u00e2n hu\u1ef7 t\u1ebf b\u00e0o ung th\u01b0 hi\u1ec7u qu\u1ea3. H\u00e0m l\u01b0\u1ee3ng chlorophyll cao gi\u00fap ki\u1ec1m ho\u00e1 m\u00e1u v\u00e0 l\u00e0m c\u00e1c t\u1ebf b\u00e0o ung th\u01b0 r\u1ea5t kh\u00f3 ph\u00e1t tri\u1ec3n. T\u1ed5 h\u1ee3p c\u00e1c ch\u1ea5t ch\u1ed1ng oxy ho\u00e1 c\u1ef1c m\u1ea1nh: SOD, vitamin E,C Carotenoids, Bioflavonoids v\u00e0 Phytochemical, c\u0169ng nh\u01b0 c\u00e1c Enzyme kh\u00e1c c\u00f3 t\u00e1c d\u1ee5ng ng\u0103n ng\u1eeba s\u1ef1 h\u1ee7y ho\u1ea1i c\u1ee7a t\u1ebf b\u00e0o c\u0169ng nh\u01b0 s\u1ef1 \u0111\u1ed9t bi\u1ebfn c\u1ee7a t\u1ebf b\u00e0o. C\u00e1c Enzyme trong c\u1ecf l\u00faa m\u00ec c\u00f3 t\u00e1c d\u1ee5ng kh\u1eed ch\u1ea5t Benzopyrene g\u00e2y K \u0111\u01b0\u1ee3c t\u1ea1o ra do th\u1ecbt, c\u00e1 hun kh\u00f3i ho\u1eb7c chi\u00ean n\u01b0\u1edbng tr\u00ean than c\u1ee7i.<\/p>\n<p><img loading=\"lazy\" decoding=\"async\" class=\"aligncenter wp-image-388 size-full\" src=\"https:\/\/mauweb.tamnguyen.vn\/thucphamchucnang6\/wp-content\/uploads\/2023\/04\/thai-doc-yo-detox-1.jpeg\" alt=\"\" width=\"840\" height=\"729\" srcset=\"https:\/\/mauweb.tamnguyen.vn\/thucphamchucnang6\/wp-content\/uploads\/2023\/04\/thai-doc-yo-detox-1.jpeg 840w, https:\/\/mauweb.tamnguyen.vn\/thucphamchucnang6\/wp-content\/uploads\/2023\/04\/thai-doc-yo-detox-1-300x260.jpeg 300w, https:\/\/mauweb.tamnguyen.vn\/thucphamchucnang6\/wp-content\/uploads\/2023\/04\/thai-doc-yo-detox-1-768x667.jpeg 768w, https:\/\/mauweb.tamnguyen.vn\/thucphamchucnang6\/wp-content\/uploads\/2023\/04\/thai-doc-yo-detox-1-600x521.jpeg 600w\" sizes=\"auto, (max-width: 840px) 100vw, 840px\" \/><\/p>\n<h2 id=\"ftoc-heading-5\" class=\"ftwp-heading\">C\u00f4ng d\u1ee5ng v\u01b0\u1ee3t tr\u1ed9i c\u1ee7a Yo Detox<\/h2>\n<p>\u0110\u1ec3 t\u0103ng c\u01b0\u1eddng s\u1ee9c kho\u1ebb \u1edf nhi\u1ec1u ng\u01b0\u1eddi, s\u1ea3n ph\u1ea9m Yo Detox ra \u0111\u1eddi nh\u1eb1m b\u1ea3o v\u1ec7 s\u1ee9c kho\u1ebb c\u1ee7a ng\u01b0\u1eddi d\u00f9ng. Kh\u1ed1ng ch\u1ebf c\u00e1c t\u1ebf b\u00e0o ung th\u01b0 \u00e1c t\u00ednh, h\u1ed7 tr\u1ee3 \u0111\u00e0o th\u1ea3i \u0111\u1ed9c t\u1ed1 ra kh\u1ecfi c\u01a1 th\u1ec3. C\u00f9ng xem th\u00eam nh\u1eefng c\u00f4ng d\u1ee5ng c\u1ee7a Yo Detox nh\u00e9:<\/p>\n<ul>\n<li>L\u00e0m t\u0103ng l\u01b0u l\u01b0\u1ee3ng m\u00e1u, t\u0103ng h\u00e0m l\u01b0\u1ee3ng Oxygen, gi\u00fap c\u01a1 th\u1ec3 l\u00e0m s\u1ea1ch \u0111\u1ed9c t\u1ed1 v\u00e0 t\u1ea1p ch\u1ea5t.<\/li>\n<li><strong>Yo Detox<\/strong>\u00a0k\u00edch th\u00edch t\u0103ng t\u1ea1o Hemoglobin. Hemoglobin k\u1ebft h\u1ee3p v\u1edbi O2 v\u00e0 CO2 v\u1eadn chuy\u1ec3n \u0111\u1ebfn c\u00e1c m\u00f4 \u0111\u1ec3 nu\u00f4i d\u01b0\u1ee1ng t\u1ebf b\u00e0o v\u00e0 th\u1ea3i c\u00e1c ch\u1ea5t c\u1eb7n b\u00e3 (kh\u00ed th\u1eeba v\u00e0 ch\u1ea5t \u0111\u1ed9c).<br \/>\nK\u00edch th\u00edch nhu\u1eadn tr\u00e0ng, t\u0103ng nhu \u0111\u1ed9ng, tr\u1ee3 gi\u00fap l\u00e0m s\u1ea1ch \u0111\u1ea1i tr\u00e0ng.<\/li>\n<li>T\u00e1c d\u1ee5ng ch\u1ed1ng oxy h\u00f3a, ph\u00e2n gi\u1ea3i c\u00e1c g\u1ed1c t\u1ef1 do n\u00ean c\u00f3 t\u00e1c d\u1ee5ng ch\u1ed1ng vi\u00eam, tho\u00e1i h\u00f3a m\u1ea1ch m\u00e1u v\u00e0 c\u01a1 tim, l\u00e0m t\u0103ng c\u01b0\u1eddng s\u1ee9c kh\u1ecfe tim m\u1ea1ch.<\/li>\n<li>Gi\u00fap l\u00e0m gi\u1ea3m Cholesterol trong m\u00e1u, do \u0111\u00f3 l\u00e0m gi\u1ea3m nguy c\u01a1 v\u1eefa x\u01a1 \u0111\u1ed9ng m\u1ea1ch, gi\u1ea3m c\u00e1c b\u1ec7nh tim m\u1ea1ch.<\/li>\n<li>T\u00e1c d\u1ee5ng ch\u1ed1ng nhi\u1ec5m tr\u00f9ng r\u0103ng mi\u1ec7ng, lo\u1ea1i b\u1ecf c\u00e1c vi khu\u1ea9n trong n\u01b0\u1edbc b\u1ecdt, c\u01a1 mi\u1ec7ng, b\u1ec1 m\u1eb7t r\u0103ng, t\u1ea9y b\u1ecf c\u00e1c m\u1ea3ng b\u00e1m quanh r\u0103ng.<\/li>\n<li>Gi\u00fap l\u00e0m t\u0103ng c\u01b0\u1eddng ph\u00e1t tri\u1ec3n c\u00e1c vi khu\u1ea9n \u01b0a axit \u1edf \u0111\u01b0\u1eddng ru\u1ed9t, l\u00e0 lo\u1ea1i vi khu\u1ea9n c\u00f3 l\u1ee3i, thu\u1ed9c lo\u1ea1i vi khu\u1ea9n t\u1ef1 nhi\u00ean, c\u1ea7n oxy \u0111\u1ec3 sinh s\u00f4i ph\u00e1t tri\u1ec3n. \u0110\u1ed3ng th\u1eddi \u1ee9c ch\u1ebf vi khu\u1ea9n c\u00f3 h\u1ea1i, t\u1eeb \u0111\u00f3 c\u00f3 t\u00e1c d\u1ee5ng t\u0103ng c\u01b0\u1eddng ch\u1ee9c n\u0103ng \u0111\u01b0\u1eddng ru\u1ed9t, ch\u1ee9c n\u0103ng \u0111\u1ea1i tr\u00e0ng.<\/li>\n<li>C\u00f3 t\u00e1c d\u1ee5ng ch\u1ed1ng t\u00e1o b\u00f3n. V\u00e0 \u0110\u1eb7c bi\u1ec7t c\u00f3 hi\u1ec7u qu\u1ea3 trong vi\u1ec7c gi\u1ea3i \u0111\u1ed9c r\u01b0\u1ee3u.<\/li>\n<\/ul>\n<h2 id=\"ftoc-heading-6\" class=\"ftwp-heading\">Review vi\u00ean th\u1ea3i \u0111\u1ed9c Yo Detox c\u00f3 t\u1ed1t kh\u00f4ng?<\/h2>\n<h4 id=\"ftoc-heading-7\" class=\"ftwp-heading\"><strong>Yo Detox \u2013 K\u1ebb th\u00f9 c\u1ee7a ti\u1ebft giao m\u00f9a<\/strong><\/h4>\n<p><strong>Anh Minh chia s\u1ebb:<\/strong>\u00a0C\u01a1 \u0111\u1ecba t\u00f4i s\u1ee9c \u0111\u1ec1 kh\u00e1ng k\u00e9m n\u00ean hay b\u1ecb \u1ed1m, nh\u1ea5t l\u00e0 nh\u1eefng l\u00fac th\u1eddi ti\u1ebft thay \u0111\u1ed5i, nh\u1eefng c\u01a1n ho v\u00e0 c\u1ea3m c\u00fam day d\u1ee9t m\u00e3i kh\u00f4ng kh\u1ecfi. T\u00f4i ph\u1ea3i d\u00f9ng \u0111\u1ebfn kh\u00e1ng sinh \u0111\u1ec3 u\u1ed1ng cho nh\u1eefng l\u1ea7n giao m\u00f9a, do d\u00f9ng nhi\u1ec1u thu\u1ed1c kh\u00e1ng sinh n\u00ean c\u01a1 th\u1ec3 t\u00f4i b\u1ecb nh\u1eddn thu\u1ed1c v\u00e0 s\u1ee9c \u0111\u1ec1 kh\u00e1ng ng\u00e0y m\u1ed9t gi\u1ea3m. \u0110\u1ebfn khi t\u00f4i bi\u1ebft v\u00e0 s\u1eed d\u1ee5ng Yo Detox th\u00ec c\u01a1 th\u1ec3 c\u1ee7a t\u00f4i l\u1ea1i tr\u1edf n\u00ean kho\u1ebb, t\u0103ng \u0111\u1ec1 kh\u00e1ng, \u00edt khi b\u1ecb \u1ed1m v\u00e0 g\u1ea7n nh\u01b0 kh\u00f4ng ph\u1ea3i d\u00f9ng \u0111\u1ebfn thu\u1ed1c kh\u00e1ng sinh n\u1eefa.<\/p>\n<p>V\u1edbi th\u00e0nh ph\u1ea7n chi\u1ebft xu\u1ea5t t\u1eeb t\u1ef1 nhi\u00ean nh\u01b0 c\u1ecf linh l\u0103ng, rau bina v\u00e0 \u0111\u1eb7c bi\u1ec7t l\u00e0 c\u1ecf l\u00faa m\u00ec \u0111\u01b0\u1ee3c c\u00f4ng nh\u1eadn l\u00e0 lo\u1ea1i th\u1ef1c ph\u1ea9m ph\u00f2ng ch\u1ed1ng ung th\u01b0 tuy\u1ec7t v\u1eddi khi ch\u1ee9a c\u00e1c enzyme P4D1, acid Abscisic l\u00e0m t\u0103ng s\u1ee9c \u0111\u1ec1 kh\u00e1ng. Yo Detox s\u1ebd l\u00e0 m\u1ed9t t\u1ea5m l\u00e1 ch\u1eafn b\u1ea3o v\u1ec7 c\u01a1 th\u1ec3 c\u1ee7a m\u1ed7i ch\u00fang ta ch\u1ed1ng l\u1ea1i nh\u1eefng vi khu\u1ea9n t\u1eeb b\u00ean ngo\u00e0i x\u00e2m nh\u1eadp v\u00e0o b\u00ean trong con ng\u01b0\u1eddi ch\u00fang ta.<\/p>\n<h4 id=\"ftoc-heading-8\" class=\"ftwp-heading\"><strong>Ng\u01b0\u1eddi t\u00e1o b\u00f3n nh\u1ea5t \u0111\u1ecbnh ph\u1ea3i c\u00f3 tr\u1ee3 th\u1ee7 Yo Detox<\/strong><\/h4>\n<p><strong>Ch\u1ecb Thanh chia s\u1ebb:<\/strong>\u00a0\u0110\u1ea1i tr\u00e0ng \u0111\u00e3 khi\u1ebfn cho cu\u1ed9c s\u1ed1ng c\u1ee7a t\u00f4i b\u1ecb stress, do b\u1ecb vi\u00eam \u0111\u1ea1i tr\u00e0ng, c\u00e1c ch\u1ee9c n\u0103ng c\u1ee7a \u0111\u1ea1i tr\u00e0ng b\u1ecb r\u1ed1i lo\u1ea1n, t\u1eeb \u0111\u00f3 n\u00f3 \u0111\u00e3 g\u00e2y ra t\u00e1o b\u00f3n. Qu\u00e1 3 ng\u00e0y t\u00f4i kh\u00f4ng th\u1ec3 \u0111\u1ea1i ti\u1ec7n \u0111\u01b0\u1ee3c, m\u1ed7i l\u1ea7n \u0111i WC l\u00e0 nh\u01b0 m\u1ed9t cu\u1ed9c b\u1ecb tra t\u1ea5n khi\u1ebfn cho c\u01a1 th\u1ec3 c\u1ee7a t\u00f4i kh\u00f4 h\u00e9o, kh\u00f4ng t\u0103ng \u0111\u01b0\u1ee3c c\u00e2n.<\/p>\n<p>Th\u1eddi gian \u0111\u00f3 t\u00f4i \u0111\u00e3 t\u00ecm c\u00e1ch gi\u1ea3i quy\u1ebft v\u1ea5n \u0111\u1ec1 cho m\u00ecnh v\u00e0 Yo Detox l\u00e0 ch\u00e2n \u00e1i c\u1ee9u c\u00e1nh cho cu\u1ed9c \u0111\u1eddi t\u00f4i. Sau khi t\u00ecm hi\u1ec3u v\u1ec1 th\u00e0nh ph\u1ea7n v\u00e0 c\u00f4ng d\u1ee5ng t\u00f4i \u0111\u00e3 b\u1eaft \u0111\u1ea7u s\u1eed d\u1ee5ng s\u1ea3n ph\u1ea9m v\u00e0 k\u1ebft qu\u1ea3 l\u00e0 t\u00f4i \u0111\u00e3 c\u1ea3i thi\u1ec7n \u0111\u01b0\u1ee3c h\u1ec7 ti\u00eau ho\u00e1, m\u1ed7i l\u1ea7n t\u00f4i \u0111i \u0111\u1ea1i ti\u1ec7n kh\u00f4ng c\u00f2n kh\u00f3 kh\u0103n nh\u01b0 tr\u01b0\u1edbc n\u1eefa. Trong th\u00e0nh ph\u1ea7n c\u00f2n c\u00f3 lo\u1ea1i rau bina c\u00f3 ngu\u1ed3n g\u1ed1c t\u1eeb Ba T\u01b0 t\u00e1c d\u1ee5ng l\u00e0m s\u1ea1ch h\u1ec7 ti\u00eau ho\u00e1 t\u1eeb h\u00e0m l\u01b0\u1ee3ng ch\u1ea5t x\u01a1 c\u00f3 trong rau bina. Duy tr\u00ec l\u01b0\u1ee3ng ki\u1ec1m trong m\u00e1u v\u00e0 l\u00e0m s\u1ea1ch nhi\u1ec1u m\u00f4 trong c\u01a1 th\u1ec3 \u0111\u00e3 \u0111\u01b0\u1ee3c nghi\u00ean c\u1ee9u nhi\u1ec1u t\u1eeb lo\u1ea1i rau n\u00e0y.<\/p>\n<p><strong>Vi\u00ean th\u1ea3i \u0111\u1ed9c Yo Detox<\/strong>\u00a0c\u1ee7a B.O.T s\u1ebd l\u00e0 m\u1ed9t trong nh\u1eefng l\u1ef1a ch\u1ecdn t\u1ed1t nh\u1ea5t gi\u00fap c\u01a1 th\u1ec3 th\u1ea3i \u0111\u1ed9c ra b\u00ean ngo\u00e0i.<\/p>\n","protected":false},"excerpt":{"rendered":"<p><strong>Th\u1ea3i \u0111\u1ed9c t\u1ed1 Yo Detox<\/strong>\u00a0mang \u0111\u1ebfn ph\u01b0\u01a1ng ph\u00e1p ch\u0103m s\u00f3c t\u1eadn s\u00e2u t\u1eebng t\u1ebf b\u00e0o trong c\u01a1 th\u1ec3. S\u1eed d\u1ee5ng\u00a0<strong>c\u00f4ng ngh\u1ec7 Pure Origin<\/strong>\u00a0\u0111\u01b0a c\u00e1c d\u01b0\u1ee1ng ch\u1ea5t t\u1eeb t\u1ef1 nhi\u00ean v\u00e0o \u0111\u01b0\u1eddng m\u00e1u, l\u00e0m s\u1ea1ch to\u00e0n b\u1ed9 h\u1ec7 th\u1ed1ng n\u01b0\u1edbc trong c\u01a1 th\u1ec3. V\u00e0 gi\u1ea3m thi\u1ec3u t\u1ed1i \u0111a s\u1ef1 \u1ee9 \u0111\u1ecdng \u00e1ch t\u1eafc \u0111\u1ea3m b\u1ea3o cho h\u1ec7 h\u00f4 h\u1ea5p \u2013 h\u1ec7 ti\u00eau ho\u00e1 \u2013 h\u1ec7 b\u00e0i ti\u1ebft \u2013 h\u1ec7 n\u1ed9i ti\u1ebft \u0111\u01b0\u1ee3c ho\u1ea1t \u0111\u1ed9ng tr\u01a1n tru v\u00e0 hi\u1ec7u qu\u1ea3. \u0110\u1ea3m b\u1ea3o s\u1ee9c kho\u1ebb tinh khi\u1ebft \u0111\u1ea7y sung m\u00e3n.<\/p>\n","protected":false},"featured_media":339,"comment_status":"open","ping_status":"closed","template":"","meta":[],"product_brand":[],"product_cat":[18],"product_tag":[],"class_list":{"0":"post-386","1":"product","2":"type-product","3":"status-publish","4":"has-post-thumbnail","6":"product_cat-san-pham","8":"first","9":"instock","10":"shipping-taxable","11":"purchasable","12":"product-type-simple"},"_links":{"self":[{"href":"https:\/\/mauweb.tamnguyen.vn\/thucphamchucnang6\/wp-json\/wp\/v2\/product\/386","targetHints":{"allow":["GET"]}}],"collection":[{"href":"https:\/\/mauweb.tamnguyen.vn\/thucphamchucnang6\/wp-json\/wp\/v2\/product"}],"about":[{"href":"https:\/\/mauweb.tamnguyen.vn\/thucphamchucnang6\/wp-json\/wp\/v2\/types\/product"}],"replies":[{"embeddable":true,"href":"https:\/\/mauweb.tamnguyen.vn\/thucphamchucnang6\/wp-json\/wp\/v2\/comments?post=386"}],"wp:featuredmedia":[{"embeddable":true,"href":"https:\/\/mauweb.tamnguyen.vn\/thucphamchucnang6\/wp-json\/wp\/v2\/media\/339"}],"wp:attachment":[{"href":"https:\/\/mauweb.tamnguyen.vn\/thucphamchucnang6\/wp-json\/wp\/v2\/media?parent=386"}],"wp:term":[{"taxonomy":"product_brand","embeddable":true,"href":"https:\/\/mauweb.tamnguyen.vn\/thucphamchucnang6\/wp-json\/wp\/v2\/product_brand?post=386"},{"taxonomy":"product_cat","embeddable":true,"href":"https:\/\/mauweb.tamnguyen.vn\/thucphamchucnang6\/wp-json\/wp\/v2\/product_cat?post=386"},{"taxonomy":"product_tag","embeddable":true,"href":"https:\/\/mauweb.tamnguyen.vn\/thucphamchucnang6\/wp-json\/wp\/v2\/product_tag?post=386"}],"curies":[{"name":"wp","href":"https:\/\/api.w.org\/{rel}","templated":true}]}}