{"id":382,"date":"2023-04-05T15:42:43","date_gmt":"2023-04-05T08:42:43","guid":{"rendered":"https:\/\/mauweb.tamnguyen.vn\/thucphamchucnang6\/?post_type=product&#038;p=382"},"modified":"2023-04-05T15:53:07","modified_gmt":"2023-04-05T08:53:07","slug":"giam-can-yo-slim","status":"publish","type":"product","link":"https:\/\/mauweb.tamnguyen.vn\/thucphamchucnang6\/giam-can-yo-slim\/","title":{"rendered":"Gi\u1ea3m c\u00e2n Yo Slim"},"content":{"rendered":"<table class=\"woocommerce-product-attributes shop_attributes\">\n<tbody>\n<tr class=\"woocommerce-product-attributes-item woocommerce-product-attributes-item--attribute_pa_thuong-hieu\">\n<th class=\"woocommerce-product-attributes-item__label\">Nh\u00e3n hi\u1ec7u<\/th>\n<td class=\"woocommerce-product-attributes-item__value\">Yo Slim<\/td>\n<\/tr>\n<tr class=\"woocommerce-product-attributes-item woocommerce-product-attributes-item--attribute_pa_loai\">\n<th class=\"woocommerce-product-attributes-item__label\">Lo\u1ea1i<\/th>\n<td class=\"woocommerce-product-attributes-item__value\">Vi\u00ean u\u1ed1ng gi\u1ea3m c\u00e2n<\/td>\n<\/tr>\n<tr class=\"woocommerce-product-attributes-item woocommerce-product-attributes-item--attribute_pa_chuc-nang\">\n<th class=\"woocommerce-product-attributes-item__label\">Ch\u1ee9c n\u0103ng<\/th>\n<td class=\"woocommerce-product-attributes-item__value\">H\u1ed7 tr\u1ee3 gi\u1ea3m c\u00e2n<\/td>\n<\/tr>\n<tr class=\"woocommerce-product-attributes-item woocommerce-product-attributes-item--attribute_pa_thanh-phan\">\n<th class=\"woocommerce-product-attributes-item__label\">Th\u00e0nh ph\u1ea7n<\/th>\n<td class=\"woocommerce-product-attributes-item__value\">Th\u1ea3o m\u1ed9c thi\u00ean nhi\u00ean<\/td>\n<\/tr>\n<tr class=\"woocommerce-product-attributes-item woocommerce-product-attributes-item--attribute_pa_xuat-xu\">\n<th class=\"woocommerce-product-attributes-item__label\">Xu\u1ea5t x\u1ee9<\/th>\n<td class=\"woocommerce-product-attributes-item__value\">Vi\u1ec7t Nam<\/td>\n<\/tr>\n<tr class=\"woocommerce-product-attributes-item woocommerce-product-attributes-item--attribute_pa_chiu-trach-nhiem-san-xuat\">\n<th class=\"woocommerce-product-attributes-item__label\">Ch\u1ecbu tr\u00e1ch nhi\u1ec7m s\u1ea3n xu\u1ea5t<\/th>\n<td class=\"woocommerce-product-attributes-item__value\">C\u00f4ng ty c\u1ed5 ph\u1ea7n d\u01b0\u1ee3c ph\u1ea9m Top Queen Vi\u1ec7t Nam<\/td>\n<\/tr>\n<tr class=\"woocommerce-product-attributes-item woocommerce-product-attributes-item--attribute_pa_dia-chi-san-xuat\">\n<th class=\"woocommerce-product-attributes-item__label\">\u0110\u1ecba ch\u1ec9 s\u1ea3n xu\u1ea5t<\/th>\n<td class=\"woocommerce-product-attributes-item__value\">\u00d4 01\/l\u00f4 15 \u0110i\u1ec3m c\u00f4ng nghi\u1ec7p l\u00e0ng ngh\u1ec1, X\u00e3 Duy\u00ean Th\u00e1i, Huy\u1ec7n Th\u01b0\u1eddng T\u00edn, H\u00e0 N\u1ed9i<\/td>\n<\/tr>\n<tr class=\"woocommerce-product-attributes-item woocommerce-product-attributes-item--attribute_pa_chiu-trach-nhiem-phan-phoi\">\n<th class=\"woocommerce-product-attributes-item__label\">Ch\u1ecbu tr\u00e1ch nhi\u1ec7m ph\u00e2n ph\u1ed1i<\/th>\n<td class=\"woocommerce-product-attributes-item__value\">C\u00f4ng ty c\u1ed5 ph\u1ea7n \u0111\u1ea7u t\u01b0 TM &amp; DV Thi\u00ean Kim Group<\/td>\n<\/tr>\n<tr class=\"woocommerce-product-attributes-item woocommerce-product-attributes-item--attribute_pa_tieu-chuan\">\n<th class=\"woocommerce-product-attributes-item__label\">Ti\u00eau chu\u1ea9n<\/th>\n<td class=\"woocommerce-product-attributes-item__value\">TCCS<\/td>\n<\/tr>\n<tr class=\"woocommerce-product-attributes-item woocommerce-product-attributes-item--attribute_pa_mau-san-pham\">\n<th class=\"woocommerce-product-attributes-item__label\">M\u1eabu s\u1ea3n ph\u1ea9m<\/th>\n<td class=\"woocommerce-product-attributes-item__value\">D\u1ea1ng vi\u00ean<\/td>\n<\/tr>\n<tr class=\"woocommerce-product-attributes-item woocommerce-product-attributes-item--attribute_pa_quy-cach\">\n<th class=\"woocommerce-product-attributes-item__label\">Quy c\u00e1ch<\/th>\n<td class=\"woocommerce-product-attributes-item__value\">H\u1ed9p 30 vi\u00ean<\/td>\n<\/tr>\n<tr class=\"woocommerce-product-attributes-item woocommerce-product-attributes-item--attribute_pa_huong-vi\">\n<th class=\"woocommerce-product-attributes-item__label\">H\u01b0\u01a1ng v\u1ecb<\/th>\n<td class=\"woocommerce-product-attributes-item__value\">Kh\u00f4ng m\u00f9i<\/td>\n<\/tr>\n<tr class=\"woocommerce-product-attributes-item woocommerce-product-attributes-item--attribute_pa_han-su-dung\">\n<th class=\"woocommerce-product-attributes-item__label\">H\u1ea1n s\u1eed d\u1ee5ng<\/th>\n<td class=\"woocommerce-product-attributes-item__value\">24 th\u00e1ng<\/td>\n<\/tr>\n<\/tbody>\n<\/table>\n<p><strong>V\u00f3c d\u00e1ng l\u00e0 m\u1ed9t trong nh\u1eefng \u0111i\u1ec1u t\u1ea1o n\u00ean s\u1ef1 cu\u1ed1n h\u00fat, t\u1ef1 tin cho ng\u01b0\u1eddi ph\u1ee5 n\u1eef. \u0110\u00e3 l\u00e0 ph\u1ee5 n\u1eef ai c\u0169ng mong s\u1edf h\u1eefu \u0111\u01b0\u1ee3c v\u00f3c d\u00e1ng ch\u1eef S \u0111\u1ea7y quy\u1ebfn r\u0169, v\u1ea1n ng\u01b0\u1eddi m\u00ea. Nh\u01b0ng c\u00f3 m\u1ed9t \u0111i\u1ec1u \u0111\u00e1ng bu\u1ed3n l\u00e0 kh\u00f4ng ph\u1ea3i ai c\u0169ng c\u00f3 v\u00f3c d\u00e1ng \u0111\u1eb9p khi hi\u1ec7n t\u01b0\u1ee3ng th\u1eeba c\u00e2n, b\u00e9o ph\u00ec \u0111ang kh\u00e1 ph\u1ed5 bi\u1ebfn. \u1ede n\u01b0\u1edbc ta s\u1ed1 l\u01b0\u1ee3ng ng\u01b0\u1eddi mu\u1ed1n gi\u1ea3m c\u00e2n t\u00ecm \u0111\u1ebfn c\u00e1c s\u1ea3n ph\u1ea9m h\u1ed7 tr\u1ee3 gi\u1ea3m c\u00e2n r\u1ea5t nhi\u1ec1u nh\u01b0ng kh\u00f4ng ph\u1ea3i ai c\u0169ng c\u00f3 k\u1ebft qu\u1ea3 nh\u01b0 mong mu\u1ed1n. Ch\u1ec9 cho \u0111\u1ebfn khi gi\u1ea3m c\u00e2n Yo Slim ra m\u1eaft tr\u00ean th\u1ecb tr\u01b0\u1eddng, mang \u0111\u1ebfn cho c\u00e1c ch\u1ecb em gi\u1ea3i ph\u00e1p gi\u1ea3m c\u00e2n, \u0111\u1eb9p d\u00e1ng, \u0111\u1eb9p da c\u1ef1c k\u1ef3 \u01b0u vi\u1ec7t v\u00e0 ho\u00e0n h\u1ea3o th\u00ec ch\u1ecb em m\u1edbi ho\u00e0n to\u00e0n h\u00e0i l\u00f2ng.<\/strong><\/p>\n<h2 id=\"ftoc-heading-1\" class=\"ftwp-heading\"><strong>Gi\u1ea3m c\u00e2n Yo Slim \u2013 Tr\u1ea3 l\u1ea1i thanh xu\u00e2n cho \u0111\u1eddi r\u1ef1c r\u1ee1<\/strong><\/h2>\n<p>S\u1ef1 t\u1ef1 ti v\u1edbi th\u00e2n h\u00ecnh thi\u1ebfu c\u00e2n \u0111\u1ed1i \u0111\u00e3 r\u00fat c\u1ea1n c\u1ea3 s\u1ee9c tr\u1ebb trong t\u00e2m tr\u00ed v\u00e0 \u0111\u00e1nh m\u1ea5t tu\u1ed5i xu\u00e2n c\u1ee7a bi\u1ebft bao nhi\u00eau con ng\u01b0\u1eddi. Nh\u1eefng m\u00f4 m\u1ee1 c\u1ee9ng \u0111\u01b0\u1ee3c t\u00edch t\u1ee5 l\u1ea1i ph\u00eda d\u01b0\u1edbi l\u1edbp da, t\u1eadp trung ch\u1ee7 y\u1ebfu \u1edf v\u00f9ng b\u1ee5ng, b\u1eafp tay v\u00e0 ch\u00e2n. Do qu\u00e1 tr\u00ecnh n\u1ea1p dinh d\u01b0\u1ee1ng m\u00e0 c\u01a1 th\u1ec3 kh\u00f4ng chuy\u1ec3n ho\u00e1 h\u1ebft h\u1ebft t\u1ea1o n\u00ean m\u00f4 m\u1ee1 th\u1eeba l\u00e0m \u1ea3nh h\u01b0\u1edfng l\u1edbn \u0111\u1ebfn s\u1ee9c kho\u1ebb v\u00e0 ngo\u1ea1i h\u00ecnh.<\/p>\n<p>V\u1edbi t\u1ef7 l\u1ec7 m\u1eafc ch\u1ee9ng b\u00e9o ph\u00ec \u0111ang ng\u00e0y c\u00e0ng tr\u1ebb ho\u00e1 t\u1ea1i Vi\u1ec7t Nam. \u0110\u00e3 c\u00f3 r\u1ea5t nhi\u1ec1u khuy\u1ebfn c\u00e1o lo ng\u1ea1i v\u1ec1 c\u00e1c ch\u1ee9ng b\u1ec7nh li\u00ean quan nh\u01b0 tim m\u1ea1ch, ti\u1ec3u \u0111\u01b0\u1eddng, c\u01a1 x\u01b0\u01a1ng kh\u1edbp, m\u1ed9t s\u1ed1 nh\u00f3m b\u1ec7nh ung th\u01b0,.. c\u0169ng d\u1ea7n tr\u1ebb ho\u00e1 theo.<\/p>\n<p>S\u1ea3n ph\u1ea9m vi\u00ean u\u1ed1ng\u00a0<strong>gi\u1ea3m c\u00e2n Yo Slim<\/strong>\u00a0\u0111\u01b0\u1ee3c chi\u1ebft xu\u1ea5t t\u1eeb nh\u1eefng th\u1ea3o d\u01b0\u1ee3c t\u1ef1 nhi\u00ean. V\u1edbi c\u00f4ng ngh\u1ec7 Burning Care c\u1ea3i ti\u1ebfn tr\u1ef1c ti\u1ebfp \u0111\u01b0a c\u00e1c ho\u1ea1t ch\u1ea5t t\u00e1c \u0111\u1ed9ng v\u00e0o c\u00e1c m\u00f4 m\u1ee1 th\u1eeba. L\u00e0m t\u0103ng c\u01b0\u1eddng ph\u00e2n gi\u1ea3i c\u00e1c m\u00f4 m\u1ee1 x\u1ea5u, n\u00e2u ho\u00e1 t\u1ebf b\u00e0o m\u1ee1 tr\u1eafng v\u00e0 chuy\u1ec3n ho\u00e1 ch\u1ea5t b\u00e9o th\u00e0nh n\u0103ng l\u01b0\u1ee3ng cho c\u01a1 th\u1ec3. Hi\u1ec7u qu\u1ea3 t\u00e1c \u0111\u1ed9ng nhanh v\u00e0 s\u1edbm tr\u1ea3 l\u1ea1i nh\u1eefng t\u00e2m h\u1ed3n thanh xu\u00e2n \u0111\u00e3 t\u1eebng b\u1ecb s\u1ee9t s\u1eb9o b\u1edfi v\u00f3c d\u00e1ng thi\u1ebfu t\u1ef1 tin. H\u1ed7 tr\u1ee3 ng\u0103n ng\u1eeba nguy c\u01a1 c\u00e1c bi\u1ebfn ch\u1ee9ng t\u1eeb ch\u1ee9ng th\u1eeba c\u00e2n, b\u00e9o ph\u00ec.<\/p>\n<p><img loading=\"lazy\" decoding=\"async\" class=\"aligncenter wp-image-62 size-large\" src=\"https:\/\/mauweb.tamnguyen.vn\/thucphamchucnang6\/wp-content\/uploads\/2023\/04\/slider03-1024x353.jpg\" alt=\"\" width=\"1024\" height=\"353\" srcset=\"https:\/\/mauweb.tamnguyen.vn\/thucphamchucnang6\/wp-content\/uploads\/2023\/04\/slider03-1024x353.jpg 1024w, https:\/\/mauweb.tamnguyen.vn\/thucphamchucnang6\/wp-content\/uploads\/2023\/04\/slider03-300x103.jpg 300w, https:\/\/mauweb.tamnguyen.vn\/thucphamchucnang6\/wp-content\/uploads\/2023\/04\/slider03-768x265.jpg 768w, https:\/\/mauweb.tamnguyen.vn\/thucphamchucnang6\/wp-content\/uploads\/2023\/04\/slider03-1536x530.jpg 1536w, https:\/\/mauweb.tamnguyen.vn\/thucphamchucnang6\/wp-content\/uploads\/2023\/04\/slider03-2048x707.jpg 2048w, https:\/\/mauweb.tamnguyen.vn\/thucphamchucnang6\/wp-content\/uploads\/2023\/04\/slider03-600x207.jpg 600w\" sizes=\"auto, (max-width: 1024px) 100vw, 1024px\" \/><\/p>\n<h2 id=\"ftoc-heading-2\" class=\"ftwp-heading\"><strong>Th\u00e0nh ph\u1ea7n gi\u1ea3m c\u00e2n Yo Slim<\/strong><\/h2>\n<h4 id=\"ftoc-heading-3\" class=\"ftwp-heading\"><strong>1. Qu\u1ea3 b\u1ee9a<\/strong><\/h4>\n<p>Th\u00e0nh ph\u1ea7n ch\u00ednh trong\u00a0<strong>gi\u1ea3m c\u00e2n Yo Slim<\/strong>\u00a0c\u00f3 chi\u1ebft xu\u1ea5t t\u1eeb qu\u1ea3 b\u1ee9a. Acid Hydroxycitric c\u00f3 trong qu\u1ea3 b\u1ee9a s\u1ebd ng\u0103n ch\u1eb7n s\u1ea3n xu\u1ea5t enzyme ti\u00eau ho\u00e1 th\u1ef1c ph\u1ea9m, l\u00e0m ch\u1eadm qu\u00e1 tr\u00ecnh ti\u00eau ho\u00e1 gi\u00fap gi\u1ea3m m\u1ee1 hi\u1ec7u qu\u1ea3. Acid Hydroxycitric t\u1eeb qu\u1ea3 b\u1ee9a c\u00f3 kh\u1ea3 n\u0103ng \u0111i\u1ec1u ch\u1ec9nh l\u01b0\u1ee3ng cortisol trong m\u00e1u \u2013 m\u1ed9t trong nh\u1eefng lo\u1ea1i hormone g\u00e2y c\u0103ng th\u1eb3ng th\u1ea7n kinh.<\/p>\n<p>Kh\u00f4ng ch\u1ec9 v\u1eady c\u00e1c h\u1ee3p ch\u1ea5t h\u1eefu c\u01a1 t\u1eeb qu\u1ea3 b\u1ee9a c\u00f2n k\u00edch th\u00edch gi\u1ea3i ph\u00f3ng serotonin \u2013 hormone mang l\u1ea1i c\u1ea3m gi\u00e1c th\u1ecfa m\u00e3n, h\u00e0i l\u00f2ng, vui v\u1ebb cho c\u01a1 th\u1ec3. S\u1ef1 t\u00e1c \u0111\u1ed9ng n\u00e0y l\u00ean h\u1ec7 th\u1ea7n kinh, gi\u00fap cho ng\u01b0\u1eddi gi\u1ea3m c\u00e2n h\u1ea1n ch\u1ebf c\u1ea3m gi\u00e1c m\u1ec7t m\u1ecfi, u\u1ec3 o\u1ea3i, ch\u00e1n n\u1ea3n trong qu\u00e1 tr\u00ecnh \u0111i\u1ec1u ch\u1ec9nh v\u00f3c d\u00e1ng.<\/p>\n<p><img loading=\"lazy\" decoding=\"async\" class=\"aligncenter wp-image-383 size-full\" src=\"https:\/\/mauweb.tamnguyen.vn\/thucphamchucnang6\/wp-content\/uploads\/2023\/04\/thanh-phan-giam-can-yo-slim-3.jpeg\" alt=\"\" width=\"600\" height=\"600\" srcset=\"https:\/\/mauweb.tamnguyen.vn\/thucphamchucnang6\/wp-content\/uploads\/2023\/04\/thanh-phan-giam-can-yo-slim-3.jpeg 600w, https:\/\/mauweb.tamnguyen.vn\/thucphamchucnang6\/wp-content\/uploads\/2023\/04\/thanh-phan-giam-can-yo-slim-3-300x300.jpeg 300w, https:\/\/mauweb.tamnguyen.vn\/thucphamchucnang6\/wp-content\/uploads\/2023\/04\/thanh-phan-giam-can-yo-slim-3-150x150.jpeg 150w, https:\/\/mauweb.tamnguyen.vn\/thucphamchucnang6\/wp-content\/uploads\/2023\/04\/thanh-phan-giam-can-yo-slim-3-100x100.jpeg 100w\" sizes=\"auto, (max-width: 600px) 100vw, 600px\" \/><\/p>\n<h4 id=\"ftoc-heading-4\" class=\"ftwp-heading\"><strong>2. Tr\u00e0 xanh<\/strong><\/h4>\n<p>EGCG t\u1eeb tr\u00e0 xanh c\u00f3 kh\u1ea3 n\u0103ng oxy h\u00f3a c\u1ef1c m\u1ea1nh gi\u00fap \u1ee9c ch\u1ebf enzyme ph\u00e1 v\u1ee1 hormone norepinephrine. Th\u00fac \u0111\u1ea9y qu\u00e1 tr\u00ecnh ph\u00e2n hu\u1ef7 ch\u1ea5t b\u00e9o v\u00e0 c\u00e1c t\u1ebf b\u00e0o m\u1ee1 b\u1ecb ph\u00e2n hu\u1ef7 s\u1ebd \u0111\u01b0\u1ee3c gi\u1ea3i ph\u00f3ng v\u00e0o m\u00e1u \u0111\u1ec3 s\u1eed d\u1ee5ng l\u00e0m n\u0103ng l\u01b0\u1ee3ng nu\u00f4i d\u01b0\u1ee1ng c\u01a1.<\/p>\n<p>Catechin c\u00f3 trong tr\u00e0 xanh c\u00f3 kh\u1ea3 n\u0103ng ph\u00e2n hu\u1ef7 ch\u1ea5t b\u00e9o v\u00f9ng b\u1ee5ng r\u1ea5t \u0111\u00e1ng k\u1ec3, ch\u00ednh v\u00ec v\u1eady tr\u00e0 xanh \u0111\u01b0\u1ee3c khuy\u00ean d\u00f9ng \u0111\u1ed1i v\u1edbi b\u1ec7nh nh\u00e2n c\u00f3 nguy c\u01a1 ti\u1ec3u \u0111\u01b0\u1eddng lo\u1ea1i 2 v\u00e0 b\u1ec7nh nh\u00e2n tim m\u1ea1ch. B\u1edfi nguy\u00ean nh\u00e2n l\u1edbn d\u1eabn \u0111\u1ebfn m\u1ee1 n\u1ed9i t\u1ea1ng t\u00edch t\u1ee5 \u1edf v\u00f9ng b\u1ee5ng l\u00e0 kh\u1ea3 n\u0103ng m\u1eafc c\u00e1c b\u1ec7nh kh\u00e1ng insulin.<\/p>\n<p><img loading=\"lazy\" decoding=\"async\" class=\"aligncenter wp-image-384 size-full\" src=\"https:\/\/mauweb.tamnguyen.vn\/thucphamchucnang6\/wp-content\/uploads\/2023\/04\/thanh-phan-giam-can-yo-slim-2.jpeg\" alt=\"\" width=\"600\" height=\"600\" srcset=\"https:\/\/mauweb.tamnguyen.vn\/thucphamchucnang6\/wp-content\/uploads\/2023\/04\/thanh-phan-giam-can-yo-slim-2.jpeg 600w, https:\/\/mauweb.tamnguyen.vn\/thucphamchucnang6\/wp-content\/uploads\/2023\/04\/thanh-phan-giam-can-yo-slim-2-300x300.jpeg 300w, https:\/\/mauweb.tamnguyen.vn\/thucphamchucnang6\/wp-content\/uploads\/2023\/04\/thanh-phan-giam-can-yo-slim-2-150x150.jpeg 150w, https:\/\/mauweb.tamnguyen.vn\/thucphamchucnang6\/wp-content\/uploads\/2023\/04\/thanh-phan-giam-can-yo-slim-2-100x100.jpeg 100w\" sizes=\"auto, (max-width: 600px) 100vw, 600px\" \/><\/p>\n<h4 id=\"ftoc-heading-5\" class=\"ftwp-heading\"><strong>3. Ch\u00e8 v\u1eb1ng<\/strong><\/h4>\n<p>T\u00e1c \u0111\u1ed9ng c\u1ee7a Glycosid \u0111\u1eafng trong ch\u00e8 v\u1eb1ng gi\u00fap trung h\u00f2a ch\u1ea5t b\u00e9o trong c\u01a1 th\u1ec3, t\u0103ng c\u01b0\u1eddng trao \u0111\u1ed5i ch\u1ea5t v\u00e0 \u0111\u1ed1t ch\u00e1y m\u1ee1 th\u1eeba hi\u1ec7u qu\u1ea3. Th\u00e0nh ph\u1ea7n\u00a0<strong>gi\u1ea3m c\u00e2n Yo Slim<\/strong>\u00a0n\u00e0y kh\u00f4ng ch\u1ec9 c\u00f3 t\u00e1c d\u1ee5ng gi\u1ea3m m\u1ee1, c\u00f2n c\u1ef1c hi\u1ec7u qu\u1ea3 v\u1edbi m\u1eb9 sau sinh khi ch\u00e8 v\u1eb1ng \u0111\u01b0\u1ee3c c\u00f4ng nh\u1eadn l\u00e0 lo\u1ea1i th\u1ea3o d\u01b0\u1ee3c gi\u00fap l\u1ee3i s\u1eefa cho b\u00e9.<\/p>\n<p><img loading=\"lazy\" decoding=\"async\" class=\"aligncenter size-full wp-image-16962 entered lazyloaded\" title=\"thanh-phan-giam-can-yo-slim\" src=\"https:\/\/giamcanhieuqua.vn\/wp-content\/uploads\/2023\/02\/thanh-phan-giam-can-yo-slim-1.jpeg\" sizes=\"auto, (max-width: 600px) 100vw, 600px\" srcset=\"https:\/\/giamcanhieuqua.vn\/wp-content\/uploads\/2023\/02\/thanh-phan-giam-can-yo-slim-1.jpeg 600w, https:\/\/giamcanhieuqua.vn\/wp-content\/uploads\/2023\/02\/thanh-phan-giam-can-yo-slim-1-400x400.jpeg 400w, https:\/\/giamcanhieuqua.vn\/wp-content\/uploads\/2023\/02\/thanh-phan-giam-can-yo-slim-1-280x280.jpeg 280w, https:\/\/giamcanhieuqua.vn\/wp-content\/uploads\/2023\/02\/thanh-phan-giam-can-yo-slim-1-247x247.jpeg 247w, https:\/\/giamcanhieuqua.vn\/wp-content\/uploads\/2023\/02\/thanh-phan-giam-can-yo-slim-1-510x510.jpeg 510w, https:\/\/giamcanhieuqua.vn\/wp-content\/uploads\/2023\/02\/thanh-phan-giam-can-yo-slim-1-100x100.jpeg 100w\" alt=\"thanh-phan-giam-can-yo-slim\" width=\"600\" height=\"600\" data-lazy-srcset=\"https:\/\/giamcanhieuqua.vn\/wp-content\/uploads\/2023\/02\/thanh-phan-giam-can-yo-slim-1.jpeg 600w, https:\/\/giamcanhieuqua.vn\/wp-content\/uploads\/2023\/02\/thanh-phan-giam-can-yo-slim-1-400x400.jpeg 400w, https:\/\/giamcanhieuqua.vn\/wp-content\/uploads\/2023\/02\/thanh-phan-giam-can-yo-slim-1-280x280.jpeg 280w, https:\/\/giamcanhieuqua.vn\/wp-content\/uploads\/2023\/02\/thanh-phan-giam-can-yo-slim-1-247x247.jpeg 247w, https:\/\/giamcanhieuqua.vn\/wp-content\/uploads\/2023\/02\/thanh-phan-giam-can-yo-slim-1-510x510.jpeg 510w, https:\/\/giamcanhieuqua.vn\/wp-content\/uploads\/2023\/02\/thanh-phan-giam-can-yo-slim-1-100x100.jpeg 100w\" data-lazy-sizes=\"(max-width: 600px) 100vw, 600px\" data-lazy-src=\"https:\/\/giamcanhieuqua.vn\/wp-content\/uploads\/2023\/02\/thanh-phan-giam-can-yo-slim-1.jpeg\" data-ll-status=\"loaded\" \/><\/p>\n<h4 id=\"ftoc-heading-6\" class=\"ftwp-heading\"><strong>4. L\u00e1 sen<\/strong><\/h4>\n<p>Nh\u00f3m ch\u1ea5t flavonoid v\u1edbi c\u01a1 ch\u1ebf \u1ee9c ch\u1ebf enzyme amylase c\u00f3 trong tuy\u1ebfn tu\u1ef5 l\u00e0m gi\u1ea3m h\u1ea5p th\u1ee5 glucose, gi\u1ea3m t\u1ed5ng h\u1ee3p v\u00e0 t\u00edch l\u0169y m\u1ee1 th\u1eeba. \u1ee8c ch\u1ebf enzyme lipase l\u00e0m gi\u1ea3m h\u1ea5p th\u1ee5 c\u00e1c ch\u1ea5t b\u00e9o t\u1eeb th\u1ee9c \u0103n, t\u0103ng \u0111\u00e0o th\u1ea3i ch\u1ea5t b\u00e9o qua ph\u00e2n. Thu\u1ef7 ph\u00e2n glycerol, t\u0103ng ph\u00e2n gi\u1ea3i lipit trong c\u00e1c m\u00f4 m\u1ee1. V\u1eady n\u00ean t\u00ednh n\u0103ng n\u1ed5i tr\u1ed9i nh\u1ea5t t\u1eeb l\u00e1 sen ch\u00ednh l\u00e0 kh\u1ea3 n\u0103ng t\u00e1c \u0111\u1ed9ng tr\u1ef1c ti\u1ebfp v\u00e0o c\u00e1c m\u00f4 m\u1ee1 t\u0103ng c\u01b0\u1eddng ph\u00e2n gi\u1ea3i c\u00e1c m\u00f4 m\u1ee1 x\u1ea5u. N\u00e2u ho\u00e1 t\u1ebf b\u00e0o m\u1ee1 tr\u1eafng v\u00e0 k\u00edch th\u00edch chuy\u1ec3n ho\u00e1 ch\u1ea5t b\u00e9o th\u00e0nh n\u0103ng l\u01b0\u1ee3ng.<\/p>\n<h4 id=\"ftoc-heading-7\" class=\"ftwp-heading\"><strong>5. C\u00e1c th\u00e0nh ph\u1ea7n kh\u00e1c<\/strong><\/h4>\n<p>Ngo\u00e0i ra, gi\u1ea3m c\u00e2n Yo Slim c\u00f2n ch\u1ee9a nh\u1eefng th\u00e0nh ph\u1ea7n nh\u01b0: n\u1ea5m ph\u1ee5c linh, \u0111inh h\u01b0\u01a1ng, L-Camitine, Collagen Pepdide, chi\u1ebft xu\u1ea5t g\u1ea1o \u0111\u1ecf l\u00ean men,\u2026<\/p>\n<p><img loading=\"lazy\" decoding=\"async\" class=\"aligncenter wp-image-385 size-full\" src=\"https:\/\/mauweb.tamnguyen.vn\/thucphamchucnang6\/wp-content\/uploads\/2023\/04\/giam-can-yo-slim-3.jpeg\" alt=\"\" width=\"1000\" height=\"600\" srcset=\"https:\/\/mauweb.tamnguyen.vn\/thucphamchucnang6\/wp-content\/uploads\/2023\/04\/giam-can-yo-slim-3.jpeg 1000w, https:\/\/mauweb.tamnguyen.vn\/thucphamchucnang6\/wp-content\/uploads\/2023\/04\/giam-can-yo-slim-3-300x180.jpeg 300w, https:\/\/mauweb.tamnguyen.vn\/thucphamchucnang6\/wp-content\/uploads\/2023\/04\/giam-can-yo-slim-3-768x461.jpeg 768w, https:\/\/mauweb.tamnguyen.vn\/thucphamchucnang6\/wp-content\/uploads\/2023\/04\/giam-can-yo-slim-3-600x360.jpeg 600w\" sizes=\"auto, (max-width: 1000px) 100vw, 1000px\" \/><\/p>\n<h2 id=\"ftoc-heading-8\" class=\"ftwp-heading\"><strong>C\u00f4ng d\u1ee5ng gi\u1ea3m c\u00e2n Yo Slim<\/strong><\/h2>\n<p>\u2013 Vi\u00ean u\u1ed1ng gi\u1ea3m c\u00e2n Yo Slim gi\u00fap h\u1ed7 tr\u1ee3 t\u0103ng c\u01b0\u1eddng kh\u1ea3 n\u0103ng chuy\u1ec3n ho\u00e1 c\u1ee7a c\u01a1 th\u1ec3, h\u1ed7 tr\u1ee3 ki\u1ec3m so\u00e1t c\u00e2n n\u1eb7ng.<\/p>\n<p>\u2013 C\u00f4ng ngh\u1ec7 Burning Care l\u00e0 ph\u01b0\u01a1ng ph\u00e1p gi\u1ea3m m\u1ee1 kh\u00f4ng x\u00e2m l\u1ea5n. C\u00e1c th\u1ea3o d\u01b0\u1ee3c \u0111\u01b0\u1ee3c x\u1eed l\u00fd qua ph\u01b0\u01a1ng ph\u00e1p s\u1ea5y l\u1ea1nh \u0111\u1ea3m b\u1ea3o t\u1ed1i \u0111a h\u00e0m l\u01b0\u1ee3ng d\u01b0\u1ee1ng ch\u1ea5t t\u1ef1 nhi\u00ean t\u00e1c \u0111\u1ed9ng tr\u1ef1c ti\u1ebfp l\u00ean c\u00e1c m\u00f4 m\u1ee1 th\u1eeba b\u00ean trong c\u01a1 th\u1ec3. Gi\u00fap ho\u00e1 l\u1ecfng m\u1ee1 v\u00e0 chuy\u1ec3n \u0111\u1ed5i th\u00e0nh n\u0103ng l\u01b0\u1ee3ng duy tr\u00ec ho\u1ea1t \u0111\u1ed9ng c\u1ee7a c\u01a1 th\u1ec3.<\/p>\n<p>\u2013 \u0110\u1eb7c bi\u1ec7t, v\u1edbi c\u00f4ng ngh\u1ec7 n\u00e0y s\u1eed d\u1ee5ng c\u00e1c h\u1ee3p ch\u1ea5t c\u00f3 d\u01b0\u1ee3c t\u00ednh cao. H\u1ed7 tr\u1ee3 \u0111i\u1ec1u tr\u1ecb cho c\u1ea3 c\u00e1c b\u1ec7nh nh\u00e2n r\u1ed1i lo\u1ea1n ch\u1ee9c n\u0103ng chuy\u1ec3n ho\u00e1, c\u00f3 ti\u1ec1n s\u1eed d\u1ea1 d\u00e0y, an to\u00e0n cho c\u1ea3 m\u1eb9 sau sinh.<\/p>\n","protected":false},"excerpt":{"rendered":"<p>S\u1ea3n ph\u1ea9m vi\u00ean u\u1ed1ng\u00a0<strong>gi\u1ea3m c\u00e2n Yo Slim<\/strong>\u00a0\u0111\u01b0\u1ee3c chi\u1ebft xu\u1ea5t t\u1eeb nh\u1eefng th\u1ea3o d\u01b0\u1ee3c t\u1ef1 nhi\u00ean. V\u1edbi c\u00f4ng ngh\u1ec7 Burning Care c\u1ea3i ti\u1ebfn tr\u1ef1c ti\u1ebfp \u0111\u01b0a c\u00e1c ho\u1ea1t ch\u1ea5t t\u00e1c \u0111\u1ed9ng v\u00e0o c\u00e1c m\u00f4 m\u1ee1 th\u1eeba<\/p>\n","protected":false},"featured_media":337,"comment_status":"open","ping_status":"closed","template":"","meta":[],"product_brand":[],"product_cat":[18],"product_tag":[],"class_list":{"0":"post-382","1":"product","2":"type-product","3":"status-publish","4":"has-post-thumbnail","6":"product_cat-san-pham","8":"first","9":"instock","10":"shipping-taxable","11":"purchasable","12":"product-type-simple"},"_links":{"self":[{"href":"https:\/\/mauweb.tamnguyen.vn\/thucphamchucnang6\/wp-json\/wp\/v2\/product\/382","targetHints":{"allow":["GET"]}}],"collection":[{"href":"https:\/\/mauweb.tamnguyen.vn\/thucphamchucnang6\/wp-json\/wp\/v2\/product"}],"about":[{"href":"https:\/\/mauweb.tamnguyen.vn\/thucphamchucnang6\/wp-json\/wp\/v2\/types\/product"}],"replies":[{"embeddable":true,"href":"https:\/\/mauweb.tamnguyen.vn\/thucphamchucnang6\/wp-json\/wp\/v2\/comments?post=382"}],"wp:featuredmedia":[{"embeddable":true,"href":"https:\/\/mauweb.tamnguyen.vn\/thucphamchucnang6\/wp-json\/wp\/v2\/media\/337"}],"wp:attachment":[{"href":"https:\/\/mauweb.tamnguyen.vn\/thucphamchucnang6\/wp-json\/wp\/v2\/media?parent=382"}],"wp:term":[{"taxonomy":"product_brand","embeddable":true,"href":"https:\/\/mauweb.tamnguyen.vn\/thucphamchucnang6\/wp-json\/wp\/v2\/product_brand?post=382"},{"taxonomy":"product_cat","embeddable":true,"href":"https:\/\/mauweb.tamnguyen.vn\/thucphamchucnang6\/wp-json\/wp\/v2\/product_cat?post=382"},{"taxonomy":"product_tag","embeddable":true,"href":"https:\/\/mauweb.tamnguyen.vn\/thucphamchucnang6\/wp-json\/wp\/v2\/product_tag?post=382"}],"curies":[{"name":"wp","href":"https:\/\/api.w.org\/{rel}","templated":true}]}}