{"id":380,"date":"2023-04-05T15:39:01","date_gmt":"2023-04-05T08:39:01","guid":{"rendered":"https:\/\/mauweb.tamnguyen.vn\/thucphamchucnang6\/?post_type=product&#038;p=380"},"modified":"2023-04-05T16:12:05","modified_gmt":"2023-04-05T09:12:05","slug":"sua-ngu-coc-yo-fam","status":"publish","type":"product","link":"https:\/\/mauweb.tamnguyen.vn\/thucphamchucnang6\/sua-ngu-coc-yo-fam\/","title":{"rendered":"S\u1eefa ng\u0169 c\u1ed1c Yo Fam"},"content":{"rendered":"<p>Tinh tu\u00fd t\u1eeb ch\u1ebf \u0111\u1ed9 dinh d\u01b0\u1ee1ng thu\u1eadn t\u1ef1 nhi\u00ean l\u00e0 m\u1ed9t cu\u1ed9c c\u00e1ch m\u1ea1ng d\u00e0nh cho s\u1ee9c kho\u1ebb c\u1ea3 gia \u0111\u00ecnh. S\u1eefa h\u1ea1t Yo Fam th\u1eeba k\u1ebf nh\u1eefng gi\u00e1 tr\u1ecb qu\u00fd b\u00e1u t\u1eeb s\u1ea3n ph\u1ea9m s\u1eefa \u0111\u1ed9ng v\u1eadt v\u00e0 ph\u00e1t tri\u1ec3n n\u00ean d\u00f2ng th\u1ef1c ph\u1ea9m si\u00eau dinh d\u01b0\u1ee1ng cho s\u1ee9c kho\u1ebb.<\/p>\n<p>T\u1eeb bao l\u00e2u nay s\u1eefa \u0111\u01b0\u1ee3c coi l\u00e0 th\u1ef1c ph\u1ea9m dinh d\u01b0\u1ee1ng nh\u1ea5t h\u00e0nh tinh, cung c\u1ea5p c\u00e1c d\u01b0\u1ee1ng ch\u1ea5t thi\u1ebft y\u1ebfu \u0111\u1ed1i v\u1edbi s\u1ef1 ph\u00e1t tri\u1ec3n con ng\u01b0\u1eddi. Trong s\u1eefa \u0111\u1ed9ng v\u1eadt c\u00f3 ch\u1ee9a h\u00e0m l\u01b0\u1ee3ng protein, canxi, kali d\u1ed3i d\u00e0o gi\u00fap b\u1ed5 sung d\u01b0\u1ee1ng ch\u1ea5t nu\u00f4i d\u01b0\u1ee1ng c\u01a1 th\u1ec3. Tuy nhi\u00ean, \u0111i\u1ec3m y\u1ebfu trong s\u1eefa \u0111\u1ed9ng v\u1eadt ch\u00ednh l\u00e0 h\u00e0m l\u01b0\u1ee3ng ch\u1ea5t x\u01a1 k\u00e9m, n\u1ed3ng \u0111\u1ed9 cholesterol v\u00e0 ch\u1ea5t b\u00e9o cao, c\u00f3 th\u1ec3 \u1ea3nh h\u01b0\u1edfng \u0111\u1ebfn b\u1ec7nh l\u00fd tim m\u1ea1ch. Hay s\u1ef1 kh\u00f4ng ph\u00f9 h\u1ee3p v\u1edbi nh\u1eefng ng\u01b0\u1eddi c\u00f3 xu h\u01b0\u1edbng \u0103n thu\u1ea7n chay, \u0103n ki\u00eang v\u00e0 m\u1eb9 b\u1ea7u.<\/p>\n<p>Ch\u00ednh v\u00ec v\u1eady, c\u00e1c lo\u1ea1i s\u1eefa t\u1eeb th\u1ef1c v\u1eadt \u0111ang ng\u00e0y c\u00e0ng \u0111\u01b0\u1ee3c y\u00eau th\u00edch b\u1edfi s\u1ef1 \u0111a d\u1ea1ng v\u00e0 c\u00f4ng d\u1ee5ng t\u1ed1i \u01b0u h\u1ed7 tr\u1ee3 s\u1ee9c kho\u1ebb. Th\u1ecb tr\u01b0\u1eddng hi\u1ec7n nay c\u00f3 r\u1ea5t nhi\u1ec1u lo\u1ea1i s\u1eefa h\u1ea1t kh\u00e1c nhau d\u1ef1a theo nguy\u00ean li\u1ec7u ch\u1ebf bi\u1ebfn. M\u1ed7i lo\u1ea1i h\u1ea1t s\u1ebd cho ra th\u00e0nh ph\u1ea9m v\u1edbi nh\u1eefng l\u1ee3i \u00edch kh\u00e1c nhau cho c\u01a1 th\u1ec3.<\/p>\n<p>V\u00ed d\u1ee5 s\u1eefa t\u1eeb h\u1ea1t \u0111\u1eadu n\u00e0nh gi\u00e0u protein, cung c\u1ea5p h\u00e0m l\u01b0\u1ee3ng ch\u1ea5t b\u00e9o t\u01b0\u01a1ng \u0111\u01b0\u01a1ng v\u1edbi s\u1eefa b\u00f2 nh\u01b0ng l\u1ea1i g\u00e2y \u1ea3nh h\u01b0\u1edfng kh\u00f4ng t\u1ed1t \u0111\u1ebfn ng\u01b0\u1eddi c\u00f3 b\u1ec7nh l\u00fd hormone. S\u1eefa d\u1eeba c\u00f3 h\u00e0m l\u01b0\u1ee3ng calo th\u1ea5p nh\u01b0ng kh\u00f4ng ch\u1ee9a nhi\u1ec1u protein. S\u1eefa g\u1ea1o \u0111\u01b0\u1ee3c x\u1ebfp h\u1ea1ng t\u01b0\u01a1ng \u0111\u01b0\u01a1ng v\u1edbi s\u1eefa b\u00f2 v\u1ec1 h\u00e0m l\u01b0\u1ee3ng calo. Nh\u01b0ng ch\u1ee9a nhi\u1ec1u \u0111\u01b0\u1eddng h\u01a1n v\u00e0 kh\u00f4ng cung c\u1ea5p m\u1ed9t l\u01b0\u1ee3ng ch\u1ea5t b\u00e9o, carbohydrate v\u00e0 protein t\u01b0\u01a1ng \u0111\u01b0\u01a1ng<\/p>\n<p>B.O.T \u0111\u00e3 nghi\u00ean c\u1ee9u d\u1ef1a tr\u00ean nh\u1eefng \u0111\u1eb7c \u0111i\u1ec3m \u01b0u vi\u1ec7t c\u1ee7a s\u1eefa b\u00f2 cho ra d\u00f2ng s\u1ea3n ph\u1ea9m s\u1eefa si\u00eau h\u1ea1t. V\u1edbi s\u1ef1 k\u1ebft h\u1ee3p c\u1ee7a r\u1ea5t nhi\u1ec1u lo\u1ea1i h\u1ea1t \u0111\u1ec3 t\u1ea1o ra\u00a0<strong>s\u1eefa ng\u0169 c\u1ed1c Yo Fam<\/strong>\u00a0\u2013 s\u1eefa dinh d\u01b0\u1ee1ng thay th\u1ebf b\u1eefa \u0103n h\u00e0ng ng\u00e0y v\u00e0 t\u1ed1i \u01b0u h\u1ea7u h\u1ebft nh\u1eefng nh\u01b0\u1ee3c \u0111i\u1ec3m c\u00f3 trong s\u1eefa \u0111\u1ed9ng v\u1eadt v\u00e0 s\u1eefa c\u1ee7a t\u1eebng lo\u1ea1i h\u1ea1t.<\/p>\n<p><img loading=\"lazy\" decoding=\"async\" class=\"aligncenter wp-image-381 size-full\" src=\"https:\/\/mauweb.tamnguyen.vn\/thucphamchucnang6\/wp-content\/uploads\/2023\/04\/sua-sieu-hat-yo-fam.jpeg\" alt=\"\" width=\"840\" height=\"399\" srcset=\"https:\/\/mauweb.tamnguyen.vn\/thucphamchucnang6\/wp-content\/uploads\/2023\/04\/sua-sieu-hat-yo-fam.jpeg 840w, https:\/\/mauweb.tamnguyen.vn\/thucphamchucnang6\/wp-content\/uploads\/2023\/04\/sua-sieu-hat-yo-fam-300x143.jpeg 300w, https:\/\/mauweb.tamnguyen.vn\/thucphamchucnang6\/wp-content\/uploads\/2023\/04\/sua-sieu-hat-yo-fam-768x365.jpeg 768w, https:\/\/mauweb.tamnguyen.vn\/thucphamchucnang6\/wp-content\/uploads\/2023\/04\/sua-sieu-hat-yo-fam-600x285.jpeg 600w\" sizes=\"auto, (max-width: 840px) 100vw, 840px\" \/><\/p>\n<h2 id=\"ftoc-heading-2\" class=\"ftwp-heading\">Th\u00e0nh ph\u1ea7n v\u00e0 c\u00f4ng d\u1ee5ng s\u1eefa ng\u0169 c\u1ed1c Yo Fam<\/h2>\n<h4 id=\"ftoc-heading-3\" class=\"ftwp-heading\"><strong>1. H\u1ea1t macca<\/strong><\/h4>\n<p>H\u00e0m l\u01b0\u1ee3ng dinh d\u01b0\u1ee1ng c\u00f3 trong h\u1ea1t macca s\u1ebd t\u0103ng l\u00ean cao khi ch\u1ebf bi\u1ebfn th\u00e0nh s\u1eefa. Th\u00e0nh ph\u1ea7n ch\u1ed1ng oxy ho\u00e1 cao s\u1ebd gi\u00fap ng\u0103n c\u1ea3n nguy c\u01a1 m\u1eafc c\u00e1c b\u1ec7nh ung th\u01b0. Protein t\u1ef1 nhi\u00ean t\u1eeb macca gi\u1ea3m kh\u1ea3 n\u0103ng m\u1eafc b\u1ec7nh tim m\u1ea1ch. N\u1ed3ng \u0111\u1ed9 ch\u1ea5t x\u01a1, ch\u1ea5t b\u00e9o kh\u00f4ng b\u00e3o ho\u00e0 v\u00e0 vitamin B6 t\u00e1c \u0111\u1ed9ng r\u1ea5t t\u1ed1t v\u1edbi h\u1ec7 ti\u00eau ho\u00e1, t\u0103ng s\u1ea3n sinh vi khu\u1ea9n c\u00f3 l\u1ee3i v\u00e0 t\u1ea1o c\u1ea3m gi\u00e1c no l\u00e2u r\u1ea5t t\u1ed1t cho qu\u00e1 tr\u00ecnh gi\u1ea3m c\u00e2n. Canxi c\u00f3 trong macca c\u00f3 t\u00e1c \u0111\u1ed9ng t\u1ed1t l\u00ean n\u00e3o b\u1ed9, t\u0103ng c\u01b0\u1eddng tr\u00ed nh\u1edb v\u00e0 duy tr\u00ec s\u1ef1 minh m\u1eabn.<\/p>\n<h4 id=\"ftoc-heading-4\" class=\"ftwp-heading\"><strong>2. H\u1ea1t \u00f3c ch\u00f3<\/strong><\/h4>\n<p>H\u1ea1t \u00f3c ch\u00f3 \u0111\u01b0\u1ee3c cho l\u00e0 si\u00eau dinh d\u01b0\u1ee1ng d\u00e0nh cho m\u1eb9 b\u1ea7u, h\u00e0m l\u01b0\u1ee3ng axit folic c\u00f3 trong s\u1eefa \u00f3c ch\u00f3 gi\u00fap ng\u0103n ng\u1eeba d\u1ecb t\u1eadt thai nhi. N\u1ed3ng \u0111\u1ed9 omega 3 cao h\u01a1n c\u1ea3 trong c\u00e1 h\u1ed3i gi\u00fap ph\u00e1t tri\u1ec3n tr\u00ed n\u00e3o cho thai nhi hi\u1ec7u qu\u1ea3. C\u00e1c lo\u1ea1i vitamin A, B v\u00e0 E c\u00f3 l\u1ee3i cho m\u1eb9 b\u1ea7u trong qu\u00e1 tr\u00ecnh mang thai, gi\u1ea3m c\u00e1c tri\u1ec7u ch\u1ee9ng r\u1ea1n da, th\u00e2m s\u1ea1m cho c\u00e1c m\u1eb9 th\u00eam ph\u1ea7n t\u1ef1 tin. Ngo\u00e0i ra, \u00f3c ch\u00f3 \u0111\u01b0\u1ee3c khuy\u1ebfn c\u00e1o l\u00e0 s\u1ea3n ph\u1ea9m th\u1ef1c s\u1ef1 ph\u00f9 h\u1ee3p v\u1edbi ng\u01b0\u1eddi m\u1eafc b\u1ec7nh ti\u1ec3u \u0111\u01b0\u1eddng b\u1edfi kh\u1ea3 n\u0103ng t\u0103ng insulin, gi\u1ea3m \u0111\u01b0\u1eddng huy\u1ebft.<\/p>\n<h4 id=\"ftoc-heading-5\" class=\"ftwp-heading\"><strong>3. S\u1eefa h\u1ea1t lanh<\/strong><\/h4>\n<p>S\u1eefa h\u1ea1t lanh cung c\u1ea5p h\u00e0m l\u01b0\u1ee3ng ch\u1ea5t x\u01a1 r\u1ea5t cao t\u00e1c \u0111\u1ed9ng r\u1ea5t t\u1ed1t l\u00ean \u0111\u01b0\u1eddng ru\u1ed9t, gi\u00fap l\u01b0u gi\u1eef th\u1ee9c \u0103n trong d\u1ea1 d\u00e0y l\u00e2u h\u01a1n l\u00e0m t\u0103ng s\u1ef1 h\u1ea5p thu t\u1ed1i \u0111a dinh d\u01b0\u1ee1ng. Ngo\u00e0i ra ch\u1ea5t x\u01a1 ho\u00e0 tan v\u00e0 kh\u00f4ng ho\u00e0 tan c\u00f3 trong s\u1eefa h\u1ea1t lanh c\u00f3 th\u1ec3 h\u1ed7 tr\u1ee3 th\u1ea3i \u0111\u1ed9c ru\u1ed9t, l\u00e0m m\u1ea5t ch\u1ea5t b\u00e9o v\u00e0 gi\u1ea3m c\u1ea3m gi\u00e1c th\u00e8m \u0103n \u0111\u01b0\u1eddng.<\/p>\n<h4 id=\"ftoc-heading-6\" class=\"ftwp-heading\"><strong>4. Y\u1ebfn m\u1ea1ch<\/strong><\/h4>\n<p>Y\u1ebfn m\u1ea1ch \u0111\u01b0\u1ee3c m\u1ec7nh danh l\u00e0 N\u1eef ho\u00e0ng c\u1ee7a c\u00e1c lo\u1ea1i h\u1ea1t. V\u00e0 s\u1eefa \u0111\u01b0\u1ee3c ch\u1ebf bi\u1ebfn t\u1eeb lo\u1ea1i h\u1ea1t n\u00e0y cung c\u1ea5p l\u01b0\u1ee3ng l\u1edbn Canxi, vitamin A v\u00e0 D t\u01b0\u01a1ng \u0111\u01b0\u01a1ng nh\u01b0 s\u1eefa \u0111\u1ed9ng v\u1eadt. Gi\u00fap t\u0103ng c\u01b0\u1eddng s\u1ee9c kho\u1ebb cho x\u01b0\u01a1ng v\u00e0 c\u1ea3i thi\u1ec7n h\u1ec7 mi\u1ec5n d\u1ecbch t\u1ef1 nhi\u00ean v\u00f4 c\u00f9ng hi\u1ec7u qu\u1ea3.<\/p>\n<h4 id=\"ftoc-heading-7\" class=\"ftwp-heading\"><strong>5. H\u1ea1nh Nh\u00e2n<\/strong><\/h4>\n<p>Ngu\u1ed3n s\u1eaft v\u00e0 c\u00e1c vitamin B l\u00e0 riboflavin c\u00f3 trong s\u1eefa h\u1ea1nh nh\u00e2n gi\u00fap t\u0103ng c\u01b0\u1eddng c\u01a1 b\u1eafp v\u00e0 ph\u1ee5c h\u1ed3i th\u1ec3 tr\u1ea1ng r\u1ea5t nhanh. Canxi v\u00e0 vitamin nh\u00f3m D lu\u00f4n l\u00e0 th\u00e0nh ph\u1ea7n \u0111\u01b0\u1ee3c nh\u1eafc \u0111\u1ebfn trong s\u1eefa h\u1ea1nh nh\u00e2n h\u1ed7 tr\u1ee3 s\u1ee9c kho\u1ebb x\u01b0\u01a1ng hi\u1ec7u qu\u1ea3.<\/p>\n<h4 id=\"ftoc-heading-8\" class=\"ftwp-heading\"><strong>6. Vitamin\u00a0<\/strong><\/h4>\n<p>B\u1ed5 sung c\u00e1c lo\u1ea1i vitamin nh\u00f3m A, D3, B1, B6, E gi\u00fap cho s\u1ef1 ph\u00e1t tri\u1ec3n to\u00e0n di\u1ec7n c\u1ee7a c\u01a1 th\u1ec3. C\u00f9ng v\u1edbi th\u00e0nh ph\u1ea7n Sodium ascorbate, Ferric pyrophosphate, K\u1ebdm gluconat gi\u00fap cho\u00a0<strong>s\u1eefa ng\u0169 c\u1ed1c Yo Fam<\/strong>\u00a0tr\u1edf th\u00e0nh th\u1ef1c ph\u1ea9m d\u00e0nh cho m\u1ecdi l\u1ee9a tu\u1ed5i. Khi cung c\u1ea5p \u0111\u1ea7y \u0111\u1ee7 c\u00e1c d\u01b0\u1ee1ng ch\u1ea5t cho m\u1ecdi ho\u1ea1t \u0111\u1ed9ng h\u00e0ng ng\u00e0y.<\/p>\n<p><img loading=\"lazy\" decoding=\"async\" class=\"aligncenter wp-image-206 size-full\" src=\"https:\/\/mauweb.tamnguyen.vn\/thucphamchucnang6\/wp-content\/uploads\/2023\/04\/yo-fam.png\" alt=\"\" width=\"947\" height=\"900\" srcset=\"https:\/\/mauweb.tamnguyen.vn\/thucphamchucnang6\/wp-content\/uploads\/2023\/04\/yo-fam.png 947w, https:\/\/mauweb.tamnguyen.vn\/thucphamchucnang6\/wp-content\/uploads\/2023\/04\/yo-fam-300x285.png 300w, https:\/\/mauweb.tamnguyen.vn\/thucphamchucnang6\/wp-content\/uploads\/2023\/04\/yo-fam-768x730.png 768w, https:\/\/mauweb.tamnguyen.vn\/thucphamchucnang6\/wp-content\/uploads\/2023\/04\/yo-fam-600x570.png 600w\" sizes=\"auto, (max-width: 947px) 100vw, 947px\" \/><\/p>\n<h2 id=\"ftoc-heading-9\" class=\"ftwp-heading\">L\u1ee3i \u00edch khi th\u01b0\u1eddng xuy\u00ean d\u00f9ng s\u1eefa ng\u0169 c\u1ed1c Yo Fam<\/h2>\n<div>Ng\u00e0y nay, s\u1eefa h\u1ea1t c\u00e0ng ng\u00e0y c\u00e0ng tr\u1edf l\u00ean ph\u1ed5 bi\u1ebfn do h\u00e0m l\u01b0\u1ee3ng dinh d\u01b0\u1ee1ng cao, d\u1ec5 ti\u00eau ho\u00e1 m\u00e0 h\u00e0m l\u01b0\u1ee3ng Cholesterol l\u1ea1i th\u1ea5p h\u01a1n nhi\u1ec1u so v\u1edbi s\u1eefa \u0111\u1ed9ng v\u1eadt. Nh\u1eefng l\u1ee3i \u00edch khi s\u1eed d\u1ee5ng s\u1eefa si\u00eau Yo Fam th\u01b0\u1eddng xuy\u00ean sau \u0111\u00e2y, s\u1ebd cho b\u1ea1n nh\u1eefng l\u1ee3i \u00edch v\u1ec1 s\u1ee9c kho\u1ebb kh\u00f4ng ng\u1edd \u0111\u1ea5y:<\/div>\n<ul>\n<li>Cung c\u1ea5p \u0111\u1ea7y \u0111\u1ee7 d\u01b0\u1ee1ng ch\u1ea5t h\u00e0ng ng\u00e0y cho c\u01a1 th\u1ec3, c\u00f3 th\u1ec3 thay th\u1ebf b\u1eefa \u0103n h\u00e0ng ng\u00e0y, th\u00edch h\u1ee3p v\u1edbi ng\u01b0\u1eddi \u0103n chay v\u00e0 m\u1eb9 b\u1ea7u.<\/li>\n<li>Gi\u00fap c\u01a1 th\u1ec3 deo dai v\u00e0 kho\u1ebb m\u1ea1nh.<\/li>\n<li>H\u1ed7 tr\u1ee3 s\u1ee9c kho\u1ebb tim m\u1ea1ch, ti\u1ec3u \u0111\u01b0\u1eddng v\u00e0 thi\u1ebfu h\u1ee5t canxi.<\/li>\n<li>Thon d\u00e1ng, \u0111\u1eb9p da, gi\u00fap h\u1ed7 tr\u1ee3 qu\u00e1 tr\u00ecnh ki\u1ec3m so\u00e1t c\u00e2n n\u1eb7ng.<\/li>\n<\/ul>\n<h2 id=\"ftoc-heading-10\" class=\"ftwp-heading\">Review s\u1eefa si\u00eau h\u1ea1t Yo Fam c\u00f3 t\u1ed1t kh\u00f4ng?<\/h2>\n<h4 id=\"ftoc-heading-11\" class=\"ftwp-heading\"><strong>Yo Fam \u2013 s\u1ea3n ph\u1ea9m si\u00eau dinh d\u01b0\u1ee1ng d\u00e0nh cho m\u1eb9 b\u1ea7u<\/strong><\/h4>\n<p><strong>Ch\u1ecb Linh chia s\u1ebb:<\/strong>\u00a0Trong qu\u00e1 tr\u00ecnh mang thai v\u00e0 sinh n\u1edf, do thai ngh\u00e9n n\u00ean t\u00f4i kh\u00f4ng th\u1ec3 \u0103n \u0111\u01b0\u1ee3c nhi\u1ec1u, s\u1ee3 con k\u00e9m ph\u00e1t tri\u1ec3n v\u00ec kh\u00f4ng cung c\u1ea5p \u0111\u1ee7 ch\u1ea5t dinh d\u01b0\u1ee1ng cho c\u01a1 th\u1ec3. \u0110\u01b0\u1ee3c m\u1ed9t ng\u01b0\u1eddi quen gi\u1edbi thi\u1ec7u n\u00ean t\u00f4i \u0111\u00e3 l\u1ef1a ch\u1ecdn v\u00e0 tin d\u00f9ng s\u1eefa si\u00eau h\u1ea1t Yo Fam. V\u1edbi th\u00e0nh ph\u1ea7n ch\u1ee7 y\u1ebfu l\u00e0 h\u1ea1t \u00f3c ch\u00f3 \u0111\u01b0\u1ee3c cho l\u00e0 si\u00eau dinh d\u01b0\u1ee1ng d\u00e0nh cho m\u1eb9 b\u1ea7u, C\u00f9ng v\u1edbi \u0111\u00f3 l\u00e0 h\u1ea1t macca, h\u1ea1t s\u1eefa lanh, h\u1ea1t h\u1ea1nh nh\u00e2n b\u1ed5 sung c\u00e1c lo\u1ea1i vitamin nh\u00f3m A, D3, B1, B6, E gi\u00fap cho s\u1ef1 ph\u00e1t tri\u1ec3n to\u00e0n di\u1ec7n c\u1ee7a c\u01a1 th\u1ec3.<\/p>\n<p>Nh\u1eefng b\u1eefa \u0103n c\u1ee7a t\u00f4i \u0111\u1ec1u \u0111\u01b0\u1ee3c thay th\u1ebf b\u1eb1ng Yo Fam, c\u01a1 th\u1ec3 t\u00f4i c\u1ea3m th\u1ea5y tho\u1ea3i m\u00e1i, kho\u1ebb m\u1ea1nh h\u01a1n v\u00e0 con c\u0169ng t\u0103ng tr\u01b0\u1edfng t\u1ed1t h\u01a1n. V\u1edbi nh\u1eefng l\u1ee3i \u00edch m\u00e0 s\u1ea3n ph\u1ea9m mang l\u1ea1i, t\u00f4i th\u1ea5y Yo Fam ch\u00ednh l\u00e0 ng\u01b0\u1eddi b\u1ea1n \u0111\u1ed3ng h\u00e0nh trong su\u1ed1t th\u1eddi gian thai k\u1ef3 c\u1ee7a c\u00e1c m\u1eb9 b\u1ea7u.<\/p>\n<h4 id=\"ftoc-heading-12\" class=\"ftwp-heading\"><strong>Ki\u1ec3m so\u00e1t \u0111\u01b0\u1eddng huy\u1ebft, ng\u0103n ng\u1eeba bi\u1ebfn ch\u1ee9ng c\u1ee7a b\u1ec7nh ti\u1ec3u \u0111\u01b0\u1eddng nh\u1edd s\u1eed d\u1ee5ng s\u1eefa Yo Fam<\/strong><\/h4>\n<p><strong>B\u00e1c S\u00e1ng (60 tu\u1ed5i) cho bi\u1ebft:<\/strong>\u00a0tr\u01b0\u1edbc kia t\u00f4i b\u1ecb ti\u1ec3u \u0111\u01b0\u1eddng, c\u01a1 th\u1ec3 l\u00fac n\u00e0o c\u0169ng \u0111\u00f3i v\u00e0 m\u1ec7t m\u1ecfi, th\u01b0\u1eddng xuy\u00ean \u0111i ti\u1ec3u \u0111\u00eam v\u00e0 th\u00e8m ng\u1ecdt, ch\u1ec9 s\u1ed1 \u0111\u01b0\u1eddng huy\u1ebft l\u00fac n\u00e0o c\u0169ng tr\u00ean 8.0. Ch\u1ec9 khi t\u00f4i bi\u1ebft \u0111\u1ebfn s\u1ea3n ph\u1ea9m s\u1eefa dinh d\u01b0\u1ee1ng Yo Fam th\u00ec ch\u1ec9 s\u1ed1 \u0111\u01b0\u1eddng huy\u1ebft duy tr\u00ec t\u1ed1t \u1edf m\u1ee9c 5.0. T\u00f4i kh\u00f4ng c\u00f2n c\u1ea3m gi\u00e1c th\u00e8m \u0111\u1ed3 ng\u1ecdt, t\u00ecnh tr\u1ea1ng \u0111\u00f3i v\u00e0 m\u1ec7t m\u1ecfi thuy\u00ean gi\u1ea3m \u0111\u00e1ng k\u1ec3. Kh\u00f4ng c\u1ea7n \u0103n qu\u00e1 nhi\u1ec1u nh\u1eefng v\u1eabn cung c\u1ea5p \u0111\u1ee7 ch\u1ea5t dinh d\u01b0\u1ee1ng trong c\u01a1 th\u1ec3.<\/p>\n<p>T\u00ecnh tr\u1ea1ng m\u00e0 b\u00e1c S\u00e1ng g\u1eb7p ph\u1ea3i l\u00e0 m\u1ed9t trong nh\u1eefng t\u00ecnh tr\u1ea1ng ph\u1ed5 bi\u1ebfn \u1edf ng\u01b0\u1eddi cao tu\u1ed5i hi\u1ec7n nay. V\u1edbi th\u00e0nh ph\u1ea7n chi\u1ebft xu\u1ea5t t\u1eeb c\u00e1c lo\u1ea1i h\u1ea1t c\u00f3 h\u00e0m l\u01b0\u1ee3ng dinh d\u01b0\u1ee1ng cao nh\u01b0 h\u1ea1t macca, s\u1eefa lanh, y\u1ebfn m\u1ea1ch. V\u00e0 \u0111\u1eb7c bi\u1ec7t l\u00e0 h\u1ea1t \u00f3c ch\u00f3 \u0111\u01b0\u1ee3c khuy\u1ebfn c\u00e1o l\u00e0 s\u1ea3n ph\u1ea9m th\u1ef1c s\u1ef1 ph\u00f9 h\u1ee3p v\u1edbi ng\u01b0\u1eddi ti\u1ec3u \u0111\u01b0\u1eddng b\u1edfi kh\u1ea3 n\u0103ng t\u0103ng insulin, gi\u1ea3m \u0111\u01b0\u1eddng huy\u1ebft.<\/p>\n<p>V\u1edbi h\u01b0\u01a1ng v\u1ecb th\u01a1m ngon, ti\u1ec7n l\u1ee3i,\u00a0<strong>Yo Fam<\/strong>\u00a0tr\u1edf th\u00e0nh m\u1ed9t ng\u01b0\u1eddi b\u1ea1n \u0111\u1ed3ng h\u00e0nh c\u00f9ng v\u1edbi m\u1ed7i gia \u0111\u00ecnh \u0111\u1ec3 cung c\u1ea5p \u0111\u1ea7y \u0111\u1ee7 d\u01b0\u1ee1ng ch\u1ea5t cho ho\u1ea1t \u0111\u1ed9ng h\u00e0ng ng\u00e0y.<\/p>\n","protected":false},"excerpt":{"rendered":"<p>Tinh tu\u00fd t\u1eeb ch\u1ebf \u0111\u1ed9 dinh d\u01b0\u1ee1ng thu\u1eadn t\u1ef1 nhi\u00ean l\u00e0 m\u1ed9t cu\u1ed9c c\u00e1ch m\u1ea1ng d\u00e0nh cho s\u1ee9c kho\u1ebb c\u1ea3 gia \u0111\u00ecnh. S\u1eefa h\u1ea1t Yo Fam th\u1eeba k\u1ebf nh\u1eefng gi\u00e1 tr\u1ecb qu\u00fd b\u00e1u t\u1eeb s\u1ea3n ph\u1ea9m s\u1eefa \u0111\u1ed9ng v\u1eadt v\u00e0 ph\u00e1t tri\u1ec3n n\u00ean d\u00f2ng th\u1ef1c ph\u1ea9m si\u00eau dinh d\u01b0\u1ee1ng cho s\u1ee9c kho\u1ebb.<\/p>\n","protected":false},"featured_media":341,"comment_status":"open","ping_status":"closed","template":"","meta":[],"product_brand":[],"product_cat":[18],"product_tag":[],"class_list":{"0":"post-380","1":"product","2":"type-product","3":"status-publish","4":"has-post-thumbnail","6":"product_cat-san-pham","8":"first","9":"instock","10":"shipping-taxable","11":"purchasable","12":"product-type-simple"},"_links":{"self":[{"href":"https:\/\/mauweb.tamnguyen.vn\/thucphamchucnang6\/wp-json\/wp\/v2\/product\/380","targetHints":{"allow":["GET"]}}],"collection":[{"href":"https:\/\/mauweb.tamnguyen.vn\/thucphamchucnang6\/wp-json\/wp\/v2\/product"}],"about":[{"href":"https:\/\/mauweb.tamnguyen.vn\/thucphamchucnang6\/wp-json\/wp\/v2\/types\/product"}],"replies":[{"embeddable":true,"href":"https:\/\/mauweb.tamnguyen.vn\/thucphamchucnang6\/wp-json\/wp\/v2\/comments?post=380"}],"wp:featuredmedia":[{"embeddable":true,"href":"https:\/\/mauweb.tamnguyen.vn\/thucphamchucnang6\/wp-json\/wp\/v2\/media\/341"}],"wp:attachment":[{"href":"https:\/\/mauweb.tamnguyen.vn\/thucphamchucnang6\/wp-json\/wp\/v2\/media?parent=380"}],"wp:term":[{"taxonomy":"product_brand","embeddable":true,"href":"https:\/\/mauweb.tamnguyen.vn\/thucphamchucnang6\/wp-json\/wp\/v2\/product_brand?post=380"},{"taxonomy":"product_cat","embeddable":true,"href":"https:\/\/mauweb.tamnguyen.vn\/thucphamchucnang6\/wp-json\/wp\/v2\/product_cat?post=380"},{"taxonomy":"product_tag","embeddable":true,"href":"https:\/\/mauweb.tamnguyen.vn\/thucphamchucnang6\/wp-json\/wp\/v2\/product_tag?post=380"}],"curies":[{"name":"wp","href":"https:\/\/api.w.org\/{rel}","templated":true}]}}