{"id":23,"date":"2023-04-04T18:34:40","date_gmt":"2023-04-04T11:34:40","guid":{"rendered":"https:\/\/mauweb.tamnguyen.vn\/thucphamchucnang6\/?page_id=23"},"modified":"2023-04-07T11:56:32","modified_gmt":"2023-04-07T04:56:32","slug":"dang-ky-dai-ly","status":"publish","type":"page","link":"https:\/\/mauweb.tamnguyen.vn\/thucphamchucnang6\/dang-ky-dai-ly\/","title":{"rendered":"\u0110\u0103ng k\u00fd \u0111\u1ea1i l\u00fd"},"content":{"rendered":"\t<section class=\"section hop-tac-section section6 dark\" id=\"section_653901847\">\n\t\t<div class=\"bg section-bg fill bg-fill  \" >\n\n\t\t\t\n\t\t\t\n\t\t\t\n\n\t\t<\/div>\n\n\t\t\n\n\t\t<div class=\"section-content relative\">\n\t\t\t\n<div class=\"row align-middle\"  id=\"row-663934219\">\n\n\t<div id=\"col-1474997622\" class=\"col medium-8 small-12 large-8\"  data-animate=\"bounceIn\">\n\t\t\t\t<div class=\"col-inner\"  >\n\t\t\t\n\t\t\t\n<div class=\"container section-title-container\" ><h2 class=\"section-title section-title-center\"><b><\/b><span class=\"section-title-main\" >L\u1eddi m\u1eddi h\u1ee3p t\u00e1c to\u00e0n qu\u1ed1c<\/span><b><\/b><\/h2><\/div>\n\t<div id=\"text-1545705195\" class=\"text\">\n\t\t\n<p>B.O.T Vi\u1ec7t Nam l\u00e0 th\u01b0\u01a1ng hi\u1ec7u c\u00f3 nhi\u1ec1u n\u0103m kinh nghi\u1ec7m trong vi\u1ec7c cung c\u1ea5p v\u00e0 s\u1ea3n xu\u1ea5t c\u00e1c s\u1ea3n ph\u1ea9m h\u1ed7 tr\u1ee3 s\u1ee9c kh\u1ecfe v\u00e0 s\u1eafc \u0111\u1eb9p. V\u1edbi h\u1ec7 sinh th\u00e1i c\u00e1c s\u1ea3n ph\u1ea9m ch\u0103m s\u00f3c s\u1ee9c kh\u1ecfe uy t\u00edn s\u1ed1 1 t\u1ea1i Vi\u1ec7t Nam. B.O.T l\u00e0 c\u00e1i n\u00f4i ki\u1ebfn t\u1ea1o l\u00ean nhi\u1ec1u doanh nh\u00e2n tr\u1ebb th\u00e0nh \u0111\u1ea1t \u0111i l\u00ean t\u1eeb con s\u1ed1 0.<\/p>\n<p>B.O.T Vi\u1ec7t Nam v\u1edbi th\u1ebf m\u1ea1nh v\u1ec1 s\u1ea3n ph\u1ea9m ch\u1ea5t l\u01b0\u1ee3ng, \u0111\u01b0\u1eddng \u1ed1ng \u0111\u00e0o t\u1ea1o quy chu\u1ea9n v\u00e0 \u00e1p d\u1ee5ng c\u00f4ng ngh\u1ec7 nh\u00e2n b\u1ea3n h\u1ec7 th\u1ed1ng l\u1ea7n \u0111\u1ea7u ti\u00ean xu\u1ea5t hi\u1ec7n t\u1ea1i Vi\u1ec7t Nam. \u0110\u00f3 ch\u00ednh l\u00e0 n\u1ec1n t\u1ea3ng \u0111\u1ec3 ch\u00fang t\u00f4i x\u00e1c l\u1eadp l\u1ee3i th\u1ebf c\u1ea1nh tranh v\u00e0 kh\u1eb3ng \u0111\u1ecbnh v\u1ecb th\u1ebf c\u1ee7a m\u00ecnh tr\u00ean th\u1ecb tr\u01b0\u1eddng kinh doanh Online.<\/p>\n<p>Ch\u00fang t\u00f4i lu\u00f4n m\u1edf r\u1ed9ng c\u1eeda ch\u00e0o \u0111\u00f3n c\u00e1c b\u1ea1n tr\u1ebb v\u1edbi \u0111am m\u00ea kinh doanh, mu\u1ed1n th\u1eed s\u1ee9c v\u00e0 kh\u1eb3ng \u0111\u1ecbnh m\u00ecnh trong 1 l\u0129nh v\u1ef1c m\u1edbi. Ch\u00fang t\u00f4i c\u0169ng s\u1eb5n s\u00e0ng chia s\u1ebb nh\u1eefng ki\u1ebfn th\u1ee9c, b\u00e0i h\u1ecdc v\u1ec1 kinh doanh 1 c\u00e1ch th\u1ef1c chi\u1ebfn nh\u1ea5t. Gi\u00fap b\u1ea1n c\u00f3 1 con \u0111\u01b0\u1eddng ph\u00e1t tri\u1ec3n nhanh nh\u1ea5t v\u00e0 l\u1ed9 tr\u00ecnh \u0111\u1ea1t \u0111\u01b0\u1ee3c m\u1ee5c ti\u00eau v\u1ec1 t\u00e1i ch\u00ednh.<\/p>\n<p>D\u00f9 b\u1ea1n l\u00e0 ng\u01b0\u1eddi m\u1edbi, ch\u01b0a c\u00f3 kinh nghi\u1ec7m, ch\u01b0a kinh doanh bao gi\u1edd,.. hay nh\u1eefng ng\u01b0\u1eddi \u0111\u00e3 t\u1eebng kinh doanh nh\u01b0ng ch\u01b0a th\u00e0nh c\u00f4ng th\u00ec c\u0169ng \u0111\u1eebng lo nh\u00e9. \u1ede \u0111\u00e2y, ch\u00fang t\u00f4i c\u00f3 nh\u1eefng chuy\u00ean gia h\u00e0ng \u0111\u1ea7u v\u1ec1 t\u00e0i ch\u00ednh, kinh doanh, x\u00e2y d\u1ef1ng h\u1ec7 th\u1ed1ng,.. h\u1ed7 tr\u1ee3 b\u1ea1n.<\/p>\n<p>Nh\u1eefng kh\u00f3a h\u1ecdc &amp; \u0111\u00e0o t\u1ea1o v\u1ec1 TikTok, Facebook, Youtube, \u0111\u01b0\u1ee3c t\u1ed5 ch\u1ee9c v\u00e0 update li\u00ean t\u1ee5c. S\u1ebd l\u00e0 \u0111\u00f2n b\u1ea9y v\u00e0 v\u0169 kh\u00ed h\u1eefu d\u1ee5ng cho s\u1ef1 nghi\u1ec7p kinh doanh c\u1ee7a b\u1ea1n.<\/p>\n<p>Ch\u00fang t\u00f4i lu\u00f4n s\u1eb5n s\u00e0ng ch\u00e0o \u0111\u00f3n b\u1ea1n gia nh\u1eadp c\u1ed9ng \u0111\u1ed3ng doanh nh\u00e2n B.O.T Vi\u1ec7t Nam !<br \/>\n\t\t\n<style>\n#text-1545705195 {\n  text-align: center;\n  color: rgb(255, 255, 255);\n}\n#text-1545705195 > * {\n  color: rgb(255, 255, 255);\n}\n<\/style>\n\t<\/div>\n\t\n\t\t<\/div>\n\t\t\t\t\t<\/div>\n\n\t\n\n\t<div id=\"col-393634296\" class=\"col medium-4 small-12 large-4\"  data-animate=\"bounceIn\">\n\t\t\t\t<div class=\"col-inner\"  >\n\t\t\t\n\t\t\t\n\t<div id=\"gap-273406636\" class=\"gap-element clearfix hide-for-small\" style=\"display:block; height:auto;\">\n\t\t\n<style>\n#gap-273406636 {\n  padding-top: 50px;\n}\n<\/style>\n\t<\/div>\n\t\n\n<div class=\"wpcf7 no-js\" id=\"wpcf7-f632-o1\" lang=\"vi\" dir=\"ltr\">\n<div class=\"screen-reader-response\"><p role=\"status\" aria-live=\"polite\" aria-atomic=\"true\"><\/p> <ul><\/ul><\/div>\n<form action=\"\/thucphamchucnang6\/wp-json\/wp\/v2\/pages\/23#wpcf7-f632-o1\" method=\"post\" class=\"wpcf7-form init\" aria-label=\"Form li\u00ean h\u1ec7\" novalidate=\"novalidate\" data-status=\"init\">\n<div style=\"display: none;\">\n<input type=\"hidden\" name=\"_wpcf7\" value=\"632\" \/>\n<input type=\"hidden\" name=\"_wpcf7_version\" value=\"5.7.5.1\" \/>\n<input type=\"hidden\" name=\"_wpcf7_locale\" value=\"vi\" \/>\n<input type=\"hidden\" name=\"_wpcf7_unit_tag\" value=\"wpcf7-f632-o1\" \/>\n<input type=\"hidden\" name=\"_wpcf7_container_post\" value=\"0\" \/>\n<input type=\"hidden\" name=\"_wpcf7_posted_data_hash\" value=\"\" \/>\n<\/div>\n<div class=\"section6 form-mua-hang\">\n\t<div class=\"cot3\">\n\t\t<h4>\u0110\u0103ng k\u00fd h\u1ee3p t\u00e1c\n\t\t<\/h4>\n\t\t<p class=\"ghi-chu\">Vui l\u00f2ng nh\u1eadp th\u00f4ng tin b\u00ean d\u01b0\u1edbi, ch\u00fang t\u00f4i s\u1ebd li\u00ean h\u1ec7 t\u01b0 v\u1ea5n cho b\u1ea1n s\u1edbm nh\u1ea5t\n\t\t<\/p>\n\t\t<p><span class=\"wpcf7-form-control-wrap\" data-name=\"text-669\"><input size=\"40\" class=\"wpcf7-form-control wpcf7-text wpcf7-validates-as-required\" aria-required=\"true\" aria-invalid=\"false\" placeholder=\"H\u1ecd v\u00e0 t\u00ean\" value=\"\" type=\"text\" name=\"text-669\" \/><\/span><br \/>\n<span class=\"wpcf7-form-control-wrap\" data-name=\"tel-195\"><input size=\"40\" class=\"wpcf7-form-control wpcf7-text wpcf7-tel wpcf7-validates-as-required wpcf7-validates-as-tel\" aria-required=\"true\" aria-invalid=\"false\" placeholder=\"S\u1ed1 \u0111i\u1ec7n tho\u1ea1i...\" value=\"\" type=\"tel\" name=\"tel-195\" \/><\/span><br \/>\n<span class=\"wpcf7-form-control-wrap\" data-name=\"text-644\"><input size=\"40\" class=\"wpcf7-form-control wpcf7-text\" aria-invalid=\"false\" placeholder=\"\u0110\u1ecba ch\u1ec9 kinh doanh\" value=\"\" type=\"text\" name=\"text-644\" \/><\/span><br \/>\n<span class=\"wpcf7-form-control-wrap\" data-name=\"textarea-516\"><textarea cols=\"40\" rows=\"10\" class=\"wpcf7-form-control wpcf7-textarea\" aria-invalid=\"false\" placeholder=\"Ghi ch\u00fa\" name=\"textarea-516\"><\/textarea><\/span><br \/>\n<input class=\"wpcf7-form-control has-spinner wpcf7-submit\" type=\"submit\" value=\"G\u1eedi th\u00f4ng tin\" \/>\n\t\t<\/p>\n\t\t<p class=\"ghi-chu2\">M\u1ecdi th\u00f4ng tin c\u00e1 nh\u00e2n c\u1ee7a b\u1ea1n s\u1ebd \u0111\u01b0\u1ee3c b\u1ea3o m\u1eadt, v\u00e0 ch\u1ec9 s\u1eed d\u1ee5ng cho m\u1ee5c \u0111\u00edch t\u01b0 v\u1ea5n s\u1ea3n ph\u1ea9m. Xin c\u00e1m \u01a1n!\n\t\t<\/p>\n\t<\/div>\n<\/div><div class=\"wpcf7-response-output\" aria-hidden=\"true\"><\/div>\n<\/form>\n<\/div>\n\n\t\t<\/div>\n\t\t\t\t\t<\/div>\n\n\t\n<\/div>\n\t\t<\/div>\n\n\t\t\n<style>\n#section_653901847 {\n  padding-top: 50px;\n  padding-bottom: 50px;\n}\n#section_653901847 .section-bg.bg-loaded {\n  background-image: url(https:\/\/mauweb.tamnguyen.vn\/thucphamchucnang6\/wp-content\/uploads\/2023\/04\/bg-gioi-thieu.jpg);\n}\n#section_653901847 .ux-shape-divider--top svg {\n  height: 150px;\n  --divider-top-width: 100%;\n}\n#section_653901847 .ux-shape-divider--bottom svg {\n  height: 150px;\n  --divider-width: 100%;\n}\n<\/style>\n\t<\/section>\n\t\n<div class=\"row row-anh-1 row-dai-ly\"  id=\"row-1396262621\">\n\n\t<div id=\"col-266394506\" class=\"col small-12 large-12\"  >\n\t\t\t\t<div class=\"col-inner\"  >\n\t\t\t\n\t\t\t\n\t<div class=\"img has-hover x md-x lg-x y md-y lg-y\" id=\"image_1064038092\">\n\t\t\t\t\t\t\t\t<div class=\"img-inner dark\" >\n\t\t\t<img loading=\"lazy\" decoding=\"async\" width=\"1920\" height=\"692\" src=\"https:\/\/mauweb.tamnguyen.vn\/thucphamchucnang6\/wp-content\/uploads\/2023\/04\/yo-slim-bot-banner.jpg\" class=\"attachment-original size-original\" alt=\"\" srcset=\"https:\/\/mauweb.tamnguyen.vn\/thucphamchucnang6\/wp-content\/uploads\/2023\/04\/yo-slim-bot-banner.jpg 1920w, https:\/\/mauweb.tamnguyen.vn\/thucphamchucnang6\/wp-content\/uploads\/2023\/04\/yo-slim-bot-banner-300x108.jpg 300w, https:\/\/mauweb.tamnguyen.vn\/thucphamchucnang6\/wp-content\/uploads\/2023\/04\/yo-slim-bot-banner-1024x369.jpg 1024w, https:\/\/mauweb.tamnguyen.vn\/thucphamchucnang6\/wp-content\/uploads\/2023\/04\/yo-slim-bot-banner-768x277.jpg 768w, https:\/\/mauweb.tamnguyen.vn\/thucphamchucnang6\/wp-content\/uploads\/2023\/04\/yo-slim-bot-banner-1536x554.jpg 1536w, https:\/\/mauweb.tamnguyen.vn\/thucphamchucnang6\/wp-content\/uploads\/2023\/04\/yo-slim-bot-banner-600x216.jpg 600w\" sizes=\"auto, (max-width: 1920px) 100vw, 1920px\" \/>\t\t\t\t\t\t\n\t\t\t\t\t<\/div>\n\t\t\t\t\t\t\t\t\n<style>\n#image_1064038092 {\n  width: 100%;\n}\n<\/style>\n\t<\/div>\n\t\n\t\t<\/div>\n\t\t\t\t\t<\/div>\n\n\t\n\n\t<div id=\"col-302858653\" class=\"col small-12 large-12\"  >\n\t\t\t\t<div class=\"col-inner\"  >\n\t\t\t\n\t\t\t\n<div class=\"container section-title-container\" ><h2 class=\"section-title section-title-center\"><b><\/b><span class=\"section-title-main\" >L\u1eddi m\u1eddi h\u1ee3p t\u00e1c c\u00f9ng ch\u00fang t\u00f4i<\/span><b><\/b><\/h2><\/div>\n\t\t<\/div>\n\t\t\t\t\t<\/div>\n\n\t\n\n\t<div id=\"col-1719732442\" class=\"col medium-6 small-12 large-6\"  >\n\t\t\t\t<div class=\"col-inner\"  >\n\t\t\t\n\t\t\t\n<ul>\n<li><span style=\"font-size: 105%;\">D\u1ef1 \u00e1n dinh d\u01b0\u1ee1ng b\u1eb1ng c\u1ea3 t\u00e2m huy\u1ebft v\u1edbi mong mu\u1ed1n v\u00f4 c\u00f9ng b\u1ea5t k\u00ec ai c\u0169ng c\u00f3 th\u1ec3 tr\u1edf th\u00e0nh v\u1ecb b\u00e1c s\u0129 dinh d\u01b0\u1ee1ng t\u1ea1i gia. Ch\u0103m s\u00f3c s\u1ee9c kho\u1ebb cho nh\u1eefng ng\u01b0\u1eddi th\u00e2n y\u00eau.<\/span><\/li>\n<li><span style=\"font-size: 105%;\">H\u1ec7 sinh th\u00e1i s\u1ea3n ph\u1ea9m \u0111\u01b0\u1ee3c nghi\u00ean c\u1ee9u t\u1eeb nh\u1eefng nguy\u00ean li\u1ec7u cao c\u1ea5p, h\u00e0m l\u01b0\u1ee3ng dinh d\u01b0\u1ee1ng cao ph\u00f9 h\u1ee3p v\u1edbi c\u01a1 \u0111\u1ecba ng\u01b0\u1eddi Vi\u1ec7t. V\u00e0 \u0111i\u1ec1u quan tr\u1ecdng l\u00e0 h\u00e0ng hi\u1ec7u gi\u00e1 b\u00ecnh d\u00e2n. S\u1ea3n ph\u1ea9m \u0111a th\u1ebf h\u1ec7 ph\u00f9 h\u1ee3p cho m\u1ecdi l\u1ee9a tu\u1ed5i (t\u1eeb 3 tr\u1edf l\u00ean). <\/span><\/li>\n<li><span style=\"font-size: 105%;\">Cam k\u1ebft ch\u00ednh s\u00e1ch ph\u00e2n ph\u1ed1i t\u1ed1t nh\u1ea5t th\u1ecb tr\u01b0\u1eddng. Ch\u00ednh s\u00e1ch chi\u1ebft kh\u1ea5u t\u1ed1t, fix c\u1ee9ng cho \u0111\u1ed1i t\u00e1c kinh doanh t\u1eeb 20% &#8211; 113%. Ch\u01b0a bao g\u1ed3m c\u00e1c ch\u01b0\u01a1ng tr\u00ecnh th\u01b0\u1edfng h\u00e0ng qu\u00fd, h\u00e0ng n\u0103m.<\/span><\/li>\n<li><span style=\"font-size: 105%;\">B.O.T th\u01b0\u1eddng xuy\u00ean t\u1ed5 ch\u1ee9c nh\u1eefng kho\u00e1 coaching v\u1ec1 ch\u00ednh s\u00e1ch 2 c\u1ea5p \u0111\u1ed9 c\u01a1 b\u1ea3n. V\u00e0 n\u00e2ng cao \u0111\u1ec3 t\u1ed1i \u01b0u d\u00f2ng ti\u1ec1n v\u00e0 thu nh\u1eadp cho \u0111\u1ed1i t\u00e1c kinh doanh. Ch\u01b0\u01a1ng tr\u00ecnh \u0111\u1ed9c nh\u1ea5t th\u1ecb tr\u01b0\u1eddng Vi\u1ec7t Nam.<\/span><\/li>\n<\/ul>\n\t\t<\/div>\n\t\t\t\t\t<\/div>\n\n\t\n\n\t<div id=\"col-788789028\" class=\"col medium-6 small-12 large-6\"  >\n\t\t\t\t<div class=\"col-inner\"  >\n\t\t\t\n\t\t\t\n<ul>\n<li><span style=\"font-size: 105%;\">Chuy\u1ec3n giao quy tr\u00ecnh \u0111\u1ec3 c\u00f3 thu nh\u1eadp 100tr\/th\u00e1ng trong 6 th\u00e1ng chi ti\u1ebft t\u1eebng milimet.. Tr\u1edf th\u00e0nh nh\u00e0 kinh doanh th\u1ef1c chi\u1ebfn \u0111a n\u1ec1n t\u1ea3ng (fb,tiktok) th\u00f4ng qua \u0111\u01b0\u1eddng \u1ed1ng \u0111\u00e0o t\u1ea1o c\u1ee7a BOT.<\/span><\/li>\n<li><span style=\"font-size: 105%;\">B.O.T c\u00f3 s\u1ef1 \u0111\u1ea7u t\u01b0 b\u00e0i b\u1ea3n v\u1ec1 chi\u1ebfn l\u01b0\u1ee3c truy\u1ec1n th\u00f4ng ph\u1ee7 r\u1ed9ng m\u1ecdi m\u1eb7t tr\u1eadn trong 6 th\u00e1ng ra m\u1eaft. Gi\u00fap th\u01b0\u01a1ng hi\u1ec7u chi\u1ebfm tr\u1ecdn tr\u00e1i tim c\u1ee7a b\u00e0 con Vi\u1ec7t Nam.<\/span><\/li>\n<li><span style=\"font-size: 105%;\">B.O.T c\u1ee7a c\u00f4ng ty Thi\u00ean Kim Group ho\u00e0n to\u00e0n t\u1ef1 h\u00e0o, t\u1ef1 tin v\u1edbi l\u00fd t\u01b0\u1edfng v\u00e0 t\u1ea7m nh\u00ecn trong 3 n\u0103m t\u1edbi. C\u00e2u chuy\u1ec7n th\u01b0\u01a1ng hi\u1ec7u B.O.T ch\u1eafc ch\u1eafn s\u1ebd truy\u1ec1n c\u1ea3m h\u1ee9ng s\u1ed1ng cho b\u1ea5t k\u00ec ai. \u0110\u1ec3 ai ai c\u0169ng c\u00f3 th\u1ec3 tr\u1ecdn v\u1eb9n t\u1eebng kho\u1ea3nh kh\u1eafc.<\/span><\/li>\n<li><span style=\"font-size: 105%;\">B.O.T Vi\u1ec7t Nam m\u1eddi g\u1ecdi b\u1ea1n tham gia d\u1ef1 \u00e1n nh\u00e2n v\u0103n n\u00e0y \u0111\u1ec3 c\u00f9ng ki\u1ebfn t\u1ea1o n\u00ean 1 c\u1ed9ng \u0111\u1ed3ng tinh hoa &#8211; N\u01a1i m\u00e0 \u1edf ai c\u0169ng kho\u1ebb m\u1ea1nh, tr\u00f2n \u0111\u1ea7y t\u1eeb \u0111\u00f3 lan to\u1ea3 s\u1ef1 th\u00e0nh c\u00f4ng v\u00e0 h\u1ea1nh ph\u00fac.<\/span><\/li>\n<\/ul>\n\t\t<\/div>\n\t\t\t\t\t<\/div>\n\n\t\n<\/div>\n","protected":false},"excerpt":{"rendered":"","protected":false},"author":1,"featured_media":0,"parent":0,"menu_order":0,"comment_status":"closed","ping_status":"closed","template":"page-blank.php","meta":{"footnotes":""},"class_list":["post-23","page","type-page","status-publish","hentry"],"_links":{"self":[{"href":"https:\/\/mauweb.tamnguyen.vn\/thucphamchucnang6\/wp-json\/wp\/v2\/pages\/23","targetHints":{"allow":["GET"]}}],"collection":[{"href":"https:\/\/mauweb.tamnguyen.vn\/thucphamchucnang6\/wp-json\/wp\/v2\/pages"}],"about":[{"href":"https:\/\/mauweb.tamnguyen.vn\/thucphamchucnang6\/wp-json\/wp\/v2\/types\/page"}],"author":[{"embeddable":true,"href":"https:\/\/mauweb.tamnguyen.vn\/thucphamchucnang6\/wp-json\/wp\/v2\/users\/1"}],"replies":[{"embeddable":true,"href":"https:\/\/mauweb.tamnguyen.vn\/thucphamchucnang6\/wp-json\/wp\/v2\/comments?post=23"}],"version-history":[{"count":9,"href":"https:\/\/mauweb.tamnguyen.vn\/thucphamchucnang6\/wp-json\/wp\/v2\/pages\/23\/revisions"}],"predecessor-version":[{"id":772,"href":"https:\/\/mauweb.tamnguyen.vn\/thucphamchucnang6\/wp-json\/wp\/v2\/pages\/23\/revisions\/772"}],"wp:attachment":[{"href":"https:\/\/mauweb.tamnguyen.vn\/thucphamchucnang6\/wp-json\/wp\/v2\/media?parent=23"}],"curies":[{"name":"wp","href":"https:\/\/api.w.org\/{rel}","templated":true}]}}