{"id":466,"date":"2019-09-28T00:44:32","date_gmt":"2019-09-27T17:44:32","guid":{"rendered":"http:\/\/noithat29.maugiaodien.com\/?page_id=466"},"modified":"2021-12-28T18:00:16","modified_gmt":"2021-12-28T11:00:16","slug":"huong-dan-mua-hang","status":"publish","type":"page","link":"https:\/\/mauweb.tamnguyen.vn\/noithat29\/huong-dan-mua-hang\/","title":{"rendered":"H\u01b0\u1edbng d\u1eabn mua h\u00e0ng"},"content":{"rendered":"<h1 style=\"text-align: center;\">H\u01af\u1edaNG D\u1eaaN MUA H\u00c0NG<\/h1>\n<p>C\u1ea3m \u01a1n Q\u00fay kh\u00e1ch h\u00e0ng \u0111\u00e3 l\u1ef1a ch\u1ecdn s\u1ea3n ph\u1ea9m n\u1ed9i th\u1ea5t nh\u1ef1a b\u00ean T\u1eeb Gia Th\u1ecbnh c\u1ee7a ch\u00fang t\u00f4i. Sau \u0111\u00e2y, T\u00f4i xin h\u01b0\u1edbng d\u1eabn qu\u00fd kh\u00e1ch c\u00e1ch mua h\u00e0ng t\u1eeb N\u1ed9i Th\u1ea5t Nh\u1ef1a T\u1eeb Gia Th\u1ecbnh.<\/p>\n<p><strong>C\u00e1ch 1:<\/strong> Q\u00fay kh\u00e1ch h\u00e0ng c\u00f3 th\u1ec3 \u0111\u1ebfn tr\u1ef1c ti\u1ebfp t\u1ea1i Showroom c\u1ee7a c\u1eeda h\u00e0ng webdemo.com. C\u1ee5 th\u1ec3:<\/p>\n<ul>\n<li>\u0110\u1ecba ch\u1ec9: xxx Tr\u1ea7n H\u01b0ng \u0110\u1ea1o &#8211; \u0110i\u1ec7n Ng\u1ecdc &#8211; \u0110i\u1ec7n B\u00e0n &#8211; Qu\u1ea3ng Nam<\/li>\n<\/ul>\n<p>G\u1ecdi Hotline s\u1ed1 <strong>096.487.xxxx<\/strong>\u00a0\u0111\u1ec3 \u0111\u01b0\u1ee3c h\u01b0\u1edbng d\u1eabn c\u1ee5 th\u1ec3 ho\u1eb7c c\u00f3 th\u1ec3 t\u01b0 v\u1ea5n mua h\u00e0ng tr\u1ef1c ti\u1ebfp tr\u00ean Hotline.<\/p>\n<p><strong>C\u00e1ch 2:\u00a0<\/strong>Xem s\u01a1 \u0111\u1ed3 ch\u1ec9 \u0111\u01b0\u1eddng t\u1eeb google map b\u00ean d\u01b0\u1edbi, sau \u0111\u00f3 \u0111\u1ebfn tr\u1ef1c ti\u1ebfp c\u1eeda h\u00e0ng b\u00ean T\u1eeb Gia Th\u1ecbnh t\u1ea1i xxx Tr\u1ea7n H\u01b0ng \u0110\u1ea1o &#8211; \u0110i\u1ec7n Ng\u1ecdc &#8211; \u0110i\u1ec7n B\u00e0n &#8211; Qu\u1ea3ng Nam.<\/p>\n<p><iframe loading=\"lazy\" style=\"border: 0;\" src=\"https:\/\/www.google.com\/maps\/embed?pb=!1m14!1m8!1m3!1d7671.597642868968!2d108.255057!3d15.971879!3m2!1i1024!2i768!4f13.1!3m3!1m2!1s0x314210898d7b8361%3A0x9e7e83f26dd481f1!2zMjcwIMSQLiBUcuG6p24gSMawbmcgxJDhuqFvLCDEkGnhu4duIE5n4buNYywgTmfFqSBIw6BuaCBTxqFuLCDEkMOgIE7hurVuZyA1NTAwMDAsIFZp4buHdCBOYW0!5e0!3m2!1svi!2sus!4v1640688831464!5m2!1svi!2sus\" width=\"800\" height=\"450\" allowfullscreen=\"allowfullscreen\"><span data-mce-type=\"bookmark\" style=\"display: inline-block; width: 0px; overflow: hidden; line-height: 0;\" class=\"mce_SELRES_start\">\ufeff<\/span><span data-mce-type=\"bookmark\" style=\"display: inline-block; width: 0px; overflow: hidden; line-height: 0;\" class=\"mce_SELRES_start\">\ufeff<\/span><\/iframe><\/p>\n<p>T\u1ea5t c\u1ea3 s\u1ea3n ph\u1ea9m tr\u00ean Noithatnhuatgt.com, \u0111\u1ec3 bi\u1ebft th\u00eam v\u1ec1 th\u00f4ng tin s\u1ea3n ph\u1ea9m, gi\u00e1 b\u00e1n, ho\u1eb7c \u0111\u1eb7t l\u00e0m t\u1ee7 theo y\u00eau c\u1ea7u. Q\u00fay kh\u00e1ch g\u1ecdi tr\u1ef1c ti\u1ebfp s\u1ed1 \u0111i\u1ec7n tho\u1ea1i Hotline: <strong>096.487.xxxx<\/strong>\u00a0\u0111\u1ec3 \u0111\u01b0\u1ee3c ph\u1ee5c v\u1ee5 chu \u0111\u00e1o h\u01a1n.<\/p>\n<p><strong>C\u00e1ch 3<\/strong>: Truy c\u1eadp v\u00e0o c\u00e1c trang m\u1ea1ng x\u00e3 h\u1ed9i ch\u00ednh th\u1ee9c c\u1ee7a N\u1ed9i Th\u1ea5t nh\u1ef1a T\u1eeb Gia Th\u1ecbnh nh\u01b0:<\/p>\n<p><strong>Truy c\u1ea5p trang fanpage Facebook: <\/strong><a href=\"https:\/\/www.facebook.com\/N%E1%BB%99i-Th%E1%BA%A5t-nh%E1%BB%B1a-%C4%90%C3%A0i-Loan-T%E1%BB%AA-GIA-TH%E1%BB%8ANH-0788005940-194537395440824\/\">N\u1ed9i Th\u1ea5t nh\u1ef1a \u0110\u00e0i Loan T\u1eea GIA TH\u1ecaNH<\/a><\/p>\n<p><strong>Truy c\u1eadp Zalo:\u00a0<\/strong><a href=\"https:\/\/zalo.me\/096487xxxx\" target=\"_blank\" rel=\"noreferrer noopener nofollow\">Zalo Mr T\u1eeb Th\u00e1i<\/a><\/p>\n<p><em>* Ghi ch\u00fa: H\u00e3y click v\u00e0o \u0111\u1ec3 truy c\u1eadp v\u00e0o facebook, zalo nh\u00e9.<\/em><\/p>\n","protected":false},"excerpt":{"rendered":"<p>H\u01af\u1edaNG D\u1eaaN MUA H\u00c0NG C\u1ea3m \u01a1n Q\u00fay kh\u00e1ch h\u00e0ng \u0111\u00e3 l\u1ef1a ch\u1ecdn s\u1ea3n ph\u1ea9m n\u1ed9i th\u1ea5t nh\u1ef1a b\u00ean T\u1eeb Gia Th\u1ecbnh c\u1ee7a ch\u00fang t\u00f4i. Sau \u0111\u00e2y, T\u00f4i xin h\u01b0\u1edbng d\u1eabn qu\u00fd kh\u00e1ch c\u00e1ch mua h\u00e0ng t\u1eeb N\u1ed9i Th\u1ea5t Nh\u1ef1a T\u1eeb Gia Th\u1ecbnh. C\u00e1ch 1: Q\u00fay kh\u00e1ch h\u00e0ng c\u00f3 th\u1ec3 \u0111\u1ebfn tr\u1ef1c ti\u1ebfp t\u1ea1i Showroom c\u1ee7a..<\/p>\n","protected":false},"author":1,"featured_media":0,"parent":0,"menu_order":0,"comment_status":"closed","ping_status":"closed","template":"page-right-sidebar.php","meta":{"footnotes":""},"class_list":["post-466","page","type-page","status-publish","hentry"],"yoast_head":"<!-- This site is optimized with the Yoast SEO plugin v17.8 - https:\/\/yoast.com\/wordpress\/plugins\/seo\/ -->\n<title>H\u01b0\u1edbng d\u1eabn mua h\u00e0ng - \u0110\u1ea1i L\u00fd Tr\u1ea7n Kim Huy\u1ec1n<\/title>\n<meta name=\"description\" content=\"Chi ti\u1ebft h\u01b0\u1edbng d\u1eabn mua h\u00e0ng v\u00e0 thanh to\u00e1n khi mua h\u00e0ng tr\u1ef1c tuy\u1ebfn tr\u00ean website DaiLyTranKimHuyen.com - \u0110\u1ea1i L\u00fd ch\u00ednh h\u00e3ng Th\u1ea3o m\u1ed9c Tr\u1ea7n Kim Huy\u1ec1n\" \/>\n<meta name=\"robots\" content=\"noindex, follow, max-snippet:-1, max-image-preview:large, max-video-preview:-1\" \/>\n<meta property=\"og:locale\" content=\"vi_VN\" \/>\n<meta property=\"og:type\" content=\"article\" \/>\n<meta property=\"og:title\" content=\"H\u01b0\u1edbng d\u1eabn mua h\u00e0ng - \u0110\u1ea1i L\u00fd Tr\u1ea7n Kim Huy\u1ec1n\" \/>\n<meta property=\"og:description\" content=\"Chi ti\u1ebft h\u01b0\u1edbng d\u1eabn mua h\u00e0ng v\u00e0 thanh to\u00e1n khi mua h\u00e0ng tr\u1ef1c tuy\u1ebfn tr\u00ean website DaiLyTranKimHuyen.com - \u0110\u1ea1i L\u00fd ch\u00ednh h\u00e3ng Th\u1ea3o m\u1ed9c Tr\u1ea7n Kim Huy\u1ec1n\" \/>\n<meta property=\"og:url\" content=\"https:\/\/mauweb.tamnguyen.vn\/noithat29\/huong-dan-mua-hang\/\" \/>\n<meta property=\"og:site_name\" content=\"N\u1ed9i Th\u1ea5t T\u1eeb Gia Th\u1ecbnh\" \/>\n<meta property=\"article:modified_time\" content=\"2021-12-28T11:00:16+00:00\" \/>\n<meta name=\"twitter:card\" content=\"summary_large_image\" \/>\n<meta name=\"twitter:label1\" content=\"\u01af\u1edbc t\u00ednh th\u1eddi gian \u0111\u1ecdc\" \/>\n\t<meta name=\"twitter:data1\" content=\"2 ph\u00fat\" \/>\n<script type=\"application\/ld+json\" class=\"yoast-schema-graph\">{\"@context\":\"https:\/\/schema.org\",\"@graph\":[{\"@type\":\"Organization\",\"@id\":\"https:\/\/mauweb.tamnguyen.vn\/noithat29\/#organization\",\"name\":\"\\u0110\\u1ea1i L\\u00fd Tr\\u1ea7n Kim Huy\\u1ec1n\",\"url\":\"https:\/\/mauweb.tamnguyen.vn\/noithat29\/\",\"sameAs\":[],\"logo\":{\"@type\":\"ImageObject\",\"@id\":\"https:\/\/mauweb.tamnguyen.vn\/noithat29\/#logo\",\"inLanguage\":\"vi\",\"url\":\"\",\"contentUrl\":\"\",\"caption\":\"\\u0110\\u1ea1i L\\u00fd Tr\\u1ea7n Kim Huy\\u1ec1n\"},\"image\":{\"@id\":\"https:\/\/mauweb.tamnguyen.vn\/noithat29\/#logo\"}},{\"@type\":\"WebSite\",\"@id\":\"https:\/\/mauweb.tamnguyen.vn\/noithat29\/#website\",\"url\":\"https:\/\/mauweb.tamnguyen.vn\/noithat29\/\",\"name\":\"N\\u1ed9i Th\\u1ea5t T\\u1eeb Gia Th\\u1ecbnh\",\"description\":\"\",\"publisher\":{\"@id\":\"https:\/\/mauweb.tamnguyen.vn\/noithat29\/#organization\"},\"potentialAction\":[{\"@type\":\"SearchAction\",\"target\":{\"@type\":\"EntryPoint\",\"urlTemplate\":\"https:\/\/mauweb.tamnguyen.vn\/noithat29\/?s={search_term_string}\"},\"query-input\":\"required name=search_term_string\"}],\"inLanguage\":\"vi\"},{\"@type\":\"WebPage\",\"@id\":\"https:\/\/mauweb.tamnguyen.vn\/noithat29\/huong-dan-mua-hang\/#webpage\",\"url\":\"https:\/\/mauweb.tamnguyen.vn\/noithat29\/huong-dan-mua-hang\/\",\"name\":\"H\\u01b0\\u1edbng d\\u1eabn mua h\\u00e0ng - \\u0110\\u1ea1i L\\u00fd Tr\\u1ea7n Kim Huy\\u1ec1n\",\"isPartOf\":{\"@id\":\"https:\/\/mauweb.tamnguyen.vn\/noithat29\/#website\"},\"datePublished\":\"2019-09-27T17:44:32+00:00\",\"dateModified\":\"2021-12-28T11:00:16+00:00\",\"description\":\"Chi ti\\u1ebft h\\u01b0\\u1edbng d\\u1eabn mua h\\u00e0ng v\\u00e0 thanh to\\u00e1n khi mua h\\u00e0ng tr\\u1ef1c tuy\\u1ebfn tr\\u00ean website DaiLyTranKimHuyen.com - \\u0110\\u1ea1i L\\u00fd ch\\u00ednh h\\u00e3ng Th\\u1ea3o m\\u1ed9c Tr\\u1ea7n Kim Huy\\u1ec1n\",\"breadcrumb\":{\"@id\":\"https:\/\/mauweb.tamnguyen.vn\/noithat29\/huong-dan-mua-hang\/#breadcrumb\"},\"inLanguage\":\"vi\",\"potentialAction\":[{\"@type\":\"ReadAction\",\"target\":[\"https:\/\/mauweb.tamnguyen.vn\/noithat29\/huong-dan-mua-hang\/\"]}]},{\"@type\":\"BreadcrumbList\",\"@id\":\"https:\/\/mauweb.tamnguyen.vn\/noithat29\/huong-dan-mua-hang\/#breadcrumb\",\"itemListElement\":[{\"@type\":\"ListItem\",\"position\":1,\"name\":\"Trang ch\\u1ee7\",\"item\":\"https:\/\/mauweb.tamnguyen.vn\/noithat29\/\"},{\"@type\":\"ListItem\",\"position\":2,\"name\":\"H\\u01b0\\u1edbng d\\u1eabn mua h\\u00e0ng\"}]}]}<\/script>\n<!-- \/ Yoast SEO plugin. -->","yoast_head_json":{"title":"H\u01b0\u1edbng d\u1eabn mua h\u00e0ng - \u0110\u1ea1i L\u00fd Tr\u1ea7n Kim Huy\u1ec1n","description":"Chi ti\u1ebft h\u01b0\u1edbng d\u1eabn mua h\u00e0ng v\u00e0 thanh to\u00e1n khi mua h\u00e0ng tr\u1ef1c tuy\u1ebfn tr\u00ean website DaiLyTranKimHuyen.com - \u0110\u1ea1i L\u00fd ch\u00ednh h\u00e3ng Th\u1ea3o m\u1ed9c Tr\u1ea7n Kim Huy\u1ec1n","robots":{"index":"noindex","follow":"follow","max-snippet":"max-snippet:-1","max-image-preview":"max-image-preview:large","max-video-preview":"max-video-preview:-1"},"og_locale":"vi_VN","og_type":"article","og_title":"H\u01b0\u1edbng d\u1eabn mua h\u00e0ng - \u0110\u1ea1i L\u00fd Tr\u1ea7n Kim Huy\u1ec1n","og_description":"Chi ti\u1ebft h\u01b0\u1edbng d\u1eabn mua h\u00e0ng v\u00e0 thanh to\u00e1n khi mua h\u00e0ng tr\u1ef1c tuy\u1ebfn tr\u00ean website DaiLyTranKimHuyen.com - \u0110\u1ea1i L\u00fd ch\u00ednh h\u00e3ng Th\u1ea3o m\u1ed9c Tr\u1ea7n Kim Huy\u1ec1n","og_url":"https:\/\/mauweb.tamnguyen.vn\/noithat29\/huong-dan-mua-hang\/","og_site_name":"N\u1ed9i Th\u1ea5t T\u1eeb Gia Th\u1ecbnh","article_modified_time":"2021-12-28T11:00:16+00:00","twitter_card":"summary_large_image","twitter_misc":{"\u01af\u1edbc t\u00ednh th\u1eddi gian \u0111\u1ecdc":"2 ph\u00fat"},"schema":{"@context":"https:\/\/schema.org","@graph":[{"@type":"Organization","@id":"https:\/\/mauweb.tamnguyen.vn\/noithat29\/#organization","name":"\u0110\u1ea1i L\u00fd Tr\u1ea7n Kim Huy\u1ec1n","url":"https:\/\/mauweb.tamnguyen.vn\/noithat29\/","sameAs":[],"logo":{"@type":"ImageObject","@id":"https:\/\/mauweb.tamnguyen.vn\/noithat29\/#logo","inLanguage":"vi","url":"","contentUrl":"","caption":"\u0110\u1ea1i L\u00fd Tr\u1ea7n Kim Huy\u1ec1n"},"image":{"@id":"https:\/\/mauweb.tamnguyen.vn\/noithat29\/#logo"}},{"@type":"WebSite","@id":"https:\/\/mauweb.tamnguyen.vn\/noithat29\/#website","url":"https:\/\/mauweb.tamnguyen.vn\/noithat29\/","name":"N\u1ed9i Th\u1ea5t T\u1eeb Gia Th\u1ecbnh","description":"","publisher":{"@id":"https:\/\/mauweb.tamnguyen.vn\/noithat29\/#organization"},"potentialAction":[{"@type":"SearchAction","target":{"@type":"EntryPoint","urlTemplate":"https:\/\/mauweb.tamnguyen.vn\/noithat29\/?s={search_term_string}"},"query-input":"required name=search_term_string"}],"inLanguage":"vi"},{"@type":"WebPage","@id":"https:\/\/mauweb.tamnguyen.vn\/noithat29\/huong-dan-mua-hang\/#webpage","url":"https:\/\/mauweb.tamnguyen.vn\/noithat29\/huong-dan-mua-hang\/","name":"H\u01b0\u1edbng d\u1eabn mua h\u00e0ng - \u0110\u1ea1i L\u00fd Tr\u1ea7n Kim Huy\u1ec1n","isPartOf":{"@id":"https:\/\/mauweb.tamnguyen.vn\/noithat29\/#website"},"datePublished":"2019-09-27T17:44:32+00:00","dateModified":"2021-12-28T11:00:16+00:00","description":"Chi ti\u1ebft h\u01b0\u1edbng d\u1eabn mua h\u00e0ng v\u00e0 thanh to\u00e1n khi mua h\u00e0ng tr\u1ef1c tuy\u1ebfn tr\u00ean website DaiLyTranKimHuyen.com - \u0110\u1ea1i L\u00fd ch\u00ednh h\u00e3ng Th\u1ea3o m\u1ed9c Tr\u1ea7n Kim Huy\u1ec1n","breadcrumb":{"@id":"https:\/\/mauweb.tamnguyen.vn\/noithat29\/huong-dan-mua-hang\/#breadcrumb"},"inLanguage":"vi","potentialAction":[{"@type":"ReadAction","target":["https:\/\/mauweb.tamnguyen.vn\/noithat29\/huong-dan-mua-hang\/"]}]},{"@type":"BreadcrumbList","@id":"https:\/\/mauweb.tamnguyen.vn\/noithat29\/huong-dan-mua-hang\/#breadcrumb","itemListElement":[{"@type":"ListItem","position":1,"name":"Trang ch\u1ee7","item":"https:\/\/mauweb.tamnguyen.vn\/noithat29\/"},{"@type":"ListItem","position":2,"name":"H\u01b0\u1edbng d\u1eabn mua h\u00e0ng"}]}]}},"_links":{"self":[{"href":"https:\/\/mauweb.tamnguyen.vn\/noithat29\/wp-json\/wp\/v2\/pages\/466"}],"collection":[{"href":"https:\/\/mauweb.tamnguyen.vn\/noithat29\/wp-json\/wp\/v2\/pages"}],"about":[{"href":"https:\/\/mauweb.tamnguyen.vn\/noithat29\/wp-json\/wp\/v2\/types\/page"}],"author":[{"embeddable":true,"href":"https:\/\/mauweb.tamnguyen.vn\/noithat29\/wp-json\/wp\/v2\/users\/1"}],"replies":[{"embeddable":true,"href":"https:\/\/mauweb.tamnguyen.vn\/noithat29\/wp-json\/wp\/v2\/comments?post=466"}],"version-history":[{"count":4,"href":"https:\/\/mauweb.tamnguyen.vn\/noithat29\/wp-json\/wp\/v2\/pages\/466\/revisions"}],"predecessor-version":[{"id":849,"href":"https:\/\/mauweb.tamnguyen.vn\/noithat29\/wp-json\/wp\/v2\/pages\/466\/revisions\/849"}],"wp:attachment":[{"href":"https:\/\/mauweb.tamnguyen.vn\/noithat29\/wp-json\/wp\/v2\/media?parent=466"}],"curies":[{"name":"wp","href":"https:\/\/api.w.org\/{rel}","templated":true}]}}