{"id":381,"date":"2019-09-19T00:41:28","date_gmt":"2019-09-18T17:41:28","guid":{"rendered":"http:\/\/noithat29.maugiaodien.com\/?page_id=381"},"modified":"2021-12-28T00:18:25","modified_gmt":"2021-12-27T17:18:25","slug":"gioi-thieu","status":"publish","type":"page","link":"https:\/\/mauweb.tamnguyen.vn\/noithat29\/gioi-thieu\/","title":{"rendered":"Gi\u1edbi thi\u1ec7u"},"content":{"rendered":"<h1 style=\"text-align: center;\">GI\u1edaI THI\u1ec6U<\/h1>\n<p><strong><em>N\u1ed9i th\u1ea5t nh\u1ef1a T\u1eeb Gia Th\u1ecbnh<\/em><\/strong><em>\u00a0l\u00e0 m\u1ed9t trong nh\u1eefng \u0111\u01a1n v\u1ecb chuy\u00ean cung c\u1ea5p \u0111\u1ed3 n\u1ed9i th\u1ea5t cho c\u00e1c v\u0103n ph\u00f2ng, c\u00e1c gia \u0111\u00ecnh tr\u00ean to\u00e0n qu\u1ed1c. Ch\u00fang t\u00f4i lu\u00f4n n\u1ed7 l\u1ef1c \u0111\u1ec3 mang \u0111\u1ebfn s\u1ef1 h\u00e0i l\u00f2ng cho m\u1ecdi kh\u00e1ch h\u00e0ng, c\u00f9ng kh\u00e1ch h\u00e0ng tr\u1ea3i nghi\u1ec7m nh\u1eefng \u0111i\u1ec1u th\u00fa v\u1ecb nh\u1ea5t c\u1ee7a cu\u1ed9c s\u1ed1ng<\/em><strong>.<\/strong><\/p>\n<h2>1.Gi\u1edbi thi\u1ec7u v\u1ec1 ch\u00fang t\u00f4i<\/h2>\n<p>Trong nh\u1eefng n\u0103m g\u1ea7n \u0111\u00e2y, b\u00ean c\u1ea1nh nh\u1eefng \u0111\u1ed3 n\u1ed9i th\u1ea5t b\u1eb1ng g\u1ed7 th\u00ec \u0111\u1ed3 n\u1ed9i th\u1ea5t b\u1eb1ng nh\u1ef1a ng\u00e0y c\u00e0ng \u0111\u01b0\u1ee3c \u01b0u ti\u00ean s\u1eed d\u1ee5ng b\u1edfi n\u00f3 mang l\u1ea1i nh\u1eefng c\u00f4ng d\u1ee5ng h\u1ebft s\u1ee9c to l\u1edbn. \u0110\u1ec3 \u0111\u00e1p \u1ee9ng nhu c\u1ea7u s\u1eed d\u1ee5ng, ng\u00e0y c\u00e0ng nhi\u1ec1u c\u00f4ng ty s\u1ea3n xu\u1ea5t, cung c\u1ea5p n\u1ed9i th\u1ea5t nh\u1ef1a ra \u0111\u1eddi trong \u0111\u00f3 c\u00f3 T\u1eeb Gia Th\u1ecbnh.<\/p>\n<p>N\u1ed9i Th\u1ea5t T\u1eeb Gia Th\u1ecbnh tr\u1edf th\u00e0nh m\u1ed9t trong nh\u1eefng \u0111\u01a1n v\u1ecb chuy\u00ean thi\u1ebft k\u1ebf, s\u1ea3n xu\u1ea5t, l\u1eafp \u0111\u1eb7t\u00a0<strong>n\u1ed9i th\u1ea5t nh\u1ef1a Cao c\u1ea5p <\/strong>\u1edf \u0110\u00e0 N\u1eb5ng &#8211; Qu\u1ea3ng Nam. Ch\u00fang t\u00f4i chuy\u00ean thi\u1ebft k\u1ebf, l\u1eafp \u0111\u1eb7t t\u1ea1i nhi\u1ec1u c\u00f4ng tr\u00ecnh x\u00e2y d\u1ef1ng nh\u01b0 n\u1ed9i th\u1ea5t chung c\u01b0, nh\u00e0 \u1edf, bi\u1ec7t th\u1ef1, n\u1ed9i th\u1ea5t c\u1eeda h\u00e0ng, kh\u00e1ch s\u1ea1n, n\u1ed9i th\u1ea5t v\u0103n ph\u00f2ng- \u0111i\u1ec1u h\u00e0nh\u2026<\/p>\n<p><a href=\"http:\/\/noithat29.maugiaodien.com\/wp-content\/uploads\/2021\/12\/shplastic-nha-san-xuat-noi-that-nhua-dai-loan-hang-dau-viet-nam-800x293-1.jpg\"><img loading=\"lazy\" decoding=\"async\" class=\"aligncenter size-full wp-image-810\" src=\"http:\/\/noithat29.maugiaodien.com\/wp-content\/uploads\/2021\/12\/shplastic-nha-san-xuat-noi-that-nhua-dai-loan-hang-dau-viet-nam-800x293-1.jpg\" alt=\"Shplastic Nha San Xuat Noi That Nhua Dai Loan Hang Dau Viet Nam 800x293\" width=\"800\" height=\"293\" srcset=\"https:\/\/mauweb.tamnguyen.vn\/noithat29\/wp-content\/uploads\/2021\/12\/shplastic-nha-san-xuat-noi-that-nhua-dai-loan-hang-dau-viet-nam-800x293-1.jpg 800w, https:\/\/mauweb.tamnguyen.vn\/noithat29\/wp-content\/uploads\/2021\/12\/shplastic-nha-san-xuat-noi-that-nhua-dai-loan-hang-dau-viet-nam-800x293-1-768x281.jpg 768w, https:\/\/mauweb.tamnguyen.vn\/noithat29\/wp-content\/uploads\/2021\/12\/shplastic-nha-san-xuat-noi-that-nhua-dai-loan-hang-dau-viet-nam-800x293-1-600x220.jpg 600w\" sizes=\"(max-width: 800px) 100vw, 800px\" \/><\/a><\/p>\n<h2>2. Ph\u01b0\u01a1ng ch\u00e2m ho\u1ea1t \u0111\u1ed9ng c\u1ee7a n\u1ed9i th\u1ea5t nh\u1ef1a T\u1eeb Gia Th\u1ecbnh<\/h2>\n<p>N\u1ed9i th\u1ea5t nh\u1ef1a T\u1eeb Gia Th\u1ecbnh ngay sau khi ra \u0111\u1eddi v\u00e0 ho\u1ea1t \u0111\u1ed9ng \u0111\u00e3 lu\u00f4n d\u1ef1a tr\u00ean ph\u01b0\u01a1ng ch\u00e2m\u00a0<strong><em>UY T\u00cdN \u2013 CHUY\u00caN NGHI\u1ec6P -CH\u1ea4T L\u01af\u1ee2NG<\/em><\/strong>, l\u1ea5y s\u1ef1 tin t\u01b0\u1edfng c\u1ee7a kh\u00e1ch h\u00e0ng l\u00e0m m\u1ee5c ti\u00eau v\u00e0 \u0111\u1ed9ng l\u1ef1c ho\u1ea1t \u0111\u1ed9ng l\u00e2u d\u00e0i.<\/p>\n<p>Ch\u00fang t\u00f4i lu\u00f4n cho r\u1eb1ng, uy t\u00edn \u0111\u1ed1i v\u1edbi kh\u00e1ch h\u00e0ng ch\u00ednh l\u00e0 nguy\u00ean nh\u00e2n \u0111\u1ec3 m\u1ed9t doanh nghi\u1ec7p t\u1ed3n t\u1ea1i v\u00e0 ph\u00e1t tri\u1ec3n. Ch\u00ednh v\u00ec th\u1ebf nh\u1eefng s\u1ea3n ph\u1ea9m c\u1ee7a ch\u00fang t\u00f4i lu\u00f4n h\u01b0\u1edbng \u0111\u1ebfn ng\u01b0\u1eddi ti\u00eau d\u00f9ng v\u1edbi ti\u00eau ch\u00ed\u00a0<strong><em>\u0110\u1eb8P\u00a0<\/em>\u2013\u00a0<em>B\u1ec0N \u2013 SANG TR\u1eccNG<\/em><\/strong>\u00a0v\u00e0 ph\u00f9 h\u1ee3p trong nh\u1eefng kh\u00f4ng gian c\u1ee5 th\u1ec3.<\/p>\n<p>D\u1ef1a tr\u00ean ph\u01b0\u01a1ng ch\u00e2m l\u00e0m vi\u1ec7c \u0111\u00f3,\u00a0<strong>n\u1ed9i th\u1ea5t nh\u1ef1a T\u1eeb Gia Th\u1ecbnh<\/strong><strong>\u00a0<\/strong>lu\u00f4n c\u1ed1 g\u1eb1ng t\u00ecm ki\u1ebfm ngu\u1ed3n nh\u00e2n l\u1ef1c chuy\u00ean nghi\u1ec7p, t\u1eadn t\u00e2m, gi\u00e0u kinh nghi\u1ec7m c\u0169ng nh\u01b0 c\u00f3 th\u00e1i \u0111\u1ed9 nhi\u1ec7t t\u00ecnh, chu \u0111\u00e1o trong c\u00f4ng vi\u1ec7c. Ch\u00fang t\u00f4i c\u0169ng kh\u00f4ng ng\u1eebng n\u1ed7 l\u1ef1c s\u00e1ng t\u1ea1o \u0111\u1ec3 t\u00ecm t\u00f2i nh\u1eefng m\u1eabu thi\u1ebft k\u1ebf m\u1edbi l\u1ea1, chuy\u00ean d\u1ee5ng, \u0111a n\u0103ng, ti\u1ebft ki\u1ec7m di\u1ec7n t\u00edch, m\u00e0u s\u1eafc h\u00e0i h\u00f2a lu\u00f4n b\u1eaft k\u1ecbp xu h\u01b0\u1edbng m\u1edbi c\u1ee7a th\u1eddi \u0111\u1ea1i.<\/p>\n<p>\u0110\u1ebfn v\u1edbi ch\u00fang t\u00f4i, kh\u00e1ch h\u00e0ng s\u1ebd \u0111\u01b0\u1ee3c t\u01b0 v\u1ea5n c\u1ee5 th\u1ec3, l\u1eafp \u0111\u1eb7t nhanh ch\u00f3ng sao cho \u0111\u1ea3m b\u1ea3o t\u00ednh kh\u1ea3 thi, an to\u00e0n, th\u1ea9m m\u1ef9 v\u00e0 b\u1ed1 c\u1ee5c h\u00e0i h\u00f2a. V\u1edbi \u0111\u1ed9i ng\u0169 nh\u00e2n vi\u00ean chuy\u00ean nghi\u1ec7p, n\u0103ng \u0111\u1ed9ng, T\u1eeb Gia Th\u1ecbnh s\u1ebd c\u1ed1 g\u1eafng ho\u00e0n th\u00e0nh d\u1ef1 \u00e1n nhanh ch\u00f3ng theo \u0111\u00fang th\u1eddi gian \u0111\u00e3 k\u00ed k\u1ebft trong h\u1ee3p \u0111\u1ed3ng, \u0111\u1ea3m b\u1ea3o nhanh nh\u1ea5t, kh\u00f4ng l\u00e0m ch\u1eadm ti\u1ebfn \u0111\u1ed9 c\u00f4ng tr\u00ecnh..<\/p>\n<p>V\u1ec1 gi\u00e1 c\u1ea3, m\u1ee9c gi\u00e1 ch\u00fang t\u00f4i \u0111\u01b0a ra lu\u00f4n l\u00e0 m\u1ee9c gi\u00e1 mang t\u00ednh c\u1ea1nh tranh tr\u00ean th\u1ecb tr\u01b0\u1eddng. T\u00f9y thu\u1ed9c v\u00e0o t\u1eebng d\u1ef1 \u00e1n c\u1ee5 th\u1ec3 v\u1edbi s\u1ed1 l\u01b0\u1ee3ng nhi\u1ec1u hay \u00edt m\u00e0 ch\u00fang t\u00f4i s\u1ebd thi\u1ebft k\u1ebf v\u00e0 \u0111\u01b0a ra m\u1ee9c gi\u00e1 c\u1ee5 th\u1ec3. M\u1ee9c gi\u00e1 n\u00e0y s\u1ebd \u0111\u01b0\u1ee3c b\u00e1o gi\u00e1 \u0111\u1ebfn t\u1eadn kh\u00e1ch h\u00e0ng n\u00ean kh\u00e1ch h\u00e0ng ho\u00e0n to\u00e0n c\u00f3 th\u1ec3 an t\u00e2m. S\u1eed d\u1ee5ng n\u1ed9i th\u1ea5t nh\u1ef1a T\u1eeb Gia Th\u1ecbnh l\u00e0 c\u00e1ch \u0111\u1ec3 c\u00e1c c\u00e1 nh\u00e2n, doanh nghi\u1ec7p ti\u1ebft ki\u1ec7m t\u1ed1i \u0111a ngu\u1ed3n ng\u00e2n s\u00e1ch c\u1ee7a m\u00ecnh.<\/p>\n<h2>3. Quy tr\u00ecnh l\u00e0m vi\u1ec7c c\u1ee7a N\u1ed9i th\u1ea5t nh\u1ef1a T\u1eeb Gia Th\u1ecbnh<\/h2>\n<p>Ch\u00fang t\u00f4i lu\u00f4n x\u00e2y d\u1ef1ng m\u1ed9t quy tr\u00ecnh l\u00e0m vi\u1ec7c chuy\u00ean nghi\u1ec7p, hi\u1ec7n \u0111\u1ea1i nh\u1eb1m t\u1ea1o m\u1ecdi \u0111i\u1ec1u \u0111i\u1ec7n t\u1ed1t nh\u1ea5t, h\u1ed7 tr\u1ee3 kh\u00e1ch h\u00e0ng khi kh\u00e1ch h\u00e0ng s\u1eed d\u1ee5ng d\u1ecbch v\u1ee5, s\u1ea3n ph\u1ea9m c\u1ee7a c\u00f4ng ty. Quy tr\u00ecnh l\u00e0m vi\u1ec7c c\u1ee7a ch\u00fang t\u00f4i bao g\u1ed3m nh\u1eefng b\u01b0\u1edbc sau:<\/p>\n<p><strong>B\u01b0\u1edbc 1:\u00a0<\/strong>Kh\u00e1ch h\u00e0ng li\u00ean h\u1ec7 v\u1edbi\u00a0<strong>n\u1ed9i th\u1ea5t nh\u1ef1a T\u1eeb Gia Th\u1ecbnh\u00a0<\/strong>b\u1eb1ng \u0111i\u1ec7n tho\u1ea1i ho\u1eb7c email hay b\u1ea5t k\u00ec m\u1ed9t h\u00ecnh th\u1ee9c li\u00ean h\u1ec7 n\u00e0o kh\u00e1c, th\u1eadm ch\u00ed \u0111\u1ebfn tr\u1ef1c ti\u1ebfp \u0111\u1ecba ch\u1ec9 c\u1ee7a ch\u00fang t\u00f4i.<\/p>\n<p><strong>B\u01b0\u1edbc 2:<\/strong>\u00a0T\u1eeb nh\u1eefng th\u00f4ng tin tr\u00ean th\u1ef1c t\u1ebf v\u00e0 y\u00eau c\u1ea7u c\u1ee7a kh\u00e1ch h\u00e0ng cung c\u1ea5p m\u00e0 nh\u00e2n vi\u00ean \u0111\u01b0a ra nh\u1eefng l\u1eddi khuy\u00ean h\u1eefu \u00edch nh\u1ea5t v\u1ec1 t\u00ednh kh\u1ea3 thi, s\u1ea3n ph\u1ea9m n\u00ean s\u1eed d\u1ee5ng, b\u00e0y tr\u00ed kh\u00f4ng gian sao cho h\u1ee3p l\u00ed, h\u1ee3p phong th\u1ee7y.<\/p>\n<p><strong>B\u01b0\u1edbc 3:<\/strong>\u00a0N\u1ebfu kh\u00e1ch h\u00e0ng \u0111\u1ed3ng \u00fd nh\u1eadn l\u1eddi th\u1ef1c hi\u1ec7n d\u1ef1 \u00e1n, ch\u00fang t\u00f4i s\u1ebd c\u1eed nh\u00e2n vi\u00ean tr\u1ef1c ti\u1ebfp \u0111\u1ebfn c\u00f4ng tr\u00ecnh \u0111\u1ec3 kh\u1ea3o s\u00e1t sao cho thi\u1ebft k\u1ebf \u0111\u1ed3 n\u1ed9i th\u1ea5t m\u1ed9t c\u00e1ch ph\u00f9 h\u1ee3p nh\u1ea5t.<\/p>\n<p><strong>B\u01b0\u1edbc 4:<\/strong>\u00a0Trao \u0111\u1ed5i v\u1edbi kh\u00e1ch h\u00e0ng sau khi ho\u00e0n thi\u1ec7n thi\u1ebft k\u1ebf c\u00f9ng nh\u1eefng s\u1ea3n ph\u1ea9m li\u00ean quan.<\/p>\n<p><strong>B\u01b0\u1edbc 5:<\/strong>\u00a0Ti\u1ebfn h\u00e0nh th\u1ef1c hi\u1ec7n b\u1ed1 tr\u00ed, s\u1eafp \u0111\u1eb7t n\u1ed9i th\u1ea5t nh\u01b0 trong thi\u1ebft k\u1ebf \u0111\u00e3 \u0111\u01b0\u1ee3c th\u1ecfa thu\u1eadn v\u00e0 \u0111\u1ed3ng \u00fd.<\/p>\n<p>Tr\u00ean th\u1ef1c t\u1ebf, c\u00f3 r\u1ea5t nhi\u1ec1u \u0111\u01a1n v\u1ecb v\u00ec qu\u00e1 b\u1eadn r\u1ed9n v\u1edbi c\u00f4ng vi\u1ec7c c\u1ee7a m\u00ecnh n\u00ean giao to\u00e0n b\u1ed9 c\u00f4ng vi\u1ec7c thi\u1ebft k\u1ebf, s\u1eafp \u0111\u1eb7t n\u1ed9i th\u1ea5t cho ch\u00fang t\u00f4i. C\u0169ng c\u00f3 nh\u1eefng c\u00f4ng ty, ch\u1ee7 c\u00f4ng tr\u00ecnh l\u00ean \u00fd t\u01b0\u1edfng thi\u1ebft k\u1ebf n\u1ed9i th\u1ea5t cho ch\u00fang t\u00f4i v\u00e0 ch\u00fang t\u00f4i th\u1ef1c hi\u1ec7n theo \u00fd t\u01b0\u1edfng \u0111\u00f3 n\u1ebfu h\u1ee3p l\u00ed ho\u1eb7c ch\u00fang t\u00f4i thi\u1ebft k\u1ebf v\u00e0 cung c\u1ea5p s\u1ea3n ph\u1ea9m theo \u00fd th\u00edch c\u00e1 nh\u00e2n t\u1ea1i gia \u0111\u00ecnh, ph\u00f2ng l\u00e0m vi\u1ec7c c\u00e1 nh\u00e2n\u2026<\/p>\n<p>Nh\u01b0ng d\u00f9 l\u00e0 trong tr\u01b0\u1eddng h\u1ee3p n\u00e0o ch\u00fang t\u00f4i c\u0169ng lu\u00f4n t\u00f4n tr\u1ecdng \u00fd ki\u1ebfn c\u1ee7a kh\u00e1ch h\u00e0ng, d\u00f9ng ki\u1ebfn th\u1ee9c chuy\u00ean m\u00f4n v\u00e0 kinh nghi\u1ec7m c\u1ee7a m\u00ecnh \u0111\u1ec3 gi\u1ea3i th\u00edch c\u1eb7n k\u1ebd cho kh\u00e1ch h\u00e0ng, \u0111\u1ea3m b\u1ea3o m\u1ed9t kh\u00f4ng gian h\u00e0i h\u00f2a nh\u1ea5t, chuy\u00ean d\u1ee5ng nh\u1ea5t.<\/p>\n<p><em>N\u1ed9i th\u1ea5t lu\u00f4n l\u00e0 m\u1ed9t trong nh\u1eefng y\u1ebfu t\u1ed1 quan tr\u1ecdng \u0111\u1ec3 ng\u01b0\u1eddi ta \u0111\u00e1nh gi\u00e1 ch\u1ea5t l\u01b0\u1ee3ng v\u00e0 gi\u00e1 tr\u1ecb m\u1ed7i c\u00f4ng tr\u00ecnh. Ng\u00e0y nay, trong cu\u1ed9c s\u1ed1ng hi\u1ec7n \u0111\u1ea1i, nh\u1eefng v\u1eadt li\u1ec7u b\u1ec1n, \u0111\u1eb9p \u0111\u01b0\u1ee3c thi\u1ebft k\u1ebf v\u1edbi nh\u1eefng m\u1eabu m\u00e3 b\u1eaft m\u1eaft, \u0111a n\u0103ng, ti\u1ec7n d\u1ee5ng, gi\u00e1 th\u00e0nh r\u1ebb lu\u00f4n l\u00e0 ti\u00eau ch\u00ed m\u00e0 ng\u01b0\u1eddi ti\u00eau d\u00f9ng h\u01b0\u1edbng \u0111\u1ebfn. \u0110\u1ec3 c\u00f3 \u0111\u01b0\u1ee3c m\u1ed9t kh\u00f4ng gian n\u1ed9i th\u1ea5t \u01b0ng \u00fd, h\u00e3y li\u00ean h\u1ec7 v\u1edbi\u00a0<strong>n\u1ed9i th\u1ea5t nh\u1ef1a T\u1eeb Gia Th\u1ecbnh<\/strong>\u00a0\u0111\u1ec3 s\u1edf h\u1eefu nh\u1eefng m\u1eabu thi\u1ebft k\u1ebf b\u1ec1n, \u0111\u1eb9p, sang tr\u1ecdng v\u00e0 tr\u1ea3i nghi\u1ec7m d\u1ecbch v\u1ee5 ch\u0103m s\u00f3c kh\u00e1ch h\u00e0ng ho\u00e0n h\u1ea3o c\u1ee7a ch\u00fang t\u00f4i.<\/em><\/p>\n","protected":false},"excerpt":{"rendered":"<p>GI\u1edaI THI\u1ec6U N\u1ed9i th\u1ea5t nh\u1ef1a T\u1eeb Gia Th\u1ecbnh\u00a0l\u00e0 m\u1ed9t trong nh\u1eefng \u0111\u01a1n v\u1ecb chuy\u00ean cung c\u1ea5p \u0111\u1ed3 n\u1ed9i th\u1ea5t cho c\u00e1c v\u0103n ph\u00f2ng, c\u00e1c gia \u0111\u00ecnh tr\u00ean to\u00e0n qu\u1ed1c. Ch\u00fang t\u00f4i lu\u00f4n n\u1ed7 l\u1ef1c \u0111\u1ec3 mang \u0111\u1ebfn s\u1ef1 h\u00e0i l\u00f2ng cho m\u1ecdi kh\u00e1ch h\u00e0ng, c\u00f9ng kh\u00e1ch h\u00e0ng tr\u1ea3i nghi\u1ec7m nh\u1eefng \u0111i\u1ec1u th\u00fa v\u1ecb nh\u1ea5t c\u1ee7a..<\/p>\n","protected":false},"author":1,"featured_media":0,"parent":0,"menu_order":0,"comment_status":"open","ping_status":"closed","template":"page-right-sidebar.php","meta":{"footnotes":""},"class_list":["post-381","page","type-page","status-publish","hentry"],"yoast_head":"<!-- This site is optimized with the Yoast SEO plugin v17.8 - https:\/\/yoast.com\/wordpress\/plugins\/seo\/ -->\n<title>Gi\u1edbi thi\u1ec7u - \u0110\u1ea1i l\u00fd Tr\u1ea7n Kim Huy\u1ec1n<\/title>\n<meta name=\"description\" content=\"T\u1ea5t c\u1ea3 c\u00e1c Lo\u1ea1i Thu\u1ed1c Nam Tr\u1ea7n Kim Huy\u1ec1n \u0111\u1ec1u do L\u01b0\u01a1ng Y l\u00fd Th\u1ecb B\u00edch Ph\u01b0\u1ee3ng b\u00e0o ch\u1ebf th\u1ee7 c\u00f4ng t\u1eeb Th\u1ea3o d\u01b0\u1ee3c qu\u00fd hi\u1ebfm \u0111\u01b0\u1ee3c h\u00e1i tr\u00ean n\u00fai Ba V\u00ec \u2013 H\u00e0 N\u1ed9i.\" \/>\n<meta name=\"robots\" content=\"noindex, follow, max-snippet:-1, max-image-preview:large, max-video-preview:-1\" \/>\n<meta property=\"og:locale\" content=\"vi_VN\" \/>\n<meta property=\"og:type\" content=\"article\" \/>\n<meta property=\"og:title\" content=\"Gi\u1edbi thi\u1ec7u - \u0110\u1ea1i l\u00fd Tr\u1ea7n Kim Huy\u1ec1n\" \/>\n<meta property=\"og:description\" content=\"T\u1ea5t c\u1ea3 c\u00e1c Lo\u1ea1i Thu\u1ed1c Nam Tr\u1ea7n Kim Huy\u1ec1n \u0111\u1ec1u do L\u01b0\u01a1ng Y l\u00fd Th\u1ecb B\u00edch Ph\u01b0\u1ee3ng b\u00e0o ch\u1ebf th\u1ee7 c\u00f4ng t\u1eeb Th\u1ea3o d\u01b0\u1ee3c qu\u00fd hi\u1ebfm \u0111\u01b0\u1ee3c h\u00e1i tr\u00ean n\u00fai Ba V\u00ec \u2013 H\u00e0 N\u1ed9i.\" \/>\n<meta property=\"og:url\" content=\"https:\/\/mauweb.tamnguyen.vn\/noithat29\/gioi-thieu\/\" \/>\n<meta property=\"og:site_name\" content=\"N\u1ed9i Th\u1ea5t T\u1eeb Gia Th\u1ecbnh\" \/>\n<meta property=\"article:modified_time\" content=\"2021-12-27T17:18:25+00:00\" \/>\n<meta property=\"og:image\" content=\"http:\/\/noithat29.maugiaodien.com\/wp-content\/uploads\/2021\/12\/shplastic-nha-san-xuat-noi-that-nhua-dai-loan-hang-dau-viet-nam-800x293-1.jpg\" \/>\n<meta name=\"twitter:card\" content=\"summary_large_image\" \/>\n<meta name=\"twitter:label1\" content=\"\u01af\u1edbc t\u00ednh th\u1eddi gian \u0111\u1ecdc\" \/>\n\t<meta name=\"twitter:data1\" content=\"6 ph\u00fat\" \/>\n<script type=\"application\/ld+json\" class=\"yoast-schema-graph\">{\"@context\":\"https:\/\/schema.org\",\"@graph\":[{\"@type\":\"Organization\",\"@id\":\"https:\/\/mauweb.tamnguyen.vn\/noithat29\/#organization\",\"name\":\"\\u0110\\u1ea1i L\\u00fd Tr\\u1ea7n Kim Huy\\u1ec1n\",\"url\":\"https:\/\/mauweb.tamnguyen.vn\/noithat29\/\",\"sameAs\":[],\"logo\":{\"@type\":\"ImageObject\",\"@id\":\"https:\/\/mauweb.tamnguyen.vn\/noithat29\/#logo\",\"inLanguage\":\"vi\",\"url\":\"\",\"contentUrl\":\"\",\"caption\":\"\\u0110\\u1ea1i L\\u00fd Tr\\u1ea7n Kim Huy\\u1ec1n\"},\"image\":{\"@id\":\"https:\/\/mauweb.tamnguyen.vn\/noithat29\/#logo\"}},{\"@type\":\"WebSite\",\"@id\":\"https:\/\/mauweb.tamnguyen.vn\/noithat29\/#website\",\"url\":\"https:\/\/mauweb.tamnguyen.vn\/noithat29\/\",\"name\":\"N\\u1ed9i Th\\u1ea5t T\\u1eeb Gia Th\\u1ecbnh\",\"description\":\"\",\"publisher\":{\"@id\":\"https:\/\/mauweb.tamnguyen.vn\/noithat29\/#organization\"},\"potentialAction\":[{\"@type\":\"SearchAction\",\"target\":{\"@type\":\"EntryPoint\",\"urlTemplate\":\"https:\/\/mauweb.tamnguyen.vn\/noithat29\/?s={search_term_string}\"},\"query-input\":\"required name=search_term_string\"}],\"inLanguage\":\"vi\"},{\"@type\":\"ImageObject\",\"@id\":\"https:\/\/mauweb.tamnguyen.vn\/noithat29\/gioi-thieu\/#primaryimage\",\"inLanguage\":\"vi\",\"url\":\"http:\/\/noithat29.maugiaodien.com\/wp-content\/uploads\/2021\/12\/shplastic-nha-san-xuat-noi-that-nhua-dai-loan-hang-dau-viet-nam-800x293-1.jpg\",\"contentUrl\":\"http:\/\/noithat29.maugiaodien.com\/wp-content\/uploads\/2021\/12\/shplastic-nha-san-xuat-noi-that-nhua-dai-loan-hang-dau-viet-nam-800x293-1.jpg\"},{\"@type\":\"WebPage\",\"@id\":\"https:\/\/mauweb.tamnguyen.vn\/noithat29\/gioi-thieu\/#webpage\",\"url\":\"https:\/\/mauweb.tamnguyen.vn\/noithat29\/gioi-thieu\/\",\"name\":\"Gi\\u1edbi thi\\u1ec7u - \\u0110\\u1ea1i l\\u00fd Tr\\u1ea7n Kim Huy\\u1ec1n\",\"isPartOf\":{\"@id\":\"https:\/\/mauweb.tamnguyen.vn\/noithat29\/#website\"},\"primaryImageOfPage\":{\"@id\":\"https:\/\/mauweb.tamnguyen.vn\/noithat29\/gioi-thieu\/#primaryimage\"},\"datePublished\":\"2019-09-18T17:41:28+00:00\",\"dateModified\":\"2021-12-27T17:18:25+00:00\",\"description\":\"T\\u1ea5t c\\u1ea3 c\\u00e1c Lo\\u1ea1i Thu\\u1ed1c Nam Tr\\u1ea7n Kim Huy\\u1ec1n \\u0111\\u1ec1u do L\\u01b0\\u01a1ng Y l\\u00fd Th\\u1ecb B\\u00edch Ph\\u01b0\\u1ee3ng b\\u00e0o ch\\u1ebf th\\u1ee7 c\\u00f4ng t\\u1eeb Th\\u1ea3o d\\u01b0\\u1ee3c qu\\u00fd hi\\u1ebfm \\u0111\\u01b0\\u1ee3c h\\u00e1i tr\\u00ean n\\u00fai Ba V\\u00ec \\u2013 H\\u00e0 N\\u1ed9i.\",\"breadcrumb\":{\"@id\":\"https:\/\/mauweb.tamnguyen.vn\/noithat29\/gioi-thieu\/#breadcrumb\"},\"inLanguage\":\"vi\",\"potentialAction\":[{\"@type\":\"ReadAction\",\"target\":[\"https:\/\/mauweb.tamnguyen.vn\/noithat29\/gioi-thieu\/\"]}]},{\"@type\":\"BreadcrumbList\",\"@id\":\"https:\/\/mauweb.tamnguyen.vn\/noithat29\/gioi-thieu\/#breadcrumb\",\"itemListElement\":[{\"@type\":\"ListItem\",\"position\":1,\"name\":\"Trang ch\\u1ee7\",\"item\":\"https:\/\/mauweb.tamnguyen.vn\/noithat29\/\"},{\"@type\":\"ListItem\",\"position\":2,\"name\":\"Gi\\u1edbi thi\\u1ec7u\"}]}]}<\/script>\n<!-- \/ Yoast SEO plugin. -->","yoast_head_json":{"title":"Gi\u1edbi thi\u1ec7u - \u0110\u1ea1i l\u00fd Tr\u1ea7n Kim Huy\u1ec1n","description":"T\u1ea5t c\u1ea3 c\u00e1c Lo\u1ea1i Thu\u1ed1c Nam Tr\u1ea7n Kim Huy\u1ec1n \u0111\u1ec1u do L\u01b0\u01a1ng Y l\u00fd Th\u1ecb B\u00edch Ph\u01b0\u1ee3ng b\u00e0o ch\u1ebf th\u1ee7 c\u00f4ng t\u1eeb Th\u1ea3o d\u01b0\u1ee3c qu\u00fd hi\u1ebfm \u0111\u01b0\u1ee3c h\u00e1i tr\u00ean n\u00fai Ba V\u00ec \u2013 H\u00e0 N\u1ed9i.","robots":{"index":"noindex","follow":"follow","max-snippet":"max-snippet:-1","max-image-preview":"max-image-preview:large","max-video-preview":"max-video-preview:-1"},"og_locale":"vi_VN","og_type":"article","og_title":"Gi\u1edbi thi\u1ec7u - \u0110\u1ea1i l\u00fd Tr\u1ea7n Kim Huy\u1ec1n","og_description":"T\u1ea5t c\u1ea3 c\u00e1c Lo\u1ea1i Thu\u1ed1c Nam Tr\u1ea7n Kim Huy\u1ec1n \u0111\u1ec1u do L\u01b0\u01a1ng Y l\u00fd Th\u1ecb B\u00edch Ph\u01b0\u1ee3ng b\u00e0o ch\u1ebf th\u1ee7 c\u00f4ng t\u1eeb Th\u1ea3o d\u01b0\u1ee3c qu\u00fd hi\u1ebfm \u0111\u01b0\u1ee3c h\u00e1i tr\u00ean n\u00fai Ba V\u00ec \u2013 H\u00e0 N\u1ed9i.","og_url":"https:\/\/mauweb.tamnguyen.vn\/noithat29\/gioi-thieu\/","og_site_name":"N\u1ed9i Th\u1ea5t T\u1eeb Gia Th\u1ecbnh","article_modified_time":"2021-12-27T17:18:25+00:00","og_image":[{"url":"http:\/\/noithat29.maugiaodien.com\/wp-content\/uploads\/2021\/12\/shplastic-nha-san-xuat-noi-that-nhua-dai-loan-hang-dau-viet-nam-800x293-1.jpg"}],"twitter_card":"summary_large_image","twitter_misc":{"\u01af\u1edbc t\u00ednh th\u1eddi gian \u0111\u1ecdc":"6 ph\u00fat"},"schema":{"@context":"https:\/\/schema.org","@graph":[{"@type":"Organization","@id":"https:\/\/mauweb.tamnguyen.vn\/noithat29\/#organization","name":"\u0110\u1ea1i L\u00fd Tr\u1ea7n Kim Huy\u1ec1n","url":"https:\/\/mauweb.tamnguyen.vn\/noithat29\/","sameAs":[],"logo":{"@type":"ImageObject","@id":"https:\/\/mauweb.tamnguyen.vn\/noithat29\/#logo","inLanguage":"vi","url":"","contentUrl":"","caption":"\u0110\u1ea1i L\u00fd Tr\u1ea7n Kim Huy\u1ec1n"},"image":{"@id":"https:\/\/mauweb.tamnguyen.vn\/noithat29\/#logo"}},{"@type":"WebSite","@id":"https:\/\/mauweb.tamnguyen.vn\/noithat29\/#website","url":"https:\/\/mauweb.tamnguyen.vn\/noithat29\/","name":"N\u1ed9i Th\u1ea5t T\u1eeb Gia Th\u1ecbnh","description":"","publisher":{"@id":"https:\/\/mauweb.tamnguyen.vn\/noithat29\/#organization"},"potentialAction":[{"@type":"SearchAction","target":{"@type":"EntryPoint","urlTemplate":"https:\/\/mauweb.tamnguyen.vn\/noithat29\/?s={search_term_string}"},"query-input":"required name=search_term_string"}],"inLanguage":"vi"},{"@type":"ImageObject","@id":"https:\/\/mauweb.tamnguyen.vn\/noithat29\/gioi-thieu\/#primaryimage","inLanguage":"vi","url":"http:\/\/noithat29.maugiaodien.com\/wp-content\/uploads\/2021\/12\/shplastic-nha-san-xuat-noi-that-nhua-dai-loan-hang-dau-viet-nam-800x293-1.jpg","contentUrl":"http:\/\/noithat29.maugiaodien.com\/wp-content\/uploads\/2021\/12\/shplastic-nha-san-xuat-noi-that-nhua-dai-loan-hang-dau-viet-nam-800x293-1.jpg"},{"@type":"WebPage","@id":"https:\/\/mauweb.tamnguyen.vn\/noithat29\/gioi-thieu\/#webpage","url":"https:\/\/mauweb.tamnguyen.vn\/noithat29\/gioi-thieu\/","name":"Gi\u1edbi thi\u1ec7u - \u0110\u1ea1i l\u00fd Tr\u1ea7n Kim Huy\u1ec1n","isPartOf":{"@id":"https:\/\/mauweb.tamnguyen.vn\/noithat29\/#website"},"primaryImageOfPage":{"@id":"https:\/\/mauweb.tamnguyen.vn\/noithat29\/gioi-thieu\/#primaryimage"},"datePublished":"2019-09-18T17:41:28+00:00","dateModified":"2021-12-27T17:18:25+00:00","description":"T\u1ea5t c\u1ea3 c\u00e1c Lo\u1ea1i Thu\u1ed1c Nam Tr\u1ea7n Kim Huy\u1ec1n \u0111\u1ec1u do L\u01b0\u01a1ng Y l\u00fd Th\u1ecb B\u00edch Ph\u01b0\u1ee3ng b\u00e0o ch\u1ebf th\u1ee7 c\u00f4ng t\u1eeb Th\u1ea3o d\u01b0\u1ee3c qu\u00fd hi\u1ebfm \u0111\u01b0\u1ee3c h\u00e1i tr\u00ean n\u00fai Ba V\u00ec \u2013 H\u00e0 N\u1ed9i.","breadcrumb":{"@id":"https:\/\/mauweb.tamnguyen.vn\/noithat29\/gioi-thieu\/#breadcrumb"},"inLanguage":"vi","potentialAction":[{"@type":"ReadAction","target":["https:\/\/mauweb.tamnguyen.vn\/noithat29\/gioi-thieu\/"]}]},{"@type":"BreadcrumbList","@id":"https:\/\/mauweb.tamnguyen.vn\/noithat29\/gioi-thieu\/#breadcrumb","itemListElement":[{"@type":"ListItem","position":1,"name":"Trang ch\u1ee7","item":"https:\/\/mauweb.tamnguyen.vn\/noithat29\/"},{"@type":"ListItem","position":2,"name":"Gi\u1edbi thi\u1ec7u"}]}]}},"_links":{"self":[{"href":"https:\/\/mauweb.tamnguyen.vn\/noithat29\/wp-json\/wp\/v2\/pages\/381"}],"collection":[{"href":"https:\/\/mauweb.tamnguyen.vn\/noithat29\/wp-json\/wp\/v2\/pages"}],"about":[{"href":"https:\/\/mauweb.tamnguyen.vn\/noithat29\/wp-json\/wp\/v2\/types\/page"}],"author":[{"embeddable":true,"href":"https:\/\/mauweb.tamnguyen.vn\/noithat29\/wp-json\/wp\/v2\/users\/1"}],"replies":[{"embeddable":true,"href":"https:\/\/mauweb.tamnguyen.vn\/noithat29\/wp-json\/wp\/v2\/comments?post=381"}],"version-history":[{"count":3,"href":"https:\/\/mauweb.tamnguyen.vn\/noithat29\/wp-json\/wp\/v2\/pages\/381\/revisions"}],"predecessor-version":[{"id":809,"href":"https:\/\/mauweb.tamnguyen.vn\/noithat29\/wp-json\/wp\/v2\/pages\/381\/revisions\/809"}],"wp:attachment":[{"href":"https:\/\/mauweb.tamnguyen.vn\/noithat29\/wp-json\/wp\/v2\/media?parent=381"}],"curies":[{"name":"wp","href":"https:\/\/api.w.org\/{rel}","templated":true}]}}