{"id":393,"date":"2022-05-24T16:42:17","date_gmt":"2022-05-24T09:42:17","guid":{"rendered":"http:\/\/noithat.themevivu.site\/?post_type=product&#038;p=393"},"modified":"2022-05-27T00:35:08","modified_gmt":"2022-05-26T17:35:08","slug":"giuong-ngu-da-that-ma-1670x","status":"publish","type":"product","link":"https:\/\/mauweb.tamnguyen.vn\/noithat16\/san-pham\/giuong-ngu-da-that-ma-1670x\/","title":{"rendered":"Gi\u01b0\u1eddng ng\u1ee7 da th\u1eadt m\u00e3 1670X"},"content":{"rendered":"<div class=\"ndr r\">\n<div><b>K\u00edch th\u01b0\u1edbc v\u00e0 gi\u00e1 b\u00e1n<\/b><\/div>\n<div>\n<ul>\n<li>K\u00edch th\u01b0\u1edbc gi\u01b0\u1eddng: R\u1ed9ng:1800mm x D\u00e0i:2000mm<\/li>\n<li>Gi\u00e1 c\u1ee7a gi\u01b0\u1eddng:\u00a028.700.000\u0111<\/li>\n<li>\u0110\u0103ng k\u00fd mua Online gi\u1ea3m th\u00eam 2.000.000\u0111<\/li>\n<\/ul>\n<div>\n<div><strong>B\u1ea3o h\u00e0nh tr\u00ean m\u1ee9c ti\u00eau chu\u1ea9n<\/strong><\/div>\n<ul>\n<li>B\u1ec1 m\u1eb7t da th\u1eadt: 14 th\u00e1ng<\/li>\n<li>Khung v\u00e0 d\u00e1t gi\u01b0\u1eddng: 12 n\u0103m<\/li>\n<li>B\u1ea3o h\u00e0nh ch\u00ednh h\u00e3ng, b\u1ea3o tr\u00ec tr\u1ecdn \u0111\u1eddi<\/li>\n<\/ul>\n<\/div>\n<\/div>\n<\/div>\n<div class=\"ndr l\">\n<div><strong>\u0110\u1eb7c \u0111i\u1ec3m n\u1ed5i b\u1eadt c\u1ee7a s\u1ea3n ph\u1ea9m<\/strong><\/div>\n<ul>\n<li>M\u1eabu gi\u01b0\u1eddng nh\u1eadp kh\u1ea9u \u0111\u01b0\u1ee3c l\u00ean thi\u1ebft k\u1ebf t\u1eeb \u00dd<\/li>\n<li>Ch\u1ea5t li\u1ec7u da b\u00f2 th\u1eadt 60%, ch\u1ecdn m\u00e0u theo y\u00eau c\u1ea7u<\/li>\n<li>Ki\u1ec3u d\u00e1ng v\u1eefng ch\u00e3i, \u0111\u1ea7u gi\u01b0\u1eddng t\u1ef1a tho\u1ea3i m\u00e1i<\/li>\n<li>M\u1eabu gi\u01b0\u1eddng l\u00ean ng\u00f4i, kh\u1edfi \u0111\u1ea7u m\u1ed9t xu h\u01b0\u1edbng m\u1edbi<\/li>\n<\/ul>\n<div><strong>Qu\u00e0 t\u1eb7ng c\u1ee7a s\u1ea3n ph\u1ea9m n\u00e0y<\/strong><\/div>\n<ul>\n<li>T\u1eb7ng b\u1ed9 l\u00e0m s\u1ea1ch da c\u1ee7a Singapore:\u00a0800.000\u0111<\/li>\n<li>T\u1eb7ng g\u1ed1i trang tr\u00ed nh\u1eadp kh\u1ea9u: 330.000\u0111<\/li>\n<\/ul>\n<p>Th\u01b0\u01a1ng hi\u1ec7u n\u1ed9i th\u1ea5t ERADO gi\u1edbi thi\u1ec7u \u0111\u1ebfn qu\u00fd kh\u00e1ch h\u00e0ng m\u1eabu\u00a0gi\u01b0\u1eddng ng\u1ee7\u00a0hi\u1ec7n \u0111\u1ea1i v\u1edbi ch\u1ea5t li\u1ec7u da th\u1eadt c\u00f9ng thi\u1ebft k\u1ebf ph\u1ed1i g\u1ed7 m\u1ea1nh m\u1ebd, cu\u1ed1n h\u00fat v\u1edbi ph\u1ea7n \u0111\u1ea7u gi\u01b0\u1eddng u\u1ed1n cong \u0111\u1eb9p m\u1eaft.<\/p>\n<p><img decoding=\"async\" src=\"https:\/\/erado.vn\/img\/p\/giuong-ngu-da-that-ma-1670x-p1195.jpg\" alt=\"Gi\u01b0\u1eddng ng\u1ee7 da th\u1eadt m\u00e3 1670X\" \/><\/p>\n<p>M\u1eabu gi\u01b0\u1eddng ng\u1ee7 \u0111ang \u0111\u01b0\u1ee3c r\u1ea5t nhi\u1ec1u kh\u00e1ch h\u00e0ng y\u00eau th\u00edch t\u1ea1i ERADO v\u1edbi nh\u1eefng \u01b0u \u0111i\u1ec3m v\u01b0\u1ee3t tr\u1ed9i c\u1ea3 v\u1ec1 thi\u1ebft k\u1ebf v\u00e0 c\u00f4ng n\u0103ng.<\/p>\n<p><img decoding=\"async\" src=\"https:\/\/erado.vn\/img\/i\/giuong-ngu-da-that-ma-1670x-15555.JPG\" alt=\"Gi\u01b0\u1eddng ng\u1ee7 da th\u1eadt m\u00e3 1670X\" \/><\/p>\n<p>\u0110i\u1ec3m nh\u1ea5n \u1ea5n t\u01b0\u1ee3ng c\u1ee7a s\u1ea3n ph\u1ea9m n\u1eb1m \u1edf ph\u1ea7n \u0111\u1ea7u gi\u01b0\u1eddng<\/p>\n<p><img decoding=\"async\" src=\"https:\/\/erado.vn\/img\/i\/giuong-ngu-da-that-ma-1670x-15556.JPG\" alt=\"Gi\u01b0\u1eddng ng\u1ee7 da th\u1eadt m\u00e3 1670X\" \/><\/p>\n<p>Thi\u1ebft k\u1ebf ph\u1ed1i g\u1ed7 t\u0103ng th\u00eam v\u1ebb ch\u1eafc kho\u1ebb, m\u1ea1nh m\u1ebd v\u1edbi tone n\u00e2u tr\u1ea7m<\/p>\n<p><img decoding=\"async\" src=\"https:\/\/erado.vn\/img\/i\/giuong-ngu-da-that-ma-1670x-15557.JPG\" alt=\"Gi\u01b0\u1eddng ng\u1ee7 da th\u1eadt m\u00e3 1670X\" \/><\/p>\n<p>M\u1eabu gi\u01b0\u1eddng ng\u1ee7 \u0111\u01b0\u1ee3c r\u1ea5t nhi\u1ec1u kh\u00e1ch h\u00e0ng y\u00eau th\u00edch<\/p>\n<p><img decoding=\"async\" src=\"https:\/\/erado.vn\/img\/i\/giuong-ngu-da-that-ma-1670x-15558.JPG\" alt=\"Gi\u01b0\u1eddng ng\u1ee7 da th\u1eadt m\u00e3 1670X\" \/><\/p>\n<p>To\u00e0n b\u1ed9 th\u00e0nh gi\u01b0\u1eddng \u0111\u01b0\u1ee3c b\u1ecdc da m\u1ec1m m\u1ecbn \u00eam \u00e1i khi s\u1eed d\u1ee5ng<\/p>\n<p><img decoding=\"async\" src=\"https:\/\/erado.vn\/img\/i\/giuong-ngu-da-that-ma-1670x-15559.JPG\" alt=\"Gi\u01b0\u1eddng ng\u1ee7 da th\u1eadt m\u00e3 1670X\" \/><\/p>\n<p>\u0110\u1ea7u gi\u01b0\u1eddng b\u1ecdc n\u1ec7m d\u00e0y d\u1eb7n<\/p>\n<p><img decoding=\"async\" src=\"https:\/\/erado.vn\/img\/i\/giuong-ngu-da-that-ma-1670x-15560.JPG\" alt=\"Gi\u01b0\u1eddng ng\u1ee7 da th\u1eadt m\u00e3 1670X\" \/><\/p>\n<p>Mang \u0111\u1ebfn nh\u1eefng gi\u00e2y ph\u00fat ngh\u1ec9 ng\u01a1i, th\u01b0 gi\u00e3n ho\u00e0n h\u1ea3o<\/p>\n<\/div>\n","protected":false},"excerpt":{"rendered":"<ul class=\"pc\">\n<li class=\"t\">Ch\u1ea5t li\u1ec7u: Da th\u1eadt nh\u1eadp kh\u1ea9u<\/li>\n<li class=\"c\">B\u1ea3o h\u00e0nh: 14 th\u00e1ng<\/li>\n<li class=\"c\">T\u00ecnh tr\u1ea1ng: C\u00f2n h\u00e0ng<\/li>\n<\/ul>\n","protected":false},"featured_media":394,"comment_status":"open","ping_status":"closed","template":"","meta":[],"product_cat":[15,65,48,54,29,30,24,18,23,28,27,22],"product_tag":[],"class_list":["post-393","product","type-product","status-publish","has-post-thumbnail","hentry","product_cat-ghe-sofa","product_cat-do-trang-tri","product_cat-giuong-ngu","product_cat-giuong-ngu-tan-co-dien","product_cat-sofa-biet-thu","product_cat-sofa-chung-cu","product_cat-sofa-da","product_cat-sofa-da-that","product_cat-sofa-goc","product_cat-sofa-phong-ngu","product_cat-sofa-tan-co-dien","product_cat-sofa-thong-minh"],"yoast_head":"<!-- This site is optimized with the Yoast SEO plugin v19.9 - https:\/\/yoast.com\/wordpress\/plugins\/seo\/ -->\n<title>Gi\u01b0\u1eddng ng\u1ee7 da th\u1eadt m\u00e3 1670X - M\u1eabu web n\u1ed9i th\u1ea5t<\/title>\n<meta name=\"robots\" content=\"index, follow, max-snippet:-1, max-image-preview:large, max-video-preview:-1\" \/>\n<link rel=\"canonical\" href=\"https:\/\/mauweb.tamnguyen.vn\/noithat16\/san-pham\/giuong-ngu-da-that-ma-1670x\/\" \/>\n<meta property=\"og:locale\" content=\"vi_VN\" \/>\n<meta property=\"og:type\" content=\"article\" \/>\n<meta property=\"og:title\" content=\"Gi\u01b0\u1eddng ng\u1ee7 da th\u1eadt m\u00e3 1670X - M\u1eabu web n\u1ed9i th\u1ea5t\" \/>\n<meta property=\"og:description\" content=\"Ch\u1ea5t li\u1ec7u: Da th\u1eadt nh\u1eadp kh\u1ea9u  B\u1ea3o h\u00e0nh: 14 th\u00e1ng  T\u00ecnh tr\u1ea1ng: C\u00f2n h\u00e0ng\" \/>\n<meta property=\"og:url\" content=\"https:\/\/mauweb.tamnguyen.vn\/noithat16\/san-pham\/giuong-ngu-da-that-ma-1670x\/\" \/>\n<meta property=\"og:site_name\" content=\"M\u1eabu web n\u1ed9i th\u1ea5t\" \/>\n<meta property=\"article:modified_time\" content=\"2022-05-26T17:35:08+00:00\" \/>\n<meta property=\"og:image\" content=\"https:\/\/mauweb.tamnguyen.vn\/noithat16\/wp-content\/uploads\/2022\/05\/99.jpg\" \/>\n\t<meta property=\"og:image:width\" content=\"800\" \/>\n\t<meta property=\"og:image:height\" content=\"533\" \/>\n\t<meta property=\"og:image:type\" content=\"image\/jpeg\" \/>\n<meta name=\"twitter:card\" content=\"summary_large_image\" \/>\n<meta name=\"twitter:label1\" content=\"\u01af\u1edbc t\u00ednh th\u1eddi gian \u0111\u1ecdc\" \/>\n\t<meta name=\"twitter:data1\" content=\"2 ph\u00fat\" \/>\n<script type=\"application\/ld+json\" class=\"yoast-schema-graph\">{\"@context\":\"https:\/\/schema.org\",\"@graph\":[{\"@type\":\"WebPage\",\"@id\":\"https:\/\/mauweb.tamnguyen.vn\/noithat16\/san-pham\/giuong-ngu-da-that-ma-1670x\/\",\"url\":\"https:\/\/mauweb.tamnguyen.vn\/noithat16\/san-pham\/giuong-ngu-da-that-ma-1670x\/\",\"name\":\"Gi\u01b0\u1eddng ng\u1ee7 da th\u1eadt m\u00e3 1670X - M\u1eabu web n\u1ed9i th\u1ea5t\",\"isPartOf\":{\"@id\":\"https:\/\/mauweb.tamnguyen.vn\/noithat16\/#website\"},\"datePublished\":\"2022-05-24T09:42:17+00:00\",\"dateModified\":\"2022-05-26T17:35:08+00:00\",\"breadcrumb\":{\"@id\":\"https:\/\/mauweb.tamnguyen.vn\/noithat16\/san-pham\/giuong-ngu-da-that-ma-1670x\/#breadcrumb\"},\"inLanguage\":\"vi\",\"potentialAction\":[{\"@type\":\"ReadAction\",\"target\":[\"https:\/\/mauweb.tamnguyen.vn\/noithat16\/san-pham\/giuong-ngu-da-that-ma-1670x\/\"]}]},{\"@type\":\"BreadcrumbList\",\"@id\":\"https:\/\/mauweb.tamnguyen.vn\/noithat16\/san-pham\/giuong-ngu-da-that-ma-1670x\/#breadcrumb\",\"itemListElement\":[{\"@type\":\"ListItem\",\"position\":1,\"name\":\"Trang ch\u1ee7\",\"item\":\"https:\/\/mauweb.tamnguyen.vn\/noithat16\/\"},{\"@type\":\"ListItem\",\"position\":2,\"name\":\"Shop\",\"item\":\"https:\/\/mauweb.tamnguyen.vn\/noithat16\/shop\/\"},{\"@type\":\"ListItem\",\"position\":3,\"name\":\"Gi\u01b0\u1eddng ng\u1ee7 da th\u1eadt m\u00e3 1670X\"}]},{\"@type\":\"WebSite\",\"@id\":\"https:\/\/mauweb.tamnguyen.vn\/noithat16\/#website\",\"url\":\"https:\/\/mauweb.tamnguyen.vn\/noithat16\/\",\"name\":\"M\u1eabu web n\u1ed9i th\u1ea5t\",\"description\":\"D\u1ecbch v\u1ee5 thi\u1ebft k\u1ebf web uy t\u00edn\",\"potentialAction\":[{\"@type\":\"SearchAction\",\"target\":{\"@type\":\"EntryPoint\",\"urlTemplate\":\"https:\/\/mauweb.tamnguyen.vn\/noithat16\/?s={search_term_string}\"},\"query-input\":\"required name=search_term_string\"}],\"inLanguage\":\"vi\"}]}<\/script>\n<!-- \/ Yoast SEO plugin. -->","yoast_head_json":{"title":"Gi\u01b0\u1eddng ng\u1ee7 da th\u1eadt m\u00e3 1670X - M\u1eabu web n\u1ed9i th\u1ea5t","robots":{"index":"index","follow":"follow","max-snippet":"max-snippet:-1","max-image-preview":"max-image-preview:large","max-video-preview":"max-video-preview:-1"},"canonical":"https:\/\/mauweb.tamnguyen.vn\/noithat16\/san-pham\/giuong-ngu-da-that-ma-1670x\/","og_locale":"vi_VN","og_type":"article","og_title":"Gi\u01b0\u1eddng ng\u1ee7 da th\u1eadt m\u00e3 1670X - M\u1eabu web n\u1ed9i th\u1ea5t","og_description":"Ch\u1ea5t li\u1ec7u: Da th\u1eadt nh\u1eadp kh\u1ea9u  B\u1ea3o h\u00e0nh: 14 th\u00e1ng  T\u00ecnh tr\u1ea1ng: C\u00f2n h\u00e0ng","og_url":"https:\/\/mauweb.tamnguyen.vn\/noithat16\/san-pham\/giuong-ngu-da-that-ma-1670x\/","og_site_name":"M\u1eabu web n\u1ed9i th\u1ea5t","article_modified_time":"2022-05-26T17:35:08+00:00","og_image":[{"width":800,"height":533,"url":"https:\/\/mauweb.tamnguyen.vn\/noithat16\/wp-content\/uploads\/2022\/05\/99.jpg","type":"image\/jpeg"}],"twitter_card":"summary_large_image","twitter_misc":{"\u01af\u1edbc t\u00ednh th\u1eddi gian \u0111\u1ecdc":"2 ph\u00fat"},"schema":{"@context":"https:\/\/schema.org","@graph":[{"@type":"WebPage","@id":"https:\/\/mauweb.tamnguyen.vn\/noithat16\/san-pham\/giuong-ngu-da-that-ma-1670x\/","url":"https:\/\/mauweb.tamnguyen.vn\/noithat16\/san-pham\/giuong-ngu-da-that-ma-1670x\/","name":"Gi\u01b0\u1eddng ng\u1ee7 da th\u1eadt m\u00e3 1670X - M\u1eabu web n\u1ed9i th\u1ea5t","isPartOf":{"@id":"https:\/\/mauweb.tamnguyen.vn\/noithat16\/#website"},"datePublished":"2022-05-24T09:42:17+00:00","dateModified":"2022-05-26T17:35:08+00:00","breadcrumb":{"@id":"https:\/\/mauweb.tamnguyen.vn\/noithat16\/san-pham\/giuong-ngu-da-that-ma-1670x\/#breadcrumb"},"inLanguage":"vi","potentialAction":[{"@type":"ReadAction","target":["https:\/\/mauweb.tamnguyen.vn\/noithat16\/san-pham\/giuong-ngu-da-that-ma-1670x\/"]}]},{"@type":"BreadcrumbList","@id":"https:\/\/mauweb.tamnguyen.vn\/noithat16\/san-pham\/giuong-ngu-da-that-ma-1670x\/#breadcrumb","itemListElement":[{"@type":"ListItem","position":1,"name":"Trang ch\u1ee7","item":"https:\/\/mauweb.tamnguyen.vn\/noithat16\/"},{"@type":"ListItem","position":2,"name":"Shop","item":"https:\/\/mauweb.tamnguyen.vn\/noithat16\/shop\/"},{"@type":"ListItem","position":3,"name":"Gi\u01b0\u1eddng ng\u1ee7 da th\u1eadt m\u00e3 1670X"}]},{"@type":"WebSite","@id":"https:\/\/mauweb.tamnguyen.vn\/noithat16\/#website","url":"https:\/\/mauweb.tamnguyen.vn\/noithat16\/","name":"M\u1eabu web n\u1ed9i th\u1ea5t","description":"D\u1ecbch v\u1ee5 thi\u1ebft k\u1ebf web uy t\u00edn","potentialAction":[{"@type":"SearchAction","target":{"@type":"EntryPoint","urlTemplate":"https:\/\/mauweb.tamnguyen.vn\/noithat16\/?s={search_term_string}"},"query-input":"required name=search_term_string"}],"inLanguage":"vi"}]}},"_links":{"self":[{"href":"https:\/\/mauweb.tamnguyen.vn\/noithat16\/wp-json\/wp\/v2\/product\/393","targetHints":{"allow":["GET"]}}],"collection":[{"href":"https:\/\/mauweb.tamnguyen.vn\/noithat16\/wp-json\/wp\/v2\/product"}],"about":[{"href":"https:\/\/mauweb.tamnguyen.vn\/noithat16\/wp-json\/wp\/v2\/types\/product"}],"replies":[{"embeddable":true,"href":"https:\/\/mauweb.tamnguyen.vn\/noithat16\/wp-json\/wp\/v2\/comments?post=393"}],"wp:featuredmedia":[{"embeddable":true,"href":"https:\/\/mauweb.tamnguyen.vn\/noithat16\/wp-json\/wp\/v2\/media\/394"}],"wp:attachment":[{"href":"https:\/\/mauweb.tamnguyen.vn\/noithat16\/wp-json\/wp\/v2\/media?parent=393"}],"wp:term":[{"taxonomy":"product_cat","embeddable":true,"href":"https:\/\/mauweb.tamnguyen.vn\/noithat16\/wp-json\/wp\/v2\/product_cat?post=393"},{"taxonomy":"product_tag","embeddable":true,"href":"https:\/\/mauweb.tamnguyen.vn\/noithat16\/wp-json\/wp\/v2\/product_tag?post=393"}],"curies":[{"name":"wp","href":"https:\/\/api.w.org\/{rel}","templated":true}]}}