{"id":391,"date":"2022-05-24T16:40:42","date_gmt":"2022-05-24T09:40:42","guid":{"rendered":"http:\/\/noithat.themevivu.site\/?post_type=product&#038;p=391"},"modified":"2022-05-24T16:40:43","modified_gmt":"2022-05-24T09:40:43","slug":"giuong-ngu-da-that-ma-1688n","status":"publish","type":"product","link":"https:\/\/mauweb.tamnguyen.vn\/noithat16\/san-pham\/giuong-ngu-da-that-ma-1688n\/","title":{"rendered":"Gi\u01b0\u1eddng ng\u1ee7 da th\u1eadt m\u00e3 1688N"},"content":{"rendered":"<div class=\"ndr r\">\n<div><b>K\u00edch th\u01b0\u1edbc v\u00e0 gi\u00e1 b\u00e1n<\/b><\/div>\n<div>\n<ul>\n<li>K\u00edch th\u01b0\u1edbc gi\u01b0\u1eddng: D\u00e0i:2270mm x R\u1ed9ng:2210mm x Cao:1180mm<\/li>\n<li>Gi\u00e1 c\u1ee7a gi\u01b0\u1eddng:\u00a028.700.000\u0111<\/li>\n<li>\u0110\u0103ng k\u00fd mua Online gi\u1ea3m th\u00eam 2.000.000\u0111<\/li>\n<\/ul>\n<div><strong>B\u1ea3o h\u00e0nh tr\u00ean m\u1ee9c ti\u00eau chu\u1ea9n<\/strong><\/div>\n<ul>\n<li>B\u1ec1 m\u1eb7t da th\u1eadt: 14 th\u00e1ng<\/li>\n<li>Khung v\u00e0 d\u00e1t gi\u01b0\u1eddng: 12 n\u0103m<\/li>\n<li>B\u1ea3o h\u00e0nh ch\u00ednh h\u00e3ng, b\u1ea3o tr\u00ec tr\u1ecdn \u0111\u1eddi<\/li>\n<\/ul>\n<\/div>\n<\/div>\n<div class=\"ndr l\">\n<div><strong>\u0110\u1eb7c \u0111i\u1ec3m n\u1ed5i b\u1eadt c\u1ee7a s\u1ea3n ph\u1ea9m<\/strong><\/div>\n<ul>\n<li>M\u1eabu gi\u01b0\u1eddng nh\u1eadp kh\u1ea9u \u0111\u01b0\u1ee3c l\u00ean thi\u1ebft k\u1ebf t\u1eeb \u00dd<\/li>\n<li>Ch\u1ea5t li\u1ec7u da b\u00f2 th\u1eadt 60%, ch\u1ecdn m\u00e0u theo y\u00eau c\u1ea7u<\/li>\n<li>Ki\u1ec3u d\u00e1ng v\u1eefng ch\u00e3i, \u0111\u1ea7u gi\u01b0\u1eddng t\u1ef1a tho\u1ea3i m\u00e1i<\/li>\n<li>M\u1eabu gi\u01b0\u1eddng l\u00ean ng\u00f4i, kh\u1edfi \u0111\u1ea7u m\u1ed9t xu h\u01b0\u1edbng m\u1edbi<\/li>\n<\/ul>\n<div><strong>Qu\u00e0 t\u1eb7ng c\u1ee7a s\u1ea3n ph\u1ea9m n\u00e0y<\/strong><\/div>\n<ul>\n<li>T\u1eb7ng b\u1ed9 l\u00e0m s\u1ea1ch da c\u1ee7a Singapore:\u00a0800.000\u0111<\/li>\n<li>T\u1eb7ng g\u1ed1i trang tr\u00ed nh\u1eadp kh\u1ea9u: 330.000\u0111<\/li>\n<\/ul>\n<div>H\u1ed9i t\u1ee5 tinh hoa n\u1ed9i th\u1ea5t Ch\u00e2u \u00c2u,\u00a0gi\u01b0\u1eddng ng\u1ee7\u00a0b\u1ecdc da\u00a0cao c\u1ea5p\u00a0ERADO \u0111\u00e3 thi\u1ebft l\u1eadp m\u1ed9t chu\u1ea9n m\u1ef1c ho\u00e0n to\u00e0n m\u1edbi khi thi\u1ebft k\u1ebf v\u00e0 c\u00f4ng n\u0103ng c\u00f9ng h\u00f2a nh\u1ecbp, ki\u1ebfn t\u1ea1o v\u1ebb \u0111\u1eb9p ho\u00e0n m\u1ef9, \u0111\u00e1nh th\u1ee9c m\u1ecdi gi\u00e1c quan, mang \u0111\u1ebfn cho qu\u00fd kh\u00e1ch nh\u1eefng gi\u1ea5c ng\u1ee7 ng\u1ecdt ng\u00e0o g\u1eedi tr\u1ecdn v\u1eb9n y\u00eau th\u01b0\u01a1ng.<\/div>\n<div><\/div>\n<div><img decoding=\"async\" src=\"https:\/\/erado.vn\/img\/i\/giuong-ngu-da-that-ma-1688a-1603.jpg\" alt=\"Gi\u01b0\u1eddng ng\u1ee7 da th\u1eadt m\u00e3 1688A\" \/><\/p>\n<p>Kho\u00e1c l\u00ean m\u00ecnh tone m\u00e0u n\u00e2u l\u1ecbch thi\u1ec7p,\u00a0\u00a0s\u1eafc m\u00e0u tr\u1ea7m \u1ea5m l\u00e0m cho kh\u00f4ng gian tr\u1edf n\u00ean t\u0129nh l\u1eb7ng nh\u01b0ng v\u1eabn \u0111\u1eadm n\u00e9t c\u00e1 t\u00ednh v\u00e0 tr\u1ebb trung, ki\u1ebfn t\u1ea1o m\u1ed9t kh\u00f4ng gian hi\u1ec7n \u0111\u1ea1i tr\u00e0n \u0111\u1ea7y s\u1ee9c s\u1ed1ng.<\/p><\/div>\n<p><img decoding=\"async\" src=\"https:\/\/erado.vn\/img\/i\/giuong-ngu-da-that-ma-1688a-1604.jpg\" alt=\"Gi\u01b0\u1eddng ng\u1ee7 da th\u1eadt m\u00e3 1688A\" \/><\/p>\n<div>\nKhung gi\u01b0\u1eddng \u0111\u01b0\u1ee3c l\u00e0m t\u1eeb ch\u1ea5t li\u1ec7u g\u1ed7 t\u1ef1 nhi\u00ean cao c\u1ea5p, \u0111\u00e3 qua c\u00e1c c\u00f4ng \u0111o\u1ea1n l\u00e0m kh\u00f4, ch\u1ed1ng \u1ea9m m\u1ed1c, m\u1ed1i m\u1ecdt n\u00ean c\u00f3 \u0111\u1ed9 b\u1ec1n cao, \u0111\u01b0\u1ee3c b\u1ecdc b\u1edfi m\u1ed9t l\u1edbp da th\u1eadt qua x\u1eed l\u00fd h\u00f3a h\u1ecdc, kh\u00f4ng m\u00f9i, r\u1ea5t m\u1ecbn v\u00e0 m\u1ec1m, an to\u00e0n cho s\u1ee9c kh\u1ecfe ng\u01b0\u1eddi s\u1eed d\u1ee5ng.<\/p>\n<p><img decoding=\"async\" src=\"https:\/\/erado.vn\/img\/i\/giuong-ngu-da-that-ma-1688a-1605.jpg\" alt=\"Gi\u01b0\u1eddng ng\u1ee7 da th\u1eadt m\u00e3 1688A\" \/><\/p>\n<p>M\u1eabu gi\u01b0\u1eddng b\u1ecdc da \u0111\u1ea7y \u1ea5n t\u01b0\u1ee3ng\u00a0b\u1edfi \u0111\u1ea7u gi\u01b0\u1eddng \u0111\u01b0\u1ee3c thi\u1ebft k\u1ebf s\u00e1ng t\u1ea1o theo ki\u1ec3u d\u00e1ng gh\u1ebf t\u1ef1a \u0111\u00f4i m\u1edbi l\u1ea1, l\u00e0 chi\u1ebfc \u0111\u1ec7m l\u01b0ng \u00eam \u00e1i gi\u00fap b\u1ea1n c\u00f3 th\u1ec3 tho\u1ea3i m\u00e1i ng\u1ed3i \u0111\u1ecdc s\u00e1ch, l\u01b0\u1edbt web b\u1eb1ng \u0111i\u1ec7n tho\u1ea1i.<\/p><\/div>\n<p><img decoding=\"async\" src=\"https:\/\/erado.vn\/img\/i\/giuong-ngu-da-that-ma-1688a-1599.jpg\" alt=\"Gi\u01b0\u1eddng ng\u1ee7 da th\u1eadt m\u00e3 1688A\" \/><\/p>\n<p>Ch\u1ea5t li\u1ec7u da th\u1eadt nh\u1eadp kh\u1ea9u m\u1ec1m m\u1ecbn b\u1ea3o v\u1ec7 s\u1ee9c kh\u1ecfe gia \u0111\u00ecnh, v\u1edbi \u0111\u1ed9 d\u00e0y v\u1eeba ph\u1ea3i, \u0111em l\u1ea1i \u0111\u1ed9 b\u00f3ng m\u1ecbn cho s\u1ea3n ph\u1ea9m, b\u1ec1n b\u1ec9 v\u01b0\u1ee3t th\u1eddi gian.<\/p>\n<p><img decoding=\"async\" src=\"https:\/\/erado.vn\/img\/i\/giuong-ngu-da-that-ma-1688a-1600.jpg\" alt=\"Gi\u01b0\u1eddng ng\u1ee7 da th\u1eadt m\u00e3 1688A\" \/><\/p>\n<div>\n\u0110\u1ea7u gi\u01b0\u1eddng \u0111\u01b0\u1ee3c thi\u1ebft k\u1ebf s\u00e1ng t\u1ea1o theo ki\u1ec3u d\u00e1ng gh\u1ebf t\u1ef1a \u0111\u00f4i m\u1edbi l\u1ea1, l\u00e0 chi\u1ebfc \u0111\u1ec7m l\u01b0ng \u00eam \u00e1i gi\u00fap b\u1ea1n c\u00f3 th\u1ec3 tho\u1ea3i m\u00e1i ng\u1ed3i \u0111\u1ecdc s\u00e1ch, l\u01b0\u1edbt web b\u1eb1ng \u0111i\u1ec7n tho\u1ea1i.<\/div>\n<\/div>\n","protected":false},"excerpt":{"rendered":"<ul class=\"pc\">\n<li class=\"t\">Ch\u1ea5t li\u1ec7u: Da th\u1eadt nh\u1eadp kh\u1ea9u<\/li>\n<li class=\"c\">B\u1ea3o h\u00e0nh: 14 th\u00e1ng<\/li>\n<li class=\"c\">T\u00ecnh tr\u1ea1ng: C\u00f2n h\u00e0ng<\/li>\n<\/ul>\n","protected":false},"featured_media":392,"comment_status":"open","ping_status":"closed","template":"","meta":[],"product_cat":[15,65,71,30],"product_tag":[],"class_list":["post-391","product","type-product","status-publish","has-post-thumbnail","hentry","product_cat-ghe-sofa","product_cat-do-trang-tri","product_cat-do-trang-tri-noi-that","product_cat-sofa-chung-cu"],"yoast_head":"<!-- This site is optimized with the Yoast SEO plugin v19.9 - https:\/\/yoast.com\/wordpress\/plugins\/seo\/ -->\n<title>Gi\u01b0\u1eddng ng\u1ee7 da th\u1eadt m\u00e3 1688N - M\u1eabu web n\u1ed9i th\u1ea5t<\/title>\n<meta name=\"robots\" content=\"index, follow, max-snippet:-1, max-image-preview:large, max-video-preview:-1\" \/>\n<link rel=\"canonical\" href=\"https:\/\/mauweb.tamnguyen.vn\/noithat16\/san-pham\/giuong-ngu-da-that-ma-1688n\/\" \/>\n<meta property=\"og:locale\" content=\"vi_VN\" \/>\n<meta property=\"og:type\" content=\"article\" \/>\n<meta property=\"og:title\" content=\"Gi\u01b0\u1eddng ng\u1ee7 da th\u1eadt m\u00e3 1688N - M\u1eabu web n\u1ed9i th\u1ea5t\" \/>\n<meta property=\"og:description\" content=\"Ch\u1ea5t li\u1ec7u: Da th\u1eadt nh\u1eadp kh\u1ea9u  B\u1ea3o h\u00e0nh: 14 th\u00e1ng  T\u00ecnh tr\u1ea1ng: C\u00f2n h\u00e0ng\" \/>\n<meta property=\"og:url\" content=\"https:\/\/mauweb.tamnguyen.vn\/noithat16\/san-pham\/giuong-ngu-da-that-ma-1688n\/\" \/>\n<meta property=\"og:site_name\" content=\"M\u1eabu web n\u1ed9i th\u1ea5t\" \/>\n<meta property=\"article:modified_time\" content=\"2022-05-24T09:40:43+00:00\" \/>\n<meta property=\"og:image\" content=\"https:\/\/mauweb.tamnguyen.vn\/noithat16\/wp-content\/uploads\/2022\/05\/8.jpg\" \/>\n\t<meta property=\"og:image:width\" content=\"800\" \/>\n\t<meta property=\"og:image:height\" content=\"533\" \/>\n\t<meta property=\"og:image:type\" content=\"image\/jpeg\" \/>\n<meta name=\"twitter:card\" content=\"summary_large_image\" \/>\n<meta name=\"twitter:label1\" content=\"\u01af\u1edbc t\u00ednh th\u1eddi gian \u0111\u1ecdc\" \/>\n\t<meta name=\"twitter:data1\" content=\"3 ph\u00fat\" \/>\n<script type=\"application\/ld+json\" class=\"yoast-schema-graph\">{\"@context\":\"https:\/\/schema.org\",\"@graph\":[{\"@type\":\"WebPage\",\"@id\":\"https:\/\/mauweb.tamnguyen.vn\/noithat16\/san-pham\/giuong-ngu-da-that-ma-1688n\/\",\"url\":\"https:\/\/mauweb.tamnguyen.vn\/noithat16\/san-pham\/giuong-ngu-da-that-ma-1688n\/\",\"name\":\"Gi\u01b0\u1eddng ng\u1ee7 da th\u1eadt m\u00e3 1688N - M\u1eabu web n\u1ed9i th\u1ea5t\",\"isPartOf\":{\"@id\":\"https:\/\/mauweb.tamnguyen.vn\/noithat16\/#website\"},\"datePublished\":\"2022-05-24T09:40:42+00:00\",\"dateModified\":\"2022-05-24T09:40:43+00:00\",\"breadcrumb\":{\"@id\":\"https:\/\/mauweb.tamnguyen.vn\/noithat16\/san-pham\/giuong-ngu-da-that-ma-1688n\/#breadcrumb\"},\"inLanguage\":\"vi\",\"potentialAction\":[{\"@type\":\"ReadAction\",\"target\":[\"https:\/\/mauweb.tamnguyen.vn\/noithat16\/san-pham\/giuong-ngu-da-that-ma-1688n\/\"]}]},{\"@type\":\"BreadcrumbList\",\"@id\":\"https:\/\/mauweb.tamnguyen.vn\/noithat16\/san-pham\/giuong-ngu-da-that-ma-1688n\/#breadcrumb\",\"itemListElement\":[{\"@type\":\"ListItem\",\"position\":1,\"name\":\"Trang ch\u1ee7\",\"item\":\"https:\/\/mauweb.tamnguyen.vn\/noithat16\/\"},{\"@type\":\"ListItem\",\"position\":2,\"name\":\"Shop\",\"item\":\"https:\/\/mauweb.tamnguyen.vn\/noithat16\/shop\/\"},{\"@type\":\"ListItem\",\"position\":3,\"name\":\"Gi\u01b0\u1eddng ng\u1ee7 da th\u1eadt m\u00e3 1688N\"}]},{\"@type\":\"WebSite\",\"@id\":\"https:\/\/mauweb.tamnguyen.vn\/noithat16\/#website\",\"url\":\"https:\/\/mauweb.tamnguyen.vn\/noithat16\/\",\"name\":\"M\u1eabu web n\u1ed9i th\u1ea5t\",\"description\":\"D\u1ecbch v\u1ee5 thi\u1ebft k\u1ebf web uy t\u00edn\",\"potentialAction\":[{\"@type\":\"SearchAction\",\"target\":{\"@type\":\"EntryPoint\",\"urlTemplate\":\"https:\/\/mauweb.tamnguyen.vn\/noithat16\/?s={search_term_string}\"},\"query-input\":\"required name=search_term_string\"}],\"inLanguage\":\"vi\"}]}<\/script>\n<!-- \/ Yoast SEO plugin. -->","yoast_head_json":{"title":"Gi\u01b0\u1eddng ng\u1ee7 da th\u1eadt m\u00e3 1688N - M\u1eabu web n\u1ed9i th\u1ea5t","robots":{"index":"index","follow":"follow","max-snippet":"max-snippet:-1","max-image-preview":"max-image-preview:large","max-video-preview":"max-video-preview:-1"},"canonical":"https:\/\/mauweb.tamnguyen.vn\/noithat16\/san-pham\/giuong-ngu-da-that-ma-1688n\/","og_locale":"vi_VN","og_type":"article","og_title":"Gi\u01b0\u1eddng ng\u1ee7 da th\u1eadt m\u00e3 1688N - M\u1eabu web n\u1ed9i th\u1ea5t","og_description":"Ch\u1ea5t li\u1ec7u: Da th\u1eadt nh\u1eadp kh\u1ea9u  B\u1ea3o h\u00e0nh: 14 th\u00e1ng  T\u00ecnh tr\u1ea1ng: C\u00f2n h\u00e0ng","og_url":"https:\/\/mauweb.tamnguyen.vn\/noithat16\/san-pham\/giuong-ngu-da-that-ma-1688n\/","og_site_name":"M\u1eabu web n\u1ed9i th\u1ea5t","article_modified_time":"2022-05-24T09:40:43+00:00","og_image":[{"width":800,"height":533,"url":"https:\/\/mauweb.tamnguyen.vn\/noithat16\/wp-content\/uploads\/2022\/05\/8.jpg","type":"image\/jpeg"}],"twitter_card":"summary_large_image","twitter_misc":{"\u01af\u1edbc t\u00ednh th\u1eddi gian \u0111\u1ecdc":"3 ph\u00fat"},"schema":{"@context":"https:\/\/schema.org","@graph":[{"@type":"WebPage","@id":"https:\/\/mauweb.tamnguyen.vn\/noithat16\/san-pham\/giuong-ngu-da-that-ma-1688n\/","url":"https:\/\/mauweb.tamnguyen.vn\/noithat16\/san-pham\/giuong-ngu-da-that-ma-1688n\/","name":"Gi\u01b0\u1eddng ng\u1ee7 da th\u1eadt m\u00e3 1688N - M\u1eabu web n\u1ed9i th\u1ea5t","isPartOf":{"@id":"https:\/\/mauweb.tamnguyen.vn\/noithat16\/#website"},"datePublished":"2022-05-24T09:40:42+00:00","dateModified":"2022-05-24T09:40:43+00:00","breadcrumb":{"@id":"https:\/\/mauweb.tamnguyen.vn\/noithat16\/san-pham\/giuong-ngu-da-that-ma-1688n\/#breadcrumb"},"inLanguage":"vi","potentialAction":[{"@type":"ReadAction","target":["https:\/\/mauweb.tamnguyen.vn\/noithat16\/san-pham\/giuong-ngu-da-that-ma-1688n\/"]}]},{"@type":"BreadcrumbList","@id":"https:\/\/mauweb.tamnguyen.vn\/noithat16\/san-pham\/giuong-ngu-da-that-ma-1688n\/#breadcrumb","itemListElement":[{"@type":"ListItem","position":1,"name":"Trang ch\u1ee7","item":"https:\/\/mauweb.tamnguyen.vn\/noithat16\/"},{"@type":"ListItem","position":2,"name":"Shop","item":"https:\/\/mauweb.tamnguyen.vn\/noithat16\/shop\/"},{"@type":"ListItem","position":3,"name":"Gi\u01b0\u1eddng ng\u1ee7 da th\u1eadt m\u00e3 1688N"}]},{"@type":"WebSite","@id":"https:\/\/mauweb.tamnguyen.vn\/noithat16\/#website","url":"https:\/\/mauweb.tamnguyen.vn\/noithat16\/","name":"M\u1eabu web n\u1ed9i th\u1ea5t","description":"D\u1ecbch v\u1ee5 thi\u1ebft k\u1ebf web uy t\u00edn","potentialAction":[{"@type":"SearchAction","target":{"@type":"EntryPoint","urlTemplate":"https:\/\/mauweb.tamnguyen.vn\/noithat16\/?s={search_term_string}"},"query-input":"required name=search_term_string"}],"inLanguage":"vi"}]}},"_links":{"self":[{"href":"https:\/\/mauweb.tamnguyen.vn\/noithat16\/wp-json\/wp\/v2\/product\/391","targetHints":{"allow":["GET"]}}],"collection":[{"href":"https:\/\/mauweb.tamnguyen.vn\/noithat16\/wp-json\/wp\/v2\/product"}],"about":[{"href":"https:\/\/mauweb.tamnguyen.vn\/noithat16\/wp-json\/wp\/v2\/types\/product"}],"replies":[{"embeddable":true,"href":"https:\/\/mauweb.tamnguyen.vn\/noithat16\/wp-json\/wp\/v2\/comments?post=391"}],"wp:featuredmedia":[{"embeddable":true,"href":"https:\/\/mauweb.tamnguyen.vn\/noithat16\/wp-json\/wp\/v2\/media\/392"}],"wp:attachment":[{"href":"https:\/\/mauweb.tamnguyen.vn\/noithat16\/wp-json\/wp\/v2\/media?parent=391"}],"wp:term":[{"taxonomy":"product_cat","embeddable":true,"href":"https:\/\/mauweb.tamnguyen.vn\/noithat16\/wp-json\/wp\/v2\/product_cat?post=391"},{"taxonomy":"product_tag","embeddable":true,"href":"https:\/\/mauweb.tamnguyen.vn\/noithat16\/wp-json\/wp\/v2\/product_tag?post=391"}],"curies":[{"name":"wp","href":"https:\/\/api.w.org\/{rel}","templated":true}]}}