{"id":389,"date":"2022-05-24T16:39:17","date_gmt":"2022-05-24T09:39:17","guid":{"rendered":"http:\/\/noithat.themevivu.site\/?post_type=product&#038;p=389"},"modified":"2022-05-24T16:39:17","modified_gmt":"2022-05-24T09:39:17","slug":"ban-an-mat-da-ma-t2182","status":"publish","type":"product","link":"https:\/\/mauweb.tamnguyen.vn\/noithat16\/san-pham\/ban-an-mat-da-ma-t2182\/","title":{"rendered":"B\u00e0n \u0103n m\u1eb7t \u0111\u00e1 m\u00e3 T2182"},"content":{"rendered":"<div class=\"ndr r\"><b>K\u00edch th\u01b0\u1edbc v\u00e0 gi\u00e1 b\u00e1n<\/b><\/p>\n<div>\n<ul>\n<li><span style=\"font-family: Muli, sans-serif, Arial;\">K\u00edch th\u01b0\u1edbc: D\u00e0i:<\/span>1800mm x R\u1ed9ng:900mm x Cao:756mm<\/li>\n<li>Gi\u00e1 b\u00e1n c\u1ea3 b\u1ed9 (b\u00e0n + 6 gh\u1ebf): 38.200.000\u0111<\/li>\n<li>\u0110\u0103ng k\u00ed mua online gi\u1ea3m th\u00eam: 2.000.000\u0111<\/li>\n<\/ul>\n<\/div>\n<div><strong>\u0110\u1eb7c \u0111i\u1ec3m n\u1ed5i b\u1eadt c\u1ee7a s\u1ea3n ph\u1ea9m<\/strong><\/div>\n<ul>\n<li>M\u1eb7t \u0111\u00e1 Marble Calacatta Gold<\/li>\n<li>Khung b\u00e0n: inox m\u1ea1 titan<\/li>\n<li>V\u1ebb \u0111\u1eb9p qu\u00fd ph\u00e1i &#8211; m\u1ea3nh gh\u00e9p ho\u00e0n h\u1ea3o cho m\u1ecdi kh\u00f4ng gian sang tr\u1ecdng<\/li>\n<li>Nh\u1eadp kh\u1ea9u ch\u00ednh ng\u1ea1ch c\u00f3 \u0111\u1ea7y \u0111\u1ee7 CO &amp; CQ<\/li>\n<\/ul>\n<\/div>\n<div class=\"ndr l\"><b>B\u1ea3o h\u00e0nh tr\u00ean m\u1ee9c ti\u00eau chu\u1ea9n<\/b><\/p>\n<div>\n<ul>\n<li><span style=\"font-family: Muli, sans-serif, Arial;\">M\u00e3 b\u00e0n: T2182 &#8211; M\u00e3 gh\u1ebf:\u00a0<\/span><span style=\"font-family: Muli, sans-serif, Arial;\">B448<\/span><\/li>\n<li>M\u1eb7t, khung, ch\u00e2n c\u1ee7a b\u00e0n \u0103n: 14 th\u00e1ng<\/li>\n<li>Gh\u1ebf ng\u1ed3i \u0103n b\u1ea3o h\u00e0nh: 14 th\u00e1ng<\/li>\n<\/ul>\n<\/div>\n<div><b>B\u00e1n theo nhu c\u1ea7u ri\u00eang<\/b><\/div>\n<div>\n<ul>\n<li>B\u00e1n ri\u00eang b\u00e0n \u0103n:\u00a026.200.000\u0111<\/li>\n<li>B\u00e1n l\u1ebb gh\u1ebf b\u00e0n \u0103n:\u00a03.300.000\u0111<\/li>\n<li>Ngo\u00e0i ra, b\u00e1n b\u00e0n \u0103n + 4 gh\u1ebf\/ 6 gh\u1ebf\/ 8 gh\u1ebf<\/li>\n<\/ul>\n<div>\u0110\u1ed3ng h\u00e0nh c\u00f9ng m\u1eabu b\u00e0n \u0103n ERADO m\u1eb7t \u0111\u00e1 c\u1ea9m th\u1ea1ch Calacatta Gold m\u00e3 T2182 l\u1ea7n n\u00e0y l\u00e0 di\u1ec5n vi\u00ean \u0110\u00ecnh T\u00fa trong b\u1ed9 phim \u201cTh\u01b0\u01a1ng ng\u00e0y n\u1eafng v\u1ec1\u201d \u0111ang l\u00e0m m\u01b0a l\u00e0m gi\u00f3 hi\u1ec7n nay.\u00a0B\u1ed9 b\u00e0n \u0103n ERADO v\u1edbi v\u1ebb \u0111\u1eb9p qu\u00fd ph\u00e1i, tinh t\u1ebf s\u1ebd l\u00e0 m\u1ed9t m\u1ea3nh gh\u00e9p ho\u00e0n h\u1ea3o cho kh\u00f4ng gian sang tr\u1ecdng, th\u1eddi th\u01b0\u1ee3ng c\u1ee7a gia \u0111\u00ecnh hi\u1ec7n \u0111\u1ea1i,\u00a0h\u1ee9a h\u1eb9n s\u1ebd l\u00e0 m\u1ed9t trong nh\u1eefng s\u1ea3n ph\u1ea9m d\u1eabn \u0111\u1ea7u xu h\u01b0\u1edbng tr\u00ean th\u1ecb tr\u01b0\u1eddng b\u00e0n \u0103n cao c\u1ea5p.<\/div>\n<div>\n<img decoding=\"async\" src=\"https:\/\/erado.vn\/img\/i\/ban-an-mat-da-ma-t2182-13400.jpg\" alt=\"B\u00e0n \u0103n m\u1eb7t \u0111\u00e1 m\u00e3 T2182\" \/><\/div>\n<div><\/div>\n<div>M\u1eb7t \u0111\u00e1 c\u1ea9m th\u1ea1ch Calacatta Gold cao c\u1ea5p, sang tr\u1ecdng, v\u1edbi c\u00e1c m\u1ea3ng v\u00e2n x\u00e1m l\u1edbn \u0111\u1eadm m\u00e0u xen k\u1ebd ch\u1ec9 v\u00e0ng tr\u00ean n\u1ec1n \u0111\u00e1 tr\u1eafng to\u00e1t l\u00ean v\u1ebb \u0111\u1eb9p nh\u1eb9 nh\u00e0ng nh\u01b0ng v\u00f4 c\u00f9ng tinh t\u1ebf.<\/p>\n<p><img decoding=\"async\" src=\"https:\/\/erado.vn\/img\/i\/ban-an-mat-da-ma-t2182-13409.jpg\" alt=\"B\u00e0n \u0103n m\u1eb7t \u0111\u00e1 m\u00e3 T2182\" \/><\/p>\n<p>\u0110\u01b0\u1ee3c thi\u1ebft k\u1ebf v\u1edbi h\u00ecnh ovan ph\u00e1 c\u00e1ch, b\u1ed9 b\u00e0n \u0103n s\u1ebd ph\u00f9 h\u1ee3p v\u1edbi kh\u00f4ng gian r\u1ed9ng, tho\u00e1ng \u0111\u00e3ng \u0111\u1ec3 l\u00e0m \u0111i\u1ec3m nh\u1ea5n b\u1eebng s\u00e1ng c\u1ea3 c\u0103n ph\u00f2ng.<\/p>\n<p><img decoding=\"async\" src=\"https:\/\/erado.vn\/img\/i\/ban-an-mat-da-ma-t2182-13402.jpg\" alt=\"B\u00e0n \u0103n m\u1eb7t \u0111\u00e1 m\u00e3 T2182\" \/><\/p>\n<p>Kh\u00f4ng ch\u1ec9 th\u1ebf, m\u1eb7t \u0111\u00e1 c\u1ea9m th\u1ea1ch ngo\u00e0i mang l\u1ea1i gi\u00e1 tr\u1ecb th\u1ea9m m\u1ef9 v\u01b0\u1ee3t tr\u1ed9i c\u00f2n l\u00e0 s\u1ef1 l\u1ef1a ch\u1ecdn th\u00f4ng minh b\u1edfi v\u1ebb \u0111\u1eb9p b\u1ec1n b\u1ec9 v\u1edbi th\u1eddi gian, b\u00ean c\u1ea1nh kh\u1ea3 n\u0103ng ch\u1ed1ng n\u01b0\u1edbc v\u00e0 ch\u1ecbu nhi\u1ec7t t\u00e2n ti\u1ebfn.<\/p>\n<p><img decoding=\"async\" src=\"https:\/\/erado.vn\/img\/i\/ban-an-mat-da-ma-t2182-13415.jpg\" alt=\"B\u00e0n \u0103n m\u1eb7t \u0111\u00e1 m\u00e3 T2182\" \/><\/div>\n<div>\nKhung b\u00e0n l\u00e0m b\u1eb1ng inox m\u1ea1 titan ch\u1ed1ng hoen g\u1ec9 tuy\u1ec7t \u0111\u1ed1i thi\u1ebft k\u1ebf ph\u00e1 c\u00e1ch v\u1eeba thu h\u00fat \u00e1nh nh\u00ecn v\u1eeba \u0111\u1ea3m b\u1ea3o s\u1ef1 v\u1eefng ch\u00e3i, ch\u1ecbu l\u1ef1c l\u1ea1i d\u1ec5 v\u1ec7 sinh, lau ch\u00f9i m\u00e0 kh\u00f4ng t\u1ed1n c\u00f4ng s\u1ee9c.<\/div>\n<\/div>\n<\/div>\n","protected":false},"excerpt":{"rendered":"<ul class=\"pc\">\n<li class=\"t\">Ch\u1ea5t li\u1ec7u: \u0110\u00e1 Marble, Inox m\u1ea1 titan, Da t\u1ed5ng h\u1ee3p cao c\u1ea5p<\/li>\n<li class=\"c\">B\u1ea3o h\u00e0nh: 14 th\u00e1ng<\/li>\n<li class=\"c\">T\u00ecnh tr\u1ea1ng: C\u00f2n h\u00e0ng<\/li>\n<\/ul>\n","protected":false},"featured_media":390,"comment_status":"open","ping_status":"closed","template":"","meta":[],"product_cat":[32,35,31],"product_tag":[],"class_list":["post-389","product","type-product","status-publish","has-post-thumbnail","hentry","product_cat-ban-an-6-ghe","product_cat-ban-an-thong-minh","product_cat-ban-ghe-an"],"yoast_head":"<!-- This site is optimized with the Yoast SEO plugin v19.9 - https:\/\/yoast.com\/wordpress\/plugins\/seo\/ -->\n<title>B\u00e0n \u0103n m\u1eb7t \u0111\u00e1 m\u00e3 T2182 - M\u1eabu web n\u1ed9i th\u1ea5t<\/title>\n<meta name=\"robots\" content=\"index, follow, max-snippet:-1, max-image-preview:large, max-video-preview:-1\" \/>\n<link rel=\"canonical\" href=\"https:\/\/mauweb.tamnguyen.vn\/noithat16\/san-pham\/ban-an-mat-da-ma-t2182\/\" \/>\n<meta property=\"og:locale\" content=\"vi_VN\" \/>\n<meta property=\"og:type\" content=\"article\" \/>\n<meta property=\"og:title\" content=\"B\u00e0n \u0103n m\u1eb7t \u0111\u00e1 m\u00e3 T2182 - M\u1eabu web n\u1ed9i th\u1ea5t\" \/>\n<meta property=\"og:description\" content=\"Ch\u1ea5t li\u1ec7u: \u0110\u00e1 Marble, Inox m\u1ea1 titan, Da t\u1ed5ng h\u1ee3p cao c\u1ea5p  B\u1ea3o h\u00e0nh: 14 th\u00e1ng  T\u00ecnh tr\u1ea1ng: C\u00f2n h\u00e0ng\" \/>\n<meta property=\"og:url\" content=\"https:\/\/mauweb.tamnguyen.vn\/noithat16\/san-pham\/ban-an-mat-da-ma-t2182\/\" \/>\n<meta property=\"og:site_name\" content=\"M\u1eabu web n\u1ed9i th\u1ea5t\" \/>\n<meta property=\"og:image\" content=\"https:\/\/mauweb.tamnguyen.vn\/noithat16\/wp-content\/uploads\/2022\/05\/78.jpg\" \/>\n\t<meta property=\"og:image:width\" content=\"800\" \/>\n\t<meta property=\"og:image:height\" content=\"533\" \/>\n\t<meta property=\"og:image:type\" content=\"image\/jpeg\" \/>\n<meta name=\"twitter:card\" content=\"summary_large_image\" \/>\n<meta name=\"twitter:label1\" content=\"\u01af\u1edbc t\u00ednh th\u1eddi gian \u0111\u1ecdc\" \/>\n\t<meta name=\"twitter:data1\" content=\"3 ph\u00fat\" \/>\n<script type=\"application\/ld+json\" class=\"yoast-schema-graph\">{\"@context\":\"https:\/\/schema.org\",\"@graph\":[{\"@type\":\"WebPage\",\"@id\":\"https:\/\/mauweb.tamnguyen.vn\/noithat16\/san-pham\/ban-an-mat-da-ma-t2182\/\",\"url\":\"https:\/\/mauweb.tamnguyen.vn\/noithat16\/san-pham\/ban-an-mat-da-ma-t2182\/\",\"name\":\"B\u00e0n \u0103n m\u1eb7t \u0111\u00e1 m\u00e3 T2182 - M\u1eabu web n\u1ed9i th\u1ea5t\",\"isPartOf\":{\"@id\":\"https:\/\/mauweb.tamnguyen.vn\/noithat16\/#website\"},\"datePublished\":\"2022-05-24T09:39:17+00:00\",\"dateModified\":\"2022-05-24T09:39:17+00:00\",\"breadcrumb\":{\"@id\":\"https:\/\/mauweb.tamnguyen.vn\/noithat16\/san-pham\/ban-an-mat-da-ma-t2182\/#breadcrumb\"},\"inLanguage\":\"vi\",\"potentialAction\":[{\"@type\":\"ReadAction\",\"target\":[\"https:\/\/mauweb.tamnguyen.vn\/noithat16\/san-pham\/ban-an-mat-da-ma-t2182\/\"]}]},{\"@type\":\"BreadcrumbList\",\"@id\":\"https:\/\/mauweb.tamnguyen.vn\/noithat16\/san-pham\/ban-an-mat-da-ma-t2182\/#breadcrumb\",\"itemListElement\":[{\"@type\":\"ListItem\",\"position\":1,\"name\":\"Trang ch\u1ee7\",\"item\":\"https:\/\/mauweb.tamnguyen.vn\/noithat16\/\"},{\"@type\":\"ListItem\",\"position\":2,\"name\":\"Shop\",\"item\":\"https:\/\/mauweb.tamnguyen.vn\/noithat16\/shop\/\"},{\"@type\":\"ListItem\",\"position\":3,\"name\":\"B\u00e0n \u0103n m\u1eb7t \u0111\u00e1 m\u00e3 T2182\"}]},{\"@type\":\"WebSite\",\"@id\":\"https:\/\/mauweb.tamnguyen.vn\/noithat16\/#website\",\"url\":\"https:\/\/mauweb.tamnguyen.vn\/noithat16\/\",\"name\":\"M\u1eabu web n\u1ed9i th\u1ea5t\",\"description\":\"D\u1ecbch v\u1ee5 thi\u1ebft k\u1ebf web uy t\u00edn\",\"potentialAction\":[{\"@type\":\"SearchAction\",\"target\":{\"@type\":\"EntryPoint\",\"urlTemplate\":\"https:\/\/mauweb.tamnguyen.vn\/noithat16\/?s={search_term_string}\"},\"query-input\":\"required name=search_term_string\"}],\"inLanguage\":\"vi\"}]}<\/script>\n<!-- \/ Yoast SEO plugin. -->","yoast_head_json":{"title":"B\u00e0n \u0103n m\u1eb7t \u0111\u00e1 m\u00e3 T2182 - M\u1eabu web n\u1ed9i th\u1ea5t","robots":{"index":"index","follow":"follow","max-snippet":"max-snippet:-1","max-image-preview":"max-image-preview:large","max-video-preview":"max-video-preview:-1"},"canonical":"https:\/\/mauweb.tamnguyen.vn\/noithat16\/san-pham\/ban-an-mat-da-ma-t2182\/","og_locale":"vi_VN","og_type":"article","og_title":"B\u00e0n \u0103n m\u1eb7t \u0111\u00e1 m\u00e3 T2182 - M\u1eabu web n\u1ed9i th\u1ea5t","og_description":"Ch\u1ea5t li\u1ec7u: \u0110\u00e1 Marble, Inox m\u1ea1 titan, Da t\u1ed5ng h\u1ee3p cao c\u1ea5p  B\u1ea3o h\u00e0nh: 14 th\u00e1ng  T\u00ecnh tr\u1ea1ng: C\u00f2n h\u00e0ng","og_url":"https:\/\/mauweb.tamnguyen.vn\/noithat16\/san-pham\/ban-an-mat-da-ma-t2182\/","og_site_name":"M\u1eabu web n\u1ed9i th\u1ea5t","og_image":[{"width":800,"height":533,"url":"https:\/\/mauweb.tamnguyen.vn\/noithat16\/wp-content\/uploads\/2022\/05\/78.jpg","type":"image\/jpeg"}],"twitter_card":"summary_large_image","twitter_misc":{"\u01af\u1edbc t\u00ednh th\u1eddi gian \u0111\u1ecdc":"3 ph\u00fat"},"schema":{"@context":"https:\/\/schema.org","@graph":[{"@type":"WebPage","@id":"https:\/\/mauweb.tamnguyen.vn\/noithat16\/san-pham\/ban-an-mat-da-ma-t2182\/","url":"https:\/\/mauweb.tamnguyen.vn\/noithat16\/san-pham\/ban-an-mat-da-ma-t2182\/","name":"B\u00e0n \u0103n m\u1eb7t \u0111\u00e1 m\u00e3 T2182 - M\u1eabu web n\u1ed9i th\u1ea5t","isPartOf":{"@id":"https:\/\/mauweb.tamnguyen.vn\/noithat16\/#website"},"datePublished":"2022-05-24T09:39:17+00:00","dateModified":"2022-05-24T09:39:17+00:00","breadcrumb":{"@id":"https:\/\/mauweb.tamnguyen.vn\/noithat16\/san-pham\/ban-an-mat-da-ma-t2182\/#breadcrumb"},"inLanguage":"vi","potentialAction":[{"@type":"ReadAction","target":["https:\/\/mauweb.tamnguyen.vn\/noithat16\/san-pham\/ban-an-mat-da-ma-t2182\/"]}]},{"@type":"BreadcrumbList","@id":"https:\/\/mauweb.tamnguyen.vn\/noithat16\/san-pham\/ban-an-mat-da-ma-t2182\/#breadcrumb","itemListElement":[{"@type":"ListItem","position":1,"name":"Trang ch\u1ee7","item":"https:\/\/mauweb.tamnguyen.vn\/noithat16\/"},{"@type":"ListItem","position":2,"name":"Shop","item":"https:\/\/mauweb.tamnguyen.vn\/noithat16\/shop\/"},{"@type":"ListItem","position":3,"name":"B\u00e0n \u0103n m\u1eb7t \u0111\u00e1 m\u00e3 T2182"}]},{"@type":"WebSite","@id":"https:\/\/mauweb.tamnguyen.vn\/noithat16\/#website","url":"https:\/\/mauweb.tamnguyen.vn\/noithat16\/","name":"M\u1eabu web n\u1ed9i th\u1ea5t","description":"D\u1ecbch v\u1ee5 thi\u1ebft k\u1ebf web uy t\u00edn","potentialAction":[{"@type":"SearchAction","target":{"@type":"EntryPoint","urlTemplate":"https:\/\/mauweb.tamnguyen.vn\/noithat16\/?s={search_term_string}"},"query-input":"required name=search_term_string"}],"inLanguage":"vi"}]}},"_links":{"self":[{"href":"https:\/\/mauweb.tamnguyen.vn\/noithat16\/wp-json\/wp\/v2\/product\/389","targetHints":{"allow":["GET"]}}],"collection":[{"href":"https:\/\/mauweb.tamnguyen.vn\/noithat16\/wp-json\/wp\/v2\/product"}],"about":[{"href":"https:\/\/mauweb.tamnguyen.vn\/noithat16\/wp-json\/wp\/v2\/types\/product"}],"replies":[{"embeddable":true,"href":"https:\/\/mauweb.tamnguyen.vn\/noithat16\/wp-json\/wp\/v2\/comments?post=389"}],"wp:featuredmedia":[{"embeddable":true,"href":"https:\/\/mauweb.tamnguyen.vn\/noithat16\/wp-json\/wp\/v2\/media\/390"}],"wp:attachment":[{"href":"https:\/\/mauweb.tamnguyen.vn\/noithat16\/wp-json\/wp\/v2\/media?parent=389"}],"wp:term":[{"taxonomy":"product_cat","embeddable":true,"href":"https:\/\/mauweb.tamnguyen.vn\/noithat16\/wp-json\/wp\/v2\/product_cat?post=389"},{"taxonomy":"product_tag","embeddable":true,"href":"https:\/\/mauweb.tamnguyen.vn\/noithat16\/wp-json\/wp\/v2\/product_tag?post=389"}],"curies":[{"name":"wp","href":"https:\/\/api.w.org\/{rel}","templated":true}]}}