{"id":387,"date":"2022-05-24T16:36:40","date_gmt":"2022-05-24T09:36:40","guid":{"rendered":"http:\/\/noithat.themevivu.site\/?post_type=product&#038;p=387"},"modified":"2022-05-24T16:36:40","modified_gmt":"2022-05-24T09:36:40","slug":"ban-tra-phong-khach-ma-fa060","status":"publish","type":"product","link":"https:\/\/mauweb.tamnguyen.vn\/noithat16\/san-pham\/ban-tra-phong-khach-ma-fa060\/","title":{"rendered":"B\u00e0n tr\u00e0 ph\u00f2ng kh\u00e1ch m\u00e3 FA060"},"content":{"rendered":"<div class=\"ndr r\">\n<div><b>K\u00edch th\u01b0\u1edbc v\u00e0 gi\u00e1 b\u00e1n<\/b><\/div>\n<div>\n<ul>\n<li>K\u00edch th\u01b0\u1edbc b\u00e0n tr\u00e0: D\u00e0i:1300mm x R\u1ed9ng:700mm x Cao:450mm<\/li>\n<li>K\u00edch th\u01b0\u1edbc k\u1ec7 tivi: D\u00e0i:2000mm x R\u1ed9ng:400mm x Cao:450mm<\/li>\n<li>Gi\u00e1 b\u00e1n c\u1ea3 b\u1ed9 (b\u00e0n + k\u1ec7):\u00a019.800.000\u0111<\/li>\n<li>\u0110\u0103ng k\u00ed mua online gi\u1ea3m th\u00eam: 1.000.000\u0111<\/li>\n<\/ul>\n<\/div>\n<div><strong>\u0110\u1eb7c \u0111i\u1ec3m n\u1ed5i b\u1eadt c\u1ee7a s\u1ea3n ph\u1ea9m<\/strong><\/div>\n<ul>\n<li>M\u1eb7t \u0111\u00e1 Phi\u1ebfn nh\u1eadp kh\u1ea9u cao c\u1ea5p<\/li>\n<li>Khung ch\u00e2n: th\u00e9p c\u1ee9ng s\u01a1n t\u0129nh \u0111i\u1ec7n<\/li>\n<li>Ng\u0103n k\u00e9o g\u1ed7 t\u1ef1 nhi\u00ean s\u01a1n men s\u1ee9 sang tr\u1ecdng<\/li>\n<\/ul>\n<\/div>\n<div class=\"ndr l\">\n<div><b>B\u1ea3o h\u00e0nh tr\u00ean m\u1ee9c ti\u00eau chu\u1ea9n<\/b><\/div>\n<div>\n<ul>\n<li>M\u00e3 b\u00e0n: B\u0110-FA060. M\u00e3 k\u1ec7: K-FA060<\/li>\n<li>M\u1eb7t, khung, ch\u00e2n c\u1ee7a b\u00e0n k\u1ec7: 14 th\u00e1ng<\/li>\n<li>Giao h\u00e0ng l\u1eafp \u0111\u1eb7t t\u1ea1i nh\u00e0 tr\u00ean to\u00e0n qu\u1ed1c<\/li>\n<\/ul>\n<\/div>\n<div><b>B\u00e1n theo nhu c\u1ea7u ri\u00eang<\/b><\/div>\n<div>\n<ul>\n<li>Gi\u00e1 b\u00e0n tr\u00e0:\u00a0 \u00a0 \u00a0 \u00a0 9.300.000\u0111<\/li>\n<li>Gi\u00e1 b\u00e1n k\u1ec7 tivi: 10.500.000\u0111<\/li>\n<li>Mua l\u1ebb b\u00e0n tr\u00e0, gi\u1ea3m th\u00eam 500.000\u0111<\/li>\n<li>Mua ri\u00eang k\u1ec7 tivi, gi\u1ea3m th\u00eam 500.000\u0111<\/li>\n<\/ul>\n<div>V\u1edbi thi\u1ebft k\u1ebf tinh gi\u1ea3n nh\u01b0ng kh\u00f4ng k\u00e9m ph\u1ea7n th\u1eddi th\u01b0\u1ee3ng, m\u1eabu b\u00e0n k\u1ec7 FA060 \u0111\u1ebfn t\u1eeb th\u01b0\u01a1ng hi\u1ec7u n\u1ed9i th\u1ea5t ERADO \u0111ang ki\u1ebfn t\u1ea1o n\u00ean xu h\u01b0\u1edbng m\u1edbi, \u0111\u00e1nh th\u1ee9c m\u1ecdi th\u01b0\u1edbc \u0111o v\u1ec1 v\u1ebb \u0111\u1eb9p chu\u1ea9n m\u1ef1c.<\/p>\n<p>\u01afu \u0111i\u1ec3m c\u1ee7a s\u1ea3n ph\u1ea9m ch\u00ednh l\u00e0 \u0111\u01b0\u1eddng ch\u1ec9 v\u00e0ng ch\u1ea1y ngang th\u00e2n t\u00f4n l\u00ean v\u1ebb sang tr\u1ecdng, hi\u1ec7n \u0111\u1ea1i. Th\u00e2n b\u00e0n s\u1eed d\u1ee5ng n\u01b0\u1edbc s\u01a1n men s\u1ee9 6k gi\u00fap gi\u1eef l\u1ea1i m\u00e0u s\u1eafc nguy\u00ean b\u1ea3n, lu\u00f4n b\u1ec1n \u0111\u1eb9p theo th\u1eddi gian. Ch\u1eafc ch\u1eafn r\u1eb1ng, m\u1eabu b\u00e0n k\u1ec7 ERADO s\u1ebd l\u00e0 m\u1ed9t m\u00f3n \u0111\u1ed3 n\u1ed9i th\u1ea5t kh\u00f4ng th\u1ec3 thi\u1ebfu trong ph\u00f2ng kh\u00e1ch c\u1ee7a m\u1ed7i gia \u0111\u00ecnh.<\/p>\n<p>Set b\u00e0n k\u1ec7 l\u00e0 s\u1ef1 l\u1ef1a cho l\u00fd t\u01b0\u1edfng, ph\u00f9 h\u1ee3p v\u1edbi m\u1ecdi kh\u00f4ng gian ph\u00f2ng kh\u00e1ch hi\u1ec7n \u0111\u1ea1i.<\/p>\n<p>Gam m\u00e0u tr\u1eafng ghi nh\u1eb9 nh\u00e0ng, trang nh\u00e3 d\u1ec5 d\u00e0ng k\u1ebft h\u1ee3p v\u1edbi nhi\u1ec1u phong c\u00e1ch n\u1ed9i th\u1ea5t.<\/p>\n<p>Ch\u00e2n b\u00e0n s\u1eed d\u1ee5ng ch\u1ea5t li\u1ec7u g\u1ed7 th\u00f4ng t\u1ef1 nhi\u00ean v\u1eeba c\u1ed5 \u0111i\u1ec3n v\u1eeba hi\u1ec7n \u0111\u1ea1i v\u1edbi thi\u1ebft k\u1ebf cao v\u1eefng ch\u1eafc, thu\u1eadn l\u1ee3i h\u01a1n trong vi\u1ec7c v\u1ec7 sinh.<\/p>\n<p>\u0110\u01b0\u1eddng v\u00e2n k\u1ebb v\u1ec7t t\u1ea1o n\u00ean n\u00e9t ch\u1ea5m ph\u00e1 ho\u00e0n ch\u1ec9nh cho kh\u00f4ng gian s\u1ed1ng.\n<\/p><\/div>\n<div>Hai ng\u0103n k\u00e9o ch\u00ednh \u0111\u01b0\u1ee3c l\u1eafp gh\u00e9p kh\u00e9o l\u00e9o, chuy\u00ean nghi\u1ec7p gi\u00fap qu\u00fd kh\u00e1ch tho\u1ea3i m\u00e1i c\u1ea5t gi\u1eef nh\u1eefng m\u00f3n \u0111\u1ed3.<\/div>\n<\/div>\n<\/div>\n","protected":false},"excerpt":{"rendered":"<ul class=\"pc\">\n<li class=\"t\">Ch\u1ea5t li\u1ec7u: M\u1eb7t \u0111\u00e1 phi\u1ebfn, s\u01a1n 4k, g\u1ed7 th\u00f4ng t\u1ef1 nhi\u00ean<\/li>\n<li class=\"c\">B\u1ea3o h\u00e0nh: 14 th\u00e1ng<\/li>\n<li class=\"c\">T\u00ecnh tr\u1ea1ng: C\u00f2n h\u00e0ng<\/li>\n<\/ul>\n","protected":false},"featured_media":388,"comment_status":"open","ping_status":"closed","template":"","meta":[],"product_cat":[41,46],"product_tag":[],"class_list":["post-387","product","type-product","status-publish","has-post-thumbnail","hentry","product_cat-ban-ke","product_cat-ban-ke-bang-da"],"yoast_head":"<!-- This site is optimized with the Yoast SEO plugin v19.9 - https:\/\/yoast.com\/wordpress\/plugins\/seo\/ -->\n<title>B\u00e0n tr\u00e0 ph\u00f2ng kh\u00e1ch m\u00e3 FA060 - M\u1eabu web n\u1ed9i th\u1ea5t<\/title>\n<meta name=\"robots\" content=\"index, follow, max-snippet:-1, max-image-preview:large, max-video-preview:-1\" \/>\n<link rel=\"canonical\" href=\"https:\/\/mauweb.tamnguyen.vn\/noithat16\/san-pham\/ban-tra-phong-khach-ma-fa060\/\" \/>\n<meta property=\"og:locale\" content=\"vi_VN\" \/>\n<meta property=\"og:type\" content=\"article\" \/>\n<meta property=\"og:title\" content=\"B\u00e0n tr\u00e0 ph\u00f2ng kh\u00e1ch m\u00e3 FA060 - M\u1eabu web n\u1ed9i th\u1ea5t\" \/>\n<meta property=\"og:description\" content=\"Ch\u1ea5t li\u1ec7u: M\u1eb7t \u0111\u00e1 phi\u1ebfn, s\u01a1n 4k, g\u1ed7 th\u00f4ng t\u1ef1 nhi\u00ean  B\u1ea3o h\u00e0nh: 14 th\u00e1ng  T\u00ecnh tr\u1ea1ng: C\u00f2n h\u00e0ng\" \/>\n<meta property=\"og:url\" content=\"https:\/\/mauweb.tamnguyen.vn\/noithat16\/san-pham\/ban-tra-phong-khach-ma-fa060\/\" \/>\n<meta property=\"og:site_name\" content=\"M\u1eabu web n\u1ed9i th\u1ea5t\" \/>\n<meta property=\"og:image\" content=\"https:\/\/mauweb.tamnguyen.vn\/noithat16\/wp-content\/uploads\/2022\/05\/6.jpg\" \/>\n\t<meta property=\"og:image:width\" content=\"800\" \/>\n\t<meta property=\"og:image:height\" content=\"533\" \/>\n\t<meta property=\"og:image:type\" content=\"image\/jpeg\" \/>\n<meta name=\"twitter:card\" content=\"summary_large_image\" \/>\n<meta name=\"twitter:label1\" content=\"\u01af\u1edbc t\u00ednh th\u1eddi gian \u0111\u1ecdc\" \/>\n\t<meta name=\"twitter:data1\" content=\"3 ph\u00fat\" \/>\n<script type=\"application\/ld+json\" class=\"yoast-schema-graph\">{\"@context\":\"https:\/\/schema.org\",\"@graph\":[{\"@type\":\"WebPage\",\"@id\":\"https:\/\/mauweb.tamnguyen.vn\/noithat16\/san-pham\/ban-tra-phong-khach-ma-fa060\/\",\"url\":\"https:\/\/mauweb.tamnguyen.vn\/noithat16\/san-pham\/ban-tra-phong-khach-ma-fa060\/\",\"name\":\"B\u00e0n tr\u00e0 ph\u00f2ng kh\u00e1ch m\u00e3 FA060 - M\u1eabu web n\u1ed9i th\u1ea5t\",\"isPartOf\":{\"@id\":\"https:\/\/mauweb.tamnguyen.vn\/noithat16\/#website\"},\"datePublished\":\"2022-05-24T09:36:40+00:00\",\"dateModified\":\"2022-05-24T09:36:40+00:00\",\"breadcrumb\":{\"@id\":\"https:\/\/mauweb.tamnguyen.vn\/noithat16\/san-pham\/ban-tra-phong-khach-ma-fa060\/#breadcrumb\"},\"inLanguage\":\"vi\",\"potentialAction\":[{\"@type\":\"ReadAction\",\"target\":[\"https:\/\/mauweb.tamnguyen.vn\/noithat16\/san-pham\/ban-tra-phong-khach-ma-fa060\/\"]}]},{\"@type\":\"BreadcrumbList\",\"@id\":\"https:\/\/mauweb.tamnguyen.vn\/noithat16\/san-pham\/ban-tra-phong-khach-ma-fa060\/#breadcrumb\",\"itemListElement\":[{\"@type\":\"ListItem\",\"position\":1,\"name\":\"Trang ch\u1ee7\",\"item\":\"https:\/\/mauweb.tamnguyen.vn\/noithat16\/\"},{\"@type\":\"ListItem\",\"position\":2,\"name\":\"Shop\",\"item\":\"https:\/\/mauweb.tamnguyen.vn\/noithat16\/shop\/\"},{\"@type\":\"ListItem\",\"position\":3,\"name\":\"B\u00e0n tr\u00e0 ph\u00f2ng kh\u00e1ch m\u00e3 FA060\"}]},{\"@type\":\"WebSite\",\"@id\":\"https:\/\/mauweb.tamnguyen.vn\/noithat16\/#website\",\"url\":\"https:\/\/mauweb.tamnguyen.vn\/noithat16\/\",\"name\":\"M\u1eabu web n\u1ed9i th\u1ea5t\",\"description\":\"D\u1ecbch v\u1ee5 thi\u1ebft k\u1ebf web uy t\u00edn\",\"potentialAction\":[{\"@type\":\"SearchAction\",\"target\":{\"@type\":\"EntryPoint\",\"urlTemplate\":\"https:\/\/mauweb.tamnguyen.vn\/noithat16\/?s={search_term_string}\"},\"query-input\":\"required name=search_term_string\"}],\"inLanguage\":\"vi\"}]}<\/script>\n<!-- \/ Yoast SEO plugin. -->","yoast_head_json":{"title":"B\u00e0n tr\u00e0 ph\u00f2ng kh\u00e1ch m\u00e3 FA060 - M\u1eabu web n\u1ed9i th\u1ea5t","robots":{"index":"index","follow":"follow","max-snippet":"max-snippet:-1","max-image-preview":"max-image-preview:large","max-video-preview":"max-video-preview:-1"},"canonical":"https:\/\/mauweb.tamnguyen.vn\/noithat16\/san-pham\/ban-tra-phong-khach-ma-fa060\/","og_locale":"vi_VN","og_type":"article","og_title":"B\u00e0n tr\u00e0 ph\u00f2ng kh\u00e1ch m\u00e3 FA060 - M\u1eabu web n\u1ed9i th\u1ea5t","og_description":"Ch\u1ea5t li\u1ec7u: M\u1eb7t \u0111\u00e1 phi\u1ebfn, s\u01a1n 4k, g\u1ed7 th\u00f4ng t\u1ef1 nhi\u00ean  B\u1ea3o h\u00e0nh: 14 th\u00e1ng  T\u00ecnh tr\u1ea1ng: C\u00f2n h\u00e0ng","og_url":"https:\/\/mauweb.tamnguyen.vn\/noithat16\/san-pham\/ban-tra-phong-khach-ma-fa060\/","og_site_name":"M\u1eabu web n\u1ed9i th\u1ea5t","og_image":[{"width":800,"height":533,"url":"https:\/\/mauweb.tamnguyen.vn\/noithat16\/wp-content\/uploads\/2022\/05\/6.jpg","type":"image\/jpeg"}],"twitter_card":"summary_large_image","twitter_misc":{"\u01af\u1edbc t\u00ednh th\u1eddi gian \u0111\u1ecdc":"3 ph\u00fat"},"schema":{"@context":"https:\/\/schema.org","@graph":[{"@type":"WebPage","@id":"https:\/\/mauweb.tamnguyen.vn\/noithat16\/san-pham\/ban-tra-phong-khach-ma-fa060\/","url":"https:\/\/mauweb.tamnguyen.vn\/noithat16\/san-pham\/ban-tra-phong-khach-ma-fa060\/","name":"B\u00e0n tr\u00e0 ph\u00f2ng kh\u00e1ch m\u00e3 FA060 - M\u1eabu web n\u1ed9i th\u1ea5t","isPartOf":{"@id":"https:\/\/mauweb.tamnguyen.vn\/noithat16\/#website"},"datePublished":"2022-05-24T09:36:40+00:00","dateModified":"2022-05-24T09:36:40+00:00","breadcrumb":{"@id":"https:\/\/mauweb.tamnguyen.vn\/noithat16\/san-pham\/ban-tra-phong-khach-ma-fa060\/#breadcrumb"},"inLanguage":"vi","potentialAction":[{"@type":"ReadAction","target":["https:\/\/mauweb.tamnguyen.vn\/noithat16\/san-pham\/ban-tra-phong-khach-ma-fa060\/"]}]},{"@type":"BreadcrumbList","@id":"https:\/\/mauweb.tamnguyen.vn\/noithat16\/san-pham\/ban-tra-phong-khach-ma-fa060\/#breadcrumb","itemListElement":[{"@type":"ListItem","position":1,"name":"Trang ch\u1ee7","item":"https:\/\/mauweb.tamnguyen.vn\/noithat16\/"},{"@type":"ListItem","position":2,"name":"Shop","item":"https:\/\/mauweb.tamnguyen.vn\/noithat16\/shop\/"},{"@type":"ListItem","position":3,"name":"B\u00e0n tr\u00e0 ph\u00f2ng kh\u00e1ch m\u00e3 FA060"}]},{"@type":"WebSite","@id":"https:\/\/mauweb.tamnguyen.vn\/noithat16\/#website","url":"https:\/\/mauweb.tamnguyen.vn\/noithat16\/","name":"M\u1eabu web n\u1ed9i th\u1ea5t","description":"D\u1ecbch v\u1ee5 thi\u1ebft k\u1ebf web uy t\u00edn","potentialAction":[{"@type":"SearchAction","target":{"@type":"EntryPoint","urlTemplate":"https:\/\/mauweb.tamnguyen.vn\/noithat16\/?s={search_term_string}"},"query-input":"required name=search_term_string"}],"inLanguage":"vi"}]}},"_links":{"self":[{"href":"https:\/\/mauweb.tamnguyen.vn\/noithat16\/wp-json\/wp\/v2\/product\/387","targetHints":{"allow":["GET"]}}],"collection":[{"href":"https:\/\/mauweb.tamnguyen.vn\/noithat16\/wp-json\/wp\/v2\/product"}],"about":[{"href":"https:\/\/mauweb.tamnguyen.vn\/noithat16\/wp-json\/wp\/v2\/types\/product"}],"replies":[{"embeddable":true,"href":"https:\/\/mauweb.tamnguyen.vn\/noithat16\/wp-json\/wp\/v2\/comments?post=387"}],"wp:featuredmedia":[{"embeddable":true,"href":"https:\/\/mauweb.tamnguyen.vn\/noithat16\/wp-json\/wp\/v2\/media\/388"}],"wp:attachment":[{"href":"https:\/\/mauweb.tamnguyen.vn\/noithat16\/wp-json\/wp\/v2\/media?parent=387"}],"wp:term":[{"taxonomy":"product_cat","embeddable":true,"href":"https:\/\/mauweb.tamnguyen.vn\/noithat16\/wp-json\/wp\/v2\/product_cat?post=387"},{"taxonomy":"product_tag","embeddable":true,"href":"https:\/\/mauweb.tamnguyen.vn\/noithat16\/wp-json\/wp\/v2\/product_tag?post=387"}],"curies":[{"name":"wp","href":"https:\/\/api.w.org\/{rel}","templated":true}]}}