{"id":385,"date":"2022-05-24T16:30:32","date_gmt":"2022-05-24T09:30:32","guid":{"rendered":"http:\/\/noithat.themevivu.site\/?post_type=product&#038;p=385"},"modified":"2022-09-16T13:08:27","modified_gmt":"2022-09-16T06:08:27","slug":"sofa-da-that-malaysia-ma-2177ba","status":"publish","type":"product","link":"https:\/\/mauweb.tamnguyen.vn\/noithat16\/san-pham\/sofa-da-that-malaysia-ma-2177ba\/","title":{"rendered":"Sofa da th\u1eadt Malaysia m\u00e3 2177BA"},"content":{"rendered":"<div class=\"ndr r\">\n<p><b>K\u00edch th\u01b0\u1edbc v\u00e0 gi\u00e1 b\u00e1n<\/b><\/p>\n<div>\n<ul>\n<li>M\u00e3 Sofa: TPH 2177L<\/li>\n<li>Gi\u00e1:\u00a045.200.000\u0111<\/li>\n<li>K\u00edch th\u01b0\u1edbc: 2970\u00d71760\u00d71060<\/li>\n<li><span style=\"font-family: Muli, sans-serif, Arial;\">\u0110\u0103ng k\u00ed mua online gi\u1ea3m th\u00eam 2.000.000\u0111<\/span><\/li>\n<\/ul>\n<p><strong>B\u1ea3o h\u00e0nh tr\u00ean m\u1ee9c ti\u00eau chu\u1ea9n<\/strong><\/p>\n<ul>\n<li>Khung sofa: 12 n\u0103m<\/li>\n<li>\u0110\u1ec7m ng\u1ed3i: 3 n\u0103m<\/li>\n<li>B\u1ec1 m\u1eb7t da th\u1eadt: 14 th\u00e1ng<\/li>\n<\/ul>\n<\/div>\n<\/div>\n<div class=\"ndr l\">\n<p><strong>\u0110\u1eb7c \u0111i\u1ec3m n\u1ed5i b\u1eadt c\u1ee7a s\u1ea3n ph\u1ea9m<\/strong><\/p>\n<ul>\n<li>ERADO nh\u1eadp tr\u1ef1c ti\u1ebfp t\u1eeb Malaysia &#8211; m\u00e3 m\u00e0u 800<\/li>\n<li>Nh\u1eadp kh\u1ea9u ch\u00ednh ng\u1ea1ch c\u00f3 \u0111\u1ea7y \u0111\u1ee7\u00a0CO\u00a0&amp;\u00a0CQ<\/li>\n<li>Da th\u1eadt ch\u1ecdn t\u1eeb l\u01b0ng da b\u00f2 \u0111\u1ef1c kh\u00f4ng mu\u1ed7i \u0111\u1ed1t<\/li>\n<li>Thi\u1ebft k\u1ebf sofa \u0111\u1ed9c quy\u1ec1n, duy nh\u1ea5t b\u00e1n t\u1ea1i ERADO<\/li>\n<\/ul>\n<p><strong>Qu\u00e0 t\u1eb7ng c\u1ee7a s\u1ea3n ph\u1ea9m<br \/>\n<\/strong><\/p>\n<ul>\n<li>T\u1eb7ng h\u1ed9p gi\u1ea5y b\u1ecdc da, \u0111\u00ednh \u0111\u00e1: 1.290.000\u0111<\/li>\n<li>T\u1eb7ng b\u1ed9 l\u00e0m s\u1ea1ch da c\u1ee7a Singapore:\u00a0800.000\u0111<\/li>\n<li>T\u1eb7ng 03 g\u1ed1i nh\u1eadp kh\u1ea9u tr\u1ecb gi\u00e1 990.000\u0111<\/li>\n<\/ul>\n<p>Sofa hi\u1ec7n t\u1ea1i \u0111\u00e3 tr\u1edf th\u00e0nh m\u1ed9t m\u00f3n \u0111\u1ed3 n\u1ed9i th\u1ea5t ph\u1ed5 bi\u1ebfn, \u0111\u01b0\u1ee3c nhi\u1ec1u ng\u01b0\u1eddi \u01b0a chu\u1ed9ng b\u1edfi c\u1ea3 s\u1ef1 \u0111a n\u0103ng v\u00e0 v\u1ebb \u0111\u1eb9p th\u1ea9m m\u1ef9 c\u1ee7a m\u00f3n \u0111\u1ed3 n\u00e0y. S\u1edf h\u1eefu m\u1ed9t chi\u1ebfc sofa, \u0111\u1eb7c bi\u1ec7t l\u00e0\u00a0sofa g\u00f3cs\u1ebd l\u00e0 s\u1ef1 l\u1ef1a ch\u1ecdn th\u00f4ng minh \u0111\u1ec3 t\u1eadn d\u1ee5ng tri\u1ec7t \u0111\u1ec3 kh\u00f4ng gian, \u0111\u1ed3ng th\u1eddi tr\u1ea3i nghi\u1ec7m c\u00e1c t\u00ednh n\u0103ng \u01b0u vi\u1ec7t m\u00e0 s\u1ea3n ph\u1ea9m mang l\u1ea1i. H\u00e3y \u0111\u1ebfn v\u1edbi ERADO \u0111\u1ec3 t\u1eadn h\u01b0\u1edfng v\u00e0 s\u1edf h\u1eefu m\u1ed9t chi\u1ebfc sofa hi\u1ec7n \u0111\u1ea1i chu\u1ea9n \u00c2u v\u00e0 tr\u1ea3i nghi\u1ec7m \u0111\u1ed9 \u00eam s\u00e2u \u1ea5n t\u01b0\u1ee3ng g\u1eafn m\u00e1c th\u01b0\u01a1ng hi\u1ec7u danh ti\u1ebfng d\u1eabn \u0111\u1ea7u th\u1ecb tr\u01b0\u1eddng.<\/p>\n<p>\u0110\u1ed3ng h\u00e0nh c\u00f9ng m\u1eabu\u00a0sofa da th\u1eadt\u00a0m\u1edbi nh\u1ea5t c\u1ee7a ERADO l\u1ea7n n\u00e0y l\u00e0 di\u1ec5n vi\u00ean B\u1ea3o Anh v\u1edbi c\u00e1c t\u00e1c ph\u1ea9m ti\u00eau bi\u1ec3u l\u00e0 &#8220;Ng\u01b0\u1eddi ph\u00e1n x\u1eed&#8221;, &#8220;L\u1eadt m\u1eb7t&#8221;, &#8220;M\u00ea cung&#8221;, &#8220;H\u1ed3 s\u01a1 c\u00e1 s\u1ea5u&#8221; v\u00e0 g\u1ea7n \u0111\u00e2y nh\u1ea5t l\u00e0 b\u1ed9 phim &#8220;M\u1eb7t n\u1ea1 g\u01b0\u01a1ng&#8221; \u0111ang \u0111\u01b0\u1ee3c \u0111\u00f4ng \u0111\u1ea3o kh\u00e1n gi\u1ea3 xem truy\u1ec1n h\u00ecnh y\u00eau th\u00edch.<\/p>\n<p>S\u1ea3n ph\u1ea9m v\u1edbi t\u00f4ng m\u00e0u be nh\u00e3 nh\u1eb7n, d\u1ec5 d\u00e0ng ph\u1ed1i h\u1ee3p v\u1edbi nhi\u1ec1u phong c\u00e1ch kh\u00e1c nhau \u0111\u1ec3 l\u00e0m t\u0103ng v\u1ebb \u0111\u1eb9p sang tr\u1ecdng, hi\u1ec7n \u0111\u1ea1i cho kh\u00f4ng gian ph\u00f2ng kh\u00e1ch.<\/p>\n<p>Sofa g\u00f3c ch\u1eef L v\u1edbi chi\u1ec1u d\u00e0i \u0111\u1ebfn h\u01a1n 2m s\u1ebd l\u00e0 l\u1ef1a ch\u1ecdn l\u00fd t\u01b0\u1edfng cho bu\u1ed5i t\u1ee5 h\u1ee3p gia \u0111\u00ecnh \u1ea5m c\u00fang, vui v\u1ebb \u0111\u1ec3 c\u00f9ng nhau th\u01b0\u1edfng th\u1ee9c nh\u1eefng b\u1ed9 phim y\u00eau th\u00edch hay nh\u1eefng tr\u1eadn c\u1ea7u \u0111\u1ec9nh cao.<\/p>\n<p>\u0110\u1ed3ng th\u1eddi, v\u1edbi t\u00ednh n\u0103ng linh ho\u1ea1t, sofa g\u00f3c c\u1ee7a ERADO h\u1ee9a h\u1eb9n s\u1ebd l\u00e0 n\u01a1i ngh\u1ec9 ng\u01a1i, ng\u1ee7 tr\u01b0a tuy\u1ec7t v\u1eddi \u0111\u1ec3 l\u1ea5y l\u1ea1i n\u0103ng l\u01b0\u1ee3ng sau nh\u1eefng gi\u1edd l\u00e0m vi\u1ec7c m\u1ec7t m\u1ecfi.<\/p>\n<p>Ch\u1ea5t da \u0111\u01b0\u1ee3c l\u1ea5y t\u1eeb l\u01b0ng con b\u00f2 \u0111\u01b0\u1ee3c kh\u00f4ng b\u1ecb mu\u1ed7i \u0111\u1ed1t v\u00e0 \u0111\u00e3 tr\u1ea3i qua d\u00e2y chuy\u1ec1n thu\u1ed9c da nghi\u00eam ng\u1eb7t mang \u0111\u1ebfn tr\u1ea3i nghi\u1ec7m \u00e2m \u00e1i, m\u1ec1m m\u1ea1i b\u1eadc nh\u1ea5t. \u0110\u1ed3ng th\u1eddi, v\u1edbi c\u00f4ng ngh\u1ec7 t\u00e2n ti\u1ebfn h\u00e0ng \u0111\u1ea7u th\u1ecb tr\u01b0\u1eddng, ch\u1ea5t da b\u00f2 th\u1eadt kh\u00f4ng ch\u1ec9 tho\u00e1ng kh\u00ed, ph\u00f9 h\u1ee3p v\u1edbi th\u1eddi ti\u1ebft Vi\u1ec7t Nam, tr\u00e1nh g\u00e2y d\u1ecb \u1ee9ng, b\u00ed b\u00e1ch m\u00e0 c\u00f2n c\u00f3 kh\u1ea3 n\u0103ng kh\u00e1ng khu\u1ea9n, n\u1ea5m m\u1ed1c v\u00e0 ch\u1ed1ng th\u1ea5m n\u01b0\u1edbc t\u1ed1t gi\u00fap vi\u1ec7c v\u1ec7 sinh v\u00e0 b\u1ea3o qu\u1ea3n tr\u1edf n\u00ean d\u1ec5 d\u00e0ng h\u01a1n.<\/p>\n<\/div>\n","protected":false},"excerpt":{"rendered":"<ul class=\"pc\">\n<li class=\"t\">Ch\u1ea5t li\u1ec7u: Da th\u1eadt nh\u1eadp kh\u1ea9u<\/li>\n<li class=\"c\">B\u1ea3o h\u00e0nh: 14 th\u00e1ng<\/li>\n<li class=\"c\">T\u00ecnh tr\u1ea1ng: C\u00f2n h\u00e0ng<\/li>\n<\/ul>\n","protected":false},"featured_media":386,"comment_status":"open","ping_status":"closed","template":"","meta":[],"product_cat":[15,57,51,48,56,30,27],"product_tag":[],"class_list":["post-385","product","type-product","status-publish","has-post-thumbnail","hentry","product_cat-ghe-sofa","product_cat-giuong-cuoi","product_cat-giuong-da-hang-sang","product_cat-giuong-ngu","product_cat-giuong-ngu-hien-dai","product_cat-sofa-chung-cu","product_cat-sofa-tan-co-dien"],"yoast_head":"<!-- This site is optimized with the Yoast SEO plugin v19.9 - https:\/\/yoast.com\/wordpress\/plugins\/seo\/ -->\n<title>Sofa da th\u1eadt Malaysia m\u00e3 2177BA - M\u1eabu web n\u1ed9i th\u1ea5t<\/title>\n<meta name=\"robots\" content=\"index, follow, max-snippet:-1, max-image-preview:large, max-video-preview:-1\" \/>\n<link rel=\"canonical\" href=\"https:\/\/mauweb.tamnguyen.vn\/noithat16\/san-pham\/sofa-da-that-malaysia-ma-2177ba\/\" \/>\n<meta property=\"og:locale\" content=\"vi_VN\" \/>\n<meta property=\"og:type\" content=\"article\" \/>\n<meta property=\"og:title\" content=\"Sofa da th\u1eadt Malaysia m\u00e3 2177BA - M\u1eabu web n\u1ed9i th\u1ea5t\" \/>\n<meta property=\"og:description\" content=\"Ch\u1ea5t li\u1ec7u: Da th\u1eadt nh\u1eadp kh\u1ea9u  B\u1ea3o h\u00e0nh: 14 th\u00e1ng  T\u00ecnh tr\u1ea1ng: C\u00f2n h\u00e0ng\" \/>\n<meta property=\"og:url\" content=\"https:\/\/mauweb.tamnguyen.vn\/noithat16\/san-pham\/sofa-da-that-malaysia-ma-2177ba\/\" \/>\n<meta property=\"og:site_name\" content=\"M\u1eabu web n\u1ed9i th\u1ea5t\" \/>\n<meta property=\"article:modified_time\" content=\"2022-09-16T06:08:27+00:00\" \/>\n<meta property=\"og:image\" content=\"https:\/\/mauweb.tamnguyen.vn\/noithat16\/wp-content\/uploads\/2022\/05\/5.jpg\" \/>\n\t<meta property=\"og:image:width\" content=\"800\" \/>\n\t<meta property=\"og:image:height\" content=\"533\" \/>\n\t<meta property=\"og:image:type\" content=\"image\/jpeg\" \/>\n<meta name=\"twitter:card\" content=\"summary_large_image\" \/>\n<meta name=\"twitter:label1\" content=\"\u01af\u1edbc t\u00ednh th\u1eddi gian \u0111\u1ecdc\" \/>\n\t<meta name=\"twitter:data1\" content=\"4 ph\u00fat\" \/>\n<script type=\"application\/ld+json\" class=\"yoast-schema-graph\">{\"@context\":\"https:\/\/schema.org\",\"@graph\":[{\"@type\":\"WebPage\",\"@id\":\"https:\/\/mauweb.tamnguyen.vn\/noithat16\/san-pham\/sofa-da-that-malaysia-ma-2177ba\/\",\"url\":\"https:\/\/mauweb.tamnguyen.vn\/noithat16\/san-pham\/sofa-da-that-malaysia-ma-2177ba\/\",\"name\":\"Sofa da th\u1eadt Malaysia m\u00e3 2177BA - M\u1eabu web n\u1ed9i th\u1ea5t\",\"isPartOf\":{\"@id\":\"https:\/\/mauweb.tamnguyen.vn\/noithat16\/#website\"},\"datePublished\":\"2022-05-24T09:30:32+00:00\",\"dateModified\":\"2022-09-16T06:08:27+00:00\",\"breadcrumb\":{\"@id\":\"https:\/\/mauweb.tamnguyen.vn\/noithat16\/san-pham\/sofa-da-that-malaysia-ma-2177ba\/#breadcrumb\"},\"inLanguage\":\"vi\",\"potentialAction\":[{\"@type\":\"ReadAction\",\"target\":[\"https:\/\/mauweb.tamnguyen.vn\/noithat16\/san-pham\/sofa-da-that-malaysia-ma-2177ba\/\"]}]},{\"@type\":\"BreadcrumbList\",\"@id\":\"https:\/\/mauweb.tamnguyen.vn\/noithat16\/san-pham\/sofa-da-that-malaysia-ma-2177ba\/#breadcrumb\",\"itemListElement\":[{\"@type\":\"ListItem\",\"position\":1,\"name\":\"Trang ch\u1ee7\",\"item\":\"https:\/\/mauweb.tamnguyen.vn\/noithat16\/\"},{\"@type\":\"ListItem\",\"position\":2,\"name\":\"Shop\",\"item\":\"https:\/\/mauweb.tamnguyen.vn\/noithat16\/shop\/\"},{\"@type\":\"ListItem\",\"position\":3,\"name\":\"Sofa da th\u1eadt Malaysia m\u00e3 2177BA\"}]},{\"@type\":\"WebSite\",\"@id\":\"https:\/\/mauweb.tamnguyen.vn\/noithat16\/#website\",\"url\":\"https:\/\/mauweb.tamnguyen.vn\/noithat16\/\",\"name\":\"M\u1eabu web n\u1ed9i th\u1ea5t\",\"description\":\"D\u1ecbch v\u1ee5 thi\u1ebft k\u1ebf web uy t\u00edn\",\"potentialAction\":[{\"@type\":\"SearchAction\",\"target\":{\"@type\":\"EntryPoint\",\"urlTemplate\":\"https:\/\/mauweb.tamnguyen.vn\/noithat16\/?s={search_term_string}\"},\"query-input\":\"required name=search_term_string\"}],\"inLanguage\":\"vi\"}]}<\/script>\n<!-- \/ Yoast SEO plugin. -->","yoast_head_json":{"title":"Sofa da th\u1eadt Malaysia m\u00e3 2177BA - M\u1eabu web n\u1ed9i th\u1ea5t","robots":{"index":"index","follow":"follow","max-snippet":"max-snippet:-1","max-image-preview":"max-image-preview:large","max-video-preview":"max-video-preview:-1"},"canonical":"https:\/\/mauweb.tamnguyen.vn\/noithat16\/san-pham\/sofa-da-that-malaysia-ma-2177ba\/","og_locale":"vi_VN","og_type":"article","og_title":"Sofa da th\u1eadt Malaysia m\u00e3 2177BA - M\u1eabu web n\u1ed9i th\u1ea5t","og_description":"Ch\u1ea5t li\u1ec7u: Da th\u1eadt nh\u1eadp kh\u1ea9u  B\u1ea3o h\u00e0nh: 14 th\u00e1ng  T\u00ecnh tr\u1ea1ng: C\u00f2n h\u00e0ng","og_url":"https:\/\/mauweb.tamnguyen.vn\/noithat16\/san-pham\/sofa-da-that-malaysia-ma-2177ba\/","og_site_name":"M\u1eabu web n\u1ed9i th\u1ea5t","article_modified_time":"2022-09-16T06:08:27+00:00","og_image":[{"width":800,"height":533,"url":"https:\/\/mauweb.tamnguyen.vn\/noithat16\/wp-content\/uploads\/2022\/05\/5.jpg","type":"image\/jpeg"}],"twitter_card":"summary_large_image","twitter_misc":{"\u01af\u1edbc t\u00ednh th\u1eddi gian \u0111\u1ecdc":"4 ph\u00fat"},"schema":{"@context":"https:\/\/schema.org","@graph":[{"@type":"WebPage","@id":"https:\/\/mauweb.tamnguyen.vn\/noithat16\/san-pham\/sofa-da-that-malaysia-ma-2177ba\/","url":"https:\/\/mauweb.tamnguyen.vn\/noithat16\/san-pham\/sofa-da-that-malaysia-ma-2177ba\/","name":"Sofa da th\u1eadt Malaysia m\u00e3 2177BA - M\u1eabu web n\u1ed9i th\u1ea5t","isPartOf":{"@id":"https:\/\/mauweb.tamnguyen.vn\/noithat16\/#website"},"datePublished":"2022-05-24T09:30:32+00:00","dateModified":"2022-09-16T06:08:27+00:00","breadcrumb":{"@id":"https:\/\/mauweb.tamnguyen.vn\/noithat16\/san-pham\/sofa-da-that-malaysia-ma-2177ba\/#breadcrumb"},"inLanguage":"vi","potentialAction":[{"@type":"ReadAction","target":["https:\/\/mauweb.tamnguyen.vn\/noithat16\/san-pham\/sofa-da-that-malaysia-ma-2177ba\/"]}]},{"@type":"BreadcrumbList","@id":"https:\/\/mauweb.tamnguyen.vn\/noithat16\/san-pham\/sofa-da-that-malaysia-ma-2177ba\/#breadcrumb","itemListElement":[{"@type":"ListItem","position":1,"name":"Trang ch\u1ee7","item":"https:\/\/mauweb.tamnguyen.vn\/noithat16\/"},{"@type":"ListItem","position":2,"name":"Shop","item":"https:\/\/mauweb.tamnguyen.vn\/noithat16\/shop\/"},{"@type":"ListItem","position":3,"name":"Sofa da th\u1eadt Malaysia m\u00e3 2177BA"}]},{"@type":"WebSite","@id":"https:\/\/mauweb.tamnguyen.vn\/noithat16\/#website","url":"https:\/\/mauweb.tamnguyen.vn\/noithat16\/","name":"M\u1eabu web n\u1ed9i th\u1ea5t","description":"D\u1ecbch v\u1ee5 thi\u1ebft k\u1ebf web uy t\u00edn","potentialAction":[{"@type":"SearchAction","target":{"@type":"EntryPoint","urlTemplate":"https:\/\/mauweb.tamnguyen.vn\/noithat16\/?s={search_term_string}"},"query-input":"required name=search_term_string"}],"inLanguage":"vi"}]}},"_links":{"self":[{"href":"https:\/\/mauweb.tamnguyen.vn\/noithat16\/wp-json\/wp\/v2\/product\/385","targetHints":{"allow":["GET"]}}],"collection":[{"href":"https:\/\/mauweb.tamnguyen.vn\/noithat16\/wp-json\/wp\/v2\/product"}],"about":[{"href":"https:\/\/mauweb.tamnguyen.vn\/noithat16\/wp-json\/wp\/v2\/types\/product"}],"replies":[{"embeddable":true,"href":"https:\/\/mauweb.tamnguyen.vn\/noithat16\/wp-json\/wp\/v2\/comments?post=385"}],"wp:featuredmedia":[{"embeddable":true,"href":"https:\/\/mauweb.tamnguyen.vn\/noithat16\/wp-json\/wp\/v2\/media\/386"}],"wp:attachment":[{"href":"https:\/\/mauweb.tamnguyen.vn\/noithat16\/wp-json\/wp\/v2\/media?parent=385"}],"wp:term":[{"taxonomy":"product_cat","embeddable":true,"href":"https:\/\/mauweb.tamnguyen.vn\/noithat16\/wp-json\/wp\/v2\/product_cat?post=385"},{"taxonomy":"product_tag","embeddable":true,"href":"https:\/\/mauweb.tamnguyen.vn\/noithat16\/wp-json\/wp\/v2\/product_tag?post=385"}],"curies":[{"name":"wp","href":"https:\/\/api.w.org\/{rel}","templated":true}]}}