{"id":375,"date":"2022-05-24T16:25:06","date_gmt":"2022-05-24T09:25:06","guid":{"rendered":"http:\/\/noithat.themevivu.site\/?post_type=product&#038;p=375"},"modified":"2022-05-24T16:25:33","modified_gmt":"2022-05-24T09:25:33","slug":"giuong-ngu-vai-phoi-da-ma-g-at11a","status":"publish","type":"product","link":"https:\/\/mauweb.tamnguyen.vn\/noithat16\/san-pham\/giuong-ngu-vai-phoi-da-ma-g-at11a\/","title":{"rendered":"Gi\u01b0\u1eddng ng\u1ee7 v\u1ea3i ph\u1ed1i da m\u00e3 G-AT11A"},"content":{"rendered":"<div class=\"ndr r\">\n<p><b>K\u00edch th\u01b0\u1edbc v\u00e0 gi\u00e1 b\u00e1n<\/b><\/p>\n<div>\n<ul>\n<li>M\u00e3 gi\u01b0\u1eddng\u00a0G-AT11-\u00a020.900.000\u0111<\/li>\n<li><span style=\"font-family: Muli, sans-serif, Arial;\">KT \u0111\u1eb7t \u0111\u1ec7m:\u00a0<\/span>R\u1ed9ng:1800mm x D\u00e0i:2000mm<\/li>\n<li>KT d\u00e1t gi\u01b0\u1eddng: R\u1ed9ng:1800mm x D\u00e0i:2000mm<\/li>\n<\/ul>\n<div><strong>B\u1ea3o h\u00e0nh tr\u00ean m\u1ee9c ti\u00eau chu\u1ea9n<\/strong><\/div>\n<\/div>\n<ul>\n<li>B\u1ec1 m\u1eb7t da h\u1ea1ng sang: 24 th\u00e1ng<\/li>\n<li>B\u1ec1 m\u1eb7t v\u1ea3i nh\u1eadp kh\u1ea9u: 14 th\u00e1ng<\/li>\n<li>Khung v\u00e0 d\u00e1t gi\u01b0\u1eddng: 12 n\u0103m<\/li>\n<li>\u0110\u01b0\u1ee3c b\u1ea3o h\u00e0nh ch\u00ednh h\u00e3ng, b\u1ea3o tr\u00ec tr\u1ecdn \u0111\u1eddi<\/li>\n<\/ul>\n<div>\u00a0<strong>\u0110\u1eb7c \u0111i\u1ec3m n\u1ed5i b\u1eadt c\u1ee7a s\u1ea3n ph\u1ea9m<\/strong><\/div>\n<\/div>\n<div class=\"ndr l\">\n<div>\n<ul>\n<li>M\u1eabu gi\u01b0\u1eddng v\u1ea3i ph\u1ed1i da h\u1ea1ng sang \u0111\u1ed9c \u0111\u00e1o<\/li>\n<li>M\u00e0u be v\u00e0 m\u00e0u x\u00e1m t\u01b0\u01a1i s\u00e1ng, \u0111\u01b0\u1ee3c ph\u1ed1i h\u1ee3p h\u00e0i h\u00f2a s\u00e1ng b\u1eebng kh\u00f4ng gian<\/li>\n<li>M\u1eabu gi\u01b0\u1eddng l\u00ean ng\u00f4i, kh\u1edfi \u0111\u1ea7u m\u1ed9t xu h\u01b0\u1edbng m\u1edbi<\/li>\n<\/ul>\n<\/div>\n<div><strong>Qu\u00e0 t\u1eb7ng c\u1ee7a s\u1ea3n ph\u1ea9m n\u00e0y<\/strong><\/div>\n<ul>\n<li>T\u1eb7ng b\u1ed9 l\u00e0m s\u1ea1ch da c\u1ee7a Singapore:\u00a0800.000\u0111<\/li>\n<li>T\u1eb7ng th\u00eam g\u1ed1i trang tr\u00ed nh\u1eadp kh\u1ea9u: 330.000\u0111<\/li>\n<\/ul>\n<h2>DI\u1ec4N VI\u00caN ANH TU\u1ea4N &amp; GI\u01af\u1edcNG V\u1ea2I PH\u1ed0I DA &#8211; TINH HOA H\u00d2A QUY\u1ec6N<\/h2>\n<div>\u0110\u1ed3ng h\u00e0nh v\u1edbi b\u1ed9 gi\u01b0\u1eddng ng\u1ee7 v\u1ea3i ph\u1ed1i da m\u00e3\u00a0G-AT11A\u00a0l\u1ea7n n\u00e0y l\u00e0 di\u1ec5n vi\u00ean Anh Tu\u1ea5n v\u1edbi t\u00e1c ph\u1ea9m ti\u00eau bi\u1ec3u l\u00e0 b\u1ed9 phim &#8220;Ph\u1ed1 trong l\u00e0ng&#8221; \u0111ang \u0111\u01b0\u1ee3c r\u1ea5t nhi\u1ec1u kh\u00e1n gi\u1ea3 y\u00eau th\u00edch trong th\u1eddi gian g\u1ea7n \u0111\u00e2y. N\u1eb1m trong b\u1ed9 s\u01b0u t\u1eadp n\u1ed9i th\u1ea5t ho\u00e0n to\u00e0n m\u1edbi c\u1ee7a ERADO, m\u1eabu gi\u01b0\u1eddng g\u00e2y \u1ea5n t\u01b0\u1ee3ng v\u1edbi phong c\u00e1ch thi\u1ebft k\u1ebf tinh gi\u1ea3n song h\u00e0nh c\u00f9ng v\u1ebb \u0111\u1eb9p tinh x\u1ea3o v\u00e0 t\u1ec9 m\u1ec9 trong t\u1eebng chi ti\u1ebft, ch\u00fa tr\u1ecdng \u0111\u1ebfn tr\u1ea3i nghi\u1ec7m tho\u1ea3i m\u00e1i v\u00e0 th\u01b0 gi\u00e3n c\u1ee7a ng\u01b0\u1eddi d\u00f9ng.<\/div>\n<div>\n<p><img decoding=\"async\" src=\"https:\/\/erado.vn\/img\/i\/giuong-ngu-vai-phoi-da-ma-g-at11a-13711.JPG\" alt=\"Gi\u01b0\u1eddng ng\u1ee7 v\u1ea3i ph\u1ed1i da m\u00e3 G-AT11A\" \/><\/p>\n<p>Tone m\u00e0u ghi s\u00e1ng nh\u1eb9 nh\u00e0ng k\u1ebft h\u1ee3p c\u1ee7a tone m\u00e0u beige hi\u1ec7n \u0111\u1ea1i, thanh l\u1ecbch c\u1ee7a chi\u1ebfc gi\u01b0\u1eddng mang l\u1ea1i v\u1ebb gi\u1ea3n d\u1ecb thanh tho\u00e1t, \u0111\u1ed3ng th\u1eddi gi\u00fap gi\u01b0\u1eddng d\u1ec5 d\u00e0ng k\u1ebft h\u1ee3p v\u1edbi nhi\u1ec1u phong c\u00e1ch thi\u1ebft k\u1ebf n\u1ed9i th\u1ea5t kh\u00e1c nhau.<\/p>\n<p><img decoding=\"async\" src=\"https:\/\/erado.vn\/img\/i\/giuong-ngu-vai-phoi-da-ma-g-at11a-13713.JPG\" alt=\"Gi\u01b0\u1eddng ng\u1ee7 v\u1ea3i ph\u1ed1i da m\u00e3 G-AT11A\" \/><\/p>\n<p>Chi\u1ebfc gi\u01b0\u1eddng \u0111\u01b0\u1ee3c b\u1ecdc b\u1edfi ch\u1ea5t li\u1ec7u v\u1ea3i c\u1ecf may nh\u1eadp kh\u1ea9u cao c\u1ea5p, t\u00f4n l\u00ean \u0111\u1ea7u gi\u01b0\u1eddng m\u00e0u beige c\u00f3 thi\u1ebft k\u1ebf c\u00e1ch \u0111i\u1ec7u \u0111\u01b0\u1ee3c ch\u1ebf t\u00e1c t\u1eeb ch\u1ea5t li\u1ec7u da h\u1ea1ng sang m\u1ec1m m\u1ecbn b\u1ec1n b\u1ec9.<\/p>\n<p><img decoding=\"async\" src=\"https:\/\/erado.vn\/img\/i\/giuong-ngu-vai-phoi-da-ma-g-at11a-13720.JPG\" alt=\"Gi\u01b0\u1eddng ng\u1ee7 v\u1ea3i ph\u1ed1i da m\u00e3 G-AT11A\" \/><\/p>\n<p>L\u00ed do m\u00e0 ERADO ch\u1ecdn ch\u1ea5t li\u1ec7u v\u1ea3i c\u1ecf may \u0111\u1ec3 b\u1ecdc \u0111\u1ea7u gi\u01b0\u1eddng v\u00e0 xung quanh gi\u01b0\u1eddng l\u00e0 c\u00e1c t\u00ednh n\u0103ng \u0111\u1eb7c bi\u1ec7t c\u1ee7a ch\u1ea5t li\u1ec7u n\u00e0y. \u0110\u00e2y l\u00e0 lo\u1ea1i v\u1ea3i chi\u1ebfm xu th\u1ebf trong th\u1ecb tr\u01b0\u1eddng n\u1ed9i th\u1ea5t hi\u1ec7n nay, ch\u00fang s\u1edf h\u1eefu hoa v\u0103n phong ph\u00fa, b\u1ec1n m\u00e0u, kh\u00f4ng b\u1ecb bi\u1ebfn d\u1ea1ng hay x\u1ed5 l\u00f4ng sau th\u1eddi gian d\u00e0i s\u1eed d\u1ee5ng, gi\u00fap gi\u01b0\u1eddng lu\u00f4n gi\u1eef \u0111\u01b0\u1ee3c v\u1ebb \u0111\u1eb9p v\u0129nh h\u1eb1ng theo n\u0103m th\u00e1ng.<\/p>\n<p>Th\u00e0nh gi\u01b0\u1eddng tr\u01a1n nh\u1eb5n v\u00e0 \u0111\u01b0\u1ee3c l\u00e0m v\u1edbi \u0111\u1ed9 cao v\u1eeba ph\u1ea3i, \u0111i\u1ec1u n\u00e0y t\u1ea1o n\u00ean t\u00ednh th\u00e2n thi\u1ec7n c\u1ee7a m\u1eabu gi\u01b0\u1eddng v\u1edbi gia \u0111\u00ecnh \u0111\u00e3 \u0111ang v\u00e0 d\u1ef1 \u0111\u1ecbnh c\u00f3 em b\u00e9, c\u00e1c ba m\u1eb9 c\u00f3 th\u1ec3 y\u00ean t\u00e2m b\u00e9 l\u00ean xu\u1ed1ng gi\u01b0\u1eddng m\u1ed9t c\u00e1ch an to\u00e0n.<\/p>\n<p>Ch\u00e2n gi\u01b0\u1eddng \u0111\u01b0\u1ee3c ch\u1ebf t\u00e1c t\u1eeb ch\u1ea5t li\u1ec7u th\u00e9p c\u1ee9ng s\u01a1n t\u0129nh \u0111i\u1ec7n &#8211; c\u00f4ng ngh\u1ec7 s\u01a1n h\u00e0ng \u0111\u1ea7u hi\u1ec7n nay gi\u00fap cho l\u1edbp s\u01a1n m\u1ecfng nh\u1eb9 m\u00e0 b\u1ec1n b\u1ec9, kh\u00f4ng b\u1ecb bong tr\u00f3c, v\u1eeba mang \u0111\u1ebfn v\u1ebb \u0111\u1eb9p sang tr\u1ecdng b\u1ec1n b\u1ec9 c\u00f9ng th\u1eddi gian l\u1ea1i v\u1eeba gi\u1eef s\u1ef1 v\u1eefng ch\u00e3i v\u00e0 tu\u1ed5i th\u1ecd c\u1ee7a s\u1ea3n ph\u1ea9m.<\/p>\n<p>\u0110\u1ec3 thi\u1ebft k\u1ebf gi\u01b0\u1eddng kh\u00f4ng qu\u00e1 nh\u00e0m ch\u00e1n, \u0111\u01a1n \u0111i\u1ec7u, thi\u1ebft k\u1ebf \u0111\u1ea7u gi\u01b0\u1eddng \u0111\u01b0\u1ee3c c\u00e1ch \u0111i\u1ec7u kh\u00e1 th\u00fa v\u1ecb. \u0110\u1ea7u gi\u01b0\u1eddng \u0111\u01b0\u1ee3c chia l\u00e0m hai ph\u1ea7n, b\u00ean trong \u0111\u01b0\u1ee3c l\u00f3t m\u1ed9t l\u1edbp \u0111\u1ec7m m\u00fat d\u00e0y g\u1ea5p \u0111\u00f4i so v\u1edbi c\u00e1c m\u1eabu gi\u01b0\u1eddng th\u00f4ng th\u01b0\u1eddng.<\/p>\n<p>L\u1edbp \u0111\u1ec7m m\u00fat n\u00e0y l\u00e0m cho b\u1ec1 m\u1eb7t \u0111\u1ea7u gi\u01b0\u1eddng h\u01a1i cong nh\u1eb9 \u00f4m l\u01b0ng v\u00e0 c\u00f3 t\u00e1c d\u1ee5ng n\u00e2ng \u0111\u1ee1 ho\u00e0n h\u1ea3o c\u1ed9t s\u1ed1ng, gi\u00fap gia ch\u1ee7 tr\u1ea3i qua nh\u1eefng gi\u00e2y ph\u00fat ngh\u1ec9 ng\u01a1i th\u01b0 gi\u00e3n nh\u1eb9 nh\u00e0ng v\u00e0 khoan kho\u00e1i sau c\u1ea3 m\u1ed9t ng\u00e0y l\u00e0m vi\u1ec7c m\u1ec7t m\u1ecfi.<\/p>\n<p>M\u1ed9t \u0111i\u1ec3m nh\u1ea5n \u0111\u00e1ng ch\u00fa \u00fd c\u1ee7a m\u1eabu gi\u01b0\u1eddng l\u00e0 ph\u1ea7n ph\u1ed1i da h\u1ea1ng sang \u1edf \u0111\u1ea7u gi\u01b0\u1eddng. \u0110\u1ec3 cho thi\u1ebft k\u1ebf kh\u00f4ng qu\u00e1 nh\u00e0m ch\u00e1n, \u0111\u01a1n \u0111i\u1ec7u, c\u00e1c nh\u00e0 thi\u1ebft k\u1ebf \u0111\u00e3 kh\u00e9o l\u00e9o th\u00eam c\u00e1c \u0111ai da, k\u1ebft h\u1ee3p v\u1edbi v\u1edbi c\u00e1c \u0111\u01b0\u1eddng ch\u1ec9 th\u1eb3ng t\u1eafp t\u1ea1o n\u00ean m\u1ed9t t\u1ed5ng th\u1ec3 \u0111\u1ed9c \u0111\u00e1o, thanh l\u1ecbch v\u1edbi v\u1ebb \u0111\u1eb9p tinh t\u1ebf.<\/p>\n<p>Thi\u1ebft k\u1ebf hi\u1ec7n \u0111\u1ea1i thanh l\u1ecbch \u0111\u1ed3ng th\u1eddi ch\u00fa tr\u1ecdng n\u00e2ng cao tr\u1ea3i nghi\u1ec7m ng\u01b0\u1eddi d\u00f9ng \u0111\u00e3 l\u00e0m n\u00ean m\u1ed9t t\u1ed5ng th\u1ec3 gi\u01b0\u1eddng ng\u1ee7 \u0111\u1ed9c \u0111\u00e1o &#8211; m\u1ea3nh gh\u00e9p ho\u00e0n h\u1ea3o cho m\u1ecdi kh\u00f4ng gian s\u1ed1ng hi\u1ec7n \u0111\u1ea1i.<\/p>\n<\/div>\n<\/div>\n","protected":false},"excerpt":{"rendered":"<ul class=\"pc\">\n<li class=\"t\">Ch\u1ea5t li\u1ec7u: Da h\u1ea1ng sang, V\u1ea3i nh\u1eadp kh\u1ea9u<\/li>\n<li class=\"c\">B\u1ea3o h\u00e0nh: 14 th\u00e1ng<\/li>\n<li class=\"c\">T\u00ecnh tr\u1ea1ng: C\u00f2n h\u00e0ng<\/li>\n<\/ul>\n","protected":false},"featured_media":376,"comment_status":"open","ping_status":"closed","template":"","meta":[],"product_cat":[53,48],"product_tag":[],"class_list":["post-375","product","type-product","status-publish","has-post-thumbnail","hentry","product_cat-giuong-boc-vai-ni","product_cat-giuong-ngu"],"yoast_head":"<!-- This site is optimized with the Yoast SEO plugin v19.9 - https:\/\/yoast.com\/wordpress\/plugins\/seo\/ -->\n<title>Gi\u01b0\u1eddng ng\u1ee7 v\u1ea3i ph\u1ed1i da m\u00e3 G-AT11A - M\u1eabu web n\u1ed9i th\u1ea5t<\/title>\n<meta name=\"robots\" content=\"index, follow, max-snippet:-1, max-image-preview:large, max-video-preview:-1\" \/>\n<link rel=\"canonical\" href=\"https:\/\/mauweb.tamnguyen.vn\/noithat16\/san-pham\/giuong-ngu-vai-phoi-da-ma-g-at11a\/\" \/>\n<meta property=\"og:locale\" content=\"vi_VN\" \/>\n<meta property=\"og:type\" content=\"article\" \/>\n<meta property=\"og:title\" content=\"Gi\u01b0\u1eddng ng\u1ee7 v\u1ea3i ph\u1ed1i da m\u00e3 G-AT11A - M\u1eabu web n\u1ed9i th\u1ea5t\" \/>\n<meta property=\"og:description\" content=\"Ch\u1ea5t li\u1ec7u: Da h\u1ea1ng sang, V\u1ea3i nh\u1eadp kh\u1ea9u  B\u1ea3o h\u00e0nh: 14 th\u00e1ng  T\u00ecnh tr\u1ea1ng: C\u00f2n h\u00e0ng\" \/>\n<meta property=\"og:url\" content=\"https:\/\/mauweb.tamnguyen.vn\/noithat16\/san-pham\/giuong-ngu-vai-phoi-da-ma-g-at11a\/\" \/>\n<meta property=\"og:site_name\" content=\"M\u1eabu web n\u1ed9i th\u1ea5t\" \/>\n<meta property=\"article:modified_time\" content=\"2022-05-24T09:25:33+00:00\" \/>\n<meta property=\"og:image\" content=\"https:\/\/mauweb.tamnguyen.vn\/noithat16\/wp-content\/uploads\/2022\/05\/1.jpg\" \/>\n\t<meta property=\"og:image:width\" content=\"800\" \/>\n\t<meta property=\"og:image:height\" content=\"533\" \/>\n\t<meta property=\"og:image:type\" content=\"image\/jpeg\" \/>\n<meta name=\"twitter:card\" content=\"summary_large_image\" \/>\n<meta name=\"twitter:label1\" content=\"\u01af\u1edbc t\u00ednh th\u1eddi gian \u0111\u1ecdc\" \/>\n\t<meta name=\"twitter:data1\" content=\"5 ph\u00fat\" \/>\n<script type=\"application\/ld+json\" class=\"yoast-schema-graph\">{\"@context\":\"https:\/\/schema.org\",\"@graph\":[{\"@type\":\"WebPage\",\"@id\":\"https:\/\/mauweb.tamnguyen.vn\/noithat16\/san-pham\/giuong-ngu-vai-phoi-da-ma-g-at11a\/\",\"url\":\"https:\/\/mauweb.tamnguyen.vn\/noithat16\/san-pham\/giuong-ngu-vai-phoi-da-ma-g-at11a\/\",\"name\":\"Gi\u01b0\u1eddng ng\u1ee7 v\u1ea3i ph\u1ed1i da m\u00e3 G-AT11A - M\u1eabu web n\u1ed9i th\u1ea5t\",\"isPartOf\":{\"@id\":\"https:\/\/mauweb.tamnguyen.vn\/noithat16\/#website\"},\"datePublished\":\"2022-05-24T09:25:06+00:00\",\"dateModified\":\"2022-05-24T09:25:33+00:00\",\"breadcrumb\":{\"@id\":\"https:\/\/mauweb.tamnguyen.vn\/noithat16\/san-pham\/giuong-ngu-vai-phoi-da-ma-g-at11a\/#breadcrumb\"},\"inLanguage\":\"vi\",\"potentialAction\":[{\"@type\":\"ReadAction\",\"target\":[\"https:\/\/mauweb.tamnguyen.vn\/noithat16\/san-pham\/giuong-ngu-vai-phoi-da-ma-g-at11a\/\"]}]},{\"@type\":\"BreadcrumbList\",\"@id\":\"https:\/\/mauweb.tamnguyen.vn\/noithat16\/san-pham\/giuong-ngu-vai-phoi-da-ma-g-at11a\/#breadcrumb\",\"itemListElement\":[{\"@type\":\"ListItem\",\"position\":1,\"name\":\"Trang ch\u1ee7\",\"item\":\"https:\/\/mauweb.tamnguyen.vn\/noithat16\/\"},{\"@type\":\"ListItem\",\"position\":2,\"name\":\"Shop\",\"item\":\"https:\/\/mauweb.tamnguyen.vn\/noithat16\/shop\/\"},{\"@type\":\"ListItem\",\"position\":3,\"name\":\"Gi\u01b0\u1eddng ng\u1ee7 v\u1ea3i ph\u1ed1i da m\u00e3 G-AT11A\"}]},{\"@type\":\"WebSite\",\"@id\":\"https:\/\/mauweb.tamnguyen.vn\/noithat16\/#website\",\"url\":\"https:\/\/mauweb.tamnguyen.vn\/noithat16\/\",\"name\":\"M\u1eabu web n\u1ed9i th\u1ea5t\",\"description\":\"D\u1ecbch v\u1ee5 thi\u1ebft k\u1ebf web uy t\u00edn\",\"potentialAction\":[{\"@type\":\"SearchAction\",\"target\":{\"@type\":\"EntryPoint\",\"urlTemplate\":\"https:\/\/mauweb.tamnguyen.vn\/noithat16\/?s={search_term_string}\"},\"query-input\":\"required name=search_term_string\"}],\"inLanguage\":\"vi\"}]}<\/script>\n<!-- \/ Yoast SEO plugin. -->","yoast_head_json":{"title":"Gi\u01b0\u1eddng ng\u1ee7 v\u1ea3i ph\u1ed1i da m\u00e3 G-AT11A - M\u1eabu web n\u1ed9i th\u1ea5t","robots":{"index":"index","follow":"follow","max-snippet":"max-snippet:-1","max-image-preview":"max-image-preview:large","max-video-preview":"max-video-preview:-1"},"canonical":"https:\/\/mauweb.tamnguyen.vn\/noithat16\/san-pham\/giuong-ngu-vai-phoi-da-ma-g-at11a\/","og_locale":"vi_VN","og_type":"article","og_title":"Gi\u01b0\u1eddng ng\u1ee7 v\u1ea3i ph\u1ed1i da m\u00e3 G-AT11A - M\u1eabu web n\u1ed9i th\u1ea5t","og_description":"Ch\u1ea5t li\u1ec7u: Da h\u1ea1ng sang, V\u1ea3i nh\u1eadp kh\u1ea9u  B\u1ea3o h\u00e0nh: 14 th\u00e1ng  T\u00ecnh tr\u1ea1ng: C\u00f2n h\u00e0ng","og_url":"https:\/\/mauweb.tamnguyen.vn\/noithat16\/san-pham\/giuong-ngu-vai-phoi-da-ma-g-at11a\/","og_site_name":"M\u1eabu web n\u1ed9i th\u1ea5t","article_modified_time":"2022-05-24T09:25:33+00:00","og_image":[{"width":800,"height":533,"url":"https:\/\/mauweb.tamnguyen.vn\/noithat16\/wp-content\/uploads\/2022\/05\/1.jpg","type":"image\/jpeg"}],"twitter_card":"summary_large_image","twitter_misc":{"\u01af\u1edbc t\u00ednh th\u1eddi gian \u0111\u1ecdc":"5 ph\u00fat"},"schema":{"@context":"https:\/\/schema.org","@graph":[{"@type":"WebPage","@id":"https:\/\/mauweb.tamnguyen.vn\/noithat16\/san-pham\/giuong-ngu-vai-phoi-da-ma-g-at11a\/","url":"https:\/\/mauweb.tamnguyen.vn\/noithat16\/san-pham\/giuong-ngu-vai-phoi-da-ma-g-at11a\/","name":"Gi\u01b0\u1eddng ng\u1ee7 v\u1ea3i ph\u1ed1i da m\u00e3 G-AT11A - M\u1eabu web n\u1ed9i th\u1ea5t","isPartOf":{"@id":"https:\/\/mauweb.tamnguyen.vn\/noithat16\/#website"},"datePublished":"2022-05-24T09:25:06+00:00","dateModified":"2022-05-24T09:25:33+00:00","breadcrumb":{"@id":"https:\/\/mauweb.tamnguyen.vn\/noithat16\/san-pham\/giuong-ngu-vai-phoi-da-ma-g-at11a\/#breadcrumb"},"inLanguage":"vi","potentialAction":[{"@type":"ReadAction","target":["https:\/\/mauweb.tamnguyen.vn\/noithat16\/san-pham\/giuong-ngu-vai-phoi-da-ma-g-at11a\/"]}]},{"@type":"BreadcrumbList","@id":"https:\/\/mauweb.tamnguyen.vn\/noithat16\/san-pham\/giuong-ngu-vai-phoi-da-ma-g-at11a\/#breadcrumb","itemListElement":[{"@type":"ListItem","position":1,"name":"Trang ch\u1ee7","item":"https:\/\/mauweb.tamnguyen.vn\/noithat16\/"},{"@type":"ListItem","position":2,"name":"Shop","item":"https:\/\/mauweb.tamnguyen.vn\/noithat16\/shop\/"},{"@type":"ListItem","position":3,"name":"Gi\u01b0\u1eddng ng\u1ee7 v\u1ea3i ph\u1ed1i da m\u00e3 G-AT11A"}]},{"@type":"WebSite","@id":"https:\/\/mauweb.tamnguyen.vn\/noithat16\/#website","url":"https:\/\/mauweb.tamnguyen.vn\/noithat16\/","name":"M\u1eabu web n\u1ed9i th\u1ea5t","description":"D\u1ecbch v\u1ee5 thi\u1ebft k\u1ebf web uy t\u00edn","potentialAction":[{"@type":"SearchAction","target":{"@type":"EntryPoint","urlTemplate":"https:\/\/mauweb.tamnguyen.vn\/noithat16\/?s={search_term_string}"},"query-input":"required name=search_term_string"}],"inLanguage":"vi"}]}},"_links":{"self":[{"href":"https:\/\/mauweb.tamnguyen.vn\/noithat16\/wp-json\/wp\/v2\/product\/375","targetHints":{"allow":["GET"]}}],"collection":[{"href":"https:\/\/mauweb.tamnguyen.vn\/noithat16\/wp-json\/wp\/v2\/product"}],"about":[{"href":"https:\/\/mauweb.tamnguyen.vn\/noithat16\/wp-json\/wp\/v2\/types\/product"}],"replies":[{"embeddable":true,"href":"https:\/\/mauweb.tamnguyen.vn\/noithat16\/wp-json\/wp\/v2\/comments?post=375"}],"wp:featuredmedia":[{"embeddable":true,"href":"https:\/\/mauweb.tamnguyen.vn\/noithat16\/wp-json\/wp\/v2\/media\/376"}],"wp:attachment":[{"href":"https:\/\/mauweb.tamnguyen.vn\/noithat16\/wp-json\/wp\/v2\/media?parent=375"}],"wp:term":[{"taxonomy":"product_cat","embeddable":true,"href":"https:\/\/mauweb.tamnguyen.vn\/noithat16\/wp-json\/wp\/v2\/product_cat?post=375"},{"taxonomy":"product_tag","embeddable":true,"href":"https:\/\/mauweb.tamnguyen.vn\/noithat16\/wp-json\/wp\/v2\/product_tag?post=375"}],"curies":[{"name":"wp","href":"https:\/\/api.w.org\/{rel}","templated":true}]}}