{"id":405,"date":"2019-10-07T23:07:43","date_gmt":"2019-10-07T16:07:43","guid":{"rendered":"http:\/\/shop2.ninhbinhweb.biz\/?post_type=product&amp;p=405"},"modified":"2019-10-07T23:07:43","modified_gmt":"2019-10-07T16:07:43","slug":"may-hut-mun-dau-den-cao-cap-amida-d250","status":"publish","type":"product","link":"https:\/\/mauweb.tamnguyen.vn\/noithat13\/san-pham\/may-hut-mun-dau-den-cao-cap-amida-d250\/","title":{"rendered":"M\u00e1y h\u00fat m\u1ee5n \u0111\u1ea7u \u0111en cao c\u1ea5p Amida D250"},"content":{"rendered":"<p>M\u00e1y h\u00fat m\u1ee5n Nh\u1eadt B\u1ea3n Amida D250 kh\u00f4ng ch\u1ec9 h\u00fat m\u1ee5n th\u00f4ng th\u01b0\u1eddng m\u00e0 c\u00f2n\u00a0\u0111\u01b0\u1ee3c t\u00edch h\u1ee3p t\u00ednh n\u0103ng l\u00e0m\u00a0\u0111\u1eb9p v\u00e0 ch\u0103m s\u00f3c da m\u1eb7t b\u1eb1ng c\u00f4ng ngh\u1ec7\u00a0\u00e1nh s\u00e1ng sinh h\u1ecdc.\u00a0\u0110\u01b0\u1ee3c h\u00e0ng ngh\u00ecn ph\u1ee5 n\u1eef Nh\u1eadt B\u1ea3n y\u00eau th\u00edch s\u1eed d\u1ee5ng v\u1edbi l\u1ef1c h\u00fat m\u1ea1nh, thi\u1ebft k\u1ebf tinh t\u1ebf v\u00f4 c\u00f9ng d\u1ec5 s\u1eed d\u1ee5ng.<\/p>\n","protected":false},"excerpt":{"rendered":"<p>M\u00e1y h\u00fat m\u1ee5n chuy\u00ean d\u1ee5ng v\u1edbi 5 \u0111\u1ea7u h\u00fat gi\u00fap b\u1ea1n h\u00fat s\u1ea1ch t\u1ea5t c\u1ea3 c\u00e1c lo\u1ea1i m\u1ee5n. M\u00e1y t\u00edch h\u1ee3p c\u00f4ng ngh\u1ec7 tr\u1ecb m\u1ee5n, gi\u1ea3m v\u1ebft th\u00e2m, vi\u00eam m\u1ee5n b\u1eb1ng \u00e1nh s\u00e1ng sinh h\u1ecdc xanh \u2013 \u0111\u1ecf. L\u00e0 d\u00f2ng m\u00e1y \u0111\u01b0\u1ee3c \u01b0a chu\u1ed9ng h\u00e0ng \u0111\u1ea7u t\u1ea1i \u0111\u1ea5t n\u01b0\u1edbc m\u1eb7t tr\u1eddi m\u1ecdc.<\/p>\n","protected":false},"featured_media":468,"comment_status":"open","ping_status":"closed","template":"","meta":[],"product_cat":[65],"product_tag":[50],"class_list":["post-405","product","type-product","status-publish","has-post-thumbnail","hentry","product_cat-thiet-bi-cong-nghe","product_tag-may-hut-mun"],"yoast_head":"<!-- This site is optimized with the Yoast SEO plugin v19.6.1 - https:\/\/yoast.com\/wordpress\/plugins\/seo\/ -->\n<title>M\u00e1y h\u00fat m\u1ee5n \u0111\u1ea7u \u0111en cao c\u1ea5p Amida D250 - noithat13<\/title>\n<meta name=\"robots\" content=\"noindex, follow, max-snippet:-1, max-image-preview:large, max-video-preview:-1\" \/>\n<meta property=\"og:locale\" content=\"vi_VN\" \/>\n<meta property=\"og:type\" content=\"article\" \/>\n<meta property=\"og:title\" content=\"M\u00e1y h\u00fat m\u1ee5n \u0111\u1ea7u \u0111en cao c\u1ea5p Amida D250 - noithat13\" \/>\n<meta property=\"og:description\" content=\"M\u00e1y h\u00fat m\u1ee5n chuy\u00ean d\u1ee5ng v\u1edbi 5 \u0111\u1ea7u h\u00fat gi\u00fap b\u1ea1n h\u00fat s\u1ea1ch t\u1ea5t c\u1ea3 c\u00e1c lo\u1ea1i m\u1ee5n. M\u00e1y t\u00edch h\u1ee3p c\u00f4ng ngh\u1ec7 tr\u1ecb m\u1ee5n, gi\u1ea3m v\u1ebft th\u00e2m, vi\u00eam m\u1ee5n b\u1eb1ng \u00e1nh s\u00e1ng sinh h\u1ecdc xanh \u2013 \u0111\u1ecf. L\u00e0 d\u00f2ng m\u00e1y \u0111\u01b0\u1ee3c \u01b0a chu\u1ed9ng h\u00e0ng \u0111\u1ea7u t\u1ea1i \u0111\u1ea5t n\u01b0\u1edbc m\u1eb7t tr\u1eddi m\u1ecdc.\" \/>\n<meta property=\"og:url\" content=\"https:\/\/mauweb.tamnguyen.vn\/noithat13\/san-pham\/may-hut-mun-dau-den-cao-cap-amida-d250\/\" \/>\n<meta property=\"og:site_name\" content=\"noithat13\" \/>\n<meta property=\"og:image\" content=\"https:\/\/mauweb.tamnguyen.vn\/noithat13\/wp-content\/uploads\/2019\/11\/sp8.jpg\" \/>\n\t<meta property=\"og:image:width\" content=\"300\" \/>\n\t<meta property=\"og:image:height\" content=\"298\" \/>\n\t<meta property=\"og:image:type\" content=\"image\/jpeg\" \/>\n<meta name=\"twitter:card\" content=\"summary_large_image\" \/>\n<script type=\"application\/ld+json\" class=\"yoast-schema-graph\">{\"@context\":\"https:\/\/schema.org\",\"@graph\":[{\"@type\":\"WebPage\",\"@id\":\"https:\/\/mauweb.tamnguyen.vn\/noithat13\/san-pham\/may-hut-mun-dau-den-cao-cap-amida-d250\/\",\"url\":\"https:\/\/mauweb.tamnguyen.vn\/noithat13\/san-pham\/may-hut-mun-dau-den-cao-cap-amida-d250\/\",\"name\":\"M\u00e1y h\u00fat m\u1ee5n \u0111\u1ea7u \u0111en cao c\u1ea5p Amida D250 - noithat13\",\"isPartOf\":{\"@id\":\"https:\/\/mauweb.tamnguyen.vn\/noithat13\/#website\"},\"datePublished\":\"2019-10-07T16:07:43+00:00\",\"dateModified\":\"2019-10-07T16:07:43+00:00\",\"breadcrumb\":{\"@id\":\"https:\/\/mauweb.tamnguyen.vn\/noithat13\/san-pham\/may-hut-mun-dau-den-cao-cap-amida-d250\/#breadcrumb\"},\"inLanguage\":\"vi\",\"potentialAction\":[{\"@type\":\"ReadAction\",\"target\":[\"https:\/\/mauweb.tamnguyen.vn\/noithat13\/san-pham\/may-hut-mun-dau-den-cao-cap-amida-d250\/\"]}]},{\"@type\":\"BreadcrumbList\",\"@id\":\"https:\/\/mauweb.tamnguyen.vn\/noithat13\/san-pham\/may-hut-mun-dau-den-cao-cap-amida-d250\/#breadcrumb\",\"itemListElement\":[{\"@type\":\"ListItem\",\"position\":1,\"name\":\"Trang ch\u1ee7\",\"item\":\"https:\/\/mauweb.tamnguyen.vn\/noithat13\/\"},{\"@type\":\"ListItem\",\"position\":2,\"name\":\"C\u1eeda h\u00e0ng\",\"item\":\"https:\/\/mauweb.tamnguyen.vn\/noithat13\/cua-hang\/\"},{\"@type\":\"ListItem\",\"position\":3,\"name\":\"M\u00e1y h\u00fat m\u1ee5n \u0111\u1ea7u \u0111en cao c\u1ea5p Amida D250\"}]},{\"@type\":\"WebSite\",\"@id\":\"https:\/\/mauweb.tamnguyen.vn\/noithat13\/#website\",\"url\":\"https:\/\/mauweb.tamnguyen.vn\/noithat13\/\",\"name\":\"noithat13\",\"description\":\"\",\"potentialAction\":[{\"@type\":\"SearchAction\",\"target\":{\"@type\":\"EntryPoint\",\"urlTemplate\":\"https:\/\/mauweb.tamnguyen.vn\/noithat13\/?s={search_term_string}\"},\"query-input\":\"required name=search_term_string\"}],\"inLanguage\":\"vi\"}]}<\/script>\n<!-- \/ Yoast SEO plugin. -->","yoast_head_json":{"title":"M\u00e1y h\u00fat m\u1ee5n \u0111\u1ea7u \u0111en cao c\u1ea5p Amida D250 - noithat13","robots":{"index":"noindex","follow":"follow","max-snippet":"max-snippet:-1","max-image-preview":"max-image-preview:large","max-video-preview":"max-video-preview:-1"},"og_locale":"vi_VN","og_type":"article","og_title":"M\u00e1y h\u00fat m\u1ee5n \u0111\u1ea7u \u0111en cao c\u1ea5p Amida D250 - noithat13","og_description":"M\u00e1y h\u00fat m\u1ee5n chuy\u00ean d\u1ee5ng v\u1edbi 5 \u0111\u1ea7u h\u00fat gi\u00fap b\u1ea1n h\u00fat s\u1ea1ch t\u1ea5t c\u1ea3 c\u00e1c lo\u1ea1i m\u1ee5n. M\u00e1y t\u00edch h\u1ee3p c\u00f4ng ngh\u1ec7 tr\u1ecb m\u1ee5n, gi\u1ea3m v\u1ebft th\u00e2m, vi\u00eam m\u1ee5n b\u1eb1ng \u00e1nh s\u00e1ng sinh h\u1ecdc xanh \u2013 \u0111\u1ecf. L\u00e0 d\u00f2ng m\u00e1y \u0111\u01b0\u1ee3c \u01b0a chu\u1ed9ng h\u00e0ng \u0111\u1ea7u t\u1ea1i \u0111\u1ea5t n\u01b0\u1edbc m\u1eb7t tr\u1eddi m\u1ecdc.","og_url":"https:\/\/mauweb.tamnguyen.vn\/noithat13\/san-pham\/may-hut-mun-dau-den-cao-cap-amida-d250\/","og_site_name":"noithat13","og_image":[{"width":300,"height":298,"url":"https:\/\/mauweb.tamnguyen.vn\/noithat13\/wp-content\/uploads\/2019\/11\/sp8.jpg","type":"image\/jpeg"}],"twitter_card":"summary_large_image","schema":{"@context":"https:\/\/schema.org","@graph":[{"@type":"WebPage","@id":"https:\/\/mauweb.tamnguyen.vn\/noithat13\/san-pham\/may-hut-mun-dau-den-cao-cap-amida-d250\/","url":"https:\/\/mauweb.tamnguyen.vn\/noithat13\/san-pham\/may-hut-mun-dau-den-cao-cap-amida-d250\/","name":"M\u00e1y h\u00fat m\u1ee5n \u0111\u1ea7u \u0111en cao c\u1ea5p Amida D250 - noithat13","isPartOf":{"@id":"https:\/\/mauweb.tamnguyen.vn\/noithat13\/#website"},"datePublished":"2019-10-07T16:07:43+00:00","dateModified":"2019-10-07T16:07:43+00:00","breadcrumb":{"@id":"https:\/\/mauweb.tamnguyen.vn\/noithat13\/san-pham\/may-hut-mun-dau-den-cao-cap-amida-d250\/#breadcrumb"},"inLanguage":"vi","potentialAction":[{"@type":"ReadAction","target":["https:\/\/mauweb.tamnguyen.vn\/noithat13\/san-pham\/may-hut-mun-dau-den-cao-cap-amida-d250\/"]}]},{"@type":"BreadcrumbList","@id":"https:\/\/mauweb.tamnguyen.vn\/noithat13\/san-pham\/may-hut-mun-dau-den-cao-cap-amida-d250\/#breadcrumb","itemListElement":[{"@type":"ListItem","position":1,"name":"Trang ch\u1ee7","item":"https:\/\/mauweb.tamnguyen.vn\/noithat13\/"},{"@type":"ListItem","position":2,"name":"C\u1eeda h\u00e0ng","item":"https:\/\/mauweb.tamnguyen.vn\/noithat13\/cua-hang\/"},{"@type":"ListItem","position":3,"name":"M\u00e1y h\u00fat m\u1ee5n \u0111\u1ea7u \u0111en cao c\u1ea5p Amida D250"}]},{"@type":"WebSite","@id":"https:\/\/mauweb.tamnguyen.vn\/noithat13\/#website","url":"https:\/\/mauweb.tamnguyen.vn\/noithat13\/","name":"noithat13","description":"","potentialAction":[{"@type":"SearchAction","target":{"@type":"EntryPoint","urlTemplate":"https:\/\/mauweb.tamnguyen.vn\/noithat13\/?s={search_term_string}"},"query-input":"required name=search_term_string"}],"inLanguage":"vi"}]}},"_links":{"self":[{"href":"https:\/\/mauweb.tamnguyen.vn\/noithat13\/wp-json\/wp\/v2\/product\/405","targetHints":{"allow":["GET"]}}],"collection":[{"href":"https:\/\/mauweb.tamnguyen.vn\/noithat13\/wp-json\/wp\/v2\/product"}],"about":[{"href":"https:\/\/mauweb.tamnguyen.vn\/noithat13\/wp-json\/wp\/v2\/types\/product"}],"replies":[{"embeddable":true,"href":"https:\/\/mauweb.tamnguyen.vn\/noithat13\/wp-json\/wp\/v2\/comments?post=405"}],"wp:featuredmedia":[{"embeddable":true,"href":"https:\/\/mauweb.tamnguyen.vn\/noithat13\/wp-json\/wp\/v2\/media\/468"}],"wp:attachment":[{"href":"https:\/\/mauweb.tamnguyen.vn\/noithat13\/wp-json\/wp\/v2\/media?parent=405"}],"wp:term":[{"taxonomy":"product_cat","embeddable":true,"href":"https:\/\/mauweb.tamnguyen.vn\/noithat13\/wp-json\/wp\/v2\/product_cat?post=405"},{"taxonomy":"product_tag","embeddable":true,"href":"https:\/\/mauweb.tamnguyen.vn\/noithat13\/wp-json\/wp\/v2\/product_tag?post=405"}],"curies":[{"name":"wp","href":"https:\/\/api.w.org\/{rel}","templated":true}]}}