{"id":334,"date":"2019-10-07T22:38:30","date_gmt":"2019-10-07T15:38:30","guid":{"rendered":"http:\/\/shop2.ninhbinhweb.biz\/?post_type=product&amp;p=334"},"modified":"2019-10-07T22:38:30","modified_gmt":"2019-10-07T15:38:30","slug":"may-tro-thinh-co-day-nhat-ban-rionet-ha-20dx","status":"publish","type":"product","link":"https:\/\/mauweb.tamnguyen.vn\/noithat13\/san-pham\/may-tro-thinh-co-day-nhat-ban-rionet-ha-20dx\/","title":{"rendered":"M\u00e1y tr\u1ee3 th\u00ednh c\u00f3 d\u00e2y Nh\u1eadt B\u1ea3n Rionet HA-20DX"},"content":{"rendered":"<h3><strong>\u0110\u1eb7c \u0111i\u1ec3m n\u1ed5i b\u1eadt c\u1ee7a m\u00e1y tr\u1ee3 th\u00ednh Rionet HA-20DX<\/strong><\/h3>\n<ul>\n<li>M\u00e1y tr\u1ee3 th\u00ednh Rionet HA-20DX l\u00e0 lo\u1ea1i b\u1ecf t\u00fai c\u00f3 d\u00e2y, c\u00f3 b\u1ed9 ph\u1eadn c\u00e0i (k\u1eb9p) v\u00e0o ve \u00e1o tr\u00e1nh b\u1ecb r\u01a1i hay m\u1ea5t m\u00e1y; c\u00e1c n\u00fat T\u1eaft \/ B\u1eadt (m\u00e0u xanh), \u0111i\u1ec1u ch\u1ec9nh \u00e2m l\u01b0\u1ee3ng to\/nh\u1ecf, d\u1ec5 thao t\u00e1c r\u1ea5t ph\u00f9 h\u1ee3p cho ng\u01b0\u1eddi gi\u00e0.<\/li>\n<li>Ng\u01b0\u1eddi d\u00f9ng c\u00f3 th\u1ec3 t\u1ef1 \u0111i\u1ec1u ch\u1ec9nh \u00e2m l\u01b0\u1ee3ng (t\u0103ng\/gi\u1ea3m to nh\u1ecf) sao cho ph\u00f9 h\u1ee3p nh\u1ea5t.<\/li>\n<li>\u0110i\u1ec1u ch\u1ec9nh \u00e2m l\u01b0\u1ee3ng v\u1edbi 10 m\u1ee9c c\u01b0\u1eddng \u0111\u1ed9 kh\u00e1c nhau. Ng\u01b0\u1eddi d\u00f9ng ch\u1ec9 c\u1ea7n xoay n\u00fat (v\u1eb7n tri\u1ebft \u00e1p) \u0111\u1ec3 t\u0103ng gi\u1ea3m \u0111\u1ed9 to nh\u1ecf.<\/li>\n<li>M\u00e1y c\u00f3 ch\u1ebf \u0111\u1ed9 l\u1ecdc t\u1ea1p \u00e2m, ch\u1eb7n ti\u1ebfng \u1ed3n, gi\u1ea3m ti\u1ebfng \u1ed3n cho \u00e2m thanh \u00eam \u00e1i kh\u00f4ng b\u1ecb ch\u00f3i tai<\/li>\n<li>C\u00f3 3 ch\u1ebf \u0111\u1ed9 \u00e2m thanh kh\u00e1c nhau: Ch\u1ebf \u0111\u1ed9 \u00e2m thanh \u00eam \u00e1i (N); ch\u1ebf \u0111\u1ed9 \u00e2m thanh trung b\u00ecnh v\u00e0 ch\u1ebf \u0111\u1ed9 \u00e2m thanh g\u1ecdn ti\u1ebfng trong tr\u1ebbo<\/li>\n<li>S\u1eed d\u1ee5ng m\u1ed9t vi\u00ean pin AA (pin ti\u1ec3u) th\u00f4ng th\u01b0\u1eddng, b\u1ea1n c\u00f3 th\u1ec3 mua \u1edf b\u1ea5t k\u1ef3 n\u01a1i n\u00e0o<\/li>\n<li>Th\u1eddi gian s\u1eed d\u1ee5ng trung b\u00ecnh 170 gi\u1edd v\u1edbi 01 vi\u00ean pin lo\u1ea1i t\u1ed1t<\/li>\n<li>N\u00fam v\u1eb7n ( xoay ) ch\u1ec9nh to nh\u1ecf n\u1eb1m ph\u00eda tr\u00ean \u0111\u1ea7u m\u00e1y ti\u1ec7n cho vi\u1ec7c \u0111i\u1ec1u khi\u1ec3n m\u00e1y nghe<\/li>\n<li>M\u00e1y m\u1ea7u s\u00e1ng, s\u1eafc n\u00e9t \u0111\u1ed9 b\u1ec1n cao<\/li>\n<\/ul>\n<h3><strong>H\u01b0\u1edbng d\u1eabn s\u1eed d\u1ee5ng<\/strong><\/h3>\n<p>\u2013 M\u00e1y \u0111\u01b0\u1ee3c s\u1eed d\u1ee5ng g\u1ea7n nh\u01b0 nh\u1eefng m\u00e1y nghe nh\u1ea1c \u0111i\u1ec7n t\u1eed hi\u1ec7n \u0111\u1ea1i; ng\u01b0\u1eddi s\u1eed d\u1ee5ng g\u1ea1t m\u1ed9t n\u00fat \u0111\u1ec3 t\u1eaft\/b\u1eadt; sau \u0111\u00f3 t\u0103ng gi\u1ea3m \u00e2m l\u01b0\u1ee3ng n\u1ebfu th\u1ea5y nh\u1ecf ho\u1eb7c to qu\u00e1 th\u00f4ng qua m\u1ed9t b\u00e1nh xe v\u1edbi 10 m\u1ee9c \u00e2m l\u01b0\u1ee3ng l\u1edbn nh\u1ecf kh\u00e1c nhau.<\/p>\n","protected":false},"excerpt":{"rendered":"<p>M\u00e1y tr\u1ee3 th\u00ednh Rionet HA-20Dx v\u1edbi thi\u1ebft k\u1ebf c\u00f3 3 ch\u1ebf \u0111\u1ed9 nghe: Nghe \u1edf ch\u1ebf \u0111\u1ed9 c\u00f3 b\u1ed9 l\u1ecdc t\u1ea1p \u00e2m, ch\u1eb7n ti\u1ebfng \u1ed3n, gi\u1ea3m ti\u1ebfng \u1ed3n, cho \u00e2m thanh \u00eam \u00e1i kh\u00f4ng b\u1ecb ch\u00f3i tai. Rionet HA-20DX l\u00e0 lo\u1ea1i b\u1ecf t\u00fai c\u00f3 d\u00e2y, c\u00f3 \u0111\u1ed9 b\u1ec1n cao, c\u00f3 b\u1ed9 ph\u1eadn c\u00e0i (k\u1eb9p) tr\u00e1nh b\u1ecb r\u01a1i hay m\u1ea5t m\u00e1y; c\u00e1c n\u00fat t\u1eaft\/b\u1eadt, \u0111i\u1ec1u ch\u1ec9nh \u00e2m l\u01b0\u1ee3ng to, ph\u00f9 h\u1ee3p v\u1edbi m\u1ecdi \u0111\u1ed1i t\u01b0\u1ee3ng s\u1eed d\u1ee5ng.<\/p>\n","protected":false},"featured_media":1123,"comment_status":"open","ping_status":"closed","template":"","meta":[],"product_cat":[65],"product_tag":[54],"class_list":["post-334","product","type-product","status-publish","has-post-thumbnail","hentry","product_cat-thiet-bi-cong-nghe","product_tag-may-tro-thinh"],"yoast_head":"<!-- This site is optimized with the Yoast SEO plugin v19.6.1 - https:\/\/yoast.com\/wordpress\/plugins\/seo\/ -->\n<title>M\u00e1y tr\u1ee3 th\u00ednh c\u00f3 d\u00e2y Nh\u1eadt B\u1ea3n Rionet HA-20DX - noithat13<\/title>\n<meta name=\"robots\" content=\"noindex, follow, max-snippet:-1, max-image-preview:large, max-video-preview:-1\" \/>\n<meta property=\"og:locale\" content=\"vi_VN\" \/>\n<meta property=\"og:type\" content=\"article\" \/>\n<meta property=\"og:title\" content=\"M\u00e1y tr\u1ee3 th\u00ednh c\u00f3 d\u00e2y Nh\u1eadt B\u1ea3n Rionet HA-20DX - noithat13\" \/>\n<meta property=\"og:description\" content=\"M\u00e1y tr\u1ee3 th\u00ednh Rionet HA-20Dx v\u1edbi thi\u1ebft k\u1ebf c\u00f3 3 ch\u1ebf \u0111\u1ed9 nghe: Nghe \u1edf ch\u1ebf \u0111\u1ed9 c\u00f3 b\u1ed9 l\u1ecdc t\u1ea1p \u00e2m, ch\u1eb7n ti\u1ebfng \u1ed3n, gi\u1ea3m ti\u1ebfng \u1ed3n, cho \u00e2m thanh \u00eam \u00e1i kh\u00f4ng b\u1ecb ch\u00f3i tai. Rionet HA-20DX l\u00e0 lo\u1ea1i b\u1ecf t\u00fai c\u00f3 d\u00e2y, c\u00f3 \u0111\u1ed9 b\u1ec1n cao, c\u00f3 b\u1ed9 ph\u1eadn c\u00e0i (k\u1eb9p) tr\u00e1nh b\u1ecb r\u01a1i hay m\u1ea5t m\u00e1y; c\u00e1c n\u00fat t\u1eaft\/b\u1eadt, \u0111i\u1ec1u ch\u1ec9nh \u00e2m l\u01b0\u1ee3ng to, ph\u00f9 h\u1ee3p v\u1edbi m\u1ecdi \u0111\u1ed1i t\u01b0\u1ee3ng s\u1eed d\u1ee5ng.\" \/>\n<meta property=\"og:url\" content=\"https:\/\/mauweb.tamnguyen.vn\/noithat13\/san-pham\/may-tro-thinh-co-day-nhat-ban-rionet-ha-20dx\/\" \/>\n<meta property=\"og:site_name\" content=\"noithat13\" \/>\n<meta property=\"og:image\" content=\"https:\/\/mauweb.tamnguyen.vn\/noithat13\/wp-content\/uploads\/2019\/10\/cong-ty-noi-that-decor-2-1002.jpg\" \/>\n\t<meta property=\"og:image:width\" content=\"800\" \/>\n\t<meta property=\"og:image:height\" content=\"800\" \/>\n\t<meta property=\"og:image:type\" content=\"image\/jpeg\" \/>\n<meta name=\"twitter:card\" content=\"summary_large_image\" \/>\n<meta name=\"twitter:label1\" content=\"\u01af\u1edbc t\u00ednh th\u1eddi gian \u0111\u1ecdc\" \/>\n\t<meta name=\"twitter:data1\" content=\"2 ph\u00fat\" \/>\n<script type=\"application\/ld+json\" class=\"yoast-schema-graph\">{\"@context\":\"https:\/\/schema.org\",\"@graph\":[{\"@type\":\"WebPage\",\"@id\":\"https:\/\/mauweb.tamnguyen.vn\/noithat13\/san-pham\/may-tro-thinh-co-day-nhat-ban-rionet-ha-20dx\/\",\"url\":\"https:\/\/mauweb.tamnguyen.vn\/noithat13\/san-pham\/may-tro-thinh-co-day-nhat-ban-rionet-ha-20dx\/\",\"name\":\"M\u00e1y tr\u1ee3 th\u00ednh c\u00f3 d\u00e2y Nh\u1eadt B\u1ea3n Rionet HA-20DX - noithat13\",\"isPartOf\":{\"@id\":\"https:\/\/mauweb.tamnguyen.vn\/noithat13\/#website\"},\"datePublished\":\"2019-10-07T15:38:30+00:00\",\"dateModified\":\"2019-10-07T15:38:30+00:00\",\"breadcrumb\":{\"@id\":\"https:\/\/mauweb.tamnguyen.vn\/noithat13\/san-pham\/may-tro-thinh-co-day-nhat-ban-rionet-ha-20dx\/#breadcrumb\"},\"inLanguage\":\"vi\",\"potentialAction\":[{\"@type\":\"ReadAction\",\"target\":[\"https:\/\/mauweb.tamnguyen.vn\/noithat13\/san-pham\/may-tro-thinh-co-day-nhat-ban-rionet-ha-20dx\/\"]}]},{\"@type\":\"BreadcrumbList\",\"@id\":\"https:\/\/mauweb.tamnguyen.vn\/noithat13\/san-pham\/may-tro-thinh-co-day-nhat-ban-rionet-ha-20dx\/#breadcrumb\",\"itemListElement\":[{\"@type\":\"ListItem\",\"position\":1,\"name\":\"Trang ch\u1ee7\",\"item\":\"https:\/\/mauweb.tamnguyen.vn\/noithat13\/\"},{\"@type\":\"ListItem\",\"position\":2,\"name\":\"C\u1eeda h\u00e0ng\",\"item\":\"https:\/\/mauweb.tamnguyen.vn\/noithat13\/cua-hang\/\"},{\"@type\":\"ListItem\",\"position\":3,\"name\":\"M\u00e1y tr\u1ee3 th\u00ednh c\u00f3 d\u00e2y Nh\u1eadt B\u1ea3n Rionet HA-20DX\"}]},{\"@type\":\"WebSite\",\"@id\":\"https:\/\/mauweb.tamnguyen.vn\/noithat13\/#website\",\"url\":\"https:\/\/mauweb.tamnguyen.vn\/noithat13\/\",\"name\":\"noithat13\",\"description\":\"\",\"potentialAction\":[{\"@type\":\"SearchAction\",\"target\":{\"@type\":\"EntryPoint\",\"urlTemplate\":\"https:\/\/mauweb.tamnguyen.vn\/noithat13\/?s={search_term_string}\"},\"query-input\":\"required name=search_term_string\"}],\"inLanguage\":\"vi\"}]}<\/script>\n<!-- \/ Yoast SEO plugin. -->","yoast_head_json":{"title":"M\u00e1y tr\u1ee3 th\u00ednh c\u00f3 d\u00e2y Nh\u1eadt B\u1ea3n Rionet HA-20DX - noithat13","robots":{"index":"noindex","follow":"follow","max-snippet":"max-snippet:-1","max-image-preview":"max-image-preview:large","max-video-preview":"max-video-preview:-1"},"og_locale":"vi_VN","og_type":"article","og_title":"M\u00e1y tr\u1ee3 th\u00ednh c\u00f3 d\u00e2y Nh\u1eadt B\u1ea3n Rionet HA-20DX - noithat13","og_description":"M\u00e1y tr\u1ee3 th\u00ednh Rionet HA-20Dx v\u1edbi thi\u1ebft k\u1ebf c\u00f3 3 ch\u1ebf \u0111\u1ed9 nghe: Nghe \u1edf ch\u1ebf \u0111\u1ed9 c\u00f3 b\u1ed9 l\u1ecdc t\u1ea1p \u00e2m, ch\u1eb7n ti\u1ebfng \u1ed3n, gi\u1ea3m ti\u1ebfng \u1ed3n, cho \u00e2m thanh \u00eam \u00e1i kh\u00f4ng b\u1ecb ch\u00f3i tai. Rionet HA-20DX l\u00e0 lo\u1ea1i b\u1ecf t\u00fai c\u00f3 d\u00e2y, c\u00f3 \u0111\u1ed9 b\u1ec1n cao, c\u00f3 b\u1ed9 ph\u1eadn c\u00e0i (k\u1eb9p) tr\u00e1nh b\u1ecb r\u01a1i hay m\u1ea5t m\u00e1y; c\u00e1c n\u00fat t\u1eaft\/b\u1eadt, \u0111i\u1ec1u ch\u1ec9nh \u00e2m l\u01b0\u1ee3ng to, ph\u00f9 h\u1ee3p v\u1edbi m\u1ecdi \u0111\u1ed1i t\u01b0\u1ee3ng s\u1eed d\u1ee5ng.","og_url":"https:\/\/mauweb.tamnguyen.vn\/noithat13\/san-pham\/may-tro-thinh-co-day-nhat-ban-rionet-ha-20dx\/","og_site_name":"noithat13","og_image":[{"width":800,"height":800,"url":"https:\/\/mauweb.tamnguyen.vn\/noithat13\/wp-content\/uploads\/2019\/10\/cong-ty-noi-that-decor-2-1002.jpg","type":"image\/jpeg"}],"twitter_card":"summary_large_image","twitter_misc":{"\u01af\u1edbc t\u00ednh th\u1eddi gian \u0111\u1ecdc":"2 ph\u00fat"},"schema":{"@context":"https:\/\/schema.org","@graph":[{"@type":"WebPage","@id":"https:\/\/mauweb.tamnguyen.vn\/noithat13\/san-pham\/may-tro-thinh-co-day-nhat-ban-rionet-ha-20dx\/","url":"https:\/\/mauweb.tamnguyen.vn\/noithat13\/san-pham\/may-tro-thinh-co-day-nhat-ban-rionet-ha-20dx\/","name":"M\u00e1y tr\u1ee3 th\u00ednh c\u00f3 d\u00e2y Nh\u1eadt B\u1ea3n Rionet HA-20DX - noithat13","isPartOf":{"@id":"https:\/\/mauweb.tamnguyen.vn\/noithat13\/#website"},"datePublished":"2019-10-07T15:38:30+00:00","dateModified":"2019-10-07T15:38:30+00:00","breadcrumb":{"@id":"https:\/\/mauweb.tamnguyen.vn\/noithat13\/san-pham\/may-tro-thinh-co-day-nhat-ban-rionet-ha-20dx\/#breadcrumb"},"inLanguage":"vi","potentialAction":[{"@type":"ReadAction","target":["https:\/\/mauweb.tamnguyen.vn\/noithat13\/san-pham\/may-tro-thinh-co-day-nhat-ban-rionet-ha-20dx\/"]}]},{"@type":"BreadcrumbList","@id":"https:\/\/mauweb.tamnguyen.vn\/noithat13\/san-pham\/may-tro-thinh-co-day-nhat-ban-rionet-ha-20dx\/#breadcrumb","itemListElement":[{"@type":"ListItem","position":1,"name":"Trang ch\u1ee7","item":"https:\/\/mauweb.tamnguyen.vn\/noithat13\/"},{"@type":"ListItem","position":2,"name":"C\u1eeda h\u00e0ng","item":"https:\/\/mauweb.tamnguyen.vn\/noithat13\/cua-hang\/"},{"@type":"ListItem","position":3,"name":"M\u00e1y tr\u1ee3 th\u00ednh c\u00f3 d\u00e2y Nh\u1eadt B\u1ea3n Rionet HA-20DX"}]},{"@type":"WebSite","@id":"https:\/\/mauweb.tamnguyen.vn\/noithat13\/#website","url":"https:\/\/mauweb.tamnguyen.vn\/noithat13\/","name":"noithat13","description":"","potentialAction":[{"@type":"SearchAction","target":{"@type":"EntryPoint","urlTemplate":"https:\/\/mauweb.tamnguyen.vn\/noithat13\/?s={search_term_string}"},"query-input":"required name=search_term_string"}],"inLanguage":"vi"}]}},"_links":{"self":[{"href":"https:\/\/mauweb.tamnguyen.vn\/noithat13\/wp-json\/wp\/v2\/product\/334","targetHints":{"allow":["GET"]}}],"collection":[{"href":"https:\/\/mauweb.tamnguyen.vn\/noithat13\/wp-json\/wp\/v2\/product"}],"about":[{"href":"https:\/\/mauweb.tamnguyen.vn\/noithat13\/wp-json\/wp\/v2\/types\/product"}],"replies":[{"embeddable":true,"href":"https:\/\/mauweb.tamnguyen.vn\/noithat13\/wp-json\/wp\/v2\/comments?post=334"}],"wp:featuredmedia":[{"embeddable":true,"href":"https:\/\/mauweb.tamnguyen.vn\/noithat13\/wp-json\/wp\/v2\/media\/1123"}],"wp:attachment":[{"href":"https:\/\/mauweb.tamnguyen.vn\/noithat13\/wp-json\/wp\/v2\/media?parent=334"}],"wp:term":[{"taxonomy":"product_cat","embeddable":true,"href":"https:\/\/mauweb.tamnguyen.vn\/noithat13\/wp-json\/wp\/v2\/product_cat?post=334"},{"taxonomy":"product_tag","embeddable":true,"href":"https:\/\/mauweb.tamnguyen.vn\/noithat13\/wp-json\/wp\/v2\/product_tag?post=334"}],"curies":[{"name":"wp","href":"https:\/\/api.w.org\/{rel}","templated":true}]}}