{"id":397,"date":"2018-05-10T11:12:05","date_gmt":"2018-05-10T04:12:05","guid":{"rendered":"http:\/\/mypham3.ninhbinhweb.com\/?post_type=product&#038;p=397"},"modified":"2022-05-19T12:35:17","modified_gmt":"2022-05-19T05:35:17","slug":"dau-goi-kich-thich-moc-toc-kaminomoto-m-shampoo","status":"publish","type":"product","link":"https:\/\/mauweb.tamnguyen.vn\/mypham05\/san-pham\/dau-goi-kich-thich-moc-toc-kaminomoto-m-shampoo\/","title":{"rendered":"D\u1ea7u g\u1ed9i k\u00edch th\u00edch m\u1ecdc t\u00f3c Kaminomoto M. Shampoo"},"content":{"rendered":"<div id=\"ProductDescription\" class=\"Block Moveable Panel ProductDescription\">\n<div class=\"ProductDescriptionContainer\">\n<p>L\u00e0 m\u1ed9t c\u00f4ng ngh\u1ec7 \u0111\u1ed9t ph\u00e1 gi\u00fap b\u1ea1n c\u0169ng c\u00f3 th\u1ec3 mang l\u00ean hi\u1ec7u qu\u1ea3 trong v\u1ea5n \u0111\u1ec1 ch\u0103m s\u00f3c m\u00e1i t\u00f3c, k\u00edch th\u00edch m\u00e1i t\u00f3c t\u1eeb s\u00e2u b\u00ean trong, \u0111\u1ed9 ch\u1eafc kh\u1ecfe s\u1ebd \u0111\u01b0\u1ee3c d\u01b0\u1ee1ng ch\u1ea5t n\u00e0y th\u1ea5m r\u1ea5t nhanh v\u00e0o s\u00e2u b\u00ean trong da \u0111\u1ea7u, ng\u0103n ng\u1eeba r\u1ee5ng t\u00f3c, kh\u00e1ng vi\u00eam, mang l\u00ean \u0111\u1ed9 ph\u1ee5c h\u1ed3i ch\u1eafc kh\u1ecfe, nu\u00f4i d\u01b0\u1ee1ng ch\u00e2n t\u00f3c gi\u00fap m\u00e1i t\u00f3c d\u1ea7y h\u01a1n, \u0111en h\u01a1n v\u00e0 t\u1ef1 nhi\u00ean v\u00f4 c\u00f9ng.<\/p>\n<p>B\u1ed9 d\u1ea7u g\u1ed9i, d\u1ea7u x\u1ea3 Kaminomoto Medicated Shampoo Nh\u1eadt B\u1ea3n\u00a0gi\u00fap k\u00edch th\u00edch m\u1ecdc t\u00f3c v\u00e0 ng\u0103n ng\u1eeba r\u1ee5ng t\u00f3c d\u00e0nh cho nh\u1eefng ng\u01b0\u1eddi b\u1ecb r\u1ee5ng t\u00f3c, gi\u00fap t\u00f3c m\u1ecdc nhanh v\u00e0 nhi\u1ec1u h\u01a1n.<\/p>\n<\/div>\n<\/div>\n<div id=\"ProductDescription\" class=\"Block Moveable Panel ProductDescription\">\n<div class=\"ProductDescriptionContainer\">\n<ul>\n<li class=\"bullet-arrow bullet-star\"><span class=\"info-text-left\">Dung t\u00edch:<\/span>\u00a0300ml x 2<\/li>\n<li class=\"bullet-arrow bullet-star\"><span class=\"info-text-left\">Xu\u1ea5t X\u1ee9:<\/span>\u00a0Nh\u1eadt B\u1ea3n<\/li>\n<li class=\"bullet-arrow bullet-star\"><span class=\"info-text-left\">Th\u01b0\u01a1ng hi\u1ec7u:<\/span>\u00a0<strong>Kaminomoto<\/strong><\/li>\n<li class=\"bullet-arrow bullet-star\"><span class=\"info-text-left\">H\u00e3ng s\u1ea3n xu\u1ea5t:<\/span>\u00a0<strong>Kaminomoto<\/strong><\/li>\n<\/ul>\n<div id=\"ProductDescription\" class=\"Block Moveable Panel ProductDescription\">\n<div class=\"ProductDescriptionContainer\">\n<p>D\u1ea7u g\u1ed9i \u0111\u1ea7u \u0111\u1eb7c tr\u1ecb c\u1ee7a Kaminomto d\u00e0nh ri\u00eang cho t\u00f3c y\u1ebfu, nhi\u1ec1u g\u00e0u, da \u0111\u1ea7u nh\u1eddn, v\u00e0 nh\u1eefng ng\u01b0\u1eddi b\u1ecb b\u1ec7nh r\u1ee5ng t\u00f3c. Bao g\u1ed3m c\u00e1c chi\u1ebft xu\u1ea5t th\u1ea3o d\u01b0\u1ee3c qu\u00fd hi\u1ebfm v\u00e0 Ch\u1ea5t d\u1eabn xu\u1ea5t sinh h\u1ecdc \u0111\u1eb7c bi\u1ec7t. Ch\u1ea5t d\u1eabn xu\u1ea5t sinh h\u1ecdc n\u00e0y tr\u1ef1c ti\u1ebfp d\u1eabn c\u00e1c chi\u1ebft xu\u1ea5t th\u1ea3o d\u01b0\u1ee3c v\u00e0o nu\u00f4i d\u01b0\u1ee1ng t\u1ebf b\u00e0o ch\u00e2n t\u00f3c, h\u1ea1n ch\u1ebf ch\u1ea5t nh\u1eddn tr\u00ean da \u0111\u1ea7u, k\u00edch th\u00edch s\u1ef1 t\u00e1i sinh c\u1ee7a t\u00f3c v\u00e0 gi\u00fap t\u1ebf b\u00e0o ch\u00e2n t\u00f3c tr\u00ean da \u0111\u1ea7u h\u1ed3i ph\u1ee5c tr\u1edf l\u1ea1i.<\/p>\n<\/div>\n<\/div>\n<\/div>\n<\/div>\n","protected":false},"excerpt":{"rendered":"<p>B\u1ed9 d\u1ea7u g\u1ed9i, d\u1ea7u x\u1ea3 Kaminomoto Medicated Shampoo Nh\u1eadt B\u1ea3n\u00a0gi\u00fap k\u00edch th\u00edch m\u1ecdc t\u00f3c v\u00e0 ng\u0103n ng\u1eeba r\u1ee5ng t\u00f3c d\u00e0nh cho nh\u1eefng ng\u01b0\u1eddi b\u1ecb r\u1ee5ng t\u00f3c, gi\u00fap t\u00f3c m\u1ecdc nhanh v\u00e0 nhi\u1ec1u h\u01a1n.<\/p>\n","protected":false},"featured_media":451,"comment_status":"open","ping_status":"closed","template":"","meta":[],"product_brand":[],"product_cat":[30,41],"product_tag":[],"class_list":{"0":"post-397","1":"product","2":"type-product","3":"status-publish","4":"has-post-thumbnail","6":"product_cat-cham-soc-toc","7":"product_cat-thuc-pham-chuc-nang","8":"pa_dung-tich-200ml","9":"pa_san-xuat-han-quoc","10":"pa_thuong-hieu-cattier","11":"pa_xuat-xu-han-quoc","13":"first","14":"instock","15":"sale","16":"shipping-taxable","17":"purchasable","18":"product-type-simple"},"yoast_head":"<!-- This site is optimized with the Yoast SEO plugin v27.5 - https:\/\/yoast.com\/product\/yoast-seo-wordpress\/ -->\n<title>D\u1ea7u g\u1ed9i k\u00edch th\u00edch m\u1ecdc t\u00f3c Kaminomoto M. Shampoo - M\u1eabu web m\u1ef9 ph\u1ea9m<\/title>\n<meta name=\"robots\" content=\"noindex, follow, max-snippet:-1, max-image-preview:large, max-video-preview:-1\" \/>\n<meta property=\"og:locale\" content=\"vi_VN\" \/>\n<meta property=\"og:type\" content=\"article\" \/>\n<meta property=\"og:title\" content=\"D\u1ea7u g\u1ed9i k\u00edch th\u00edch m\u1ecdc t\u00f3c Kaminomoto M. Shampoo - M\u1eabu web m\u1ef9 ph\u1ea9m\" \/>\n<meta property=\"og:description\" content=\"B\u1ed9 d\u1ea7u g\u1ed9i, d\u1ea7u x\u1ea3 Kaminomoto Medicated Shampoo Nh\u1eadt B\u1ea3n\u00a0gi\u00fap k\u00edch th\u00edch m\u1ecdc t\u00f3c v\u00e0 ng\u0103n ng\u1eeba r\u1ee5ng t\u00f3c d\u00e0nh cho nh\u1eefng ng\u01b0\u1eddi b\u1ecb r\u1ee5ng t\u00f3c, gi\u00fap t\u00f3c m\u1ecdc nhanh v\u00e0 nhi\u1ec1u h\u01a1n.\" \/>\n<meta property=\"og:url\" content=\"https:\/\/mauweb.tamnguyen.vn\/mypham05\/san-pham\/dau-goi-kich-thich-moc-toc-kaminomoto-m-shampoo\/\" \/>\n<meta property=\"og:site_name\" content=\"M\u1eabu web m\u1ef9 ph\u1ea9m\" \/>\n<meta property=\"article:modified_time\" content=\"2022-05-19T05:35:17+00:00\" \/>\n<meta property=\"og:image\" content=\"https:\/\/mauweb.tamnguyen.vn\/mypham05\/wp-content\/uploads\/2018\/05\/3.jpg\" \/>\n\t<meta property=\"og:image:width\" content=\"500\" \/>\n\t<meta property=\"og:image:height\" content=\"500\" \/>\n\t<meta property=\"og:image:type\" content=\"image\/jpeg\" \/>\n<meta name=\"twitter:card\" content=\"summary_large_image\" \/>\n<meta name=\"twitter:label1\" content=\"\u01af\u1edbc t\u00ednh th\u1eddi gian \u0111\u1ecdc\" \/>\n\t<meta name=\"twitter:data1\" content=\"2 ph\u00fat\" \/>\n<script type=\"application\/ld+json\" class=\"yoast-schema-graph\">{\"@context\":\"https:\\\/\\\/schema.org\",\"@graph\":[{\"@type\":\"WebPage\",\"@id\":\"https:\\\/\\\/mauweb.tamnguyen.vn\\\/mypham05\\\/san-pham\\\/dau-goi-kich-thich-moc-toc-kaminomoto-m-shampoo\\\/\",\"url\":\"https:\\\/\\\/mauweb.tamnguyen.vn\\\/mypham05\\\/san-pham\\\/dau-goi-kich-thich-moc-toc-kaminomoto-m-shampoo\\\/\",\"name\":\"D\u1ea7u g\u1ed9i k\u00edch th\u00edch m\u1ecdc t\u00f3c Kaminomoto M. Shampoo - M\u1eabu web m\u1ef9 ph\u1ea9m\",\"isPartOf\":{\"@id\":\"https:\\\/\\\/mauweb.tamnguyen.vn\\\/mypham05\\\/#website\"},\"primaryImageOfPage\":{\"@id\":\"https:\\\/\\\/mauweb.tamnguyen.vn\\\/mypham05\\\/san-pham\\\/dau-goi-kich-thich-moc-toc-kaminomoto-m-shampoo\\\/#primaryimage\"},\"image\":{\"@id\":\"https:\\\/\\\/mauweb.tamnguyen.vn\\\/mypham05\\\/san-pham\\\/dau-goi-kich-thich-moc-toc-kaminomoto-m-shampoo\\\/#primaryimage\"},\"thumbnailUrl\":\"https:\\\/\\\/mauweb.tamnguyen.vn\\\/mypham05\\\/wp-content\\\/uploads\\\/2018\\\/05\\\/3.jpg\",\"datePublished\":\"2018-05-10T04:12:05+00:00\",\"dateModified\":\"2022-05-19T05:35:17+00:00\",\"breadcrumb\":{\"@id\":\"https:\\\/\\\/mauweb.tamnguyen.vn\\\/mypham05\\\/san-pham\\\/dau-goi-kich-thich-moc-toc-kaminomoto-m-shampoo\\\/#breadcrumb\"},\"inLanguage\":\"vi\",\"potentialAction\":[{\"@type\":\"ReadAction\",\"target\":[\"https:\\\/\\\/mauweb.tamnguyen.vn\\\/mypham05\\\/san-pham\\\/dau-goi-kich-thich-moc-toc-kaminomoto-m-shampoo\\\/\"]}]},{\"@type\":\"ImageObject\",\"inLanguage\":\"vi\",\"@id\":\"https:\\\/\\\/mauweb.tamnguyen.vn\\\/mypham05\\\/san-pham\\\/dau-goi-kich-thich-moc-toc-kaminomoto-m-shampoo\\\/#primaryimage\",\"url\":\"https:\\\/\\\/mauweb.tamnguyen.vn\\\/mypham05\\\/wp-content\\\/uploads\\\/2018\\\/05\\\/3.jpg\",\"contentUrl\":\"https:\\\/\\\/mauweb.tamnguyen.vn\\\/mypham05\\\/wp-content\\\/uploads\\\/2018\\\/05\\\/3.jpg\",\"width\":500,\"height\":500},{\"@type\":\"BreadcrumbList\",\"@id\":\"https:\\\/\\\/mauweb.tamnguyen.vn\\\/mypham05\\\/san-pham\\\/dau-goi-kich-thich-moc-toc-kaminomoto-m-shampoo\\\/#breadcrumb\",\"itemListElement\":[{\"@type\":\"ListItem\",\"position\":1,\"name\":\"Trang ch\u1ee7\",\"item\":\"https:\\\/\\\/mauweb.tamnguyen.vn\\\/mypham05\\\/\"},{\"@type\":\"ListItem\",\"position\":2,\"name\":\"S\u1ea3n ph\u1ea9m\",\"item\":\"https:\\\/\\\/mauweb.tamnguyen.vn\\\/mypham05\\\/shop\\\/\"},{\"@type\":\"ListItem\",\"position\":3,\"name\":\"D\u1ea7u g\u1ed9i k\u00edch th\u00edch m\u1ecdc t\u00f3c Kaminomoto M. Shampoo\"}]},{\"@type\":\"WebSite\",\"@id\":\"https:\\\/\\\/mauweb.tamnguyen.vn\\\/mypham05\\\/#website\",\"url\":\"https:\\\/\\\/mauweb.tamnguyen.vn\\\/mypham05\\\/\",\"name\":\"M\u1eabu web m\u1ef9 ph\u1ea9m\",\"description\":\"D\u1ecbch v\u1ee5 thi\u1ebft k\u1ebf web uy t\u00edn\",\"potentialAction\":[{\"@type\":\"SearchAction\",\"target\":{\"@type\":\"EntryPoint\",\"urlTemplate\":\"https:\\\/\\\/mauweb.tamnguyen.vn\\\/mypham05\\\/?s={search_term_string}\"},\"query-input\":{\"@type\":\"PropertyValueSpecification\",\"valueRequired\":true,\"valueName\":\"search_term_string\"}}],\"inLanguage\":\"vi\"}]}<\/script>\n<!-- \/ Yoast SEO plugin. -->","yoast_head_json":{"title":"D\u1ea7u g\u1ed9i k\u00edch th\u00edch m\u1ecdc t\u00f3c Kaminomoto M. Shampoo - M\u1eabu web m\u1ef9 ph\u1ea9m","robots":{"index":"noindex","follow":"follow","max-snippet":"max-snippet:-1","max-image-preview":"max-image-preview:large","max-video-preview":"max-video-preview:-1"},"og_locale":"vi_VN","og_type":"article","og_title":"D\u1ea7u g\u1ed9i k\u00edch th\u00edch m\u1ecdc t\u00f3c Kaminomoto M. Shampoo - M\u1eabu web m\u1ef9 ph\u1ea9m","og_description":"B\u1ed9 d\u1ea7u g\u1ed9i, d\u1ea7u x\u1ea3 Kaminomoto Medicated Shampoo Nh\u1eadt B\u1ea3n\u00a0gi\u00fap k\u00edch th\u00edch m\u1ecdc t\u00f3c v\u00e0 ng\u0103n ng\u1eeba r\u1ee5ng t\u00f3c d\u00e0nh cho nh\u1eefng ng\u01b0\u1eddi b\u1ecb r\u1ee5ng t\u00f3c, gi\u00fap t\u00f3c m\u1ecdc nhanh v\u00e0 nhi\u1ec1u h\u01a1n.","og_url":"https:\/\/mauweb.tamnguyen.vn\/mypham05\/san-pham\/dau-goi-kich-thich-moc-toc-kaminomoto-m-shampoo\/","og_site_name":"M\u1eabu web m\u1ef9 ph\u1ea9m","article_modified_time":"2022-05-19T05:35:17+00:00","og_image":[{"width":500,"height":500,"url":"https:\/\/mauweb.tamnguyen.vn\/mypham05\/wp-content\/uploads\/2018\/05\/3.jpg","type":"image\/jpeg"}],"twitter_card":"summary_large_image","twitter_misc":{"\u01af\u1edbc t\u00ednh th\u1eddi gian \u0111\u1ecdc":"2 ph\u00fat"},"schema":{"@context":"https:\/\/schema.org","@graph":[{"@type":"WebPage","@id":"https:\/\/mauweb.tamnguyen.vn\/mypham05\/san-pham\/dau-goi-kich-thich-moc-toc-kaminomoto-m-shampoo\/","url":"https:\/\/mauweb.tamnguyen.vn\/mypham05\/san-pham\/dau-goi-kich-thich-moc-toc-kaminomoto-m-shampoo\/","name":"D\u1ea7u g\u1ed9i k\u00edch th\u00edch m\u1ecdc t\u00f3c Kaminomoto M. Shampoo - M\u1eabu web m\u1ef9 ph\u1ea9m","isPartOf":{"@id":"https:\/\/mauweb.tamnguyen.vn\/mypham05\/#website"},"primaryImageOfPage":{"@id":"https:\/\/mauweb.tamnguyen.vn\/mypham05\/san-pham\/dau-goi-kich-thich-moc-toc-kaminomoto-m-shampoo\/#primaryimage"},"image":{"@id":"https:\/\/mauweb.tamnguyen.vn\/mypham05\/san-pham\/dau-goi-kich-thich-moc-toc-kaminomoto-m-shampoo\/#primaryimage"},"thumbnailUrl":"https:\/\/mauweb.tamnguyen.vn\/mypham05\/wp-content\/uploads\/2018\/05\/3.jpg","datePublished":"2018-05-10T04:12:05+00:00","dateModified":"2022-05-19T05:35:17+00:00","breadcrumb":{"@id":"https:\/\/mauweb.tamnguyen.vn\/mypham05\/san-pham\/dau-goi-kich-thich-moc-toc-kaminomoto-m-shampoo\/#breadcrumb"},"inLanguage":"vi","potentialAction":[{"@type":"ReadAction","target":["https:\/\/mauweb.tamnguyen.vn\/mypham05\/san-pham\/dau-goi-kich-thich-moc-toc-kaminomoto-m-shampoo\/"]}]},{"@type":"ImageObject","inLanguage":"vi","@id":"https:\/\/mauweb.tamnguyen.vn\/mypham05\/san-pham\/dau-goi-kich-thich-moc-toc-kaminomoto-m-shampoo\/#primaryimage","url":"https:\/\/mauweb.tamnguyen.vn\/mypham05\/wp-content\/uploads\/2018\/05\/3.jpg","contentUrl":"https:\/\/mauweb.tamnguyen.vn\/mypham05\/wp-content\/uploads\/2018\/05\/3.jpg","width":500,"height":500},{"@type":"BreadcrumbList","@id":"https:\/\/mauweb.tamnguyen.vn\/mypham05\/san-pham\/dau-goi-kich-thich-moc-toc-kaminomoto-m-shampoo\/#breadcrumb","itemListElement":[{"@type":"ListItem","position":1,"name":"Trang ch\u1ee7","item":"https:\/\/mauweb.tamnguyen.vn\/mypham05\/"},{"@type":"ListItem","position":2,"name":"S\u1ea3n ph\u1ea9m","item":"https:\/\/mauweb.tamnguyen.vn\/mypham05\/shop\/"},{"@type":"ListItem","position":3,"name":"D\u1ea7u g\u1ed9i k\u00edch th\u00edch m\u1ecdc t\u00f3c Kaminomoto M. Shampoo"}]},{"@type":"WebSite","@id":"https:\/\/mauweb.tamnguyen.vn\/mypham05\/#website","url":"https:\/\/mauweb.tamnguyen.vn\/mypham05\/","name":"M\u1eabu web m\u1ef9 ph\u1ea9m","description":"D\u1ecbch v\u1ee5 thi\u1ebft k\u1ebf web uy t\u00edn","potentialAction":[{"@type":"SearchAction","target":{"@type":"EntryPoint","urlTemplate":"https:\/\/mauweb.tamnguyen.vn\/mypham05\/?s={search_term_string}"},"query-input":{"@type":"PropertyValueSpecification","valueRequired":true,"valueName":"search_term_string"}}],"inLanguage":"vi"}]}},"_links":{"self":[{"href":"https:\/\/mauweb.tamnguyen.vn\/mypham05\/wp-json\/wp\/v2\/product\/397","targetHints":{"allow":["GET"]}}],"collection":[{"href":"https:\/\/mauweb.tamnguyen.vn\/mypham05\/wp-json\/wp\/v2\/product"}],"about":[{"href":"https:\/\/mauweb.tamnguyen.vn\/mypham05\/wp-json\/wp\/v2\/types\/product"}],"replies":[{"embeddable":true,"href":"https:\/\/mauweb.tamnguyen.vn\/mypham05\/wp-json\/wp\/v2\/comments?post=397"}],"wp:featuredmedia":[{"embeddable":true,"href":"https:\/\/mauweb.tamnguyen.vn\/mypham05\/wp-json\/wp\/v2\/media\/451"}],"wp:attachment":[{"href":"https:\/\/mauweb.tamnguyen.vn\/mypham05\/wp-json\/wp\/v2\/media?parent=397"}],"wp:term":[{"taxonomy":"product_brand","embeddable":true,"href":"https:\/\/mauweb.tamnguyen.vn\/mypham05\/wp-json\/wp\/v2\/product_brand?post=397"},{"taxonomy":"product_cat","embeddable":true,"href":"https:\/\/mauweb.tamnguyen.vn\/mypham05\/wp-json\/wp\/v2\/product_cat?post=397"},{"taxonomy":"product_tag","embeddable":true,"href":"https:\/\/mauweb.tamnguyen.vn\/mypham05\/wp-json\/wp\/v2\/product_tag?post=397"}],"curies":[{"name":"wp","href":"https:\/\/api.w.org\/{rel}","templated":true}]}}