{"id":175,"date":"2022-05-19T11:35:21","date_gmt":"2022-05-19T04:35:21","guid":{"rendered":"http:\/\/mypham.themevivu.site\/?post_type=product&#038;p=175"},"modified":"2022-05-19T11:38:37","modified_gmt":"2022-05-19T04:38:37","slug":"kem-chong-nang-han-quoc-yhl","status":"publish","type":"product","link":"https:\/\/mauweb.tamnguyen.vn\/mypham05\/san-pham\/kem-chong-nang-han-quoc-yhl\/","title":{"rendered":"Kem ch\u1ed1ng n\u1eafng H\u00e0n Qu\u1ed1c YHL"},"content":{"rendered":"<p>Kem ch\u1ed1ng n\u1eafng H\u00e0n Qu\u1ed1c YHL v\u1edbi ch\u1ec9 s\u1ed1 ch\u1ed1ng n\u1eafng v\u01b0\u1ee3t tr\u1ed9i l\u00ean \u0111\u1ebfn SPF 50 v\u00e0 PA++++ v\u00e0 kh\u1ea3 n\u0103ng d\u01b0\u1ee1ng \u1ea9m t\u1ed1t, gi\u00fap da m\u1ec1m m\u1ea1i, kh\u00f4ng b\u1ebft d\u00ednh.<\/p>\n<div id=\"nav-mota\" class=\"product-info-section\">\n<p>Kem ch\u1ed1ng n\u1eafng H\u00e0n Qu\u1ed1c YHL v\u1edbi ch\u1ec9 s\u1ed1 ch\u1ed1ng n\u1eafng l\u00ean \u0111\u1ebfn SPF 50 v\u00e0 PA++++ b\u1ea3o v\u1ec7 t\u1ed1i \u01b0u cho l\u00e0n da tr\u01b0\u1edbc t\u00e1c h\u1ea1i t\u1eeb tia UV. Ngo\u00e0i ra, kem ch\u1ed1ng n\u1eafng c\u00f2n c\u00f3 ch\u1ee9c n\u0103ng d\u01b0\u1ee1ng \u1ea9m v\u01b0\u1ee3t tr\u1ed9i, gi\u00fap da m\u1ec1m m\u1ea1i, m\u1ecbn m\u00e0ng, kh\u00f4ng b\u1ebft d\u00ednh, kh\u00f4ng l\u00e0m kh\u00f4 da.<\/p>\n<p><strong>C\u00f4ng d\u1ee5ng:<\/strong><\/p>\n<ul>\n<li>S\u1ea3n ph\u1ea9m kem ch\u1ed1ng n\u1eafng gi\u00fap ch\u1ed1ng n\u1eafng v\u00e0 d\u01b0\u1ee1ng \u1ea9m cho da.<\/li>\n<li>Ch\u1ec9 s\u1ed1 ch\u1ed1ng n\u1eafng SPF50 PA++++<\/li>\n<\/ul>\n<p><strong>Th\u00e0nh ph\u1ea7n:<\/strong><\/p>\n<ul>\n<li>Axit hyaluronic<\/li>\n<li>Chi\u1ebft xu\u1ea5t rau m\u00e1<\/li>\n<li>Vitamin-E<\/li>\n<li>Lecithin \u0111\u1eadu n\u00e0nh<\/li>\n<li>Beta-Glucan,\u2026<\/li>\n<\/ul>\n<p><strong>\u01afu \u0111i\u1ec3m:<\/strong><\/p>\n<ul>\n<li>Kh\u00f4ng tr\u1eafng b\u1ec7ch, kh\u00f4ng b\u1ebft d\u00ednh<\/li>\n<li>Kh\u1ea3 n\u0103ng th\u1ea9m th\u1ea5u nhanh, gi\u00fap da m\u1ec1m m\u1ea1i<\/li>\n<li>Khi s\u1eed d\u1ee5ng, c\u00f3 c\u1ea3m gi\u00e1c m\u00e1t l\u1ea1nh, d\u1ec5 ch\u1ecbu tr\u00ean da<\/li>\n<\/ul>\n<p><img loading=\"lazy\" decoding=\"async\" class=\"alignnone size-full wp-image-5692 aligncenter lazyloaded\" src=\"https:\/\/yhl.com.vn\/wp-content\/uploads\/2022\/02\/KEM-CHONG-NANG-HAN-QUOC-OP3-720x900-3.png\" sizes=\"auto, (max-width: 720px) 100vw, 720px\" srcset=\"https:\/\/yhl.com.vn\/wp-content\/uploads\/2022\/02\/KEM-CHONG-NANG-HAN-QUOC-OP3-720x900-3.png 720w, https:\/\/yhl.com.vn\/wp-content\/uploads\/2022\/02\/KEM-CHONG-NANG-HAN-QUOC-OP3-720x900-3-440x550.png 440w\" alt=\"\" width=\"720\" height=\"900\" data-srcset=\"https:\/\/yhl.com.vn\/wp-content\/uploads\/2022\/02\/KEM-CHONG-NANG-HAN-QUOC-OP3-720x900-3.png 720w, https:\/\/yhl.com.vn\/wp-content\/uploads\/2022\/02\/KEM-CHONG-NANG-HAN-QUOC-OP3-720x900-3-440x550.png 440w\" data-src=\"https:\/\/yhl.com.vn\/wp-content\/uploads\/2022\/02\/KEM-CHONG-NANG-HAN-QUOC-OP3-720x900-3.png\" data-sizes=\"(max-width: 720px) 100vw, 720px\" \/><\/p>\n<p><span style=\"color: #333333;\">C\u00c1CH S\u1eec D\u1ee4NG<\/span><\/p>\n<\/div>\n<div id=\"nav-kq\" class=\"product-info-section\">\n<p>L\u1ea5y m\u1ed9t l\u01b0\u1ee3ng kem th\u00edch h\u1ee3p cho v\u00e0o tay, sau \u0111\u00f3 thoa \u0111\u1ec1u l\u00ean v\u00f9ng da m\u1eb7t v\u00e0 c\u1ed5.<\/p>\n<\/div>\n<div id=\"nav-sd\" class=\"product-info-section\">\n<p><span class=\"pis-ttl\">H\u01af\u1edaNG D\u1eaaN B\u1ea2O QU\u1ea2N<\/span><\/p>\n<ul>\n<li>\u0110\u1eady n\u1eafp sau khi s\u1eed d\u1ee5ng.<\/li>\n<li>B\u1ea3o qu\u1ea3n n\u01a1i kh\u00f4 tho\u00e1ng m\u00e1t.<\/li>\n<li>Kh\u00f4ng b\u1ea3o qu\u1ea3n n\u01a1i c\u00f3 nhi\u1ec7t \u0111\u1ed9 qu\u00e1 cao ho\u1eb7c qu\u00e1 th\u1ea5p, n\u01a1i c\u00f3 \u00e1nh s\u00e1ng tr\u1ef1c ti\u1ebfp.<\/li>\n<\/ul>\n<\/div>\n","protected":false},"excerpt":{"rendered":"<p>Kem ch\u1ed1ng n\u1eafng H\u00e0n Qu\u1ed1c YHL v\u1edbi ch\u1ec9 s\u1ed1 ch\u1ed1ng n\u1eafng v\u01b0\u1ee3t tr\u1ed9i l\u00ean \u0111\u1ebfn SPF 50 v\u00e0 PA++++ v\u00e0 kh\u1ea3 n\u0103ng d\u01b0\u1ee1ng \u1ea9m t\u1ed1t, gi\u00fap da m\u1ec1m m\u1ea1i, kh\u00f4ng b\u1ebft d\u00ednh.<\/p>\n","protected":false},"featured_media":176,"comment_status":"open","ping_status":"closed","template":"","meta":[],"product_brand":[],"product_cat":[28,21,22,32,37,43,41,15],"product_tag":[],"class_list":{"0":"post-175","1":"product","2":"type-product","3":"status-publish","4":"has-post-thumbnail","6":"product_cat-cham-soc-co-the","7":"product_cat-cham-soc-da","8":"product_cat-chong-nang","9":"product_cat-duong-da-chuyen-biet","10":"product_cat-san-pham-chuyen-sau","11":"product_cat-thuc-pham-bo-sung","12":"product_cat-thuc-pham-chuc-nang","13":"product_cat-trang-diem","14":"pa_dung-tich-100ml","15":"pa_san-xuat-han-quoc","16":"pa_thuong-hieu-yhl","17":"pa_xuat-xu-han-quoc","19":"first","20":"instock","21":"sale","22":"shipping-taxable","23":"purchasable","24":"product-type-simple"},"yoast_head":"<!-- This site is optimized with the Yoast SEO plugin v27.5 - https:\/\/yoast.com\/product\/yoast-seo-wordpress\/ -->\n<title>Kem ch\u1ed1ng n\u1eafng H\u00e0n Qu\u1ed1c YHL - M\u1eabu web m\u1ef9 ph\u1ea9m<\/title>\n<meta name=\"robots\" content=\"noindex, follow, max-snippet:-1, max-image-preview:large, max-video-preview:-1\" \/>\n<meta property=\"og:locale\" content=\"vi_VN\" \/>\n<meta property=\"og:type\" content=\"article\" \/>\n<meta property=\"og:title\" content=\"Kem ch\u1ed1ng n\u1eafng H\u00e0n Qu\u1ed1c YHL - M\u1eabu web m\u1ef9 ph\u1ea9m\" \/>\n<meta property=\"og:description\" content=\"Kem ch\u1ed1ng n\u1eafng H\u00e0n Qu\u1ed1c YHL v\u1edbi ch\u1ec9 s\u1ed1 ch\u1ed1ng n\u1eafng v\u01b0\u1ee3t tr\u1ed9i l\u00ean \u0111\u1ebfn SPF 50 v\u00e0 PA++++ v\u00e0 kh\u1ea3 n\u0103ng d\u01b0\u1ee1ng \u1ea9m t\u1ed1t, gi\u00fap da m\u1ec1m m\u1ea1i, kh\u00f4ng b\u1ebft d\u00ednh.\" \/>\n<meta property=\"og:url\" content=\"https:\/\/mauweb.tamnguyen.vn\/mypham05\/san-pham\/kem-chong-nang-han-quoc-yhl\/\" \/>\n<meta property=\"og:site_name\" content=\"M\u1eabu web m\u1ef9 ph\u1ea9m\" \/>\n<meta property=\"article:modified_time\" content=\"2022-05-19T04:38:37+00:00\" \/>\n<meta property=\"og:image\" content=\"https:\/\/mauweb.tamnguyen.vn\/mypham05\/wp-content\/uploads\/2022\/05\/Kem-chong-nang-Han-Quoc-YHL.jpg\" \/>\n\t<meta property=\"og:image:width\" content=\"1800\" \/>\n\t<meta property=\"og:image:height\" content=\"1800\" \/>\n\t<meta property=\"og:image:type\" content=\"image\/jpeg\" \/>\n<meta name=\"twitter:card\" content=\"summary_large_image\" \/>\n<meta name=\"twitter:label1\" content=\"\u01af\u1edbc t\u00ednh th\u1eddi gian \u0111\u1ecdc\" \/>\n\t<meta name=\"twitter:data1\" content=\"2 ph\u00fat\" \/>\n<script type=\"application\/ld+json\" class=\"yoast-schema-graph\">{\"@context\":\"https:\\\/\\\/schema.org\",\"@graph\":[{\"@type\":\"WebPage\",\"@id\":\"https:\\\/\\\/mauweb.tamnguyen.vn\\\/mypham05\\\/san-pham\\\/kem-chong-nang-han-quoc-yhl\\\/\",\"url\":\"https:\\\/\\\/mauweb.tamnguyen.vn\\\/mypham05\\\/san-pham\\\/kem-chong-nang-han-quoc-yhl\\\/\",\"name\":\"Kem ch\u1ed1ng n\u1eafng H\u00e0n Qu\u1ed1c YHL - M\u1eabu web m\u1ef9 ph\u1ea9m\",\"isPartOf\":{\"@id\":\"https:\\\/\\\/mauweb.tamnguyen.vn\\\/mypham05\\\/#website\"},\"primaryImageOfPage\":{\"@id\":\"https:\\\/\\\/mauweb.tamnguyen.vn\\\/mypham05\\\/san-pham\\\/kem-chong-nang-han-quoc-yhl\\\/#primaryimage\"},\"image\":{\"@id\":\"https:\\\/\\\/mauweb.tamnguyen.vn\\\/mypham05\\\/san-pham\\\/kem-chong-nang-han-quoc-yhl\\\/#primaryimage\"},\"thumbnailUrl\":\"https:\\\/\\\/mauweb.tamnguyen.vn\\\/mypham05\\\/wp-content\\\/uploads\\\/2022\\\/05\\\/Kem-chong-nang-Han-Quoc-YHL.jpg\",\"datePublished\":\"2022-05-19T04:35:21+00:00\",\"dateModified\":\"2022-05-19T04:38:37+00:00\",\"breadcrumb\":{\"@id\":\"https:\\\/\\\/mauweb.tamnguyen.vn\\\/mypham05\\\/san-pham\\\/kem-chong-nang-han-quoc-yhl\\\/#breadcrumb\"},\"inLanguage\":\"vi\",\"potentialAction\":[{\"@type\":\"ReadAction\",\"target\":[\"https:\\\/\\\/mauweb.tamnguyen.vn\\\/mypham05\\\/san-pham\\\/kem-chong-nang-han-quoc-yhl\\\/\"]}]},{\"@type\":\"ImageObject\",\"inLanguage\":\"vi\",\"@id\":\"https:\\\/\\\/mauweb.tamnguyen.vn\\\/mypham05\\\/san-pham\\\/kem-chong-nang-han-quoc-yhl\\\/#primaryimage\",\"url\":\"https:\\\/\\\/mauweb.tamnguyen.vn\\\/mypham05\\\/wp-content\\\/uploads\\\/2022\\\/05\\\/Kem-chong-nang-Han-Quoc-YHL.jpg\",\"contentUrl\":\"https:\\\/\\\/mauweb.tamnguyen.vn\\\/mypham05\\\/wp-content\\\/uploads\\\/2022\\\/05\\\/Kem-chong-nang-Han-Quoc-YHL.jpg\",\"width\":1800,\"height\":1800},{\"@type\":\"BreadcrumbList\",\"@id\":\"https:\\\/\\\/mauweb.tamnguyen.vn\\\/mypham05\\\/san-pham\\\/kem-chong-nang-han-quoc-yhl\\\/#breadcrumb\",\"itemListElement\":[{\"@type\":\"ListItem\",\"position\":1,\"name\":\"Trang ch\u1ee7\",\"item\":\"https:\\\/\\\/mauweb.tamnguyen.vn\\\/mypham05\\\/\"},{\"@type\":\"ListItem\",\"position\":2,\"name\":\"S\u1ea3n ph\u1ea9m\",\"item\":\"https:\\\/\\\/mauweb.tamnguyen.vn\\\/mypham05\\\/shop\\\/\"},{\"@type\":\"ListItem\",\"position\":3,\"name\":\"Kem ch\u1ed1ng n\u1eafng H\u00e0n Qu\u1ed1c YHL\"}]},{\"@type\":\"WebSite\",\"@id\":\"https:\\\/\\\/mauweb.tamnguyen.vn\\\/mypham05\\\/#website\",\"url\":\"https:\\\/\\\/mauweb.tamnguyen.vn\\\/mypham05\\\/\",\"name\":\"M\u1eabu web m\u1ef9 ph\u1ea9m\",\"description\":\"D\u1ecbch v\u1ee5 thi\u1ebft k\u1ebf web uy t\u00edn\",\"potentialAction\":[{\"@type\":\"SearchAction\",\"target\":{\"@type\":\"EntryPoint\",\"urlTemplate\":\"https:\\\/\\\/mauweb.tamnguyen.vn\\\/mypham05\\\/?s={search_term_string}\"},\"query-input\":{\"@type\":\"PropertyValueSpecification\",\"valueRequired\":true,\"valueName\":\"search_term_string\"}}],\"inLanguage\":\"vi\"}]}<\/script>\n<!-- \/ Yoast SEO plugin. -->","yoast_head_json":{"title":"Kem ch\u1ed1ng n\u1eafng H\u00e0n Qu\u1ed1c YHL - M\u1eabu web m\u1ef9 ph\u1ea9m","robots":{"index":"noindex","follow":"follow","max-snippet":"max-snippet:-1","max-image-preview":"max-image-preview:large","max-video-preview":"max-video-preview:-1"},"og_locale":"vi_VN","og_type":"article","og_title":"Kem ch\u1ed1ng n\u1eafng H\u00e0n Qu\u1ed1c YHL - M\u1eabu web m\u1ef9 ph\u1ea9m","og_description":"Kem ch\u1ed1ng n\u1eafng H\u00e0n Qu\u1ed1c YHL v\u1edbi ch\u1ec9 s\u1ed1 ch\u1ed1ng n\u1eafng v\u01b0\u1ee3t tr\u1ed9i l\u00ean \u0111\u1ebfn SPF 50 v\u00e0 PA++++ v\u00e0 kh\u1ea3 n\u0103ng d\u01b0\u1ee1ng \u1ea9m t\u1ed1t, gi\u00fap da m\u1ec1m m\u1ea1i, kh\u00f4ng b\u1ebft d\u00ednh.","og_url":"https:\/\/mauweb.tamnguyen.vn\/mypham05\/san-pham\/kem-chong-nang-han-quoc-yhl\/","og_site_name":"M\u1eabu web m\u1ef9 ph\u1ea9m","article_modified_time":"2022-05-19T04:38:37+00:00","og_image":[{"width":1800,"height":1800,"url":"https:\/\/mauweb.tamnguyen.vn\/mypham05\/wp-content\/uploads\/2022\/05\/Kem-chong-nang-Han-Quoc-YHL.jpg","type":"image\/jpeg"}],"twitter_card":"summary_large_image","twitter_misc":{"\u01af\u1edbc t\u00ednh th\u1eddi gian \u0111\u1ecdc":"2 ph\u00fat"},"schema":{"@context":"https:\/\/schema.org","@graph":[{"@type":"WebPage","@id":"https:\/\/mauweb.tamnguyen.vn\/mypham05\/san-pham\/kem-chong-nang-han-quoc-yhl\/","url":"https:\/\/mauweb.tamnguyen.vn\/mypham05\/san-pham\/kem-chong-nang-han-quoc-yhl\/","name":"Kem ch\u1ed1ng n\u1eafng H\u00e0n Qu\u1ed1c YHL - M\u1eabu web m\u1ef9 ph\u1ea9m","isPartOf":{"@id":"https:\/\/mauweb.tamnguyen.vn\/mypham05\/#website"},"primaryImageOfPage":{"@id":"https:\/\/mauweb.tamnguyen.vn\/mypham05\/san-pham\/kem-chong-nang-han-quoc-yhl\/#primaryimage"},"image":{"@id":"https:\/\/mauweb.tamnguyen.vn\/mypham05\/san-pham\/kem-chong-nang-han-quoc-yhl\/#primaryimage"},"thumbnailUrl":"https:\/\/mauweb.tamnguyen.vn\/mypham05\/wp-content\/uploads\/2022\/05\/Kem-chong-nang-Han-Quoc-YHL.jpg","datePublished":"2022-05-19T04:35:21+00:00","dateModified":"2022-05-19T04:38:37+00:00","breadcrumb":{"@id":"https:\/\/mauweb.tamnguyen.vn\/mypham05\/san-pham\/kem-chong-nang-han-quoc-yhl\/#breadcrumb"},"inLanguage":"vi","potentialAction":[{"@type":"ReadAction","target":["https:\/\/mauweb.tamnguyen.vn\/mypham05\/san-pham\/kem-chong-nang-han-quoc-yhl\/"]}]},{"@type":"ImageObject","inLanguage":"vi","@id":"https:\/\/mauweb.tamnguyen.vn\/mypham05\/san-pham\/kem-chong-nang-han-quoc-yhl\/#primaryimage","url":"https:\/\/mauweb.tamnguyen.vn\/mypham05\/wp-content\/uploads\/2022\/05\/Kem-chong-nang-Han-Quoc-YHL.jpg","contentUrl":"https:\/\/mauweb.tamnguyen.vn\/mypham05\/wp-content\/uploads\/2022\/05\/Kem-chong-nang-Han-Quoc-YHL.jpg","width":1800,"height":1800},{"@type":"BreadcrumbList","@id":"https:\/\/mauweb.tamnguyen.vn\/mypham05\/san-pham\/kem-chong-nang-han-quoc-yhl\/#breadcrumb","itemListElement":[{"@type":"ListItem","position":1,"name":"Trang ch\u1ee7","item":"https:\/\/mauweb.tamnguyen.vn\/mypham05\/"},{"@type":"ListItem","position":2,"name":"S\u1ea3n ph\u1ea9m","item":"https:\/\/mauweb.tamnguyen.vn\/mypham05\/shop\/"},{"@type":"ListItem","position":3,"name":"Kem ch\u1ed1ng n\u1eafng H\u00e0n Qu\u1ed1c YHL"}]},{"@type":"WebSite","@id":"https:\/\/mauweb.tamnguyen.vn\/mypham05\/#website","url":"https:\/\/mauweb.tamnguyen.vn\/mypham05\/","name":"M\u1eabu web m\u1ef9 ph\u1ea9m","description":"D\u1ecbch v\u1ee5 thi\u1ebft k\u1ebf web uy t\u00edn","potentialAction":[{"@type":"SearchAction","target":{"@type":"EntryPoint","urlTemplate":"https:\/\/mauweb.tamnguyen.vn\/mypham05\/?s={search_term_string}"},"query-input":{"@type":"PropertyValueSpecification","valueRequired":true,"valueName":"search_term_string"}}],"inLanguage":"vi"}]}},"_links":{"self":[{"href":"https:\/\/mauweb.tamnguyen.vn\/mypham05\/wp-json\/wp\/v2\/product\/175","targetHints":{"allow":["GET"]}}],"collection":[{"href":"https:\/\/mauweb.tamnguyen.vn\/mypham05\/wp-json\/wp\/v2\/product"}],"about":[{"href":"https:\/\/mauweb.tamnguyen.vn\/mypham05\/wp-json\/wp\/v2\/types\/product"}],"replies":[{"embeddable":true,"href":"https:\/\/mauweb.tamnguyen.vn\/mypham05\/wp-json\/wp\/v2\/comments?post=175"}],"wp:featuredmedia":[{"embeddable":true,"href":"https:\/\/mauweb.tamnguyen.vn\/mypham05\/wp-json\/wp\/v2\/media\/176"}],"wp:attachment":[{"href":"https:\/\/mauweb.tamnguyen.vn\/mypham05\/wp-json\/wp\/v2\/media?parent=175"}],"wp:term":[{"taxonomy":"product_brand","embeddable":true,"href":"https:\/\/mauweb.tamnguyen.vn\/mypham05\/wp-json\/wp\/v2\/product_brand?post=175"},{"taxonomy":"product_cat","embeddable":true,"href":"https:\/\/mauweb.tamnguyen.vn\/mypham05\/wp-json\/wp\/v2\/product_cat?post=175"},{"taxonomy":"product_tag","embeddable":true,"href":"https:\/\/mauweb.tamnguyen.vn\/mypham05\/wp-json\/wp\/v2\/product_tag?post=175"}],"curies":[{"name":"wp","href":"https:\/\/api.w.org\/{rel}","templated":true}]}}