{"id":64,"date":"2022-05-18T23:12:03","date_gmt":"2022-05-18T16:12:03","guid":{"rendered":"http:\/\/mypham.themevivu.site\/?page_id=64"},"modified":"2022-05-20T18:04:14","modified_gmt":"2022-05-20T11:04:14","slug":"he-thong","status":"publish","type":"page","link":"https:\/\/mauweb.tamnguyen.vn\/mypham05\/he-thong\/","title":{"rendered":"H\u1ec7 th\u1ed1ng"},"content":{"rendered":"\t<section class=\"section lien-he-1 dark\" id=\"section_416127492\">\n\t\t<div class=\"bg section-bg fill bg-fill  bg-loaded\" >\n\n\t\t\t\n\t\t\t\n\t\t\t\n\n\t\t<\/div>\n\n\t\t\n\n\t\t<div class=\"section-content relative\">\n\t\t\t\n<div class=\"row\"  id=\"row-734223568\">\n\n\t<div id=\"col-932573479\" class=\"col small-12 large-12\"  >\n\t\t\t\t<div class=\"col-inner\"  >\n\t\t\t\n\t\t\t\n<span><span><a href=\"https:\/\/mauweb.tamnguyen.vn\/mypham05\/\">Trang ch\u1ee7<\/a><\/span><\/span>\n<h2><span style=\"font-size: 150%;\">H\u1ec6 TH\u1ed0NG<\/span><\/h2>\n<p><span style=\"color: #ffffff;\">YHL hi\u1ec7n \u0111ang c\u00f3 m\u1eb7t t\u1ea1i 10 showroom tr\u00ean to\u00e0n qu\u1ed1c.<\/span><br \/><span style=\"color: #ffffff;\">Ch\u1ecdn showroom g\u1ea7n nh\u1ea5t \u0111\u1ec3 ti\u1ec7n mua s\u1eafm v\u00e0 c\u00f3 tr\u1ea3i nghi\u1ec7m d\u1ecbch v\u1ee5 t\u1ed1t h\u01a1n!<\/span><\/p>\n\t\t<\/div>\n\t\t\t\t\t<\/div>\n\n\t\n<\/div>\n\t\t<\/div>\n\n\t\t\n<style>\n#section_416127492 {\n  padding-top: 30px;\n  padding-bottom: 30px;\n  background-color: rgb(255, 255, 255);\n}\n#section_416127492 .ux-shape-divider--top svg {\n  height: 150px;\n  --divider-top-width: 100%;\n}\n#section_416127492 .ux-shape-divider--bottom svg {\n  height: 150px;\n  --divider-width: 100%;\n}\n<\/style>\n\t<\/section>\n\t\n<div class=\"row he-thong-2\"  id=\"row-509763590\">\n\n\t<div id=\"col-295509380\" class=\"col medium-6 small-12 large-6\"  >\n\t\t\t\t<div class=\"col-inner\"  >\n\t\t\t\n\t\t\t\n\n\t\t<div class=\"icon-box featured-box icon-box-left text-left\"  >\n\t\t\t\t\t<div class=\"icon-box-img\" style=\"width: 40px\">\n\t\t\t\t<div class=\"icon\">\n\t\t\t\t\t<div class=\"icon-inner\" >\n\t\t\t\t\t\t<img loading=\"lazy\" decoding=\"async\" width=\"32\" height=\"32\" src=\"https:\/\/mauweb.tamnguyen.vn\/mypham05\/wp-content\/uploads\/2022\/05\/map-pin.png\" class=\"attachment-medium size-medium\" alt=\"\" \/>\t\t\t\t\t<\/div>\n\t\t\t\t<\/div>\n\t\t\t<\/div>\n\t\t\t\t<div class=\"icon-box-text last-reset\">\n\t\t\t\t\t\t\t\t\t\n<h3>M\u1ef9 ph\u1ea9m ABC \u2013 459 C\u00e1ch M\u1ea1ng Th\u00e1ng 8 (S\u1eafp khai tr\u01b0\u01a1ng)<\/h3>\n<p><span style=\"font-size: 90%; color: #808080;\">459 C\u00e1ch M\u1ea1ng Th\u00e1ng 8, Ph\u01b0\u1eddng 13, Qu\u1eadn 10, TP.HCM<\/span><\/p>\n\t\t<\/div>\n\t<\/div>\n\t\n\t\n\n\t\t<div class=\"icon-box featured-box icon-box-left text-left\"  >\n\t\t\t\t\t<div class=\"icon-box-img\" style=\"width: 40px\">\n\t\t\t\t<div class=\"icon\">\n\t\t\t\t\t<div class=\"icon-inner\" >\n\t\t\t\t\t\t<img loading=\"lazy\" decoding=\"async\" width=\"32\" height=\"32\" src=\"https:\/\/mauweb.tamnguyen.vn\/mypham05\/wp-content\/uploads\/2022\/05\/map-pin.png\" class=\"attachment-medium size-medium\" alt=\"\" \/>\t\t\t\t\t<\/div>\n\t\t\t\t<\/div>\n\t\t\t<\/div>\n\t\t\t\t<div class=\"icon-box-text last-reset\">\n\t\t\t\t\t\t\t\t\t\n<h3>M\u1ef9 ph\u1ea9m ABC- G\u00f2 V\u1ea5p<\/h3>\n<p><span style=\"color: #808080; font-size: 90%;\">431 Quang Trung, Ph\u01b0\u1eddng 10, Qu\u1eadn G\u00f2 V\u1ea5p, TP.HCM<\/span><\/p>\n\t\t<\/div>\n\t<\/div>\n\t\n\t\n\n\t\t<div class=\"icon-box featured-box icon-box-left text-left\"  >\n\t\t\t\t\t<div class=\"icon-box-img\" style=\"width: 40px\">\n\t\t\t\t<div class=\"icon\">\n\t\t\t\t\t<div class=\"icon-inner\" >\n\t\t\t\t\t\t<img loading=\"lazy\" decoding=\"async\" width=\"32\" height=\"32\" src=\"https:\/\/mauweb.tamnguyen.vn\/mypham05\/wp-content\/uploads\/2022\/05\/map-pin.png\" class=\"attachment-medium size-medium\" alt=\"\" \/>\t\t\t\t\t<\/div>\n\t\t\t\t<\/div>\n\t\t\t<\/div>\n\t\t\t\t<div class=\"icon-box-text last-reset\">\n\t\t\t\t\t\t\t\t\t\n<h3>Star Shop \u2013 91 Nguy\u1ec5n Tr\u00e3i<\/h3>\n<p><span style=\"color: #808080; font-size: 90%;\">91 Nguy\u1ec5n Tr\u00e3i, Ph\u01b0\u1eddng B\u1ebfn Th\u00e0nh, Qu\u1eadn 1, TP.HCM<\/span><\/p>\n\t\t<\/div>\n\t<\/div>\n\t\n\t\n\t\t<\/div>\n\t\t\t\t\t<\/div>\n\n\t\n\n\t<div id=\"col-1408863764\" class=\"col medium-6 small-12 large-6\"  >\n\t\t\t\t<div class=\"col-inner\"  >\n\t\t\t\n\t\t\t\n\n\t\t<div class=\"icon-box featured-box icon-box-left text-left\"  >\n\t\t\t\t\t<div class=\"icon-box-img\" style=\"width: 40px\">\n\t\t\t\t<div class=\"icon\">\n\t\t\t\t\t<div class=\"icon-inner\" >\n\t\t\t\t\t\t<img loading=\"lazy\" decoding=\"async\" width=\"32\" height=\"32\" src=\"https:\/\/mauweb.tamnguyen.vn\/mypham05\/wp-content\/uploads\/2022\/05\/map-pin.png\" class=\"attachment-medium size-medium\" alt=\"\" \/>\t\t\t\t\t<\/div>\n\t\t\t\t<\/div>\n\t\t\t<\/div>\n\t\t\t\t<div class=\"icon-box-text last-reset\">\n\t\t\t\t\t\t\t\t\t\n<h3>M\u1ef9 Ph\u1ea9m YHL \u2013 Vincom Th\u1ee7 \u0110\u1ee9c<\/h3>\n<p><span style=\"color: #808080; font-size: 90%;\">L1-17, Vincom Th\u1ee7 \u0110\u1ee9c, 216 V\u00f5 V\u0103n Ng\u00e2n, Ph\u01b0\u1eddng B\u00ecnh Th\u1ecd, TP. Th\u1ee7 \u0110\u1ee9c, TP.HCM<\/span><\/p>\n\t\t<\/div>\n\t<\/div>\n\t\n\t\n\n\t\t<div class=\"icon-box featured-box icon-box-left text-left\"  >\n\t\t\t\t\t<div class=\"icon-box-img\" style=\"width: 40px\">\n\t\t\t\t<div class=\"icon\">\n\t\t\t\t\t<div class=\"icon-inner\" >\n\t\t\t\t\t\t<img loading=\"lazy\" decoding=\"async\" width=\"32\" height=\"32\" src=\"https:\/\/mauweb.tamnguyen.vn\/mypham05\/wp-content\/uploads\/2022\/05\/map-pin.png\" class=\"attachment-medium size-medium\" alt=\"\" \/>\t\t\t\t\t<\/div>\n\t\t\t\t<\/div>\n\t\t\t<\/div>\n\t\t\t\t<div class=\"icon-box-text last-reset\">\n\t\t\t\t\t\t\t\t\t\n<h3>M\u1ef9 Ph\u1ea9m ABC \u2013 Vincom B\u00e0 Tri\u1ec7u<\/h3>\n<p><span style=\"font-size: 90%; color: #808080;\">L4-94B, L\u1ea7u 4 Vincom B\u00e0 Tri\u1ec7u, Ph\u01b0\u1eddng L\u00ea \u0110\u1ea1i H\u00e0nh, Qu\u1eadn Hai B\u00e0 Tr\u01b0ng, TP. H\u00e0 N\u1ed9i<\/span><\/p>\n\t\t<\/div>\n\t<\/div>\n\t\n\t\n\t\t<\/div>\n\t\t\t\t\t<\/div>\n\n\t\n<\/div>\n","protected":false},"excerpt":{"rendered":"","protected":false},"author":1,"featured_media":0,"parent":0,"menu_order":0,"comment_status":"closed","ping_status":"closed","template":"page-blank.php","meta":{"footnotes":""},"class_list":["post-64","page","type-page","status-publish","hentry"],"yoast_head":"<!-- This site is optimized with the Yoast SEO plugin v27.5 - https:\/\/yoast.com\/product\/yoast-seo-wordpress\/ -->\n<title>H\u1ec7 th\u1ed1ng - M\u1eabu web m\u1ef9 ph\u1ea9m<\/title>\n<meta name=\"robots\" content=\"noindex, follow, max-snippet:-1, max-image-preview:large, max-video-preview:-1\" \/>\n<meta property=\"og:locale\" content=\"vi_VN\" \/>\n<meta property=\"og:type\" content=\"article\" \/>\n<meta property=\"og:title\" content=\"H\u1ec7 th\u1ed1ng - M\u1eabu web m\u1ef9 ph\u1ea9m\" \/>\n<meta property=\"og:url\" content=\"https:\/\/mauweb.tamnguyen.vn\/mypham05\/he-thong\/\" \/>\n<meta property=\"og:site_name\" content=\"M\u1eabu web m\u1ef9 ph\u1ea9m\" \/>\n<meta property=\"article:modified_time\" content=\"2022-05-20T11:04:14+00:00\" \/>\n<meta name=\"twitter:card\" content=\"summary_large_image\" \/>\n<meta name=\"twitter:label1\" content=\"\u01af\u1edbc t\u00ednh th\u1eddi gian \u0111\u1ecdc\" \/>\n\t<meta name=\"twitter:data1\" content=\"1 ph\u00fat\" \/>\n<script type=\"application\/ld+json\" class=\"yoast-schema-graph\">{\"@context\":\"https:\\\/\\\/schema.org\",\"@graph\":[{\"@type\":\"WebPage\",\"@id\":\"https:\\\/\\\/mauweb.tamnguyen.vn\\\/mypham05\\\/he-thong\\\/\",\"url\":\"https:\\\/\\\/mauweb.tamnguyen.vn\\\/mypham05\\\/he-thong\\\/\",\"name\":\"H\u1ec7 th\u1ed1ng - M\u1eabu web m\u1ef9 ph\u1ea9m\",\"isPartOf\":{\"@id\":\"https:\\\/\\\/mauweb.tamnguyen.vn\\\/mypham05\\\/#website\"},\"datePublished\":\"2022-05-18T16:12:03+00:00\",\"dateModified\":\"2022-05-20T11:04:14+00:00\",\"breadcrumb\":{\"@id\":\"https:\\\/\\\/mauweb.tamnguyen.vn\\\/mypham05\\\/he-thong\\\/#breadcrumb\"},\"inLanguage\":\"vi\",\"potentialAction\":[{\"@type\":\"ReadAction\",\"target\":[\"https:\\\/\\\/mauweb.tamnguyen.vn\\\/mypham05\\\/he-thong\\\/\"]}]},{\"@type\":\"BreadcrumbList\",\"@id\":\"https:\\\/\\\/mauweb.tamnguyen.vn\\\/mypham05\\\/he-thong\\\/#breadcrumb\",\"itemListElement\":[{\"@type\":\"ListItem\",\"position\":1,\"name\":\"Trang ch\u1ee7\",\"item\":\"https:\\\/\\\/mauweb.tamnguyen.vn\\\/mypham05\\\/\"},{\"@type\":\"ListItem\",\"position\":2,\"name\":\"H\u1ec7 th\u1ed1ng\"}]},{\"@type\":\"WebSite\",\"@id\":\"https:\\\/\\\/mauweb.tamnguyen.vn\\\/mypham05\\\/#website\",\"url\":\"https:\\\/\\\/mauweb.tamnguyen.vn\\\/mypham05\\\/\",\"name\":\"M\u1eabu web m\u1ef9 ph\u1ea9m\",\"description\":\"D\u1ecbch v\u1ee5 thi\u1ebft k\u1ebf web uy t\u00edn\",\"potentialAction\":[{\"@type\":\"SearchAction\",\"target\":{\"@type\":\"EntryPoint\",\"urlTemplate\":\"https:\\\/\\\/mauweb.tamnguyen.vn\\\/mypham05\\\/?s={search_term_string}\"},\"query-input\":{\"@type\":\"PropertyValueSpecification\",\"valueRequired\":true,\"valueName\":\"search_term_string\"}}],\"inLanguage\":\"vi\"}]}<\/script>\n<!-- \/ Yoast SEO plugin. -->","yoast_head_json":{"title":"H\u1ec7 th\u1ed1ng - M\u1eabu web m\u1ef9 ph\u1ea9m","robots":{"index":"noindex","follow":"follow","max-snippet":"max-snippet:-1","max-image-preview":"max-image-preview:large","max-video-preview":"max-video-preview:-1"},"og_locale":"vi_VN","og_type":"article","og_title":"H\u1ec7 th\u1ed1ng - M\u1eabu web m\u1ef9 ph\u1ea9m","og_url":"https:\/\/mauweb.tamnguyen.vn\/mypham05\/he-thong\/","og_site_name":"M\u1eabu web m\u1ef9 ph\u1ea9m","article_modified_time":"2022-05-20T11:04:14+00:00","twitter_card":"summary_large_image","twitter_misc":{"\u01af\u1edbc t\u00ednh th\u1eddi gian \u0111\u1ecdc":"1 ph\u00fat"},"schema":{"@context":"https:\/\/schema.org","@graph":[{"@type":"WebPage","@id":"https:\/\/mauweb.tamnguyen.vn\/mypham05\/he-thong\/","url":"https:\/\/mauweb.tamnguyen.vn\/mypham05\/he-thong\/","name":"H\u1ec7 th\u1ed1ng - M\u1eabu web m\u1ef9 ph\u1ea9m","isPartOf":{"@id":"https:\/\/mauweb.tamnguyen.vn\/mypham05\/#website"},"datePublished":"2022-05-18T16:12:03+00:00","dateModified":"2022-05-20T11:04:14+00:00","breadcrumb":{"@id":"https:\/\/mauweb.tamnguyen.vn\/mypham05\/he-thong\/#breadcrumb"},"inLanguage":"vi","potentialAction":[{"@type":"ReadAction","target":["https:\/\/mauweb.tamnguyen.vn\/mypham05\/he-thong\/"]}]},{"@type":"BreadcrumbList","@id":"https:\/\/mauweb.tamnguyen.vn\/mypham05\/he-thong\/#breadcrumb","itemListElement":[{"@type":"ListItem","position":1,"name":"Trang ch\u1ee7","item":"https:\/\/mauweb.tamnguyen.vn\/mypham05\/"},{"@type":"ListItem","position":2,"name":"H\u1ec7 th\u1ed1ng"}]},{"@type":"WebSite","@id":"https:\/\/mauweb.tamnguyen.vn\/mypham05\/#website","url":"https:\/\/mauweb.tamnguyen.vn\/mypham05\/","name":"M\u1eabu web m\u1ef9 ph\u1ea9m","description":"D\u1ecbch v\u1ee5 thi\u1ebft k\u1ebf web uy t\u00edn","potentialAction":[{"@type":"SearchAction","target":{"@type":"EntryPoint","urlTemplate":"https:\/\/mauweb.tamnguyen.vn\/mypham05\/?s={search_term_string}"},"query-input":{"@type":"PropertyValueSpecification","valueRequired":true,"valueName":"search_term_string"}}],"inLanguage":"vi"}]}},"_links":{"self":[{"href":"https:\/\/mauweb.tamnguyen.vn\/mypham05\/wp-json\/wp\/v2\/pages\/64","targetHints":{"allow":["GET"]}}],"collection":[{"href":"https:\/\/mauweb.tamnguyen.vn\/mypham05\/wp-json\/wp\/v2\/pages"}],"about":[{"href":"https:\/\/mauweb.tamnguyen.vn\/mypham05\/wp-json\/wp\/v2\/types\/page"}],"author":[{"embeddable":true,"href":"https:\/\/mauweb.tamnguyen.vn\/mypham05\/wp-json\/wp\/v2\/users\/1"}],"replies":[{"embeddable":true,"href":"https:\/\/mauweb.tamnguyen.vn\/mypham05\/wp-json\/wp\/v2\/comments?post=64"}],"version-history":[{"count":24,"href":"https:\/\/mauweb.tamnguyen.vn\/mypham05\/wp-json\/wp\/v2\/pages\/64\/revisions"}],"predecessor-version":[{"id":1303,"href":"https:\/\/mauweb.tamnguyen.vn\/mypham05\/wp-json\/wp\/v2\/pages\/64\/revisions\/1303"}],"wp:attachment":[{"href":"https:\/\/mauweb.tamnguyen.vn\/mypham05\/wp-json\/wp\/v2\/media?parent=64"}],"curies":[{"name":"wp","href":"https:\/\/api.w.org\/{rel}","templated":true}]}}