{"id":62,"date":"2022-05-18T23:11:56","date_gmt":"2022-05-18T16:11:56","guid":{"rendered":"http:\/\/mypham.themevivu.site\/?page_id=62"},"modified":"2022-05-20T18:07:35","modified_gmt":"2022-05-20T11:07:35","slug":"gioi-thieu","status":"publish","type":"page","link":"https:\/\/mauweb.tamnguyen.vn\/mypham05\/gioi-thieu\/","title":{"rendered":"Gi\u1edbi thi\u1ec7u"},"content":{"rendered":"\t<section class=\"section lien-he-1 dark\" id=\"section_1339225904\">\n\t\t<div class=\"bg section-bg fill bg-fill  bg-loaded\" >\n\n\t\t\t\n\t\t\t\n\t\t\t\n\n\t\t<\/div>\n\n\t\t\n\n\t\t<div class=\"section-content relative\">\n\t\t\t\n<div class=\"row\"  id=\"row-527349284\">\n\n\t<div id=\"col-1160968860\" class=\"col small-12 large-12\"  >\n\t\t\t\t<div class=\"col-inner\"  >\n\t\t\t\n\t\t\t\n<span><span><a href=\"https:\/\/mauweb.tamnguyen.vn\/mypham05\/\">Trang ch\u1ee7<\/a><\/span><\/span>\n<h2><span style=\"font-size: 150%;\">GI\u1edaI THI\u1ec6U<\/span><\/h2>\n<p><span style=\"color: #ffffff;\">YHL &#8211; YOUNG HEALTHY LUSH | B\u00ed quy\u1ebft m\u1edd n\u00e1m &#8211; D\u01b0\u1ee1ng tr\u1eafng da<\/span><\/p>\n\t\t<\/div>\n\t\t\t\t\t<\/div>\n\n\t\n<\/div>\n\t\t<\/div>\n\n\t\t\n<style>\n#section_1339225904 {\n  padding-top: 30px;\n  padding-bottom: 30px;\n  background-color: rgb(255, 255, 255);\n}\n#section_1339225904 .ux-shape-divider--top svg {\n  height: 150px;\n  --divider-top-width: 100%;\n}\n#section_1339225904 .ux-shape-divider--bottom svg {\n  height: 150px;\n  --divider-width: 100%;\n}\n<\/style>\n\t<\/section>\n\t\n\t<section class=\"section\" id=\"section_1099275557\">\n\t\t<div class=\"bg section-bg fill bg-fill  bg-loaded\" >\n\n\t\t\t\n\t\t\t\n\t\t\t\n\n\t\t<\/div>\n\n\t\t\n\n\t\t<div class=\"section-content relative\">\n\t\t\t\n<div class=\"row\"  id=\"row-1597963598\">\n\n\t<div id=\"col-815270289\" class=\"col small-12 large-12\"  >\n\t\t\t\t<div class=\"col-inner\"  >\n\t\t\t\n\t\t\t\n<h2>ABC \u2013 TH\u01af\u01a0NG HI\u1ec6U M\u1ef8 PH\u1ea8M QU\u1ed0C D\u00c2N<\/h2>\n<ul>\n<li>N\u01a1i h\u1ed9i t\u1ee5 nh\u1eefng tinh hoa m\u1ef9 ph\u1ea9m t\u1eeb c\u00e1c n\u01b0\u1edbc ti\u00ean ti\u1ebfn nh\u1ea5t tr\u00ean th\u1ebf gi\u1edbi: \u00dac, M\u1ef9, Ch\u00e2u \u00c2u, H\u00e0n Qu\u1ed1c, Nh\u1eadt B\u1ea3n, \u0110\u00e0i Loan.<\/li>\n<li>B\u00ed quy\u1ebft l\u00e0n da \u0111i\u1ec3m 10++, th\u00e1o g\u1ee1 nh\u1eefng n\u1ed7i lo v\u1ec1 l\u00e0n da l\u00e3o h\u00f3a c\u1ee7a ph\u00e1i \u0111\u1eb9p, nh\u01b0: n\u1ebfp nh\u0103n, ch\u1ea3y x\u1ec7, th\u00e2m, s\u1ea1m, n\u00e1m, t\u00e0n nhang,\u2026<\/li>\n<li>L\u1ef1a ch\u1ecdn h\u00e0ng \u0111\u1ea7u c\u1ee7a tri\u1ec7u kh\u00e1ch h\u00e0ng kh\u1eafp c\u1ea3 n\u01b0\u1edbc v\u00e0 h\u1ea3i ngo\u1ea1i. YHL gi\u00fap m\u1ecdi ph\u1ee5 n\u1eef ng\u00e0y c\u00e0ng ho\u00e0n thi\u1ec7n v\u1ebb \u0111\u1eb9p ch\u00e2n \u2013 thi\u1ec7n \u2013 m\u1ef9 v\u00e0 lan t\u1ecfa ni\u1ec1m tin \u2013 s\u1eafc \u0111\u1eb9p \u0111i to\u00e0n c\u1ea7u.<\/li>\n<\/ul>\n\t<div class=\"img has-hover x md-x lg-x y md-y lg-y\" id=\"image_1097473276\">\n\t\t\t\t\t\t\t\t<div class=\"img-inner dark\" >\n\t\t\t<img loading=\"lazy\" decoding=\"async\" width=\"828\" height=\"575\" src=\"https:\/\/mauweb.tamnguyen.vn\/mypham05\/wp-content\/uploads\/2022\/05\/HINH-BAO-YHL-e1633321257975.png\" class=\"attachment-original size-original\" alt=\"\" srcset=\"https:\/\/mauweb.tamnguyen.vn\/mypham05\/wp-content\/uploads\/2022\/05\/HINH-BAO-YHL-e1633321257975.png 828w, https:\/\/mauweb.tamnguyen.vn\/mypham05\/wp-content\/uploads\/2022\/05\/HINH-BAO-YHL-e1633321257975-247x172.png 247w, https:\/\/mauweb.tamnguyen.vn\/mypham05\/wp-content\/uploads\/2022\/05\/HINH-BAO-YHL-e1633321257975-510x354.png 510w, https:\/\/mauweb.tamnguyen.vn\/mypham05\/wp-content\/uploads\/2022\/05\/HINH-BAO-YHL-e1633321257975-300x208.png 300w, https:\/\/mauweb.tamnguyen.vn\/mypham05\/wp-content\/uploads\/2022\/05\/HINH-BAO-YHL-e1633321257975-768x533.png 768w\" sizes=\"auto, (max-width: 828px) 100vw, 828px\" \/>\t\t\t\t\t\t\n\t\t\t\t\t<\/div>\n\t\t\t\t\t\t\t\t\n<style>\n#image_1097473276 {\n  width: 53%;\n}\n<\/style>\n\t<\/div>\n\t\n<p>H\u01a1n 15 n\u0103m, x\u00e2y d\u1ef1ng v\u1edbi th\u01b0\u01a1ng hi\u1ec7u th\u1eddi trang uy t\u00edn cho ph\u1ee5 n\u1eef trung ni\u00ean, ch\u1ecb abc \u0111\u00e3 \u0111\u01b0\u1ee3c b\u00e9n duy\u00ean v\u1edbi c\u00e1i \u0110\u1eb8P c\u0169ng t\u1eeb \u0111\u00e2y.<\/p>\n<p>\u201cPh\u1ee5 n\u1eef nh\u1ea5t \u0111\u1ecbnh ph\u1ea3i \u0111\u1eb9p. \u0110\u1eb9p \u0111\u1ec3 t\u1ef1 tin, \u0111\u1eb9p \u0111\u1ec3 th\u00e0nh c\u00f4ng\u201d ni\u1ec1m tin v\u00e0 kh\u00e1t khao v\u1ec1 c\u00e1i \u0111\u1eb9p \u0111\u00e3 th\u00f4i th\u00fac ch\u1ecb H\u1eb1ng L\u00ea quy\u1ebft t\u00e2m t\u00ecm ki\u1ebfm b\u00ed quy\u1ebft l\u00e0m \u0111\u1eb9p cho ch\u00ednh m\u00ecnh v\u00e0 h\u00e0ng tri\u1ec7u ch\u1ecb em. V\u00e0 tr\u00ean h\u1ebft, \u0111\u00f3 c\u00f2n l\u00e0 ni\u1ec1m t\u1ef1 h\u00e0o v\u00e0 t\u1ef1 t\u00f4n c\u1ee7a ng\u01b0\u1eddi Vi\u1ec7t, mong mu\u1ed1n \u0111\u01b0\u1ee3c mang nh\u1eefng tinh hoa m\u1ef9 ph\u1ea9m c\u1ee7a th\u1ebf gi\u1edbi v\u1ec1 Vi\u1ec7t Nam.<\/p>\n<p>Ch\u1ecb ABC \u0111\u00e3 t\u00ecm ki\u1ebfm, k\u1ebft n\u1ed1i v\u1edbi c\u00e1c chuy\u00ean gia h\u00e0ng \u0111\u1ea7u v\u1ec1 nghi\u00ean c\u1ee9u m\u1ef9 ph\u1ea9m, h\u1ee3p t\u00e1c v\u1edbi c\u00e1c nh\u00e0 m\u00e1y s\u1ea3n xu\u1ea5t m\u1ef9 ph\u1ea9m uy t\u00edn t\u1ea1i c\u00e1c n\u01b0\u1edbc: \u00dac, M\u1ef9, Nh\u1eadt B\u1ea3n, Ch\u00e2u \u00c2u, H\u00e0n Qu\u1ed1c,\u2026<\/p>\n<p>\u01af\u1edbc m\u01a1 mang m\u1ef9 ph\u1ea9m Vi\u1ec7t v\u01b0\u01a1n t\u1ea7m qu\u1ed1c t\u1ebf c\u1ee7a ch\u1ecb H\u1eb1ng L\u00ea \u0111ang d\u1ea7n \u0111\u01b0\u1ee3c hi\u1ec7n th\u1ef1c h\u00f3a khi YHL \u0111ang \u0111\u01b0\u1ee3c h\u00e0ng tri\u1ec7u kh\u00e1ch h\u00e0ng tin y\u00eau, tin d\u00f9ng.<\/p>\n<h2>ABC \u2013 M\u1ef9 ph\u1ea9m Qu\u1ed1c D\u00e2n \u0111i l\u00ean t\u1eeb ch\u1ea5t l\u01b0\u1ee3ng<\/h2>\n<ul>\n<li>100% s\u1ea3n ph\u1ea9m \u0111\u01b0\u1ee3c s\u1ea3n xu\u1ea5t tr\u1ef1c ti\u1ebfp t\u1ea1i c\u00e1c n\u01b0\u1edbc: \u00dac, M\u1ef9, H\u00e0n Qu\u1ed1c, Ch\u00e2u \u00c2u, Nh\u1eadt B\u1ea3n.<\/li>\n<li>Nh\u00e0 m\u00e1y s\u1ea3n xu\u1ea5t ABC \u00e1p d\u1ee5ng c\u00f4ng ngh\u1ec7 hi\u1ec7n \u0111\u1ea1i, quy tr\u00ecnh s\u1ea3n xu\u1ea5t kh\u00e9p k\u00edn, an to\u00e0n.<\/li>\n<li>S\u1ea3n ph\u1ea9m \u0111\u00e1p \u1ee9ng \u0111\u1ea7y \u0111\u1ee7 c\u00e1c ti\u00eau chu\u1ea9n kh\u1eaft khe v\u00e0 \u0111\u01b0\u1ee3c ch\u1ee9ng nh\u1eadn c\u1ee7a c\u00e1c c\u01a1 quan th\u1ea9m quy\u1ec1n t\u1ea1i c\u00e1c n\u01b0\u1edbc.<\/li>\n<li>S\u1ea3n ph\u1ea9m \u0111\u01b0\u1ee3c c\u1ea5p ph\u00e9p c\u1ee7a B\u1ed9 Y T\u1ebf Vi\u1ec7t Nam.<\/li>\n<\/ul>\n<h2>YHL v\u00e0 nh\u1eefng d\u1ea5u \u1ea5n ph\u00e1t tri\u1ec3n<\/h2>\n<p><strong>N\u0103m 2016<\/strong><\/p>\n<blockquote>\n<ul>\n<li>Ch\u00ednh th\u1ee9c ra m\u1eaft th\u01b0\u01a1ng hi\u1ec7u m\u1ef9 ph\u1ea9m YHL v\u00e0 \u0111\u01b0\u1ee3c ph\u00e2n ph\u1ed1i \u0111\u1ed9c quy\u1ec1n t\u1ea1i th\u1ecb tr\u01b0\u1eddng Vi\u1ec7t Nam.<\/li>\n<li>D\u00e2y chuy\u1ec1n s\u1ea3n xu\u1ea5t m\u1ef9 ph\u1ea9m YHL \u0111\u1eb7t t\u1ea1i Nh\u1eadt B\u1ea3n \u0111i v\u00e0o ho\u1ea1t \u0111\u1ed9ng: Kh\u1edfi \u0111\u1ea7u trong h\u00e0nh tr\u00ecnh x\u00e2y d\u1ef1ng chu\u1ed7i nh\u00e0 m\u00e1y s\u1ea3n xu\u1ea5t YHL t\u1ea1i c\u00e1c qu\u1ed1c gia ti\u00ean ti\u1ebfn tr\u00ean th\u1ebf gi\u1edbi v\u00e0 nh\u1eadp kh\u1ea9u s\u1ea3n ph\u1ea9m tr\u1ef1c ti\u1ebfp v\u1ec1 Vi\u1ec7t Nam.<\/li>\n<\/ul>\n<\/blockquote>\n<p><strong>N\u0103m 2017<\/strong><\/p>\n<blockquote>\n<ul>\n<li>Khai tr\u01b0\u01a1ng ph\u00f2ng th\u00ed nghi\u1ec7m, d\u00e2y chuy\u1ec1n s\u1ea3n xu\u1ea5t YHL t\u1ea1i H\u00e0n Qu\u1ed1c v\u00e0 \u00dac.<\/li>\n<\/ul>\n<\/blockquote>\n<p><strong>N\u0103m 2018<\/strong><\/p>\n<blockquote>\n<ul>\n<li>YHL khai tr\u01b0\u01a1ng showroom t\u1ea1i 42 Tr\u1ea7n Thi\u1ec7n Ch\u00e1nh, P.12, Q.10, TP.HCM.<\/li>\n<li>Ph\u00f2ng nghi\u00ean c\u1ee9u v\u00e0 nh\u00e0 m\u00e1y s\u1ea3n xu\u1ea5t YHL t\u1ea1i M\u1ef9 ch\u00ednh th\u1ee9c \u0111i v\u00e0o v\u1eadn h\u00e0nh.<\/li>\n<\/ul>\n<\/blockquote>\n<p><strong>N\u0103m 2019 \u2013\u00a0<\/strong><strong><em>M\u1ed9t b\u01b0\u1edbc chuy\u1ec3n m\u00ecnh m\u1ea1nh m\u1ebd c\u1ee7a th\u01b0\u01a1ng hi\u1ec7u YHL<\/em><\/strong><\/p>\n<blockquote>\n<ul>\n<li>Khai tr\u01b0\u01a1ng showroom YHL \u0111\u1ea7u ti\u00ean t\u1ea1i mi\u1ec1n B\u1eafc, tr\u1edf th\u00e0nh n\u01a1i mua s\u1eafm v\u00e0 tr\u1ea3i nghi\u1ec7m s\u1ea3n ph\u1ea9m YHL c\u1ee7a \u0111\u00f4ng \u0111\u1ea3o kh\u00e1ch h\u00e0ng khu v\u1ef1c mi\u1ec1n B\u1eafc. (Hi\u1ec7n nay, \u0111\u1ecba ch\u1ec9 \u0111\u1eb7t t\u1ea1i: L4-94B Vincom B\u00e0 Tri\u1ec7u, s\u1ed1 191 B\u00e0 Tri\u1ec7u, P. L\u00ea \u0110\u1ea1i H\u00e0nh, Q. Hai B\u00e0 Tr\u01b0ng, H\u00e0 N\u1ed9i).<\/li>\n<\/ul>\n<ul>\n<li>Khai tr\u01b0\u01a1ng tr\u1ee5 s\u1edf \u2013 shoowroom YHL \u0111\u1eb7t t\u1ea1i: 283\/109 CMT8, P.12, Q.10, TP.HCM.<\/li>\n<\/ul>\n<p>YHL kh\u00f4ng ng\u1eebng m\u1edf r\u1ed9ng th\u1ecb tr\u01b0\u1eddng, khai tr\u01b0\u01a1ng li\u00ean ti\u1ebfp c\u00e1c showroom:<\/p>\n<ul>\n<li>431 Quang Trung, P.10, Q. G\u00f2 V\u1ea5p, TP.HCM.<\/li>\n<li>445 L\u00ea Du\u1ea9n, T\u1ed5 1, P. Th\u1ea1c Gi\u00e1n, Q. Thanh Kh\u00ea, TP. \u0110\u00e0 N\u1eb5ng.<\/li>\n<li>184 Tr\u1ea7n H\u01b0ng \u0110\u1ea1o, P. An Nghi\u1ec7p, Q. Ninh Ki\u1ec1u, TP. C\u1ea7n Th\u01a1.<\/li>\n<li>Ch\u00ednh th\u1ee9c th\u00e0nh l\u1eadp chi nh\u00e1nh YHL t\u1ea1i M\u1ef9.<\/li>\n<\/ul>\n<\/blockquote>\n<p><strong>N\u0103m 2020<\/strong><\/p>\n<p>V\u1edbi s\u1ef1 \u1ee7ng h\u1ed9 c\u1ee7a \u0111\u00f4ng \u0111\u1ea3o kh\u00e1ch h\u00e0ng, YHL ti\u1ebfp t\u1ee5c m\u1edf r\u1ed9ng th\u1ecb tr\u01b0\u1eddng, khai tr\u01b0\u01a1ng showroom t\u1ea1i c\u00e1c t\u1ec9nh:<\/p>\n<blockquote>\n<ul>\n<li>701 Ph\u1ea1m V\u0103n Thu\u1eadn, TP. Bi\u00ean H\u00f2a, T\u1ec9nh \u0110\u1ed3ng Nai.<\/li>\n<li>241 \u0110\u01b0\u1eddng Ba Cu, P.4, TP. V\u0169ng T\u00e0u.<\/li>\n<li>30 Nguy\u1ec5n V\u0103n C\u1eeb, TP. Vinh, T\u1ec9nh Ngh\u1ec7 An.<\/li>\n<\/ul>\n<\/blockquote>\n<p><strong>N\u0103m 2021<\/strong><\/p>\n<p>YHL ti\u1ebfp t\u1ee5c khai tr\u01b0\u01a1ng 02 showroom t\u1ea1i:<\/p>\n<blockquote>\n<ul>\n<li>Qu\u1ed1c L\u1ed9 1A, T\u00e2n Phong, Huy\u1ec7n Qua\u0309ng Xu\u031bo\u031bng, T\u1ec9nh Thanh Hoa\u0301.<\/li>\n<li>L1-17 Vincom Th\u1ee7 \u0110\u1ee9c, 216 V\u00f5 V\u0103n Ng\u00e2n, P. B\u00ecnh Th\u1ecd, TP. Th\u1ee7 \u0110\u1ee9c.<\/li>\n<\/ul>\n<\/blockquote>\n<p>Xuy\u00ean su\u1ed1t nh\u1eefng n\u0103m ho\u1ea1t \u0111\u1ed9ng v\u00e0 ph\u00e1t tri\u1ec3n, YHL \u0111\u00e3 cho ra m\u1eaft ng\u00e0y c\u00e0ng nhi\u1ec1u s\u1ea3n ph\u1ea9m m\u1edbi v\u00e0 kh\u00f4ng ng\u1eebng n\u00e2ng cao ch\u1ea5t l\u01b0\u1ee3ng s\u1ea3n ph\u1ea9m nh\u1eb1m \u0111\u00e1p \u1ee9ng nhu c\u1ea7u ng\u00e0y c\u00e0ng kh\u1eaft khe c\u1ee7a kh\u00e1ch h\u00e0ng.<\/p>\n<h2>Ho\u1ea1t \u0111\u1ed9ng c\u1ed9ng \u0111\u1ed3ng<\/h2>\n<p>B\u00ean c\u1ea1nh ho\u1ea1t \u0111\u1ed9ng kinh doanh kh\u00f4ng ng\u1eebng ph\u00e1t tri\u1ec3n, YHL c\u0169ng \u0111\u00e3 thay m\u1eb7t kh\u00e1ch h\u00e0ng c\u1ee7a m\u00ecnh g\u00f3p s\u1ee9c v\u00ec c\u1ed9ng \u0111\u1ed3ng b\u1eb1ng nh\u1eefng h\u00e0nh \u0111\u1ed9ng t\u1eed t\u1ebf:<\/p>\n<ul>\n<li>Th\u01b0\u1eddng xuy\u00ean t\u1ed5 ch\u1ee9c c\u00e1c chuy\u1ebfn \u0111i t\u1eeb thi\u1ec7n \u0111\u1ebfn c\u00e1c v\u00f9ng cao Vi\u1ec7t Nam.<\/li>\n<li>Gi\u00fap \u0111\u1ee1 nh\u1eefng m\u1ea3nh \u0111\u1eddi kh\u00f3 kh\u0103n, ng\u01b0\u1eddi gi\u00e0 neo \u0111\u01a1n, tr\u1ebb em c\u00f3 ho\u00e0n c\u1ea3nh \u0111\u1eb7c bi\u1ec7t.<\/li>\n<li>\u0110\u1ed3ng h\u00e0nh c\u00f9ng ch\u00ednh quy\u1ec1n \u0111\u1ecba ph\u01b0\u01a1ng trong vi\u1ec7c g\u00f3p s\u1ee9c ph\u00f2ng ch\u1ed1ng d\u1ecbch Covid-19.<\/li>\n<\/ul>\n\t\t<\/div>\n\t\t\t\t\t<\/div>\n\n\t\n<\/div>\n\t\t<\/div>\n\n\t\t\n<style>\n#section_1099275557 {\n  padding-top: 37px;\n  padding-bottom: 37px;\n}\n#section_1099275557 .ux-shape-divider--top svg {\n  height: 150px;\n  --divider-top-width: 100%;\n}\n#section_1099275557 .ux-shape-divider--bottom svg {\n  height: 150px;\n  --divider-width: 100%;\n}\n<\/style>\n\t<\/section>\n\t\n","protected":false},"excerpt":{"rendered":"","protected":false},"author":1,"featured_media":0,"parent":0,"menu_order":0,"comment_status":"closed","ping_status":"closed","template":"page-blank.php","meta":{"footnotes":""},"class_list":["post-62","page","type-page","status-publish","hentry"],"yoast_head":"<!-- This site is optimized with the Yoast SEO plugin v27.5 - https:\/\/yoast.com\/product\/yoast-seo-wordpress\/ -->\n<title>Gi\u1edbi thi\u1ec7u - M\u1eabu web m\u1ef9 ph\u1ea9m<\/title>\n<meta name=\"robots\" content=\"noindex, follow, max-snippet:-1, max-image-preview:large, max-video-preview:-1\" \/>\n<meta property=\"og:locale\" content=\"vi_VN\" \/>\n<meta property=\"og:type\" content=\"article\" \/>\n<meta property=\"og:title\" content=\"Gi\u1edbi thi\u1ec7u - M\u1eabu web m\u1ef9 ph\u1ea9m\" \/>\n<meta property=\"og:url\" content=\"https:\/\/mauweb.tamnguyen.vn\/mypham05\/gioi-thieu\/\" \/>\n<meta property=\"og:site_name\" content=\"M\u1eabu web m\u1ef9 ph\u1ea9m\" \/>\n<meta property=\"article:modified_time\" content=\"2022-05-20T11:07:35+00:00\" \/>\n<meta name=\"twitter:card\" content=\"summary_large_image\" \/>\n<meta name=\"twitter:label1\" content=\"\u01af\u1edbc t\u00ednh th\u1eddi gian \u0111\u1ecdc\" \/>\n\t<meta name=\"twitter:data1\" content=\"7 ph\u00fat\" \/>\n<script type=\"application\/ld+json\" class=\"yoast-schema-graph\">{\"@context\":\"https:\\\/\\\/schema.org\",\"@graph\":[{\"@type\":\"WebPage\",\"@id\":\"https:\\\/\\\/mauweb.tamnguyen.vn\\\/mypham05\\\/gioi-thieu\\\/\",\"url\":\"https:\\\/\\\/mauweb.tamnguyen.vn\\\/mypham05\\\/gioi-thieu\\\/\",\"name\":\"Gi\u1edbi thi\u1ec7u - M\u1eabu web m\u1ef9 ph\u1ea9m\",\"isPartOf\":{\"@id\":\"https:\\\/\\\/mauweb.tamnguyen.vn\\\/mypham05\\\/#website\"},\"datePublished\":\"2022-05-18T16:11:56+00:00\",\"dateModified\":\"2022-05-20T11:07:35+00:00\",\"breadcrumb\":{\"@id\":\"https:\\\/\\\/mauweb.tamnguyen.vn\\\/mypham05\\\/gioi-thieu\\\/#breadcrumb\"},\"inLanguage\":\"vi\",\"potentialAction\":[{\"@type\":\"ReadAction\",\"target\":[\"https:\\\/\\\/mauweb.tamnguyen.vn\\\/mypham05\\\/gioi-thieu\\\/\"]}]},{\"@type\":\"BreadcrumbList\",\"@id\":\"https:\\\/\\\/mauweb.tamnguyen.vn\\\/mypham05\\\/gioi-thieu\\\/#breadcrumb\",\"itemListElement\":[{\"@type\":\"ListItem\",\"position\":1,\"name\":\"Trang ch\u1ee7\",\"item\":\"https:\\\/\\\/mauweb.tamnguyen.vn\\\/mypham05\\\/\"},{\"@type\":\"ListItem\",\"position\":2,\"name\":\"Gi\u1edbi thi\u1ec7u\"}]},{\"@type\":\"WebSite\",\"@id\":\"https:\\\/\\\/mauweb.tamnguyen.vn\\\/mypham05\\\/#website\",\"url\":\"https:\\\/\\\/mauweb.tamnguyen.vn\\\/mypham05\\\/\",\"name\":\"M\u1eabu web m\u1ef9 ph\u1ea9m\",\"description\":\"D\u1ecbch v\u1ee5 thi\u1ebft k\u1ebf web uy t\u00edn\",\"potentialAction\":[{\"@type\":\"SearchAction\",\"target\":{\"@type\":\"EntryPoint\",\"urlTemplate\":\"https:\\\/\\\/mauweb.tamnguyen.vn\\\/mypham05\\\/?s={search_term_string}\"},\"query-input\":{\"@type\":\"PropertyValueSpecification\",\"valueRequired\":true,\"valueName\":\"search_term_string\"}}],\"inLanguage\":\"vi\"}]}<\/script>\n<!-- \/ Yoast SEO plugin. -->","yoast_head_json":{"title":"Gi\u1edbi thi\u1ec7u - M\u1eabu web m\u1ef9 ph\u1ea9m","robots":{"index":"noindex","follow":"follow","max-snippet":"max-snippet:-1","max-image-preview":"max-image-preview:large","max-video-preview":"max-video-preview:-1"},"og_locale":"vi_VN","og_type":"article","og_title":"Gi\u1edbi thi\u1ec7u - M\u1eabu web m\u1ef9 ph\u1ea9m","og_url":"https:\/\/mauweb.tamnguyen.vn\/mypham05\/gioi-thieu\/","og_site_name":"M\u1eabu web m\u1ef9 ph\u1ea9m","article_modified_time":"2022-05-20T11:07:35+00:00","twitter_card":"summary_large_image","twitter_misc":{"\u01af\u1edbc t\u00ednh th\u1eddi gian \u0111\u1ecdc":"7 ph\u00fat"},"schema":{"@context":"https:\/\/schema.org","@graph":[{"@type":"WebPage","@id":"https:\/\/mauweb.tamnguyen.vn\/mypham05\/gioi-thieu\/","url":"https:\/\/mauweb.tamnguyen.vn\/mypham05\/gioi-thieu\/","name":"Gi\u1edbi thi\u1ec7u - M\u1eabu web m\u1ef9 ph\u1ea9m","isPartOf":{"@id":"https:\/\/mauweb.tamnguyen.vn\/mypham05\/#website"},"datePublished":"2022-05-18T16:11:56+00:00","dateModified":"2022-05-20T11:07:35+00:00","breadcrumb":{"@id":"https:\/\/mauweb.tamnguyen.vn\/mypham05\/gioi-thieu\/#breadcrumb"},"inLanguage":"vi","potentialAction":[{"@type":"ReadAction","target":["https:\/\/mauweb.tamnguyen.vn\/mypham05\/gioi-thieu\/"]}]},{"@type":"BreadcrumbList","@id":"https:\/\/mauweb.tamnguyen.vn\/mypham05\/gioi-thieu\/#breadcrumb","itemListElement":[{"@type":"ListItem","position":1,"name":"Trang ch\u1ee7","item":"https:\/\/mauweb.tamnguyen.vn\/mypham05\/"},{"@type":"ListItem","position":2,"name":"Gi\u1edbi thi\u1ec7u"}]},{"@type":"WebSite","@id":"https:\/\/mauweb.tamnguyen.vn\/mypham05\/#website","url":"https:\/\/mauweb.tamnguyen.vn\/mypham05\/","name":"M\u1eabu web m\u1ef9 ph\u1ea9m","description":"D\u1ecbch v\u1ee5 thi\u1ebft k\u1ebf web uy t\u00edn","potentialAction":[{"@type":"SearchAction","target":{"@type":"EntryPoint","urlTemplate":"https:\/\/mauweb.tamnguyen.vn\/mypham05\/?s={search_term_string}"},"query-input":{"@type":"PropertyValueSpecification","valueRequired":true,"valueName":"search_term_string"}}],"inLanguage":"vi"}]}},"_links":{"self":[{"href":"https:\/\/mauweb.tamnguyen.vn\/mypham05\/wp-json\/wp\/v2\/pages\/62","targetHints":{"allow":["GET"]}}],"collection":[{"href":"https:\/\/mauweb.tamnguyen.vn\/mypham05\/wp-json\/wp\/v2\/pages"}],"about":[{"href":"https:\/\/mauweb.tamnguyen.vn\/mypham05\/wp-json\/wp\/v2\/types\/page"}],"author":[{"embeddable":true,"href":"https:\/\/mauweb.tamnguyen.vn\/mypham05\/wp-json\/wp\/v2\/users\/1"}],"replies":[{"embeddable":true,"href":"https:\/\/mauweb.tamnguyen.vn\/mypham05\/wp-json\/wp\/v2\/comments?post=62"}],"version-history":[{"count":10,"href":"https:\/\/mauweb.tamnguyen.vn\/mypham05\/wp-json\/wp\/v2\/pages\/62\/revisions"}],"predecessor-version":[{"id":1314,"href":"https:\/\/mauweb.tamnguyen.vn\/mypham05\/wp-json\/wp\/v2\/pages\/62\/revisions\/1314"}],"wp:attachment":[{"href":"https:\/\/mauweb.tamnguyen.vn\/mypham05\/wp-json\/wp\/v2\/media?parent=62"}],"curies":[{"name":"wp","href":"https:\/\/api.w.org\/{rel}","templated":true}]}}