{"id":343,"date":"2021-10-26T16:28:22","date_gmt":"2021-10-26T09:28:22","guid":{"rendered":"http:\/\/mypham4.themevivu.com\/?post_type=product&#038;p=343"},"modified":"2021-11-10T10:56:44","modified_gmt":"2021-11-10T03:56:44","slug":"bosalson-spring-oil-15ml","status":"publish","type":"product","link":"https:\/\/mauweb.tamnguyen.vn\/mypham04\/san-pham\/bosalson-spring-oil-15ml\/","title":{"rendered":"BOSALSON SPRING OIL"},"content":{"rendered":"<h3 dir=\"ltr\">1. T\u00e1c d\u1ee5ng<\/h3>\n<p dir=\"ltr\">T\u0103ng c\u01b0\u1eddng \u0111\u1ed9 \u0111\u00e0n h\u1ed3i v\u00e0 s\u0103n ch\u1eafc cho da, tr\u1ebb h\u00f3a l\u00e0n da, ch\u1ed1ng nh\u0103n v\u00e0 ng\u0103n ng\u1eeba da ch\u1ea3y x\u1ec7:<\/p>\n<ul>\n<li dir=\"ltr\">\n<p dir=\"ltr\">Da ch\u00f9ng x\u1ec7, thi\u1ebfu s\u1ee9c s\u1ed1ng<\/p>\n<\/li>\n<li dir=\"ltr\">\n<p dir=\"ltr\">Nh\u0103n r\u1ea1n da sau sinh<\/p>\n<\/li>\n<li dir=\"ltr\">\n<p dir=\"ltr\">Th\u01b0 gi\u00e3n h\u1ec7 th\u1ea7n kinh v\u00e0 v\u00f9ng c\u01a1 b\u1ecb c\u0103ng<\/p>\n<\/li>\n<li dir=\"ltr\">\n<p dir=\"ltr\">S\u0103n ch\u1eafc, n\u00e2ng n\u1edf m\u00f4ng, ng\u1ef1c<\/p>\n<\/li>\n<li dir=\"ltr\">\n<p dir=\"ltr\">Da l\u00e3o h\u00f3a, nh\u0103n v\u00e0 c\u00e1c n\u1ebfp g\u1ea5p, ch\u00e2n chim<\/p>\n<\/li>\n<li dir=\"ltr\">\n<p dir=\"ltr\">Ch\u1ed1ng \u0111\u1ed9t qu\u1ef5<\/p>\n<\/li>\n<li dir=\"ltr\">\n<p dir=\"ltr\">Tinh th\u1ea7n minh m\u1eabn<\/p>\n<\/li>\n<\/ul>\n<h3 dir=\"ltr\">2. Th\u00e0nh ph\u1ea7n ch\u00ednh<\/h3>\n<p dir=\"ltr\">Camellia Japonica Seed Oil, Camellia Sinensis Seed Oil, Olea Europaea (Olive) Fruit Oil, Argania Spinosa Kernel Oil, Simmondsia Chinensis (Jojoba) Seed Oil, Geranium Maculatum Oil, Rosmarinus Officinalis (Rosemary) Leaf Oil, Rose Flower Oil, Commiphora Myrrha Oil, Achillea Millefolium Oil, Eucalyptus Globulus Leaf\/Twig Oil, Santalum Album (Sandalwood) Oil.<\/p>\n<h3 dir=\"ltr\">3. D\u01b0\u1ee3c li\u1ec7u ch\u00ednh<\/h3>\n<p dir=\"ltr\">Pelargonium, B\u1ea1ch \u0111\u00e0n, Hoa h\u1ed3ng, \u0110\u00e0n h\u01b0\u01a1ng, H\u01b0\u01a1ng th\u1ea3o, V\u1ea1n \u0111i\u1ec7p\u2026<\/p>\n<h3 dir=\"ltr\">4: C\u00e1ch s\u1eed d\u1ee5ng<\/h3>\n<p dir=\"ltr\">&#8211; V\u00f9ng da m\u1eb7t<\/p>\n<p dir=\"ltr\">+ C\u00e1ch 1: Thoa tr\u1ef1c ti\u1ebfp, massage \u0111\u1ec3 th\u1ea9m th\u1ea5u v\u00e0o v\u00f9ng da mu\u1ed1n c\u1ea3i thi\u1ec7n, v\u00f9ng gi\u00e3n t\u0129nh m\u1ea1ch, m\u1ea9n \u0111\u1ecf, nh\u1ea1y c\u1ea3m, da nhi\u1ec5m h\u00f3a ch\u1ea5t&#8230;<\/p>\n<p dir=\"ltr\">+ C\u00e1ch 2: H\u00f2a v\u1edbi n\u01b0\u1edbc theo t\u1ef7 l\u1ec7 1:1, massage m\u1eb7t t\u1eeb 5 &#8211; 7 ph\u00fat sau c\u00e1c b\u01b0\u1edbc l\u00e0m s\u1ea1ch da m\u1eb7t; d\u00f9ng b\u00f4ng ho\u1eb7c mi\u1ebfng b\u1ecdt bi\u1ec3n lau s\u1ea1ch r\u1ed3i r\u1eeda l\u1ea1i b\u1eb1ng n\u01b0\u1edbc, ti\u1ebfp t\u1ee5c c\u00e1c b\u01b0\u1edbc ch\u0103m s\u00f3c da.<\/p>\n<p dir=\"ltr\">&#8211; D\u00f9ng cho to\u00e0n th\u00e2n<\/p>\n<p dir=\"ltr\">+ C\u00e1ch 1: Ph\u01b0\u01a1ng ph\u00e1p ng\u00e2m b\u1ed3n: X\u1ea3 n\u01b0\u1edbc n\u00f3ng v\u00e0o b\u1ed3n cho nhi\u1ec7t \u0111\u1ed9 t\u1eeb 37 \u0111\u1ed9 tr\u1edf l\u00ean, l\u01b0\u1ee3ng n\u01b0\u1edbc ng\u1eadp to\u00e0n th\u00e2n v\u1edbi t\u1eeb 7 &#8211; 10 gi\u1ecdt (c\u00f3 th\u1ec3 d\u00f9ng nhi\u1ec1u h\u01a1n) ng\u00e2m t\u1eeb 15 &#8211; 20 ph\u00fat v\u00e0 kh\u00f4ng c\u1ea7n t\u1eafm l\u1ea1i. N\u00ean ng\u00e2m sau khi \u0111\u00e3 t\u1eafm v\u00e0 v\u1ec7 sinh c\u01a1 th\u1ec3 s\u1ea1ch s\u1ebd.<\/p>\n<p dir=\"ltr\">+ C\u00e1ch 2: Thoa l\u01b0\u1ee3ng tinh d\u1ea7u d\u01b0\u1ee3c li\u1ec7u v\u1eeba \u0111\u1ee7 l\u00ean c\u00e1c v\u00f9ng c\u1ea7n tr\u1ecb li\u1ec7u, massage nh\u1eb9 nh\u00e0ng theo chi\u1ec1u c\u1ea5u t\u1ea1o da v\u00e0 theo chi\u1ec1u h\u1ec7 b\u1ea1ch huy\u1ebft.<\/p>\n<p dir=\"ltr\">+ C\u00e1ch 3: Ng\u00e2m ch\u00e2n: cho 3 &#8211; 5 gi\u1ecdt v\u00e0o ch\u1eadu ng\u00e2m v\u1edbi n\u01b0\u1edbc \u1ea5m n\u00f3ng, ng\u00e2m t\u1eeb 15 &#8211; 20 ph\u00fat.<\/p>\n<p dir=\"ltr\">+ C\u00e1ch 4: Pha v\u1edbi mu\u1ed1i tr\u1ecb li\u1ec7u v\u00e0 c\u00e1c d\u01b0\u1ee3c li\u1ec7u kh\u00e1c, ch\u0103m s\u00f3c nhi\u1ec1u m\u1eb7t b\u1ec7nh c\u00f9ng l\u00fac (theo b\u1ea3ng c\u00f4ng th\u1ee9c mix d\u01b0\u1ee3c li\u1ec7u) v\u00e0 d\u00f9ng li\u1ec7u ph\u00e1p S\u00d3NG L\u00d5I HADOO (li\u1ec7u ph\u00e1p ch\u1ea3i ch\u1ed5i v\u00e0 \u0111\u00e1 n\u0103ng l\u01b0\u1ee3ng) \u0111\u1ec3 t\u1ed1i \u0111a h\u00f3a t\u00e1c d\u1ee5ng cho c\u00e1c b\u1ec7nh l\u00fd.<\/p>\n<p dir=\"ltr\">+ C\u00e1ch 5: Pha v\u1edbi mu\u1ed1i v\u00e0 c\u00e1c d\u01b0\u1ee3c li\u1ec7u kh\u00e1c (theo b\u1ea3ng c\u00f4ng th\u1ee9c mix d\u01b0\u1ee3c li\u1ec7u), massage n\u0103ng l\u01b0\u1ee3ng ph\u1ee5c h\u1ed3i s\u1ee9c kh\u1ecfe th\u1ec3 ch\u1ea5t v\u00e0 t\u00e2m tr\u00ed.<\/p>\n","protected":false},"excerpt":{"rendered":"<p dir=\"ltr\">T\u0103ng c\u01b0\u1eddng \u0111\u1ed9 \u0111\u00e0n h\u1ed3i v\u00e0 s\u0103n ch\u1eafc cho da, tr\u1ebb h\u00f3a l\u00e0n da, ch\u1ed1ng nh\u0103n v\u00e0 ng\u0103n ng\u1eeba da ch\u1ea3y x\u1ec7: Da ch\u00f9ng x\u1ec7, thi\u1ebfu s\u1ee9c s\u1ed1ng; Nh\u0103n r\u1ea1n da sau sinh; Th\u01b0 gi\u00e3n h\u1ec7 th\u1ea7n kinh v\u00e0 v\u00f9ng c\u01a1 b\u1ecb c\u0103ng; S\u0103n ch\u1eafc, n\u00e2ng n\u1edf m\u00f4ng, ng\u1ef1c<\/p>\n","protected":false},"featured_media":2563,"comment_status":"open","ping_status":"closed","template":"","meta":[],"product_cat":[15,20],"product_tag":[],"yst_prominent_words":[],"class_list":["post-343","product","type-product","status-publish","has-post-thumbnail","hentry","product_cat-tinh-dau","product_cat-spring-oil"],"_links":{"self":[{"href":"https:\/\/mauweb.tamnguyen.vn\/mypham04\/wp-json\/wp\/v2\/product\/343","targetHints":{"allow":["GET"]}}],"collection":[{"href":"https:\/\/mauweb.tamnguyen.vn\/mypham04\/wp-json\/wp\/v2\/product"}],"about":[{"href":"https:\/\/mauweb.tamnguyen.vn\/mypham04\/wp-json\/wp\/v2\/types\/product"}],"replies":[{"embeddable":true,"href":"https:\/\/mauweb.tamnguyen.vn\/mypham04\/wp-json\/wp\/v2\/comments?post=343"}],"wp:featuredmedia":[{"embeddable":true,"href":"https:\/\/mauweb.tamnguyen.vn\/mypham04\/wp-json\/wp\/v2\/media\/2563"}],"wp:attachment":[{"href":"https:\/\/mauweb.tamnguyen.vn\/mypham04\/wp-json\/wp\/v2\/media?parent=343"}],"wp:term":[{"taxonomy":"product_cat","embeddable":true,"href":"https:\/\/mauweb.tamnguyen.vn\/mypham04\/wp-json\/wp\/v2\/product_cat?post=343"},{"taxonomy":"product_tag","embeddable":true,"href":"https:\/\/mauweb.tamnguyen.vn\/mypham04\/wp-json\/wp\/v2\/product_tag?post=343"},{"taxonomy":"yst_prominent_words","embeddable":true,"href":"https:\/\/mauweb.tamnguyen.vn\/mypham04\/wp-json\/wp\/v2\/yst_prominent_words?post=343"}],"curies":[{"name":"wp","href":"https:\/\/api.w.org\/{rel}","templated":true}]}}