{"id":336,"date":"2021-10-26T16:22:51","date_gmt":"2021-10-26T09:22:51","guid":{"rendered":"http:\/\/mypham4.themevivu.com\/?post_type=product&#038;p=336"},"modified":"2021-11-10T10:49:42","modified_gmt":"2021-11-10T03:49:42","slug":"bosalson-balance-oil","status":"publish","type":"product","link":"https:\/\/mauweb.tamnguyen.vn\/mypham04\/san-pham\/bosalson-balance-oil\/","title":{"rendered":"BOSALSON BALANCE OIL"},"content":{"rendered":"<h3 dir=\"ltr\">1: T\u00e1c d\u1ee5ng<\/h3>\n<p dir=\"ltr\">T\u0103ng c\u01b0\u1eddng l\u01b0u th\u00f4ng m\u00e1u, gi\u1ea3m c\u0103ng c\u01a1, gi\u00fap th\u01b0 gi\u00e3n c\u00e1c c\u01a1 v\u00e0 \u1ed5n \u0111\u1ecbnh t\u00e2m tr\u00ed:<\/p>\n<ul>\n<li dir=\"ltr\">\n<p dir=\"ltr\">\u1ed4n \u0111\u1ecbnh, l\u01b0u th\u00f4ng\u00a0 tu\u1ea7n ho\u00e0n m\u00e1u<\/p>\n<\/li>\n<li dir=\"ltr\">\n<p dir=\"ltr\">Gi\u1ea3m stress, ng\u1ee7 s\u00e2u gi\u1ea5c<\/p>\n<\/li>\n<li dir=\"ltr\">\n<p dir=\"ltr\">Gi\u1ea3m tr\u1ee9ng c\u00e1<\/p>\n<\/li>\n<li dir=\"ltr\">\n<p dir=\"ltr\">Tr\u1ecb ph\u00e1t ban<\/p>\n<\/li>\n<li dir=\"ltr\">\n<p dir=\"ltr\">Gi\u1ea3m \u0111au c\u00e1c v\u00f9ng c\u01a1 x\u01b0\u01a1ng b\u1ecb \u0111au<\/p>\n<\/li>\n<li dir=\"ltr\">\n<p dir=\"ltr\">Gi\u1ea3m vi\u00eam c\u01a1<\/p>\n<\/li>\n<li dir=\"ltr\">\n<p dir=\"ltr\">C\u00e2n b\u1eb1ng tr\u1ea1ng th\u00e1i s\u1ee9c kh\u1ecfe c\u01a1 th\u1ec3<\/p>\n<\/li>\n<li dir=\"ltr\">\n<p dir=\"ltr\">Ch\u0103m s\u00f3c th\u1ea7n kinh t\u1ecda<\/p>\n<\/li>\n<li dir=\"ltr\">\n<p dir=\"ltr\">Da h\u1ed3ng h\u00e0o<\/p>\n<\/li>\n<li dir=\"ltr\">\n<p dir=\"ltr\">\u1ed4n \u0111\u1ecbnh huy\u1ebft \u00e1p cho ng\u01b0\u1eddi huy\u1ebft \u00e1p cao<\/p>\n<\/li>\n<li dir=\"ltr\">\n<p dir=\"ltr\">Ch\u0103m soc b\u1ec7nh ti\u1ec3u \u0111\u01b0\u1eddng<\/p>\n<\/li>\n<\/ul>\n<h3 dir=\"ltr\">2: Th\u00e0nh ph\u1ea7n ch\u00ednh<\/h3>\n<p dir=\"ltr\">Olea Europaea (Olive) Fruit Oil, Helianthus Annuus (Sunflower) Seed Oil, Macadamia Ternifolia Seed Oil, Simmondsia Chinensis (Jojoba) Seed Oil, Litsea Cubeba Fruit Oil, Piper Nigrum (Pepper) Fruit Oil, Mentha Spicata Herb Oil, Lavandula Angustifolia (Lavender) Oil, Coriandrum Sativum (Coriander) Seed Oil, Boswellia Serrata Oil, Cajeput.<\/p>\n<h3 dir=\"ltr\">3: D\u01b0\u1ee3c li\u1ec7u ch\u00ednh<\/h3>\n<p dir=\"ltr\">Tr\u00e0m, B\u1ea1c h\u00e0, O\u1ea3i h\u01b0\u01a1ng, H\u1ed3 ti\u00eau, Ho\u00e0ng lan, H\u00fang qu\u1ebf, Hoa c\u00fac v\u1ea1n th\u1ecd, Ph\u1ea5n ong\u2026 v\u00e0 d\u01b0\u1ee3c li\u1ec7u b\u00ed truy\u1ec1n.<\/p>\n<h3 dir=\"ltr\">4: C\u00e1ch s\u1eed d\u1ee5ng<\/h3>\n<p dir=\"ltr\">&#8211; V\u00f9ng da m\u1eb7t<\/p>\n<p dir=\"ltr\">+ C\u00e1ch 1: Thoa tr\u1ef1c ti\u1ebfp, massage \u0111\u1ec3 th\u1ea9m th\u1ea5u v\u00e0o v\u00f9ng da mu\u1ed1n c\u1ea3i thi\u1ec7n v\u00e0 ph\u00f9 n\u1ec1, m\u1ea1ch ho\u1eb7c h\u1ea1ch b\u1ea1ch huy\u1ebft v\u00f9ng m\u1eb7t v\u00e0 c\u1ed5 v\u00e0 d\u00f9ng da nhi\u1ec5m \u0111\u1ed9c t\u1ed1 do d\u00f9ng h\u00f3a ch\u1ea5t.<\/p>\n<p dir=\"ltr\">+ C\u00e1ch 2: H\u00f2a v\u1edbi n\u01b0\u1edbc theo t\u1ef7 l\u1ec7 1:1, massage m\u1eb7t t\u1eeb 5 &#8211; 7 ph\u00fat sau c\u00e1c b\u01b0\u1edbc l\u00e0m s\u1ea1ch da m\u1eb7t; d\u00f9ng b\u00f4ng ho\u1eb7c mi\u1ebfng b\u1ecdt bi\u1ec3n lau s\u1ea1ch r\u1ed3i r\u1eeda l\u1ea1i b\u1eb1ng n\u01b0\u1edbc, ti\u1ebfp t\u1ee5c c\u00e1c b\u01b0\u1edbc ch\u0103m s\u00f3c da.<\/p>\n<p dir=\"ltr\">&#8211; D\u00f9ng cho to\u00e0n th\u00e2n<\/p>\n<p dir=\"ltr\">+ C\u00e1ch 1: Ph\u01b0\u01a1ng ph\u00e1p ng\u00e2m b\u1ed3n: X\u1ea3 n\u01b0\u1edbc n\u00f3ng v\u00e0o b\u1ed3n cho nhi\u1ec7t \u0111\u1ed9 t\u1eeb 37 \u0111\u1ed9 tr\u1edf l\u00ean, l\u01b0\u1ee3ng n\u01b0\u1edbc ng\u1eadp to\u00e0n th\u00e2n v\u1edbi t\u1eeb 7 &#8211; 10 gi\u1ecdt (c\u00f3 th\u1ec3 d\u00f9ng nhi\u1ec1u h\u01a1n) ng\u00e2m t\u1eeb 15 &#8211; 20 ph\u00fat v\u00e0 kh\u00f4ng c\u1ea7n t\u1eafm l\u1ea1i. N\u00ean ng\u00e2m sau khi \u0111\u00e3 t\u1eafm v\u00e0 v\u1ec7 sinh c\u01a1 th\u1ec3 s\u1ea1ch s\u1ebd.<\/p>\n<p dir=\"ltr\">+ C\u00e1ch 2: Massage: Thoa l\u01b0\u1ee3ng tinh d\u1ea7u d\u01b0\u1ee3c li\u1ec7u v\u1eeba \u0111\u1ee7 l\u00ean c\u01a1 th\u1ec3, massage nh\u1eb9 nh\u00e0ng theo chi\u1ec1u c\u00e1c m\u1ea1ch b\u1ea1ch huy\u1ebft\u00a0 v\u00e0 h\u1ec7 h\u1ea1ch b\u1ea1ch huy\u1ebft kho\u1ea3ng 5 &#8211; 10 ph\u00fat cho to\u00e0n th\u00e2n r\u1ed3i t\u1eafm l\u1ea1i b\u1eb1ng n\u01b0\u1edbc \u1ea5m. (Sau \u0111\u00f3, n\u1ebfu x\u00f4ng h\u01a1i \u01b0\u1edbt, kh\u00f4, \u1ee7 n\u00f3ng b\u1eb1ng nilon, chi\u1ebfu \u0111i\u1ec7n, 15 &#8211; 20 cho ra m\u1ed3 h\u00f4i th\u00ec t\u0103ng hi\u1ec7u qu\u1ea3).<\/p>\n<p dir=\"ltr\">+ C\u00e1ch 3: Ng\u00e2m ch\u00e2n: Cho 3 \u0111\u1ebfn 5 gi\u1ecdt v\u00e0o ch\u1eadu ng\u00e2m v\u1edbi n\u01b0\u1edbc \u1ea5m n\u00f3ng, ng\u00e2m t\u1eeb 15 &#8211; 20 ph\u00fat.<\/p>\n<p dir=\"ltr\">+ C\u00e1ch 4: Pha v\u1edbi mu\u1ed1i tr\u1ecb li\u1ec7u v\u00e0 c\u00e1c d\u01b0\u1ee3c li\u1ec7u kh\u00e1c, ch\u0103m s\u00f3c nhi\u1ec1u m\u1eb7t b\u1ec7nh c\u00f9ng l\u00fac (theo b\u1ea3ng c\u00f4ng th\u1ee9c mix d\u01b0\u1ee3c li\u1ec7u) v\u00e0 d\u00f9ng li\u1ec7u ph\u00e1p S\u00d3NG L\u00d5I HADOO (li\u1ec7u ph\u00e1p ch\u1ea3i ch\u1ed5i v\u00e0 \u0111\u00e1 n\u0103ng l\u01b0\u1ee3ng) \u0111\u1ec3 t\u1ed1i \u0111a h\u00f3a t\u00e1c d\u1ee5ng cho c\u00e1c b\u1ec7nh l\u00fd.<\/p>\n<p dir=\"ltr\">+ C\u00e1ch 5: Pha v\u1edbi mu\u1ed1i v\u00e0 c\u00e1c d\u01b0\u1ee3c li\u1ec7u kh\u00e1c (theo b\u1ea3ng c\u00f4ng th\u1ee9c mix d\u01b0\u1ee3c li\u1ec7u), massage n\u0103ng l\u01b0\u1ee3ng ph\u1ee5c h\u1ed3i s\u1ee9c kh\u1ecfe th\u1ec3 ch\u1ea5t v\u00e0 t\u00e2m tr\u00ed.<\/p>\n","protected":false},"excerpt":{"rendered":"<p dir=\"ltr\">T\u0103ng c\u01b0\u1eddng l\u01b0u th\u00f4ng m\u00e1u, gi\u1ea3m c\u0103ng c\u01a1, gi\u00fap th\u01b0 gi\u00e3n c\u00e1c c\u01a1 v\u00e0 \u1ed5n \u0111\u1ecbnh t\u00e2m tr\u00ed: \u1ed4n \u0111\u1ecbnh, l\u01b0u th\u00f4ng\u00a0 tu\u1ea7n ho\u00e0n m\u00e1u, Gi\u1ea3m stress, ng\u1ee7 s\u00e2u gi\u1ea5c, Gi\u1ea3m tr\u1ee9ng c\u00e1, Tr\u1ecb ph\u00e1t ban, Gi\u1ea3m \u0111au c\u00e1c v\u00f9ng c\u01a1 x\u01b0\u01a1ng b\u1ecb \u0111au<\/p>\n","protected":false},"featured_media":2557,"comment_status":"open","ping_status":"closed","template":"","meta":[],"product_cat":[15,18],"product_tag":[],"yst_prominent_words":[],"class_list":["post-336","product","type-product","status-publish","has-post-thumbnail","hentry","product_cat-tinh-dau","product_cat-balance-oil"],"_links":{"self":[{"href":"https:\/\/mauweb.tamnguyen.vn\/mypham04\/wp-json\/wp\/v2\/product\/336","targetHints":{"allow":["GET"]}}],"collection":[{"href":"https:\/\/mauweb.tamnguyen.vn\/mypham04\/wp-json\/wp\/v2\/product"}],"about":[{"href":"https:\/\/mauweb.tamnguyen.vn\/mypham04\/wp-json\/wp\/v2\/types\/product"}],"replies":[{"embeddable":true,"href":"https:\/\/mauweb.tamnguyen.vn\/mypham04\/wp-json\/wp\/v2\/comments?post=336"}],"wp:featuredmedia":[{"embeddable":true,"href":"https:\/\/mauweb.tamnguyen.vn\/mypham04\/wp-json\/wp\/v2\/media\/2557"}],"wp:attachment":[{"href":"https:\/\/mauweb.tamnguyen.vn\/mypham04\/wp-json\/wp\/v2\/media?parent=336"}],"wp:term":[{"taxonomy":"product_cat","embeddable":true,"href":"https:\/\/mauweb.tamnguyen.vn\/mypham04\/wp-json\/wp\/v2\/product_cat?post=336"},{"taxonomy":"product_tag","embeddable":true,"href":"https:\/\/mauweb.tamnguyen.vn\/mypham04\/wp-json\/wp\/v2\/product_tag?post=336"},{"taxonomy":"yst_prominent_words","embeddable":true,"href":"https:\/\/mauweb.tamnguyen.vn\/mypham04\/wp-json\/wp\/v2\/yst_prominent_words?post=336"}],"curies":[{"name":"wp","href":"https:\/\/api.w.org\/{rel}","templated":true}]}}