{"id":334,"date":"2021-10-26T16:18:17","date_gmt":"2021-10-26T09:18:17","guid":{"rendered":"http:\/\/mypham4.themevivu.com\/?post_type=product&#038;p=334"},"modified":"2021-11-08T10:23:36","modified_gmt":"2021-11-08T03:23:36","slug":"bosalson-medicos-miracle-care","status":"publish","type":"product","link":"https:\/\/mauweb.tamnguyen.vn\/mypham04\/san-pham\/bosalson-medicos-miracle-care\/","title":{"rendered":"BOSALSON MEDICOS MIRACLE JOINT CARE (100 Gram)"},"content":{"rendered":"<p>BOSALSON MEDICOS MIRACLE JOINT CARE (100 gram)<\/p>\n<p>TH\u00c0NH PH\u1ea6N<br \/>\nCaprylyl Glycol, Chrysanthemum Indicum Flower Extract, Carthamus Tinctorius (Safflower) Flower Extract , Glycyrrhiza Glabra (Licorice) Root Extract, Prunus Armeniaca (Apricot) Kernel Extract, Pueraria Lobata Root Extract, Zingiber Officinale (Ginger) Root Extract, Rheum Palmatum Root Extract, Morus Alba Bark Extract, Hydrolyzed Collagen 18 Disodium EDTA<br \/>\nC\u00d4NG D\u1ee4NG<br \/>\nK\u1ebft h\u1ee3p v\u1edbi k\u1ef9 thu\u1eadt massage gi\u00fap:<br \/>\n&#8211; H\u1ed7 tr\u1ee3 th\u01b0 gi\u00e3n x\u01b0\u01a1ng kh\u1edbp, d\u00e2y ch\u1eb1ng \/L\u00e0m gi\u00e3n c\u0103ng c\u01a1<br \/>\n&#8211; T\u0103ng c\u01b0\u1eddng s\u1ee9c kh\u1ecfe cho s\u1ee5n kh\u1edbp<br \/>\n&#8211; Gi\u1ea3m c\u0103ng c\u01a1 vai \/\u0111au v\u00f9ng l\u01b0ng d\u01b0\u1edbi \/ch\u1ea5n th\u01b0\u01a1ng do th\u1ec3 thao<br \/>\n&#8211; Gi\u1ea3m hi\u1ec7n t\u01b0\u1ee3ng chu\u1ed9t r\u00fat<br \/>\n&#8211; T\u0103ng c\u01b0\u1eddng ho\u1ea1t \u0111\u1ed9ng h\u1ec7 tu\u1ea7n ho\u00e0n, gi\u1ea3m \u0111au c\u01a1<br \/>\n&#8211; L\u00e0m s\u00e1ng da, gi\u1ea3m d\u1ecb \u1ee9ng v\u00e0 m\u1ee5n<\/p>\n","protected":false},"excerpt":{"rendered":"<p>&#8211; H\u1ed7 tr\u1ee3 th\u01b0 gi\u00e3n x\u01b0\u01a1ng kh\u1edbp, d\u00e2y ch\u1eb1ng \/L\u00e0m gi\u00e3n c\u0103ng c\u01a1<br \/>\n&#8211; T\u0103ng c\u01b0\u1eddng s\u1ee9c kh\u1ecfe cho s\u1ee5n kh\u1edbp<br \/>\n&#8211; Gi\u1ea3m c\u0103ng c\u01a1 vai \/\u0111au v\u00f9ng l\u01b0ng d\u01b0\u1edbi \/ch\u1ea5n th\u01b0\u01a1ng do th\u1ec3 thao<br \/>\n&#8211; Gi\u1ea3m hi\u1ec7n t\u01b0\u1ee3ng chu\u1ed9t r\u00fat<\/p>\n","protected":false},"featured_media":335,"comment_status":"open","ping_status":"closed","template":"","meta":[],"product_cat":[34,35],"product_tag":[],"yst_prominent_words":[],"class_list":["post-334","product","type-product","status-publish","has-post-thumbnail","hentry","product_cat-kem-tai-tao-he-co","product_cat-kem-tai-tao-he-co-miracle-joint-care"],"_links":{"self":[{"href":"https:\/\/mauweb.tamnguyen.vn\/mypham04\/wp-json\/wp\/v2\/product\/334","targetHints":{"allow":["GET"]}}],"collection":[{"href":"https:\/\/mauweb.tamnguyen.vn\/mypham04\/wp-json\/wp\/v2\/product"}],"about":[{"href":"https:\/\/mauweb.tamnguyen.vn\/mypham04\/wp-json\/wp\/v2\/types\/product"}],"replies":[{"embeddable":true,"href":"https:\/\/mauweb.tamnguyen.vn\/mypham04\/wp-json\/wp\/v2\/comments?post=334"}],"wp:featuredmedia":[{"embeddable":true,"href":"https:\/\/mauweb.tamnguyen.vn\/mypham04\/wp-json\/wp\/v2\/media\/335"}],"wp:attachment":[{"href":"https:\/\/mauweb.tamnguyen.vn\/mypham04\/wp-json\/wp\/v2\/media?parent=334"}],"wp:term":[{"taxonomy":"product_cat","embeddable":true,"href":"https:\/\/mauweb.tamnguyen.vn\/mypham04\/wp-json\/wp\/v2\/product_cat?post=334"},{"taxonomy":"product_tag","embeddable":true,"href":"https:\/\/mauweb.tamnguyen.vn\/mypham04\/wp-json\/wp\/v2\/product_tag?post=334"},{"taxonomy":"yst_prominent_words","embeddable":true,"href":"https:\/\/mauweb.tamnguyen.vn\/mypham04\/wp-json\/wp\/v2\/yst_prominent_words?post=334"}],"curies":[{"name":"wp","href":"https:\/\/api.w.org\/{rel}","templated":true}]}}