{"id":326,"date":"2021-10-26T16:10:09","date_gmt":"2021-10-26T09:10:09","guid":{"rendered":"http:\/\/mypham4.themevivu.com\/?post_type=product&#038;p=326"},"modified":"2021-11-10T10:50:47","modified_gmt":"2021-11-10T03:50:47","slug":"muoi-balance","status":"publish","type":"product","link":"https:\/\/mauweb.tamnguyen.vn\/mypham04\/san-pham\/muoi-balance\/","title":{"rendered":"BOSALSON MEDICOS BODHI JUKYEM TREATMENT- BALANCE"},"content":{"rendered":"<h3>Overal Information\/ Th\u00f4ng tin chung:<\/h3>\n<p>&#8211; C\u00e2n b\u1eb1ng n\u1ed9i ti\u1ebft t\u1ed1, c\u1ea3i thi\u1ec7n l\u00e0n da, \u0111i\u1ec1u tr\u1ecb v\u1ebft th\u01b0\u01a1ng, v\u1ebft b\u1ecfng.<\/p>\n<p>&#8211; \u00c1p d\u1ee5ng cho c\u00e1c v\u00f9ng: da d\u1ea7u, v\u00f9ng m\u1eb7t, v\u00f9ng s\u1eb9o.<\/p>\n<p>&#8211; Hi\u1ec7u qu\u1ea3 : c\u00e2n b\u1eb1ng qu\u00e1 tr\u00ecnh \u0111i\u1ec1u ti\u1ebft b\u00e3 nh\u1eddn, c\u1ea3i thi\u1ec7n l\u00e0n da, th\u1ea3i \u0111\u1ed9c.<\/p>\n<h3>Ingredient\/Th\u00e0nh ph\u1ea7n:<\/h3>\n<ul>\n<li>Sodium chloride<\/li>\n<li>Tinh d\u1ea7u phong l\u1eef th\u1ea3o (Geranium)<\/li>\n<li>Tinh d\u1ea7u hoa h\u1ed3ng (Rose)<\/li>\n<li>Tinh d\u1ea7u nh\u0169 h\u01b0\u01a1ng (Frankincense)<\/li>\n<li>Tinh d\u1ea7u g\u1ed7 h\u1ed3ng (Rosewood)<\/li>\n<\/ul>\n<h3>H\u01b0\u1edbng d\u1eabn s\u1eed d\u1ee5ng:<\/h3>\n<p>C\u00c1CH K\u1ebeT H\u1ee2P MU\u1ed0I V\u00c0 TINH D\u1ea6U<\/p>\n<p>1. Mu\u1ed1i \u0111\u01b0\u1ee3c pha lo\u00e3ng v\u1edbi dung d\u1ecbch Floral water (Lavender) ho\u1eb7c dung d\u1ecbch hydrosol (h\u01b0\u01a1ng th\u1ea3o), massage to\u00e0n th\u00e2n v\u00e0 r\u1eeda s\u1ea1ch l\u1ea1i b\u1eb1ng n\u01b0\u1edbc.<\/p>\n<p>&#8211; N\u01b0\u1edbc tinh khi\u1ebft c\u0169ng c\u00f3 th\u1ec3 s\u1eed d\u1ee5ng n\u1ebfu kh\u00f4ng c\u00f3 2 lo\u1ea1i dung d\u1ecbch tr\u00ean.<\/p>\n<p>&#8211; T\u1ef7 l\u1ec7: 1 mu\u1ed7ng mu\u1ed1i + dung d\u1ecbch Floral water ho\u1eb7c hydrosol.<\/p>\n<p>2. K\u1ebft h\u1ee3p v\u1edbi tinh d\u1ea7u v\u00e0 massage to\u00e0n th\u00e2n<\/p>\n<p>&#8211; Ph\u01b0\u01a1ng ph\u00e1p t\u01b0\u01a1ng t\u1ef1 nh\u01b0 ph\u01b0\u01a1ng ph\u00e1p massage s\u1eed d\u1ee5ng body oil v\u00e0 kem d\u01b0\u1ee1ng (c\u00e1ch s\u1eed d\u1ee5ng ph\u1ed5 bi\u1ebfn).<\/p>\n<p>C\u00c1CH K\u1ebeT H\u1ee2P MU\u1ed0I V\u00c0 KEM D\u01af\u1ee0NG<\/p>\n<p>Sau khi tr\u1ed9n kem v\u00e0 mu\u1ed1i theo t\u1ef7 l\u1ec7 th\u00ec ti\u1ebfn h\u00e0nh massage to\u00e0n b\u1ed9 c\u01a1 th\u1ec3 v\u00e0 r\u1eeda s\u1ea1ch l\u1ea1i b\u1eb1ng n\u01b0\u1edbc.<\/p>\n<p>&#8211; T\u1ef7 l\u1ec7 : Kem d\u01b0\u1ee1ng 30ml + Mu\u1ed1i 1cc<\/p>\n<p>&#8211; Ph\u01b0\u01a1ng ph\u00e1p t\u01b0\u01a1ng t\u1ef1 nh\u01b0 ph\u01b0\u01a1ng ph\u00e1p massage s\u1eed d\u1ee5ng tinh d\u1ea7u v\u00e0 kem d\u01b0\u1ee1ng (c\u00e1ch s\u1eed d\u1ee5ng ph\u1ed5 bi\u1ebfn).<\/p>\n","protected":false},"excerpt":{"rendered":"<p>Mu\u1ed1i \u0111\u01b0\u1ee3c pha lo\u00e3ng v\u1edbi dung d\u1ecbch Floral water (Lavender) ho\u1eb7c dung d\u1ecbch hydrosol (h\u01b0\u01a1ng th\u1ea3o), massage to\u00e0n th\u00e2n v\u00e0 r\u1eeda s\u1ea1ch l\u1ea1i b\u1eb1ng n\u01b0\u1edbc.<\/p>\n","protected":false},"featured_media":2546,"comment_status":"open","ping_status":"closed","template":"","meta":[],"product_cat":[24,26],"product_tag":[],"yst_prominent_words":[],"class_list":["post-326","product","type-product","status-publish","has-post-thumbnail","hentry","product_cat-muoi","product_cat-muoi-balance"],"_links":{"self":[{"href":"https:\/\/mauweb.tamnguyen.vn\/mypham04\/wp-json\/wp\/v2\/product\/326","targetHints":{"allow":["GET"]}}],"collection":[{"href":"https:\/\/mauweb.tamnguyen.vn\/mypham04\/wp-json\/wp\/v2\/product"}],"about":[{"href":"https:\/\/mauweb.tamnguyen.vn\/mypham04\/wp-json\/wp\/v2\/types\/product"}],"replies":[{"embeddable":true,"href":"https:\/\/mauweb.tamnguyen.vn\/mypham04\/wp-json\/wp\/v2\/comments?post=326"}],"wp:featuredmedia":[{"embeddable":true,"href":"https:\/\/mauweb.tamnguyen.vn\/mypham04\/wp-json\/wp\/v2\/media\/2546"}],"wp:attachment":[{"href":"https:\/\/mauweb.tamnguyen.vn\/mypham04\/wp-json\/wp\/v2\/media?parent=326"}],"wp:term":[{"taxonomy":"product_cat","embeddable":true,"href":"https:\/\/mauweb.tamnguyen.vn\/mypham04\/wp-json\/wp\/v2\/product_cat?post=326"},{"taxonomy":"product_tag","embeddable":true,"href":"https:\/\/mauweb.tamnguyen.vn\/mypham04\/wp-json\/wp\/v2\/product_tag?post=326"},{"taxonomy":"yst_prominent_words","embeddable":true,"href":"https:\/\/mauweb.tamnguyen.vn\/mypham04\/wp-json\/wp\/v2\/yst_prominent_words?post=326"}],"curies":[{"name":"wp","href":"https:\/\/api.w.org\/{rel}","templated":true}]}}