{"id":2512,"date":"2021-11-04T11:14:38","date_gmt":"2021-11-04T04:14:38","guid":{"rendered":"http:\/\/mypham4.themevivu.com\/?post_type=product&#038;p=2512"},"modified":"2021-11-10T12:29:13","modified_gmt":"2021-11-10T05:29:13","slug":"bosalson-fantasia-oil","status":"publish","type":"product","link":"https:\/\/mauweb.tamnguyen.vn\/mypham04\/san-pham\/bosalson-fantasia-oil\/","title":{"rendered":"BOSALSON FANTASIA OIL"},"content":{"rendered":"<p style=\"text-align: justify;\"><span style=\"font-weight: 400;\">B\u1ed9 8 d\u01b0\u1ee3c li\u1ec7u Bosalson \u0111\u00e1nh d\u1ea5u cho \u201cqu\u1ea3 ng\u1ecdt\u201d trong h\u00e0nh tr\u00ecnh n\u1ed7 l\u1ef1c ki\u00ean tr\u00ec, nghi\u00eam t\u00fac c\u1ee7a <strong>Hadoo iHealing<\/strong> \u0111\u1ec3 mang \u0111\u1ebfn gi\u1ea3i ph\u00e1p l\u00e0m \u0111\u1eb9p thu\u1eadn t\u1ef1 nhi\u00ean, hi\u1ec7u qu\u1ea3. Trong \u0111\u00f3, nh\u1ea5t \u0111\u1ecbnh ph\u1ea3i k\u1ec3 \u0111\u1ebfn <\/span><b>Bosalson Medicos Banya Oil &#8211; Fantasia<\/b><span style=\"font-weight: 400;\"> \u0111\u00e1nh d\u1ea5u cho s\u1ef1 th\u00e0nh c\u00f4ng v\u00e0 minh ch\u1ee9ng cho n\u1ed7 l\u1ef1c c\u1ee7a <strong>Hadoo Vi\u1ec7t Nam<\/strong>.<\/span><\/p>\n<p style=\"text-align: justify;\"><span style=\"font-weight: 400;\">H\u00e3y c\u00f9ng ch\u00fang t\u00f4i t\u00ecm hi\u1ec3u v\u1ec1 s\u1ea3n ph\u1ea9m <\/span><b>Bosalson Medicos Banya Oil &#8211; Fantasia<\/b><span style=\"font-weight: 400;\"> trong b\u00e0i vi\u1ebft d\u01b0\u1edbi \u0111\u00e2y!<img loading=\"lazy\" decoding=\"async\" class=\"aligncenter size-full wp-image-2941\" src=\"http:\/\/mypham4.themevivu.com\/wp-content\/uploads\/2021\/11\/Bosalson-fantasia-oil-2.jpg\" alt=\"Bosalson fantasia oil\" width=\"800\" height=\"800\" srcset=\"https:\/\/mauweb.tamnguyen.vn\/mypham04\/wp-content\/uploads\/2021\/11\/Bosalson-fantasia-oil-2.jpg 800w, https:\/\/mauweb.tamnguyen.vn\/mypham04\/wp-content\/uploads\/2021\/11\/Bosalson-fantasia-oil-2-300x300.jpg 300w, https:\/\/mauweb.tamnguyen.vn\/mypham04\/wp-content\/uploads\/2021\/11\/Bosalson-fantasia-oil-2-150x150.jpg 150w, https:\/\/mauweb.tamnguyen.vn\/mypham04\/wp-content\/uploads\/2021\/11\/Bosalson-fantasia-oil-2-768x768.jpg 768w, https:\/\/mauweb.tamnguyen.vn\/mypham04\/wp-content\/uploads\/2021\/11\/Bosalson-fantasia-oil-2-600x600.jpg 600w, https:\/\/mauweb.tamnguyen.vn\/mypham04\/wp-content\/uploads\/2021\/11\/Bosalson-fantasia-oil-2-100x100.jpg 100w\" sizes=\"auto, (max-width: 800px) 100vw, 800px\" \/><\/span><\/p>\n<h2 style=\"text-align: justify;\">Th\u00e0nh ph\u1ea7n<\/h2>\n<p style=\"text-align: justify;\"><span style=\"font-weight: 400;\">Camellia Sinensis Seed Oil, Macadamia Ternifolia Seed Oil, Olea Europaea (Olive) Fruit Oil, Simmondsia Chinensis (Jojoba) Seed Oil, Geranium Maculatum Oil, Cha-maecyparis Obtusa Oil, Juniperus Oxycedrus Fruit Oil, Lavandula Angustifolia (Lav-ender) Oil, Citrus Reticulata (Tangerine) Peel Oil, Mentha Piperita (Peppermint) Oil, Chamomilla Recutita (Matricaria) Flower Oil.<\/span><\/p>\n<h2 style=\"text-align: justify;\">D\u01b0\u1ee3c li\u1ec7u ch\u00ednh<\/h2>\n<p style=\"text-align: justify;\"><span style=\"font-weight: 400;\">C\u00e1c d\u01b0\u1ee3c li\u1ec7u ch\u00ednh nh\u01b0 ho\u00e0ng lan, tr\u00e0m, b\u1ea1c h\u00e0, h\u1ed3 ti\u00eau, o\u1ea3i h\u01b0\u01a1ng,&#8230; \u0111\u01b0\u1ee3c k\u1ebft h\u1ee3p theo c\u00f4ng th\u1ee9c \u0111\u01b0\u1ee3c nghi\u00ean c\u1ee9u \u0111\u1ed9c quy\u1ec1n b\u1edfi chuy\u00ean gia c\u1ee7a Hadoo Vi\u1ec7t Nam.<\/span><\/p>\n<p style=\"text-align: justify;\"><span style=\"font-weight: 400;\">M\u1ed7i lo\u1ea1i d\u01b0\u1ee3c li\u1ec7u c\u00f3 nh\u1eefng c\u00f4ng th\u1ee9c c\u1ee5 th\u1ec3:<\/span><\/p>\n<ul style=\"text-align: justify;\">\n<li style=\"font-weight: 400;\" aria-level=\"1\"><span style=\"font-weight: 400;\"><strong>Ho\u00e0ng lan<\/strong>: C\u00f3 th\u1ec3 l\u00e0m gi\u1ea3m huy\u1ebft \u00e1p cao, \u0111i\u1ec1u ti\u1ebft c\u00e1c ch\u1ea5t b\u00e3 nh\u1eddn \u0111\u1ed1i v\u1edbi c\u00e1c v\u1ea5n \u0111\u1ec1 v\u1ec1 da, gi\u1ea3m c\u0103ng th\u1eb3ng hi\u1ec7u qu\u1ea3 v\u00e0 c\u00f3 t\u00ednh kh\u00e1ng khu\u1ea9n cao.<img loading=\"lazy\" decoding=\"async\" class=\"aligncenter size-full wp-image-2942\" src=\"http:\/\/mypham4.themevivu.com\/wp-content\/uploads\/2021\/11\/hoa-hoang-lan-hadoo.jpg\" alt=\"Hoa Ho\u00e0ng Lan\" width=\"800\" height=\"800\" srcset=\"https:\/\/mauweb.tamnguyen.vn\/mypham04\/wp-content\/uploads\/2021\/11\/hoa-hoang-lan-hadoo.jpg 800w, https:\/\/mauweb.tamnguyen.vn\/mypham04\/wp-content\/uploads\/2021\/11\/hoa-hoang-lan-hadoo-300x300.jpg 300w, https:\/\/mauweb.tamnguyen.vn\/mypham04\/wp-content\/uploads\/2021\/11\/hoa-hoang-lan-hadoo-150x150.jpg 150w, https:\/\/mauweb.tamnguyen.vn\/mypham04\/wp-content\/uploads\/2021\/11\/hoa-hoang-lan-hadoo-768x768.jpg 768w, https:\/\/mauweb.tamnguyen.vn\/mypham04\/wp-content\/uploads\/2021\/11\/hoa-hoang-lan-hadoo-600x600.jpg 600w, https:\/\/mauweb.tamnguyen.vn\/mypham04\/wp-content\/uploads\/2021\/11\/hoa-hoang-lan-hadoo-100x100.jpg 100w\" sizes=\"auto, (max-width: 800px) 100vw, 800px\" \/><\/span><\/li>\n<li style=\"font-weight: 400;\" aria-level=\"1\"><span style=\"font-weight: 400;\"><strong>Tr\u00e0m<\/strong>: C\u00f3 th\u00e0nh ph\u1ea7n ch\u00ednh l\u00e0 Cineol v\u00e0 \u03b1-Terpineol v\u1edbi kh\u1ea3 n\u0103ng kh\u00e1ng khu\u1ea9n v\u00e0 kh\u00e1ng sinh cao.<img loading=\"lazy\" decoding=\"async\" class=\"aligncenter size-full wp-image-2943\" src=\"http:\/\/mypham4.themevivu.com\/wp-content\/uploads\/2021\/11\/hoa-tram-hadoo.jpg\" alt=\"Hoa Tr\u00e0m\" width=\"800\" height=\"600\" srcset=\"https:\/\/mauweb.tamnguyen.vn\/mypham04\/wp-content\/uploads\/2021\/11\/hoa-tram-hadoo.jpg 800w, https:\/\/mauweb.tamnguyen.vn\/mypham04\/wp-content\/uploads\/2021\/11\/hoa-tram-hadoo-300x225.jpg 300w, https:\/\/mauweb.tamnguyen.vn\/mypham04\/wp-content\/uploads\/2021\/11\/hoa-tram-hadoo-768x576.jpg 768w, https:\/\/mauweb.tamnguyen.vn\/mypham04\/wp-content\/uploads\/2021\/11\/hoa-tram-hadoo-600x450.jpg 600w\" sizes=\"auto, (max-width: 800px) 100vw, 800px\" \/><\/span><\/li>\n<li style=\"font-weight: 400;\" aria-level=\"1\"><span style=\"font-weight: 400;\"><strong>B\u1ea1c h\u00e0<\/strong>: C\u00f3 t\u00e1c d\u1ee5ng l\u00e0m d\u1ecbu da, s\u0103n ch\u1eafc v\u00e0 ch\u1ed1ng vi\u00eam da, gi\u00fap ch\u0103m s\u00f3c l\u00e0n da c\u1ee7a b\u1ea1n khi ch\u00e1y n\u1eafng, gi\u1ea3m \u0111au c\u01a1 v\u00e0 kh\u1edbp hi\u1ec7u qu\u1ea3, h\u1ed7 tr\u1ee3 \u0111i\u1ec1u tr\u1ecb c\u00e1c b\u1ec7nh h\u00f4 h\u1ea5p, gi\u1ea3m m\u1ec7t m\u1ecfi.<img loading=\"lazy\" decoding=\"async\" class=\"aligncenter size-full wp-image-2944\" src=\"http:\/\/mypham4.themevivu.com\/wp-content\/uploads\/2021\/11\/la-bac-ha-hadoo.jpg\" alt=\"L\u00e1 B\u1ea1c H\u00e0\" width=\"800\" height=\"534\" srcset=\"https:\/\/mauweb.tamnguyen.vn\/mypham04\/wp-content\/uploads\/2021\/11\/la-bac-ha-hadoo.jpg 800w, https:\/\/mauweb.tamnguyen.vn\/mypham04\/wp-content\/uploads\/2021\/11\/la-bac-ha-hadoo-300x200.jpg 300w, https:\/\/mauweb.tamnguyen.vn\/mypham04\/wp-content\/uploads\/2021\/11\/la-bac-ha-hadoo-768x513.jpg 768w, https:\/\/mauweb.tamnguyen.vn\/mypham04\/wp-content\/uploads\/2021\/11\/la-bac-ha-hadoo-600x401.jpg 600w\" sizes=\"auto, (max-width: 800px) 100vw, 800px\" \/><\/span><\/li>\n<li style=\"font-weight: 400;\" aria-level=\"1\"><span style=\"font-weight: 400;\"><strong>H\u1ed3 ti\u00eau<\/strong>: H\u1ea1t ti\u00eau \u0111en r\u1ea5t gi\u00e0u ch\u1ea5t ch\u1ed1ng oxy ho\u00e1, ch\u1eb3ng h\u1ea1n nh\u01b0 beta caro-tene, gi\u00fap t\u0103ng c\u01b0\u1eddng h\u1ec7 mi\u1ec5n d\u1ecbch v\u00e0 ng\u0103n ng\u1eeba s\u1ef1 hu\u1ef7 ho\u1ea1i c\u00e1c t\u1ebf b\u00e0o g\u00e2y ra c\u00e1c c\u0103n b\u1ec7nh ung th\u01b0 v\u00e0 tim m\u1ea1ch. Gi\u1ea3m \u0111au, h\u1ed7 tr\u1ee3 ti\u00eau ho\u00e1.<img loading=\"lazy\" decoding=\"async\" class=\"aligncenter wp-image-2945 size-full\" src=\"http:\/\/mypham4.themevivu.com\/wp-content\/uploads\/2021\/11\/ho-tieu-hadoo.jpg\" alt=\"H\u1ed3 Ti\u00eau\" width=\"800\" height=\"600\" srcset=\"https:\/\/mauweb.tamnguyen.vn\/mypham04\/wp-content\/uploads\/2021\/11\/ho-tieu-hadoo.jpg 800w, https:\/\/mauweb.tamnguyen.vn\/mypham04\/wp-content\/uploads\/2021\/11\/ho-tieu-hadoo-300x225.jpg 300w, https:\/\/mauweb.tamnguyen.vn\/mypham04\/wp-content\/uploads\/2021\/11\/ho-tieu-hadoo-768x576.jpg 768w, https:\/\/mauweb.tamnguyen.vn\/mypham04\/wp-content\/uploads\/2021\/11\/ho-tieu-hadoo-600x450.jpg 600w\" sizes=\"auto, (max-width: 800px) 100vw, 800px\" \/><\/span><\/li>\n<li style=\"font-weight: 400;\" aria-level=\"1\"><span style=\"font-weight: 400;\"><strong>O\u1ea3i h\u01b0\u01a1ng<\/strong>: H\u1ed7 tr\u1ee3 ch\u1eefa tr\u1ecb \u0111au \u0111\u1ea7u, suy nh\u01b0\u1ee3c, c\u1ea3m n\u1eafng hi\u1ec7u qu\u1ea3. Gi\u1ea3m c\u0103ng th\u1eb3ng, th\u01b0 gi\u00e3n, d\u1ec5 ng\u1ee7, \u0111i\u1ec1u tr\u1ecb m\u1ed9t s\u1ed1 v\u1ea5n \u0111\u1ec1 v\u1ec1 da nh\u01b0: m\u1ee5n, da kh\u00f4, m\u1ea9n ng\u1ee9a,&#8230;<img loading=\"lazy\" decoding=\"async\" class=\"aligncenter size-full wp-image-2946\" src=\"http:\/\/mypham4.themevivu.com\/wp-content\/uploads\/2021\/11\/hoa-oai-huong-hadoo.jpg\" alt=\"Hoa O\u1ea3i H\u01b0\u01a1ng\" width=\"800\" height=\"525\" srcset=\"https:\/\/mauweb.tamnguyen.vn\/mypham04\/wp-content\/uploads\/2021\/11\/hoa-oai-huong-hadoo.jpg 800w, https:\/\/mauweb.tamnguyen.vn\/mypham04\/wp-content\/uploads\/2021\/11\/hoa-oai-huong-hadoo-300x197.jpg 300w, https:\/\/mauweb.tamnguyen.vn\/mypham04\/wp-content\/uploads\/2021\/11\/hoa-oai-huong-hadoo-768x504.jpg 768w, https:\/\/mauweb.tamnguyen.vn\/mypham04\/wp-content\/uploads\/2021\/11\/hoa-oai-huong-hadoo-600x394.jpg 600w\" sizes=\"auto, (max-width: 800px) 100vw, 800px\" \/><\/span><\/li>\n<\/ul>\n<h2 style=\"text-align: justify;\">C\u00f4ng d\u1ee5ng<\/h2>\n<p style=\"text-align: justify;\"><span style=\"font-weight: 400;\">Gi\u00fap t\u0103ng c\u01b0\u1eddng l\u01b0u th\u00f4ng h\u1ec7 b\u1ea1ch huy\u1ebft, t\u0103ng c\u01b0\u1eddng ho\u1ea1t \u0111\u1ed9ng c\u1ee7a h\u1ec7 mi\u1ec5n d\u1ecbch, qua \u0111\u00f3, gi\u00fap\u00a0 gi\u1ea3m ph\u00f9 n\u1ec1, t\u0103ng c\u01b0\u1eddng lo\u1ea1i b\u1ecf \u0111\u1ed9c t\u1ed1.<\/span><\/p>\n<ul style=\"text-align: justify;\">\n<li style=\"font-weight: 400;\" aria-level=\"1\"><span style=\"font-weight: 400;\">\u0110\u00e0o th\u1ea3i \u0111\u1ed9c t\u1ed1, c\u00e1c ch\u1ea5t th\u1ea3i c\u00f3 trong c\u01a1 th\u1ec3.<\/span><\/li>\n<li style=\"font-weight: 400;\" aria-level=\"1\"><span style=\"font-weight: 400;\">T\u0103ng c\u01b0\u1eddng ch\u1ee9c n\u0103ng h\u1ec7 b\u1ea1ch huy\u1ebft.<\/span><\/li>\n<li style=\"font-weight: 400;\" aria-level=\"1\"><span style=\"font-weight: 400;\">T\u0103ng c\u01b0\u1eddng, c\u1ea3i thi\u1ec7n ch\u1ee9c n\u0103ng mi\u1ec5n d\u1ecbch v\u00e0 s\u1ee9c \u0111\u1ec1 kh\u00e1ng.<\/span><\/li>\n<li style=\"font-weight: 400;\" aria-level=\"1\"><span style=\"font-weight: 400;\">Gi\u1ea3m ph\u00f9 n\u1ec1 c\u01a1 th\u1ec3.<\/span><\/li>\n<li style=\"font-weight: 400;\" aria-level=\"1\"><span style=\"font-weight: 400;\">Gi\u1ea3m m\u1ee1 c\u1ee9ng, m\u1ee1 l\u1ea1nh d\u01b0\u1edbi da v\u00e0 m\u1ee1 n\u1ed9i t\u1ea1ng.<\/span><\/li>\n<li style=\"font-weight: 400;\" aria-level=\"1\"><span style=\"font-weight: 400;\">T\u0103ng c\u01b0\u1eddng ch\u1ee9c n\u0103ng chuy\u1ec3n h\u00f3a th\u1ee9c \u0103n.<\/span><\/li>\n<li style=\"font-weight: 400;\" aria-level=\"1\"><span style=\"font-weight: 400;\">T\u0103ng c\u01b0\u1eddng \u0111\u1ed9 \u1ea9m t\u1ef1 nhi\u00ean cho da v\u00e0 \u0111\u00e0o th\u1ea3i \u0111\u1ed9c t\u1ed1 b\u1ec1 m\u1eb7t da, lo\u1ea1i b\u1ecf s\u1eebng h\u00f3a da.<\/span><\/li>\n<\/ul>\n<ul style=\"text-align: justify;\">\n<li style=\"font-weight: 400;\" aria-level=\"1\"><span style=\"font-weight: 400;\">Suy th\u1eadn, \u0111au l\u01b0ng, \u0111au kh\u1edbp, d\u1ea1 d\u00e0y, tuy\u1ebfn t\u1ee5y, ti\u1ec3u \u0111\u01b0\u1eddng, ung th\u01b0, stress, m\u1ea5t ng\u1ee7, \u0111\u1ed9t qu\u1ef5, gai \u0111\u00f4i \u0111\u1ed1t s\u1ed1ng,&#8230;<\/span><\/li>\n<\/ul>\n<h2 style=\"text-align: justify;\">H\u01b0\u1edbng d\u1eabn s\u1eed d\u1ee5ng<\/h2>\n<p style=\"text-align: justify;\"><span style=\"font-weight: 400;\">S\u1ea3n ph\u1ea9m c\u00f3 th\u1ec3 s\u1eed d\u1ee5ng cho da m\u1eb7t v\u00e0 to\u00e0n th\u00e2n. B\u1ea1n c\u00f3 th\u1ec3 tham kh\u1ea3o h\u01b0\u1edbng d\u1eabn d\u01b0\u1edbi \u0111\u00e2y:<\/span><\/p>\n<h3 style=\"text-align: justify;\">D\u00f9ng cho da m\u1eb7t<\/h3>\n<p style=\"text-align: justify;\"><span style=\"font-weight: 400;\">L\u00e0m thon g\u1ecdn m\u1eb7t, gi\u1ea3m n\u1ebfp nh\u0103n, b\u1ecdng m\u1eaft, r\u00e3nh c\u01b0\u1eddi s\u00e2u, n\u00e2ng c\u01a1 v\u00e0 thon g\u1ecdn n\u1ecdng c\u1eb1m. Mix d\u01b0\u1ee3c li\u1ec7u: Fantasia, Venus, Spring m\u1ed7i lo\u1ea1i 3 gi\u1ecdt<\/span><\/p>\n<p style=\"text-align: justify;\"><span style=\"font-weight: 400;\">+ B\u01b0\u1edbc 1: D\u00f9ng tay thoa \u0111\u1ec1u d\u01b0\u1ee3c li\u1ec7u \u0111\u00e3 mix l\u00ean m\u1eb7t, tay \u00f4m s\u00e1t mi\u1ebft ch\u1eb7t \u0111\u1ea7m l\u1ef1c v\u00f9ng c\u1ea7n ch\u0103m s\u00f3c theo th\u1ee9 t\u1ef1 sau:<\/span><\/p>\n<ul style=\"text-align: justify;\">\n<li style=\"font-weight: 400;\" aria-level=\"1\"><span style=\"font-weight: 400;\">Mi\u1ebft t\u1eeb c\u1ed5 l\u00ean v\u00f9ng sau tai, tay n\u1ecd n\u1ed1i ti\u1ebfp tay kia, th\u1ef1c hi\u1ec7n 15- 20 l\u1ea7n m\u1ed7i b\u00ean.<\/span><\/li>\n<li style=\"font-weight: 400;\" aria-level=\"1\"><span style=\"font-weight: 400;\">T\u1eadp trung t\u1eeb c\u1eb1m, hai tay n\u1ed1i nhau mi\u1ebft t\u1eeb c\u1eb1m l\u00ean sau tai, th\u1ef1c hi\u1ec7n 15 &#8211; 20 l\u1ea7n m\u1ed7i b\u00ean.<\/span><\/li>\n<li style=\"font-weight: 400;\" aria-level=\"1\"><span style=\"font-weight: 400;\">Mi\u1ebft t\u1eeb kho\u00e9 mi\u1ec7ng \u0111\u01b0a l\u00ean th\u1ef1c hi\u1ec7n 15 &#8211; 20 l\u1ea7n m\u1ed7i b\u00ean.<\/span><\/li>\n<li style=\"font-weight: 400;\" aria-level=\"1\"><span style=\"font-weight: 400;\">Mi\u1ebft t\u1eeb ph\u1ea7n b\u1ecdng m\u1eaft ra ch\u00e2n t\u00f3c th\u1ef1c hi\u1ec7n 15 &#8211; 20 l\u1ea7n m\u1ed7i b\u00ean.<\/span><\/li>\n<li style=\"font-weight: 400;\" aria-level=\"1\"><span style=\"font-weight: 400;\">Mi\u1ebft t\u1eeb \u0111\u1ea7u m\u1eaft ph\u00eda tr\u00ean \u0111\u01b0a ra ngo\u00e0i v\u00e0 h\u01b0\u1edbng \u0111i l\u00ean tr\u00ean ph\u1ea7n \u0111u\u00f4i l\u00f4ng m\u00e0y th\u1ef1c hi\u1ec7n t\u1eeb 15 &#8211; 20 l\u1ea7n m\u1ed7i b\u00ean.<\/span><\/li>\n<li style=\"font-weight: 400;\" aria-level=\"1\"><span style=\"font-weight: 400;\">V\u00f9ng tr\u00e1n mi\u1ebft \u0111i l\u00ean th\u1ef1c hi\u1ec7n 15 &#8211; 20 l\u1ea7n.<\/span><\/li>\n<\/ul>\n<p style=\"text-align: justify;\"><span style=\"font-weight: 400;\">+ B\u01b0\u1edbc 2: D\u00f9ng b\u00f4ng ho\u1eb7c mi\u1ebfng b\u1ecdt bi\u1ec3n lau s\u1ea1ch m\u1eb7t r\u1ed3i r\u1eeda l\u1ea1i b\u1eb1ng n\u01b0\u1edbc, ti\u1ebfp t\u1ee5c c\u00e1c b\u01b0\u1edbc ch\u0103m s\u00f3c da.<\/span><\/p>\n<h3 style=\"text-align: justify;\">D\u00f9ng cho to\u00e0n th\u00e2n<\/h3>\n<p style=\"text-align: justify;\"><span style=\"font-weight: 400;\">+ C\u00e1ch 1: Massage: Thoa l\u01b0\u1ee3ng d\u01b0\u1ee3c li\u1ec7u v\u1eeba \u0111\u1ee7 l\u00ean c\u01a1 th\u1ec3, massage nh\u1eb9 nh\u00e0ng theo th\u1ee9 t\u1ef1:\u00a0<\/span><\/p>\n<ul style=\"text-align: justify;\">\n<li style=\"font-weight: 400;\" aria-level=\"1\"><span style=\"font-weight: 400;\">Mi\u1ebft v\u00e0 k\u00e9o \u0111\u1ec3 \u0111\u00e1nh tan \u1ee9 \u0111\u1ecdng ph\u00f9 n\u1ec1 t\u1ea1i v\u00f9ng n\u00e1ch, th\u1ef1c hi\u1ec7n t\u1eeb 5-7 ph\u00fat m\u1ed7i ng\u00e0y.<\/span><\/li>\n<li style=\"font-weight: 400;\" aria-level=\"1\"><span style=\"font-weight: 400;\">Xoa b\u1ee5ng theo chi\u1ec1u kim \u0111\u1ed3ng h\u1ed3, theo chi\u1ec1u xo\u00e1y tr\u00f4n \u1ed1c t\u1eeb trong ra ngo\u00e0i, th\u1ef1c hi\u1ec7n 15 ph\u00fat m\u1ed7i ng\u00e0y.<\/span><\/li>\n<li style=\"font-weight: 400;\" aria-level=\"1\"><span style=\"font-weight: 400;\">Massage b\u1eafp ch\u00e2n nh\u1eb9 nh\u00e0ng theo chi\u1ec1u l\u00ean xu\u1ed1ng, th\u1ef1c hi\u1ec7n 15 ph\u00fat m\u1ed7i ng\u00e0y.<\/span><\/li>\n<li style=\"font-weight: 400;\" aria-level=\"1\"><span style=\"font-weight: 400;\">Massage v\u00f9ng l\u01b0ng theo chi\u1ec1u l\u00ean xu\u1ed1ng, tr\u00e1i ph\u1ea3i, th\u1ef1c hi\u1ec7n 15 &#8211; 20 ph\u00fat m\u1ed7i ng\u00e0y<\/span><\/li>\n<\/ul>\n<p style=\"text-align: justify;\"><span style=\"font-weight: 400;\">+ C\u00e1ch 2: Ph\u01b0\u01a1ng ph\u00e1p ng\u00e2m b\u1ed3n: X\u1ea3 n\u01b0\u1edbc n\u00f3ng nhi\u1ec7t \u0111\u1ed9 t\u1eeb 37 \u0111\u1ed9 tr\u1edf l\u00ean v\u00e0o b\u1ed3n, l\u01b0\u1ee3ng n\u01b0\u1edbc ng\u1eadp to\u00e0n th\u00e2n th\u00eam t\u1eeb 7-10 gi\u1ecdt d\u01b0\u1ee3c li\u1ec7u ng\u00e2m t\u1eeb 15-20 ph\u00fat kh\u00f4ng c\u1ea7n t\u1eafm l\u1ea1i. N\u00ean ng\u00e2m sau khi \u0111\u00e3 t\u1eafm v\u00e0 v\u1ec7 sinh c\u01a1 th\u1ec3 s\u1ea1ch s\u1ebd.\u00a0<\/span><\/p>\n<p style=\"text-align: justify;\"><span style=\"font-weight: 400;\">+ C\u00e1ch 3: Ng\u00e2m ch\u00e2n.<\/span><\/p>\n<p style=\"text-align: justify;\"><span style=\"font-weight: 400;\">Cho 3-5 gi\u1ecdt v\u00e0o ch\u1eadu ng\u00e2m v\u1edbi n\u01b0\u1edbc \u1ea5m n\u00f3ng, ng\u00e2m t\u1eeb 15-20 ph\u00fat.\u00a0<\/span><\/p>\n<p style=\"text-align: justify;\"><span style=\"font-weight: 400;\">+ C\u00e1ch 4: Pha v\u1edbi mu\u1ed1i tr\u1ecb li\u1ec7u v\u00e0 c\u00e1c d\u01b0\u1ee3c li\u1ec7u kh\u00e1c, ch\u0103m s\u00f3c nhi\u1ec1u m\u1eb7t b\u1ec7nh c\u00f9ng l\u00fac (theo b\u1ea3ng c\u00f4ng th\u1ee9c mix d\u01b0\u1ee3c li\u1ec7u) v\u00e0 d\u00f9ng li\u1ec7u ph\u00e1p S\u00d3NG L\u00d5I HADOO \u0111\u1ec3 t\u1ed1i \u0111a h\u00f3a t\u00e1c d\u1ee5ng cho c\u00e1c b\u1ec7nh l\u00fd.<\/span><\/p>\n<h2 style=\"text-align: justify;\">H\u01b0\u1edbng d\u1eabn b\u1ea3o qu\u1ea3n<\/h2>\n<p style=\"text-align: justify;\"><span style=\"font-weight: 400;\">S\u1ea3n ph\u1ea9m \u0111\u01b0\u1ee3c b\u1ea3o qu\u1ea3n \u1edf \u0111i\u1ec1u ki\u1ec7n kh\u00f4 r\u00e1o, tr\u00e1nh \u00e1nh n\u1eafng tr\u1ef1c ti\u1ebfp.<\/span><\/p>\n<h2 style=\"text-align: justify;\">Ch\u1ee9ng nh\u1eadn s\u1ea3n ph\u1ea9m ch\u1ea5t l\u01b0\u1ee3ng<\/h2>\n<p style=\"text-align: justify;\"><span style=\"font-weight: 400;\">M\u1ed7i s\u1ea3n ph\u1ea9m \u0111\u1ec1u tr\u1ea3i qua qu\u00e1 tr\u00ecnh nghi\u00ean c\u1ee9u k\u1ef9 l\u01b0\u1ee1ng, kh\u1eaft khe t\u1eeb qu\u00e1 tr\u00ecnh l\u1ef1a ch\u1ecdn nguy\u00ean li\u1ec7u, s\u1ea3n xu\u1ea5t \u0111\u1ebfn th\u00e0nh ph\u1ea7n cu\u1ed1i c\u00f9ng \u0111\u1ec3 \u0111\u1ea3m b\u1ea3o ti\u00eau chu\u1ea9n an to\u00e0n cho ng\u01b0\u1eddi s\u1eed d\u1ee5ng. \u0110\u1ec3 c\u00f3 \u0111\u01b0\u1ee3c s\u1ef1 ho\u00e0n thi\u1ec7n t\u1eeb ch\u1ea5t l\u01b0\u1ee3ng t\u1edbi c\u00e1c bao b\u00ec \u0111\u00f3ng g\u00f3i, <strong>Hadoo iHealing<\/strong> \u0111\u00e3 quy\u1ebft \u0111\u1ecbnh h\u1ee3p t\u00e1c \u1ee7y quy\u1ec1n v\u1edbi nh\u00e0 m\u00e1y s\u1ea3n xu\u1ea5t D\u01b0\u1ee3c h\u00f3a m\u1ef9 ph\u1ea9m h\u00e0ng \u0111\u1ea7u H\u00e0n Qu\u1ed1c &#8211; BIONCELL.<\/span><\/p>\n<p><img loading=\"lazy\" decoding=\"async\" class=\"wp-image-2948 size-full aligncenter\" src=\"http:\/\/mypham4.themevivu.com\/wp-content\/uploads\/2021\/11\/chung-nhan-nha-may-bioncell-1.jpg\" alt=\"Ch\u1ee9ng nh\u1eadn nh\u00e0 m\u00e1y\" width=\"800\" height=\"450\" srcset=\"https:\/\/mauweb.tamnguyen.vn\/mypham04\/wp-content\/uploads\/2021\/11\/chung-nhan-nha-may-bioncell-1.jpg 800w, https:\/\/mauweb.tamnguyen.vn\/mypham04\/wp-content\/uploads\/2021\/11\/chung-nhan-nha-may-bioncell-1-300x169.jpg 300w, https:\/\/mauweb.tamnguyen.vn\/mypham04\/wp-content\/uploads\/2021\/11\/chung-nhan-nha-may-bioncell-1-768x432.jpg 768w, https:\/\/mauweb.tamnguyen.vn\/mypham04\/wp-content\/uploads\/2021\/11\/chung-nhan-nha-may-bioncell-1-600x338.jpg 600w\" sizes=\"auto, (max-width: 800px) 100vw, 800px\" \/><\/p>\n<p><img loading=\"lazy\" decoding=\"async\" class=\"wp-image-2947 size-full aligncenter\" src=\"http:\/\/mypham4.themevivu.com\/wp-content\/uploads\/2021\/11\/chung-nhan-nha-may-bioncell.jpg\" alt=\"Ch\u1ee9ng nh\u1eadn nh\u00e0 m\u00e1y BionCell\" width=\"800\" height=\"450\" srcset=\"https:\/\/mauweb.tamnguyen.vn\/mypham04\/wp-content\/uploads\/2021\/11\/chung-nhan-nha-may-bioncell.jpg 800w, https:\/\/mauweb.tamnguyen.vn\/mypham04\/wp-content\/uploads\/2021\/11\/chung-nhan-nha-may-bioncell-300x169.jpg 300w, https:\/\/mauweb.tamnguyen.vn\/mypham04\/wp-content\/uploads\/2021\/11\/chung-nhan-nha-may-bioncell-768x432.jpg 768w, https:\/\/mauweb.tamnguyen.vn\/mypham04\/wp-content\/uploads\/2021\/11\/chung-nhan-nha-may-bioncell-600x338.jpg 600w\" sizes=\"auto, (max-width: 800px) 100vw, 800px\" \/><\/p>\n<p style=\"text-align: justify;\">\n","protected":false},"excerpt":{"rendered":"<p dir=\"ltr\">Gi\u00fap t\u0103ng c\u01b0\u1eddng l\u01b0u th\u00f4ng h\u1ec7 b\u1ea1ch huy\u1ebft, t\u0103ng c\u01b0\u1eddng ho\u1ea1t \u0111\u1ed9ng c\u1ee7a h\u1ec7 mi\u1ec5n d\u1ecbch qua \u0111\u00f3 gi\u1ea3m ph\u00f9 n\u1ec1, t\u0103ng c\u01b0\u1eddng lo\u1ea1i b\u1ecf \u0111\u1ed9c t\u1ed1.<\/p>\n<ul>\n<li dir=\"ltr\">\u0110\u00e0o th\u1ea3i \u0111\u1ed9c t\u1ed1 trong c\u01a1 th\u1ec3, v\u00e0 ch\u1ea5t th\u1ea3i<\/li>\n<li dir=\"ltr\">T\u0103ng c\u01b0\u1eddng ch\u1ee9c n\u0103ng h\u1ec7 b\u1ea1ch huy\u1ebft<\/li>\n<li dir=\"ltr\">T\u0103ng c\u01b0\u1eddng, c\u1ea3i thi\u1ec7n ch\u1ee9c n\u0103ng mi\u1ec5n d\u1ecbch v\u00e0 \u0111\u1ec1 kh\u00e1ng<\/li>\n<li dir=\"ltr\">Gi\u1ea3m ph\u00f9 n\u1ec1 c\u01a1 th\u1ec3<\/li>\n<li dir=\"ltr\">Gi\u1ea3m m\u1ee1 c\u1ee9ng, m\u1ee1 l\u1ea1nh d\u01b0\u1edbi da, v\u00e0 m\u1ee1 n\u1ed9i t\u1ea1ng<\/li>\n<\/ul>\n","protected":false},"featured_media":2559,"comment_status":"open","ping_status":"closed","template":"","meta":[],"product_cat":[15,17],"product_tag":[],"yst_prominent_words":[],"class_list":["post-2512","product","type-product","status-publish","has-post-thumbnail","hentry","product_cat-tinh-dau","product_cat-fantasia-oil"],"_links":{"self":[{"href":"https:\/\/mauweb.tamnguyen.vn\/mypham04\/wp-json\/wp\/v2\/product\/2512","targetHints":{"allow":["GET"]}}],"collection":[{"href":"https:\/\/mauweb.tamnguyen.vn\/mypham04\/wp-json\/wp\/v2\/product"}],"about":[{"href":"https:\/\/mauweb.tamnguyen.vn\/mypham04\/wp-json\/wp\/v2\/types\/product"}],"replies":[{"embeddable":true,"href":"https:\/\/mauweb.tamnguyen.vn\/mypham04\/wp-json\/wp\/v2\/comments?post=2512"}],"wp:featuredmedia":[{"embeddable":true,"href":"https:\/\/mauweb.tamnguyen.vn\/mypham04\/wp-json\/wp\/v2\/media\/2559"}],"wp:attachment":[{"href":"https:\/\/mauweb.tamnguyen.vn\/mypham04\/wp-json\/wp\/v2\/media?parent=2512"}],"wp:term":[{"taxonomy":"product_cat","embeddable":true,"href":"https:\/\/mauweb.tamnguyen.vn\/mypham04\/wp-json\/wp\/v2\/product_cat?post=2512"},{"taxonomy":"product_tag","embeddable":true,"href":"https:\/\/mauweb.tamnguyen.vn\/mypham04\/wp-json\/wp\/v2\/product_tag?post=2512"},{"taxonomy":"yst_prominent_words","embeddable":true,"href":"https:\/\/mauweb.tamnguyen.vn\/mypham04\/wp-json\/wp\/v2\/yst_prominent_words?post=2512"}],"curies":[{"name":"wp","href":"https:\/\/api.w.org\/{rel}","templated":true}]}}