{"id":2510,"date":"2021-11-04T11:11:07","date_gmt":"2021-11-04T04:11:07","guid":{"rendered":"http:\/\/mypham4.themevivu.com\/?post_type=product&#038;p=2510"},"modified":"2021-11-10T10:49:53","modified_gmt":"2021-11-10T03:49:53","slug":"bosalson-check-oil","status":"publish","type":"product","link":"https:\/\/mauweb.tamnguyen.vn\/mypham04\/san-pham\/bosalson-check-oil\/","title":{"rendered":"BOSALSON CHECK OIL"},"content":{"rendered":"<p dir=\"ltr\" style=\"text-align: justify;\">1: T\u00e1c d\u1ee5ng<\/p>\n<p dir=\"ltr\" style=\"text-align: justify;\">T\u0103ng c\u01b0\u1eddng l\u01b0u th\u00f4ng m\u00e1u \u1edf c\u00e1c t\u0129nh m\u1ea1ch d\u01b0\u1edbi da (\u0111\u1eb7c bi\u1ec7t l\u00e0 v\u00f9ng chi d\u01b0\u1edbi), gi\u1ea3m nh\u1ee9c m\u1ecfi do hi\u1ec7n t\u01b0\u1ee3ng gi\u00e3n t\u0129nh m\u1ea1ch g\u00e2y n\u00ean. Gi\u1ea3m hi\u1ec7n t\u01b0\u1ee3ng \u0111\u1ecf da do ch\u00e1y n\u1eafng:<\/p>\n<ul style=\"text-align: justify;\">\n<li dir=\"ltr\">\n<p dir=\"ltr\">Da m\u1eb7t m\u1ea9n \u0111\u1ecf, gi\u00e3n t\u0129nh m\u1ea1ch, ch\u00e1y n\u1eafng, t\u1ed5n th\u01b0\u01a1ng do d\u00f9ng h\u00f3a ch\u1ea5t tr\u1ecb n\u00e1m ho\u1eb7c c\u00e1c m\u00e1y Laser<\/p>\n<\/li>\n<li dir=\"ltr\">\n<p dir=\"ltr\">T\u00e1i t\u1ea1o da v\u00e0 t\u0103ng c\u01b0\u1eddng tu\u1ea7n ho\u00e0n c\u00e1c mao m\u1ea1ch, b\u1ea3o v\u1ec7 nh\u1eefng v\u00f9ng ra l\u1ed9 ra ngo\u00e0i<\/p>\n<\/li>\n<li dir=\"ltr\">\n<p dir=\"ltr\">Gi\u00e3n ph\u00ecnh t\u0129nh m\u1ea1ch c\u00e1c chi<\/p>\n<\/li>\n<li dir=\"ltr\">\n<p dir=\"ltr\">T\u0103ng c\u01b0\u1eddng ch\u1ee9c n\u0103ng ph\u1ed5i, tim<\/p>\n<\/li>\n<li dir=\"ltr\">\n<p dir=\"ltr\">Ch\u00e2n \u0111au nh\u1ee9c m\u1ec7t m\u1ecfi n\u1eb7ng n\u1ec1<\/p>\n<\/li>\n<li dir=\"ltr\">\n<p dir=\"ltr\">\u0110au th\u1ea7n kinh t\u1ecda<\/p>\n<\/li>\n<li dir=\"ltr\">\n<p dir=\"ltr\">Vi\u00eam xoang, c\u1ea3m l\u1ea1nh, \u0111au \u0111\u1ea7u, s\u1ed1t, ho,&#8230;<\/p>\n<\/li>\n<\/ul>\n<p dir=\"ltr\" style=\"text-align: justify;\">2: Th\u00e0nh ph\u1ea7n ch\u00ednh<\/p>\n<p dir=\"ltr\" style=\"text-align: justify;\">Camellia Japonica Seed Oil, Helianthus Annuus (Sunflower) Seed Oil, Olea Europaea (Olive) Fruit Oil, Simmondsia Chinensis (Jojoba) Seed Oil, Pinus Koraiensis Needle Oil, Chamomilla Recutita (Matricaria) Flower Oil, Eucalyptus Globulus Leaf\/Twig Oil, Mentha Piperita (Peppermint) Oil, Citrus Limon (Lemon) Fruit Oil, Chamaecyparis Obtusa Oil, Cedrus Atlantica Wood Oil.<\/p>\n<p dir=\"ltr\" style=\"text-align: justify;\">3: D\u01b0\u1ee3c li\u1ec7u ch\u00ednh<\/p>\n<p dir=\"ltr\" style=\"text-align: justify;\">Chanh, c\u00e2y B\u00e1ch,B\u1ea1ch \u0110\u00e0n, Hoa C\u00fac, G\u1ed7 Tuy\u1ebft T\u00f9ng, B\u1ea1c H\u00e0\u2026 v\u00e0 d\u01b0\u1ee3c li\u1ec7u b\u00ed truy\u1ec1n.<\/p>\n<p dir=\"ltr\" style=\"text-align: justify;\">4: C\u00e1ch s\u1eed d\u1ee5ng<\/p>\n<p dir=\"ltr\" style=\"text-align: justify;\">&#8211; V\u00f9ng da m\u1eb7t<\/p>\n<p dir=\"ltr\" style=\"text-align: justify;\">\u00a0+ C\u00e1ch 1: Xoa tr\u1ef1c ti\u1ebfp massage \u0111\u1ec3 th\u1ea9m th\u1ea5u v\u00e0o v\u00f9ng da mu\u1ed1n c\u1ea3i thi\u1ec7n, Gi\u00e3n t\u0129nh m\u1ea1ch, m\u1ea9n \u0111\u1ecf, nh\u1ea1y c\u1ea3m, da nhi\u1ec5m h\u00f3a ch\u1ea5t&#8230;<\/p>\n<p dir=\"ltr\" style=\"text-align: justify;\">+ C\u00e1ch 2: H\u00f2a v\u1edbi n\u01b0\u1edbc theo t\u1ef7 l\u1ec7 1-1 massage m\u1eb7t t\u1eeb 5-7 ph\u00fat sau c\u00e1c b\u01b0\u1edbc l\u00e0m s\u1ea1ch da m\u1eb7t v\u00e0 d\u00f9ng b\u00f4ng ho\u1eb7c mi\u1ebfng b\u1ecdt bi\u1ec3n lau s\u1ea1ch r\u1ed3i r\u1eeda l\u1ea1i b\u1eb1ng n\u01b0\u1edbc, ti\u1ebfp t\u1ee5c c\u00e1c b\u01b0\u1edbc ch\u0103m s\u00f3c da.<\/p>\n<p dir=\"ltr\" style=\"text-align: justify;\">+ C\u00e1ch 3: B\u00f4i d\u01b0\u1ee3c li\u1ec7u tr\u1ef1c ti\u1ebfp v\u00e0o c\u00e1c v\u00f9ng c\u1ea7n \u0111i\u1ec1u tr\u1ecb\u00a0 nh\u01b0:<\/p>\n<ul style=\"text-align: justify;\">\n<li dir=\"ltr\">\n<p dir=\"ltr\">Xoang th\u00ec b\u00f4i v\u00e0o d\u1ecdc s\u1ed1ng m\u0169i v\u00e0 massage d\u1ecdc s\u1ed1ng m\u0169i v\u00e0 d\u00f9ng hai b\u1ee5ng ng\u00f3n tay gi\u1eefa \u1ea5n nh\u1eb9 d\u1ecdc ch\u00e2n s\u1ed1ng m\u0169i v\u00e0 day theo chi\u1ec1u t\u1eeb d\u01b0\u1edbi c\u00e1nh m\u0169i \u0111\u1ebfn h\u1ebft s\u1ed1ng m\u0169i<\/p>\n<\/li>\n<li dir=\"ltr\">\n<p dir=\"ltr\">Ho: thoa tr\u1ef1c ti\u1ebfp ph\u1ea7n c\u1ed5 h\u1ecdng v\u00e0 xoa l\u00e0m \u1ea5m v\u00f9ng h\u1ecdng kh\u00f4ng c\u1ea7n lau l\u1ea1i<\/p>\n<\/li>\n<li dir=\"ltr\">\n<p dir=\"ltr\">\u0110au \u0111\u1ea7u: thoa l\u00ean 2 th\u00e1i d\u01b0\u01a1ng v\u00e0 da \u0111\u1ea7u, day v\u00e0 \u1ea5n th\u00e1i d\u01b0\u01a1ng, d\u00f9ng tay ch\u1ea3i t\u00f3c ng\u01b0\u1ee3c l\u00ean huy\u1ec7t B\u00e1ch h\u1ed9i tr\u00ean \u0111\u1ec9nh \u0111\u1ea7u<\/p>\n<\/li>\n<\/ul>\n<p dir=\"ltr\" style=\"text-align: justify;\">\u00a0&#8211;\u00a0 D\u00f9ng cho to\u00e0n th\u00e2n<\/p>\n<p dir=\"ltr\" style=\"text-align: justify;\">+ C\u00e1ch 1: Ph\u01b0\u01a1ng ph\u00e1p ng\u00e2m b\u1ed3n \u2013 X\u1ea3 n\u01b0\u1edbc n\u00f3ng v\u00e0o b\u1ed3n cho nhi\u1ec7t \u0111\u1ed9 t\u1eeb 37 \u0111\u1ed9 tr\u1edf l\u00ean , l\u01b0\u1ee3ng n\u01b0\u1edbc ng\u1eadp to\u00e0n th\u00e2n v\u1edbi t\u1eeb 7-10 gi\u1ecdt ( c\u00f3 th\u1ec3 d\u00f9ng nhi\u1ec1u h\u01a1n) ng\u00e2m t\u1eeb 15- 20 ph\u00fat kh\u00f4ng c\u1ea7n t\u1eafm l\u1ea1i. N\u00ean ng\u00e2m sau khi \u0111\u00e3 t\u1eafm v\u00e0 v\u1ec7 sinh c\u01a1 th\u1ec3 s\u1ea1ch s\u1ebd,<\/p>\n<p dir=\"ltr\" style=\"text-align: justify;\">+ C\u00e1ch 2: Thoa l\u01b0\u1ee3ng tinh d\u1ea7u d\u01b0\u1ee3c li\u1ec7u v\u1eeba \u0111\u1ee7 l\u00ean c\u01a1 th\u1ec3 v\u00e0 tr\u1ef1c ti\u1ebfp v\u00e0o ph\u1ea7n c\u1ea7n tr\u1ecb li\u1ec7u b\u1eaft \u0111\u1ea7u t\u1eeb x\u01b0\u01a1ng g\u00f3t ch\u00e2n, l\u00ean \u0111\u00f9i v\u00e0 ng\u01b0\u1ee3c l\u1ea1i massage nh\u1eb9 nh\u00e0ng (15-20p) .( H\u00ccNH \u1ea2NH)<\/p>\n<p dir=\"ltr\" style=\"text-align: justify;\">+ C\u00e1ch 3: Ng\u00e2m ch\u00e2n cho t\u1eeb 3-5 gi\u1ecdt v\u00e0o ch\u1eadu ng\u00e2m v\u1edbi n\u01b0\u1edbc \u1ea5m n\u00f3ng ng\u00e2m t\u1eeb 15 \u2013 20 ph\u00fat.<\/p>\n<p dir=\"ltr\" style=\"text-align: justify;\">+ C\u00e1ch 4: Pha v\u1edbi mu\u1ed1i tr\u1ecb li\u1ec7u v\u00e0 c\u00e1c d\u01b0\u1ee3c li\u1ec7u kh\u00e1c, ch\u0103m s\u00f3c nhi\u1ec1u m\u1eb7t b\u1ec7nh c\u00f9ng l\u00fac ( Theo b\u1ea3n c\u00f4ng th\u1ee9c mix d\u01b0\u1ee3c li\u1ec7u) v\u00e0 d\u00f9ng li\u1ec7u ph\u00e1p S\u00d3NG L\u00d5I HADOO ( li\u1ec7u ph\u00e1p ch\u1ea3i ch\u1ed5i v\u00e0 \u0111\u00e1 n\u0103ng l\u01b0\u1ee3ng) \u0111\u1ec3 t\u1ed1i \u0111a h\u00f3a t\u00e1c d\u1ee5ng cho c\u00e1c b\u1ec7nh l\u00fd.<\/p>\n<p dir=\"ltr\" style=\"text-align: justify;\">+ C\u00e1ch 5: Pha v\u1edbi mu\u1ed1i v\u00e0 c\u00e1c d\u01b0\u1ee3c li\u1ec7u kh\u00e1c ( theo b\u1ea3ng c\u00f4ng th\u1ee9c mix d\u01b0\u1ee3c li\u1ec7u) Massage n\u0103ng l\u01b0\u1ee3ng ph\u1ee5c h\u1ed3i s\u1ee9c kh\u1ecfe th\u1ec3 ch\u1ea5t v\u00e0 t\u00e2m tr\u00ed.)<\/p>\n<p dir=\"ltr\" style=\"text-align: justify;\">+ C\u00e1ch 6: Mu\u1ed1n t\u0103ng c\u01b0\u1eddng ch\u1ee9c n\u0103ng ph\u1ed5i thoa l\u01b0\u1ee3ng d\u01b0\u1ee3c li\u1ec7u l\u00ean v\u00f9ng ng\u1ef1c massage nh\u1eb9 nh\u00e0ng 10-15 ph\u00fat c\u00f3 th\u1ec3 lau \u0111i b\u1eb1ng kh\u0103n \u1ea5m ho\u1eb7c gi\u1eef nguy\u00ean m\u1eb7c \u1ea5m k\u00edn gi\u00f3\u2026<\/p>\n","protected":false},"excerpt":{"rendered":"<p dir=\"ltr\" style=\"text-align: justify;\">T\u0103ng c\u01b0\u1eddng l\u01b0u th\u00f4ng m\u00e1u \u1edf c\u00e1c t\u0129nh m\u1ea1ch d\u01b0\u1edbi da (\u0111\u1eb7c bi\u1ec7t l\u00e0 v\u00f9ng chi d\u01b0\u1edbi), gi\u1ea3m nh\u1ee9c m\u1ecfi do hi\u1ec7n t\u01b0\u1ee3ng gi\u00e3n t\u0129nh m\u1ea1ch g\u00e2y n\u00ean. Gi\u1ea3m hi\u1ec7n t\u01b0\u1ee3ng \u0111\u1ecf da do ch\u00e1y n\u1eafng:<\/p>\n<ul>\n<li dir=\"ltr\">Da m\u1eb7t m\u1ea9n \u0111\u1ecf, gi\u00e3n t\u0129nh m\u1ea1ch, ch\u00e1y n\u1eafng, t\u1ed5n th\u01b0\u01a1ng do d\u00f9ng h\u00f3a ch\u1ea5t tr\u1ecb n\u00e1m ho\u1eb7c c\u00e1c m\u00e1y Laser<\/li>\n<li dir=\"ltr\">T\u00e1i t\u1ea1o da v\u00e0 t\u0103ng c\u01b0\u1eddng tu\u1ea7n ho\u00e0n c\u00e1c mao m\u1ea1ch, b\u1ea3o v\u1ec7 nh\u1eefng v\u00f9ng ra l\u1ed9 ra ngo\u00e0i<\/li>\n<li dir=\"ltr\">Gi\u00e3n ph\u00ecnh t\u0129nh m\u1ea1ch c\u00e1c chi<\/li>\n<li dir=\"ltr\">T\u0103ng c\u01b0\u1eddng ch\u1ee9c n\u0103ng ph\u1ed5i, tim<\/li>\n<li dir=\"ltr\">Ch\u00e2n \u0111au nh\u1ee9c m\u1ec7t m\u1ecfi n\u1eb7ng n\u1ec1<\/li>\n<li dir=\"ltr\">\u0110au th\u1ea7n kinh t\u1ecda<\/li>\n<li dir=\"ltr\">Vi\u00eam xoang, c\u1ea3m l\u1ea1nh, \u0111au \u0111\u1ea7u, s\u1ed1t, ho,&#8230;<\/li>\n<\/ul>\n","protected":false},"featured_media":2558,"comment_status":"open","ping_status":"closed","template":"","meta":[],"product_cat":[15,19],"product_tag":[],"yst_prominent_words":[],"class_list":["post-2510","product","type-product","status-publish","has-post-thumbnail","hentry","product_cat-tinh-dau","product_cat-check-oil"],"_links":{"self":[{"href":"https:\/\/mauweb.tamnguyen.vn\/mypham04\/wp-json\/wp\/v2\/product\/2510","targetHints":{"allow":["GET"]}}],"collection":[{"href":"https:\/\/mauweb.tamnguyen.vn\/mypham04\/wp-json\/wp\/v2\/product"}],"about":[{"href":"https:\/\/mauweb.tamnguyen.vn\/mypham04\/wp-json\/wp\/v2\/types\/product"}],"replies":[{"embeddable":true,"href":"https:\/\/mauweb.tamnguyen.vn\/mypham04\/wp-json\/wp\/v2\/comments?post=2510"}],"wp:featuredmedia":[{"embeddable":true,"href":"https:\/\/mauweb.tamnguyen.vn\/mypham04\/wp-json\/wp\/v2\/media\/2558"}],"wp:attachment":[{"href":"https:\/\/mauweb.tamnguyen.vn\/mypham04\/wp-json\/wp\/v2\/media?parent=2510"}],"wp:term":[{"taxonomy":"product_cat","embeddable":true,"href":"https:\/\/mauweb.tamnguyen.vn\/mypham04\/wp-json\/wp\/v2\/product_cat?post=2510"},{"taxonomy":"product_tag","embeddable":true,"href":"https:\/\/mauweb.tamnguyen.vn\/mypham04\/wp-json\/wp\/v2\/product_tag?post=2510"},{"taxonomy":"yst_prominent_words","embeddable":true,"href":"https:\/\/mauweb.tamnguyen.vn\/mypham04\/wp-json\/wp\/v2\/yst_prominent_words?post=2510"}],"curies":[{"name":"wp","href":"https:\/\/api.w.org\/{rel}","templated":true}]}}