{"id":2505,"date":"2021-11-04T10:59:59","date_gmt":"2021-11-04T03:59:59","guid":{"rendered":"http:\/\/mypham4.themevivu.com\/?post_type=product&#038;p=2505"},"modified":"2021-11-10T10:50:34","modified_gmt":"2021-11-10T03:50:34","slug":"bosalson-fresh-oil","status":"publish","type":"product","link":"https:\/\/mauweb.tamnguyen.vn\/mypham04\/san-pham\/bosalson-fresh-oil\/","title":{"rendered":"BOSALSON FRESH OIL"},"content":{"rendered":"<p dir=\"ltr\" style=\"text-align: justify;\">1. T\u00e1c d\u1ee5ng<\/p>\n<p dir=\"ltr\" style=\"text-align: justify;\">T\u00e1c \u0111\u1ed9ng h\u1ed9i t\u1ee5, ki\u1ec3m so\u00e1t tuy\u1ebfn nh\u1eddn thu nh\u1ecf l\u1ed7 ch\u00e2n l\u00f4ng, \u0111\u1ed1m \u0111en t\u00e0n nhang, da \u0111\u1ed3i m\u1ed3i, da g\u00e0, da c\u00f3 \u0111\u1ed9c t\u1ed1:<\/p>\n<ul style=\"text-align: justify;\">\n<li dir=\"ltr\">\n<p dir=\"ltr\">Da kh\u00f4, da d\u00e0y<\/p>\n<\/li>\n<li dir=\"ltr\">\n<p dir=\"ltr\">M\u1ee5n kh\u00f4ng m\u1ee7<\/p>\n<\/li>\n<li dir=\"ltr\">\n<p dir=\"ltr\">L\u00e0m s\u1ea1ch da v\u00e0 lo\u1ea1i b\u1ecf \u0111\u1ed9c t\u1ed1<\/p>\n<\/li>\n<li dir=\"ltr\">\n<p dir=\"ltr\">L\u1ed7 ch\u00e2n l\u00f4ng to do l\u00e3o h\u00f3a<\/p>\n<\/li>\n<li dir=\"ltr\">\n<p dir=\"ltr\">\u0110\u1ed1m \u0111\u1ed3i m\u1ed3i v\u00e0 t\u00e0n nhang<\/p>\n<\/li>\n<li dir=\"ltr\">\n<p dir=\"ltr\">Da s\u1ea7n s\u00f9i, th\u00f4 r\u00e1p, da g\u00e0<\/p>\n<\/li>\n<\/ul>\n<p dir=\"ltr\" style=\"text-align: justify;\">2. Th\u00e0nh ph\u1ea7n ch\u00ednh<\/p>\n<p dir=\"ltr\" style=\"text-align: justify;\">Camellia Japonica Seed Oil, Camellia Sinensis Seed Oil, Argania Spinosa Kernel Oil, Helianthus Annuus (Sunflower) Seed Oil, Simmondsia Chinensis (Jojoba) Seed Oil, Litsea Cubeba Fruit Oil, Salvia Sclarea (Clary) Oil, Cinnamomum Camphora (Camphor) Oil, Chamaecyparis Obtusa Oil, Eugenia Caryophyllus (Clove) Leaf Oil, Cedrus Atlantica Wood Oil, Zingiber Officinale (Ginger) Root Oil.<\/p>\n<p dir=\"ltr\" style=\"text-align: justify;\">3. D\u01b0\u1ee3c li\u1ec7u ch\u00ednh<\/p>\n<p dir=\"ltr\" style=\"text-align: justify;\">C\u00e2y b\u00e1ch, G\u1ed7 tuy\u1ebft t\u00f9ng, Clary sage, \u0110inh h\u01b0\u01a1ng, M\u00e0ng tang.<\/p>\n<p dir=\"ltr\" style=\"text-align: justify;\">4. C\u00e1ch s\u1eed d\u1ee5ng<\/p>\n<p dir=\"ltr\" style=\"text-align: justify;\">&#8211; V\u00f9ng da m\u1eb7t:<\/p>\n<p dir=\"ltr\" style=\"text-align: justify;\">+ C\u00e1ch 1: D\u00f9ng m\u1ed9t l\u01b0\u1ee3ng v\u1eeba \u0111\u1ee7, thoa \u0111\u1ec1u l\u00ean v\u00f9ng c\u1ea7n tr\u1ecb li\u1ec7u, massage t\u1eadp trung t\u1eeb 10 &#8211; 15 ph\u00fat, lau s\u1ea1ch l\u1ea1i b\u1eb1ng b\u00f4ng ho\u1eb7c b\u00f4ng m\u00fat, r\u1eeda l\u1ea1i b\u1eb1ng n\u01b0\u1edbc v\u00e0 d\u01b0\u1ee1ng da b\u00ecnh th\u01b0\u1eddng.<\/p>\n<p dir=\"ltr\" style=\"text-align: justify;\">+ C\u00e1ch 2: Tr\u1ed9n v\u1edbi m\u1eb7t n\u1ea1 \u0111\u1eafp l\u00ean m\u1eb7t 20 &#8211; 25 ph\u00fat, lau s\u1ea1ch r\u1ed3i d\u01b0\u1ee1ng da b\u00ecnh th\u01b0\u1eddng.<\/p>\n<p dir=\"ltr\" style=\"text-align: justify;\">&#8211; D\u00f9ng cho to\u00e0n th\u00e2n:<\/p>\n<p dir=\"ltr\" style=\"text-align: justify;\">Massage ho\u1eb7c mix v\u1edbi c\u00e1c lo\u1ea1i d\u01b0\u1ee3c li\u1ec7u ch\u1ea3i ch\u1ed5i to\u00e0n th\u00e2n gi\u00fap l\u00e0m tr\u1eafng v\u00e0 c\u0103ng da to\u00e0n th\u00e2n.<\/p>\n","protected":false},"excerpt":{"rendered":"<p dir=\"ltr\" style=\"text-align: justify;\">T\u00e1c \u0111\u1ed9ng h\u1ed9i t\u1ee5, ki\u1ec3m so\u00e1t tuy\u1ebfn nh\u1eddn thu nh\u1ecf l\u1ed7 ch\u00e2n l\u00f4ng, \u0111\u1ed1m \u0111en t\u00e0n nhang, da \u0111\u1ed3i m\u1ed3i, da g\u00e0, da c\u00f3 \u0111\u1ed9c t\u1ed1:<\/p>\n<ul>\n<li dir=\"ltr\" style=\"text-align: justify;\">Da kh\u00f4, da d\u00e0y<\/li>\n<li dir=\"ltr\" style=\"text-align: justify;\">M\u1ee5n kh\u00f4ng m\u1ee7<\/li>\n<li dir=\"ltr\" style=\"text-align: justify;\">L\u00e0m s\u1ea1ch da v\u00e0 lo\u1ea1i b\u1ecf \u0111\u1ed9c t\u1ed1<\/li>\n<li dir=\"ltr\" style=\"text-align: justify;\">L\u1ed7 ch\u00e2n l\u00f4ng to do l\u00e3o h\u00f3a<\/li>\n<li dir=\"ltr\" style=\"text-align: justify;\">\u0110\u1ed1m \u0111\u1ed3i m\u1ed3i v\u00e0 t\u00e0n nhang<\/li>\n<li dir=\"ltr\" style=\"text-align: justify;\">Da s\u1ea7n s\u00f9i, th\u00f4 r\u00e1p, da g\u00e0<\/li>\n<\/ul>\n","protected":false},"featured_media":2561,"comment_status":"open","ping_status":"closed","template":"","meta":[],"product_cat":[15,22],"product_tag":[],"yst_prominent_words":[],"class_list":["post-2505","product","type-product","status-publish","has-post-thumbnail","hentry","product_cat-tinh-dau","product_cat-fresh-oil"],"_links":{"self":[{"href":"https:\/\/mauweb.tamnguyen.vn\/mypham04\/wp-json\/wp\/v2\/product\/2505","targetHints":{"allow":["GET"]}}],"collection":[{"href":"https:\/\/mauweb.tamnguyen.vn\/mypham04\/wp-json\/wp\/v2\/product"}],"about":[{"href":"https:\/\/mauweb.tamnguyen.vn\/mypham04\/wp-json\/wp\/v2\/types\/product"}],"replies":[{"embeddable":true,"href":"https:\/\/mauweb.tamnguyen.vn\/mypham04\/wp-json\/wp\/v2\/comments?post=2505"}],"wp:featuredmedia":[{"embeddable":true,"href":"https:\/\/mauweb.tamnguyen.vn\/mypham04\/wp-json\/wp\/v2\/media\/2561"}],"wp:attachment":[{"href":"https:\/\/mauweb.tamnguyen.vn\/mypham04\/wp-json\/wp\/v2\/media?parent=2505"}],"wp:term":[{"taxonomy":"product_cat","embeddable":true,"href":"https:\/\/mauweb.tamnguyen.vn\/mypham04\/wp-json\/wp\/v2\/product_cat?post=2505"},{"taxonomy":"product_tag","embeddable":true,"href":"https:\/\/mauweb.tamnguyen.vn\/mypham04\/wp-json\/wp\/v2\/product_tag?post=2505"},{"taxonomy":"yst_prominent_words","embeddable":true,"href":"https:\/\/mauweb.tamnguyen.vn\/mypham04\/wp-json\/wp\/v2\/yst_prominent_words?post=2505"}],"curies":[{"name":"wp","href":"https:\/\/api.w.org\/{rel}","templated":true}]}}