{"id":2499,"date":"2021-11-04T10:41:08","date_gmt":"2021-11-04T03:41:08","guid":{"rendered":"http:\/\/mypham4.themevivu.com\/?post_type=product&#038;p=2499"},"modified":"2021-11-10T10:51:02","modified_gmt":"2021-11-10T03:51:02","slug":"bosalson-medicos-bodhi-jukyem-treatment-fantasia","status":"publish","type":"product","link":"https:\/\/mauweb.tamnguyen.vn\/mypham04\/san-pham\/bosalson-medicos-bodhi-jukyem-treatment-fantasia\/","title":{"rendered":"BOSALSON MEDICOS BODHI JUKYEM TREATMENT- FANTASIA"},"content":{"rendered":"<p style=\"text-align: justify;\"><strong>Overal Information\/ Th\u00f4ng tin chung:<\/strong><\/p>\n<p style=\"text-align: justify;\">&#8211; Th\u00fac \u0111\u1ea9y tu\u1ea7n ho\u00e0n m\u00e1u, \u0111\u1eb7c bi\u1ec7t \u1edf v\u00f9ng b\u1ecb gi\u00e3n m\u1ea1ch.<\/p>\n<p style=\"text-align: justify;\">&#8211; \u00c1p d\u1ee5ng cho c\u00e1c v\u00f9ng: Da m\u1ee5n, da d\u1ea7u, v\u00f9ng b\u1ecb \u0111au c\u01a1.<\/p>\n<p style=\"text-align: justify;\">&#8211; Hi\u1ec7u qu\u1ea3: Th\u00fac \u0111\u1ea9y tu\u1ea7n ho\u00e0n m\u00e1u, gi\u1ea3m \u0111au c\u01a1 b\u1eafp, gi\u1ea3m c\u0103ng th\u1eb3ng, gi\u1ea3m m\u1ec7t m\u1ecfi, ng\u0103n ng\u1eeba l\u00e3o h\u00f3a.<\/p>\n<p style=\"text-align: justify;\"><strong>Ingredient\/Th\u00e0nh ph\u1ea7n:<\/strong><\/p>\n<ul style=\"text-align: justify;\">\n<li>Sodium chloride<\/li>\n<li>Tinh d\u1ea7u qu\u1ebf (Cinnamon)<\/li>\n<li>Tinh d\u1ea7u Nh\u1ee5c \u0111\u1eadu kh\u1ea5u (Nutmeg)<\/li>\n<li>Tinh d\u1ea7u D\u01b0\u01a1ng k\u00ec th\u1ea3o (Yarrow)<\/li>\n<li>Tinh d\u1ea7u s\u1ea3 (Lemongrass)<\/li>\n<li>Tinh d\u1ea7u v\u1ecf cam ng\u1ecdt (Sweet Orange)<\/li>\n<li>Tinh d\u1ea7u v\u1ecf cam h\u01b0\u01a1ng (Bergamot)<\/li>\n<\/ul>\n<p style=\"text-align: justify;\"><strong>H\u01b0\u1edbng d\u1eabn s\u1eed d\u1ee5ng:<\/strong><\/p>\n<ul style=\"text-align: justify;\">\n<li>C\u00c1CH K\u1ebeT H\u1ee2P MU\u1ed0I V\u00c0 TINH D\u1ea6U<\/li>\n<\/ul>\n<p style=\"text-align: justify;\">1. Mu\u1ed1i \u0111\u01b0\u1ee3c pha lo\u00e3ng v\u1edbi dung d\u1ecbch Floral water (Lavender) ho\u1eb7c dung d\u1ecbch hydrosol (h\u01b0\u01a1ng th\u1ea3o), massage to\u00e0n th\u00e2n v\u00e0 r\u1eeda s\u1ea1ch l\u1ea1i b\u1eb1ng n\u01b0\u1edbc.<\/p>\n<p style=\"text-align: justify;\">\u00a0\u00a0\u00a0\u00a0&#8211; N\u01b0\u1edbc tinh khi\u1ebft c\u0169ng c\u00f3 th\u1ec3 s\u1eed d\u1ee5ng n\u1ebfu kh\u00f4ng c\u00f3 2 lo\u1ea1i dung d\u1ecbch tr\u00ean.<\/p>\n<p style=\"text-align: justify;\">\u00a0\u00a0\u00a0\u00a0&#8211; T\u1ef7 l\u1ec7: 1 mu\u1ed7ng mu\u1ed1i + dung d\u1ecbch Floral water ho\u1eb7c hydrosol.<\/p>\n<p style=\"text-align: justify;\">2. K\u1ebft h\u1ee3p v\u1edbi tinh d\u1ea7u v\u00e0 massage to\u00e0n th\u00e2n<\/p>\n<p style=\"text-align: justify;\">\u00a0\u00a0\u00a0\u00a0&#8211; Ph\u01b0\u01a1ng ph\u00e1p t\u01b0\u01a1ng t\u1ef1 nh\u01b0 ph\u01b0\u01a1ng ph\u00e1p massage s\u1eed d\u1ee5ng body oil v\u00e0 kem d\u01b0\u1ee1ng (c\u00e1ch s\u1eed d\u1ee5ng ph\u1ed5 bi\u1ebfn).<\/p>\n<ul style=\"text-align: justify;\">\n<li>C\u00c1CH K\u1ebeT H\u1ee2P MU\u1ed0I V\u00c0 KEM D\u01af\u1ee0NG<\/li>\n<\/ul>\n<p style=\"text-align: justify;\">Sau khi tr\u1ed9n kem v\u00e0 mu\u1ed1i theo t\u1ef7 l\u1ec7 th\u00ec ti\u1ebfn h\u00e0nh massage to\u00e0n b\u1ed9 c\u01a1 th\u1ec3 v\u00e0 r\u1eeda s\u1ea1ch l\u1ea1i b\u1eb1ng n\u01b0\u1edbc.<\/p>\n<p style=\"text-align: justify;\">\u00a0\u00a0\u00a0\u00a0&#8211; T\u1ef7 l\u1ec7 : Kem d\u01b0\u1ee1ng 30ml + Mu\u1ed1i 1cc<\/p>\n<p style=\"text-align: justify;\">\u00a0\u00a0\u00a0\u00a0&#8211; Ph\u01b0\u01a1ng ph\u00e1p t\u01b0\u01a1ng t\u1ef1 nh\u01b0 ph\u01b0\u01a1ng ph\u00e1p massage s\u1eed d\u1ee5ng tinh d\u1ea7u v\u00e0 kem d\u01b0\u1ee1ng (c\u00e1ch s\u1eed d\u1ee5ng ph\u1ed5 bi\u1ebfn).<\/p>\n","protected":false},"excerpt":{"rendered":"<ul>\n<li style=\"text-align: justify;\">Th\u00fac \u0111\u1ea9y tu\u1ea7n ho\u00e0n m\u00e1u, \u0111\u1eb7c bi\u1ec7t \u1edf v\u00f9ng b\u1ecb gi\u00e3n m\u1ea1ch.<\/li>\n<li style=\"text-align: justify;\">\u00c1p d\u1ee5ng cho c\u00e1c v\u00f9ng: Da m\u1ee5n, da d\u1ea7u, v\u00f9ng b\u1ecb \u0111au c\u01a1.<\/li>\n<li style=\"text-align: justify;\">Hi\u1ec7u qu\u1ea3: Th\u00fac \u0111\u1ea9y tu\u1ea7n ho\u00e0n m\u00e1u, gi\u1ea3m \u0111au c\u01a1 b\u1eafp, gi\u1ea3m c\u0103ng th\u1eb3ng, gi\u1ea3m m\u1ec7t m\u1ecfi, ng\u0103n ng\u1eeba l\u00e3o h\u00f3a.<\/li>\n<\/ul>\n","protected":false},"featured_media":2547,"comment_status":"open","ping_status":"closed","template":"","meta":[],"product_cat":[24,25],"product_tag":[],"yst_prominent_words":[],"class_list":["post-2499","product","type-product","status-publish","has-post-thumbnail","hentry","product_cat-muoi","product_cat-muoi-fantasia"],"_links":{"self":[{"href":"https:\/\/mauweb.tamnguyen.vn\/mypham04\/wp-json\/wp\/v2\/product\/2499","targetHints":{"allow":["GET"]}}],"collection":[{"href":"https:\/\/mauweb.tamnguyen.vn\/mypham04\/wp-json\/wp\/v2\/product"}],"about":[{"href":"https:\/\/mauweb.tamnguyen.vn\/mypham04\/wp-json\/wp\/v2\/types\/product"}],"replies":[{"embeddable":true,"href":"https:\/\/mauweb.tamnguyen.vn\/mypham04\/wp-json\/wp\/v2\/comments?post=2499"}],"wp:featuredmedia":[{"embeddable":true,"href":"https:\/\/mauweb.tamnguyen.vn\/mypham04\/wp-json\/wp\/v2\/media\/2547"}],"wp:attachment":[{"href":"https:\/\/mauweb.tamnguyen.vn\/mypham04\/wp-json\/wp\/v2\/media?parent=2499"}],"wp:term":[{"taxonomy":"product_cat","embeddable":true,"href":"https:\/\/mauweb.tamnguyen.vn\/mypham04\/wp-json\/wp\/v2\/product_cat?post=2499"},{"taxonomy":"product_tag","embeddable":true,"href":"https:\/\/mauweb.tamnguyen.vn\/mypham04\/wp-json\/wp\/v2\/product_tag?post=2499"},{"taxonomy":"yst_prominent_words","embeddable":true,"href":"https:\/\/mauweb.tamnguyen.vn\/mypham04\/wp-json\/wp\/v2\/yst_prominent_words?post=2499"}],"curies":[{"name":"wp","href":"https:\/\/api.w.org\/{rel}","templated":true}]}}