{"id":83,"date":"2021-10-26T10:35:34","date_gmt":"2021-10-26T03:35:34","guid":{"rendered":"http:\/\/mypham4.themevivu.com\/?page_id=83"},"modified":"2021-11-09T19:23:40","modified_gmt":"2021-11-09T12:23:40","slug":"dang-ky-dai-ly","status":"publish","type":"page","link":"https:\/\/mauweb.tamnguyen.vn\/mypham04\/dang-ky-dai-ly\/","title":{"rendered":"\u0110\u0103ng k\u00fd \u0111\u1ea1i l\u00fd"},"content":{"rendered":"<p>Ng\u00f4i nh\u00e0 Hadoo iHealing l\u00e0 \u0111i\u1ec3m \u0111\u1ebfn cho c\u1ed9ng \u0111\u1ed3ng mu\u1ed1n ch\u0103m s\u00f3c s\u1ee9c kh\u1ecfe ch\u1ee7 \u0111\u1ed9ng v\u00e0 nh\u1eefng ng\u01b0\u1eddi \u0111am m\u00ea l\u0129nh v\u1ef1c ch\u0103m s\u00f3c s\u1ee9c kh\u1ecfe v\u00e0 l\u00e0m \u0111\u1eb9p. Do \u0111\u00f3, d\u1ef1 \u00e1n nh\u01b0 m\u1ed9t c\u00e1nh tay n\u1ed1i d\u00e0i \u0111\u1ec3 m\u1ed7i ng\u01b0\u1eddi ph\u00e1t huy \u0111\u01b0\u1ee3c th\u1ebf m\u1ea1nh c\u1ee7a m\u00ecnh trong vi\u1ec7c lan t\u1ecfa gi\u00e1 tr\u1ecb c\u1ee7a d\u1ef1 \u00e1n. T\u00f9y theo n\u0103ng l\u01b0c, c\u00e1c th\u00e0nh vi\u00ean tham gia d\u1ef1 \u00e1n c\u00f3 th\u1ec3 l\u1ef1a ch\u1ecdn m\u1ed9t trong c\u00e1c v\u1ecb tr\u00ed sau:<\/p>\n<p><strong>Gi\u00e1m \u0111\u1ed1c ph\u00e1t tri\u1ec3n d\u1ef1 \u00e1n: <\/strong>L\u00e0 nh\u1eefng ng\u01b0\u1eddi c\u00f3 kh\u1ea3 n\u0103ng t\u1eadp h\u1ee3p \u0111\u1ed9i nh\u00f3m, c\u00f3 kinh nghi\u1ec7m trong l\u0129nh v\u1ef1c CSSK v\u00e0 l\u00e0m \u0111\u1eb9p. C\u00f3 kh\u1ea3 n\u0103ng thuy\u1ebft tr\u00ecnh v\u00e0 t\u01b0 v\u1ea5n kh\u00e1ch h\u00e0ng. C\u00f3 tinh th\u1ea7n t\u1eadn t\u00e2m, ch\u00e2n th\u00e0nh, bi\u1ebft y\u00eau th\u01b0\u01a1ng. Gi\u00e1m \u0111\u1ed1c ph\u00e1t tri\u1ec3n d\u1ef1 \u00e1n l\u00e0 nh\u1eefng ng\u01b0\u1eddi song h\u00e0nh c\u00f9ng BQL d\u1ef1 \u00e1n \u0111\u1ec3 x\u00e2y d\u1ef1ng v\u00e0 ph\u00e1t tri\u1ec3n d\u1ef1 \u00e1n ra to\u00e0n qu\u1ed1c.<\/p>\n<p><strong>Qu\u1ea3n l\u00fd:<\/strong> L\u00e0 nh\u1eefng ng\u01b0\u1eddi \u0111\u01b0\u1ee3c gi\u00e1m \u0111\u1ed1c ph\u00e1t tri\u1ec3n d\u1ef1 \u00e1n l\u1ef1a ch\u1ecdn v\u00e0 \u0111\u00e0o t\u1ea1o. C\u00e1c qu\u1ea3n l\u00fd c\u00f3 nhi\u1ec7m v\u1ee5 ch\u0103m s\u00f3c chuy\u00ean gia CSSK, qu\u1ea3n l\u00fd ngu\u1ed3n kh\u00e1ch h\u00e0ng, tuy\u1ec3n c\u00e1c h\u1ecdc vi\u00ean tham gia c\u00e1c kh\u00f3a \u0111\u00e0o t\u1ea1o mi\u1ec5n ph\u00ed c\u1ee7a d\u1ef1 \u00e1n.<\/p>\n<p><strong>Chuy\u00ean gia:<\/strong> \u0110\u00e2y l\u00e0 nh\u1eefng ng\u01b0\u1eddi tr\u1ef1c ti\u1ebfp ti\u1ebfp x\u00fac v\u1edbi kh\u00e1ch h\u00e0ng, c\u00f3 th\u1ec3 l\u00e0 chuy\u00ean gia tr\u1ef1c ti\u1ebfp c\u1ee7a d\u1ef1 \u00e1n ho\u1eb7c c\u00e1c c\u01a1 s\u1edf li\u00ean k\u1ebft v\u1edbi d\u1ef1 \u00e1n. Th\u00f4ng qua APP iHealing, c\u00e1c chuy\u00ean gia s\u1ebd ph\u1ee5c v\u1ee5 theo nhu c\u1ea7u c\u1ee7a kh\u00e1ch h\u00e0ng trong c\u00e1c d\u1ecbch v\u1ee5.<\/p>\n<p><strong>Chuy\u00ean vi\u00ean t\u01b0 v\u1ea5n:<\/strong> \u0110\u00e2y l\u00e0 v\u1ecb tr\u00ed h\u1ebft s\u1ee9c quan tr\u1ecdng, gi\u00fap kh\u00e1ch h\u00e0ng hi\u1ec3u r\u00f5 nh\u1eefng v\u1eabn \u0111\u1ec1 v\u1ec1 s\u1ee9c kh\u1ecfe, c\u00e1c d\u1ecbch v\u1ee5 c\u00f3 th\u1ec3 tr\u1ecb li\u1ec7u d\u00e0nh cho kh\u00e1ch h\u00e0ng. B\u00ean c\u1ea1nh \u0111\u00f3, chuy\u00ean vi\u00ean t\u01b0 v\u1ea5n l\u00e0 c\u1ea7u n\u1ed1i \u0111\u01b0a kh\u00e1ch h\u00e0ng \u0111\u1ebfn v\u1edbi th\u1ebf gi\u1edbi d\u1ecbch v\u1ee5 v\u00e0 s\u1ea3n ph\u1ea9m c\u1ee7a d\u1ef1 \u00e1n, \u0111\u1ebb kh\u00e1ch h\u00e0ng hi\u1ec3u r\u00f5 h\u01a1n gi\u00e1 tr\u1ecb ti\u1ec1m \u1ea9n c\u1ee7a Hadoo iHealing.<\/p>\n\t<section class=\"section lien-he-section dark\" id=\"section_878251777\">\n\t\t<div class=\"bg section-bg fill bg-fill  bg-loaded\" >\n\n\t\t\t\n\t\t\t\n\t\t\t\n\n\t\t<\/div>\n\n\t\t<div class=\"section-content relative\">\n\t\t\t\n<div class=\"row\"  id=\"row-1184787946\">\n\n\t<div id=\"col-1960869616\" class=\"col medium-6 small-12 large-6\"  >\n\t\t\t\t<div class=\"col-inner\"  >\n\t\t\t\n\t\t\t\n<h2><span style=\"color: #ead38e;\">\u0110\u0103ng k\u00fd \u0111\u1ea1i l\u00fd iHealing?<\/span><\/h2>\n<p><span style=\"color: #ffffff;\">M\u1ecdi nhu c\u1ea7u t\u01b0 v\u1ea5n \u0111\u0103ng k\u00fd \u0111\u1ea1i l\u00fd ph\u00e2n ph\u1ed1i s\u1ea3n ph\u1ea9m iHealing, vui l\u00f2ng nh\u1eadp s\u1ed1 \u0111i\u1ec7n tho\u1ea1i:<\/span><\/p>\n\t\t<\/div>\n\t\t\t\t\t<\/div>\n\n\t\n\n\t<div id=\"col-1664273364\" class=\"col medium-6 small-12 large-6\"  >\n\t\t\t\t<div class=\"col-inner\"  >\n\t\t\t\n\t\t\t\n\t<div id=\"gap-1864341035\" class=\"gap-element clearfix hide-for-small\" style=\"display:block; height:auto;\">\n\t\t\n<style>\n#gap-1864341035 {\n  padding-top: 11px;\n}\n<\/style>\n\t<\/div>\n\t\n<div role=\"form\" class=\"wpcf7\" id=\"wpcf7-f310-o1\" lang=\"vi\" dir=\"ltr\">\n<div class=\"screen-reader-response\"><p role=\"status\" aria-live=\"polite\" aria-atomic=\"true\"><\/p> <ul><\/ul><\/div>\n<form action=\"\/mypham04\/wp-json\/wp\/v2\/pages\/83#wpcf7-f310-o1\" method=\"post\" class=\"wpcf7-form init\" novalidate=\"novalidate\" data-status=\"init\">\n<div style=\"display: none;\">\n<input type=\"hidden\" name=\"_wpcf7\" value=\"310\" \/>\n<input type=\"hidden\" name=\"_wpcf7_version\" value=\"5.5.5\" \/>\n<input type=\"hidden\" name=\"_wpcf7_locale\" value=\"vi\" \/>\n<input type=\"hidden\" name=\"_wpcf7_unit_tag\" value=\"wpcf7-f310-o1\" \/>\n<input type=\"hidden\" name=\"_wpcf7_container_post\" value=\"0\" \/>\n<input type=\"hidden\" name=\"_wpcf7_posted_data_hash\" value=\"\" \/>\n<\/div>\n<div class=\"form-dang-ky\">\n<div class=\"left\"><span class=\"wpcf7-form-control-wrap tel-694\"><input type=\"tel\" name=\"tel-694\" value=\"\" size=\"40\" class=\"wpcf7-form-control wpcf7-text wpcf7-tel wpcf7-validates-as-required wpcf7-validates-as-tel\" aria-required=\"true\" aria-invalid=\"false\" placeholder=\"Nh\u1eadp s\u1ed1 \u0111i\u1ec7n tho\u1ea1i...\" \/><\/span><\/div>\n<div class=\"right\">\n<input type=\"submit\" value=\"\u0110\u0103ng k\u00fd\" class=\"wpcf7-form-control has-spinner wpcf7-submit\" \/>\n<\/div>\n<\/div>\n<div class=\"wpcf7-response-output\" aria-hidden=\"true\"><\/div><\/form><\/div>\n\t\t<\/div>\n\t\t\t\t\t<\/div>\n\n\t\n<\/div>\n\t\t<\/div>\n\n\t\t\n<style>\n#section_878251777 {\n  padding-top: 30px;\n  padding-bottom: 30px;\n  background-color: rgb(0, 0, 0);\n}\n<\/style>\n\t<\/section>\n\t\n","protected":false},"excerpt":{"rendered":"<p>Ng\u00f4i nh\u00e0 Hadoo iHealing l\u00e0 \u0111i\u1ec3m \u0111\u1ebfn cho c\u1ed9ng \u0111\u1ed3ng mu\u1ed1n ch\u0103m s\u00f3c s\u1ee9c kh\u1ecfe ch\u1ee7 \u0111\u1ed9ng v\u00e0 nh\u1eefng ng\u01b0\u1eddi \u0111am m\u00ea l\u0129nh v\u1ef1c ch\u0103m s\u00f3c s\u1ee9c kh\u1ecfe v\u00e0 l\u00e0m \u0111\u1eb9p. Do \u0111\u00f3, d\u1ef1 \u00e1n nh\u01b0 m\u1ed9t c\u00e1nh tay n\u1ed1i d\u00e0i \u0111\u1ec3 m\u1ed7i ng\u01b0\u1eddi ph\u00e1t huy \u0111\u01b0\u1ee3c th\u1ebf m\u1ea1nh c\u1ee7a m\u00ecnh trong vi\u1ec7c lan t\u1ecfa&#8230;<\/p>\n","protected":false},"author":1,"featured_media":0,"parent":0,"menu_order":0,"comment_status":"closed","ping_status":"closed","template":"page-right-sidebar.php","meta":{"footnotes":""},"yst_prominent_words":[],"class_list":["post-83","page","type-page","status-publish","hentry"],"_links":{"self":[{"href":"https:\/\/mauweb.tamnguyen.vn\/mypham04\/wp-json\/wp\/v2\/pages\/83","targetHints":{"allow":["GET"]}}],"collection":[{"href":"https:\/\/mauweb.tamnguyen.vn\/mypham04\/wp-json\/wp\/v2\/pages"}],"about":[{"href":"https:\/\/mauweb.tamnguyen.vn\/mypham04\/wp-json\/wp\/v2\/types\/page"}],"author":[{"embeddable":true,"href":"https:\/\/mauweb.tamnguyen.vn\/mypham04\/wp-json\/wp\/v2\/users\/1"}],"replies":[{"embeddable":true,"href":"https:\/\/mauweb.tamnguyen.vn\/mypham04\/wp-json\/wp\/v2\/comments?post=83"}],"version-history":[{"count":2,"href":"https:\/\/mauweb.tamnguyen.vn\/mypham04\/wp-json\/wp\/v2\/pages\/83\/revisions"}],"predecessor-version":[{"id":2924,"href":"https:\/\/mauweb.tamnguyen.vn\/mypham04\/wp-json\/wp\/v2\/pages\/83\/revisions\/2924"}],"wp:attachment":[{"href":"https:\/\/mauweb.tamnguyen.vn\/mypham04\/wp-json\/wp\/v2\/media?parent=83"}],"wp:term":[{"taxonomy":"yst_prominent_words","embeddable":true,"href":"https:\/\/mauweb.tamnguyen.vn\/mypham04\/wp-json\/wp\/v2\/yst_prominent_words?post=83"}],"curies":[{"name":"wp","href":"https:\/\/api.w.org\/{rel}","templated":true}]}}