{"id":35,"date":"2021-10-26T10:18:30","date_gmt":"2021-10-26T03:18:30","guid":{"rendered":"http:\/\/mypham4.themevivu.com\/?page_id=35"},"modified":"2021-11-09T19:22:31","modified_gmt":"2021-11-09T12:22:31","slug":"lien-he","status":"publish","type":"page","link":"https:\/\/mauweb.tamnguyen.vn\/mypham04\/lien-he\/","title":{"rendered":"Li\u00ean h\u1ec7"},"content":{"rendered":"\t<div class=\"img has-hover x md-x lg-x y md-y lg-y\" id=\"image_609100486\">\n\t\t\t\t\t\t\t\t<div class=\"img-inner dark\" >\n\t\t\t<img loading=\"lazy\" decoding=\"async\" width=\"1020\" height=\"341\" src=\"https:\/\/mauweb.tamnguyen.vn\/mypham04\/wp-content\/uploads\/2021\/10\/sllide3-1024x342.jpg\" class=\"attachment-large size-large\" alt=\"\" srcset=\"https:\/\/mauweb.tamnguyen.vn\/mypham04\/wp-content\/uploads\/2021\/10\/sllide3-1024x342.jpg 1024w, https:\/\/mauweb.tamnguyen.vn\/mypham04\/wp-content\/uploads\/2021\/10\/sllide3-300x100.jpg 300w, https:\/\/mauweb.tamnguyen.vn\/mypham04\/wp-content\/uploads\/2021\/10\/sllide3-768x257.jpg 768w, https:\/\/mauweb.tamnguyen.vn\/mypham04\/wp-content\/uploads\/2021\/10\/sllide3-1536x514.jpg 1536w, https:\/\/mauweb.tamnguyen.vn\/mypham04\/wp-content\/uploads\/2021\/10\/sllide3-600x201.jpg 600w, https:\/\/mauweb.tamnguyen.vn\/mypham04\/wp-content\/uploads\/2021\/10\/sllide3.jpg 1920w\" sizes=\"auto, (max-width: 1020px) 100vw, 1020px\" \/>\t\t\t\t\t\t\n\t\t\t\t\t<\/div>\n\t\t\t\t\t\t\t\t\n<style>\n#image_609100486 {\n  width: 100%;\n}\n<\/style>\n\t<\/div>\n\t\n\t<div id=\"gap-821774061\" class=\"gap-element clearfix\" style=\"display:block; height:auto;\">\n\t\t\n<style>\n#gap-821774061 {\n  padding-top: 30px;\n}\n<\/style>\n\t<\/div>\n\t\n<div class=\"row\"  id=\"row-1037404093\">\n\n\t<div id=\"col-929812721\" class=\"col medium-5 small-12 large-5\"  >\n\t\t\t\t<div class=\"col-inner\"  >\n\t\t\t\n\t\t\t\n<h3><span style=\"color: #ffffff;\"><span style=\"color: #262626;\">C\u00f4ng ty C\u1ed5 Ph\u1ea7n Nh\u00e0 H\u00e1t C\u1ee7a Nh\u1eefng Gi\u1ea5c M\u01a1 HADOO<\/span><\/span><\/h3>\n<ul>\n<li><span style=\"font-size: 90%; color: #262626;\">GP\u0110KKD s\u1ed1 0108515759 do S\u1edf KH\u0110T Tp.H\u00e0 N\u1ed9i c\u1ea5p ng\u00e0y 15\/11\/2018<\/span><\/li>\n<li><span style=\"font-size: 90%; color: #262626;\">\u0110i\u0323a ch\u1ec9: A8 &#8211; BT4, Bu\u0300i Xua\u0302n Pha\u0301i, P.My\u0303 \u0110i\u0300nh 2, Q.Nam Tu\u031b\u0300 Lie\u0302m, Ha\u0300 N\u1ed9i<\/span><\/li>\n<li><span style=\"font-size: 90%; color: #262626;\">S\u0110T: 093.652.5858 \u2013 097.463.1299<\/span><\/li>\n<li><span style=\"color: #262626; font-size: 90%;\">Email: ihealing.vn@gmail.com<\/span><\/li>\n<li style=\"text-align: left;\"><span style=\"font-size: 90%; color: #262626;\">Fanpage:\u00a0<a style=\"color: #262626;\" href=\"https:\/\/www.facebook.com\/ihealingvietnam\/\">https:\/\/www.facebook.com\/ihealingvietnam\/<\/a><\/span><\/li>\n<\/ul>\n\t\t<\/div>\n\t\t\t\t\t<\/div>\n\n\t\n\n\t<div id=\"col-505349186\" class=\"col medium-7 small-12 large-7\"  >\n\t\t\t\t<div class=\"col-inner\"  >\n\t\t\t\n\t\t\t\n<div role=\"form\" class=\"wpcf7\" id=\"wpcf7-f1867-o1\" lang=\"vi\" dir=\"ltr\">\n<div class=\"screen-reader-response\"><p role=\"status\" aria-live=\"polite\" aria-atomic=\"true\"><\/p> <ul><\/ul><\/div>\n<form action=\"\/mypham04\/wp-json\/wp\/v2\/pages\/35#wpcf7-f1867-o1\" method=\"post\" class=\"wpcf7-form init\" novalidate=\"novalidate\" data-status=\"init\">\n<div style=\"display: none;\">\n<input type=\"hidden\" name=\"_wpcf7\" value=\"1867\" \/>\n<input type=\"hidden\" name=\"_wpcf7_version\" value=\"5.5.5\" \/>\n<input type=\"hidden\" name=\"_wpcf7_locale\" value=\"vi\" \/>\n<input type=\"hidden\" name=\"_wpcf7_unit_tag\" value=\"wpcf7-f1867-o1\" \/>\n<input type=\"hidden\" name=\"_wpcf7_container_post\" value=\"0\" \/>\n<input type=\"hidden\" name=\"_wpcf7_posted_data_hash\" value=\"\" \/>\n<\/div>\n<div class=\"form-dai-ly\">\n<div class=\"row-info\">\n<div class=\"left\">\n<h3>Th\u00f4ng tin li\u00ean h\u1ec7<\/h3>\n<p>B\u1ea1n mu\u1ed1n \u0111\u0103ng k\u00fd l\u00e0m \u0111\u1ea1i l\u00fd c\u1ee7a Hadoo Ihealing. Vui l\u00f2ng li\u00ean h\u1ec7 tr\u1ef1c ti\u1ebfp ho\u1eb7c \u0111\u1ec3 l\u1ea1i th\u00f4ng tin cho ch\u00fang t\u00f4i:<\/p>\n<ul>\n<li>\u0110\u1ecba ch\u1ec9: C\u00f4ng ty C\u1ed5 Ph\u1ea7n Nh\u00e0 H\u00e1t C\u1ee7a Nh\u1eefng Gi\u1ea5c M\u01a1 HADOO\n<\/li>\n<li>Phone: 093.652.5858 \u2013 097.463.1299\n<\/li>\n<li>Email: ihealing.vn@gmail.com\n<\/li>\n<li>Website: https:\/\/ihealing.vn\/\n<\/li>\n<\/ul>\n<\/div>\n<div class=\"right\">\n<span class=\"wpcf7-form-control-wrap text-126\"><input type=\"text\" name=\"text-126\" value=\"\" size=\"40\" class=\"wpcf7-form-control wpcf7-text wpcf7-validates-as-required\" aria-required=\"true\" aria-invalid=\"false\" placeholder=\"T\u00ean c\u1ee7a b\u1ea1n...\" \/><\/span><br \/>\n<span class=\"wpcf7-form-control-wrap tel-399\"><input type=\"tel\" name=\"tel-399\" value=\"\" size=\"40\" class=\"wpcf7-form-control wpcf7-text wpcf7-tel wpcf7-validates-as-required wpcf7-validates-as-tel\" aria-required=\"true\" aria-invalid=\"false\" placeholder=\"S\u1ed1 \u0111i\u1ec7n tho\u1ea1i...\" \/><\/span><br \/>\n<span class=\"wpcf7-form-control-wrap textarea-299\"><textarea name=\"textarea-299\" cols=\"40\" rows=\"10\" class=\"wpcf7-form-control wpcf7-textarea\" aria-invalid=\"false\" placeholder=\"N\u1ed9i dung li\u00ean h\u1ec7...\"><\/textarea><\/span><br \/>\n<input type=\"submit\" value=\"Li\u00ean h\u1ec7\" class=\"wpcf7-form-control has-spinner wpcf7-submit\" \/>\n<\/div>\n<\/div>\n<\/div>\n<div class=\"wpcf7-response-output\" aria-hidden=\"true\"><\/div><\/form><\/div>\n\t\t<\/div>\n\t\t\t\t\t<\/div>\n\n\t\n<\/div>\n\n<p><iframe loading=\"lazy\" style=\"border: 0;\" src=\"https:\/\/www.google.com\/maps\/embed?pb=!1m14!1m8!1m3!1d3724.034963036948!2d105.766174!3d21.031287!3m2!1i1024!2i768!4f13.1!3m3!1m2!1s0x0%3A0x7007a920157f5e7f!2sHADOO%20iHealing!5e0!3m2!1svi!2sus!4v1635262206752!5m2!1svi!2sus\" width=\"100%\" height=\"250\" allowfullscreen=\"allowfullscreen\"><\/iframe><br \/>\n\n","protected":false},"excerpt":{"rendered":"","protected":false},"author":1,"featured_media":0,"parent":0,"menu_order":0,"comment_status":"closed","ping_status":"closed","template":"","meta":{"footnotes":""},"yst_prominent_words":[],"class_list":["post-35","page","type-page","status-publish","hentry"],"_links":{"self":[{"href":"https:\/\/mauweb.tamnguyen.vn\/mypham04\/wp-json\/wp\/v2\/pages\/35","targetHints":{"allow":["GET"]}}],"collection":[{"href":"https:\/\/mauweb.tamnguyen.vn\/mypham04\/wp-json\/wp\/v2\/pages"}],"about":[{"href":"https:\/\/mauweb.tamnguyen.vn\/mypham04\/wp-json\/wp\/v2\/types\/page"}],"author":[{"embeddable":true,"href":"https:\/\/mauweb.tamnguyen.vn\/mypham04\/wp-json\/wp\/v2\/users\/1"}],"replies":[{"embeddable":true,"href":"https:\/\/mauweb.tamnguyen.vn\/mypham04\/wp-json\/wp\/v2\/comments?post=35"}],"version-history":[{"count":5,"href":"https:\/\/mauweb.tamnguyen.vn\/mypham04\/wp-json\/wp\/v2\/pages\/35\/revisions"}],"predecessor-version":[{"id":2923,"href":"https:\/\/mauweb.tamnguyen.vn\/mypham04\/wp-json\/wp\/v2\/pages\/35\/revisions\/2923"}],"wp:attachment":[{"href":"https:\/\/mauweb.tamnguyen.vn\/mypham04\/wp-json\/wp\/v2\/media?parent=35"}],"wp:term":[{"taxonomy":"yst_prominent_words","embeddable":true,"href":"https:\/\/mauweb.tamnguyen.vn\/mypham04\/wp-json\/wp\/v2\/yst_prominent_words?post=35"}],"curies":[{"name":"wp","href":"https:\/\/api.w.org\/{rel}","templated":true}]}}