{"id":30,"date":"2021-10-26T10:18:05","date_gmt":"2021-10-26T03:18:05","guid":{"rendered":"http:\/\/mypham4.themevivu.com\/?page_id=30"},"modified":"2021-11-03T12:31:44","modified_gmt":"2021-11-03T05:31:44","slug":"gioi-thieu","status":"publish","type":"page","link":"https:\/\/mauweb.tamnguyen.vn\/mypham04\/gioi-thieu\/","title":{"rendered":"Gi\u1edbi thi\u1ec7u"},"content":{"rendered":"<h2>T\u1ea7m nh\u00ecn<\/h2>\n<p><span style=\"font-weight: 400;\">Tr\u1edf th\u00e0nh \u0111\u01a1n v\u1ecb ti\u00ean phong trong l\u0129nh v\u1ef1c l\u00e0m \u0111\u1eb9p, ch\u0103m s\u00f3c s\u1ee9c kh\u1ecfe to\u00e0n di\u1ec7n, ch\u1ee7 \u0111\u1ed9ng, kh\u00f4ng x\u00e2m l\u1ea5n v\u1edbi t\u01b0 duy ti\u1ebfn b\u1ed9, mang \u0111\u1ebfn \u0111\u1ecbnh ngh\u0129a m\u1edbi trong ng\u00e0nh l\u00e0m \u0111\u1eb9p.<\/span><\/p>\n<p><span style=\"font-weight: 400;\"><strong>Hadoo Vi\u1ec7t Nam<\/strong> c\u0169ng nh\u01b0 <strong>iHealing<\/strong> s\u1ebd tr\u1edf th\u00e0nh \u201cng\u01b0\u1eddi c\u1ed9ng s\u1ef1\u201d v\u00e0 l\u1ef1a ch\u1ecdn c\u1ee7a h\u00e0ng tri\u1ec7u ng\u01b0\u1eddi cho cu\u1ed9c s\u1ed1ng th\u1ecbnh v\u01b0\u1ee3ng h\u01a1n, t\u1ed1t \u0111\u1eb9p h\u01a1n.<\/span><\/p>\n<h2>S\u1ee9 m\u1ec7nh<\/h2>\n<p><span style=\"font-weight: 400;\">Trong h\u00e0nh tr\u00ecnh h\u01a1n 20 n\u0103m, s\u1ee9 m\u1ec7nh c\u1ee7a ch\u00fang t\u00f4i \u0111\u00f3 ch\u00ednh l\u00e0 g\u00f3p ph\u1ea7n t\u1ea1o n\u00ean m\u1ed9t c\u1ed9ng \u0111\u1ed3ng kh\u1ecfe m\u1ea1nh, gi\u00e0u c\u00f3 v\u00e0 h\u1ea1nh ph\u00fac h\u01a1n d\u00f9 l\u00e0 b\u1ea5t k\u1ef3 ai, \u1edf \u0111\u00e2u hay l\u00e0m g\u00ec. H\u01a1n h\u1ebft, ch\u00fang t\u00f4i s\u1ebd kh\u1eb3ng \u0111\u1ecbnh v\u1ecb th\u1ebf c\u1ee7a ng\u00e0nh l\u00e0m \u0111\u1eb9p, ch\u0103m s\u00f3c s\u1ee9c kh\u1ecfe Vi\u1ec7t tr\u00ean th\u1ecb tr\u01b0\u1eddng th\u1ebf gi\u1edbi.<\/span><\/p>\n<p><span style=\"font-weight: 400;\">Hadoo \u0111\u01b0\u1ee3c th\u00e0nh l\u1eadp \u0111\u1ec3 truy\u1ec1n c\u1ea3m h\u1ee9ng, t\u1ea1o \u0111\u1ed9ng l\u1ef1c v\u00e0 chia s\u1ebb ki\u1ebfn th\u1ee9c chuy\u00ean m\u00f4n, th\u1ef1c ti\u1ec5n cho m\u1ecdi ng\u01b0\u1eddi, m\u1ecdi gia \u0111\u00ecnh Vi\u1ec7t. N\u1ed7 l\u1ef1c kh\u00f4ng ng\u1eebng trong t\u1eebng d\u1ecbch v\u1ee5, s\u1ea3n ph\u1ea9m \u0111\u1ec3 \u0111\u00e1nh th\u1ee9c nhu c\u1ea7u t\u1ef1 ch\u0103m s\u00f3c s\u1ee9c kh\u1ecfe, s\u1eafc \u0111\u1eb9p \u0111\u00fang c\u00e1ch, ph\u00f2ng tr\u00e1nh b\u1ec7nh cho m\u1ed7i ng\u01b0\u1eddi v\u00e0 ch\u00ednh ng\u01b0\u1eddi th\u00e2n c\u1ee7a h\u1ecd.\u00a0<\/span><\/p>\n<h2>Gi\u00e1 tr\u1ecb c\u1ed1t l\u00f5i<\/h2>\n<p><b>Con ng\u01b0\u1eddi l\u00e0 gi\u00e1 tr\u1ecb c\u1ed1t l\u00f5i trong \u0111\u1ecbnh h\u01b0\u1edbng chi\u1ebfn l\u01b0\u1ee3c<\/b><\/p>\n<p><span style=\"font-weight: 400;\">Trong h\u00e0nh tr\u00ecnh ph\u00e1t tri\u1ec3n, ch\u00fang t\u00f4i lu\u00f4n \u0111\u1eb7t y\u1ebfu t\u1ed1 con ng\u01b0\u1eddi l\u00e0m \u201ckim ch\u1ec9 nam\u201d \u0111\u1ec3 c\u00f3 th\u1ec3 ho\u00e0n th\u00e0nh s\u1ee9 m\u1ec7nh. \u0110\u1ed9i ng\u0169 chuy\u00ean gia, nh\u00e2n vi\u00ean \u0111\u01b0\u1ee3c \u0111\u00e0o t\u1ea1o b\u00e0i b\u1ea3n, lu\u00f4n \u0111\u1eb7t tinh th\u1ea7n tr\u00e1ch nhi\u1ec7m \u0111\u1ed1i v\u1edbi kh\u00e1ch h\u00e0ng, c\u1ed9ng \u0111\u1ed3ng l\u00e0 quan tr\u1ecdng nh\u1ea5t.<\/span><\/p>\n<p><b>Ti\u00ean phong ch\u0103m s\u00f3c s\u1ee9c kh\u1ecfe, l\u00e0m \u0111\u1eb9p kh\u00f4ng x\u00e2m l\u1ea5n, an to\u00e0n<\/b><\/p>\n<p><span style=\"font-weight: 400;\">Ng\u01b0\u1eddi s\u00e1ng l\u1eadp <strong>Hadoo Vi\u1ec7t Nam<\/strong> lu\u00f4n t\u00e2m ni\u1ec7m v\u1ec1 gi\u1ea3i ph\u00e1p l\u00e0m \u0111\u1eb9p an to\u00e0n, hi\u1ec7u qu\u1ea3 v\u00e0 kh\u00f4ng x\u00e2m l\u1ea5n. V\u00ec th\u1ebf, m\u1ed7i s\u1ea3n ph\u1ea9m d\u1ecbch v\u1ee5 \u0111\u1ec1u l\u00e0 qu\u00e1 tr\u00ecnh nghi\u00ean c\u1ee9u d\u00e0y c\u00f4ng, b\u1ec1n b\u1ec9 v\u00e0 n\u1ed7 l\u1ef1c kh\u00f4ng ng\u1eebng c\u1ee7a chuy\u00ean gia Cao Th\u01b0\u01a1ng trong su\u1ed1t nhi\u1ec1u n\u0103m.<\/span><\/p>\n<p><b>N\u1ec1n t\u1ea3ng v\u1eefng ch\u1eafc t\u1ea1o \u0111\u1ed9ng l\u1ef1c cho chi\u1ebfn l\u01b0\u1ee3c m\u0169i nh\u1ecdn<\/b><\/p>\n<p><span style=\"font-weight: 400;\">M\u1ed7i s\u1ea3n ph\u1ea9m c\u1ee7a ch\u00fang t\u00f4i \u0111\u1ec1u tr\u1ea3i qua nh\u1eefng y\u00eau c\u1ea7u kh\u1eaft khe t\u1eeb l\u1ef1a ch\u1ecdn nguy\u00ean li\u1ec7u, thi\u1ebft k\u1ebf, s\u1ea3n xu\u1ea5t \u0111\u1ebfn th\u00e0nh ph\u1ea9m. L\u1ef1a ch\u1ecdn nh\u00e0 m\u00e1y s\u1ea3n xu\u1ea5t Bioncell \u0111\u1ea1t ti\u00eau chu\u1ea9n v\u1edbi h\u1ec7 th\u1ed1ng d\u00e2y chuy\u1ec1n hi\u1ec7n \u0111\u1ea1i, y\u00eau c\u1ea7u nghi\u00eam ng\u1eb7t v\u1ec1 qu\u1ea3n l\u00fd ch\u1ea5t l\u01b0\u1ee3ng. C\u0169ng nh\u01b0 l\u1ef1a ch\u1ecdn v\u00f9ng nguy\u00ean li\u1ec7u k\u1ef9 l\u01b0\u1ee1ng v\u1edbi \u0111i\u1ec1u ki\u1ec7n kh\u00ed h\u1eadu, th\u1ed5 nh\u01b0\u1ee1ng ph\u00f9 h\u1ee3p.<\/span><\/p>\n<p><b>Minh b\u1ea1ch, r\u00f5 r\u00e0ng \u0111\u1ec3 \u0111\u1ea3m b\u1ea3o l\u1ee3i \u00edch cho kh\u00e1ch h\u00e0ng<\/b><\/p>\n<p><span style=\"font-weight: 400;\">Nh\u1eefng th\u00f4ng tin li\u00ean quan \u0111\u1ebfn c\u00f4ng ty, nh\u00e0 m\u00e1y v\u00e0 nguy\u00ean li\u1ec7u s\u1ea3n xu\u1ea5t \u0111\u1ec1u \u0111\u01b0\u1ee3c c\u00f4ng khai, minh b\u1ea1ch, r\u00f5 r\u00e0ng v\u00e0 \u0111\u1ea3m b\u1ea3o l\u1ee3i \u00edch cho kh\u00e1ch h\u00e0ng.<\/span><\/p>\n<p><b>Th\u1ef1c hi\u1ec7n tr\u00e1ch nhi\u1ec7m c\u1ed9ng \u0111\u1ed3ng \u1edf m\u1ee9c cao nh\u1ea5t<\/b><\/p>\n<p><span style=\"font-weight: 400;\">Tr\u00e1ch nhi\u1ec7m c\u1ed9ng \u0111\u1ed3ng kh\u00f4ng ch\u1ec9 ngh\u0129a v\u1ee5 m\u00e0 c\u00f2n l\u00e0 quy\u1ec1n l\u1ee3i. \u0110\u1ecbnh h\u01b0\u1edbng gi\u1ea3i quy\u1ebft vi\u1ec7c l\u00e0m cho h\u00e0ng ng\u00e0n lao \u0111\u1ed9ng. Th\u01b0\u1ee3ng t\u00f4n ph\u00e1p lu\u1eadt, duy tr\u00ec \u0111\u1ea1o \u0111\u1ee9c ngh\u1ec1 nghi\u1ec7p c\u0169ng nh\u01b0 \u0111\u1ea1o \u0111\u1ee9c x\u00e3 h\u1ed9i \u1edf m\u1ee9c cao nh\u1ea5t. N\u1ed7 l\u1ef1c th\u1ef1c hi\u1ec7n c\u00e1c gi\u1ea3i ph\u00e1p t\u1ea1o \u0111\u01b0\u1ee3c m\u1ed1i quan h\u1ec7 gi\u00fap nh\u1eadn gi\u00e1 tr\u1ecb win &#8211; win \u0111\u1ec3 Qu\u00fd kh\u00e1ch h\u00e0ng, Qu\u00fd \u0111\u1ed1i t\u00e1c tin t\u01b0\u1edfng c\u00f9ng ph\u00e1t tri\u1ec3n.<\/span><\/p>\n","protected":false},"excerpt":{"rendered":"<p>T\u1ea7m nh\u00ecn Tr\u1edf th\u00e0nh \u0111\u01a1n v\u1ecb ti\u00ean phong trong l\u0129nh v\u1ef1c l\u00e0m \u0111\u1eb9p, ch\u0103m s\u00f3c s\u1ee9c kh\u1ecfe to\u00e0n di\u1ec7n, ch\u1ee7 \u0111\u1ed9ng, kh\u00f4ng x\u00e2m l\u1ea5n v\u1edbi t\u01b0 duy ti\u1ebfn b\u1ed9, mang \u0111\u1ebfn \u0111\u1ecbnh ngh\u0129a m\u1edbi trong ng\u00e0nh l\u00e0m \u0111\u1eb9p. Hadoo Vi\u1ec7t Nam c\u0169ng nh\u01b0 iHealing s\u1ebd tr\u1edf th\u00e0nh \u201cng\u01b0\u1eddi c\u1ed9ng s\u1ef1\u201d v\u00e0 l\u1ef1a ch\u1ecdn c\u1ee7a h\u00e0ng&#8230;<\/p>\n","protected":false},"author":1,"featured_media":0,"parent":0,"menu_order":0,"comment_status":"closed","ping_status":"closed","template":"page-right-sidebar.php","meta":{"footnotes":""},"yst_prominent_words":[],"class_list":["post-30","page","type-page","status-publish","hentry"],"_links":{"self":[{"href":"https:\/\/mauweb.tamnguyen.vn\/mypham04\/wp-json\/wp\/v2\/pages\/30","targetHints":{"allow":["GET"]}}],"collection":[{"href":"https:\/\/mauweb.tamnguyen.vn\/mypham04\/wp-json\/wp\/v2\/pages"}],"about":[{"href":"https:\/\/mauweb.tamnguyen.vn\/mypham04\/wp-json\/wp\/v2\/types\/page"}],"author":[{"embeddable":true,"href":"https:\/\/mauweb.tamnguyen.vn\/mypham04\/wp-json\/wp\/v2\/users\/1"}],"replies":[{"embeddable":true,"href":"https:\/\/mauweb.tamnguyen.vn\/mypham04\/wp-json\/wp\/v2\/comments?post=30"}],"version-history":[{"count":3,"href":"https:\/\/mauweb.tamnguyen.vn\/mypham04\/wp-json\/wp\/v2\/pages\/30\/revisions"}],"predecessor-version":[{"id":2357,"href":"https:\/\/mauweb.tamnguyen.vn\/mypham04\/wp-json\/wp\/v2\/pages\/30\/revisions\/2357"}],"wp:attachment":[{"href":"https:\/\/mauweb.tamnguyen.vn\/mypham04\/wp-json\/wp\/v2\/media?parent=30"}],"wp:term":[{"taxonomy":"yst_prominent_words","embeddable":true,"href":"https:\/\/mauweb.tamnguyen.vn\/mypham04\/wp-json\/wp\/v2\/yst_prominent_words?post=30"}],"curies":[{"name":"wp","href":"https:\/\/api.w.org\/{rel}","templated":true}]}}