{"id":219,"date":"2021-10-28T16:35:54","date_gmt":"2021-10-28T16:35:54","guid":{"rendered":"http:\/\/maylocnuoc.themevivu.com\/?post_type=product&#038;p=219"},"modified":"2023-01-05T19:01:19","modified_gmt":"2023-01-05T19:01:19","slug":"bo-loc-tong-kangaroo-5-cap-kg1054lt-5-van-tu-dong-1000l-h-sieu-loc","status":"publish","type":"product","link":"https:\/\/mauweb.tamnguyen.vn\/maylocnuoc\/bo-loc-tong-kangaroo-5-cap-kg1054lt-5-van-tu-dong-1000l-h-sieu-loc\/","title":{"rendered":"B\u1ed9 l\u1ecdc t\u1ed5ng Kangaroo 5 c\u1ea5p KG1054LT-5 van t\u1ef1 \u0111\u1ed9ng 1000l\/h si\u00eau l\u1ecdc"},"content":{"rendered":"<div id=\"root\"><\/div>\n<div id=\"product\">\n<div id=\"contentProduct\">\n<div id=\"topContentProduct\">\n<div id=\"imageProduct\">\n<div class=\"infoDetail\">* 5 c\u1ea5p l\u1ecdc (5 c\u1ed9t)<br \/>\n* M\u00e0ng si\u00eau l\u1ecdc UF lo\u1ea1i b\u1ecf\u00a099.9% vi khu\u1ea9n g\u00e2y h\u1ea1i trong n\u01b0\u1edbc<br \/>\n* H\u1ec7 th\u1ed1ng s\u1eed d\u1ee5ng c\u1ed9t l\u1ecdc v\u1eadt li\u1ec7u Composit Paintair xu\u1ea5t x\u1ee9 M\u1ef9<br \/>\n* H\u1ec7 th\u1ed1ng van t\u1ef1 \u0111\u1ed9ng s\u1ee5c r\u1eeda \u0111\u1ecbnh k\u1ef3 theo th\u1eddi gian<br \/>\n* V\u1eadn h\u00e0nh \u0111\u01a1n gi\u1ea3n kh\u00f4ng c\u1ea7n \u0111\u1ebfn s\u1ef1 can thi\u1ec7p c\u1ee7a con ng\u01b0\u1eddi<br \/>\n* B\u01a1m \u0111\u1ea7u ngu\u1ed3n Kangaroo m\u1ea1nh m\u1ebd, b\u1ec1n b\u1ec9<\/div>\n<\/div>\n<div id=\"infoProduct\">\n<p class=\"p2\">N\u01a1i n\u00e0o thu\u1ed9c h\u1ec7 th\u1ed1ng ch\u00ednh h\u00e3ng b\u00e1n r\u1ebb h\u01a1n qu\u00fd kh\u00e1ch vui l\u00f2ng g\u1ecdi l\u1ea1i ch\u00fang t\u00f4i s\u1ebd gi\u1ea3m b\u1eb1ng v\u00e0 t\u1eb7ng qu\u00e0 qu\u00fd kh\u00e1ch !<\/p>\n<\/div>\n<\/div>\n<div id=\"detailProduct\">\n<div id=\"contentDetailProduct\">\n<div id=\"contentBody\">\n<h3>L\u00dd DO N\u00caN L\u1eaeP H\u1ec6 TH\u1ed0NG L\u1eccC T\u1ed4NG CHO N\u01af\u1edaC SINH HO\u1ea0T<\/h3>\n<p>&#8211; N\u01b0\u1edbc sinh ho\u1ea1t ch\u1ee9a nhi\u1ec1u c\u1eb7n b\u1eadn, rong r\u00eau, b\u00f9n \u0111\u1ea5t,&#8230;.s\u1eed d\u1ee5ng l\u00e2u ng\u00e0y b\u1ec3 b\u1ecb \u0111\u00f3ng b\u1ea9n d\u01b0\u1edbi \u0111\u00e1y, quanh th\u00e0nh b\u1ec3..<br \/>\n&#8211;\u00a0C\u00e1c thi\u1ebft b\u1ecb v\u1ec7 sinh nh\u01b0 nh\u01b0 v\u00f2i \u00a0n\u01b0\u1edbc, v\u00f2i t\u1eafm n\u00f3ng l\u1ea1nh, b\u1ed3n c\u1ea7u, \u0111\u01b0\u1eddng \u1ed1ng n\u01b0\u1edbc, n\u1ec1n nh\u00e0 t\u1eafm, nh\u1eefng ch\u1ed7 \u1ee9 n\u01b0\u1edbc\u2026 b\u1ecb hoen r\u1ec9, x\u1ec9n m\u00e0u, \u1ed1 v\u00e0ng theo th\u1eddi gian l\u00e0m m\u1ea5t th\u1ea9m m\u1ef9, t\u1ed1n th\u1eddi gian c\u1ecd r\u1eeda v\u00e0 gi\u1ea3m tu\u1ed5i th\u1ecd c\u1ee7a thi\u1ebft b\u1ecb<br \/>\n&#8211; C\u00e1c thi\u1ebft b\u1ecb nh\u01b0 l\u1ed3ng m\u00e1y gi\u1eb7t, v\u1ecf b\u00ecnh n\u00f3ng l\u1ea1nh, b\u00ecnh \u0111un n\u01b0\u1edbc\u2026 c\u00f3 m\u1ea3ng b\u00e1m, \u0111\u00f3ng c\u1eb7n l\u00e0m hoen r\u1ec9, h\u01b0 h\u1ea1i thi\u1ebft b\u1ecb nhanh h\u01a1n.<br \/>\n&#8211; \u0110un n\u01b0\u1edbc l\u00e2u s\u00f4i, \u0111\u1ed3 \u0103n, th\u1ee9c u\u1ed1ng c\u00f3 v\u1ecb ngang, hay gi\u1eb7t qu\u1ea7n \u00e1o c\u1ea7n ph\u1ea3i cho nhi\u1ec1u ch\u1ea5t t\u1ea9y r\u1eeda, b\u1ed9t gi\u1eb7t\u2026<\/p>\n<\/div>\n<\/div>\n<\/div>\n<\/div>\n<\/div>\n","protected":false},"excerpt":{"rendered":"<p>C\u00e1c thi\u1ebft b\u1ecb v\u1ec7 sinh nh\u01b0 nh\u01b0 v\u00f2i \u00a0n\u01b0\u1edbc, v\u00f2i t\u1eafm n\u00f3ng l\u1ea1nh, b\u1ed3n c\u1ea7u, \u0111\u01b0\u1eddng \u1ed1ng n\u01b0\u1edbc, n\u1ec1n nh\u00e0 t\u1eafm, nh\u1eefng ch\u1ed7 \u1ee9 n\u01b0\u1edbc\u2026 b\u1ecb hoen r\u1ec9, x\u1ec9n m\u00e0u, \u1ed1 v\u00e0ng theo th\u1eddi gian l\u00e0m m\u1ea5t th\u1ea9m m\u1ef9, t\u1ed1n th\u1eddi gian c\u1ecd r\u1eeda v\u00e0 gi\u1ea3m tu\u1ed5i th\u1ecd c\u1ee7a thi\u1ebft b\u1ecb. C\u00e1c thi\u1ebft b\u1ecb nh\u01b0 l\u1ed3ng m\u00e1y gi\u1eb7t, v\u1ecf b\u00ecnh n\u00f3ng l\u1ea1nh, b\u00ecnh \u0111un n\u01b0\u1edbc\u2026 c\u00f3 m\u1ea3ng b\u00e1m, \u0111\u00f3ng c\u1eb7n l\u00e0m hoen r\u1ec9, h\u01b0 h\u1ea1i thi\u1ebft b\u1ecb nhanh h\u01a1n.<\/p>\n","protected":false},"featured_media":220,"comment_status":"open","ping_status":"closed","template":"","meta":[],"product_cat":[31],"product_tag":[],"yst_prominent_words":[],"class_list":["post-219","product","type-product","status-publish","has-post-thumbnail","hentry","product_cat-bo-loc-tong-dau-nguon"],"acf":[],"_links":{"self":[{"href":"https:\/\/mauweb.tamnguyen.vn\/maylocnuoc\/wp-json\/wp\/v2\/product\/219","targetHints":{"allow":["GET"]}}],"collection":[{"href":"https:\/\/mauweb.tamnguyen.vn\/maylocnuoc\/wp-json\/wp\/v2\/product"}],"about":[{"href":"https:\/\/mauweb.tamnguyen.vn\/maylocnuoc\/wp-json\/wp\/v2\/types\/product"}],"replies":[{"embeddable":true,"href":"https:\/\/mauweb.tamnguyen.vn\/maylocnuoc\/wp-json\/wp\/v2\/comments?post=219"}],"wp:featuredmedia":[{"embeddable":true,"href":"https:\/\/mauweb.tamnguyen.vn\/maylocnuoc\/wp-json\/wp\/v2\/media\/220"}],"wp:attachment":[{"href":"https:\/\/mauweb.tamnguyen.vn\/maylocnuoc\/wp-json\/wp\/v2\/media?parent=219"}],"wp:term":[{"taxonomy":"product_cat","embeddable":true,"href":"https:\/\/mauweb.tamnguyen.vn\/maylocnuoc\/wp-json\/wp\/v2\/product_cat?post=219"},{"taxonomy":"product_tag","embeddable":true,"href":"https:\/\/mauweb.tamnguyen.vn\/maylocnuoc\/wp-json\/wp\/v2\/product_tag?post=219"},{"taxonomy":"yst_prominent_words","embeddable":true,"href":"https:\/\/mauweb.tamnguyen.vn\/maylocnuoc\/wp-json\/wp\/v2\/yst_prominent_words?post=219"}],"curies":[{"name":"wp","href":"https:\/\/api.w.org\/{rel}","templated":true}]}}