{"id":217,"date":"2021-10-28T16:34:29","date_gmt":"2021-10-28T16:34:29","guid":{"rendered":"http:\/\/maylocnuoc.themevivu.com\/?post_type=product&#038;p=217"},"modified":"2021-10-28T17:12:18","modified_gmt":"2021-10-28T17:12:18","slug":"bo-loc-tong-uf-inox-loc-tho-nho-gon-cho-chung-cu","status":"publish","type":"product","link":"https:\/\/mauweb.tamnguyen.vn\/maylocnuoc\/bo-loc-tong-uf-inox-loc-tho-nho-gon-cho-chung-cu\/","title":{"rendered":"B\u1ed9 l\u1ecdc t\u1ed5ng UF Inox + L\u1ecdc Th\u00f4 nh\u1ecf g\u1ecdn cho chung c\u01b0"},"content":{"rendered":"<p>* C\u00f4ng su\u1ea5t 1000L\/H<br \/>\n* Ph\u00f9 h\u1ee3p v\u1edbi c\u00e1c h\u1ed9 gia \u0111\u00ecnh chung c\u01b0<br \/>\n* Lo\u1ea1i b\u1ecf vi sinh v\u1eadt v\u00e0 Vi khu\u1ea9n: 99.9%<br \/>\n* Lo\u1ea1i b\u1ecf t\u1ea1p ch\u1ea5t: 100%<br \/>\n* Lo\u1ea1i b\u1ecf c\u00e1c ch\u1ea5t r\u1eafn,\u00a0\u0111\u1ed9c t\u1ed1 h\u00f3a h\u1ecdc,\u00a0c\u00e1c h\u1ee3p ch\u1ea5t l\u01a1 l\u1eedng<br \/>\n* Lo\u1ea1i b\u1ecf c\u00e1c ph\u1ea7n t\u1eed kh\u00f4ng c\u00f3 l\u1ee3i cho s\u1ee9c kh\u1ecfe con ng\u01b0\u1eddi.m\u00e0ng si\u00eau l\u1ecdc UF ch\u1ec9 cho ph\u00e9p n\u01b0\u1edbc nguy\u00ean kho\u00e1ng tinh khi\u1ebft \u0111i qua m\u00e0ng l\u1ecdc.<\/p>\n<table id=\"table\">\n<tbody>\n<tr>\n<td>T\u00ean s\u1ea3n ph\u1ea9m :<\/td>\n<td>B\u1ed9 l\u1ecdc t\u1ed5ng UF Inox + L\u1ecdc Th\u00f4 nh\u1ecf g\u1ecdn cho chung c\u01b0<\/td>\n<\/tr>\n<tr>\n<td>M\u00e3 s\u1ea3n ph\u1ea9m :<\/td>\n<td>UF<\/td>\n<\/tr>\n<tr>\n<td>K\u00edch th\u01b0\u1edbc:<\/td>\n<td>(mm)<\/td>\n<\/tr>\n<tr>\n<td>Th\u01b0\u01a1ng hi\u1ec7u<\/td>\n<td>Li\u00ean doanh<\/td>\n<\/tr>\n<tr>\n<td>B\u1ea3o h\u00e0nh<\/td>\n<td>12 th\u00e1ng<\/td>\n<\/tr>\n<tr>\n<td>Tu\u1ed5i th\u1ecd<\/td>\n<td>10 n\u0103m<\/td>\n<\/tr>\n<tr>\n<td>C\u00f4ng su\u1ea5t l\u1ecdc theo gi\u1edd<\/td>\n<td>1000 l\u00edt<\/td>\n<\/tr>\n<\/tbody>\n<\/table>\n<p>Ultrafiltration (UF) l\u00e0 g\u00ec? l\u00e0 m\u1ed9t c\u00f4ng ngh\u1ec7 l\u1ecdc d\u00f9ng m\u00e0ng \u00e1p su\u1ea5t th\u1ea5p \u0111\u1ec3 lo\u1ea1i b\u1ecf nh\u1eefng ph\u00e2n t\u1eed c\u00f3 k\u00edch thu\u1edbc \u0111\u01b0\u1ee3c l\u00e0m th\u00e0nh nh\u1eefng \u1ed1ng nh\u1ecf, \u0111\u01b0\u1eddng k\u00ednh ngo\u00e0i 1,6mm. M\u1ed9t b\u1ed9 l\u1ecdc l\u00e0 m\u1ed9t b\u00f3 h\u00e0ng ng\u00e0n \u1ed1ng nh\u1ecf n\u00ean l\u1edbn ra kh\u1ecfi ngu\u1ed3n n\u01b0\u1edbc. D\u01b0\u1edbi m\u1ed9t \u00e1p su\u1ea5t kh\u00f4ng qu\u00e1 2,5 bars, n\u01b0\u1edbc, mu\u1ed1i kho\u00e1ng v\u00e0 c\u00e1c ph\u00e2n t\u1eed\/ ion nh\u1ecf h\u01a1n l\u1ed7 l\u1ecdc (0.01 micron) s\u1ebd \u201cchui\u201d qua m\u00e0ng d\u1ec5 d\u00e0ng. C\u00e1c ph\u00e2n t\u1eed c\u00f3 l\u1edbn h\u01a1n, c\u00e1c lo\u1ea1i virus, vi khu\u1ea9n, r\u1ec9 s\u00e9t c\u00e1u c\u1eb7n, huy\u1ec1n ph\u00f9 s\u1ebd b\u1ecb gi\u1eef l\u1ea1i v\u00e0 th\u1ea3i x\u1ea3 ra ngo\u00e0i. M\u00e0ng l\u1ecdc UltraFiltration di\u1ec7n t\u00edch l\u1ecdc r\u1ea5t l\u1edbn, gi\u00fap t\u0103ng l\u01b0u l\u01b0\u1ee3ng n\u01b0\u1edbc l\u00ean nhi\u1ec1u l\u1ea7n. M\u00e0ng l\u1ecdc n\u00e0y c\u0169ng c\u00f3 th\u1ec3 r\u1eeda ng\u01b0\u1ee3c \u0111\u01b0\u1ee3c v\u00e0 c\u00f3 tu\u1ed5i th\u1ecd kh\u00e1 cao, t\u1eeb 3 \u2013 5 n\u0103m.<\/p>\n<div><img decoding=\"async\" src=\"https:\/\/kangaroochinhhang.vn\/Images\/images\/mang-loc-uf-cho-chung-cu_jpg.jpg\" alt=\"\" \/><\/div>\n<h2><strong>C\u00d4NG D\u1ee4NG C\u1ee6A M\u00c0NG SI\u00caU L\u1eccC UF LI\u1ec0N V\u1ece INOX\u00a0<\/strong><\/h2>\n<p>M\u00e0ng si\u00eau l\u1ecdc UF V\u1edbi k\u00edch th\u01b0\u1edbc t\u1eeb 0,1~0,001micron (\u00b5m) m\u00e0ng l\u1ecdc UF c\u00f3 th\u1ec3 l\u1ecdc s\u1ea1ch c\u00e1c t\u1ea1p ch\u1ea5t c\u00f3 k\u00edch th\u01b0\u1edbc nh\u1ecf h\u01a1n c\u1ea3 vi khu\u1ea9n, lo\u1ea1i b\u1ecf d\u1ea7u, m\u1ee1, hydroxit kim lo\u1ea1i, ch\u1ea5t keo, nh\u0169 t\u01b0\u01a1ng, ch\u1ea5t r\u1eafn l\u01a1 l\u1eedng,v\u00e0 h\u1ea7u h\u1ebft c\u00e1c ph\u00e2n t\u1eed l\u1edbn t\u1eeb n\u01b0\u1edbc v\u00e0 c\u00e1c dung d\u1ecbch kh\u00e1c nh\u01b0 (ph\u1ea5n hoa, t\u1ea3o, k\u00ed sinh tr\u00f9ng, virut, v\u00e0 vi tr\u00f9ng g\u00e2y b\u1ec7nh\u2026)v\u00e0 \u0111\u1eb7c bi\u1ec7t l\u00e0 c\u00f3 th\u1ec3 tri\u1ec7t ti\u00eau \u0111\u01b0\u1ee3c vi khu\u1ea9n t\u1edbi 99.9% d\u01b0\u1eddng nh\u01b0 kh\u00f4ng c\u00f2n vi khu\u1ea9n. C\u00e1c ph\u00e2n t\u1eed c\u00f3 k\u00edch th\u01b0\u1edbc l\u1edbn h\u01a1n nh\u01b0 c\u00e1c lo\u1ea1i t\u1ea1p ch\u1ea5t, virus, vi khu\u1ea9n s\u1ebd b\u1ecb gi\u1eef l\u1ea1i v\u00e0 th\u1ea3i x\u1ea3 ra ngo\u00e0i. qua t\u1ea5t c\u1ea3 c\u00e1c b\u01b0\u1edbc l\u1ecdc kh\u1eaft khe nh\u1ea5t t\u1eeb c\u00e1c l\u00f5i l\u1ecdc, c\u1ea5p l\u1ecdc v\u00e0 m\u00e0ng si\u00eau l\u1ecdc UF \u0111\u00e3 cho ra m\u1ed9t ngu\u1ed3n n\u01b0\u1edbc si\u00eau tinh khi\u1ebft \u0111\u1ea3m b\u1ea3o s\u1ee9c kh\u1ecfe t\u1ed1i \u01b0u cho m\u1ecdi ng\u01b0\u1eddi s\u1eed d\u1ee5ng.<\/p>\n","protected":false},"excerpt":{"rendered":"<p>* C\u00f4ng su\u1ea5t 1000L\/H * Ph\u00f9 h\u1ee3p v\u1edbi c\u00e1c h\u1ed9 gia \u0111\u00ecnh chung c\u01b0 * Lo\u1ea1i b\u1ecf vi sinh v\u1eadt v\u00e0 Vi khu\u1ea9n: 99.9% * Lo\u1ea1i b\u1ecf t\u1ea1p ch\u1ea5t: 100% * Lo\u1ea1i b\u1ecf c\u00e1c ch\u1ea5t r\u1eafn,\u00a0\u0111\u1ed9c t\u1ed1 h\u00f3a h\u1ecdc,\u00a0c\u00e1c h\u1ee3p ch\u1ea5t l\u01a1 l\u1eedng * Lo\u1ea1i b\u1ecf c\u00e1c ph\u1ea7n t\u1eed kh\u00f4ng c\u00f3 l\u1ee3i cho s\u1ee9c kh\u1ecfe&#8230;<\/p>\n","protected":false},"featured_media":218,"comment_status":"open","ping_status":"closed","template":"","meta":[],"product_cat":[20],"product_tag":[],"yst_prominent_words":[],"class_list":["post-217","product","type-product","status-publish","has-post-thumbnail","hentry","product_cat-may-loc-nuoc-kangaroo-hydrogen"],"acf":[],"_links":{"self":[{"href":"https:\/\/mauweb.tamnguyen.vn\/maylocnuoc\/wp-json\/wp\/v2\/product\/217","targetHints":{"allow":["GET"]}}],"collection":[{"href":"https:\/\/mauweb.tamnguyen.vn\/maylocnuoc\/wp-json\/wp\/v2\/product"}],"about":[{"href":"https:\/\/mauweb.tamnguyen.vn\/maylocnuoc\/wp-json\/wp\/v2\/types\/product"}],"replies":[{"embeddable":true,"href":"https:\/\/mauweb.tamnguyen.vn\/maylocnuoc\/wp-json\/wp\/v2\/comments?post=217"}],"wp:featuredmedia":[{"embeddable":true,"href":"https:\/\/mauweb.tamnguyen.vn\/maylocnuoc\/wp-json\/wp\/v2\/media\/218"}],"wp:attachment":[{"href":"https:\/\/mauweb.tamnguyen.vn\/maylocnuoc\/wp-json\/wp\/v2\/media?parent=217"}],"wp:term":[{"taxonomy":"product_cat","embeddable":true,"href":"https:\/\/mauweb.tamnguyen.vn\/maylocnuoc\/wp-json\/wp\/v2\/product_cat?post=217"},{"taxonomy":"product_tag","embeddable":true,"href":"https:\/\/mauweb.tamnguyen.vn\/maylocnuoc\/wp-json\/wp\/v2\/product_tag?post=217"},{"taxonomy":"yst_prominent_words","embeddable":true,"href":"https:\/\/mauweb.tamnguyen.vn\/maylocnuoc\/wp-json\/wp\/v2\/yst_prominent_words?post=217"}],"curies":[{"name":"wp","href":"https:\/\/api.w.org\/{rel}","templated":true}]}}