{"id":215,"date":"2021-10-28T16:27:12","date_gmt":"2021-10-28T16:27:12","guid":{"rendered":"http:\/\/maylocnuoc.themevivu.com\/?post_type=product&#038;p=215"},"modified":"2021-10-28T17:13:53","modified_gmt":"2021-10-28T17:13:53","slug":"bo-loc-tho-dau-nguon-cho-gia-dinh-k4a101","status":"publish","type":"product","link":"https:\/\/mauweb.tamnguyen.vn\/maylocnuoc\/bo-loc-tho-dau-nguon-cho-gia-dinh-k4a101\/","title":{"rendered":"B\u1ed9 l\u1ecdc th\u00f4 \u0111\u1ea7u ngu\u1ed3n cho gia \u0111\u00ecnh K4A101"},"content":{"rendered":"<p>&#8211; Kh\u00f4ng s\u1eed d\u1ee5ng \u0111i\u1ec7n, kh\u00f4ng c\u00f3 n\u01b0\u1edbc th\u1ea3i, thi\u1ebft b\u1ecb l\u1ecdc\u00a0\u0111\u1ea3m b\u1ea3o s\u1ef1 an to\u00e0n tuy\u1ec7t \u0111\u1ed1i khi s\u1eed d\u1ee5ng.<br \/>\n&#8211; S\u1eed d\u1ee5ng inox 304 d\u1ea7y d\u1eb7n, s\u00e1ng, b\u1ec1n, c\u00f3 kh\u1ea3 n\u0103ng ch\u1ed1ng \u0103n m\u00f2n, kh\u00f4ng b\u1ecb hoen g\u1ec9, d\u1ec5 d\u00e0ng v\u1ec7 sinh l\u00f5i l\u1ecdc b\u00ean trong.<br \/>\n&#8211; L\u1eafp \u0111\u1eb7t v\u00e0 s\u1eed d\u1ee5ng c\u0169ng v\u00f4 c\u00f9ng thu\u1eadn ti\u1ec7n. Kh\u1edbp xoay 360 \u0111\u1ed9 t\u01b0\u01a1ng th\u00edch l\u1eafp \u0111\u1eb7t v\u1edbi m\u1ecdi \u0111\u01b0\u1eddng \u1ed1ng, b\u1ea1n c\u00f3 th\u1ec3 l\u1eafp t\u1ea1i \u0111\u1ea7u van t\u1ed5ng chia n\u01b0\u1edbc, \u0111\u1ed1i v\u1edbi nh\u1eefng gia \u0111\u00ecnh s\u1eed d\u1ee5ng b\u1ed3n ch\u1ee9a n\u01b0\u1edbc, b\u1ea1n n\u00ean l\u1eafp ngay \u0111\u1ea7u \u0111\u01b0\u1eddng \u1ed1ng d\u1eabn v\u1ec1 b\u1ed3n ch\u1ee9a, nh\u1edd \u0111\u00f3, b\u1ea1n c\u0169ng kh\u00f4ng c\u1ea7n t\u1ed1n nhi\u1ec1u c\u00f4ng s\u1ee9c s\u1ee5c r\u1eeda b\u1ed3n ch\u1ee9a. C\u00f2n \u0111\u1ed1i v\u1edbi nh\u1eefng gia \u0111\u00ecnh s\u1eed d\u1ee5ng van t\u1ed5ng chia n\u01b0\u1edbc t\u1eadp th\u1ec3, b\u1ea1n c\u00f3 th\u1ec3 l\u1eafp thi\u1ebft b\u1ecb s\u01a1 l\u1ecdc tr\u01b0\u1edbc \u0111\u01b0\u1eddng n\u01b0\u1edbc d\u1eabn v\u00e0o c\u1ee7a t\u1eebng thi\u1ebft b\u1ecb nh\u01b0 m\u00e1y gi\u1eb7t, b\u00ecnh n\u00f3ng l\u1ea1nh hay v\u00f2i r\u1eeda.<br \/>\n&#8211; B\u1ed9 l\u1ecdc t\u1ed5ng \u0111\u1ea7u ngu\u1ed3n c\u00f3<strong>\u00a0<\/strong>t\u00edch h\u1ee3p \u0111\u1ed3ng h\u1ed3 \u0111o \u00e1p l\u1ef1c n\u01b0\u1edbc, cho bi\u1ebft t\u00ecnh tr\u1ea1ng ho\u1ea1t \u0111\u1ed9ng c\u1ee7a thi\u1ebft b\u1ecb \u0111\u00e3 \u0111\u1ebfn l\u00fac c\u1ea7n ph\u1ea3i v\u1ec7 sinh hay ch\u01b0a.<br \/>\n&#8211; Van x\u1ea3 c\u1eb7n ph\u00eda d\u01b0\u1edbi c\u00f9ng c\u1ee7a thi\u1ebft b\u1ecb gi\u00fap b\u1ea1n d\u1ec5 d\u00e0ng x\u1ea3 r\u1eeda m\u1ecdi th\u1eddi \u0111i\u1ec3m, kh\u00f4ng lo b\u1ecb t\u1eafc. Trung b\u00ecnh m\u1ed7i th\u00e1ng, b\u1ea1n n\u00ean x\u1ea3 r\u1eeda m\u1ed9t l\u1ea7n.<\/p>\n","protected":false},"excerpt":{"rendered":"<p>&#8211; Kh\u00f4ng s\u1eed d\u1ee5ng \u0111i\u1ec7n, kh\u00f4ng c\u00f3 n\u01b0\u1edbc th\u1ea3i, thi\u1ebft b\u1ecb l\u1ecdc\u00a0\u0111\u1ea3m b\u1ea3o s\u1ef1 an to\u00e0n tuy\u1ec7t \u0111\u1ed1i khi s\u1eed d\u1ee5ng. &#8211; S\u1eed d\u1ee5ng inox 304 d\u1ea7y d\u1eb7n, s\u00e1ng, b\u1ec1n, c\u00f3 kh\u1ea3 n\u0103ng ch\u1ed1ng \u0103n m\u00f2n, kh\u00f4ng b\u1ecb hoen g\u1ec9, d\u1ec5 d\u00e0ng v\u1ec7 sinh l\u00f5i l\u1ecdc b\u00ean trong. &#8211; L\u1eafp \u0111\u1eb7t v\u00e0 s\u1eed d\u1ee5ng c\u0169ng&#8230;<\/p>\n","protected":false},"featured_media":216,"comment_status":"open","ping_status":"closed","template":"","meta":[],"product_cat":[30],"product_tag":[],"yst_prominent_words":[],"class_list":["post-215","product","type-product","status-publish","has-post-thumbnail","hentry","product_cat-linh-phu-kien-kangaroo"],"acf":[],"_links":{"self":[{"href":"https:\/\/mauweb.tamnguyen.vn\/maylocnuoc\/wp-json\/wp\/v2\/product\/215","targetHints":{"allow":["GET"]}}],"collection":[{"href":"https:\/\/mauweb.tamnguyen.vn\/maylocnuoc\/wp-json\/wp\/v2\/product"}],"about":[{"href":"https:\/\/mauweb.tamnguyen.vn\/maylocnuoc\/wp-json\/wp\/v2\/types\/product"}],"replies":[{"embeddable":true,"href":"https:\/\/mauweb.tamnguyen.vn\/maylocnuoc\/wp-json\/wp\/v2\/comments?post=215"}],"wp:featuredmedia":[{"embeddable":true,"href":"https:\/\/mauweb.tamnguyen.vn\/maylocnuoc\/wp-json\/wp\/v2\/media\/216"}],"wp:attachment":[{"href":"https:\/\/mauweb.tamnguyen.vn\/maylocnuoc\/wp-json\/wp\/v2\/media?parent=215"}],"wp:term":[{"taxonomy":"product_cat","embeddable":true,"href":"https:\/\/mauweb.tamnguyen.vn\/maylocnuoc\/wp-json\/wp\/v2\/product_cat?post=215"},{"taxonomy":"product_tag","embeddable":true,"href":"https:\/\/mauweb.tamnguyen.vn\/maylocnuoc\/wp-json\/wp\/v2\/product_tag?post=215"},{"taxonomy":"yst_prominent_words","embeddable":true,"href":"https:\/\/mauweb.tamnguyen.vn\/maylocnuoc\/wp-json\/wp\/v2\/yst_prominent_words?post=215"}],"curies":[{"name":"wp","href":"https:\/\/api.w.org\/{rel}","templated":true}]}}