{"id":213,"date":"2021-10-28T16:26:07","date_gmt":"2021-10-28T16:26:07","guid":{"rendered":"http:\/\/maylocnuoc.themevivu.com\/?post_type=product&#038;p=213"},"modified":"2021-10-28T17:13:09","modified_gmt":"2021-10-28T17:13:09","slug":"loi-loc-nuoc-kangaroo-so-8-da-maifan","status":"publish","type":"product","link":"https:\/\/mauweb.tamnguyen.vn\/maylocnuoc\/loi-loc-nuoc-kangaroo-so-8-da-maifan\/","title":{"rendered":"L\u00f5i l\u1ecdc n\u01b0\u1edbc Kangaroo s\u1ed1 8 &#8211; \u0110\u00e1 Maifan"},"content":{"rendered":"<table id=\"table\">\n<tbody>\n<tr>\n<td>T\u00ean s\u1ea3n ph\u1ea9m :<\/td>\n<td>L\u00f5i l\u1ecdc n\u01b0\u1edbc Kangaroo s\u1ed1 8 &#8211; \u0110\u00e1 Maifan<\/td>\n<\/tr>\n<tr>\n<td>M\u00e3 s\u1ea3n ph\u1ea9m :<\/td>\n<td>KTA10-14<\/td>\n<\/tr>\n<tr>\n<td>K\u00edch th\u01b0\u1edbc:<\/td>\n<td>55 x265 (R\u1ed9ng x cao) (mm)<\/td>\n<\/tr>\n<tr>\n<td>Th\u01b0\u01a1ng hi\u1ec7u<\/td>\n<td>Kangaroo<\/td>\n<\/tr>\n<tr>\n<td>B\u1ea3o h\u00e0nh<\/td>\n<td>12 th\u00e1ng<\/td>\n<\/tr>\n<tr>\n<td>Tu\u1ed5i th\u1ecd<\/td>\n<td>12 th\u00e1ng<\/td>\n<\/tr>\n<tr>\n<td>C\u00f4ng su\u1ea5t l\u1ecdc<\/td>\n<td>36 000 l\u00edt<\/td>\n<\/tr>\n<tr>\n<td>\u00c1p su\u1ea5t n\u01b0\u1edbc t\u1ed1i \u0111a<\/td>\n<td>5 bar<\/td>\n<\/tr>\n<tr>\n<td>C\u00f4ng su\u1ea5t l\u1ecdc theo gi\u1edd<\/td>\n<td>100 l\u00edt\/ gi\u1edd<\/td>\n<\/tr>\n<tr>\n<td>Th\u1eddi gian thay l\u00f5i<\/td>\n<td>12 th\u00e1ng<\/td>\n<\/tr>\n<tr>\n<td>Nhi\u1ec7t \u0111\u1ed9 t\u1ed1i \u0111a<\/td>\n<td>45 \u0111\u1ed9 C<\/td>\n<\/tr>\n<tr>\n<td>\u00c1p su\u1ea5t n\u01b0\u1edbc t\u1ed1i \u0111a<\/td>\n<td>120 P.SI<\/td>\n<\/tr>\n<tr>\n<td>\u00c1p su\u1ea5t nguy hi\u1ec3m (V\u1ee1 l\u00f5i)<\/td>\n<td>500 P.SI<\/td>\n<\/tr>\n<\/tbody>\n<\/table>\n<p>&#8211; C\u1ea5u t\u1ea1o: \u0110\u00e1 Maifan t\u1ef1 nhi\u00ean<br \/>\n&#8211; Ch\u1ee9c n\u0103ng : \u200b\u00a0L\u00f5i l\u1ecdc n\u01b0\u1edbc Kangaroo s\u1ed1 8 (l\u00f5i \u0111\u00e1 Maifan)\u0111\u01b0\u1ee3c c\u1ea5u t\u1ea1o t\u1eeb \u0111\u00e1 t\u1ef1 nhi\u00ean Maifan. \u0110\u00e2y l\u00e0 lo\u1ea1i \u0111\u00e1 \u0111\u01b0\u1ee3c y h\u1ecdc c\u00f4ng nh\u1eadn nh\u1eefng c\u00f4ng d\u1ee5ng tuy\u1ec7t v\u1eddi c\u1ee7a n\u00f3 ,\u0111\u1eb7c bi\u1ec7t n\u00f3 c\u00f3 ch\u1ee9c n\u0103ng ch\u1eefa m\u1ed9t s\u1ed1 b\u1ec7nh nh\u01b0: b\u1ec7nh da li\u1ec5u, th\u1ea7n kinh, m\u1ea5t ng\u1ee7&#8230;Ngo\u00e0i ra l\u00f5i s\u1ed1 8 Kangaroo c\u00f2n\u00a0 b\u1ed5 sung th\u00eam 45 lo\u1ea1i kho\u00e1ng ch\u1ea5t t\u1eeb thi\u00ean nhi\u00ean, c\u1ea7n thi\u1ebft cho c\u01a1 th\u1ec3.<br \/>\n-\u200b\u00a0S\u1ea3n ph\u1ea9m\u00a0l\u00f5i l\u1ecdc n\u01b0\u1edbc kangaroo\u00a0\u0111\u01b0\u1ee3c \u0111\u00e1nh gi\u00e1 b\u01b0\u1edbc \u0111\u1ed9t ph\u00e1 v\u1ec1 c\u00f4ng ngh\u1ec7 c\u1ee7a m\u00e1y l\u1ecdc n\u01b0\u1edbc Kangaroo n\u0103m 2021<br \/>\n&#8211; \u200bTu\u1ed5i th\u1ecd: l\u00f5i l\u1ecdc n\u01b0\u1edbc kangaroo: 2 n\u0103m<\/p>\n","protected":false},"excerpt":{"rendered":"<p>T\u00ean s\u1ea3n ph\u1ea9m : L\u00f5i l\u1ecdc n\u01b0\u1edbc Kangaroo s\u1ed1 8 &#8211; \u0110\u00e1 Maifan M\u00e3 s\u1ea3n ph\u1ea9m : KTA10-14 K\u00edch th\u01b0\u1edbc: 55 x265 (R\u1ed9ng x cao) (mm) Th\u01b0\u01a1ng hi\u1ec7u Kangaroo B\u1ea3o h\u00e0nh 12 th\u00e1ng Tu\u1ed5i th\u1ecd 12 th\u00e1ng C\u00f4ng su\u1ea5t l\u1ecdc 36 000 l\u00edt \u00c1p su\u1ea5t n\u01b0\u1edbc t\u1ed1i \u0111a 5 bar C\u00f4ng su\u1ea5t l\u1ecdc theo gi\u1edd&#8230;<\/p>\n","protected":false},"featured_media":214,"comment_status":"open","ping_status":"closed","template":"","meta":[],"product_cat":[30],"product_tag":[],"yst_prominent_words":[],"class_list":["post-213","product","type-product","status-publish","has-post-thumbnail","hentry","product_cat-linh-phu-kien-kangaroo"],"acf":[],"_links":{"self":[{"href":"https:\/\/mauweb.tamnguyen.vn\/maylocnuoc\/wp-json\/wp\/v2\/product\/213","targetHints":{"allow":["GET"]}}],"collection":[{"href":"https:\/\/mauweb.tamnguyen.vn\/maylocnuoc\/wp-json\/wp\/v2\/product"}],"about":[{"href":"https:\/\/mauweb.tamnguyen.vn\/maylocnuoc\/wp-json\/wp\/v2\/types\/product"}],"replies":[{"embeddable":true,"href":"https:\/\/mauweb.tamnguyen.vn\/maylocnuoc\/wp-json\/wp\/v2\/comments?post=213"}],"wp:featuredmedia":[{"embeddable":true,"href":"https:\/\/mauweb.tamnguyen.vn\/maylocnuoc\/wp-json\/wp\/v2\/media\/214"}],"wp:attachment":[{"href":"https:\/\/mauweb.tamnguyen.vn\/maylocnuoc\/wp-json\/wp\/v2\/media?parent=213"}],"wp:term":[{"taxonomy":"product_cat","embeddable":true,"href":"https:\/\/mauweb.tamnguyen.vn\/maylocnuoc\/wp-json\/wp\/v2\/product_cat?post=213"},{"taxonomy":"product_tag","embeddable":true,"href":"https:\/\/mauweb.tamnguyen.vn\/maylocnuoc\/wp-json\/wp\/v2\/product_tag?post=213"},{"taxonomy":"yst_prominent_words","embeddable":true,"href":"https:\/\/mauweb.tamnguyen.vn\/maylocnuoc\/wp-json\/wp\/v2\/yst_prominent_words?post=213"}],"curies":[{"name":"wp","href":"https:\/\/api.w.org\/{rel}","templated":true}]}}