{"id":211,"date":"2021-10-28T16:23:44","date_gmt":"2021-10-28T16:23:44","guid":{"rendered":"http:\/\/maylocnuoc.themevivu.com\/?post_type=product&#038;p=211"},"modified":"2021-10-28T17:13:33","modified_gmt":"2021-10-28T17:13:33","slug":"may-loc-nuoc-kangaroo-hydrogen-ion-kiem-kg100es1-moi-2021","status":"publish","type":"product","link":"https:\/\/mauweb.tamnguyen.vn\/maylocnuoc\/may-loc-nuoc-kangaroo-hydrogen-ion-kiem-kg100es1-moi-2021\/","title":{"rendered":"M\u00e1y l\u1ecdc n\u01b0\u1edbc Kangaroo Hydrogen ion ki\u1ec1m KG100ES1 M\u1edbi 2021"},"content":{"rendered":"<table id=\"table\">\n<tbody>\n<tr>\n<td>T\u00ean s\u1ea3n ph\u1ea9m :<\/td>\n<td>M\u00e1y l\u1ecdc n\u01b0\u1edbc Kangaroo Hydrogen ion ki\u1ec1m KG100ES1 M\u1edbi 2021<\/td>\n<\/tr>\n<tr>\n<td>M\u00e3 s\u1ea3n ph\u1ea9m :<\/td>\n<td>KG100ES1<\/td>\n<\/tr>\n<tr>\n<td>K\u00edch th\u01b0\u1edbc:<\/td>\n<td>290 x 340 x 965 (mm)<\/td>\n<\/tr>\n<tr>\n<td>Th\u01b0\u01a1ng hi\u1ec7u<\/td>\n<td>Kangaroo<\/td>\n<\/tr>\n<tr>\n<td>B\u1ea3o h\u00e0nh<\/td>\n<td>24 th\u00e1ng<\/td>\n<\/tr>\n<tr>\n<td>Tu\u1ed5i th\u1ecd<\/td>\n<td>20 n\u0103m<\/td>\n<\/tr>\n<tr>\n<td>C\u00f4ng su\u1ea5t l\u1ecdc<\/td>\n<td>&gt;= 18 l\u00edt\/gi\u1edd (T\u00f9y thu\u1ed9c ngu\u1ed3n n\u01b0\u1edbc)<\/td>\n<\/tr>\n<tr>\n<td>Ch\u1ee9c n\u0103ng ch\u00ednh<\/td>\n<td>T\u1ea1o n\u01b0\u1edbc N\u00f3ng &#8211; L\u1ea1nh &#8211; Th\u01b0\u1eddng (Hydrogen)<\/td>\n<\/tr>\n<tr>\n<td>\u0110i\u1ec7n ti\u00eau th\u1ee5<\/td>\n<td>30w\/h<\/td>\n<\/tr>\n<tr>\n<td>\u0110i\u1ec7n \u00e1p<\/td>\n<td>220V\/50Hz<\/td>\n<\/tr>\n<tr>\n<td>T\u1ea1o n\u01b0\u1edbc Hydrogen<\/td>\n<td>Kho\u00e1ng g\u1ed1m<\/td>\n<\/tr>\n<tr>\n<td>Motor<\/td>\n<td>\u0110\u1ed9ng c\u01a1 h\u00fat \u0111\u1ea9y<\/td>\n<\/tr>\n<tr>\n<td>Ki\u1ec3u t\u1ee7<\/td>\n<td>T\u1ee7 Vertu m\u1edbi 2021<\/td>\n<\/tr>\n<tr>\n<td>Kh\u1ed1i l\u01b0\u1ee3ng<\/td>\n<td>18.5kg<\/td>\n<\/tr>\n<tr>\n<td>S\u1ed1 c\u1ea5p l\u1ecdc (L\u00f5i l\u1ecdc)<\/td>\n<td>5 L\u00f5i l\u1ecdc<\/td>\n<\/tr>\n<tr>\n<td>M\u00e0ng l\u1ecdc<\/td>\n<td>M\u00e0ng l\u1ecdc RO 100GDP Kangaroo Made in Korea<\/td>\n<\/tr>\n<tr>\n<td>Van \u0111i\u1ec7n t\u1eeb<\/td>\n<td>KSD<\/td>\n<\/tr>\n<tr>\n<td>T\u1ef1 \u0111\u1ed9ng s\u1ee5c r\u1eeda m\u00e0ng RO<\/td>\n<td>C\u00f3<\/td>\n<\/tr>\n<tr>\n<td>Dung t\u00edch b\u00ecnh ch\u1ee9a<\/td>\n<td>7 l\u00edt<\/td>\n<\/tr>\n<tr>\n<td>Nhi\u1ec7t \u0111\u1ed9 n\u01b0\u1edbc \u0111\u1ea7u v\u00e0o<\/td>\n<td>5 \u0111\u1ebfn 35\u00baC<\/td>\n<\/tr>\n<tr>\n<td>Lo\u1ea1i m\u00e1y<\/td>\n<td>C\u01a1, c\u00e1nh quay<\/td>\n<\/tr>\n<tr>\n<td>Hi\u1ec7u su\u1ea5t l\u1ecdc<\/td>\n<td>48%<\/td>\n<\/tr>\n<tr>\n<td>Ti\u00eau chu\u1ea9n n\u01b0\u1edbc v\u00e0o<\/td>\n<td>QC02\/2009\/BYT<\/td>\n<\/tr>\n<\/tbody>\n<\/table>\n<p>&#8211; S\u1ed1 l\u00f5i l\u1ecdc : 5 c\u1ea5p l\u1ecdc<br \/>\n&#8211; C\u00f4ng su\u1ea5t l\u1ecdc : 15 l\u00edt\/gi\u1edd<br \/>\n&#8211; C\u00f4ng su\u1ea5t ti\u00eau th\u1ee5 : 30W<br \/>\n&#8211; B\u1ed9 l\u00f5i \u0111\u00fac nguy\u00ean kh\u1ed1i an to\u00e0n<br \/>\n&#8211; C\u00f4ng ngh\u1ec7 \u0111i\u1ec7n ph\u00e2n n\u01b0\u1edbc RO duy nh\u1ea5t t\u1ea1i Vi\u1ec7t Nam<br \/>\n&#8211; T\u1ea1o ngu\u1ed3n n\u01b0\u1edbc Hydrogen ion ki\u1ec1m \u01b0u vi\u1ec7t, \u1ed5n \u0111\u1ecbnh v\u00e0 b\u1ec1n v\u1eefng<br \/>\n&#8211; M\u00e0ng RO Vortex gi\u1ea3m 75% n\u01b0\u1edbc th\u1ea3i<br \/>\n&#8211; K\u1ebft c\u1ea5u tinh g\u1ecdn, d\u1ec5 d\u00e0ng thao t\u00e1c v\u1edbi c\u1eeda \u0111\u00f3ng m\u1edf d\u1ea1ng c\u00e1nh quay<br \/>\n&#8211; M\u1eabu m\u1edbi nh\u1ea5t 2021<\/p>\n<p><strong>M\u00e1y l\u1ecdc n\u01b0\u1edbc Kangaroo Hydrogen ion ki\u1ec1m KG100ES1 M\u1edbi 2021<\/strong>\u00a0v\u1edbi thi\u1ebft k\u1ebf tr\u1ebb trung, hi\u1ec7n \u0111\u1ea1i, m\u00e0u s\u1eafc \u0111\u01b0\u1ee3c ph\u1ed1i \u0111en &#8211; tr\u1eafng c\u1ef1c k\u1ef3 b\u1eaft m\u1eaft v\u1edbi d\u1ea3i m\u00e0u \u0111en ch\u1ea1y d\u1ecdc th\u00e2n m\u00e1y. Ki\u1ec3u d\u00e1ng thi\u1ebft k\u1ebf SLIM r\u1ea5t nh\u1ecf g\u1ecdn, s\u1eed d\u1ee5ng c\u00f4ng ngh\u1ec7 \u0111i\u1ec7n ph\u00e2n n\u01b0\u1edbc RO duy nh\u1ea5t t\u1ea1i Vi\u1ec7t Nam \u0111\u1ec3 t\u1ea1o n\u01b0\u1edbc s\u1ed1ng ion ki\u1ec1m gi\u00e0u Hydrogen \u01b0u vi\u1ec7t, b\u1ec1n v\u1eefng.<\/p>\n","protected":false},"excerpt":{"rendered":"<p>T\u00ean s\u1ea3n ph\u1ea9m : M\u00e1y l\u1ecdc n\u01b0\u1edbc Kangaroo Hydrogen ion ki\u1ec1m KG100ES1 M\u1edbi 2021 M\u00e3 s\u1ea3n ph\u1ea9m : KG100ES1 K\u00edch th\u01b0\u1edbc: 290 x 340 x 965 (mm) Th\u01b0\u01a1ng hi\u1ec7u Kangaroo B\u1ea3o h\u00e0nh 24 th\u00e1ng Tu\u1ed5i th\u1ecd 20 n\u0103m C\u00f4ng su\u1ea5t l\u1ecdc &gt;= 18 l\u00edt\/gi\u1edd (T\u00f9y thu\u1ed9c ngu\u1ed3n n\u01b0\u1edbc) Ch\u1ee9c n\u0103ng ch\u00ednh T\u1ea1o n\u01b0\u1edbc N\u00f3ng &#8211;&#8230;<\/p>\n","protected":false},"featured_media":212,"comment_status":"open","ping_status":"closed","template":"","meta":[],"product_cat":[16,18],"product_tag":[],"yst_prominent_words":[],"class_list":["post-211","product","type-product","status-publish","has-post-thumbnail","hentry","product_cat-may-loc-nuoc-kangaroo","product_cat-may-loc-nuoc-kangaroo-co-tu"],"acf":[],"_links":{"self":[{"href":"https:\/\/mauweb.tamnguyen.vn\/maylocnuoc\/wp-json\/wp\/v2\/product\/211","targetHints":{"allow":["GET"]}}],"collection":[{"href":"https:\/\/mauweb.tamnguyen.vn\/maylocnuoc\/wp-json\/wp\/v2\/product"}],"about":[{"href":"https:\/\/mauweb.tamnguyen.vn\/maylocnuoc\/wp-json\/wp\/v2\/types\/product"}],"replies":[{"embeddable":true,"href":"https:\/\/mauweb.tamnguyen.vn\/maylocnuoc\/wp-json\/wp\/v2\/comments?post=211"}],"wp:featuredmedia":[{"embeddable":true,"href":"https:\/\/mauweb.tamnguyen.vn\/maylocnuoc\/wp-json\/wp\/v2\/media\/212"}],"wp:attachment":[{"href":"https:\/\/mauweb.tamnguyen.vn\/maylocnuoc\/wp-json\/wp\/v2\/media?parent=211"}],"wp:term":[{"taxonomy":"product_cat","embeddable":true,"href":"https:\/\/mauweb.tamnguyen.vn\/maylocnuoc\/wp-json\/wp\/v2\/product_cat?post=211"},{"taxonomy":"product_tag","embeddable":true,"href":"https:\/\/mauweb.tamnguyen.vn\/maylocnuoc\/wp-json\/wp\/v2\/product_tag?post=211"},{"taxonomy":"yst_prominent_words","embeddable":true,"href":"https:\/\/mauweb.tamnguyen.vn\/maylocnuoc\/wp-json\/wp\/v2\/yst_prominent_words?post=211"}],"curies":[{"name":"wp","href":"https:\/\/api.w.org\/{rel}","templated":true}]}}