{"id":209,"date":"2021-10-28T16:21:10","date_gmt":"2021-10-28T16:21:10","guid":{"rendered":"http:\/\/maylocnuoc.themevivu.com\/?post_type=product&#038;p=209"},"modified":"2021-10-28T16:41:00","modified_gmt":"2021-10-28T16:41:00","slug":"bom-may-loc-nuoc-kangaroo","status":"publish","type":"product","link":"https:\/\/mauweb.tamnguyen.vn\/maylocnuoc\/bom-may-loc-nuoc-kangaroo\/","title":{"rendered":"B\u01a1m m\u00e1y l\u1ecdc n\u01b0\u1edbc Kangaroo"},"content":{"rendered":"<table id=\"table\">\n<tbody>\n<tr>\n<td>T\u00ean s\u1ea3n ph\u1ea9m :<\/td>\n<td>B\u01a1m m\u00e1y l\u1ecdc n\u01b0\u1edbc Kangaroo<\/td>\n<\/tr>\n<tr>\n<td>M\u00e3 s\u1ea3n ph\u1ea9m :<\/td>\n<td>BTA<\/td>\n<\/tr>\n<tr>\n<td>K\u00edch th\u01b0\u1edbc:<\/td>\n<td>(mm)<\/td>\n<\/tr>\n<tr>\n<td>Th\u01b0\u01a1ng hi\u1ec7u<\/td>\n<td>Kangaroo<\/td>\n<\/tr>\n<tr>\n<td>B\u1ea3o h\u00e0nh<\/td>\n<td>12 th\u00e1ng<\/td>\n<\/tr>\n<tr>\n<td>Tu\u1ed5i th\u1ecd<\/td>\n<td>5 n\u0103m<\/td>\n<\/tr>\n<tr>\n<td>\u0110i\u1ec7n ti\u00eau th\u1ee5<\/td>\n<td>26W<\/td>\n<\/tr>\n<tr>\n<td>\u0110i\u1ec7n \u00e1p<\/td>\n<td>220V<\/td>\n<\/tr>\n<tr>\n<td>\u0110i\u1ec7n \u00e1p ra<\/td>\n<td>24V<\/td>\n<\/tr>\n<\/tbody>\n<\/table>\n<p>&#8211; C\u00f4ng xu\u1ea5t: 26W\/h<br \/>\n&#8211; \u0110i\u1ec7n \u00e1p v\u00e0o: 24V<br \/>\n&#8211; Xu\u1ea5t x\u1ee9 : \u0110\u00e0i Loan ( H\u00e0ng cao c\u1ea5p d\u00e2y \u0111\u1ed3ng)<br \/>\n&#8211; H\u00fat \u0111\u1ea9y si\u00eau m\u1ea1nh<br \/>\n&#8211; Xu\u1ea5t x\u1ee9 : \u0110\u00e0i Loan<br \/>\n&#8211; Th\u01b0\u01a1ng hi\u1ec7u : HEADON<br \/>\n&#8211; M\u00e3 s\u1ea3n ph\u1ea9m : HEAGON-8377<br \/>\n&#8211; S\u1eed d\u1ee5ng : D\u00e0nh cho m\u00e1y l\u1ecdc n\u01b0\u1edbc Kangaroo<br \/>\n&#8211; Th\u1eddi gian b\u1ea3o h\u00e0nh : 12 th\u00e1ng<\/p>\n","protected":false},"excerpt":{"rendered":"<p>T\u00ean s\u1ea3n ph\u1ea9m : B\u01a1m m\u00e1y l\u1ecdc n\u01b0\u1edbc Kangaroo M\u00e3 s\u1ea3n ph\u1ea9m : BTA K\u00edch th\u01b0\u1edbc: (mm) Th\u01b0\u01a1ng hi\u1ec7u Kangaroo B\u1ea3o h\u00e0nh 12 th\u00e1ng Tu\u1ed5i th\u1ecd 5 n\u0103m \u0110i\u1ec7n ti\u00eau th\u1ee5 26W \u0110i\u1ec7n \u00e1p 220V \u0110i\u1ec7n \u00e1p ra 24V &#8211; C\u00f4ng xu\u1ea5t: 26W\/h &#8211; \u0110i\u1ec7n \u00e1p v\u00e0o: 24V &#8211; Xu\u1ea5t x\u1ee9 : \u0110\u00e0i Loan (&#8230;<\/p>\n","protected":false},"featured_media":210,"comment_status":"open","ping_status":"closed","template":"","meta":[],"product_cat":[30],"product_tag":[],"yst_prominent_words":[],"class_list":["post-209","product","type-product","status-publish","has-post-thumbnail","hentry","product_cat-linh-phu-kien-kangaroo"],"acf":[],"_links":{"self":[{"href":"https:\/\/mauweb.tamnguyen.vn\/maylocnuoc\/wp-json\/wp\/v2\/product\/209","targetHints":{"allow":["GET"]}}],"collection":[{"href":"https:\/\/mauweb.tamnguyen.vn\/maylocnuoc\/wp-json\/wp\/v2\/product"}],"about":[{"href":"https:\/\/mauweb.tamnguyen.vn\/maylocnuoc\/wp-json\/wp\/v2\/types\/product"}],"replies":[{"embeddable":true,"href":"https:\/\/mauweb.tamnguyen.vn\/maylocnuoc\/wp-json\/wp\/v2\/comments?post=209"}],"wp:featuredmedia":[{"embeddable":true,"href":"https:\/\/mauweb.tamnguyen.vn\/maylocnuoc\/wp-json\/wp\/v2\/media\/210"}],"wp:attachment":[{"href":"https:\/\/mauweb.tamnguyen.vn\/maylocnuoc\/wp-json\/wp\/v2\/media?parent=209"}],"wp:term":[{"taxonomy":"product_cat","embeddable":true,"href":"https:\/\/mauweb.tamnguyen.vn\/maylocnuoc\/wp-json\/wp\/v2\/product_cat?post=209"},{"taxonomy":"product_tag","embeddable":true,"href":"https:\/\/mauweb.tamnguyen.vn\/maylocnuoc\/wp-json\/wp\/v2\/product_tag?post=209"},{"taxonomy":"yst_prominent_words","embeddable":true,"href":"https:\/\/mauweb.tamnguyen.vn\/maylocnuoc\/wp-json\/wp\/v2\/yst_prominent_words?post=209"}],"curies":[{"name":"wp","href":"https:\/\/api.w.org\/{rel}","templated":true}]}}