{"id":207,"date":"2021-10-28T16:19:58","date_gmt":"2021-10-28T16:19:58","guid":{"rendered":"http:\/\/maylocnuoc.themevivu.com\/?post_type=product&#038;p=207"},"modified":"2021-10-28T16:40:31","modified_gmt":"2021-10-28T16:40:31","slug":"cay-nuoc-nong-lanh-kangaroo-kg41h","status":"publish","type":"product","link":"https:\/\/mauweb.tamnguyen.vn\/maylocnuoc\/cay-nuoc-nong-lanh-kangaroo-kg41h\/","title":{"rendered":"C\u00e2y n\u01b0\u1edbc n\u00f3ng l\u1ea1nh Kangaroo KG41H"},"content":{"rendered":"<table id=\"table\">\n<tbody>\n<tr>\n<td>T\u00ean s\u1ea3n ph\u1ea9m :<\/td>\n<td>C\u00e2y n\u01b0\u1edbc n\u00f3ng l\u1ea1nh Kangaroo KG41H<\/td>\n<\/tr>\n<tr>\n<td>M\u00e3 s\u1ea3n ph\u1ea9m :<\/td>\n<td>KG41H<\/td>\n<\/tr>\n<tr>\n<td>K\u00edch th\u01b0\u1edbc:<\/td>\n<td>375 x 415 x 1080 mm (mm)<\/td>\n<\/tr>\n<tr>\n<td>Th\u01b0\u01a1ng hi\u1ec7u<\/td>\n<td>Kangaroo<\/td>\n<\/tr>\n<tr>\n<td>B\u1ea3o h\u00e0nh<\/td>\n<td>12 th\u00e1ng<\/td>\n<\/tr>\n<tr>\n<td>Tu\u1ed5i th\u1ecd<\/td>\n<td>10 n\u0103m<\/td>\n<\/tr>\n<tr>\n<td>\u0110i\u1ec7n \u00e1p<\/td>\n<td>220V\/50Hz<\/td>\n<\/tr>\n<tr>\n<td>Kh\u1ed1i l\u01b0\u1ee3ng<\/td>\n<td>19Kg<\/td>\n<\/tr>\n<tr>\n<td>C\u00f4ng su\u1ea5t l\u00e0m n\u00f3ng<\/td>\n<td>500W<\/td>\n<\/tr>\n<tr>\n<td>C\u00f4ng su\u1ea5t l\u00e0m l\u1ea1nh<\/td>\n<td>100W<\/td>\n<\/tr>\n<tr>\n<td>V\u00f2i l\u1ea5y n\u01b0\u1edbc<\/td>\n<td>2 v\u00f2i n\u00f3ng l\u1ea1nh ri\u00eang bi\u1ec7t<\/td>\n<\/tr>\n<tr>\n<td>Block l\u00e0m l\u1ea1nh<\/td>\n<td>L\u00e0m l\u1ea1nh b\u1eb1ng Block<\/td>\n<\/tr>\n<tr>\n<td>M\u00f4i ch\u1ea5t l\u00e0m l\u1ea1nh<\/td>\n<td>R-134a<\/td>\n<\/tr>\n<tr>\n<td>B\u00ecnh ch\u1ee9a n\u01b0\u1edbc l\u1ea1nh<\/td>\n<td>Dung t\u00edch 2L\/h, b\u00ecnh Inox 304<\/td>\n<\/tr>\n<tr>\n<td>Nhi\u1ec7t \u0111\u1ed9 l\u00e0m l\u1ea1nh<\/td>\n<td>2oC \u2013 10oC<\/td>\n<\/tr>\n<tr>\n<td>\u0110i\u1ec1u khi\u1ec3n nhi\u1ec7t \u0111\u1ed9<\/td>\n<td>B\u1ed9 \u1ed5n \u0111\u1ecbnh nhi\u1ec7t (thermostat)<\/td>\n<\/tr>\n<tr>\n<td>B\u00ecnh ch\u1ee9a n\u01b0\u1edbc n\u00f3ng<\/td>\n<td>D\u00f9ng t\u00edch 5L\/h, b\u00ecnh Inox 304<\/td>\n<\/tr>\n<tr>\n<td>Nhi\u1ec7t \u0111\u1ed9 l\u00e0m n\u00f3ng<\/td>\n<td>85oC ~ 95oC<\/td>\n<\/tr>\n<tr>\n<td>Thi\u1ebft b\u1ecb \u0111un n\u00f3ng<\/td>\n<td>Tr\u1ef1c ti\u1ebfp<\/td>\n<\/tr>\n<tr>\n<td>R\u01a1 le b\u1ea3o v\u1ec7<\/td>\n<td>R\u01a1le l\u01b0\u1ee1ng kim<\/td>\n<\/tr>\n<tr>\n<td>M\u1eb7t th\u00e2n tr\u01b0\u1edbc<\/td>\n<td>Nh\u1ef1a ABS<\/td>\n<\/tr>\n<tr>\n<td>Lo\u1ea1i c\u00e2y n\u01b0\u1edbc<\/td>\n<td>S\u1eed d\u1ee5ng b\u00ecnh \u00fap<\/td>\n<\/tr>\n<tr>\n<td>Gi\u00e0n n\u00f3ng<\/td>\n<td>D\u1ea1ng L\u01b0\u1edbi<\/td>\n<\/tr>\n<tr>\n<td>Khoang ch\u1ee9a<\/td>\n<td>Khoang l\u1ea1nh<\/td>\n<\/tr>\n<\/tbody>\n<\/table>\n<p>&#8211; C\u00e2y n\u01b0\u1edbc n\u00f3ng l\u1ea1nh Kangaroo\u00a0l\u00e0 m\u00e1y l\u00e0m n\u00f3ng, l\u1ea1nh n\u01b0\u1edbc ti\u1ec7n l\u1ee3i v\u00e0 an to\u00e0n, c\u00f3 ki\u1ec3u d\u00e1ng sang tr\u1ecdng ph\u00f9 h\u1ee3p cho c\u1ea3 gia \u0111\u00ecnh v\u00e0 v\u0103n ph\u00f2ng. Kh\u00f4ng c\u1ea7n qu\u00e1 m\u1ea5t th\u1eddi gian v\u00e0 di\u1ec7n t\u00edch cho nhi\u1ec1u s\u1ea3n ph\u1ea9m nh\u01b0 t\u1ee7 l\u1ea1nh, \u1ea5m \u0111un n\u01b0\u1edbc,\u2026 nhu c\u1ea7u l\u00e0m l\u1ea1nh ho\u1eb7c \u0111un n\u00f3ng n\u01b0\u1edbc nay \u0111\u01b0\u1ee3c t\u00edch h\u1ee3p trong m\u1ed9t s\u1ea3n ph\u1ea9m duy nh\u1ea5t \u2013 r\u1ea5t g\u1ecdn g\u00e0ng.<br \/>\n&#8211; \u0110\u01b0\u1ee3c s\u1ea3n xu\u1ea5t tr\u00ean d\u00e2y chuy\u1ec1n c\u00f4ng ngh\u1ec7 hi\u1ec7n \u0111\u1ea1i, s\u1eed d\u1ee5ng ch\u1ea5t li\u1ec7u v\u00e0 h\u1ec7 th\u1ed1ng l\u00e0m l\u1ea1nh cao c\u1ea5p,\u00a0C\u00e2y n\u01b0\u1edbc n\u00f3ng l\u1ea1nh Kangaroo\u00a0tuy\u1ec7t \u0111\u1ed1i an to\u00e0n cho s\u1ee9c kho\u1ebb. C\u00f9ng r\u1ea5t nhi\u1ec1u nh\u1eefng t\u00ednh n\u0103ng, thi\u1ebft k\u1ebf th\u00f4ng minh kh\u00e1c,\u00a0C\u00e2y n\u01b0\u1edbc n\u00f3ng l\u1ea1nh Kangaroo\u00a0l\u00e0 s\u1ea3n ph\u1ea9m \u0111\u00e1p \u1ee9ng m\u1ed9t c\u00e1ch t\u1ed1i \u01b0u nh\u1eefng nhu c\u1ea7u c\u1ee7a b\u1ea1n.<\/p>\n","protected":false},"excerpt":{"rendered":"<p>T\u00ean s\u1ea3n ph\u1ea9m : C\u00e2y n\u01b0\u1edbc n\u00f3ng l\u1ea1nh Kangaroo KG41H M\u00e3 s\u1ea3n ph\u1ea9m : KG41H K\u00edch th\u01b0\u1edbc: 375 x 415 x 1080 mm (mm) Th\u01b0\u01a1ng hi\u1ec7u Kangaroo B\u1ea3o h\u00e0nh 12 th\u00e1ng Tu\u1ed5i th\u1ecd 10 n\u0103m \u0110i\u1ec7n \u00e1p 220V\/50Hz Kh\u1ed1i l\u01b0\u1ee3ng 19Kg C\u00f4ng su\u1ea5t l\u00e0m n\u00f3ng 500W C\u00f4ng su\u1ea5t l\u00e0m l\u1ea1nh 100W V\u00f2i l\u1ea5y n\u01b0\u1edbc 2&#8230;<\/p>\n","protected":false},"featured_media":208,"comment_status":"open","ping_status":"closed","template":"","meta":[],"product_cat":[25],"product_tag":[],"yst_prominent_words":[],"class_list":["post-207","product","type-product","status-publish","has-post-thumbnail","hentry","product_cat-cay-nuoc-nong-lanh-kangaroo"],"acf":[],"_links":{"self":[{"href":"https:\/\/mauweb.tamnguyen.vn\/maylocnuoc\/wp-json\/wp\/v2\/product\/207","targetHints":{"allow":["GET"]}}],"collection":[{"href":"https:\/\/mauweb.tamnguyen.vn\/maylocnuoc\/wp-json\/wp\/v2\/product"}],"about":[{"href":"https:\/\/mauweb.tamnguyen.vn\/maylocnuoc\/wp-json\/wp\/v2\/types\/product"}],"replies":[{"embeddable":true,"href":"https:\/\/mauweb.tamnguyen.vn\/maylocnuoc\/wp-json\/wp\/v2\/comments?post=207"}],"wp:featuredmedia":[{"embeddable":true,"href":"https:\/\/mauweb.tamnguyen.vn\/maylocnuoc\/wp-json\/wp\/v2\/media\/208"}],"wp:attachment":[{"href":"https:\/\/mauweb.tamnguyen.vn\/maylocnuoc\/wp-json\/wp\/v2\/media?parent=207"}],"wp:term":[{"taxonomy":"product_cat","embeddable":true,"href":"https:\/\/mauweb.tamnguyen.vn\/maylocnuoc\/wp-json\/wp\/v2\/product_cat?post=207"},{"taxonomy":"product_tag","embeddable":true,"href":"https:\/\/mauweb.tamnguyen.vn\/maylocnuoc\/wp-json\/wp\/v2\/product_tag?post=207"},{"taxonomy":"yst_prominent_words","embeddable":true,"href":"https:\/\/mauweb.tamnguyen.vn\/maylocnuoc\/wp-json\/wp\/v2\/yst_prominent_words?post=207"}],"curies":[{"name":"wp","href":"https:\/\/api.w.org\/{rel}","templated":true}]}}