{"id":205,"date":"2021-10-28T16:16:38","date_gmt":"2021-10-28T16:16:38","guid":{"rendered":"http:\/\/maylocnuoc.themevivu.com\/?post_type=product&#038;p=205"},"modified":"2021-10-28T16:40:01","modified_gmt":"2021-10-28T16:40:01","slug":"may-loc-nuoc-kangaroo-hydrogen-ion-kiem-kg100eed-lux-series","status":"publish","type":"product","link":"https:\/\/mauweb.tamnguyen.vn\/maylocnuoc\/may-loc-nuoc-kangaroo-hydrogen-ion-kiem-kg100eed-lux-series\/","title":{"rendered":"M\u00e1y l\u1ecdc n\u01b0\u1edbc Kangaroo Hydrogen ion ki\u1ec1m KG100EED LUX Series"},"content":{"rendered":"<table id=\"table\">\n<tbody>\n<tr>\n<td>T\u00ean s\u1ea3n ph\u1ea9m :<\/td>\n<td>M\u00e1y l\u1ecdc n\u01b0\u1edbc Kangaroo Hydrogen ion ki\u1ec1m KG100EED LUX Series<\/td>\n<\/tr>\n<tr>\n<td>M\u00e3 s\u1ea3n ph\u1ea9m :<\/td>\n<td>KG100EED<\/td>\n<\/tr>\n<tr>\n<td>K\u00edch th\u01b0\u1edbc:<\/td>\n<td>400 x 270 x 430 mm (mm)<\/td>\n<\/tr>\n<tr>\n<td>Th\u01b0\u01a1ng hi\u1ec7u<\/td>\n<td>Kangaroo<\/td>\n<\/tr>\n<tr>\n<td>B\u1ea3o h\u00e0nh<\/td>\n<td>36 th\u00e1ng<\/td>\n<\/tr>\n<tr>\n<td>Tu\u1ed5i th\u1ecd<\/td>\n<td>20 n\u0103m<\/td>\n<\/tr>\n<tr>\n<td>C\u00f4ng su\u1ea5t l\u1ecdc<\/td>\n<td>&gt;= 18 l\u00edt\/gi\u1edd (T\u00f9y thu\u1ed9c ngu\u1ed3n n\u01b0\u1edbc)<\/td>\n<\/tr>\n<tr>\n<td>\u00c1p su\u1ea5t n\u01b0\u1edbc t\u1ed1i \u0111a<\/td>\n<td>0.1 Mpa \u0111\u1ebfn 0.35 Mpa (7.2 PSI \u0111\u1ebfn 37.7 PSSI)<\/td>\n<\/tr>\n<tr>\n<td>\u0110i\u1ec7n ti\u00eau th\u1ee5<\/td>\n<td>45W<\/td>\n<\/tr>\n<tr>\n<td>\u0110i\u1ec7n \u00e1p<\/td>\n<td>220V\/50Hz<\/td>\n<\/tr>\n<tr>\n<td>Motor<\/td>\n<td>\u0110\u1ed9ng c\u01a1 h\u00fat \u0111\u1ea9y<\/td>\n<\/tr>\n<tr>\n<td>Kh\u1ed1i l\u01b0\u1ee3ng<\/td>\n<td>\u22b9 15kg<br \/>\n\u22b9 15 Kg<\/td>\n<\/tr>\n<tr>\n<td>S\u1ed1 c\u1ea5p l\u1ecdc (L\u00f5i l\u1ecdc)<\/td>\n<td>5 L\u00f5i l\u1ecdc<\/td>\n<\/tr>\n<tr>\n<td>M\u00e0ng l\u1ecdc<\/td>\n<td>M\u00e0ng RO RO Vortex 100 GPD<\/td>\n<\/tr>\n<tr>\n<td>B\u00ecnh \u00e1p<\/td>\n<td>B\u00ecnh \u00e1p nh\u1ef1a si\u00eau b\u1ec1n<\/td>\n<\/tr>\n<tr>\n<td>Van \u0111i\u1ec7n t\u1eeb<\/td>\n<td>KSD<\/td>\n<\/tr>\n<tr>\n<td>B\u01a1m<\/td>\n<td>Radian<\/td>\n<\/tr>\n<tr>\n<td>T\u1ef1 \u0111\u1ed9ng s\u1ee5c r\u1eeda m\u00e0ng RO<\/td>\n<td>C\u00f3<\/td>\n<\/tr>\n<tr>\n<td>Dung t\u00edch b\u00ecnh ch\u1ee9a<\/td>\n<td>6 l\u00edt<\/td>\n<\/tr>\n<tr>\n<td>Nhi\u1ec7t \u0111\u1ed9 n\u01b0\u1edbc \u0111\u1ea7u v\u00e0o<\/td>\n<td>5 \u0111\u1ebfn 35\u00baC<\/td>\n<\/tr>\n<tr>\n<td>Hi\u1ec7u su\u1ea5t l\u1ecdc<\/td>\n<td>45%<\/td>\n<\/tr>\n<tr>\n<td>Ti\u00eau chu\u1ea9n n\u01b0\u1edbc v\u00e0o<\/td>\n<td>QC02\/2009\/BYT<\/td>\n<\/tr>\n<\/tbody>\n<\/table>\n<p>M\u00e1y l\u1ecdc n\u01b0\u1edbc Kangaroo ion ki\u1ec1m Hydrogen LUX Series KG100EED s\u1eed d\u1ee5ng c\u00f4ng ngh\u1ec7 \u0111i\u1ec7n ph\u00e2n n\u01b0\u1edbc RO duy nh\u1ea5t t\u1ea1i Vi\u1ec7t Nam \u0111\u1ec3 t\u1ea1o &#8220;n\u01b0\u1edbc s\u1ed1ng&#8221; Hydrogen ion ki\u1ec1m \u01b0u vi\u1ec7t.<br \/>\n\u0110\u1eb7c bi\u1ec7t v\u1edbi vi\u1ec7c t\u00edch h\u1ee3p c\u00f4ng ngh\u1ec7 c\u1ea3m \u1ee9ng \u0111i\u1ec7n t\u1eed, v\u00e0 trang b\u1ecb h\u1ec7 th\u1ed1ng c\u1ea3nh b\u00e1o thay l\u00f5i t\u1ef1 \u0111\u1ed9ng th\u00f4ng minh,\u00a0<strong>M\u00e1y l\u1ecdc n\u01b0\u1edbc Hydrogen ion ki\u1ec1m KG100EED\u00a0<\/strong>ch\u00ednh l\u00e0 s\u1ea3n ph\u1ea9m hi\u1ec7n \u0111\u1ea1i b\u1eadc nh\u1ea5t tr\u00ean th\u1ecb tr\u01b0\u1eddng hi\u1ec7n nay, l\u00e0 l\u01b0\u0323a cho\u0323n x\u01b0\u0301ng \u0111a\u0301ng cho mo\u0323i kh\u00f4ng gian s\u00f4\u0301ng hi\u00ea\u0323n \u0111a\u0323i va\u0300 c\u00f4ng ngh\u00ea\u0323.<\/p>\n<p>M\u00e1y l\u1ecdc n\u01b0\u1edbc Kangaroo ion ki\u1ec1m Hydrogen LUX Series KG100EED s\u1eed d\u1ee5ng c\u00f4ng ngh\u1ec7 \u0111i\u1ec7n ph\u00e2n n\u01b0\u1edbc RO \u0111\u1ed9c quy\u1ec1n, gi\u00fap t\u1ea1o n\u01b0\u1edbc Hydrogen ion ki\u1ec1m \u01b0u vi\u1ec7t, \u1ed5n \u0111\u1ecbnh v\u00e0 b\u1ec1n v\u1eefng. \u0110\u00e2y l\u00e0 m\u1ed9t lo\u1ea1i n\u01b0\u1edbc kh\u1ecfe c\u00f3 ngu\u1ed3n g\u1ed1c t\u1eeb Nh\u1eadt B\u1ea3n, \u0111ang \u0111\u01b0\u1ee3c y\u00eau th\u00edch, s\u1eed d\u1ee5ng r\u1ed9ng r\u00e3i tr\u00ean to\u00e0n th\u1ebf gi\u1edbi, mang l\u1ea1i r\u1ea5t nhi\u1ec1u l\u1ee3i \u00edch t\u1ed1t cho s\u1ee9c kh\u1ecfe con ng\u01b0\u1eddi. \u0110\u1ed3ng th\u1eddi, c\u00e1c nghi\u00ean c\u1ee9u khoa h\u1ecdc c\u1ee7a Nh\u1eadt B\u1ea3n v\u00e0 H\u00e0n Qu\u1ed1c c\u0169ng ch\u1ec9 ra r\u1eb1ng, Hydrogen gi\u00fap lo\u1ea1i b\u1ecf xu\u1ea5t s\u1eafc c\u00e1c g\u1ed1c t\u1ef1 do, \u0111\u1ed3ng th\u1eddi ho\u1ea1t \u0111\u1ed9ng nh\u01b0 m\u1ed9t ch\u1ea5t ch\u1ed1ng oxy h\u00f3a.<\/p>\n","protected":false},"excerpt":{"rendered":"<p>T\u00ean s\u1ea3n ph\u1ea9m : M\u00e1y l\u1ecdc n\u01b0\u1edbc Kangaroo Hydrogen ion ki\u1ec1m KG100EED LUX Series M\u00e3 s\u1ea3n ph\u1ea9m : KG100EED K\u00edch th\u01b0\u1edbc: 400 x 270 x 430 mm (mm) Th\u01b0\u01a1ng hi\u1ec7u Kangaroo B\u1ea3o h\u00e0nh 36 th\u00e1ng Tu\u1ed5i th\u1ecd 20 n\u0103m C\u00f4ng su\u1ea5t l\u1ecdc &gt;= 18 l\u00edt\/gi\u1edd (T\u00f9y thu\u1ed9c ngu\u1ed3n n\u01b0\u1edbc) \u00c1p su\u1ea5t n\u01b0\u1edbc t\u1ed1i \u0111a 0.1&#8230;<\/p>\n","protected":false},"featured_media":206,"comment_status":"open","ping_status":"closed","template":"","meta":[],"product_cat":[16,20],"product_tag":[],"yst_prominent_words":[],"class_list":["post-205","product","type-product","status-publish","has-post-thumbnail","hentry","product_cat-may-loc-nuoc-kangaroo","product_cat-may-loc-nuoc-kangaroo-hydrogen"],"acf":[],"_links":{"self":[{"href":"https:\/\/mauweb.tamnguyen.vn\/maylocnuoc\/wp-json\/wp\/v2\/product\/205","targetHints":{"allow":["GET"]}}],"collection":[{"href":"https:\/\/mauweb.tamnguyen.vn\/maylocnuoc\/wp-json\/wp\/v2\/product"}],"about":[{"href":"https:\/\/mauweb.tamnguyen.vn\/maylocnuoc\/wp-json\/wp\/v2\/types\/product"}],"replies":[{"embeddable":true,"href":"https:\/\/mauweb.tamnguyen.vn\/maylocnuoc\/wp-json\/wp\/v2\/comments?post=205"}],"wp:featuredmedia":[{"embeddable":true,"href":"https:\/\/mauweb.tamnguyen.vn\/maylocnuoc\/wp-json\/wp\/v2\/media\/206"}],"wp:attachment":[{"href":"https:\/\/mauweb.tamnguyen.vn\/maylocnuoc\/wp-json\/wp\/v2\/media?parent=205"}],"wp:term":[{"taxonomy":"product_cat","embeddable":true,"href":"https:\/\/mauweb.tamnguyen.vn\/maylocnuoc\/wp-json\/wp\/v2\/product_cat?post=205"},{"taxonomy":"product_tag","embeddable":true,"href":"https:\/\/mauweb.tamnguyen.vn\/maylocnuoc\/wp-json\/wp\/v2\/product_tag?post=205"},{"taxonomy":"yst_prominent_words","embeddable":true,"href":"https:\/\/mauweb.tamnguyen.vn\/maylocnuoc\/wp-json\/wp\/v2\/yst_prominent_words?post=205"}],"curies":[{"name":"wp","href":"https:\/\/api.w.org\/{rel}","templated":true}]}}