{"id":203,"date":"2021-10-28T16:14:49","date_gmt":"2021-10-28T16:14:49","guid":{"rendered":"http:\/\/maylocnuoc.themevivu.com\/?post_type=product&#038;p=203"},"modified":"2021-10-28T16:14:49","modified_gmt":"2021-10-28T16:14:49","slug":"may-loc-nuoc-kangaroo-omega-kg02g4-kv","status":"publish","type":"product","link":"https:\/\/mauweb.tamnguyen.vn\/maylocnuoc\/may-loc-nuoc-kangaroo-omega-kg02g4-kv\/","title":{"rendered":"M\u00e1y l\u1ecdc n\u01b0\u1edbc Kangaroo OMEGA+ KG02G4-KV"},"content":{"rendered":"<table id=\"table\">\n<tbody>\n<tr>\n<td>T\u00ean s\u1ea3n ph\u1ea9m :<\/td>\n<td>M\u00e1y l\u1ecdc n\u01b0\u1edbc Kangaroo OMEGA+ KG02G4-KV<\/td>\n<\/tr>\n<tr>\n<td>M\u00e3 s\u1ea3n ph\u1ea9m :<\/td>\n<td>KG02G4-KV<\/td>\n<\/tr>\n<tr>\n<td>K\u00edch th\u01b0\u1edbc:<\/td>\n<td>440 x 335 x 575 (mm)<\/td>\n<\/tr>\n<tr>\n<td>Th\u01b0\u01a1ng hi\u1ec7u<\/td>\n<td>Kangaroo<\/td>\n<\/tr>\n<tr>\n<td>B\u1ea3o h\u00e0nh<\/td>\n<td>24 th\u00e1ng<\/td>\n<\/tr>\n<tr>\n<td>Tu\u1ed5i th\u1ecd<\/td>\n<td>10 n\u0103m<\/td>\n<\/tr>\n<tr>\n<td>C\u1ea5u t\u1ea1o l\u00f5i<\/td>\n<td>\u22b9 S\u1ee3i PP c\u00f3 khe l\u1ecdc 5 micron<br \/>\n\u22b9 Than ho\u1ea1t t\u00ednh x\u1ed1p<br \/>\n\u22b9 S\u1ee3i PP c\u00f3 khe l\u1ecdc 1 micron<br \/>\n\u22b9 ORP<br \/>\n\u22b9 Negative<br \/>\n\u22b9 M\u00e0ng RO Korea<\/td>\n<\/tr>\n<tr>\n<td>\u00c1p su\u1ea5t n\u01b0\u1edbc t\u1ed1i \u0111a<\/td>\n<td>5 bar<\/td>\n<\/tr>\n<tr>\n<td>C\u00f4ng su\u1ea5t l\u1ecdc theo gi\u1edd<\/td>\n<td>20 l\u00edt\/ gi\u1edd<\/td>\n<\/tr>\n<tr>\n<td>\u0110i\u1ec7n ti\u00eau th\u1ee5<\/td>\n<td>36W<\/td>\n<\/tr>\n<tr>\n<td>Ngu\u1ed3n \u0111i\u1ec7n \u0111\u1ea7u ra<\/td>\n<td>24V<\/td>\n<\/tr>\n<tr>\n<td>\u0110i\u1ec7n \u00e1p<\/td>\n<td>220V\/50Hz<\/td>\n<\/tr>\n<tr>\n<td>Motor<\/td>\n<td>\u0110\u1ed9ng c\u01a1 h\u00fat \u0111\u1ea9y<\/td>\n<\/tr>\n<tr>\n<td>Ki\u1ec3u t\u1ee7<\/td>\n<td>T\u1ee7 Vertu m\u1edbi 2021<\/td>\n<\/tr>\n<tr>\n<td>S\u1ed1 c\u1ea5p l\u1ecdc (L\u00f5i l\u1ecdc)<\/td>\n<td>9 l\u00f5i l\u1ecdc<\/td>\n<\/tr>\n<tr>\n<td>B\u00ecnh \u00e1p<\/td>\n<td>B\u00ecnh \u00e1p th\u00e9p<\/td>\n<\/tr>\n<tr>\n<td>Van \u0111i\u1ec7n t\u1eeb<\/td>\n<td>KSD<\/td>\n<\/tr>\n<tr>\n<td>B\u01a1m<\/td>\n<td>Radian<\/td>\n<\/tr>\n<tr>\n<td>M\u00e0u t\u1ee7<\/td>\n<td>\u0110en tr\u1eafng<\/td>\n<\/tr>\n<tr>\n<td>V\u00f2i<\/td>\n<td>V\u00f2i Inox<\/td>\n<\/tr>\n<\/tbody>\n<\/table>\n<p>&#8211; M\u00e1y l\u1ecdc n\u01b0\u1edbc Kangaroo OMEGA+ KG02G4-KV l\u00e0 d\u00f2ng m\u00e1y l\u1ecdc n\u01b0\u1edbc m\u1edbi c\u1ee7a Kangaroo s\u1eed d\u1ee5ng 9 c\u1ea5p l\u1ecdc, u\u1ed1ng tr\u1ef1c ti\u1ebfp kh\u00f4ng c\u1ea7n \u0111un x\u00f4i<br \/>\n+ L\u00f5i s\u1ed1 1 : L\u00f5i PP 5Micron\u00a0c\u00f3 ch\u1ee9c n\u0103ng lo\u1ea1i b\u1ecf b\u00f9n \u0111\u1ea5t, r\u1ec9 s\u00e9t, c\u00e1c lo\u1ea1i t\u1ea1p ch\u1ea5t th\u00f4, kim lo\u1ea1i n\u1eb7ng &#8230; c\u00f3 k\u00edch th\u01b0\u1edbc &gt; 5 micron<br \/>\n+ L\u00f5i s\u1ed1 2 : L\u00f5i than ho\u1ea1t t\u00ednh c\u00f3 ch\u1ee9c n\u0103ng h\u1ea5p ph\u1ee5 kim lo\u1ea1i n\u1eb7ng, ch\u1ea5t h\u1eefu c\u01a1, ch\u1ea5t t\u1ea9y r\u1eeda, c\u00e1c lo\u1ea1i h\u00f3a ch\u1ea5t \u0111\u1ed9c h\u1ea1i &#8230;<br \/>\n+ L\u00f5i s\u1ed1 3: L\u00f5i l\u1ecdc Negative Ion c\u00f3 ch\u1ee9c n\u0103ng kh\u1eed kim lo\u1ea1i n\u1eb7ng: Fe+, Ca2+, Mg2+,&#8230; lo\u1ea1i b\u1ecf ho\u00e0n to\u00e0n \u0111\u00e1 v\u00f4i, l\u00e0m m\u1ec1m n\u01b0\u1edbc c\u1ee9ng, b\u1ea3o v\u1ec7 v\u00e0 t\u0103ng tu\u1ed5i th\u1ecd m\u00e0ng RO, gi\u00fap ti\u1ebft ki\u1ec7m chi ph\u00ed t\u1ed1i \u0111a, t\u1ea1o ngu\u1ed3n n\u01b0\u1edbc u\u1ed1ng s\u1ea1ch, an to\u00e0n v\u00e0 tinh khi\u1ebft nh\u1ea5t \u0111\u1ec3 u\u1ed1ng tr\u1ef1c ti\u1ebfp.<br \/>\n+ L\u00f3i s\u1ed1 4 : L\u00f5i PP 1 Micron c\u00f3 ch\u1ee9c n\u0103ng lo\u1ea1i b\u1ecf b\u00f9n \u0111\u1ea5t, r\u1ec9 s\u00e9t, c\u00e1c lo\u1ea1i t\u1ea1p ch\u1ea5t th\u00f4, kim lo\u1ea1i n\u1eb7ng &#8230; c\u00f3 k\u00edch th\u01b0\u1edbc &gt; 1 micron<br \/>\n+ L\u00f5i s\u1ed1 5: M\u00e0ng RO C\u00f4ng ngh\u1ec7 Kangaroo Made in Korea trong\u00a0<strong>m\u00e1y l\u1ecdc n\u01b0\u1edbc Kangaroo<\/strong><br \/>\n+ L\u00f5i s\u1ed1 6 : L\u00f5i Nano Silver c\u00f3 ch\u1ee9c n\u0103ng C\u00e2n b\u1eb1ng PH, kh\u1eed m\u00f9i h\u00f4i, t\u1ea1o kho\u00e1ng v\u00e0 v\u1ecb ng\u1ecdt c\u1ee7a n\u01b0\u1edbc, di\u1ec7t khu\u1ea9n v\u00e0 c\u00e1c lo\u1ea1i n\u1ea5m trong n\u01b0\u1edbc<br \/>\n+ L\u00f5i s\u1ed1 7 : L\u00f5i Alkaline gi\u00fap T\u0103ng ch\u1ec9 s\u1ed1 PH, t\u1ea1o n\u01b0\u1edbc ki\u1ec1m t\u00ednh gi\u00fap trung h\u00f2a c\u00e1c a x\u00edt d\u01b0 th\u1eeba trong c\u01a1 th\u1ec3<br \/>\n+ L\u00f5i s\u1ed1 8 : L\u00f5i Maifan t\u1ea1o kho\u00e1ng c\u00f3 ch\u1ee9c nawg b\u1ed5 sung th\u00eam 45 lo\u1ea1i kho\u00e1ng ch\u1ea5t t\u1eeb thi\u00ean nhi\u00ean, c\u1ea7n thi\u1ebft cho c\u01a1 th\u1ec3.<br \/>\n+ L\u00f5i s\u1ed1 9 : L\u00f5i ORP\u00a0gi\u00fap ng\u0103n ch\u1eb7n l\u00e3o h\u00f3a, gi\u1ea3i \u0111\u1ed9c c\u01a1 th\u1ec3, t\u0103ng c\u01b0\u1eddng mi\u1ec5n d\u1ecbch.<\/p>\n","protected":false},"excerpt":{"rendered":"<p>T\u00ean s\u1ea3n ph\u1ea9m : M\u00e1y l\u1ecdc n\u01b0\u1edbc Kangaroo OMEGA+ KG02G4-KV M\u00e3 s\u1ea3n ph\u1ea9m : KG02G4-KV K\u00edch th\u01b0\u1edbc: 440 x 335 x 575 (mm) Th\u01b0\u01a1ng hi\u1ec7u Kangaroo B\u1ea3o h\u00e0nh 24 th\u00e1ng Tu\u1ed5i th\u1ecd 10 n\u0103m C\u1ea5u t\u1ea1o l\u00f5i \u22b9 S\u1ee3i PP c\u00f3 khe l\u1ecdc 5 micron \u22b9 Than ho\u1ea1t t\u00ednh x\u1ed1p \u22b9 S\u1ee3i PP c\u00f3 khe&#8230;<\/p>\n","protected":false},"featured_media":204,"comment_status":"open","ping_status":"closed","template":"","meta":[],"product_cat":[16,17],"product_tag":[],"yst_prominent_words":[],"class_list":["post-203","product","type-product","status-publish","has-post-thumbnail","hentry","product_cat-may-loc-nuoc-kangaroo","product_cat-may-loc-nuoc-kangaroo-khong-vo-tu"],"acf":[],"_links":{"self":[{"href":"https:\/\/mauweb.tamnguyen.vn\/maylocnuoc\/wp-json\/wp\/v2\/product\/203","targetHints":{"allow":["GET"]}}],"collection":[{"href":"https:\/\/mauweb.tamnguyen.vn\/maylocnuoc\/wp-json\/wp\/v2\/product"}],"about":[{"href":"https:\/\/mauweb.tamnguyen.vn\/maylocnuoc\/wp-json\/wp\/v2\/types\/product"}],"replies":[{"embeddable":true,"href":"https:\/\/mauweb.tamnguyen.vn\/maylocnuoc\/wp-json\/wp\/v2\/comments?post=203"}],"wp:featuredmedia":[{"embeddable":true,"href":"https:\/\/mauweb.tamnguyen.vn\/maylocnuoc\/wp-json\/wp\/v2\/media\/204"}],"wp:attachment":[{"href":"https:\/\/mauweb.tamnguyen.vn\/maylocnuoc\/wp-json\/wp\/v2\/media?parent=203"}],"wp:term":[{"taxonomy":"product_cat","embeddable":true,"href":"https:\/\/mauweb.tamnguyen.vn\/maylocnuoc\/wp-json\/wp\/v2\/product_cat?post=203"},{"taxonomy":"product_tag","embeddable":true,"href":"https:\/\/mauweb.tamnguyen.vn\/maylocnuoc\/wp-json\/wp\/v2\/product_tag?post=203"},{"taxonomy":"yst_prominent_words","embeddable":true,"href":"https:\/\/mauweb.tamnguyen.vn\/maylocnuoc\/wp-json\/wp\/v2\/yst_prominent_words?post=203"}],"curies":[{"name":"wp","href":"https:\/\/api.w.org\/{rel}","templated":true}]}}