{"id":197,"date":"2021-10-28T16:03:31","date_gmt":"2021-10-28T16:03:31","guid":{"rendered":"http:\/\/maylocnuoc.themevivu.com\/?post_type=product&#038;p=197"},"modified":"2021-10-28T16:38:55","modified_gmt":"2021-10-28T16:38:55","slug":"may-loc-nuoc-kangaroo-omega-kg01g4-kv","status":"publish","type":"product","link":"https:\/\/mauweb.tamnguyen.vn\/maylocnuoc\/may-loc-nuoc-kangaroo-omega-kg01g4-kv\/","title":{"rendered":"M\u00e1y l\u1ecdc n\u01b0\u1edbc Kangaroo OMEGA+ KG01G4-KV"},"content":{"rendered":"<table id=\"table\">\n<tbody>\n<tr>\n<td>T\u00ean s\u1ea3n ph\u1ea9m :<\/td>\n<td>M\u00e1y l\u1ecdc n\u01b0\u1edbc Kangaroo OMEGA+ KG01G4-KV<\/td>\n<\/tr>\n<tr>\n<td>M\u00e3 s\u1ea3n ph\u1ea9m :<\/td>\n<td>KG01G4-KV<\/td>\n<\/tr>\n<tr>\n<td>K\u00edch th\u01b0\u1edbc:<\/td>\n<td>440 x 335 x 575 (mm)<\/td>\n<\/tr>\n<tr>\n<td>Th\u01b0\u01a1ng hi\u1ec7u<\/td>\n<td>Kangaroo<\/td>\n<\/tr>\n<tr>\n<td>B\u1ea3o h\u00e0nh<\/td>\n<td>24 th\u00e1ng<\/td>\n<\/tr>\n<tr>\n<td>Tu\u1ed5i th\u1ecd<\/td>\n<td>10 n\u0103m<\/td>\n<\/tr>\n<tr>\n<td>C\u1ea5u t\u1ea1o l\u00f5i<\/td>\n<td>\u22b9 S\u1ee3i PP c\u00f3 khe l\u1ecdc 5 micron<br \/>\n\u22b9 Than ho\u1ea1t t\u00ednh x\u1ed1p<br \/>\n\u22b9 Nano Silver<br \/>\n\u22b9 Alkaline<br \/>\n\u22b9 ORP<br \/>\n\u22b9 Negative<br \/>\n\u22b9 M\u00e0ng RO Korea<\/td>\n<\/tr>\n<tr>\n<td>\u00c1p su\u1ea5t n\u01b0\u1edbc t\u1ed1i \u0111a<\/td>\n<td>10 bar<\/td>\n<\/tr>\n<tr>\n<td>C\u00f4ng su\u1ea5t l\u1ecdc theo gi\u1edd<\/td>\n<td>20 l\u00edt\/ gi\u1edd<\/td>\n<\/tr>\n<tr>\n<td>\u0110i\u1ec7n ti\u00eau th\u1ee5<\/td>\n<td>36W<\/td>\n<\/tr>\n<tr>\n<td>Ngu\u1ed3n \u0111i\u1ec7n \u0111\u1ea7u ra<\/td>\n<td>24V<\/td>\n<\/tr>\n<tr>\n<td>\u0110i\u1ec7n \u00e1p<\/td>\n<td>220V\/50Hz<\/td>\n<\/tr>\n<tr>\n<td>Motor<\/td>\n<td>\u0110\u1ed9ng c\u01a1 h\u00fat \u0111\u1ea9y<\/td>\n<\/tr>\n<tr>\n<td>Ki\u1ec3u t\u1ee7<\/td>\n<td>Kh\u00f4ng v\u1ecf t\u1ee7<\/td>\n<\/tr>\n<tr>\n<td>S\u1ed1 c\u1ea5p l\u1ecdc (L\u00f5i l\u1ecdc)<\/td>\n<td>8 l\u00f5i l\u1ecdc<\/td>\n<\/tr>\n<tr>\n<td>B\u00ecnh \u00e1p<\/td>\n<td>B\u00ecnh \u00e1p th\u00e9p<\/td>\n<\/tr>\n<tr>\n<td>V\u00f2i<\/td>\n<td>V\u00f2i Inox<\/td>\n<\/tr>\n<\/tbody>\n<\/table>\n","protected":false},"excerpt":{"rendered":"<p>T\u00ean s\u1ea3n ph\u1ea9m : M\u00e1y l\u1ecdc n\u01b0\u1edbc Kangaroo OMEGA+ KG01G4-KV M\u00e3 s\u1ea3n ph\u1ea9m : KG01G4-KV K\u00edch th\u01b0\u1edbc: 440 x 335 x 575 (mm) Th\u01b0\u01a1ng hi\u1ec7u Kangaroo B\u1ea3o h\u00e0nh 24 th\u00e1ng Tu\u1ed5i th\u1ecd 10 n\u0103m C\u1ea5u t\u1ea1o l\u00f5i \u22b9 S\u1ee3i PP c\u00f3 khe l\u1ecdc 5 micron \u22b9 Than ho\u1ea1t t\u00ednh x\u1ed1p \u22b9 Nano Silver \u22b9 Alkaline&#8230;<\/p>\n","protected":false},"featured_media":199,"comment_status":"open","ping_status":"closed","template":"","meta":[],"product_cat":[16,18],"product_tag":[],"yst_prominent_words":[],"class_list":["post-197","product","type-product","status-publish","has-post-thumbnail","hentry","product_cat-may-loc-nuoc-kangaroo","product_cat-may-loc-nuoc-kangaroo-co-tu"],"acf":[],"_links":{"self":[{"href":"https:\/\/mauweb.tamnguyen.vn\/maylocnuoc\/wp-json\/wp\/v2\/product\/197","targetHints":{"allow":["GET"]}}],"collection":[{"href":"https:\/\/mauweb.tamnguyen.vn\/maylocnuoc\/wp-json\/wp\/v2\/product"}],"about":[{"href":"https:\/\/mauweb.tamnguyen.vn\/maylocnuoc\/wp-json\/wp\/v2\/types\/product"}],"replies":[{"embeddable":true,"href":"https:\/\/mauweb.tamnguyen.vn\/maylocnuoc\/wp-json\/wp\/v2\/comments?post=197"}],"wp:featuredmedia":[{"embeddable":true,"href":"https:\/\/mauweb.tamnguyen.vn\/maylocnuoc\/wp-json\/wp\/v2\/media\/199"}],"wp:attachment":[{"href":"https:\/\/mauweb.tamnguyen.vn\/maylocnuoc\/wp-json\/wp\/v2\/media?parent=197"}],"wp:term":[{"taxonomy":"product_cat","embeddable":true,"href":"https:\/\/mauweb.tamnguyen.vn\/maylocnuoc\/wp-json\/wp\/v2\/product_cat?post=197"},{"taxonomy":"product_tag","embeddable":true,"href":"https:\/\/mauweb.tamnguyen.vn\/maylocnuoc\/wp-json\/wp\/v2\/product_tag?post=197"},{"taxonomy":"yst_prominent_words","embeddable":true,"href":"https:\/\/mauweb.tamnguyen.vn\/maylocnuoc\/wp-json\/wp\/v2\/yst_prominent_words?post=197"}],"curies":[{"name":"wp","href":"https:\/\/api.w.org\/{rel}","templated":true}]}}