{"id":191,"date":"2021-10-28T15:54:54","date_gmt":"2021-10-28T15:54:54","guid":{"rendered":"http:\/\/maylocnuoc.themevivu.com\/?post_type=product&#038;p=191"},"modified":"2021-10-28T16:38:23","modified_gmt":"2021-10-28T16:38:23","slug":"may-loc-nuoc-kangaroo-kg110a-kv","status":"publish","type":"product","link":"https:\/\/mauweb.tamnguyen.vn\/maylocnuoc\/may-loc-nuoc-kangaroo-kg110a-kv\/","title":{"rendered":"M\u00e1y l\u1ecdc n\u01b0\u1edbc Kangaroo KG110A KV"},"content":{"rendered":"<div id=\"infoContent\">\n<table id=\"table\">\n<tbody>\n<tr>\n<td>T\u00ean s\u1ea3n ph\u1ea9m :<\/td>\n<td>M\u00e1y l\u1ecdc n\u01b0\u1edbc Kangaroo KG110A KV<\/td>\n<\/tr>\n<tr>\n<td>M\u00e3 s\u1ea3n ph\u1ea9m :<\/td>\n<td>KG110A KV<\/td>\n<\/tr>\n<tr>\n<td>K\u00edch th\u01b0\u1edbc:<\/td>\n<td>(mm)<\/td>\n<\/tr>\n<tr>\n<td>Th\u01b0\u01a1ng hi\u1ec7u<\/td>\n<td>Kangaroo<\/td>\n<\/tr>\n<tr>\n<td>B\u1ea3o h\u00e0nh<\/td>\n<td>12 th\u00e1ng<\/td>\n<\/tr>\n<tr>\n<td>Tu\u1ed5i th\u1ecd<\/td>\n<td>20 n\u0103m<\/td>\n<\/tr>\n<tr>\n<td>C\u1ea5u t\u1ea1o l\u00f5i<\/td>\n<td>\u22b9 S\u1ee3i PP c\u00f3 khe l\u1ecdc 5 micron<br \/>\n\u22b9 Than ho\u1ea1t t\u00ednh x\u1ed1p<br \/>\n\u22b9 S\u1ee3i PP c\u00f3 khe l\u1ecdc 1 micron<br \/>\n\u22b9 M\u00e0ng RO Filmtec<br \/>\n\u22b9 Nano Silver<br \/>\n\u22b9 H\u1ea1t b\u00f3ng g\u1ed1m<br \/>\n\u22b9 Alkaline<br \/>\n\u22b9 ORP<br \/>\n\u22b9 M\u00e0ng RO 50 GDP Made in Korea<\/td>\n<\/tr>\n<tr>\n<td>\u00c1p su\u1ea5t n\u01b0\u1edbc t\u1ed1i \u0111a<\/td>\n<td>5 bar<\/td>\n<\/tr>\n<tr>\n<td>C\u00f4ng su\u1ea5t l\u1ecdc theo gi\u1edd<\/td>\n<td>15 l\u00edt\/ gi\u1edd<\/td>\n<\/tr>\n<tr>\n<td>\u0110i\u1ec7n ti\u00eau th\u1ee5<\/td>\n<td>36W<\/td>\n<\/tr>\n<tr>\n<td>Ngu\u1ed3n \u0111i\u1ec7n \u0111\u1ea7u ra<\/td>\n<td>24V<\/td>\n<\/tr>\n<tr>\n<td>\u0110i\u1ec7n \u00e1p<\/td>\n<td>220V\/50Hz<\/td>\n<\/tr>\n<tr>\n<td>Motor<\/td>\n<td>\u0110\u1ed9ng c\u01a1 h\u00fat \u0111\u1ea9y<\/td>\n<\/tr>\n<tr>\n<td>Ki\u1ec3u t\u1ee7<\/td>\n<td>Kh\u00f4ng v\u1ecf t\u1ee7<\/td>\n<\/tr>\n<tr>\n<td>Kh\u1ed1i l\u01b0\u1ee3ng<\/td>\n<td>21.5kg<\/td>\n<\/tr>\n<tr>\n<td>S\u1ed1 c\u1ea5p l\u1ecdc (L\u00f5i l\u1ecdc)<\/td>\n<td>9 l\u00f5i l\u1ecdc<\/td>\n<\/tr>\n<tr>\n<td>B\u00ecnh \u00e1p<\/td>\n<td>B\u00ecnh \u00e1p th\u00e9p<\/td>\n<\/tr>\n<tr>\n<td>Van \u0111i\u1ec7n t\u1eeb<\/td>\n<td>KSD<\/td>\n<\/tr>\n<tr>\n<td>V\u00f2i<\/td>\n<td>V\u00f2i Inox<\/td>\n<\/tr>\n<\/tbody>\n<\/table>\n<\/div>\n<p>&#8211; M\u00e1y l\u1ecdc n\u01b0\u1edbc KG110AKV l\u00e0 d\u00f2ng m\u00e1y l\u1ecdc n\u01b0\u1edbc th\u00f4ng minh s\u1eed d\u1ee5ng c\u00f4ng ngh\u1ec7 kh\u00e1ng khu\u1ea9n Nano Silver, v\u1edbi 9 c\u1ea5p l\u1ecdc kh\u00f4ng nh\u1eefng mang \u0111\u1ebfn ngu\u1ed3n n\u01b0\u1edbc tinh khi\u1ebft m\u00e0 c\u00f2n \u0111\u1ea3m b\u1ea3o c\u00e1c kho\u00e1ng ch\u1ea5t c\u1ea7n thi\u1ebft cho s\u1ee9c kh\u1ecfe.<\/p>\n<p>&#8211; T\u1ef1 \u0111\u1ed9ng s\u1ee5c r\u1eeda m\u00e0ng RO tr\u01b0\u1edbc khi l\u1ecdc gi\u00fap t\u0103ng tu\u1ed5i th\u1ecd \u0111\u1ed3ng th\u1eddi b\u1ea3o \u0111\u1ea3m hi\u1ec7u su\u1ea5t c\u1ee7a l\u00f5i l\u1ecdc RO, t\u0103ng tu\u1ed5i th\u1ecd c\u1ee7a l\u00f5i l\u1ecdc RO<\/p>\n<p>-L\u00f5i Maifan b\u1ed5 sung c\u00e1c kho\u00e1ng ch\u1ea5t t\u1eeb thi\u00ean nhi\u00ean cho n\u01b0\u1edbc, h\u1ed7 tr\u1ee3 t\u0103ng c\u01b0\u1eddng s\u1ee9c \u0111\u1ec1 kh\u00e1ng cho c\u01a1 th\u1ec3<\/p>\n<p>&#8211; C\u00f4ng su\u1ea5t l\u1ecdc 10l\/gi\u1edd \u0111\u00e1p \u1ee9ng \u0111\u1ee7 nhu c\u1ea7u n\u01b0\u1edbc u\u1ed1ng cho c\u1ea3 gia \u0111\u00ecnh b\u1ea1n<\/p>\n<p>&#8211; Ti\u1ebft ki\u1ec7m \u0111i\u1ec7n n\u0103ng nh\u1edd van \u0111i\u1ec7n t\u1eeb t\u1ef1 \u0111\u1ed9ng ng\u1eebng khi \u00e1p l\u1ef1c \u0111\u1ea7u ngu\u1ed3n ko \u0111\u1ee7,\u00a0ng\u1eebng ho\u1ea1t \u0111\u1ed9ng khi b\u00ecnh n\u01b0\u1edbc \u0111\u1ea7y.<\/p>\n<p>&#8211; Thi\u1ebft k\u1ebf nh\u1ecf g\u1ecdn, hi\u1ec7n \u0111\u1ea1i v\u00e0 t\u1ed1i \u01b0u h\u00f3a kh\u00f4ng gian, ti\u1ebft ki\u1ec7m di\u1ec7n t\u00edch s\u1eed d\u1ee5ng<\/p>\n<p>&#8211; C\u00f3 th\u1ec3 u\u1ed1ng tr\u1ef1c ti\u1ebfp m\u00e0 kh\u00f4ng ph\u1ea3i \u0111un (theo ti\u00eau chu\u1ea9n qu\u1ed1c gia), kh\u00f4ng nh\u1eefng \u0111em l\u1ea1i ngu\u1ed3n n\u01b0\u1edbc tinh khi\u1ebft \u0111\u1ebfn 99,99% m\u00e0 c\u00f2n b\u1ed5 sung c\u00e1c kho\u00e1ng &#8211; ch\u1ea5t c\u1ea7n thi\u1ebft cho s\u1ee9c kh\u1ecfe.<\/p>\n<p>&#8211; B\u01a1m M\u00e1y l\u1ecdc n\u01b0\u1edbc Kangaroo KG110AKV v\u1edbi kh\u1ea3 n\u0103ng h\u00fat s\u00e2u t\u1edbi 3m kh\u1eafc ph\u1ee5c t\u00ecnh tr\u1ea1ng ngu\u1ed3n n\u01b0\u1edbc c\u1ea5p \u0111\u1ea7u v\u00e0o y\u1ebfu<\/p>\n","protected":false},"excerpt":{"rendered":"<p>T\u00ean s\u1ea3n ph\u1ea9m : M\u00e1y l\u1ecdc n\u01b0\u1edbc Kangaroo KG110A KV M\u00e3 s\u1ea3n ph\u1ea9m : KG110A KV K\u00edch th\u01b0\u1edbc: (mm) Th\u01b0\u01a1ng hi\u1ec7u Kangaroo B\u1ea3o h\u00e0nh 12 th\u00e1ng Tu\u1ed5i th\u1ecd 20 n\u0103m C\u1ea5u t\u1ea1o l\u00f5i \u22b9 S\u1ee3i PP c\u00f3 khe l\u1ecdc 5 micron \u22b9 Than ho\u1ea1t t\u00ednh x\u1ed1p \u22b9 S\u1ee3i PP c\u00f3 khe l\u1ecdc 1 micron \u22b9&#8230;<\/p>\n","protected":false},"featured_media":193,"comment_status":"open","ping_status":"closed","template":"","meta":[],"product_cat":[16,18,17],"product_tag":[],"yst_prominent_words":[],"class_list":["post-191","product","type-product","status-publish","has-post-thumbnail","hentry","product_cat-may-loc-nuoc-kangaroo","product_cat-may-loc-nuoc-kangaroo-co-tu","product_cat-may-loc-nuoc-kangaroo-khong-vo-tu"],"acf":[],"_links":{"self":[{"href":"https:\/\/mauweb.tamnguyen.vn\/maylocnuoc\/wp-json\/wp\/v2\/product\/191","targetHints":{"allow":["GET"]}}],"collection":[{"href":"https:\/\/mauweb.tamnguyen.vn\/maylocnuoc\/wp-json\/wp\/v2\/product"}],"about":[{"href":"https:\/\/mauweb.tamnguyen.vn\/maylocnuoc\/wp-json\/wp\/v2\/types\/product"}],"replies":[{"embeddable":true,"href":"https:\/\/mauweb.tamnguyen.vn\/maylocnuoc\/wp-json\/wp\/v2\/comments?post=191"}],"wp:featuredmedia":[{"embeddable":true,"href":"https:\/\/mauweb.tamnguyen.vn\/maylocnuoc\/wp-json\/wp\/v2\/media\/193"}],"wp:attachment":[{"href":"https:\/\/mauweb.tamnguyen.vn\/maylocnuoc\/wp-json\/wp\/v2\/media?parent=191"}],"wp:term":[{"taxonomy":"product_cat","embeddable":true,"href":"https:\/\/mauweb.tamnguyen.vn\/maylocnuoc\/wp-json\/wp\/v2\/product_cat?post=191"},{"taxonomy":"product_tag","embeddable":true,"href":"https:\/\/mauweb.tamnguyen.vn\/maylocnuoc\/wp-json\/wp\/v2\/product_tag?post=191"},{"taxonomy":"yst_prominent_words","embeddable":true,"href":"https:\/\/mauweb.tamnguyen.vn\/maylocnuoc\/wp-json\/wp\/v2\/yst_prominent_words?post=191"}],"curies":[{"name":"wp","href":"https:\/\/api.w.org\/{rel}","templated":true}]}}