{"id":188,"date":"2021-10-28T15:51:19","date_gmt":"2021-10-28T15:51:19","guid":{"rendered":"http:\/\/maylocnuoc.themevivu.com\/?post_type=product&#038;p=188"},"modified":"2021-10-28T16:36:51","modified_gmt":"2021-10-28T16:36:51","slug":"may-loc-nuoc-kangaroo-kgrp89-10-loi-moi-2021","status":"publish","type":"product","link":"https:\/\/mauweb.tamnguyen.vn\/maylocnuoc\/may-loc-nuoc-kangaroo-kgrp89-10-loi-moi-2021\/","title":{"rendered":"M\u00e1y l\u1ecdc n\u01b0\u1edbc Kangaroo KGRP89 &#8211; 10 L\u00f5i M\u1edbi 2021"},"content":{"rendered":"<div>M\u00e1y l\u1ecdc n\u01b0\u1edbc Kangaroo KGRP89 l\u00e0 Model\u00a0\u0111\u01b0\u1ee3c mong ch\u1edd nh\u1ea5t trong n\u0103m 2021 \u0111\u01b0\u1ee3c T\u1eadp \u0111o\u00e0n Kangaroo gi\u1edbi thi\u1ec7u, v\u1edbi m\u1ed9t lo\u1ea1t c\u00e1c t\u00ednh n\u0103ng n\u1ed5i b\u1eadt h\u1ee9a h\u1eb9n s\u1ef1 \u0111\u1ed9t ph\u00e1 ch\u01b0a t\u1eebng c\u00f3 trong gian b\u1ebfp nh\u00e0 b\u1ea1n. KGRP89 s\u1eed d\u1ee5ng c\u00f4ng ngh\u1ec7 RO Kangaroo Made in Korea, v\u1edbi 10 c\u1ea5p l\u1ecdc kh\u00f4ng nh\u1eefng mang \u0111\u1ebfn ngu\u1ed3n n\u01b0\u1edbc tinh khi\u1ebft m\u00e0 c\u00f2n \u0111\u1ea3m b\u1ea3o c\u00e1c kho\u00e1ng ch\u1ea5t c\u1ea7n thi\u1ebft cho s\u1ee9c kh\u1ecfe.<br \/>\n<img decoding=\"async\" src=\"https:\/\/kangaroochinhhang.vn\/Images\/images\/nuoc-tinh-khiet-kgrp89.png\" alt=\"N\u01b0\u1edbc tinh khi\u1ebft t\u1eeb KGRP89\" \/><img decoding=\"async\" src=\"https:\/\/kangaroochinhhang.vn\/Images\/images\/kangaroo-KGRP89-Moi.png\" alt=\"10 loi loc cao cap\" \/><\/p>\n<\/div>\n<div><\/div>\n<div>C\u1ea5u h\u00ecnh t\u1ed1i \u01b0u v\u1edbi 10 l\u00f5i gi\u00fap b\u1ed5 sung c\u00e1c vi kho\u00e1ng (Mg, K, Na&#8230;) c\u1ea7n thi\u1ebft cho c\u01a1 th\u1ec3, ng\u0103n ng\u1eeba l\u00e3o ho\u00e1 v\u00e0 gi\u00fap duy tr\u00ec s\u1ee9c kho\u1ebb t\u1ed1t<\/div>\n<div><img decoding=\"async\" src=\"https:\/\/kangaroochinhhang.vn\/Images\/images\/loi-chuc-nang-KGRP89.png\" alt=\"B\u1ed9 l\u00f5i ch\u1ee9c n\u0103ng KGRP89\" \/><br \/>\nL\u00f5i 1: S\u1ee3i PP 5 micron: c\u00f3 t\u00e1c d\u1ee5ng Lo\u1ea1i b\u1ecf ch\u1ea5t b\u1ea9n, b\u00f9n \u0111\u1ea5t, r\u1ec9 s\u00e9t c\u00f3 k\u00edch th\u01b0\u1edbc tr\u00ean 5 micron<br \/>\nL\u00f5i 2: Than ho\u1ea1t t\u00ednh d\u1ea1ng x\u1ed1p: t\u00e1c d\u1ee5ng Kh\u1eed m\u00f9i, ch\u1ea5t h\u1eefu c\u01a1, thu\u1ed1c tr\u1eeb s\u00e2u, thu\u1ed1c b\u1ea3o v\u1ec7 th\u1ef1c v\u1eadt, kim lo\u1ea1i n\u1eb7ng, d\u01b0 l\u01b0\u1ee3ng clo trong n\u01b0\u1edbc<br \/>\nL\u00f5i 3: S\u1ee3i PP 1 micron: Lo\u1ea1i b\u1ecf ch\u1ea5t b\u1ea9n, b\u00f9n \u0111\u1ea5t, r\u1ec9 s\u00e9t c\u00f3 k\u00edch th\u01b0\u1edbc tr\u00ean 1 micron<br \/>\nM\u00e0ng RO thay nhanh H\u00e0n Qu\u1ed1c 50GPD: Lo\u1ea1i b\u1ecf ch\u1ea5t r\u1eafn, c\u00e1c ion kim lo\u1ea1i n\u1eb7ng, vi sinh v\u1eadt, vi khu\u1ea9n, si\u00eau vi khu\u1ea9n, c\u00e1c ch\u1ea5t h\u1eefu c\u01a1\u2026 c\u00f3 k\u00edch th\u01b0\u1edbc t\u1eeb 0.0001 micromet<img decoding=\"async\" src=\"https:\/\/kangaroochinhhang.vn\/Images\/images\/Mang-RO-Vortex.jpg\" \/><\/p>\n<\/div>\n<div>L\u00f5i 5: Ceramic: B\u1ed5 sung vi kho\u00e1ng ch\u1ea5t v\u00e0o n\u01b0\u1edbc (Mg, K, Na\u2026) Vi kho\u00e1ng ch\u1ea5t r\u1ea5t c\u1ea7n thi\u1ebft cho c\u01a1 th\u1ec3 v\u00e0 gi\u00fap duy tr\u00ec s\u1ee9c kho\u1ebb t\u1ed1t cho ng\u01b0\u1eddi s\u1eed d\u1ee5ng.<br \/>\nL\u00f5i 6: Alkaline: N\u00e2ng cao v\u00e0 c\u00e2n b\u1eb1ng pH c\u1ee7a n\u01b0\u1edbc, ng\u0103n ch\u1eb7n l\u00e3o ho\u00e1<br \/>\nL\u00f5i 7: Mineral: T\u1ea1o kho\u00e1ng ch\u1ea5t c\u1ea7n thi\u1ebft cho c\u01a1 th\u1ec3 (Canxi, S\u1eaft, K\u1ebdm, Magie\u2026) gi\u00fap c\u00e2n b\u1eb1ng kho\u00e1ng ch\u1ea5t v\u00e0 duy tr\u00ec s\u1ee9c kho\u1ebb t\u1ed1t<br \/>\nL\u00f5i 8: ORP: T\u1ea1o ra n\u01b0\u1edbc Alkaline c\u00f3 \u0111\u1ed9 \u0111i\u1ec7n gi\u1ea3i th\u1ea5p v\u00e0 gi\u00fap t\u00e1i t\u1ea1o n\u0103ng l\u01b0\u1ee3ng nhanh, duy tr\u00ec s\u1ee9c kho\u1ebb, h\u1ed7 tr\u1ee3 ng\u0103n ng\u1eeba l\u00e3o ho\u00e1 v\u00e0 gi\u00fap c\u00e2n b\u1eb1ng \u0111\u1ed9 pH trong c\u01a1 th\u1ec3<br \/>\nL\u00f5i 9 5in1: L\u00f5i \u0111\u1eb7c bi\u1ec7t t\u1ea1o ion \u00e2m b\u1ed5 sung cho n\u01b0\u1edbc, c\u00e2n b\u1eb1ng pH, t\u1ea1o n\u01b0\u1edbc ki\u1ec1m t\u00ednh<br \/>\nL\u00f5i 10: Nano Silver: Lo\u1ea1i b\u1ecf m\u00f9i, ch\u1ea5t Flo v\u00e0 t\u1ea1o v\u1ecb cho n\u01b0\u1edbc. Ngo\u00e0i ra, c\u00f3 th\u1ec3 ng\u0103n ch\u1eb7n s\u1ef1 ph\u00e1t tri\u1ec3n c\u1ee7a vi khu\u1ea9n.<\/div>\n","protected":false},"excerpt":{"rendered":"<p>M\u00e1y l\u1ecdc n\u01b0\u1edbc Kangaroo KGRP89 l\u00e0 Model\u00a0\u0111\u01b0\u1ee3c mong ch\u1edd nh\u1ea5t trong n\u0103m 2021 \u0111\u01b0\u1ee3c T\u1eadp \u0111o\u00e0n Kangaroo gi\u1edbi thi\u1ec7u, v\u1edbi m\u1ed9t lo\u1ea1t c\u00e1c t\u00ednh n\u0103ng n\u1ed5i b\u1eadt h\u1ee9a h\u1eb9n s\u1ef1 \u0111\u1ed9t ph\u00e1 ch\u01b0a t\u1eebng c\u00f3 trong gian b\u1ebfp nh\u00e0 b\u1ea1n. KGRP89 s\u1eed d\u1ee5ng c\u00f4ng ngh\u1ec7 RO Kangaroo Made in Korea, v\u1edbi 10 c\u1ea5p l\u1ecdc kh\u00f4ng&#8230;<\/p>\n","protected":false},"featured_media":190,"comment_status":"open","ping_status":"closed","template":"","meta":[],"product_cat":[16,18],"product_tag":[],"yst_prominent_words":[],"class_list":["post-188","product","type-product","status-publish","has-post-thumbnail","hentry","product_cat-may-loc-nuoc-kangaroo","product_cat-may-loc-nuoc-kangaroo-co-tu"],"acf":[],"_links":{"self":[{"href":"https:\/\/mauweb.tamnguyen.vn\/maylocnuoc\/wp-json\/wp\/v2\/product\/188","targetHints":{"allow":["GET"]}}],"collection":[{"href":"https:\/\/mauweb.tamnguyen.vn\/maylocnuoc\/wp-json\/wp\/v2\/product"}],"about":[{"href":"https:\/\/mauweb.tamnguyen.vn\/maylocnuoc\/wp-json\/wp\/v2\/types\/product"}],"replies":[{"embeddable":true,"href":"https:\/\/mauweb.tamnguyen.vn\/maylocnuoc\/wp-json\/wp\/v2\/comments?post=188"}],"wp:featuredmedia":[{"embeddable":true,"href":"https:\/\/mauweb.tamnguyen.vn\/maylocnuoc\/wp-json\/wp\/v2\/media\/190"}],"wp:attachment":[{"href":"https:\/\/mauweb.tamnguyen.vn\/maylocnuoc\/wp-json\/wp\/v2\/media?parent=188"}],"wp:term":[{"taxonomy":"product_cat","embeddable":true,"href":"https:\/\/mauweb.tamnguyen.vn\/maylocnuoc\/wp-json\/wp\/v2\/product_cat?post=188"},{"taxonomy":"product_tag","embeddable":true,"href":"https:\/\/mauweb.tamnguyen.vn\/maylocnuoc\/wp-json\/wp\/v2\/product_tag?post=188"},{"taxonomy":"yst_prominent_words","embeddable":true,"href":"https:\/\/mauweb.tamnguyen.vn\/maylocnuoc\/wp-json\/wp\/v2\/yst_prominent_words?post=188"}],"curies":[{"name":"wp","href":"https:\/\/api.w.org\/{rel}","templated":true}]}}