{"id":178,"date":"2021-10-28T05:38:40","date_gmt":"2021-10-28T05:38:40","guid":{"rendered":"http:\/\/maylocnuoc.themevivu.com\/?post_type=product&#038;p=178"},"modified":"2021-10-29T16:11:56","modified_gmt":"2021-10-29T16:11:56","slug":"may-loc-nuoc-kangaroo-kg10g4-khong-tu-10-loi","status":"publish","type":"product","link":"https:\/\/mauweb.tamnguyen.vn\/maylocnuoc\/may-loc-nuoc-kangaroo-kg10g4-khong-tu-10-loi\/","title":{"rendered":"M\u00e1y l\u1ecdc n\u01b0\u1edbc Kangaroo KG10G4 Kh\u00f4ng T\u1ee7 10 L\u00f5i"},"content":{"rendered":"<table id=\"table\">\n<tbody>\n<tr>\n<td>T\u00ean s\u1ea3n ph\u1ea9m :<\/td>\n<td>M\u00e1y l\u1ecdc n\u01b0\u1edbc Kangaroo KG10G4 Kh\u00f4ng T\u1ee7 10 L\u00f5i<\/td>\n<\/tr>\n<tr>\n<td>M\u00e3 s\u1ea3n ph\u1ea9m :<\/td>\n<td>KG10G4<\/td>\n<\/tr>\n<tr>\n<td>K\u00edch th\u01b0\u1edbc:<\/td>\n<td>440 x 335 x 575 (mm)<\/td>\n<\/tr>\n<tr>\n<td>Th\u01b0\u01a1ng hi\u1ec7u<\/td>\n<td>Kangaroo<\/td>\n<\/tr>\n<tr>\n<td>B\u1ea3o h\u00e0nh<\/td>\n<td>24 th\u00e1ng<\/td>\n<\/tr>\n<tr>\n<td>Tu\u1ed5i th\u1ecd<\/td>\n<td>20 n\u0103m<\/td>\n<\/tr>\n<tr>\n<td>C\u1ea5u t\u1ea1o l\u00f5i<\/td>\n<td>\u22b9 S\u1ee3i PP c\u00f3 khe l\u1ecdc 5 micron<br \/>\n\u22b9 Than ho\u1ea1t t\u00ednh x\u1ed1p<br \/>\n\u22b9 S\u1ee3i PP c\u00f3 khe l\u1ecdc 1 micron<br \/>\n\u22b9 B\u00f3ng g\u1ed1m Omega<br \/>\n\u22b9 ORP Omega<br \/>\n\u22b9 Alkaline Omega<br \/>\n\u22b9 Mineral Omega<br \/>\n\u22b9 5 in 1 Omega<br \/>\n\u22b9 Nano cacrbon Omega<br \/>\n\u22b9 M\u00e0ng l\u1ecdc RO 50GDP Kangaroo Made in Korea<\/td>\n<\/tr>\n<tr>\n<td>\u00c1p su\u1ea5t n\u01b0\u1edbc t\u1ed1i \u0111a<\/td>\n<td>5 bar<\/td>\n<\/tr>\n<tr>\n<td>C\u00f4ng su\u1ea5t l\u1ecdc theo gi\u1edd<\/td>\n<td>10 l\u00edt\/ gi\u1edd<\/td>\n<\/tr>\n<tr>\n<td>\u0110i\u1ec7n ti\u00eau th\u1ee5<\/td>\n<td>35W<\/td>\n<\/tr>\n<tr>\n<td>Ngu\u1ed3n \u0111i\u1ec7n \u0111\u1ea7u ra<\/td>\n<td>24V<\/td>\n<\/tr>\n<tr>\n<td>\u0110i\u1ec7n \u00e1p<\/td>\n<td>220V\/50Hz<\/td>\n<\/tr>\n<tr>\n<td>Motor<\/td>\n<td>\u0110\u1ed9ng c\u01a1 h\u00fat \u0111\u1ea9y<\/td>\n<\/tr>\n<tr>\n<td>Kh\u1ed1i l\u01b0\u1ee3ng<\/td>\n<td>2.1kg<\/td>\n<\/tr>\n<tr>\n<td>S\u1ed1 c\u1ea5p l\u1ecdc (L\u00f5i l\u1ecdc)<\/td>\n<td>10 l\u00f5i l\u1ecdc<\/td>\n<\/tr>\n<tr>\n<td>M\u00e0ng l\u1ecdc<\/td>\n<td>M\u00e0ng l\u1ecdc RO 50GDP Kangaroo Made in Korea<\/td>\n<\/tr>\n<tr>\n<td>B\u00ecnh \u00e1p<\/td>\n<td>B\u00ecnh \u00e1p nh\u1ef1a si\u00eau b\u1ec1n<\/td>\n<\/tr>\n<tr>\n<td>Van \u0111i\u1ec7n t\u1eeb<\/td>\n<td>KSD<\/td>\n<\/tr>\n<tr>\n<td>B\u01a1m<\/td>\n<td>Radian<\/td>\n<\/tr>\n<tr>\n<td>V\u00f2i<\/td>\n<td>V\u00f2i Inox<\/td>\n<\/tr>\n<\/tbody>\n<\/table>\n<div id=\"root\"><\/div>\n<div id=\"product\">\n<div id=\"contentProduct\">\n<div id=\"detailProduct\">\n<div id=\"contentDetailProduct\">\n<div class=\"clear\"><span style=\"color: #555555;\">&#8211; M\u00e1y l\u1ecdc n\u01b0\u1edbc Kangaroo KG10G4 Kh\u00f4ng v\u1ecf t\u1ee7 l\u1eafp g\u1ea7m ch\u1eadu r\u1eeda b\u00e1t ho\u1eb7c treo t\u01b0\u1eddng l\u00e0 d\u00f2ng m\u00e1y l\u1ecdc n\u01b0\u1edbc s\u1eed d\u1ee5ng c\u00f4ng ngh\u1ec7 RO Kangaroo \u0111\u01b0\u1ee3c s\u1ea3n xu\u1ea5t t\u1ea1i H\u00e0n Qu\u1ed1c, s\u1ea3n ph\u1ea9m v\u1edbi 10 l\u00f5i l\u1ecdc mang \u0111\u1ebfn ngu\u1ed3n n\u01b0\u1edbc tinh khi\u1ebft, \u0111\u1ea3m b\u1ea3o c\u00e1c kho\u00e1ng ch\u1ea5t c\u1ea7n thi\u1ebft cho s\u1ee9c kh\u1ecfe.<\/span><\/div>\n<div id=\"contentBody\">\n<p>&#8211; Ti\u1ebft ki\u1ec7m \u0111i\u1ec7n n\u0103ng: van t\u0103ng \u00e1p cao t\u1ef1 d\u1eebng \u0111i\u1ec7n l\u00fac n\u01b0\u1edbc \u0111\u1ee7, gi\u1ea3m thi\u1ec3u vi\u1ec7c l\u00e3ng ph\u00ed \u0111i\u1ec7n n\u0103ng, ch\u1ec9 t\u1ed1n kho\u1ea3ng 3 kw\/th\u00e1ng<br \/>\n&#8211; C\u00f4ng su\u1ea5t 10Lit\/gi\u1edd lu\u00f4n \u0111\u1ea3m b\u1ea3o l\u01b0\u1ee3ng n\u01b0\u1edbc u\u1ed1ng \u0111\u1ee7 cho 4-5 ng\u01b0\u1eddi\/ng\u00e0y<br \/>\n&#8211; Thi\u1ebft k\u1ebf nh\u1ecf g\u1ecdn, hi\u1ec7n \u0111\u1ea1i v\u00e0 t\u1ed1i \u01b0u h\u00f3a kh\u00f4ng gian, ti\u1ebft ki\u1ec7m di\u1ec7n t\u00edch s\u1eed d\u1ee5ng<br \/>\n&#8211; Kh\u00f4ng nh\u1eefng \u0111em l\u1ea1i ngu\u1ed3n n\u01b0\u1edbc tinh khi\u1ebft m\u00e0 c\u00f2n b\u1ed5 sung c\u00e1c kho\u00e1ng ch\u1ea5t c\u1ea7n thi\u1ebft cho s\u1ee9c kh\u1ecfe.<\/p>\n<\/div>\n<\/div>\n<\/div>\n<\/div>\n<\/div>\n","protected":false},"excerpt":{"rendered":"<p>T\u00ean s\u1ea3n ph\u1ea9m : M\u00e1y l\u1ecdc n\u01b0\u1edbc Kangaroo KG10G4 Kh\u00f4ng T\u1ee7 10 L\u00f5i M\u00e3 s\u1ea3n ph\u1ea9m : KG10G4 K\u00edch th\u01b0\u1edbc: 440 x 335 x 575 (mm) Th\u01b0\u01a1ng hi\u1ec7u Kangaroo B\u1ea3o h\u00e0nh 24 th\u00e1ng Tu\u1ed5i th\u1ecd 20 n\u0103m C\u1ea5u t\u1ea1o l\u00f5i \u22b9 S\u1ee3i PP c\u00f3 khe l\u1ecdc 5 micron \u22b9 Than ho\u1ea1t t\u00ednh x\u1ed1p \u22b9 S\u1ee3i&#8230;<\/p>\n","protected":false},"featured_media":180,"comment_status":"open","ping_status":"closed","template":"","meta":[],"product_cat":[16,18],"product_tag":[],"yst_prominent_words":[],"class_list":["post-178","product","type-product","status-publish","has-post-thumbnail","hentry","product_cat-may-loc-nuoc-kangaroo","product_cat-may-loc-nuoc-kangaroo-co-tu"],"acf":[],"_links":{"self":[{"href":"https:\/\/mauweb.tamnguyen.vn\/maylocnuoc\/wp-json\/wp\/v2\/product\/178","targetHints":{"allow":["GET"]}}],"collection":[{"href":"https:\/\/mauweb.tamnguyen.vn\/maylocnuoc\/wp-json\/wp\/v2\/product"}],"about":[{"href":"https:\/\/mauweb.tamnguyen.vn\/maylocnuoc\/wp-json\/wp\/v2\/types\/product"}],"replies":[{"embeddable":true,"href":"https:\/\/mauweb.tamnguyen.vn\/maylocnuoc\/wp-json\/wp\/v2\/comments?post=178"}],"wp:featuredmedia":[{"embeddable":true,"href":"https:\/\/mauweb.tamnguyen.vn\/maylocnuoc\/wp-json\/wp\/v2\/media\/180"}],"wp:attachment":[{"href":"https:\/\/mauweb.tamnguyen.vn\/maylocnuoc\/wp-json\/wp\/v2\/media?parent=178"}],"wp:term":[{"taxonomy":"product_cat","embeddable":true,"href":"https:\/\/mauweb.tamnguyen.vn\/maylocnuoc\/wp-json\/wp\/v2\/product_cat?post=178"},{"taxonomy":"product_tag","embeddable":true,"href":"https:\/\/mauweb.tamnguyen.vn\/maylocnuoc\/wp-json\/wp\/v2\/product_tag?post=178"},{"taxonomy":"yst_prominent_words","embeddable":true,"href":"https:\/\/mauweb.tamnguyen.vn\/maylocnuoc\/wp-json\/wp\/v2\/yst_prominent_words?post=178"}],"curies":[{"name":"wp","href":"https:\/\/api.w.org\/{rel}","templated":true}]}}