{"id":1649,"date":"2022-04-13T04:15:09","date_gmt":"2022-04-13T04:15:09","guid":{"rendered":"http:\/\/mau3.maudep.com.vn\/webrem\/?post_type=product&#038;p=1649"},"modified":"2022-05-14T05:52:07","modified_gmt":"2022-05-14T05:52:07","slug":"rem-roman-4","status":"publish","type":"product","link":"https:\/\/mauweb.tamnguyen.vn\/manhren2\/san-pham\/rem-roman-4\/","title":{"rendered":"R\u00c8M ROMAN"},"content":{"rendered":"<div class=\"term-description\">\n<p>R\u00e8m roman\u00a0c\u00f3 \u0111\u01b0\u1ee3c d\u1ec7t t\u1eeb v\u1ea3i nh\u01b0ng mang phong c\u00e1ch \u0111\u1eb7c bi\u1ec7t sang tr\u1ecdng \u2013 ph\u00f9 h\u1ee3p v\u1edbi c\u00e1c c\u0103n ph\u00f2ng kh\u00e1ch, kh\u00e1ch s\u1ea1n, nh\u00e0 h\u00e0ng l\u1edbn ho\u1eb7c qu\u00e1n bar. V\u1edbi c\u1ea5u tr\u00fac x\u1ebfp l\u1edbp,\u00a0r\u00e8m roman\u00a0cho ph\u00e9p qu\u00fd kh\u00e1ch c\u00f3 th\u1ec3 k\u00e9o l\u00ean theo t\u1eebng l\u1edbp ho\u1eb7c bu\u00f4ng k\u00edn c\u1eeda s\u1ed5 theo nhu c\u1ea7u \u00e1nh s\u00e1ng.<\/p>\n<p>V\u1edbi c\u1ea5u tr\u00fac x\u1ebfp l\u1edbp \u0111\u1eb7c bi\u1ec7t n\u00e0y, rem roman mang l\u1ea1i cho c\u0103n ph\u00f2ng m\u1ed9t v\u1ebb \u0111\u1eb9p hi\u1ec7n \u0111\u1ea1i nh\u01b0ng c\u0169ng r\u1ea5t m\u1ec1m m\u1ea1i, \u1ea5m c\u00fang.<\/p>\n<p>Khi ch\u1ecdn r\u00e8m romance cho ph\u00f2ng kh\u00e1ch t\u00f9y theo k\u00edch th\u01b0\u1edbc c\u1eeda v\u00e0 h\u01b0\u1edbng c\u1eeda \u0111\u1ec3 ch\u1ecdn ch\u1ea5t li\u1ec7u. N\u1ebfu c\u1eeda k\u00ednh \u00e1nh n\u1eafng h\u1eaft v\u00e0o nhi\u1ec1u b\u1ea1n n\u00ean ch\u1ecdn lo\u1ea1i v\u1ea3i d\u00e0y c\u1ea3 n\u1eafng, n\u1ebfu c\u1eeda c\u00f3 \u00edt \u00e1nh n\u1eafng chi\u1ebfu v\u00e0o n\u00ean ch\u1ecdn v\u1ea3i m\u1ecfng, nh\u1eb9.<\/p>\n<p>\u0110\u1ed1i v\u1edbi ph\u00f2ng kh\u00e1ch l\u00e0 n\u01a1i ti\u1ebfp kh\u00e1ch c\u1ee7a gia ch\u1ee7 n\u00ean khi ch\u1ecdn m\u00e0u r\u00e8m c\u1ea7n ph\u1ea3i t\u01b0\u01a1ng x\u1ee9ng v\u1edbi n\u1ed9i th\u1ea5t trong nh\u00e0.<\/p>\n<\/div>\n<p class=\"woocommerce-info\">\n","protected":false},"excerpt":{"rendered":"<p>R\u00e8m roman\u00a0c\u00f3 \u0111\u01b0\u1ee3c d\u1ec7t t\u1eeb v\u1ea3i nh\u01b0ng mang phong c\u00e1ch \u0111\u1eb7c bi\u1ec7t sang tr\u1ecdng \u2013 ph\u00f9 h\u1ee3p v\u1edbi c\u00e1c c\u0103n ph\u00f2ng kh\u00e1ch, kh\u00e1ch s\u1ea1n, nh\u00e0 h\u00e0ng l\u1edbn ho\u1eb7c qu\u00e1n bar. V\u1edbi c\u1ea5u tr\u00fac x\u1ebfp l\u1edbp,\u00a0r\u00e8m roman\u00a0cho ph\u00e9p qu\u00fd kh\u00e1ch c\u00f3 th\u1ec3 k\u00e9o l\u00ean theo t\u1eebng l\u1edbp ho\u1eb7c bu\u00f4ng k\u00edn c\u1eeda s\u1ed5 theo nhu c\u1ea7u \u00e1nh [&#8230;]\n","protected":false},"featured_media":1650,"comment_status":"open","ping_status":"closed","template":"","meta":[],"product_cat":[156],"product_tag":[],"class_list":["post-1649","product","type-product","status-publish","has-post-thumbnail","hentry","product_cat-rem-roman"],"acf":[],"yoast_head":"<!-- This site is optimized with the Yoast SEO plugin v19.8 - https:\/\/yoast.com\/wordpress\/plugins\/seo\/ -->\n<title>R\u00c8M ROMAN - remhunganh<\/title>\n<meta name=\"robots\" content=\"noindex, follow, max-snippet:-1, max-image-preview:large, max-video-preview:-1\" \/>\n<meta property=\"og:locale\" content=\"vi_VN\" \/>\n<meta property=\"og:type\" content=\"article\" \/>\n<meta property=\"og:title\" content=\"R\u00c8M ROMAN - remhunganh\" \/>\n<meta property=\"og:description\" content=\"R\u00e8m roman\u00a0c\u00f3 \u0111\u01b0\u1ee3c d\u1ec7t t\u1eeb v\u1ea3i nh\u01b0ng mang phong c\u00e1ch \u0111\u1eb7c bi\u1ec7t sang tr\u1ecdng \u2013 ph\u00f9 h\u1ee3p v\u1edbi c\u00e1c c\u0103n ph\u00f2ng kh\u00e1ch, kh\u00e1ch s\u1ea1n, nh\u00e0 h\u00e0ng l\u1edbn ho\u1eb7c qu\u00e1n bar. V\u1edbi c\u1ea5u tr\u00fac x\u1ebfp l\u1edbp,\u00a0r\u00e8m roman\u00a0cho ph\u00e9p qu\u00fd kh\u00e1ch c\u00f3 th\u1ec3 k\u00e9o l\u00ean theo t\u1eebng l\u1edbp ho\u1eb7c bu\u00f4ng k\u00edn c\u1eeda s\u1ed5 theo nhu c\u1ea7u \u00e1nh [...]\" \/>\n<meta property=\"og:url\" content=\"https:\/\/mauweb.tamnguyen.vn\/manhren2\/san-pham\/rem-roman-4\/\" \/>\n<meta property=\"og:site_name\" content=\"remhunganh\" \/>\n<meta property=\"article:modified_time\" content=\"2022-05-14T05:52:07+00:00\" \/>\n<meta property=\"og:image\" content=\"https:\/\/mauweb.tamnguyen.vn\/manhren2\/wp-content\/uploads\/2022\/04\/IMG_3901.jpg\" \/>\n\t<meta property=\"og:image:width\" content=\"1600\" \/>\n\t<meta property=\"og:image:height\" content=\"1021\" \/>\n\t<meta property=\"og:image:type\" content=\"image\/jpeg\" \/>\n<meta name=\"twitter:card\" content=\"summary_large_image\" \/>\n<meta name=\"twitter:label1\" content=\"\u01af\u1edbc t\u00ednh th\u1eddi gian \u0111\u1ecdc\" \/>\n\t<meta name=\"twitter:data1\" content=\"1 ph\u00fat\" \/>\n<script type=\"application\/ld+json\" class=\"yoast-schema-graph\">{\"@context\":\"https:\/\/schema.org\",\"@graph\":[{\"@type\":\"WebPage\",\"@id\":\"https:\/\/mauweb.tamnguyen.vn\/manhren2\/san-pham\/rem-roman-4\/\",\"url\":\"https:\/\/mauweb.tamnguyen.vn\/manhren2\/san-pham\/rem-roman-4\/\",\"name\":\"R\u00c8M ROMAN - remhunganh\",\"isPartOf\":{\"@id\":\"https:\/\/mauweb.tamnguyen.vn\/manhren2\/#website\"},\"datePublished\":\"2022-04-13T04:15:09+00:00\",\"dateModified\":\"2022-05-14T05:52:07+00:00\",\"breadcrumb\":{\"@id\":\"https:\/\/mauweb.tamnguyen.vn\/manhren2\/san-pham\/rem-roman-4\/#breadcrumb\"},\"inLanguage\":\"vi\",\"potentialAction\":[{\"@type\":\"ReadAction\",\"target\":[\"https:\/\/mauweb.tamnguyen.vn\/manhren2\/san-pham\/rem-roman-4\/\"]}]},{\"@type\":\"BreadcrumbList\",\"@id\":\"https:\/\/mauweb.tamnguyen.vn\/manhren2\/san-pham\/rem-roman-4\/#breadcrumb\",\"itemListElement\":[{\"@type\":\"ListItem\",\"position\":1,\"name\":\"Trang ch\u1ee7\",\"item\":\"https:\/\/mauweb.tamnguyen.vn\/manhren2\/\"},{\"@type\":\"ListItem\",\"position\":2,\"name\":\"Shop\",\"item\":\"https:\/\/mauweb.tamnguyen.vn\/manhren2\/shop\/\"},{\"@type\":\"ListItem\",\"position\":3,\"name\":\"R\u00c8M ROMAN\"}]},{\"@type\":\"WebSite\",\"@id\":\"https:\/\/mauweb.tamnguyen.vn\/manhren2\/#website\",\"url\":\"https:\/\/mauweb.tamnguyen.vn\/manhren2\/\",\"name\":\"remhunganh\",\"description\":\"\",\"potentialAction\":[{\"@type\":\"SearchAction\",\"target\":{\"@type\":\"EntryPoint\",\"urlTemplate\":\"https:\/\/mauweb.tamnguyen.vn\/manhren2\/?s={search_term_string}\"},\"query-input\":\"required name=search_term_string\"}],\"inLanguage\":\"vi\"}]}<\/script>\n<!-- \/ Yoast SEO plugin. -->","yoast_head_json":{"title":"R\u00c8M ROMAN - remhunganh","robots":{"index":"noindex","follow":"follow","max-snippet":"max-snippet:-1","max-image-preview":"max-image-preview:large","max-video-preview":"max-video-preview:-1"},"og_locale":"vi_VN","og_type":"article","og_title":"R\u00c8M ROMAN - remhunganh","og_description":"R\u00e8m roman\u00a0c\u00f3 \u0111\u01b0\u1ee3c d\u1ec7t t\u1eeb v\u1ea3i nh\u01b0ng mang phong c\u00e1ch \u0111\u1eb7c bi\u1ec7t sang tr\u1ecdng \u2013 ph\u00f9 h\u1ee3p v\u1edbi c\u00e1c c\u0103n ph\u00f2ng kh\u00e1ch, kh\u00e1ch s\u1ea1n, nh\u00e0 h\u00e0ng l\u1edbn ho\u1eb7c qu\u00e1n bar. V\u1edbi c\u1ea5u tr\u00fac x\u1ebfp l\u1edbp,\u00a0r\u00e8m roman\u00a0cho ph\u00e9p qu\u00fd kh\u00e1ch c\u00f3 th\u1ec3 k\u00e9o l\u00ean theo t\u1eebng l\u1edbp ho\u1eb7c bu\u00f4ng k\u00edn c\u1eeda s\u1ed5 theo nhu c\u1ea7u \u00e1nh [...]","og_url":"https:\/\/mauweb.tamnguyen.vn\/manhren2\/san-pham\/rem-roman-4\/","og_site_name":"remhunganh","article_modified_time":"2022-05-14T05:52:07+00:00","og_image":[{"width":1600,"height":1021,"url":"https:\/\/mauweb.tamnguyen.vn\/manhren2\/wp-content\/uploads\/2022\/04\/IMG_3901.jpg","type":"image\/jpeg"}],"twitter_card":"summary_large_image","twitter_misc":{"\u01af\u1edbc t\u00ednh th\u1eddi gian \u0111\u1ecdc":"1 ph\u00fat"},"schema":{"@context":"https:\/\/schema.org","@graph":[{"@type":"WebPage","@id":"https:\/\/mauweb.tamnguyen.vn\/manhren2\/san-pham\/rem-roman-4\/","url":"https:\/\/mauweb.tamnguyen.vn\/manhren2\/san-pham\/rem-roman-4\/","name":"R\u00c8M ROMAN - remhunganh","isPartOf":{"@id":"https:\/\/mauweb.tamnguyen.vn\/manhren2\/#website"},"datePublished":"2022-04-13T04:15:09+00:00","dateModified":"2022-05-14T05:52:07+00:00","breadcrumb":{"@id":"https:\/\/mauweb.tamnguyen.vn\/manhren2\/san-pham\/rem-roman-4\/#breadcrumb"},"inLanguage":"vi","potentialAction":[{"@type":"ReadAction","target":["https:\/\/mauweb.tamnguyen.vn\/manhren2\/san-pham\/rem-roman-4\/"]}]},{"@type":"BreadcrumbList","@id":"https:\/\/mauweb.tamnguyen.vn\/manhren2\/san-pham\/rem-roman-4\/#breadcrumb","itemListElement":[{"@type":"ListItem","position":1,"name":"Trang ch\u1ee7","item":"https:\/\/mauweb.tamnguyen.vn\/manhren2\/"},{"@type":"ListItem","position":2,"name":"Shop","item":"https:\/\/mauweb.tamnguyen.vn\/manhren2\/shop\/"},{"@type":"ListItem","position":3,"name":"R\u00c8M ROMAN"}]},{"@type":"WebSite","@id":"https:\/\/mauweb.tamnguyen.vn\/manhren2\/#website","url":"https:\/\/mauweb.tamnguyen.vn\/manhren2\/","name":"remhunganh","description":"","potentialAction":[{"@type":"SearchAction","target":{"@type":"EntryPoint","urlTemplate":"https:\/\/mauweb.tamnguyen.vn\/manhren2\/?s={search_term_string}"},"query-input":"required name=search_term_string"}],"inLanguage":"vi"}]}},"_links":{"self":[{"href":"https:\/\/mauweb.tamnguyen.vn\/manhren2\/wp-json\/wp\/v2\/product\/1649"}],"collection":[{"href":"https:\/\/mauweb.tamnguyen.vn\/manhren2\/wp-json\/wp\/v2\/product"}],"about":[{"href":"https:\/\/mauweb.tamnguyen.vn\/manhren2\/wp-json\/wp\/v2\/types\/product"}],"replies":[{"embeddable":true,"href":"https:\/\/mauweb.tamnguyen.vn\/manhren2\/wp-json\/wp\/v2\/comments?post=1649"}],"wp:featuredmedia":[{"embeddable":true,"href":"https:\/\/mauweb.tamnguyen.vn\/manhren2\/wp-json\/wp\/v2\/media\/1650"}],"wp:attachment":[{"href":"https:\/\/mauweb.tamnguyen.vn\/manhren2\/wp-json\/wp\/v2\/media?parent=1649"}],"wp:term":[{"taxonomy":"product_cat","embeddable":true,"href":"https:\/\/mauweb.tamnguyen.vn\/manhren2\/wp-json\/wp\/v2\/product_cat?post=1649"},{"taxonomy":"product_tag","embeddable":true,"href":"https:\/\/mauweb.tamnguyen.vn\/manhren2\/wp-json\/wp\/v2\/product_tag?post=1649"}],"curies":[{"name":"wp","href":"https:\/\/api.w.org\/{rel}","templated":true}]}}