{"id":1618,"date":"2022-04-13T03:21:23","date_gmt":"2022-04-13T03:21:23","guid":{"rendered":"http:\/\/mau3.maudep.com.vn\/webrem\/?post_type=product&#038;p=1618"},"modified":"2022-05-14T04:08:32","modified_gmt":"2022-05-14T04:08:32","slug":"rem-go-tung-cao-cap","status":"publish","type":"product","link":"https:\/\/mauweb.tamnguyen.vn\/manhren2\/san-pham\/rem-go-tung-cao-cap\/","title":{"rendered":"R\u00c8M S\u00c1O G\u1ed6 B\u1ea2N 3,5mm"},"content":{"rendered":"<div class=\"term-description\">\n<div dir=\"auto\">R\u00e8m g\u1ed7 \u0111\u01b0\u1ee3c x\u1eed l\u00fd qua d\u00e2y truy\u1ec1n c\u00f4ng ngh\u1ec7 cao nh\u01b0: c\u00f4ng ngh\u1ec7 h\u1ea5p d\u1ea7u v\u00e0 c\u00f4ng ngh\u1ec7 \u00e9p nhi\u1ec7t \u0111\u1ec3 s\u1ea3n ph\u1ea9m ch\u1ed1ng \u0111\u01b0\u1ee3c s\u1ef1 cong v\u00eanh v\u00e0 m\u1ed1i m\u1ecdt d\u01b0\u1edbi th\u1eddi ti\u1ebft n\u00f3ng \u1ea9m c\u1ee7a Vi\u1ec7t Nam. B\u1ec1 m\u1eb7t c\u1ee7a s\u1ea3n ph\u1ea9m \u0111\u01b0\u1ee3c ph\u1ee7 c\u00f4ng ngh\u1ec7 s\u01a1n UV v\u00e0 c\u00f4ng ngh\u1ec7 s\u01a1n NaNo c\u00f3 t\u00e1c d\u1ee5ng ng\u0103n ch\u1eb7n tia b\u1ee9c x\u1ea1 c\u00f3 h\u1ea1i t\u1eeb \u00e1nh s\u00e1ng m\u1eb7t tr\u1eddi v\u00e0 gi\u00fap cho s\u1ea3n ph\u1ea9m b\u1ec1n m\u1ea7u v\u1edbi th\u1eddi gian v\u00e0 kh\u00ed h\u1eadu kh\u1eafc nghi\u1ec7t nh\u1ea5t.<\/div>\n<div dir=\"auto\"><span class=\"pq6dq46d tbxw36s4 knj5qynh kvgmc6g5 ditlmg2l oygrvhab nvdbi5me sf5mxxl7 gl3lb2sf hhz5lgdu\">+<\/span>Ph\u1ee5 ki\u1ec7n c\u1ee7a r\u00e8m s\u00e1o g\u1ed7 \u0111\u01b0\u1ee3c s\u1eed d\u1ee5ng nh\u1eefng nguy\u00ean li\u1ec7u t\u1ed1t nh\u1ea5t t\u1eeb nh\u00f4m, gang, cotton 100% mang l\u1ea1i cho s\u1ea3n ph\u1ea9m s\u1ef1 ch\u1eafc ch\u1eafn v\u00e0 \u0111\u1ed9 b\u1ec1n cao.<\/div>\n<div dir=\"auto\">+C\u00f3 th\u1ec3 xoay l\u1eadt l\u00ean xu\u1ed1ng 180 \u0111\u1ed9, k\u00e9o l\u00ean \u1edf nhi\u1ec1u \u0111\u1ed9 cao hay th\u1ea3 th\u1ea5p, gi\u00fap b\u1ea1n d\u1ec5 d\u00e0ng \u0111i\u1ec1u ch\u1ec9nh m\u1ee9c \u0111\u1ed9 \u00e1nh s\u00e1ng cho c\u0103n ph\u00f2ng c\u1ee7a b\u1ea1n, l\u00e0m c\u0103n ph\u00f2ng sang h\u01a1n \u0111\u1eb9p h\u01a1n v\u1edbi r\u00e8m g\u1ed7.<\/div>\n<div dir=\"auto\">+Kh\u1ea3 n\u0103ng che n\u1eafng tuy\u1ec7t \u0111\u1ed1i 100%;Ch\u1ea5t li\u1ec7u g\u1ed7 t\u1ef1 nhi\u00ean \u0111\u00e3 \u0111\u01b0\u1ee3c x\u1eed l\u00fd cong, v\u00eanh, m\u1ed7i, m\u1ecdt gi\u00fap ch\u1ed1ng ch\u1ecbu r\u1ea5t t\u1ed1t c\u00e1c t\u00e1c \u0111\u1ed9ng c\u1ee7a th\u1eddi ti\u1ebft c\u1ee7a r\u00e8m g\u1ed7.<\/div>\n<div dir=\"auto\">+D\u1ec5 d\u00e0ng v\u1ec7 sinh b\u1ee5i b\u1ea9n<\/div>\n<\/div>\n<p class=\"woocommerce-info\">\n","protected":false},"excerpt":{"rendered":"<p>R\u00e8m g\u1ed7 \u0111\u01b0\u1ee3c x\u1eed l\u00fd qua d\u00e2y truy\u1ec1n c\u00f4ng ngh\u1ec7 cao nh\u01b0: c\u00f4ng ngh\u1ec7 h\u1ea5p d\u1ea7u v\u00e0 c\u00f4ng ngh\u1ec7 \u00e9p nhi\u1ec7t \u0111\u1ec3 s\u1ea3n ph\u1ea9m ch\u1ed1ng \u0111\u01b0\u1ee3c s\u1ef1 cong v\u00eanh v\u00e0 m\u1ed1i m\u1ecdt d\u01b0\u1edbi th\u1eddi ti\u1ebft n\u00f3ng \u1ea9m c\u1ee7a Vi\u1ec7t Nam. B\u1ec1 m\u1eb7t c\u1ee7a s\u1ea3n ph\u1ea9m \u0111\u01b0\u1ee3c ph\u1ee7 c\u00f4ng ngh\u1ec7 s\u01a1n UV v\u00e0 c\u00f4ng ngh\u1ec7 s\u01a1n [&#8230;]\n","protected":false},"featured_media":1612,"comment_status":"open","ping_status":"closed","template":"","meta":[],"product_cat":[157],"product_tag":[165],"class_list":["post-1618","product","type-product","status-publish","has-post-thumbnail","hentry","product_cat-rem-sao-go","product_tag-rem-cao-cap"],"acf":[],"yoast_head":"<!-- This site is optimized with the Yoast SEO plugin v19.8 - https:\/\/yoast.com\/wordpress\/plugins\/seo\/ -->\n<title>R\u00c8M S\u00c1O G\u1ed6 B\u1ea2N 3,5mm - remhunganh<\/title>\n<meta name=\"robots\" content=\"noindex, follow, max-snippet:-1, max-image-preview:large, max-video-preview:-1\" \/>\n<meta property=\"og:locale\" content=\"vi_VN\" \/>\n<meta property=\"og:type\" content=\"article\" \/>\n<meta property=\"og:title\" content=\"R\u00c8M S\u00c1O G\u1ed6 B\u1ea2N 3,5mm - remhunganh\" \/>\n<meta property=\"og:description\" content=\"R\u00e8m g\u1ed7 \u0111\u01b0\u1ee3c x\u1eed l\u00fd qua d\u00e2y truy\u1ec1n c\u00f4ng ngh\u1ec7 cao nh\u01b0: c\u00f4ng ngh\u1ec7 h\u1ea5p d\u1ea7u v\u00e0 c\u00f4ng ngh\u1ec7 \u00e9p nhi\u1ec7t \u0111\u1ec3 s\u1ea3n ph\u1ea9m ch\u1ed1ng \u0111\u01b0\u1ee3c s\u1ef1 cong v\u00eanh v\u00e0 m\u1ed1i m\u1ecdt d\u01b0\u1edbi th\u1eddi ti\u1ebft n\u00f3ng \u1ea9m c\u1ee7a Vi\u1ec7t Nam. B\u1ec1 m\u1eb7t c\u1ee7a s\u1ea3n ph\u1ea9m \u0111\u01b0\u1ee3c ph\u1ee7 c\u00f4ng ngh\u1ec7 s\u01a1n UV v\u00e0 c\u00f4ng ngh\u1ec7 s\u01a1n [...]\" \/>\n<meta property=\"og:url\" content=\"https:\/\/mauweb.tamnguyen.vn\/manhren2\/san-pham\/rem-go-tung-cao-cap\/\" \/>\n<meta property=\"og:site_name\" content=\"remhunganh\" \/>\n<meta property=\"article:modified_time\" content=\"2022-05-14T04:08:32+00:00\" \/>\n<meta property=\"og:image\" content=\"https:\/\/mauweb.tamnguyen.vn\/manhren2\/wp-content\/uploads\/2022\/04\/IMG_3569.jpg\" \/>\n\t<meta property=\"og:image:width\" content=\"1080\" \/>\n\t<meta property=\"og:image:height\" content=\"702\" \/>\n\t<meta property=\"og:image:type\" content=\"image\/jpeg\" \/>\n<meta name=\"twitter:card\" content=\"summary_large_image\" \/>\n<meta name=\"twitter:label1\" content=\"\u01af\u1edbc t\u00ednh th\u1eddi gian \u0111\u1ecdc\" \/>\n\t<meta name=\"twitter:data1\" content=\"1 ph\u00fat\" \/>\n<script type=\"application\/ld+json\" class=\"yoast-schema-graph\">{\"@context\":\"https:\/\/schema.org\",\"@graph\":[{\"@type\":\"WebPage\",\"@id\":\"https:\/\/mauweb.tamnguyen.vn\/manhren2\/san-pham\/rem-go-tung-cao-cap\/\",\"url\":\"https:\/\/mauweb.tamnguyen.vn\/manhren2\/san-pham\/rem-go-tung-cao-cap\/\",\"name\":\"R\u00c8M S\u00c1O G\u1ed6 B\u1ea2N 3,5mm - remhunganh\",\"isPartOf\":{\"@id\":\"https:\/\/mauweb.tamnguyen.vn\/manhren2\/#website\"},\"datePublished\":\"2022-04-13T03:21:23+00:00\",\"dateModified\":\"2022-05-14T04:08:32+00:00\",\"breadcrumb\":{\"@id\":\"https:\/\/mauweb.tamnguyen.vn\/manhren2\/san-pham\/rem-go-tung-cao-cap\/#breadcrumb\"},\"inLanguage\":\"vi\",\"potentialAction\":[{\"@type\":\"ReadAction\",\"target\":[\"https:\/\/mauweb.tamnguyen.vn\/manhren2\/san-pham\/rem-go-tung-cao-cap\/\"]}]},{\"@type\":\"BreadcrumbList\",\"@id\":\"https:\/\/mauweb.tamnguyen.vn\/manhren2\/san-pham\/rem-go-tung-cao-cap\/#breadcrumb\",\"itemListElement\":[{\"@type\":\"ListItem\",\"position\":1,\"name\":\"Trang ch\u1ee7\",\"item\":\"https:\/\/mauweb.tamnguyen.vn\/manhren2\/\"},{\"@type\":\"ListItem\",\"position\":2,\"name\":\"Shop\",\"item\":\"https:\/\/mauweb.tamnguyen.vn\/manhren2\/shop\/\"},{\"@type\":\"ListItem\",\"position\":3,\"name\":\"R\u00c8M S\u00c1O G\u1ed6 B\u1ea2N 3,5mm\"}]},{\"@type\":\"WebSite\",\"@id\":\"https:\/\/mauweb.tamnguyen.vn\/manhren2\/#website\",\"url\":\"https:\/\/mauweb.tamnguyen.vn\/manhren2\/\",\"name\":\"remhunganh\",\"description\":\"\",\"potentialAction\":[{\"@type\":\"SearchAction\",\"target\":{\"@type\":\"EntryPoint\",\"urlTemplate\":\"https:\/\/mauweb.tamnguyen.vn\/manhren2\/?s={search_term_string}\"},\"query-input\":\"required name=search_term_string\"}],\"inLanguage\":\"vi\"}]}<\/script>\n<!-- \/ Yoast SEO plugin. -->","yoast_head_json":{"title":"R\u00c8M S\u00c1O G\u1ed6 B\u1ea2N 3,5mm - remhunganh","robots":{"index":"noindex","follow":"follow","max-snippet":"max-snippet:-1","max-image-preview":"max-image-preview:large","max-video-preview":"max-video-preview:-1"},"og_locale":"vi_VN","og_type":"article","og_title":"R\u00c8M S\u00c1O G\u1ed6 B\u1ea2N 3,5mm - remhunganh","og_description":"R\u00e8m g\u1ed7 \u0111\u01b0\u1ee3c x\u1eed l\u00fd qua d\u00e2y truy\u1ec1n c\u00f4ng ngh\u1ec7 cao nh\u01b0: c\u00f4ng ngh\u1ec7 h\u1ea5p d\u1ea7u v\u00e0 c\u00f4ng ngh\u1ec7 \u00e9p nhi\u1ec7t \u0111\u1ec3 s\u1ea3n ph\u1ea9m ch\u1ed1ng \u0111\u01b0\u1ee3c s\u1ef1 cong v\u00eanh v\u00e0 m\u1ed1i m\u1ecdt d\u01b0\u1edbi th\u1eddi ti\u1ebft n\u00f3ng \u1ea9m c\u1ee7a Vi\u1ec7t Nam. B\u1ec1 m\u1eb7t c\u1ee7a s\u1ea3n ph\u1ea9m \u0111\u01b0\u1ee3c ph\u1ee7 c\u00f4ng ngh\u1ec7 s\u01a1n UV v\u00e0 c\u00f4ng ngh\u1ec7 s\u01a1n [...]","og_url":"https:\/\/mauweb.tamnguyen.vn\/manhren2\/san-pham\/rem-go-tung-cao-cap\/","og_site_name":"remhunganh","article_modified_time":"2022-05-14T04:08:32+00:00","og_image":[{"width":1080,"height":702,"url":"https:\/\/mauweb.tamnguyen.vn\/manhren2\/wp-content\/uploads\/2022\/04\/IMG_3569.jpg","type":"image\/jpeg"}],"twitter_card":"summary_large_image","twitter_misc":{"\u01af\u1edbc t\u00ednh th\u1eddi gian \u0111\u1ecdc":"1 ph\u00fat"},"schema":{"@context":"https:\/\/schema.org","@graph":[{"@type":"WebPage","@id":"https:\/\/mauweb.tamnguyen.vn\/manhren2\/san-pham\/rem-go-tung-cao-cap\/","url":"https:\/\/mauweb.tamnguyen.vn\/manhren2\/san-pham\/rem-go-tung-cao-cap\/","name":"R\u00c8M S\u00c1O G\u1ed6 B\u1ea2N 3,5mm - remhunganh","isPartOf":{"@id":"https:\/\/mauweb.tamnguyen.vn\/manhren2\/#website"},"datePublished":"2022-04-13T03:21:23+00:00","dateModified":"2022-05-14T04:08:32+00:00","breadcrumb":{"@id":"https:\/\/mauweb.tamnguyen.vn\/manhren2\/san-pham\/rem-go-tung-cao-cap\/#breadcrumb"},"inLanguage":"vi","potentialAction":[{"@type":"ReadAction","target":["https:\/\/mauweb.tamnguyen.vn\/manhren2\/san-pham\/rem-go-tung-cao-cap\/"]}]},{"@type":"BreadcrumbList","@id":"https:\/\/mauweb.tamnguyen.vn\/manhren2\/san-pham\/rem-go-tung-cao-cap\/#breadcrumb","itemListElement":[{"@type":"ListItem","position":1,"name":"Trang ch\u1ee7","item":"https:\/\/mauweb.tamnguyen.vn\/manhren2\/"},{"@type":"ListItem","position":2,"name":"Shop","item":"https:\/\/mauweb.tamnguyen.vn\/manhren2\/shop\/"},{"@type":"ListItem","position":3,"name":"R\u00c8M S\u00c1O G\u1ed6 B\u1ea2N 3,5mm"}]},{"@type":"WebSite","@id":"https:\/\/mauweb.tamnguyen.vn\/manhren2\/#website","url":"https:\/\/mauweb.tamnguyen.vn\/manhren2\/","name":"remhunganh","description":"","potentialAction":[{"@type":"SearchAction","target":{"@type":"EntryPoint","urlTemplate":"https:\/\/mauweb.tamnguyen.vn\/manhren2\/?s={search_term_string}"},"query-input":"required name=search_term_string"}],"inLanguage":"vi"}]}},"_links":{"self":[{"href":"https:\/\/mauweb.tamnguyen.vn\/manhren2\/wp-json\/wp\/v2\/product\/1618"}],"collection":[{"href":"https:\/\/mauweb.tamnguyen.vn\/manhren2\/wp-json\/wp\/v2\/product"}],"about":[{"href":"https:\/\/mauweb.tamnguyen.vn\/manhren2\/wp-json\/wp\/v2\/types\/product"}],"replies":[{"embeddable":true,"href":"https:\/\/mauweb.tamnguyen.vn\/manhren2\/wp-json\/wp\/v2\/comments?post=1618"}],"wp:featuredmedia":[{"embeddable":true,"href":"https:\/\/mauweb.tamnguyen.vn\/manhren2\/wp-json\/wp\/v2\/media\/1612"}],"wp:attachment":[{"href":"https:\/\/mauweb.tamnguyen.vn\/manhren2\/wp-json\/wp\/v2\/media?parent=1618"}],"wp:term":[{"taxonomy":"product_cat","embeddable":true,"href":"https:\/\/mauweb.tamnguyen.vn\/manhren2\/wp-json\/wp\/v2\/product_cat?post=1618"},{"taxonomy":"product_tag","embeddable":true,"href":"https:\/\/mauweb.tamnguyen.vn\/manhren2\/wp-json\/wp\/v2\/product_tag?post=1618"}],"curies":[{"name":"wp","href":"https:\/\/api.w.org\/{rel}","templated":true}]}}