{"id":1592,"date":"2022-04-13T02:18:50","date_gmt":"2022-04-13T02:18:50","guid":{"rendered":"http:\/\/mau3.maudep.com.vn\/webrem\/?post_type=product&#038;p=1592"},"modified":"2022-05-14T04:05:18","modified_gmt":"2022-05-14T04:05:18","slug":"rem-cau-vong-can-nang-60","status":"publish","type":"product","link":"https:\/\/mauweb.tamnguyen.vn\/manhren2\/san-pham\/rem-cau-vong-can-nang-60\/","title":{"rendered":"R\u00c8M C\u1ea6U V\u1ed2NG CAO C\u1ea4P T\u1eea 800K"},"content":{"rendered":"<div class=\"term-description\">\n<p>l\u00e0 lo\u1ea1i r\u00e8m \u0111\u01b0\u1ee3c thi\u1ebft k\u1ebf d\u1ef1a tr\u00ean c\u1ea3m h\u1ee9ng t\u1eeb s\u1ef1 ti\u1ec7n l\u1ee3i c\u1ee7a r\u00e8m cu\u1ed1n v\u00e0 s\u1ef1 m\u1ec1m m\u1ea1i t\u1eeb r\u00e8m roman. R\u00e8m c\u1ea7u v\u1ed3ng g\u1ed3m 2 l\u1edbp v\u1ea3i \u0111\u01b0\u1ee3c d\u1ec7t c\u00e1c kho\u1ea3ng v\u1ea3i v\u00e0 voan xen k\u1ebd nhau. Khi v\u1eadn h\u00e0nh, c\u00e1c l\u1edbp v\u1ea3i v\u00e0 voan xen k\u1ebd nhau t\u1ea1o ra nh\u1eefng kho\u1ea3ng s\u00e1ng t\u1ed1i \u0111an xen gi\u00fap \u0111i\u1ec1u ti\u1ebft l\u01b0\u1ee3ng \u00e1nh s\u00e1ng v\u00e0o ph\u00f2ng theo m\u1ed9t c\u00e1ch tinh t\u1ebf.<\/p>\n<p>M\u1ed9t s\u1ed1 n\u1ed9i b\u1eadt v\u00e0 \u01b0u \u0111i\u1ec3m ch\u00ednh:<\/p>\n<div dir=\"auto\">+R\u00e8m \u0111\u1ebfn t\u1eeb H\u00e0n Qu\u1ed1c.<\/div>\n<div dir=\"auto\"><span class=\"pq6dq46d tbxw36s4 knj5qynh kvgmc6g5 ditlmg2l oygrvhab nvdbi5me sf5mxxl7 gl3lb2sf hhz5lgdu\">+<\/span>\u00a0H\u1ec7 k\u00e9o nh\u1eb9-b\u1ec1n khi s\u1eed d\u1ee5ng.<\/div>\n<div dir=\"auto\"><span class=\"pq6dq46d tbxw36s4 knj5qynh kvgmc6g5 ditlmg2l oygrvhab nvdbi5me sf5mxxl7 gl3lb2sf hhz5lgdu\">+<\/span>\u00a0\u0110i\u1ec1u ch\u1ec9nh s\u00e1ng linh ho\u1ea1t.<\/div>\n<div dir=\"auto\"><span class=\"pq6dq46d tbxw36s4 knj5qynh kvgmc6g5 ditlmg2l oygrvhab nvdbi5me sf5mxxl7 gl3lb2sf hhz5lgdu\">+<\/span>\u00a0C\u00f3 th\u1ec3 k\u00e9o h\u1ebft l\u00ean m\u00e1ng cu\u1ed1n-g\u1ecdn g\u00e0ng.<\/div>\n<div dir=\"auto\"><span class=\"pq6dq46d tbxw36s4 knj5qynh kvgmc6g5 ditlmg2l oygrvhab nvdbi5me sf5mxxl7 gl3lb2sf hhz5lgdu\">+<\/span>\u00a0N\u1eb1m l\u1ecdt trong l\u00f2ng c\u1eeda,ti\u1ebft ki\u1ec7m di\u1ec7n t\u00edch.<\/div>\n<div dir=\"auto\"><span class=\"pq6dq46d tbxw36s4 knj5qynh kvgmc6g5 ditlmg2l oygrvhab nvdbi5me sf5mxxl7 gl3lb2sf hhz5lgdu\">+<\/span>\u00a0Ti\u1ebft ki\u1ec7m nhi\u1ec7t n\u0103ng-n\u0103ng l\u01b0\u1ee3ng.<\/div>\n<div dir=\"auto\"><span class=\"pq6dq46d tbxw36s4 knj5qynh kvgmc6g5 ditlmg2l oygrvhab nvdbi5me sf5mxxl7 gl3lb2sf hhz5lgdu\">+<\/span>\u00a0Hi\u1ec7n \u0111\u1ea1i l\u1ecbch s\u1ef1.<\/div>\n<div dir=\"auto\"><span class=\"pq6dq46d tbxw36s4 knj5qynh kvgmc6g5 ditlmg2l oygrvhab nvdbi5me sf5mxxl7 gl3lb2sf hhz5lgdu\">+<\/span>\u00a0Gi\u00e1 th\u00e0nh h\u1ee3p l\u00fd.<\/div>\n<\/div>\n<p class=\"woocommerce-info\">Kh\u00f4ng t\u00ecm th\u1ea5y s\u1ea3n ph\u1ea9m n\u00e0o kh\u1edbp v\u1edbi l\u1ef1a ch\u1ecdn c\u1ee7a b\u1ea1n.<\/p>\n","protected":false},"excerpt":{"rendered":"<p>l\u00e0 lo\u1ea1i r\u00e8m \u0111\u01b0\u1ee3c thi\u1ebft k\u1ebf d\u1ef1a tr\u00ean c\u1ea3m h\u1ee9ng t\u1eeb s\u1ef1 ti\u1ec7n l\u1ee3i c\u1ee7a r\u00e8m cu\u1ed1n v\u00e0 s\u1ef1 m\u1ec1m m\u1ea1i t\u1eeb r\u00e8m roman. R\u00e8m c\u1ea7u v\u1ed3ng g\u1ed3m 2 l\u1edbp v\u1ea3i \u0111\u01b0\u1ee3c d\u1ec7t c\u00e1c kho\u1ea3ng v\u1ea3i v\u00e0 voan xen k\u1ebd nhau. Khi v\u1eadn h\u00e0nh, c\u00e1c l\u1edbp v\u1ea3i v\u00e0 voan xen k\u1ebd nhau t\u1ea1o ra nh\u1eefng [&#8230;]\n","protected":false},"featured_media":1600,"comment_status":"open","ping_status":"closed","template":"","meta":[],"product_cat":[150],"product_tag":[],"class_list":["post-1592","product","type-product","status-publish","has-post-thumbnail","hentry","product_cat-rem-cau-vong"],"acf":[],"yoast_head":"<!-- This site is optimized with the Yoast SEO plugin v19.8 - https:\/\/yoast.com\/wordpress\/plugins\/seo\/ -->\n<title>R\u00c8M C\u1ea6U V\u1ed2NG CAO C\u1ea4P T\u1eea 800K - remhunganh<\/title>\n<meta name=\"robots\" content=\"noindex, follow, max-snippet:-1, max-image-preview:large, max-video-preview:-1\" \/>\n<meta property=\"og:locale\" content=\"vi_VN\" \/>\n<meta property=\"og:type\" content=\"article\" \/>\n<meta property=\"og:title\" content=\"R\u00c8M C\u1ea6U V\u1ed2NG CAO C\u1ea4P T\u1eea 800K - remhunganh\" \/>\n<meta property=\"og:description\" content=\"l\u00e0 lo\u1ea1i r\u00e8m \u0111\u01b0\u1ee3c thi\u1ebft k\u1ebf d\u1ef1a tr\u00ean c\u1ea3m h\u1ee9ng t\u1eeb s\u1ef1 ti\u1ec7n l\u1ee3i c\u1ee7a r\u00e8m cu\u1ed1n v\u00e0 s\u1ef1 m\u1ec1m m\u1ea1i t\u1eeb r\u00e8m roman. R\u00e8m c\u1ea7u v\u1ed3ng g\u1ed3m 2 l\u1edbp v\u1ea3i \u0111\u01b0\u1ee3c d\u1ec7t c\u00e1c kho\u1ea3ng v\u1ea3i v\u00e0 voan xen k\u1ebd nhau. Khi v\u1eadn h\u00e0nh, c\u00e1c l\u1edbp v\u1ea3i v\u00e0 voan xen k\u1ebd nhau t\u1ea1o ra nh\u1eefng [...]\" \/>\n<meta property=\"og:url\" content=\"https:\/\/mauweb.tamnguyen.vn\/manhren2\/san-pham\/rem-cau-vong-can-nang-60\/\" \/>\n<meta property=\"og:site_name\" content=\"remhunganh\" \/>\n<meta property=\"article:modified_time\" content=\"2022-05-14T04:05:18+00:00\" \/>\n<meta property=\"og:image\" content=\"https:\/\/mauweb.tamnguyen.vn\/manhren2\/wp-content\/uploads\/2022\/04\/IMG_6652.jpg\" \/>\n\t<meta property=\"og:image:width\" content=\"1280\" \/>\n\t<meta property=\"og:image:height\" content=\"960\" \/>\n\t<meta property=\"og:image:type\" content=\"image\/jpeg\" \/>\n<meta name=\"twitter:card\" content=\"summary_large_image\" \/>\n<meta name=\"twitter:label1\" content=\"\u01af\u1edbc t\u00ednh th\u1eddi gian \u0111\u1ecdc\" \/>\n\t<meta name=\"twitter:data1\" content=\"1 ph\u00fat\" \/>\n<script type=\"application\/ld+json\" class=\"yoast-schema-graph\">{\"@context\":\"https:\/\/schema.org\",\"@graph\":[{\"@type\":\"WebPage\",\"@id\":\"https:\/\/mauweb.tamnguyen.vn\/manhren2\/san-pham\/rem-cau-vong-can-nang-60\/\",\"url\":\"https:\/\/mauweb.tamnguyen.vn\/manhren2\/san-pham\/rem-cau-vong-can-nang-60\/\",\"name\":\"R\u00c8M C\u1ea6U V\u1ed2NG CAO C\u1ea4P T\u1eea 800K - remhunganh\",\"isPartOf\":{\"@id\":\"https:\/\/mauweb.tamnguyen.vn\/manhren2\/#website\"},\"datePublished\":\"2022-04-13T02:18:50+00:00\",\"dateModified\":\"2022-05-14T04:05:18+00:00\",\"breadcrumb\":{\"@id\":\"https:\/\/mauweb.tamnguyen.vn\/manhren2\/san-pham\/rem-cau-vong-can-nang-60\/#breadcrumb\"},\"inLanguage\":\"vi\",\"potentialAction\":[{\"@type\":\"ReadAction\",\"target\":[\"https:\/\/mauweb.tamnguyen.vn\/manhren2\/san-pham\/rem-cau-vong-can-nang-60\/\"]}]},{\"@type\":\"BreadcrumbList\",\"@id\":\"https:\/\/mauweb.tamnguyen.vn\/manhren2\/san-pham\/rem-cau-vong-can-nang-60\/#breadcrumb\",\"itemListElement\":[{\"@type\":\"ListItem\",\"position\":1,\"name\":\"Trang ch\u1ee7\",\"item\":\"https:\/\/mauweb.tamnguyen.vn\/manhren2\/\"},{\"@type\":\"ListItem\",\"position\":2,\"name\":\"Shop\",\"item\":\"https:\/\/mauweb.tamnguyen.vn\/manhren2\/shop\/\"},{\"@type\":\"ListItem\",\"position\":3,\"name\":\"R\u00c8M C\u1ea6U V\u1ed2NG CAO C\u1ea4P T\u1eea 800K\"}]},{\"@type\":\"WebSite\",\"@id\":\"https:\/\/mauweb.tamnguyen.vn\/manhren2\/#website\",\"url\":\"https:\/\/mauweb.tamnguyen.vn\/manhren2\/\",\"name\":\"remhunganh\",\"description\":\"\",\"potentialAction\":[{\"@type\":\"SearchAction\",\"target\":{\"@type\":\"EntryPoint\",\"urlTemplate\":\"https:\/\/mauweb.tamnguyen.vn\/manhren2\/?s={search_term_string}\"},\"query-input\":\"required name=search_term_string\"}],\"inLanguage\":\"vi\"}]}<\/script>\n<!-- \/ Yoast SEO plugin. -->","yoast_head_json":{"title":"R\u00c8M C\u1ea6U V\u1ed2NG CAO C\u1ea4P T\u1eea 800K - remhunganh","robots":{"index":"noindex","follow":"follow","max-snippet":"max-snippet:-1","max-image-preview":"max-image-preview:large","max-video-preview":"max-video-preview:-1"},"og_locale":"vi_VN","og_type":"article","og_title":"R\u00c8M C\u1ea6U V\u1ed2NG CAO C\u1ea4P T\u1eea 800K - remhunganh","og_description":"l\u00e0 lo\u1ea1i r\u00e8m \u0111\u01b0\u1ee3c thi\u1ebft k\u1ebf d\u1ef1a tr\u00ean c\u1ea3m h\u1ee9ng t\u1eeb s\u1ef1 ti\u1ec7n l\u1ee3i c\u1ee7a r\u00e8m cu\u1ed1n v\u00e0 s\u1ef1 m\u1ec1m m\u1ea1i t\u1eeb r\u00e8m roman. R\u00e8m c\u1ea7u v\u1ed3ng g\u1ed3m 2 l\u1edbp v\u1ea3i \u0111\u01b0\u1ee3c d\u1ec7t c\u00e1c kho\u1ea3ng v\u1ea3i v\u00e0 voan xen k\u1ebd nhau. Khi v\u1eadn h\u00e0nh, c\u00e1c l\u1edbp v\u1ea3i v\u00e0 voan xen k\u1ebd nhau t\u1ea1o ra nh\u1eefng [...]","og_url":"https:\/\/mauweb.tamnguyen.vn\/manhren2\/san-pham\/rem-cau-vong-can-nang-60\/","og_site_name":"remhunganh","article_modified_time":"2022-05-14T04:05:18+00:00","og_image":[{"width":1280,"height":960,"url":"https:\/\/mauweb.tamnguyen.vn\/manhren2\/wp-content\/uploads\/2022\/04\/IMG_6652.jpg","type":"image\/jpeg"}],"twitter_card":"summary_large_image","twitter_misc":{"\u01af\u1edbc t\u00ednh th\u1eddi gian \u0111\u1ecdc":"1 ph\u00fat"},"schema":{"@context":"https:\/\/schema.org","@graph":[{"@type":"WebPage","@id":"https:\/\/mauweb.tamnguyen.vn\/manhren2\/san-pham\/rem-cau-vong-can-nang-60\/","url":"https:\/\/mauweb.tamnguyen.vn\/manhren2\/san-pham\/rem-cau-vong-can-nang-60\/","name":"R\u00c8M C\u1ea6U V\u1ed2NG CAO C\u1ea4P T\u1eea 800K - remhunganh","isPartOf":{"@id":"https:\/\/mauweb.tamnguyen.vn\/manhren2\/#website"},"datePublished":"2022-04-13T02:18:50+00:00","dateModified":"2022-05-14T04:05:18+00:00","breadcrumb":{"@id":"https:\/\/mauweb.tamnguyen.vn\/manhren2\/san-pham\/rem-cau-vong-can-nang-60\/#breadcrumb"},"inLanguage":"vi","potentialAction":[{"@type":"ReadAction","target":["https:\/\/mauweb.tamnguyen.vn\/manhren2\/san-pham\/rem-cau-vong-can-nang-60\/"]}]},{"@type":"BreadcrumbList","@id":"https:\/\/mauweb.tamnguyen.vn\/manhren2\/san-pham\/rem-cau-vong-can-nang-60\/#breadcrumb","itemListElement":[{"@type":"ListItem","position":1,"name":"Trang ch\u1ee7","item":"https:\/\/mauweb.tamnguyen.vn\/manhren2\/"},{"@type":"ListItem","position":2,"name":"Shop","item":"https:\/\/mauweb.tamnguyen.vn\/manhren2\/shop\/"},{"@type":"ListItem","position":3,"name":"R\u00c8M C\u1ea6U V\u1ed2NG CAO C\u1ea4P T\u1eea 800K"}]},{"@type":"WebSite","@id":"https:\/\/mauweb.tamnguyen.vn\/manhren2\/#website","url":"https:\/\/mauweb.tamnguyen.vn\/manhren2\/","name":"remhunganh","description":"","potentialAction":[{"@type":"SearchAction","target":{"@type":"EntryPoint","urlTemplate":"https:\/\/mauweb.tamnguyen.vn\/manhren2\/?s={search_term_string}"},"query-input":"required name=search_term_string"}],"inLanguage":"vi"}]}},"_links":{"self":[{"href":"https:\/\/mauweb.tamnguyen.vn\/manhren2\/wp-json\/wp\/v2\/product\/1592"}],"collection":[{"href":"https:\/\/mauweb.tamnguyen.vn\/manhren2\/wp-json\/wp\/v2\/product"}],"about":[{"href":"https:\/\/mauweb.tamnguyen.vn\/manhren2\/wp-json\/wp\/v2\/types\/product"}],"replies":[{"embeddable":true,"href":"https:\/\/mauweb.tamnguyen.vn\/manhren2\/wp-json\/wp\/v2\/comments?post=1592"}],"wp:featuredmedia":[{"embeddable":true,"href":"https:\/\/mauweb.tamnguyen.vn\/manhren2\/wp-json\/wp\/v2\/media\/1600"}],"wp:attachment":[{"href":"https:\/\/mauweb.tamnguyen.vn\/manhren2\/wp-json\/wp\/v2\/media?parent=1592"}],"wp:term":[{"taxonomy":"product_cat","embeddable":true,"href":"https:\/\/mauweb.tamnguyen.vn\/manhren2\/wp-json\/wp\/v2\/product_cat?post=1592"},{"taxonomy":"product_tag","embeddable":true,"href":"https:\/\/mauweb.tamnguyen.vn\/manhren2\/wp-json\/wp\/v2\/product_tag?post=1592"}],"curies":[{"name":"wp","href":"https:\/\/api.w.org\/{rel}","templated":true}]}}