{"id":1584,"date":"2022-04-13T02:05:09","date_gmt":"2022-04-13T02:05:09","guid":{"rendered":"http:\/\/mau3.maudep.com.vn\/webrem\/?post_type=product&#038;p=1584"},"modified":"2022-05-14T04:04:24","modified_gmt":"2022-05-14T04:04:24","slug":"rem-tho-nhe-van-chim","status":"publish","type":"product","link":"https:\/\/mauweb.tamnguyen.vn\/manhren2\/san-pham\/rem-tho-nhe-van-chim\/","title":{"rendered":"R\u00c8M TH\u00d4 NH\u1eb8 V\u00c2N CH\u00ccM"},"content":{"rendered":"<p>Chi\u1ebfc r\u00e8m c\u1eeda \u0111\u1eb9p k\u1ebft h\u1ee3p ho\u00e0n h\u1ea3o c\u00f9ng \u0111\u1ed3 n\u1ed9i th\u1ea5t c\u00f3 th\u1ec3 \u0111em l\u1ea1i di\u1ec7n m\u1ea1o ho\u00e0n to\u00e0n m\u1edbi cho c\u0103n ph\u00f2ng c\u1ee7a b\u1ea1n. N\u1ebfu b\u1ea1n c\u00f2n ph\u00e2n v\u00e2n v\u1ec1 t\u00e1c d\u1ee5ng c\u1ee7a r\u00e8m c\u1eeda, h\u00e3y theo d\u00f5i b\u00e0i vi\u1ebft sau c\u1ee7a ch\u00fang t\u00f4i \u0111\u1ec3 t\u00ecm hi\u1ec3u v\u1ec1 c\u00e1c \u01b0u \u0111i\u1ec3m c\u1ee7a n\u00f3:<\/p>\n<p>+Ch\u1ee9c n\u0103ng c\u1ea3n \u00e2m thanh- l\u1edbp v\u1ea3i m\u1ec1m c\u00f3 kh\u1ea3 n\u0103ng h\u1ea5p th\u1ee5 ti\u1ebfng \u1ed3n, l\u00e0m cho \u00e2m thanh kh\u00f4ng b\u1ecb ph\u1ea3n x\u1ea1 t\u1ea1i c\u00e1c b\u1ec1 m\u1eb7t c\u1ee9ng nh\u01b0 t\u01b0\u1eddng, s\u00e0n v\u00e0 tr\u1ea7n.<\/p>\n<p>+C\u00e1ch nhi\u1ec7t t\u1ed1t- \u0111i\u1ec1u n\u00e0y gi\u00fap cho nhi\u1ec7t \u0111\u1ed9 trong ph\u00f2ng kh\u00f4ng b\u1ecb l\u1ea1nh v\u00e0o m\u00f9a \u0111\u00f4ng v\u00e0 n\u00f3ng khi mua h\u00e8.<\/p>\n<p>+Ti\u1ebft ki\u1ec7m n\u0103ng l\u01b0\u01a1ng-Do nhu c\u1ea7u s\u1eed d\u1ee5ng \u0111i\u1ec1u h\u00f2a r\u1ea5t cao khi m\u00f9a h\u00e8 n\u00ean vi\u1ec7c nhi\u1ec7t n\u0103ng b\u1ecb tho\u00e1t ra ngo\u00e0i l\u00e0m cho \u0111i\u1ec1u h\u00f2a ch\u1ea1y li\u00ean t\u1ee5c \u0111\u1ec3 c\u00e2n b\u1eb1ng nhi\u1ec7t \u0111\u1ed9.<\/p>\n<p>+Thi\u1ebft k\u1ebf theo kh\u1ed5 c\u1eeda-do c\u1eeda nh\u00e0 b\u1ea1n theo c\u00e1ch thi\u1ebft k\u1ebf ri\u00eang n\u00ean r\u00e8m lu\u00f4n \u0111\u01b0\u1ee3c thi\u1ebft k\u1ebf theo kh\u1ed5 c\u1eeda nh\u1eb1m c\u00e2n \u0111\u1ed1i v\u1edbi c\u1eeda nh\u1ea5t.<\/p>\n<p>+T\u00ednh th\u1ea9m m\u1ef9 cao-nh\u01b0 c\u00e1c b\u1ea1n c\u0169ng nh\u00ecn th\u1ea5y r\u00e8m v\u1ea3i c\u00f3 \u0111\u1ed9 s\u00f3ng \u0111\u1ec1u v\u00e0 \u0111\u1eb9p n\u00ean khi s\u1eed d\u1ee5ng t\u00ednh th\u1ea9m m\u1ef9 m\u00e0 n\u00f3 t\u1ea1o ra lu\u00f4n lu\u00f4n l\u00e0 \u0111\u1eb9p nh\u1ea5t<\/p>\n","protected":false},"excerpt":{"rendered":"<p>Chi\u1ebfc r\u00e8m c\u1eeda \u0111\u1eb9p k\u1ebft h\u1ee3p ho\u00e0n h\u1ea3o c\u00f9ng \u0111\u1ed3 n\u1ed9i th\u1ea5t c\u00f3 th\u1ec3 \u0111em l\u1ea1i di\u1ec7n m\u1ea1o ho\u00e0n to\u00e0n m\u1edbi cho c\u0103n ph\u00f2ng c\u1ee7a b\u1ea1n. N\u1ebfu b\u1ea1n c\u00f2n ph\u00e2n v\u00e2n v\u1ec1 t\u00e1c d\u1ee5ng c\u1ee7a r\u00e8m c\u1eeda, h\u00e3y theo d\u00f5i b\u00e0i vi\u1ebft sau c\u1ee7a ch\u00fang t\u00f4i \u0111\u1ec3 t\u00ecm hi\u1ec3u v\u1ec1 c\u00e1c \u01b0u \u0111i\u1ec3m c\u1ee7a n\u00f3: [&#8230;]\n","protected":false},"featured_media":1585,"comment_status":"open","ping_status":"closed","template":"","meta":[],"product_cat":[149],"product_tag":[],"class_list":["post-1584","product","type-product","status-publish","has-post-thumbnail","hentry","product_cat-rem-vai"],"acf":[],"yoast_head":"<!-- This site is optimized with the Yoast SEO plugin v19.8 - https:\/\/yoast.com\/wordpress\/plugins\/seo\/ -->\n<title>R\u00c8M TH\u00d4 NH\u1eb8 V\u00c2N CH\u00ccM - remhunganh<\/title>\n<meta name=\"description\" content=\"R\u00c8M CAO C\u1ea4P\" \/>\n<meta name=\"robots\" content=\"noindex, follow, max-snippet:-1, max-image-preview:large, max-video-preview:-1\" \/>\n<meta property=\"og:locale\" content=\"vi_VN\" \/>\n<meta property=\"og:type\" content=\"article\" \/>\n<meta property=\"og:title\" content=\"R\u00c8M TH\u00d4 NH\u1eb8 V\u00c2N CH\u00ccM - remhunganh\" \/>\n<meta property=\"og:description\" content=\"R\u00c8M CAO C\u1ea4P\" \/>\n<meta property=\"og:url\" content=\"https:\/\/mauweb.tamnguyen.vn\/manhren2\/san-pham\/rem-tho-nhe-van-chim\/\" \/>\n<meta property=\"og:site_name\" content=\"remhunganh\" \/>\n<meta property=\"article:modified_time\" content=\"2022-05-14T04:04:24+00:00\" \/>\n<meta property=\"og:image\" content=\"https:\/\/mauweb.tamnguyen.vn\/manhren2\/wp-content\/uploads\/2022\/04\/IMG_6165.jpg\" \/>\n\t<meta property=\"og:image:width\" content=\"750\" \/>\n\t<meta property=\"og:image:height\" content=\"558\" \/>\n\t<meta property=\"og:image:type\" content=\"image\/jpeg\" \/>\n<meta name=\"twitter:card\" content=\"summary_large_image\" \/>\n<meta name=\"twitter:label1\" content=\"\u01af\u1edbc t\u00ednh th\u1eddi gian \u0111\u1ecdc\" \/>\n\t<meta name=\"twitter:data1\" content=\"1 ph\u00fat\" \/>\n<script type=\"application\/ld+json\" class=\"yoast-schema-graph\">{\"@context\":\"https:\/\/schema.org\",\"@graph\":[{\"@type\":\"WebPage\",\"@id\":\"https:\/\/mauweb.tamnguyen.vn\/manhren2\/san-pham\/rem-tho-nhe-van-chim\/\",\"url\":\"https:\/\/mauweb.tamnguyen.vn\/manhren2\/san-pham\/rem-tho-nhe-van-chim\/\",\"name\":\"R\u00c8M TH\u00d4 NH\u1eb8 V\u00c2N CH\u00ccM - remhunganh\",\"isPartOf\":{\"@id\":\"https:\/\/mauweb.tamnguyen.vn\/manhren2\/#website\"},\"datePublished\":\"2022-04-13T02:05:09+00:00\",\"dateModified\":\"2022-05-14T04:04:24+00:00\",\"description\":\"R\u00c8M CAO C\u1ea4P\",\"breadcrumb\":{\"@id\":\"https:\/\/mauweb.tamnguyen.vn\/manhren2\/san-pham\/rem-tho-nhe-van-chim\/#breadcrumb\"},\"inLanguage\":\"vi\",\"potentialAction\":[{\"@type\":\"ReadAction\",\"target\":[\"https:\/\/mauweb.tamnguyen.vn\/manhren2\/san-pham\/rem-tho-nhe-van-chim\/\"]}]},{\"@type\":\"BreadcrumbList\",\"@id\":\"https:\/\/mauweb.tamnguyen.vn\/manhren2\/san-pham\/rem-tho-nhe-van-chim\/#breadcrumb\",\"itemListElement\":[{\"@type\":\"ListItem\",\"position\":1,\"name\":\"Trang ch\u1ee7\",\"item\":\"https:\/\/mauweb.tamnguyen.vn\/manhren2\/\"},{\"@type\":\"ListItem\",\"position\":2,\"name\":\"Shop\",\"item\":\"https:\/\/mauweb.tamnguyen.vn\/manhren2\/shop\/\"},{\"@type\":\"ListItem\",\"position\":3,\"name\":\"R\u00c8M TH\u00d4 NH\u1eb8 V\u00c2N CH\u00ccM\"}]},{\"@type\":\"WebSite\",\"@id\":\"https:\/\/mauweb.tamnguyen.vn\/manhren2\/#website\",\"url\":\"https:\/\/mauweb.tamnguyen.vn\/manhren2\/\",\"name\":\"remhunganh\",\"description\":\"\",\"potentialAction\":[{\"@type\":\"SearchAction\",\"target\":{\"@type\":\"EntryPoint\",\"urlTemplate\":\"https:\/\/mauweb.tamnguyen.vn\/manhren2\/?s={search_term_string}\"},\"query-input\":\"required name=search_term_string\"}],\"inLanguage\":\"vi\"}]}<\/script>\n<!-- \/ Yoast SEO plugin. -->","yoast_head_json":{"title":"R\u00c8M TH\u00d4 NH\u1eb8 V\u00c2N CH\u00ccM - remhunganh","description":"R\u00c8M CAO C\u1ea4P","robots":{"index":"noindex","follow":"follow","max-snippet":"max-snippet:-1","max-image-preview":"max-image-preview:large","max-video-preview":"max-video-preview:-1"},"og_locale":"vi_VN","og_type":"article","og_title":"R\u00c8M TH\u00d4 NH\u1eb8 V\u00c2N CH\u00ccM - remhunganh","og_description":"R\u00c8M CAO C\u1ea4P","og_url":"https:\/\/mauweb.tamnguyen.vn\/manhren2\/san-pham\/rem-tho-nhe-van-chim\/","og_site_name":"remhunganh","article_modified_time":"2022-05-14T04:04:24+00:00","og_image":[{"width":750,"height":558,"url":"https:\/\/mauweb.tamnguyen.vn\/manhren2\/wp-content\/uploads\/2022\/04\/IMG_6165.jpg","type":"image\/jpeg"}],"twitter_card":"summary_large_image","twitter_misc":{"\u01af\u1edbc t\u00ednh th\u1eddi gian \u0111\u1ecdc":"1 ph\u00fat"},"schema":{"@context":"https:\/\/schema.org","@graph":[{"@type":"WebPage","@id":"https:\/\/mauweb.tamnguyen.vn\/manhren2\/san-pham\/rem-tho-nhe-van-chim\/","url":"https:\/\/mauweb.tamnguyen.vn\/manhren2\/san-pham\/rem-tho-nhe-van-chim\/","name":"R\u00c8M TH\u00d4 NH\u1eb8 V\u00c2N CH\u00ccM - remhunganh","isPartOf":{"@id":"https:\/\/mauweb.tamnguyen.vn\/manhren2\/#website"},"datePublished":"2022-04-13T02:05:09+00:00","dateModified":"2022-05-14T04:04:24+00:00","description":"R\u00c8M CAO C\u1ea4P","breadcrumb":{"@id":"https:\/\/mauweb.tamnguyen.vn\/manhren2\/san-pham\/rem-tho-nhe-van-chim\/#breadcrumb"},"inLanguage":"vi","potentialAction":[{"@type":"ReadAction","target":["https:\/\/mauweb.tamnguyen.vn\/manhren2\/san-pham\/rem-tho-nhe-van-chim\/"]}]},{"@type":"BreadcrumbList","@id":"https:\/\/mauweb.tamnguyen.vn\/manhren2\/san-pham\/rem-tho-nhe-van-chim\/#breadcrumb","itemListElement":[{"@type":"ListItem","position":1,"name":"Trang ch\u1ee7","item":"https:\/\/mauweb.tamnguyen.vn\/manhren2\/"},{"@type":"ListItem","position":2,"name":"Shop","item":"https:\/\/mauweb.tamnguyen.vn\/manhren2\/shop\/"},{"@type":"ListItem","position":3,"name":"R\u00c8M TH\u00d4 NH\u1eb8 V\u00c2N CH\u00ccM"}]},{"@type":"WebSite","@id":"https:\/\/mauweb.tamnguyen.vn\/manhren2\/#website","url":"https:\/\/mauweb.tamnguyen.vn\/manhren2\/","name":"remhunganh","description":"","potentialAction":[{"@type":"SearchAction","target":{"@type":"EntryPoint","urlTemplate":"https:\/\/mauweb.tamnguyen.vn\/manhren2\/?s={search_term_string}"},"query-input":"required name=search_term_string"}],"inLanguage":"vi"}]}},"_links":{"self":[{"href":"https:\/\/mauweb.tamnguyen.vn\/manhren2\/wp-json\/wp\/v2\/product\/1584"}],"collection":[{"href":"https:\/\/mauweb.tamnguyen.vn\/manhren2\/wp-json\/wp\/v2\/product"}],"about":[{"href":"https:\/\/mauweb.tamnguyen.vn\/manhren2\/wp-json\/wp\/v2\/types\/product"}],"replies":[{"embeddable":true,"href":"https:\/\/mauweb.tamnguyen.vn\/manhren2\/wp-json\/wp\/v2\/comments?post=1584"}],"wp:featuredmedia":[{"embeddable":true,"href":"https:\/\/mauweb.tamnguyen.vn\/manhren2\/wp-json\/wp\/v2\/media\/1585"}],"wp:attachment":[{"href":"https:\/\/mauweb.tamnguyen.vn\/manhren2\/wp-json\/wp\/v2\/media?parent=1584"}],"wp:term":[{"taxonomy":"product_cat","embeddable":true,"href":"https:\/\/mauweb.tamnguyen.vn\/manhren2\/wp-json\/wp\/v2\/product_cat?post=1584"},{"taxonomy":"product_tag","embeddable":true,"href":"https:\/\/mauweb.tamnguyen.vn\/manhren2\/wp-json\/wp\/v2\/product_tag?post=1584"}],"curies":[{"name":"wp","href":"https:\/\/api.w.org\/{rel}","templated":true}]}}