{"id":1578,"date":"2022-04-12T14:48:20","date_gmt":"2022-04-12T14:48:20","guid":{"rendered":"http:\/\/mau3.maudep.com.vn\/webrem\/?post_type=product&#038;p=1578"},"modified":"2022-05-14T04:03:12","modified_gmt":"2022-05-14T04:03:12","slug":"rem-yem-nghe-thuat","status":"publish","type":"product","link":"https:\/\/mauweb.tamnguyen.vn\/manhren2\/san-pham\/rem-yem-nghe-thuat\/","title":{"rendered":"R\u00c8M Y\u1ebeM NGH\u1ec6 THU\u1eacT"},"content":{"rendered":"<div dir=\"auto\">R\u00e8m y\u1ebfm ngh\u1ec7 th\u1eadt l\u00e0 m\u1ed9t l\u1ef1a ch\u1ecdn ho\u00e0n h\u1ea3o cho s\u1ef1 th\u1ea9m m\u1ef9 v\u00e0 tinh t\u1ebf cao.R\u00e8m r\u1ea5t th\u00edch h\u1ee3p v\u1edbi c\u00e1c ng\u00f4i nh\u00e0 mang phong c\u00e1ch t\u00e2n c\u1ed5 \u0111i\u1ec3n v\u00e0 c\u00e1c kh\u00f4ng gian l\u00e3ng m\u1ea1n.<\/div>\n<div dir=\"auto\">Chung t\u00f4i lu\u00f4n t\u1ef1 tin khi l\u00e0 m\u1ed9t \u0111\u01a1n v\u1ecb \u0111\u00e3 c\u00f3 nhi\u1ec1u kinh nghi\u1ec7m thi c\u00f4ng v\u00e0 l\u1eafp \u0111\u1eb7t h\u00e0ng 1000+ c\u00f4ng tr\u00ecnh l\u1edbn nh\u1ecf \u0111\u1ec3 cho b\u1ea1n s\u1ef1 h\u00e0i l\u00f2ng nh\u1ea5t.<\/div>\n","protected":false},"excerpt":{"rendered":"<p>R\u00e8m y\u1ebfm ngh\u1ec7 th\u1eadt l\u00e0 m\u1ed9t l\u1ef1a ch\u1ecdn ho\u00e0n h\u1ea3o cho s\u1ef1 th\u1ea9m m\u1ef9 v\u00e0 tinh t\u1ebf cao.R\u00e8m r\u1ea5t th\u00edch h\u1ee3p v\u1edbi c\u00e1c ng\u00f4i nh\u00e0 mang phong c\u00e1ch t\u00e2n c\u1ed5 \u0111i\u1ec3n v\u00e0 c\u00e1c kh\u00f4ng gian l\u00e3ng m\u1ea1n. Chung t\u00f4i lu\u00f4n t\u1ef1 tin khi l\u00e0 m\u1ed9t \u0111\u01a1n v\u1ecb \u0111\u00e3 c\u00f3 nhi\u1ec1u kinh nghi\u1ec7m thi c\u00f4ng v\u00e0 [&#8230;]\n","protected":false},"featured_media":1492,"comment_status":"open","ping_status":"closed","template":"","meta":[],"product_cat":[15,149],"product_tag":[164],"class_list":["post-1578","product","type-product","status-publish","has-post-thumbnail","hentry","product_cat-san-pham","product_cat-rem-vai","product_tag-lien-he"],"acf":[],"yoast_head":"<!-- This site is optimized with the Yoast SEO plugin v19.8 - https:\/\/yoast.com\/wordpress\/plugins\/seo\/ -->\n<title>R\u00c8M Y\u1ebeM NGH\u1ec6 THU\u1eacT - remhunganh<\/title>\n<meta name=\"description\" content=\"R\u00c8M CAO C\u1ea4P\" \/>\n<meta name=\"robots\" content=\"noindex, follow, max-snippet:-1, max-image-preview:large, max-video-preview:-1\" \/>\n<meta property=\"og:locale\" content=\"vi_VN\" \/>\n<meta property=\"og:type\" content=\"article\" \/>\n<meta property=\"og:title\" content=\"R\u00c8M Y\u1ebeM NGH\u1ec6 THU\u1eacT - remhunganh\" \/>\n<meta property=\"og:description\" content=\"R\u00c8M CAO C\u1ea4P\" \/>\n<meta property=\"og:url\" content=\"https:\/\/mauweb.tamnguyen.vn\/manhren2\/san-pham\/rem-yem-nghe-thuat\/\" \/>\n<meta property=\"og:site_name\" content=\"remhunganh\" \/>\n<meta property=\"article:modified_time\" content=\"2022-05-14T04:03:12+00:00\" \/>\n<meta property=\"og:image\" content=\"https:\/\/mauweb.tamnguyen.vn\/manhren2\/wp-content\/uploads\/2022\/04\/sp4.jpg\" \/>\n\t<meta property=\"og:image:width\" content=\"736\" \/>\n\t<meta property=\"og:image:height\" content=\"736\" \/>\n\t<meta property=\"og:image:type\" content=\"image\/jpeg\" \/>\n<meta name=\"twitter:card\" content=\"summary_large_image\" \/>\n<meta name=\"twitter:label1\" content=\"\u01af\u1edbc t\u00ednh th\u1eddi gian \u0111\u1ecdc\" \/>\n\t<meta name=\"twitter:data1\" content=\"1 ph\u00fat\" \/>\n<script type=\"application\/ld+json\" class=\"yoast-schema-graph\">{\"@context\":\"https:\/\/schema.org\",\"@graph\":[{\"@type\":\"WebPage\",\"@id\":\"https:\/\/mauweb.tamnguyen.vn\/manhren2\/san-pham\/rem-yem-nghe-thuat\/\",\"url\":\"https:\/\/mauweb.tamnguyen.vn\/manhren2\/san-pham\/rem-yem-nghe-thuat\/\",\"name\":\"R\u00c8M Y\u1ebeM NGH\u1ec6 THU\u1eacT - remhunganh\",\"isPartOf\":{\"@id\":\"https:\/\/mauweb.tamnguyen.vn\/manhren2\/#website\"},\"datePublished\":\"2022-04-12T14:48:20+00:00\",\"dateModified\":\"2022-05-14T04:03:12+00:00\",\"description\":\"R\u00c8M CAO C\u1ea4P\",\"breadcrumb\":{\"@id\":\"https:\/\/mauweb.tamnguyen.vn\/manhren2\/san-pham\/rem-yem-nghe-thuat\/#breadcrumb\"},\"inLanguage\":\"vi\",\"potentialAction\":[{\"@type\":\"ReadAction\",\"target\":[\"https:\/\/mauweb.tamnguyen.vn\/manhren2\/san-pham\/rem-yem-nghe-thuat\/\"]}]},{\"@type\":\"BreadcrumbList\",\"@id\":\"https:\/\/mauweb.tamnguyen.vn\/manhren2\/san-pham\/rem-yem-nghe-thuat\/#breadcrumb\",\"itemListElement\":[{\"@type\":\"ListItem\",\"position\":1,\"name\":\"Trang ch\u1ee7\",\"item\":\"https:\/\/mauweb.tamnguyen.vn\/manhren2\/\"},{\"@type\":\"ListItem\",\"position\":2,\"name\":\"Shop\",\"item\":\"https:\/\/mauweb.tamnguyen.vn\/manhren2\/shop\/\"},{\"@type\":\"ListItem\",\"position\":3,\"name\":\"R\u00c8M Y\u1ebeM NGH\u1ec6 THU\u1eacT\"}]},{\"@type\":\"WebSite\",\"@id\":\"https:\/\/mauweb.tamnguyen.vn\/manhren2\/#website\",\"url\":\"https:\/\/mauweb.tamnguyen.vn\/manhren2\/\",\"name\":\"remhunganh\",\"description\":\"\",\"potentialAction\":[{\"@type\":\"SearchAction\",\"target\":{\"@type\":\"EntryPoint\",\"urlTemplate\":\"https:\/\/mauweb.tamnguyen.vn\/manhren2\/?s={search_term_string}\"},\"query-input\":\"required name=search_term_string\"}],\"inLanguage\":\"vi\"}]}<\/script>\n<!-- \/ Yoast SEO plugin. -->","yoast_head_json":{"title":"R\u00c8M Y\u1ebeM NGH\u1ec6 THU\u1eacT - remhunganh","description":"R\u00c8M CAO C\u1ea4P","robots":{"index":"noindex","follow":"follow","max-snippet":"max-snippet:-1","max-image-preview":"max-image-preview:large","max-video-preview":"max-video-preview:-1"},"og_locale":"vi_VN","og_type":"article","og_title":"R\u00c8M Y\u1ebeM NGH\u1ec6 THU\u1eacT - remhunganh","og_description":"R\u00c8M CAO C\u1ea4P","og_url":"https:\/\/mauweb.tamnguyen.vn\/manhren2\/san-pham\/rem-yem-nghe-thuat\/","og_site_name":"remhunganh","article_modified_time":"2022-05-14T04:03:12+00:00","og_image":[{"width":736,"height":736,"url":"https:\/\/mauweb.tamnguyen.vn\/manhren2\/wp-content\/uploads\/2022\/04\/sp4.jpg","type":"image\/jpeg"}],"twitter_card":"summary_large_image","twitter_misc":{"\u01af\u1edbc t\u00ednh th\u1eddi gian \u0111\u1ecdc":"1 ph\u00fat"},"schema":{"@context":"https:\/\/schema.org","@graph":[{"@type":"WebPage","@id":"https:\/\/mauweb.tamnguyen.vn\/manhren2\/san-pham\/rem-yem-nghe-thuat\/","url":"https:\/\/mauweb.tamnguyen.vn\/manhren2\/san-pham\/rem-yem-nghe-thuat\/","name":"R\u00c8M Y\u1ebeM NGH\u1ec6 THU\u1eacT - remhunganh","isPartOf":{"@id":"https:\/\/mauweb.tamnguyen.vn\/manhren2\/#website"},"datePublished":"2022-04-12T14:48:20+00:00","dateModified":"2022-05-14T04:03:12+00:00","description":"R\u00c8M CAO C\u1ea4P","breadcrumb":{"@id":"https:\/\/mauweb.tamnguyen.vn\/manhren2\/san-pham\/rem-yem-nghe-thuat\/#breadcrumb"},"inLanguage":"vi","potentialAction":[{"@type":"ReadAction","target":["https:\/\/mauweb.tamnguyen.vn\/manhren2\/san-pham\/rem-yem-nghe-thuat\/"]}]},{"@type":"BreadcrumbList","@id":"https:\/\/mauweb.tamnguyen.vn\/manhren2\/san-pham\/rem-yem-nghe-thuat\/#breadcrumb","itemListElement":[{"@type":"ListItem","position":1,"name":"Trang ch\u1ee7","item":"https:\/\/mauweb.tamnguyen.vn\/manhren2\/"},{"@type":"ListItem","position":2,"name":"Shop","item":"https:\/\/mauweb.tamnguyen.vn\/manhren2\/shop\/"},{"@type":"ListItem","position":3,"name":"R\u00c8M Y\u1ebeM NGH\u1ec6 THU\u1eacT"}]},{"@type":"WebSite","@id":"https:\/\/mauweb.tamnguyen.vn\/manhren2\/#website","url":"https:\/\/mauweb.tamnguyen.vn\/manhren2\/","name":"remhunganh","description":"","potentialAction":[{"@type":"SearchAction","target":{"@type":"EntryPoint","urlTemplate":"https:\/\/mauweb.tamnguyen.vn\/manhren2\/?s={search_term_string}"},"query-input":"required name=search_term_string"}],"inLanguage":"vi"}]}},"_links":{"self":[{"href":"https:\/\/mauweb.tamnguyen.vn\/manhren2\/wp-json\/wp\/v2\/product\/1578"}],"collection":[{"href":"https:\/\/mauweb.tamnguyen.vn\/manhren2\/wp-json\/wp\/v2\/product"}],"about":[{"href":"https:\/\/mauweb.tamnguyen.vn\/manhren2\/wp-json\/wp\/v2\/types\/product"}],"replies":[{"embeddable":true,"href":"https:\/\/mauweb.tamnguyen.vn\/manhren2\/wp-json\/wp\/v2\/comments?post=1578"}],"wp:featuredmedia":[{"embeddable":true,"href":"https:\/\/mauweb.tamnguyen.vn\/manhren2\/wp-json\/wp\/v2\/media\/1492"}],"wp:attachment":[{"href":"https:\/\/mauweb.tamnguyen.vn\/manhren2\/wp-json\/wp\/v2\/media?parent=1578"}],"wp:term":[{"taxonomy":"product_cat","embeddable":true,"href":"https:\/\/mauweb.tamnguyen.vn\/manhren2\/wp-json\/wp\/v2\/product_cat?post=1578"},{"taxonomy":"product_tag","embeddable":true,"href":"https:\/\/mauweb.tamnguyen.vn\/manhren2\/wp-json\/wp\/v2\/product_tag?post=1578"}],"curies":[{"name":"wp","href":"https:\/\/api.w.org\/{rel}","templated":true}]}}