{"id":34,"date":"2022-11-25T17:37:00","date_gmt":"2022-11-25T10:37:00","guid":{"rendered":"https:\/\/khotheme.themevivu.net\/?page_id=34"},"modified":"2022-11-26T10:39:01","modified_gmt":"2022-11-26T03:39:01","slug":"thiet-ke-theo-yeu-cau","status":"publish","type":"page","link":"https:\/\/mauweb.tamnguyen.vn\/khotheme\/thiet-ke-theo-yeu-cau\/","title":{"rendered":"Thi\u1ebft k\u1ebf theo y\u00eau c\u1ea7u"},"content":{"rendered":"\t<section class=\"section\" id=\"section_1661753366\">\n\t\t<div class=\"bg section-bg fill bg-fill  bg-loaded\" >\n\n\t\t\t\n\t\t\t\n\t\t\t\n\n\t\t<\/div>\n\n\t\t\n\n\t\t<div class=\"section-content relative\">\n\t\t\t\n<div class=\"row row-collapse\"  id=\"row-1817462307\">\n\n\t<div id=\"col-1635257764\" class=\"col small-12 large-12\"  >\n\t\t\t\t<div class=\"col-inner\"  >\n\t\t\t\n\t\t\t\n<p>N\u1ebfu b\u1ea1n \u0111\u00e3 xem qua nh\u1eefng m\u1eabu giao di\u1ec7n c\u1ee7a ch\u00fang t\u00f4i, y\u00eau th\u00edch phong c\u00e1ch thi\u1ebft k\u1ebf c\u1ee7a ch\u00fang t\u00f4i, nh\u01b0ng v\u1eabn ch\u01b0a c\u00f3 m\u1eabu n\u00e0o th\u1ef1c s\u1ef1 theo \u00fd th\u00edch, v\u1eady h\u00e3y \u0111\u1ebfn v\u1edbi d\u1ecbch v\u1ee5 thi\u1ebft k\u1ebf web theo y\u00eau c\u1ea7u c\u1ee7a ch\u00fang t\u00f4i. Ch\u00fang t\u00f4i tin t\u01b0\u1edfng s\u1ebd l\u00e0m b\u1ea1n h\u00e0i l\u00f2ng !<\/p>\n<h2 style=\"text-align: center;\"><span style=\"font-size: 150%; color: #00aae7;\">B\u1ea2NG GI\u00c1 S\u1eec D\u1ee4NG D\u1ecaCH V\u1ee4 C\u1ee6A NINH B\u00ccNH WEB<\/span><\/h2>\n\t<div id=\"gap-500175495\" class=\"gap-element clearfix\" style=\"display:block; height:auto;\">\n\t\t\n<style>\n#gap-500175495 {\n  padding-top: 30px;\n}\n<\/style>\n\t<\/div>\n\t\n\t\t<\/div>\n\t\t\t\t\t<\/div>\n\n\t\n\n\t<div id=\"col-152473821\" class=\"col medium-3 small-12 large-3\"  >\n\t\t\t\t<div class=\"col-inner\"  >\n\t\t\t\n\t\t\t\n<div class=\"pricing-table-wrapper\">\n  <div class=\"pricing-table ux_price_table text-center box-shadow-3-hover\"style=\"background-color:rgb(255, 248, 242);\">\n    <div class=\"pricing-table-header\">\n      <div class=\"title uppercase strong\">Ch\u1ee9c n\u0103ng<\/div>\n      <div class=\"price is-xxlarge\">500,000\u0111<\/div>\n          <\/div>\n    <div class=\"pricing-table-items items\">\n      \n<ul>\n<li style=\"text-align: left;\">Gi\u00e1 ti\u1ec1n<\/li>\n<li style=\"text-align: left;\">Giao di\u1ec7n Web<\/li>\n<li style=\"text-align: left;\">T\u00ean mi\u1ec1n<\/li>\n<li style=\"text-align: left;\">Dung l\u01b0\u1ee3ng l\u01b0u tr\u1eef<\/li>\n<li style=\"text-align: left;\">B\u0103ng th\u00f4ng<\/li>\n<li style=\"text-align: left;\">Ng\u00f4n ng\u1eef<\/li>\n<li style=\"text-align: left;\">T\u00edch h\u1ee3p Facebook Page<\/li>\n<li style=\"text-align: left;\">T\u00edch h\u1ee3p chat tr\u1ef1c tuy\u1ebfn<\/li>\n<li style=\"text-align: left;\">Qu\u1ea3n l\u00fd \u0111\u01a1n h\u00e0ng<\/li>\n<li style=\"text-align: left;\">In \u0111\u01a1n h\u00e0ng<\/li>\n<li style=\"text-align: left;\">T\u1ea1o m\u00e3 gi\u1ea3m gi\u00e1<\/li>\n<li style=\"text-align: left;\">Chu\u1ea9n Seo<\/li>\n<li style=\"text-align: left;\">Chu\u1ea9n mobile<\/li>\n<li style=\"text-align: left;\">B\u1ea3o h\u00e0nh<\/li>\n<li style=\"text-align: left;\">B\u00e0n giao Source Code<\/li>\n<li style=\"text-align: left;\">H\u1ed7 tr\u1ee3 marketing<\/li>\n<\/ul>\n<a class=\"button secondary\"  style=\"border-radius:99px;\">\n    <span>\u0110\u0103ng k\u00fd ngay<\/span>\n  <\/a>\n\n    <\/div>\n      <\/div>\n<\/div>\n\n\n\t\t<\/div>\n\t\t\t\t\t<\/div>\n\n\t\n\n\t<div id=\"col-1877062126\" class=\"col medium-3 small-12 large-3\"  >\n\t\t\t\t<div class=\"col-inner\" style=\"background-color:rgb(255, 236, 236);\" >\n\t\t\t\n\t\t\t\n<div class=\"pricing-table-wrapper\">\n  <div class=\"pricing-table ux_price_table text-center box-shadow-3-hover\"style=\"background-color:rgb(255, 240, 240);\">\n    <div class=\"pricing-table-header\">\n      <div class=\"title uppercase strong\">N\u00e2ng cao<\/div>\n      <div class=\"price is-xxlarge\">5,000,000\u0111<\/div>\n          <\/div>\n    <div class=\"pricing-table-items items\">\n      \n<ul>\n<li style=\"text-align: left;\">Gi\u00e1 ti\u1ec1n<\/li>\n<li style=\"text-align: left;\">Giao di\u1ec7n Web<\/li>\n<li style=\"text-align: left;\">T\u00ean mi\u1ec1n<\/li>\n<li style=\"text-align: left;\">Dung l\u01b0\u1ee3ng l\u01b0u tr\u1eef<\/li>\n<li style=\"text-align: left;\">B\u0103ng th\u00f4ng<\/li>\n<li style=\"text-align: left;\">Ng\u00f4n ng\u1eef<\/li>\n<li style=\"text-align: left;\">T\u00edch h\u1ee3p Facebook Page<\/li>\n<li style=\"text-align: left;\">T\u00edch h\u1ee3p chat tr\u1ef1c tuy\u1ebfn<\/li>\n<li style=\"text-align: left;\">Qu\u1ea3n l\u00fd \u0111\u01a1n h\u00e0ng<\/li>\n<li style=\"text-align: left;\">In \u0111\u01a1n h\u00e0ng<\/li>\n<li><i class=\"fas fa-circle-check\"><\/i><\/li>\n<li><i class=\"fas fa-circle-check\"><\/i><\/li>\n<li><i class=\"fas fa-circle-check\"><\/i><\/li>\n<li><i class=\"fas fa-circle-check\"><\/i><\/li>\n<li><i class=\"fas fa-circle-check\"><\/i><\/li>\n<li><i class=\"fas fa-circle-check\"><\/i><\/li>\n<\/ul>\n<a class=\"button primary\"  style=\"border-radius:99px;\">\n    <span>\u0110\u0103ng k\u00fd ngay<\/span>\n  <\/a>\n\n    <\/div>\n      <\/div>\n<\/div>\n\n\n\t\t<\/div>\n\t\t\t\t\t<\/div>\n\n\t\n\n\t<div id=\"col-923690644\" class=\"col medium-3 small-12 large-3\"  >\n\t\t\t\t<div class=\"col-inner\" style=\"background-color:rgb(255, 236, 236);\" >\n\t\t\t\n\t\t\t\n<div class=\"pricing-table-wrapper\">\n  <div class=\"pricing-table ux_price_table text-center box-shadow-3-hover\"style=\"background-color:rgb(240, 255, 247);\">\n    <div class=\"pricing-table-header\">\n      <div class=\"title uppercase strong\">Super vip<\/div>\n      <div class=\"price is-xxlarge\">10,000,000\u0111<\/div>\n          <\/div>\n    <div class=\"pricing-table-items items\">\n      \n<ul>\n<li style=\"text-align: left;\">Gi\u00e1 ti\u1ec1n<\/li>\n<li style=\"text-align: left;\">Giao di\u1ec7n Web<\/li>\n<li style=\"text-align: left;\">T\u00ean mi\u1ec1n<\/li>\n<li style=\"text-align: left;\">Dung l\u01b0\u1ee3ng l\u01b0u tr\u1eef<\/li>\n<li style=\"text-align: left;\">B\u0103ng th\u00f4ng<\/li>\n<li style=\"text-align: left;\">Ng\u00f4n ng\u1eef<\/li>\n<li style=\"text-align: left;\">T\u00edch h\u1ee3p Facebook Page<\/li>\n<li style=\"text-align: left;\">T\u00edch h\u1ee3p chat tr\u1ef1c tuy\u1ebfn<\/li>\n<li style=\"text-align: left;\">Qu\u1ea3n l\u00fd \u0111\u01a1n h\u00e0ng<\/li>\n<li style=\"text-align: left;\">In \u0111\u01a1n h\u00e0ng<\/li>\n<li><i class=\"fas fa-circle-check\"><\/i><\/li>\n<li><i class=\"fas fa-circle-check\"><\/i><\/li>\n<li><i class=\"fas fa-circle-check\"><\/i><\/li>\n<li><i class=\"fas fa-circle-check\"><\/i><\/li>\n<li><i class=\"fas fa-circle-check\"><\/i><\/li>\n<li><i class=\"fas fa-circle-check\"><\/i><\/li>\n<\/ul>\n<a class=\"button secondary\"  style=\"border-radius:99px;\">\n    <span>\u0110\u0103ng k\u00fd ngay<\/span>\n  <\/a>\n\n    <\/div>\n      <\/div>\n<\/div>\n\n\n\t\t<\/div>\n\t\t\t\t\t<\/div>\n\n\t\n\n\t<div id=\"col-1725094232\" class=\"col medium-3 small-12 large-3\"  >\n\t\t\t\t<div class=\"col-inner\" style=\"background-color:rgb(242, 122, 15);\" >\n\t\t\t\n\t\t\t\n<div class=\"pricing-table-wrapper\">\n  <div class=\"pricing-table ux_price_table text-center box-shadow-3-hover\"style=\"background-color:rgb(247, 242, 255);\">\n    <div class=\"pricing-table-header\">\n      <div class=\"title uppercase strong\">chuy\u00ean nghi\u1ec7p<\/div>\n      <div class=\"price is-xxlarge\">15,000,000\u0111<\/div>\n          <\/div>\n    <div class=\"pricing-table-items items\">\n      \n<ul>\n<li style=\"text-align: left;\">Gi\u00e1 ti\u1ec1n<\/li>\n<li style=\"text-align: left;\">Giao di\u1ec7n Web<\/li>\n<li style=\"text-align: left;\">T\u00ean mi\u1ec1n<\/li>\n<li style=\"text-align: left;\">Dung l\u01b0\u1ee3ng l\u01b0u tr\u1eef<\/li>\n<li style=\"text-align: left;\">B\u0103ng th\u00f4ng<\/li>\n<li style=\"text-align: left;\">Ng\u00f4n ng\u1eef<\/li>\n<li style=\"text-align: left;\">T\u00edch h\u1ee3p Facebook Page<\/li>\n<li style=\"text-align: left;\">T\u00edch h\u1ee3p chat tr\u1ef1c tuy\u1ebfn<\/li>\n<li style=\"text-align: left;\">Qu\u1ea3n l\u00fd \u0111\u01a1n h\u00e0ng<\/li>\n<li style=\"text-align: left;\">In \u0111\u01a1n h\u00e0ng<\/li>\n<li><i class=\"fas fa-circle-check\"><\/i><\/li>\n<li><i class=\"fas fa-circle-check\"><\/i><\/li>\n<li><i class=\"fas fa-circle-check\"><\/i><\/li>\n<li><i class=\"fas fa-circle-check\"><\/i><\/li>\n<li><i class=\"fas fa-circle-check\"><\/i><\/li>\n<li><i class=\"fas fa-circle-check\"><\/i><\/li>\n<\/ul>\n<a class=\"button primary\"  style=\"border-radius:99px;\">\n    <span>\u0110\u0103ng k\u00fd ngay<\/span>\n  <\/a>\n\n    <\/div>\n      <\/div>\n<\/div>\n\n\n\t\t<\/div>\n\t\t\t\t\t<\/div>\n\n\t\n<\/div>\n\t\t<\/div>\n\n\t\t\n<style>\n#section_1661753366 {\n  padding-top: 30px;\n  padding-bottom: 30px;\n}\n#section_1661753366 .ux-shape-divider--top svg {\n  height: 150px;\n  --divider-top-width: 100%;\n}\n#section_1661753366 .ux-shape-divider--bottom svg {\n  height: 150px;\n  --divider-width: 100%;\n}\n<\/style>\n\t<\/section>\n\t\n","protected":false},"excerpt":{"rendered":"","protected":false},"author":1,"featured_media":0,"parent":0,"menu_order":0,"comment_status":"closed","ping_status":"closed","template":"page-blank.php","meta":{"footnotes":""},"class_list":["post-34","page","type-page","status-publish","hentry"],"acf":[],"_links":{"self":[{"href":"https:\/\/mauweb.tamnguyen.vn\/khotheme\/wp-json\/wp\/v2\/pages\/34","targetHints":{"allow":["GET"]}}],"collection":[{"href":"https:\/\/mauweb.tamnguyen.vn\/khotheme\/wp-json\/wp\/v2\/pages"}],"about":[{"href":"https:\/\/mauweb.tamnguyen.vn\/khotheme\/wp-json\/wp\/v2\/types\/page"}],"author":[{"embeddable":true,"href":"https:\/\/mauweb.tamnguyen.vn\/khotheme\/wp-json\/wp\/v2\/users\/1"}],"replies":[{"embeddable":true,"href":"https:\/\/mauweb.tamnguyen.vn\/khotheme\/wp-json\/wp\/v2\/comments?post=34"}],"version-history":[{"count":0,"href":"https:\/\/mauweb.tamnguyen.vn\/khotheme\/wp-json\/wp\/v2\/pages\/34\/revisions"}],"wp:attachment":[{"href":"https:\/\/mauweb.tamnguyen.vn\/khotheme\/wp-json\/wp\/v2\/media?parent=34"}],"curies":[{"name":"wp","href":"https:\/\/api.w.org\/{rel}","templated":true}]}}