{"id":30,"date":"2022-11-25T17:36:46","date_gmt":"2022-11-25T10:36:46","guid":{"rendered":"https:\/\/khotheme.themevivu.net\/?page_id=30"},"modified":"2022-11-26T01:33:53","modified_gmt":"2022-11-25T18:33:53","slug":"thanh-toan","status":"publish","type":"page","link":"https:\/\/mauweb.tamnguyen.vn\/khotheme\/thanh-toan\/","title":{"rendered":"Thanh to\u00e1n"},"content":{"rendered":"<p>Khi mua theme t\u1ea1i Ninh B\u00ecnh Web, Qu\u00fd kh\u00e1ch vui l\u00f2ng thanh to\u00e1n tr\u01b0\u1edbc 100% b\u1eb1ng 1 trong c\u00e1c h\u00ecnh th\u1ee9c sau:<\/p>\n<h2><span style=\"color: #00aae7; font-size: 130%;\">1. Chuy\u1ec3n kho\u1ea3n ng\u00e2n h\u00e0ng<\/span><\/h2>\n\t<div id=\"gap-33135858\" class=\"gap-element clearfix\" style=\"display:block; height:auto;\">\n\t\t\n<style>\n#gap-33135858 {\n  padding-top: 15px;\n}\n<\/style>\n\t<\/div>\n\t\n\n\t\t<div class=\"icon-box featured-box icon-thanh-toan icon-box-left text-left\"  >\n\t\t\t\t\t<div class=\"icon-box-img\" style=\"width: 100px\">\n\t\t\t\t<div class=\"icon\">\n\t\t\t\t\t<div class=\"icon-inner\" >\n\t\t\t\t\t\t<img loading=\"lazy\" decoding=\"async\" width=\"80\" height=\"30\" src=\"https:\/\/mauweb.tamnguyen.vn\/khotheme\/wp-content\/uploads\/2022\/11\/vcb.jpg\" class=\"attachment-medium size-medium\" alt=\"\" \/>\t\t\t\t\t<\/div>\n\t\t\t\t<\/div>\n\t\t\t<\/div>\n\t\t\t\t<div class=\"icon-box-text last-reset\">\n\t\t\t\t\t\t\t\t\t\n<h3><span style=\"color: #00a859;\">Ch\u1ee7 t\u00e0i kho\u1ea3n: L\u00ea V\u0103n Thi\u1ec7n<\/span><\/h3>\n<p>S\u1ed1 t\u00e0i kho\u1ea3n t\u1ea1i Ng\u00e2n h\u00e0ng Vietcombank \u2013 STK: 9e942335743575 \u2013 Chi Nh\u00e1nh Kh\u00e1nh H\u00f2a<\/p>\n\t\t<\/div>\n\t<\/div>\n\t\n\t\n\n\t\t<div class=\"icon-box featured-box icon-thanh-toan icon-box-left text-left\"  >\n\t\t\t\t\t<div class=\"icon-box-img\" style=\"width: 100px\">\n\t\t\t\t<div class=\"icon\">\n\t\t\t\t\t<div class=\"icon-inner\" >\n\t\t\t\t\t\t<img loading=\"lazy\" decoding=\"async\" width=\"80\" height=\"30\" src=\"https:\/\/mauweb.tamnguyen.vn\/khotheme\/wp-content\/uploads\/2022\/11\/tech.jpg\" class=\"attachment-medium size-medium\" alt=\"\" \/>\t\t\t\t\t<\/div>\n\t\t\t\t<\/div>\n\t\t\t<\/div>\n\t\t\t\t<div class=\"icon-box-text last-reset\">\n\t\t\t\t\t\t\t\t\t\n<h3><span style=\"color: #ed1c24;\">Ch\u1ee7 t\u00e0i kho\u1ea3n: L\u00ea V\u0103n Thi\u1ec7n<\/span><\/h3>\n<p>S\u1ed1 t\u00e0i kho\u1ea3n t\u1ea1i Ng\u00e2n h\u00e0ng Vietcombank \u2013 STK: 9e942335743575 \u2013 Chi Nh\u00e1nh Kh\u00e1nh H\u00f2a<\/p>\n\t\t<\/div>\n\t<\/div>\n\t\n\t\n\n\t\t<div class=\"icon-box featured-box icon-thanh-toan icon-box-left text-left\"  >\n\t\t\t\t\t<div class=\"icon-box-img\" style=\"width: 100px\">\n\t\t\t\t<div class=\"icon\">\n\t\t\t\t\t<div class=\"icon-inner\" >\n\t\t\t\t\t\t<img loading=\"lazy\" decoding=\"async\" width=\"80\" height=\"30\" src=\"https:\/\/mauweb.tamnguyen.vn\/khotheme\/wp-content\/uploads\/2022\/11\/mb.png\" class=\"attachment-medium size-medium\" alt=\"\" \/>\t\t\t\t\t<\/div>\n\t\t\t\t<\/div>\n\t\t\t<\/div>\n\t\t\t\t<div class=\"icon-box-text last-reset\">\n\t\t\t\t\t\t\t\t\t\n<h3><span style=\"color: #0000ff;\">Ch\u1ee7 t\u00e0i kho\u1ea3n: L\u00ea V\u0103n Thi\u1ec7n<\/span><\/h3>\n<p>S\u1ed1 t\u00e0i kho\u1ea3n t\u1ea1i Ng\u00e2n h\u00e0ng Vietcombank \u2013 STK: 9e942335743575 \u2013 Chi Nh\u00e1nh Kh\u00e1nh H\u00f2a<\/p>\n\t\t<\/div>\n\t<\/div>\n\t\n\t\n\n\t\t<div class=\"icon-box featured-box icon-thanh-toan icon-box-left text-left\"  >\n\t\t\t\t\t<div class=\"icon-box-img\" style=\"width: 100px\">\n\t\t\t\t<div class=\"icon\">\n\t\t\t\t\t<div class=\"icon-inner\" >\n\t\t\t\t\t\t<img loading=\"lazy\" decoding=\"async\" width=\"80\" height=\"30\" src=\"https:\/\/mauweb.tamnguyen.vn\/khotheme\/wp-content\/uploads\/2022\/11\/momo.jpg\" class=\"attachment-medium size-medium\" alt=\"\" \/>\t\t\t\t\t<\/div>\n\t\t\t\t<\/div>\n\t\t\t<\/div>\n\t\t\t\t<div class=\"icon-box-text last-reset\">\n\t\t\t\t\t\t\t\t\t\n<h3><span style=\"color: #db2aaf;\">Ch\u1ee7 t\u00e0i kho\u1ea3n: L\u00ea V\u0103n Thi\u1ec7n<\/span><\/h3>\n<p>S\u1ed1 t\u00e0i kho\u1ea3n t\u1ea1i Ng\u00e2n h\u00e0ng Vietcombank \u2013 STK: 9e942335743575 \u2013 Chi Nh\u00e1nh Kh\u00e1nh H\u00f2a<\/p>\n\t\t<\/div>\n\t<\/div>\n\t\n\t\n<p>N\u1ed9i dung chuy\u1ec3n ti\u1ec1n: C\u00e1c b\u1ea1n ch\u1ec9 c\u1ea7n chuy\u1ec3n kho\u1ea3n theo c\u00fa ph\u00e1p TKN + M\u00e3 \u0111\u01a1n h\u00e0ng. V\u00ed d\u1ee5: TKN7594<\/p>\n<p>Khi mua theme t\u1ea1i Ninh B\u00ecnh Web, Qu\u00fd kh\u00e1ch vui l\u00f2ng thanh to\u00e1n tr\u01b0\u1edbc 100% b\u1eb1ng 1 trong c\u00e1c h\u00ecnh th\u1ee9c sau:<\/p>\n<h2><span style=\"color: #00aae7; font-size: 130%;\">2. M\u1ed9t s\u1ed1 l\u01b0u \u00fd<\/span><\/h2>\n<p>N\u1ebfu Qu\u00fd kh\u00e1ch ch\u1ecdn thanh to\u00e1n qua chuy\u1ec3n kho\u1ea3n ng\u00e2n h\u00e0ng, g\u1ecdi \u0111i\u1ec7n \u0111\u1ebfn s\u1ed1\u00a0<strong>0123456890<\/strong> k\u00e8m theo th\u00f4ng b\u00e1o t\u00ean ng\u01b0\u1eddi g\u1eedi, ng\u00e2n h\u00e0ng th\u1ef1c hi\u1ec7n chuy\u1ec3n ti\u1ec1n, d\u1ecbch v\u1ee5 \u0111\u0103ng k\u00fd \u0111\u1ec3 ch\u00fang t\u00f4i k\u00edch ho\u1ea1t d\u1ecbch v\u1ee5 cho Qu\u00fd kh\u00e1ch m\u1ed9t c\u00e1ch nhanh ch\u00f3ng.<\/p>\n<p>N\u1ebfu Qu\u00fd kh\u00e1ch ch\u1ecdn thanh to\u00e1n qua chuy\u1ec3n kho\u1ea3n ATM, vui l\u00f2ng scan ho\u1eb7c ch\u1ee5p \u1ea3nh H\u00f3a \u0111\u01a1n c\u1ee7a ATM v\u00e0 g\u1eedi \u0111\u1ebfn h\u1ed9p th\u01b0\u00a0 \u0111\u1ec3 ch\u00fang t\u00f4i k\u00edch ho\u1ea1t d\u1ecbch v\u1ee5 cho Qu\u00fd kh\u00e1ch.<\/p>\n<div class=\"row\"  id=\"row-1271520613\">\n\n\t<div id=\"col-1204599031\" class=\"col small-12 large-12\"  >\n\t\t\t\t<div class=\"col-inner text-center\"  >\n\t\t\t\n\t\t\t\n<h3><span style=\"color: #00aae7; font-size: 130%;\">\u0110\u0102NG K\u00dd NGAY H\u00d4M NAY \u0110\u1ec2 NH\u1eacN KHUY\u1ebeN M\u00c3I 20%<\/span><\/h3>\n<a href=\"#\" target=\"_self\" class=\"button primary lowercase\"  style=\"border-radius:99px;\">\n    <span>\u0110\u0103ng k\u00fd ngay<\/span>\n  <i class=\"icon-angle-right\" aria-hidden=\"true\" ><\/i><\/a>\n\n<a href=\"#\" target=\"_self\" class=\"button secondary lowercase\"  style=\"border-radius:99px;\">\n    <span>Ch\u1ecdn t\u00ean mi\u1ec1n<\/span>\n  <i class=\"icon-plus\" aria-hidden=\"true\" ><\/i><\/a>\n\n\t\t<\/div>\n\t\t\t\t\t<\/div>\n\n\t\n<\/div>\n","protected":false},"excerpt":{"rendered":"<p>Khi mua theme t\u1ea1i Ninh B\u00ecnh Web, Qu\u00fd kh\u00e1ch vui l\u00f2ng thanh to\u00e1n tr\u01b0\u1edbc 100% b\u1eb1ng 1 trong c\u00e1c h\u00ecnh th\u1ee9c sau: 1. Chuy\u1ec3n kho\u1ea3n ng\u00e2n h\u00e0ng N\u1ed9i dung chuy\u1ec3n ti\u1ec1n: C\u00e1c b\u1ea1n ch\u1ec9 c\u1ea7n chuy\u1ec3n kho\u1ea3n theo c\u00fa ph\u00e1p TKN + M\u00e3 \u0111\u01a1n h\u00e0ng. V\u00ed d\u1ee5: TKN7594 Khi mua theme t\u1ea1i Ninh B\u00ecnh Web,&#8230;<\/p>\n","protected":false},"author":1,"featured_media":0,"parent":0,"menu_order":0,"comment_status":"closed","ping_status":"closed","template":"page-right-sidebar.php","meta":{"footnotes":""},"class_list":["post-30","page","type-page","status-publish","hentry"],"acf":[],"_links":{"self":[{"href":"https:\/\/mauweb.tamnguyen.vn\/khotheme\/wp-json\/wp\/v2\/pages\/30","targetHints":{"allow":["GET"]}}],"collection":[{"href":"https:\/\/mauweb.tamnguyen.vn\/khotheme\/wp-json\/wp\/v2\/pages"}],"about":[{"href":"https:\/\/mauweb.tamnguyen.vn\/khotheme\/wp-json\/wp\/v2\/types\/page"}],"author":[{"embeddable":true,"href":"https:\/\/mauweb.tamnguyen.vn\/khotheme\/wp-json\/wp\/v2\/users\/1"}],"replies":[{"embeddable":true,"href":"https:\/\/mauweb.tamnguyen.vn\/khotheme\/wp-json\/wp\/v2\/comments?post=30"}],"version-history":[{"count":0,"href":"https:\/\/mauweb.tamnguyen.vn\/khotheme\/wp-json\/wp\/v2\/pages\/30\/revisions"}],"wp:attachment":[{"href":"https:\/\/mauweb.tamnguyen.vn\/khotheme\/wp-json\/wp\/v2\/media?parent=30"}],"curies":[{"name":"wp","href":"https:\/\/api.w.org\/{rel}","templated":true}]}}