{"id":28,"date":"2022-11-25T17:36:39","date_gmt":"2022-11-25T10:36:39","guid":{"rendered":"https:\/\/khotheme.themevivu.net\/?page_id=28"},"modified":"2022-11-26T09:46:51","modified_gmt":"2022-11-26T02:46:51","slug":"hosting","status":"publish","type":"page","link":"https:\/\/mauweb.tamnguyen.vn\/khotheme\/hosting\/","title":{"rendered":"Hosting"},"content":{"rendered":"\n  <div class=\"banner has-hover\" id=\"banner-1654635599\">\n          <div class=\"banner-inner fill\">\n        <div class=\"banner-bg fill\" >\n            <div class=\"bg fill bg-fill \"><\/div>\n                        <div class=\"overlay\"><\/div>            \n                    <\/div>\n\t\t\n        <div class=\"banner-layers container\">\n            <div class=\"fill banner-link\"><\/div>            \n   <div id=\"text-box-2112950421\" class=\"text-box banner-layer x0 md-x0 lg-x0 y50 md-y50 lg-y50 res-text\">\n                                <div class=\"text-box-content text dark\">\n              \n              <div class=\"text-inner text-left\">\n                  \n<h2 class=\"uppercase\"><strong>HOSTING GI\u00c1 R\u1eba<\/strong><\/h2>\n<h3>Ti\u1ebft ki\u1ec7m chi ph\u00ed t\u1ed1i \u0111a<\/h3>\n<p>V\u1edbi h\u1ec7 th\u1ed1ng \u0111\u01b0\u1ee3c tri\u1ec3n khai nh\u1eb1m t\u1ed1i \u01b0u h\u01a1n cho m\u00e3 ngu\u1ed3n WordPress s\u1eed d\u1ee5ng c\u1ea3 Woocommerce gi\u00fap \u0111em l\u1ea1i hi\u1ec7u su\u1ea5t s\u1eed d\u1ee5ng cao v\u00e0 kh\u1ea3 n\u0103ng ch\u1ecbu t\u1ea3i t\u1ed1t . \u0110\u1ed3ng th\u1eddi h\u1ec7 th\u1ed1ng sao l\u01b0u C\u01a1 s\u1edf d\u1eef li\u1ec7u m\u1ed7i ng\u00e0y lu\u00f4n \u0111\u1ea3m b\u1ea3o d\u1eef li\u1ec7u c\u1ee7a b\u1ea1n \u0111\u01b0\u1ee3c an to\u00e0n nh\u1ea5t trong qu\u00e1 tr\u00ecnh s\u1eed d\u1ee5ng.<\/p>\n<a class=\"button primary\"  >\n    <span>\u0110\u0103ng k\u00fd ngay<\/span>\n  <\/a>\n\n<a href=\"\/mau-giao-dien\/\" target=\"_self\" class=\"button white is-outline\"  >\n    <span>Xem c\u00e1c m\u1eabu web<\/span>\n  <i class=\"icon-angle-right\" aria-hidden=\"true\" ><\/i><\/a>\n\n              <\/div>\n           <\/div>\n                            \n<style>\n#text-box-2112950421 {\n  width: 60%;\n}\n#text-box-2112950421 .text-box-content {\n  font-size: 100%;\n}\n@media (min-width:550px) {\n  #text-box-2112950421 {\n    width: 40%;\n  }\n}\n<\/style>\n    <\/div>\n \n        <\/div>\n      <\/div>\n\n            \n<style>\n#banner-1654635599 {\n  padding-top: 500px;\n}\n#banner-1654635599 .bg.bg-loaded {\n  background-image: url(https:\/\/mauweb.tamnguyen.vn\/khotheme\/wp-content\/uploads\/2022\/11\/Web-server-hosting-1024x454-1-1000x443-1.jpg);\n}\n#banner-1654635599 .overlay {\n  background-color: rgba(0, 4, 11, 0.866);\n}\n#banner-1654635599 .ux-shape-divider--top svg {\n  height: 150px;\n  --divider-top-width: 100%;\n}\n#banner-1654635599 .ux-shape-divider--bottom svg {\n  height: 150px;\n  --divider-width: 100%;\n}\n<\/style>\n  <\/div>\n\n\n\t<section class=\"section bang-gia\" id=\"section_1396887584\">\n\t\t<div class=\"bg section-bg fill bg-fill  bg-loaded\" >\n\n\t\t\t\n\t\t\t\n\t\t\t\n\n\t\t<\/div>\n\n\t\t\n\n\t\t<div class=\"section-content relative\">\n\t\t\t\n<div class=\"row\"  id=\"row-1220573154\">\n\n\t<div id=\"col-1872309168\" class=\"col medium-4 small-12 large-4\"  >\n\t\t\t\t<div class=\"col-inner\"  >\n\t\t\t\n\t\t\t\n<h2>Startup<\/h2>\n<h3>100% SSD Enterprise (th\u00e1ng)<\/h3>\n<h4><span style=\"font-size: 150%;\"><strong>55,000\u0111<\/strong><\/span><\/h4>\n<ul>\n<li>S\u1ed1 l\u01b0\u1ee3ng <strong>01 Web<\/strong><\/li>\n<li>B\u0103ng th\u00f4ng kh\u00f4ng gi\u1edbi h\u1ea1n<\/li>\n<li>Dung l\u01b0\u1ee3ng \u0111\u0129a <strong>1GB<\/strong><\/li>\n<li>Backup <strong>h\u00e0ng tu\u1ea7n<\/strong><\/li>\n<li>Memcached Webserver<\/li>\n<li>Mi\u1ec5n ph\u00ed ch\u1ee9ng ch\u1ec9 SSL<\/li>\n<li>Free Direct admin<\/li>\n<\/ul>\n<a rel=\"noopener noreferrer\" href=\"https:\/\/hostinger.vn\/giuseart\" target=\"_blank\" class=\"button primary\" style=\"border-radius:5px;\">\n    <span>\u0110\u0103ng k\u00fd<\/span>\n  <\/a>\n\n\t\t<\/div>\n\t\t\t\t\t<\/div>\n\n\t\n\n\t<div id=\"col-886821010\" class=\"col medium-4 small-12 large-4\"  >\n\t\t\t\t<div class=\"col-inner\"  >\n\t\t\t\n\t\t\t\n<h2>Semi pro<\/h2>\n<h3>100% SSD Enterprise (th\u00e1ng)<\/h3>\n<h4><span style=\"font-size: 160%;\">85,000\u0111<\/span><\/h4>\n<ul>\n<li>S\u1ed1 l\u01b0\u1ee3ng <strong>02 Web<\/strong><\/li>\n<li>B\u0103ng th\u00f4ng kh\u00f4ng gi\u1edbi h\u1ea1n<\/li>\n<li>Dung l\u01b0\u1ee3ng \u0111\u0129a 3GB<\/li>\n<li>Backup <strong>h\u00e0ng tu\u1ea7n<\/strong><\/li>\n<li>Memcached Webserver<\/li>\n<li>Mi\u1ec5n ph\u00ed ch\u1ee9ng ch\u1ec9 SSL<\/li>\n<li>Free Direct admin<\/li>\n<\/ul>\n<a rel=\"noopener noreferrer\" href=\"https:\/\/hostinger.vn\/giuseart\" target=\"_blank\" class=\"button primary\" style=\"border-radius:5px;\">\n    <span>\u0110\u0103ng k\u00fd<\/span>\n  <\/a>\n\n\t\t<\/div>\n\t\t\t\t\t<\/div>\n\n\t\n\n\t<div id=\"col-1861174112\" class=\"col medium-4 small-12 large-4\"  >\n\t\t\t\t<div class=\"col-inner\"  >\n\t\t\t\n\t\t\t\n<h2>Pro 01<\/h2>\n<h3>100% SSD Enterprise (th\u00e1ng)<\/h3>\n<h4><span style=\"font-size: 160%;\">150,000\u0111<\/span><\/h4>\n<p><span style=\"font-size: 120%;\"><strong><span style=\"color: #ed1c24;\">T\u1eb7ng 01 m\u1eabu theme 700k b\u1ea5t k\u1ef3<\/span><\/strong><\/span><\/p>\n<ul>\n<li>S\u1ed1 l\u01b0\u1ee3ng <strong>05 Web<\/strong><\/li>\n<li>B\u0103ng th\u00f4ng <strong>kh\u00f4ng gi\u1edbi h\u1ea1n<\/strong><\/li>\n<li>Dung l\u01b0\u1ee3ng \u0111\u0129a 6GB<\/li>\n<li>Backup <strong>h\u00e0ng tu\u1ea7n<\/strong><\/li>\n<li>Memcached Webserver<\/li>\n<li>Mi\u1ec5n ph\u00ed ch\u1ee9ng ch\u1ec9 SSL<\/li>\n<li>Free Direct admin<\/li>\n<\/ul>\n<a rel=\"noopener noreferrer\" href=\"https:\/\/hostinger.vn\/giuseart\" target=\"_blank\" class=\"button primary\" style=\"border-radius:5px;\">\n    <span>\u0110\u0103ng k\u00fd<\/span>\n  <\/a>\n\n\t\t<\/div>\n\t\t\t\t\t<\/div>\n\n\t\n\n\t<div id=\"col-1031797734\" class=\"col medium-3 small-12 large-3\"  >\n\t\t\t\t<div class=\"col-inner\"  >\n\t\t\t\n\t\t\t\n<h2>Pro 01<\/h2>\n<h3>100% SSD Enterprise (th\u00e1ng)<\/h3>\n<h4><span style=\"font-size: 160%;\">150,000\u0111<\/span><\/h4>\n<ul>\n<li>S\u1ed1 l\u01b0\u1ee3ng <strong>05 Web<\/strong><\/li>\n<li>B\u0103ng th\u00f4ng <strong>kh\u00f4ng gi\u1edbi h\u1ea1n<\/strong><\/li>\n<li>Dung l\u01b0\u1ee3ng \u0111\u0129a 6GB<\/li>\n<li>Backup <strong>h\u00e0ng tu\u1ea7n<\/strong><\/li>\n<li>Memcached Webserver<\/li>\n<li>Mi\u1ec5n ph\u00ed ch\u1ee9ng ch\u1ec9 SSL<\/li>\n<li>Free Direct admin<\/li>\n<\/ul>\n<a rel=\"noopener noreferrer\" href=\"https:\/\/hostinger.vn\/giuseart\" target=\"_blank\" class=\"button primary\" style=\"border-radius:5px;\">\n    <span>\u0110\u0103ng k\u00fd<\/span>\n  <\/a>\n\n\t\t<\/div>\n\t\t\t\t\t<\/div>\n\n\t\n\n\t<div id=\"col-1608849130\" class=\"col medium-3 small-12 large-3\"  >\n\t\t\t\t<div class=\"col-inner\"  >\n\t\t\t\n\t\t\t\n<h2>Pro 01<\/h2>\n<h3>100% SSD Enterprise (th\u00e1ng)<\/h3>\n<h4><span style=\"font-size: 160%;\">250,000\u0111<\/span><\/h4>\n<ul>\n<li>S\u1ed1 l\u01b0\u1ee3ng <strong>05 Web<\/strong><\/li>\n<li>B\u0103ng th\u00f4ng <strong>kh\u00f4ng gi\u1edbi h\u1ea1n<\/strong><\/li>\n<li>Dung l\u01b0\u1ee3ng \u0111\u0129a 6GB<\/li>\n<li>Backup <strong>h\u00e0ng tu\u1ea7n<\/strong><\/li>\n<li>Memcached Webserver<\/li>\n<li>Mi\u1ec5n ph\u00ed ch\u1ee9ng ch\u1ec9 SSL<\/li>\n<li>Free Direct admin<\/li>\n<\/ul>\n<a rel=\"noopener noreferrer\" href=\"https:\/\/hostinger.vn\/giuseart\" target=\"_blank\" class=\"button primary\" style=\"border-radius:5px;\">\n    <span>\u0110\u0103ng k\u00fd<\/span>\n  <\/a>\n\n\t\t<\/div>\n\t\t\t\t\t<\/div>\n\n\t\n\n\t<div id=\"col-756110869\" class=\"col medium-3 small-12 large-3\"  >\n\t\t\t\t<div class=\"col-inner\"  >\n\t\t\t\n\t\t\t\n<h2>Pro 01<\/h2>\n<h3>100% SSD Enterprise (th\u00e1ng)<\/h3>\n<h4><span style=\"font-size: 160%;\">350,000\u0111<\/span><\/h4>\n<ul>\n<li>S\u1ed1 l\u01b0\u1ee3ng <strong>05 Web<\/strong><\/li>\n<li>B\u0103ng th\u00f4ng <strong>kh\u00f4ng gi\u1edbi h\u1ea1n<\/strong><\/li>\n<li>Dung l\u01b0\u1ee3ng \u0111\u0129a 6GB<\/li>\n<li>Backup <strong>h\u00e0ng tu\u1ea7n<\/strong><\/li>\n<li>Memcached Webserver<\/li>\n<li>Mi\u1ec5n ph\u00ed ch\u1ee9ng ch\u1ec9 SSL<\/li>\n<li>Free Direct admin<\/li>\n<\/ul>\n<a rel=\"noopener noreferrer\" href=\"https:\/\/hostinger.vn\/giuseart\" target=\"_blank\" class=\"button primary\" style=\"border-radius:5px;\">\n    <span>\u0110\u0103ng k\u00fd<\/span>\n  <\/a>\n\n\t\t<\/div>\n\t\t\t\t\t<\/div>\n\n\t\n\n\t<div id=\"col-1556528013\" class=\"col medium-3 small-12 large-3\"  >\n\t\t\t\t<div class=\"col-inner\"  >\n\t\t\t\n\t\t\t\n<h2>Super Vip<\/h2>\n<h3>100% SSD Enterprise (th\u00e1ng)<\/h3>\n<h4><span style=\"font-size: 160%;\">450,000\u0111<\/span><\/h4>\n<ul>\n<li>S\u1ed1 l\u01b0\u1ee3ng <strong>05 Web<\/strong><\/li>\n<li>B\u0103ng th\u00f4ng <strong>kh\u00f4ng gi\u1edbi h\u1ea1n<\/strong><\/li>\n<li>Dung l\u01b0\u1ee3ng \u0111\u0129a 6GB<\/li>\n<li>Backup <strong>h\u00e0ng tu\u1ea7n<\/strong><\/li>\n<li>Memcached Webserver<\/li>\n<li>Mi\u1ec5n ph\u00ed ch\u1ee9ng ch\u1ec9 SSL<\/li>\n<li>Free Direct admin<\/li>\n<\/ul>\n<a rel=\"noopener noreferrer\" href=\"https:\/\/hostinger.vn\/giuseart\" target=\"_blank\" class=\"button primary\" style=\"border-radius:5px;\">\n    <span>\u0110\u0103ng k\u00fd<\/span>\n  <\/a>\n\n\t\t<\/div>\n\t\t\t\t\t<\/div>\n\n\t\n<\/div>\n\t\t<\/div>\n\n\t\t\n<style>\n#section_1396887584 {\n  padding-top: 40px;\n  padding-bottom: 40px;\n}\n#section_1396887584 .ux-shape-divider--top svg {\n  height: 150px;\n  --divider-top-width: 100%;\n}\n#section_1396887584 .ux-shape-divider--bottom svg {\n  height: 150px;\n  --divider-width: 100%;\n}\n<\/style>\n\t<\/section>\n\t\n","protected":false},"excerpt":{"rendered":"","protected":false},"author":1,"featured_media":0,"parent":0,"menu_order":0,"comment_status":"closed","ping_status":"closed","template":"page-blank.php","meta":{"footnotes":""},"class_list":["post-28","page","type-page","status-publish","hentry"],"acf":[],"_links":{"self":[{"href":"https:\/\/mauweb.tamnguyen.vn\/khotheme\/wp-json\/wp\/v2\/pages\/28","targetHints":{"allow":["GET"]}}],"collection":[{"href":"https:\/\/mauweb.tamnguyen.vn\/khotheme\/wp-json\/wp\/v2\/pages"}],"about":[{"href":"https:\/\/mauweb.tamnguyen.vn\/khotheme\/wp-json\/wp\/v2\/types\/page"}],"author":[{"embeddable":true,"href":"https:\/\/mauweb.tamnguyen.vn\/khotheme\/wp-json\/wp\/v2\/users\/1"}],"replies":[{"embeddable":true,"href":"https:\/\/mauweb.tamnguyen.vn\/khotheme\/wp-json\/wp\/v2\/comments?post=28"}],"version-history":[{"count":0,"href":"https:\/\/mauweb.tamnguyen.vn\/khotheme\/wp-json\/wp\/v2\/pages\/28\/revisions"}],"wp:attachment":[{"href":"https:\/\/mauweb.tamnguyen.vn\/khotheme\/wp-json\/wp\/v2\/media?parent=28"}],"curies":[{"name":"wp","href":"https:\/\/api.w.org\/{rel}","templated":true}]}}